{"id":25380,"date":"2021-08-05T14:02:22","date_gmt":"2021-08-05T12:02:22","guid":{"rendered":"https:\/\/lfsportevents.pl\/ligaorlika2023\/?page_id=25380"},"modified":"2023-10-05T22:04:17","modified_gmt":"2023-10-05T20:04:17","slug":"wyroznieni-zawodnicy-4","status":"publish","type":"page","link":"https:\/\/lfsportevents.pl\/ligaorlika2023\/wyroznieni-zawodnicy-4\/","title":{"rendered":"Wyr\u00f3\u017cnieni zawodnicy"},"content":{"rendered":"<h4 class=\"sp-table-caption\">NAJLEPSI STRZELCY &#8211; IiI LIGA<\/h4>\n<table width=\"522\">\n<tbody>\n<tr>\n<td width=\"59\"><strong>Sezon<\/strong><\/td>\n<td width=\"170\"><strong>Imi\u0119 i Nazwisko<\/strong><\/td>\n<td width=\"209\"><strong>Klub<\/strong><\/td>\n<td width=\"84\"><strong>Ilo\u015b\u0107 Goli<\/strong><\/td>\n<\/tr>\n<tr>\n<td width=\"59\"><span style=\"color: #333333;\"><strong>2023<\/strong><\/span><\/td>\n<td style=\"text-align: left;\" width=\"170\"><span class=\"player-photo\" style=\"color: #993300;\"><img loading=\"lazy\" class=\"wp-image-29958 alignleft\" src=\"https:\/\/lfsportevents.pl\/ligaorlika2023\/wp-content\/uploads\/1985\/11\/Konrad-Ciaglo.jpg\" alt=\"\" width=\"25\" height=\"33\" srcset=\"https:\/\/lfsportevents.pl\/ligaorlika2023\/wp-content\/uploads\/1985\/11\/Konrad-Ciaglo.jpg 225w, https:\/\/lfsportevents.pl\/ligaorlika2023\/wp-content\/uploads\/1985\/11\/Konrad-Ciaglo-96x128.jpg 96w, https:\/\/lfsportevents.pl\/ligaorlika2023\/wp-content\/uploads\/1985\/11\/Konrad-Ciaglo-24x32.jpg 24w\" sizes=\"(max-width: 25px) 100vw, 25px\" \/>Konrad Ci\u0105g\u0142o<\/span><\/td>\n<td style=\"text-align: center;\" width=\"209\"><span style=\"color: #000000;\">Instalacje Pietruszka<\/span><\/td>\n<td width=\"84\"><span style=\"color: #000000;\">29<\/span><\/td>\n<\/tr>\n<tr>\n<td width=\"59\"><span style=\"color: #333333;\"><strong>2022<\/strong><\/span><\/td>\n<td style=\"text-align: left;\" width=\"170\"><span class=\"player-photo\" style=\"color: #993300;\"><img loading=\"lazy\" class=\"wp-image-29878 alignleft\" src=\"https:\/\/lfsportevents.pl\/ligaorlika2023\/wp-content\/uploads\/2023\/05\/Szymon-Pogwizd-.jpg\" alt=\"\" width=\"25\" height=\"33\" srcset=\"https:\/\/lfsportevents.pl\/ligaorlika2023\/wp-content\/uploads\/2023\/05\/Szymon-Pogwizd-.jpg 225w, https:\/\/lfsportevents.pl\/ligaorlika2023\/wp-content\/uploads\/2023\/05\/Szymon-Pogwizd--96x128.jpg 96w, https:\/\/lfsportevents.pl\/ligaorlika2023\/wp-content\/uploads\/2023\/05\/Szymon-Pogwizd--24x32.jpg 24w\" sizes=\"(max-width: 25px) 100vw, 25px\" \/>Szymon Pogwizd<\/span><\/td>\n<td style=\"text-align: center;\" width=\"209\"><span style=\"color: #000000;\">Your House<\/span><\/td>\n<td width=\"84\"><span style=\"color: #000000;\">37<\/span><\/td>\n<\/tr>\n<tr>\n<td width=\"59\"><span style=\"color: #333333;\"><strong>2021<\/strong><\/span><\/td>\n<td style=\"text-align: left;\" width=\"170\"><a href=\"https:\/\/lfsportevents.pl\/ligaorlika2023\/player\/krystian-salamon\/\"><span class=\"player-photo\" style=\"color: #993300;\"><img loading=\"lazy\" class=\"attachment-sportspress-fit-icon wp-post-image alignleft\" src=\"https:\/\/lfsportevents.pl\/ligaorlika2023\/wp-content\/uploads\/2005\/06\/Krystian-Salamon-96x128.jpg\" sizes=\"(max-width: 96px) 100vw, 96px\" srcset=\"https:\/\/lfsportevents.pl\/ligaorlika2023\/wp-content\/uploads\/2005\/06\/Krystian-Salamon-96x128.jpg 96w, https:\/\/lfsportevents.pl\/ligaorlika2023\/wp-content\/uploads\/2005\/06\/Krystian-Salamon.jpg 225w, https:\/\/lfsportevents.pl\/ligaorlika2023\/wp-content\/uploads\/2005\/06\/Krystian-Salamon-24x32.jpg 24w\" alt=\"\" width=\"25\" height=\"33\" \/><\/span><\/a><span style=\"color: #993300;\">Krystian Salamon<\/span><\/td>\n<td style=\"text-align: center;\" width=\"209\"><span style=\"color: #000000;\">Dj NovoS Team<\/span><\/td>\n<td width=\"84\"><span style=\"color: #000000;\">36<\/span><\/td>\n<\/tr>\n<tr>\n<td width=\"59\"><strong>2020<\/strong><\/td>\n<td style=\"text-align: left;\" width=\"170\"><a href=\"https:\/\/lfsportevents.pl\/ligaorlika20232020\/player\/artur-przetacznik\/\"><img loading=\"lazy\" class=\"attachment-sportspress-fit-medium wp-post-image alignleft\" src=\"https:\/\/lfsportevents.pl\/ligaorlika20232020\/wp-content\/uploads\/1998\/02\/Artur-Przetacznik.jpg\" sizes=\"(max-width: 225px) 100vw, 225px\" srcset=\"https:\/\/lfsportevents.pl\/ligaorlika20232020\/wp-content\/uploads\/1998\/02\/Artur-Przetacznik.jpg 225w, https:\/\/lfsportevents.pl\/ligaorlika20232020\/wp-content\/uploads\/1998\/02\/Artur-Przetacznik-96x128.jpg 96w, https:\/\/lfsportevents.pl\/ligaorlika20232020\/wp-content\/uploads\/1998\/02\/Artur-Przetacznik-24x32.jpg 24w\" alt=\"\" width=\"25\" height=\"33\" \/><\/a><span style=\"color: #993300;\">Artur Przetacznik<\/span><\/td>\n<td width=\"209\">Galactik Gootball<\/td>\n<td width=\"84\">40<\/td>\n<\/tr>\n<\/tbody>\n<\/table>\n<h4 class=\"sp-table-caption\" style=\"text-align: left;\">NAJLEPSI ASYSTENCI &#8211; IIi LIGA<\/h4>\n<table width=\"522\">\n<tbody>\n<tr>\n<td width=\"59\"><strong>Sezon<\/strong><\/td>\n<td width=\"170\"><strong>Imi\u0119 i Nazwisko<\/strong><\/td>\n<td width=\"209\"><strong>Klub<\/strong><\/td>\n<td width=\"84\"><strong>Ilo\u015b\u0107 Asyst<\/strong><\/td>\n<\/tr>\n<tr>\n<td width=\"59\"><span style=\"color: #333333;\"><strong>2023<\/strong><\/span><\/td>\n<td style=\"text-align: left;\" width=\"170\"><span class=\"player-photo\" style=\"color: #993300;\"><img loading=\"lazy\" class=\"wp-image-29958 alignleft\" src=\"https:\/\/lfsportevents.pl\/ligaorlika2023\/wp-content\/uploads\/1985\/11\/Konrad-Ciaglo.jpg\" alt=\"\" width=\"25\" height=\"33\" srcset=\"https:\/\/lfsportevents.pl\/ligaorlika2023\/wp-content\/uploads\/1985\/11\/Konrad-Ciaglo.jpg 225w, https:\/\/lfsportevents.pl\/ligaorlika2023\/wp-content\/uploads\/1985\/11\/Konrad-Ciaglo-96x128.jpg 96w, https:\/\/lfsportevents.pl\/ligaorlika2023\/wp-content\/uploads\/1985\/11\/Konrad-Ciaglo-24x32.jpg 24w\" sizes=\"(max-width: 25px) 100vw, 25px\" \/>Konrad Ci\u0105g\u0142o<\/span><\/td>\n<td style=\"text-align: center;\" width=\"209\"><span style=\"color: #000000;\">Instalacje Pietruszka<\/span><\/td>\n<td width=\"84\"><span style=\"color: #000000;\">14<\/span><\/td>\n<\/tr>\n<tr>\n<td width=\"59\"><span style=\"color: #333333;\"><strong>2022<\/strong><\/span><\/td>\n<td style=\"text-align: left;\" width=\"170\"><img loading=\"lazy\" class=\"wp-image-27218 alignleft\" src=\"https:\/\/lfsportevents.pl\/ligaorlika2023\/wp-content\/uploads\/1973\/10\/Kacper-Wojtowicz.jpg\" alt=\"\" width=\"25\" height=\"33\" srcset=\"https:\/\/lfsportevents.pl\/ligaorlika2023\/wp-content\/uploads\/1973\/10\/Kacper-Wojtowicz.jpg 225w, https:\/\/lfsportevents.pl\/ligaorlika2023\/wp-content\/uploads\/1973\/10\/Kacper-Wojtowicz-96x128.jpg 96w, https:\/\/lfsportevents.pl\/ligaorlika2023\/wp-content\/uploads\/1973\/10\/Kacper-Wojtowicz-24x32.jpg 24w\" sizes=\"(max-width: 25px) 100vw, 25px\" \/><span style=\"color: #993300;\">Kacper W\u00f3jtowicz<\/span><\/td>\n<td style=\"text-align: center;\" width=\"209\"><span style=\"color: #000000;\">Barska Clinic<\/span><\/td>\n<td width=\"84\"><span style=\"color: #000000;\">17<\/span><\/td>\n<\/tr>\n<tr>\n<td width=\"59\"><span style=\"color: #333333;\"><strong>2021<\/strong><\/span><\/td>\n<td style=\"text-align: left;\" width=\"170\"><a href=\"https:\/\/lfsportevents.pl\/ligaorlika2023\/player\/karol-latka\/\"><span class=\"player-photo\"><img loading=\"lazy\" class=\"attachment-sportspress-fit-icon wp-post-image alignleft\" src=\"https:\/\/lfsportevents.pl\/ligaorlika2023\/wp-content\/uploads\/2005\/06\/Kamil-\u0141atka-96x128.jpg\" sizes=\"(max-width: 96px) 100vw, 96px\" srcset=\"https:\/\/lfsportevents.pl\/ligaorlika2023\/wp-content\/uploads\/2005\/06\/Kamil-\u0141atka-96x128.jpg 96w, https:\/\/lfsportevents.pl\/ligaorlika2023\/wp-content\/uploads\/2005\/06\/Kamil-\u0141atka.jpg 225w, https:\/\/lfsportevents.pl\/ligaorlika2023\/wp-content\/uploads\/2005\/06\/Kamil-\u0141atka-24x32.jpg 24w\" alt=\"\" width=\"25\" height=\"33\" \/><\/span><\/a><span style=\"color: #993300;\">Karol \u0141atka<\/span><\/td>\n<td style=\"text-align: center;\" width=\"209\"><span style=\"color: #000000;\">Dj NovoS Team<\/span><\/td>\n<td width=\"84\"><span style=\"color: #000000;\">17<\/span><\/td>\n<\/tr>\n<tr>\n<td width=\"59\"><strong>2020<\/strong><\/td>\n<td style=\"text-align: left;\" width=\"170\"><a href=\"https:\/\/lfsportevents.pl\/ligaorlika20232020\/player\/artur-przetacznik\/\"><span style=\"color: #993300;\"><img loading=\"lazy\" class=\"attachment-sportspress-fit-medium wp-post-image alignleft\" src=\"https:\/\/lfsportevents.pl\/ligaorlika20232020\/wp-content\/uploads\/1998\/02\/Artur-Przetacznik.jpg\" sizes=\"(max-width: 225px) 100vw, 225px\" srcset=\"https:\/\/lfsportevents.pl\/ligaorlika20232020\/wp-content\/uploads\/1998\/02\/Artur-Przetacznik.jpg 225w, https:\/\/lfsportevents.pl\/ligaorlika20232020\/wp-content\/uploads\/1998\/02\/Artur-Przetacznik-96x128.jpg 96w, https:\/\/lfsportevents.pl\/ligaorlika20232020\/wp-content\/uploads\/1998\/02\/Artur-Przetacznik-24x32.jpg 24w\" alt=\"\" width=\"25\" height=\"33\" \/><\/span><\/a><span style=\"color: #993300;\">Artur Przetacznik<\/span><\/td>\n<td width=\"209\">Galactik Gootball<\/td>\n<td width=\"84\">24<\/td>\n<\/tr>\n<\/tbody>\n<\/table>\n<h4 class=\"sp-table-caption\">NAJLEPSI W KL. KANADYJSKIEJ &#8211; IiI LIGA<\/h4>\n<table width=\"522\">\n<tbody>\n<tr>\n<td width=\"59\"><strong>Sezon<\/strong><\/td>\n<td width=\"170\"><strong>Imi\u0119 i Nazwisko<\/strong><\/td>\n<td width=\"209\"><strong>Klub<\/strong><\/td>\n<td width=\"84\"><strong>Ilo\u015b\u0107 Punkt\u00f3w<\/strong><\/td>\n<\/tr>\n<tr>\n<td width=\"59\"><span style=\"color: #333333;\"><strong>2023<\/strong><\/span><\/td>\n<td style=\"text-align: left;\" width=\"170\"><span class=\"player-photo\" style=\"color: #993300;\"><img loading=\"lazy\" class=\"wp-image-29958 alignleft\" src=\"https:\/\/lfsportevents.pl\/ligaorlika2023\/wp-content\/uploads\/1985\/11\/Konrad-Ciaglo.jpg\" alt=\"\" width=\"25\" height=\"33\" srcset=\"https:\/\/lfsportevents.pl\/ligaorlika2023\/wp-content\/uploads\/1985\/11\/Konrad-Ciaglo.jpg 225w, https:\/\/lfsportevents.pl\/ligaorlika2023\/wp-content\/uploads\/1985\/11\/Konrad-Ciaglo-96x128.jpg 96w, https:\/\/lfsportevents.pl\/ligaorlika2023\/wp-content\/uploads\/1985\/11\/Konrad-Ciaglo-24x32.jpg 24w\" sizes=\"(max-width: 25px) 100vw, 25px\" \/>Konrad Ci\u0105g\u0142o<\/span><\/td>\n<td style=\"text-align: center;\" width=\"209\"><span style=\"color: #000000;\">Instalacje Pietruszka<\/span><\/td>\n<td width=\"84\"><span style=\"color: #000000;\">43<\/span><\/td>\n<\/tr>\n<tr>\n<td width=\"59\"><span style=\"color: #333333;\"><strong>2022<\/strong><\/span><\/td>\n<td style=\"text-align: left;\" width=\"170\"><img loading=\"lazy\" class=\"wp-image-29878 alignleft\" src=\"https:\/\/lfsportevents.pl\/ligaorlika2023\/wp-content\/uploads\/2023\/05\/Szymon-Pogwizd-.jpg\" alt=\"\" width=\"25\" height=\"33\" srcset=\"https:\/\/lfsportevents.pl\/ligaorlika2023\/wp-content\/uploads\/2023\/05\/Szymon-Pogwizd-.jpg 225w, https:\/\/lfsportevents.pl\/ligaorlika2023\/wp-content\/uploads\/2023\/05\/Szymon-Pogwizd--96x128.jpg 96w, https:\/\/lfsportevents.pl\/ligaorlika2023\/wp-content\/uploads\/2023\/05\/Szymon-Pogwizd--24x32.jpg 24w\" sizes=\"(max-width: 25px) 100vw, 25px\" \/><span style=\"color: #993300;\">Szymon Pogwizd<\/span><\/td>\n<td style=\"text-align: center;\" width=\"209\"><span style=\"color: #000000;\">Your House<\/span><\/td>\n<td width=\"84\"><span style=\"color: #000000;\">51<\/span><\/td>\n<\/tr>\n<tr>\n<td width=\"59\"><span style=\"color: #333333;\"><strong>2021<\/strong><\/span><\/td>\n<td style=\"text-align: left;\" width=\"170\"><a href=\"https:\/\/lfsportevents.pl\/ligaorlika2023\/player\/krystian-salamon\/\"><span class=\"player-photo\" style=\"color: #993300;\"><img loading=\"lazy\" class=\"attachment-sportspress-fit-icon wp-post-image alignleft\" src=\"https:\/\/lfsportevents.pl\/ligaorlika2023\/wp-content\/uploads\/2005\/06\/Krystian-Salamon-96x128.jpg\" sizes=\"(max-width: 96px) 100vw, 96px\" srcset=\"https:\/\/lfsportevents.pl\/ligaorlika2023\/wp-content\/uploads\/2005\/06\/Krystian-Salamon-96x128.jpg 96w, https:\/\/lfsportevents.pl\/ligaorlika2023\/wp-content\/uploads\/2005\/06\/Krystian-Salamon.jpg 225w, https:\/\/lfsportevents.pl\/ligaorlika2023\/wp-content\/uploads\/2005\/06\/Krystian-Salamon-24x32.jpg 24w\" alt=\"\" width=\"25\" height=\"33\" \/><\/span><\/a><span style=\"color: #993300;\">Krystian Salamon<\/span><\/td>\n<td style=\"text-align: center;\" width=\"209\"><span style=\"color: #000000;\">Dj NovoS Team<\/span><\/td>\n<td width=\"84\"><span style=\"color: #000000;\">44<\/span><\/td>\n<\/tr>\n<tr>\n<td width=\"59\"><strong>2020<\/strong><\/td>\n<td style=\"text-align: left;\" width=\"170\"><a href=\"https:\/\/lfsportevents.pl\/ligaorlika20232020\/player\/artur-przetacznik\/\"><img loading=\"lazy\" class=\"attachment-sportspress-fit-medium wp-post-image alignleft\" src=\"https:\/\/lfsportevents.pl\/ligaorlika20232020\/wp-content\/uploads\/1998\/02\/Artur-Przetacznik.jpg\" sizes=\"(max-width: 225px) 100vw, 225px\" srcset=\"https:\/\/lfsportevents.pl\/ligaorlika20232020\/wp-content\/uploads\/1998\/02\/Artur-Przetacznik.jpg 225w, https:\/\/lfsportevents.pl\/ligaorlika20232020\/wp-content\/uploads\/1998\/02\/Artur-Przetacznik-96x128.jpg 96w, https:\/\/lfsportevents.pl\/ligaorlika20232020\/wp-content\/uploads\/1998\/02\/Artur-Przetacznik-24x32.jpg 24w\" alt=\"\" width=\"25\" height=\"33\" \/><\/a><span style=\"color: #993300;\">Artur Przetacznik<\/span><\/td>\n<td width=\"209\">Galactik Gootball<\/td>\n<td width=\"84\">64<\/td>\n<\/tr>\n<\/tbody>\n<\/table>\n<h4 class=\"sp-table-caption\">NAJLEPSI BRAMKARZE &#8211; IIi LIGA<\/h4>\n<table width=\"438\">\n<tbody>\n<tr>\n<td width=\"59\"><strong>Sezon<\/strong><\/td>\n<td width=\"170\"><strong>Imi\u0119 i Nazwisko<\/strong><\/td>\n<td width=\"209\"><strong>Klub<\/strong><\/td>\n<\/tr>\n<tr>\n<td width=\"59\"><strong>2023<\/strong><\/td>\n<td style=\"text-align: left;\" width=\"170\"><img loading=\"lazy\" class=\"wp-image-29420 alignleft\" src=\"https:\/\/lfsportevents.pl\/ligaorlika2023\/wp-content\/uploads\/1992\/11\/Konrad-Mikolajczyk.jpg\" alt=\"\" width=\"25\" height=\"33\" srcset=\"https:\/\/lfsportevents.pl\/ligaorlika2023\/wp-content\/uploads\/1992\/11\/Konrad-Mikolajczyk.jpg 225w, https:\/\/lfsportevents.pl\/ligaorlika2023\/wp-content\/uploads\/1992\/11\/Konrad-Mikolajczyk-96x128.jpg 96w, https:\/\/lfsportevents.pl\/ligaorlika2023\/wp-content\/uploads\/1992\/11\/Konrad-Mikolajczyk-24x32.jpg 24w\" sizes=\"(max-width: 25px) 100vw, 25px\" \/><span style=\"color: #993300;\">Konrad Miko\u0142ajczyk<\/span><\/td>\n<td width=\"209\">Instal-Tech<\/td>\n<\/tr>\n<tr>\n<td width=\"59\"><strong>2022<\/strong><\/td>\n<td style=\"text-align: left;\" width=\"170\"><img loading=\"lazy\" class=\"wp-image-28288 alignleft\" src=\"https:\/\/lfsportevents.pl\/ligaorlika2023\/wp-content\/uploads\/1995\/03\/Maksymilian-Borek.jpg\" alt=\"\" width=\"25\" height=\"33\" srcset=\"https:\/\/lfsportevents.pl\/ligaorlika2023\/wp-content\/uploads\/1995\/03\/Maksymilian-Borek.jpg 225w, https:\/\/lfsportevents.pl\/ligaorlika2023\/wp-content\/uploads\/1995\/03\/Maksymilian-Borek-96x128.jpg 96w, https:\/\/lfsportevents.pl\/ligaorlika2023\/wp-content\/uploads\/1995\/03\/Maksymilian-Borek-24x32.jpg 24w\" sizes=\"(max-width: 25px) 100vw, 25px\" \/><span style=\"color: #993300;\">Maksymilian Borek<\/span><\/td>\n<td width=\"209\">Restauracja Nawojka Elevar<\/td>\n<\/tr>\n<tr>\n<td width=\"59\"><strong>2021<\/strong><\/td>\n<td style=\"text-align: left;\" width=\"170\"><a href=\"https:\/\/lfsportevents.pl\/ligaorlika2023\/player\/lukasz-jurczak-3\/\"><span class=\"player-photo\" style=\"color: #993300;\"><img loading=\"lazy\" class=\"attachment-sportspress-fit-icon wp-post-image alignleft\" src=\"https:\/\/lfsportevents.pl\/ligaorlika2023\/wp-content\/uploads\/2001\/11\/\u0141ukasz-Jurczak-96x128.jpg\" sizes=\"(max-width: 96px) 100vw, 96px\" srcset=\"https:\/\/lfsportevents.pl\/ligaorlika2023\/wp-content\/uploads\/2001\/11\/\u0141ukasz-Jurczak-96x128.jpg 96w, https:\/\/lfsportevents.pl\/ligaorlika2023\/wp-content\/uploads\/2001\/11\/\u0141ukasz-Jurczak.jpg 225w, https:\/\/lfsportevents.pl\/ligaorlika2023\/wp-content\/uploads\/2001\/11\/\u0141ukasz-Jurczak-24x32.jpg 24w\" alt=\"\" width=\"25\" height=\"33\" \/><\/span><\/a><span style=\"color: #993300;\">\u0141ukasz Jurczak<\/span><\/td>\n<td width=\"209\">Pabud<\/td>\n<\/tr>\n<tr>\n<td width=\"59\"><strong>2020<\/strong><\/td>\n<td style=\"text-align: left;\" width=\"170\"><a href=\"https:\/\/lfsportevents.pl\/ligaorlika20232020\/player\/krystian-skoczen\/\"><img loading=\"lazy\" class=\"attachment-sportspress-fit-medium wp-post-image alignleft\" src=\"https:\/\/lfsportevents.pl\/ligaorlika20232020\/wp-content\/uploads\/1999\/12\/Krystian-Skocze\u0144.jpg\" sizes=\"(max-width: 225px) 100vw, 225px\" srcset=\"https:\/\/lfsportevents.pl\/ligaorlika20232020\/wp-content\/uploads\/1999\/12\/Krystian-Skocze\u0144.jpg 225w, https:\/\/lfsportevents.pl\/ligaorlika20232020\/wp-content\/uploads\/1999\/12\/Krystian-Skocze\u0144-96x128.jpg 96w, https:\/\/lfsportevents.pl\/ligaorlika20232020\/wp-content\/uploads\/1999\/12\/Krystian-Skocze\u0144-24x32.jpg 24w\" alt=\"\" width=\"25\" height=\"33\" \/><\/a><span style=\"color: #993300;\">Krystian Skocze\u0144<\/span><\/td>\n<td width=\"209\">Galactik Gootball<\/td>\n<\/tr>\n<\/tbody>\n<\/table>\n<h4 class=\"sp-table-caption\">NAJLEPSI OBRO\u0143CY &#8211; IIi LIGA<\/h4>\n<table width=\"438\">\n<tbody>\n<tr>\n<td width=\"59\"><strong>Sezon<\/strong><\/td>\n<td width=\"170\"><strong>Imi\u0119 i Nazwisko<\/strong><\/td>\n<td width=\"209\"><strong>Klub<\/strong><\/td>\n<\/tr>\n<tr>\n<td width=\"59\"><strong>2023<\/strong><\/td>\n<td style=\"text-align: left;\" width=\"170\"><img loading=\"lazy\" class=\"wp-image-29968 alignleft\" src=\"https:\/\/lfsportevents.pl\/ligaorlika2023\/wp-content\/uploads\/1985\/11\/Tomasz-Ciaglo.jpg\" alt=\"\" width=\"25\" height=\"33\" srcset=\"https:\/\/lfsportevents.pl\/ligaorlika2023\/wp-content\/uploads\/1985\/11\/Tomasz-Ciaglo.jpg 225w, https:\/\/lfsportevents.pl\/ligaorlika2023\/wp-content\/uploads\/1985\/11\/Tomasz-Ciaglo-96x128.jpg 96w, https:\/\/lfsportevents.pl\/ligaorlika2023\/wp-content\/uploads\/1985\/11\/Tomasz-Ciaglo-24x32.jpg 24w\" sizes=\"(max-width: 25px) 100vw, 25px\" \/><span style=\"color: #993300;\">Tomasz Ci\u0105g\u0142o<\/span><\/td>\n<td width=\"209\">Instalacje Pietruszka<\/td>\n<\/tr>\n<tr>\n<td width=\"59\"><strong>2022<\/strong><\/td>\n<td style=\"text-align: left;\" width=\"170\"><img loading=\"lazy\" class=\"wp-image-28287 alignleft\" src=\"https:\/\/lfsportevents.pl\/ligaorlika2023\/wp-content\/uploads\/1995\/03\/Grzegorz-Kulpa.jpg\" alt=\"\" width=\"25\" height=\"33\" srcset=\"https:\/\/lfsportevents.pl\/ligaorlika2023\/wp-content\/uploads\/1995\/03\/Grzegorz-Kulpa.jpg 225w, https:\/\/lfsportevents.pl\/ligaorlika2023\/wp-content\/uploads\/1995\/03\/Grzegorz-Kulpa-96x128.jpg 96w, https:\/\/lfsportevents.pl\/ligaorlika2023\/wp-content\/uploads\/1995\/03\/Grzegorz-Kulpa-24x32.jpg 24w\" sizes=\"(max-width: 25px) 100vw, 25px\" \/><span style=\"color: #993300;\">Grzegorz Kulpa<\/span><\/td>\n<td width=\"209\">Restauracja Nawojka Elevar<\/td>\n<\/tr>\n<tr>\n<td width=\"59\"><strong>2021<\/strong><\/td>\n<td style=\"text-align: left;\" width=\"170\"><a href=\"https:\/\/lfsportevents.pl\/ligaorlika2023\/player\/pawel-plata\/\"><span class=\"player-photo\"><img loading=\"lazy\" class=\"attachment-sportspress-fit-icon wp-post-image alignleft\" src=\"https:\/\/lfsportevents.pl\/ligaorlika2023\/wp-content\/uploads\/1999\/12\/Pawe\u0142-Plata-96x128.jpg\" sizes=\"(max-width: 96px) 100vw, 96px\" srcset=\"https:\/\/lfsportevents.pl\/ligaorlika2023\/wp-content\/uploads\/1999\/12\/Pawe\u0142-Plata-96x128.jpg 96w, https:\/\/lfsportevents.pl\/ligaorlika2023\/wp-content\/uploads\/1999\/12\/Pawe\u0142-Plata.jpg 225w, https:\/\/lfsportevents.pl\/ligaorlika2023\/wp-content\/uploads\/1999\/12\/Pawe\u0142-Plata-24x32.jpg 24w\" alt=\"\" width=\"25\" height=\"34\" \/><\/span><\/a><span style=\"color: #993300;\">Pawe\u0142 Plata<\/span><\/td>\n<td width=\"209\">Stachbud Gostwica<\/td>\n<\/tr>\n<tr>\n<td width=\"59\"><strong>2020<\/strong><\/td>\n<td style=\"text-align: left;\" width=\"170\"><a href=\"https:\/\/lfsportevents.pl\/ligaorlika20232020\/player\/michal-kmiecik\/\"><img loading=\"lazy\" class=\"attachment-sportspress-fit-medium wp-post-image alignleft\" src=\"https:\/\/lfsportevents.pl\/ligaorlika20232020\/wp-content\/uploads\/1994\/12\/Micha\u0142-Kmiecik.jpg\" sizes=\"(max-width: 225px) 100vw, 225px\" srcset=\"https:\/\/lfsportevents.pl\/ligaorlika20232020\/wp-content\/uploads\/1994\/12\/Micha\u0142-Kmiecik.jpg 225w, https:\/\/lfsportevents.pl\/ligaorlika20232020\/wp-content\/uploads\/1994\/12\/Micha\u0142-Kmiecik-96x128.jpg 96w, https:\/\/lfsportevents.pl\/ligaorlika20232020\/wp-content\/uploads\/1994\/12\/Micha\u0142-Kmiecik-24x32.jpg 24w\" alt=\"\" width=\"25\" height=\"33\" \/><\/a><span style=\"color: #993300;\">Micha\u0142 Kmiecik<\/span><\/td>\n<td width=\"209\">NK Team<\/td>\n<\/tr>\n<\/tbody>\n<\/table>\n<p>&nbsp;<\/p>\n","protected":false},"excerpt":{"rendered":"<p>NAJLEPSI STRZELCY &#8211; IiI LIGA Sezon Imi\u0119 i Nazwisko Klub Ilo\u015b\u0107 Goli 2023 Konrad Ci\u0105g\u0142o Instalacje Pietruszka 29 2022 Szymon Pogwizd Your House 37 2021 Krystian Salamon Dj NovoS Team 36 2020 Artur Przetacznik Galactik Gootball 40 NAJLEPSI ASYSTENCI &#8211; IIi LIGA Sezon Imi\u0119 i Nazwisko Klub Ilo\u015b\u0107 Asyst 2023 Konrad Ci\u0105g\u0142o Instalacje Pietruszka 14 [&hellip;]<\/p>\n","protected":false},"author":1,"featured_media":0,"parent":0,"menu_order":0,"comment_status":"closed","ping_status":"closed","template":"","meta":[],"_links":{"self":[{"href":"https:\/\/lfsportevents.pl\/ligaorlika2023\/wp-json\/wp\/v2\/pages\/25380"}],"collection":[{"href":"https:\/\/lfsportevents.pl\/ligaorlika2023\/wp-json\/wp\/v2\/pages"}],"about":[{"href":"https:\/\/lfsportevents.pl\/ligaorlika2023\/wp-json\/wp\/v2\/types\/page"}],"author":[{"embeddable":true,"href":"https:\/\/lfsportevents.pl\/ligaorlika2023\/wp-json\/wp\/v2\/users\/1"}],"replies":[{"embeddable":true,"href":"https:\/\/lfsportevents.pl\/ligaorlika2023\/wp-json\/wp\/v2\/comments?post=25380"}],"version-history":[{"count":2,"href":"https:\/\/lfsportevents.pl\/ligaorlika2023\/wp-json\/wp\/v2\/pages\/25380\/revisions"}],"predecessor-version":[{"id":31624,"href":"https:\/\/lfsportevents.pl\/ligaorlika2023\/wp-json\/wp\/v2\/pages\/25380\/revisions\/31624"}],"wp:attachment":[{"href":"https:\/\/lfsportevents.pl\/ligaorlika2023\/wp-json\/wp\/v2\/media?parent=25380"}],"curies":[{"name":"wp","href":"https:\/\/api.w.org\/{rel}","templated":true}]}}