{"id":25303,"date":"2021-08-04T10:14:15","date_gmt":"2021-08-04T08:14:15","guid":{"rendered":"https:\/\/lfsportevents.pl\/ligaorlika2023\/?page_id=25303"},"modified":"2023-05-31T23:12:58","modified_gmt":"2023-05-31T21:12:58","slug":"rekordy-i-ligi","status":"publish","type":"page","link":"https:\/\/lfsportevents.pl\/ligaorlika2023\/rekordy-i-ligi\/","title":{"rendered":"Rekordy I Ligi"},"content":{"rendered":"<header class=\"entry-header\">\n<h4 class=\"sp-table-caption\">NAJWY\u017bSZE zwyci\u0119stwa:<\/h4>\n<\/header>\n<div class=\"entry-content\">\n<div class=\"sportspress\">\n<div class=\"sp-template sp-template-event-list\">\n<div class=\"sp-table-wrapper\">\n<div class=\"dataTables_wrapper no-footer\">\n<div class=\"sp-scrollable-table-wrapper\">\n<div class=\"sp-scrollable-table-wrapper\">\n<table width=\"665\">\n<tbody>\n<tr>\n<td width=\"49\"><strong><span style=\"color: #993300;\">Lp.<\/span><\/strong><\/td>\n<td width=\"155\"><strong><span style=\"color: #993300;\">Data<\/span><\/strong><\/td>\n<td width=\"317\"><strong><span style=\"color: #993300;\">Mecz<\/span><\/strong><\/td>\n<td width=\"144\"><strong><span style=\"color: #993300;\">Wynik<\/span><\/strong><\/td>\n<\/tr>\n<tr>\n<td width=\"49\"><strong><span style=\"color: #993300;\">1.<\/span><\/strong><\/td>\n<td width=\"155\">17 maj 2017<\/td>\n<td width=\"317\">Tradycja Fabryka Okien &#8211; Euro Kryszta\u0142<\/td>\n<td width=\"144\">1:20 (0:9) + 19 goli<\/td>\n<\/tr>\n<tr>\n<td width=\"49\"><strong><span style=\"color: #993300;\">2.<\/span><\/strong><\/td>\n<td width=\"155\">07 czerwiec 2017<\/td>\n<td width=\"317\">Tradycja Fabryka Okien &#8211; Desperados<\/td>\n<td width=\"144\">1:16 (0:7) + 15 goli<\/td>\n<\/tr>\n<tr>\n<td width=\"49\"><strong><span style=\"color: #993300;\">3.<\/span><\/strong><\/td>\n<td width=\"155\">12 maj 2021<\/td>\n<td width=\"317\">Olimp Team &#8211; Piemonte Calcio<\/td>\n<td width=\"144\">21:6 (9:2) + 15 goli<\/td>\n<\/tr>\n<tr>\n<td width=\"49\"><strong><span style=\"color: #993300;\">4.<\/span><\/strong><\/td>\n<td width=\"155\">13 czerwiec 2018<\/td>\n<td width=\"317\">The Reds Inter Jack &#8211; Tradycja Fabryka Okien<\/td>\n<td width=\"144\">16:2 (8:0) +14 goli<\/td>\n<\/tr>\n<tr>\n<td width=\"49\"><strong><span style=\"color: #993300;\">5.<\/span><\/strong><\/td>\n<td width=\"155\">14 wrzesie\u0144 2022<\/td>\n<td width=\"317\">Gad\u017cet Team &#8211; Mawa Wyko\u0144czenia Wn\u0119trz<\/td>\n<td width=\"144\">15:1 (7:0) + 14 goli<\/td>\n<\/tr>\n<tr>\n<td width=\"49\"><strong><span style=\"color: #993300;\">6.<\/span><\/strong><\/td>\n<td width=\"155\">27 kwiecie\u0144 2022<\/td>\n<td width=\"317\">Mawa Wyko\u0144czenia Wn\u0119trz &#8211; Batimowcy<\/td>\n<td width=\"144\">0:13 (0:5) + 13 goli<\/td>\n<\/tr>\n<tr>\n<td width=\"49\"><strong><span style=\"color: #993300;\">7.<\/span><\/strong><\/td>\n<td width=\"155\">12 wrzesie\u0144 2018<\/td>\n<td width=\"317\">Stal-Bud Nawojowa &#8211; Tradycja fabryka Okien<\/td>\n<td width=\"144\">14:2 (4:2) +12 goli<\/td>\n<\/tr>\n<tr>\n<td width=\"49\"><strong><span style=\"color: #993300;\">8.<\/span><\/strong><\/td>\n<td width=\"155\">16 maj 2018<\/td>\n<td width=\"317\">Meble Ogrodowe Kocemba &#8211; Kaduk\/Balumat<\/td>\n<td width=\"144\">13:2 (5:1) + 11 goli<\/td>\n<\/tr>\n<tr>\n<td width=\"49\"><strong><span style=\"color: #993300;\">9.<\/span><\/strong><\/td>\n<td width=\"155\">11 maj 2022<\/td>\n<td width=\"317\">Pabud &#8211; Mawa Wyko\u0144czenia Wn\u0119trz<\/td>\n<td width=\"144\">11:0 (5:0) + 11 goli<\/td>\n<\/tr>\n<tr>\n<td width=\"49\"><strong><span style=\"color: #993300;\">10.<\/span><\/strong><\/td>\n<td width=\"155\">31 maj 2023<\/td>\n<td width=\"317\">Trade &#8211; Pabud<\/td>\n<td width=\"144\">14:3 (5:1) + 11 goli<\/td>\n<\/tr>\n<tr>\n<td width=\"49\"><strong><span style=\"color: #993300;\">11.<\/span><\/strong><\/td>\n<td width=\"155\">16 czerwiec 2017<\/td>\n<td width=\"317\">Desperados &#8211; Gad\u017cet Team<\/td>\n<td width=\"144\">12:2 (3:0) + 10 goli<\/td>\n<\/tr>\n<tr>\n<td width=\"49\"><strong><span style=\"color: #993300;\">12.<\/span><\/strong><\/td>\n<td width=\"155\">30 czerwiec 2021<\/td>\n<td width=\"317\">Baz Pal &#8211; Piemonte Calcio<\/td>\n<td width=\"144\">10:0 (2:0) + 10 goli<\/td>\n<\/tr>\n<tr>\n<td width=\"49\"><strong><span style=\"color: #993300;\">13.<\/span><\/strong><\/td>\n<td width=\"155\">8 czerwiec 2017<\/td>\n<td width=\"317\">Brzezna &#8211; Euro Kryszta\u0142<\/td>\n<td width=\"144\">13:4 (5:0) + 9 goli<\/td>\n<\/tr>\n<tr>\n<td width=\"49\"><strong><span style=\"color: #993300;\">14.<\/span><\/strong><\/td>\n<td width=\"155\">9 maj 2018<\/td>\n<td width=\"317\">Gosdrob &#8211; The Reds Inter Jack<\/td>\n<td width=\"144\">3:12 (1:5) + 9 goli<\/td>\n<\/tr>\n<tr>\n<td width=\"49\"><strong><span style=\"color: #993300;\">15.<\/span><\/strong><\/td>\n<td width=\"155\">8 maj 2019<\/td>\n<td width=\"317\">Tradycja Fabryka Okien &#8211; Gad\u017cet Team<\/td>\n<td width=\"144\">5:14 (1:4) + 9 goli<\/td>\n<\/tr>\n<\/tbody>\n<\/table>\n<\/div>\n<\/div>\n<\/div>\n<\/div>\n<\/div>\n<div class=\"sportspress\">\n<div class=\"sp-template sp-template-event-list\">\n<h4 class=\"sp-table-caption\">NAJWY\u017bSZE REMISY:<\/h4>\n<div class=\"sp-table-wrapper\">\n<div class=\"dataTables_wrapper no-footer\">\n<div class=\"sp-scrollable-table-wrapper\">\n<div class=\"sp-scrollable-table-wrapper\">\n<table width=\"665\">\n<tbody>\n<tr>\n<td width=\"49\"><strong><span style=\"color: #993300;\">Lp.<\/span><\/strong><\/td>\n<td width=\"155\"><strong><span style=\"color: #993300;\">Data<\/span><\/strong><\/td>\n<td width=\"317\"><strong><span style=\"color: #993300;\">Mecz<\/span><\/strong><\/td>\n<td width=\"144\"><strong><span style=\"color: #993300;\">Wynik<\/span><\/strong><\/td>\n<\/tr>\n<tr>\n<td width=\"49\"><strong><span style=\"color: #993300;\">1.<\/span><\/strong><\/td>\n<td width=\"155\">11 maj 2017<\/td>\n<td width=\"317\">Sandecja Old Boys &#8211; Euro Kryszta\u0142<\/td>\n<td width=\"144\">7:7 (5:2)<\/td>\n<\/tr>\n<tr>\n<td width=\"49\"><strong><span style=\"color: #993300;\">2.<\/span><\/strong><\/td>\n<td width=\"155\">26 lipiec 2021<\/td>\n<td width=\"317\">Olimp Team &#8211; Stal-Bud Nawojowa<\/td>\n<td width=\"144\">7:7 (2:3)<\/td>\n<\/tr>\n<tr>\n<td width=\"49\"><strong><span style=\"color: #993300;\">3.<\/span><\/strong><\/td>\n<td width=\"155\">25 kwiecie\u0144 2018<\/td>\n<td width=\"317\">Meble Ogrodowe Kocemba &#8211; Tradycja Fabryka Okien<\/td>\n<td width=\"144\">6:6 (1:4)<\/td>\n<\/tr>\n<tr>\n<td width=\"49\"><strong><span style=\"color: #993300;\">4.<\/span><\/strong><\/td>\n<td width=\"155\">15 maj 2019<\/td>\n<td width=\"317\">Wi\u015bniowski II &#8211; Firma Budowlana Wo\u017aniak<\/td>\n<td width=\"144\">6:6 (1:2)<\/td>\n<\/tr>\n<tr>\n<td width=\"49\"><strong><span style=\"color: #993300;\">5.<\/span><\/strong><\/td>\n<td width=\"155\">21 sierpie\u0144 2019<\/td>\n<td width=\"317\">Tradycja Fabryka Okien &#8211; Gad\u017cet Team<\/td>\n<td width=\"144\">6:6 (3:1)<\/td>\n<\/tr>\n<tr>\n<td width=\"49\"><strong><span style=\"color: #993300;\">6.<\/span><\/strong><\/td>\n<td width=\"155\">5 sierpie\u0144 2020<\/td>\n<td width=\"317\">Olimp Team &#8211; Bastek Garnitury<\/td>\n<td width=\"144\">6:6 (1:5)<\/td>\n<\/tr>\n<tr>\n<td width=\"49\"><strong><span style=\"color: #993300;\">7.<\/span><\/strong><\/td>\n<td width=\"155\">4 maj 2017<\/td>\n<td width=\"317\">Euro Kryszta\u0142 &#8211; Piwniczanka Poprad<\/td>\n<td width=\"144\">5:5 (1:3)<\/td>\n<\/tr>\n<tr>\n<td width=\"49\"><strong><span style=\"color: #993300;\">8.<\/span><\/strong><\/td>\n<td width=\"155\">23 czerwiec 2021<\/td>\n<td width=\"317\">Olimp Team &#8211; Bastek Garnitury<\/td>\n<td width=\"144\">5:5 (2:3)<\/td>\n<\/tr>\n<tr>\n<td width=\"49\"><strong><span style=\"color: #993300;\">9.<\/span><\/strong><\/td>\n<td width=\"155\">27 kwiecie\u0144 2022<\/td>\n<td width=\"317\">Pabud &#8211; Mariposa Med-Spa<\/td>\n<td width=\"144\">5:5 (1:2)<\/td>\n<\/tr>\n<tr>\n<td width=\"49\"><strong><span style=\"color: #993300;\">10.<\/span><\/strong><\/td>\n<td width=\"155\">19 kwiecie\u0144 2017<\/td>\n<td width=\"317\">Stal Bud Nawojowa &#8211; Euro Kryszta\u0142<\/td>\n<td width=\"144\">4:4 (1:0)<\/td>\n<\/tr>\n<tr>\n<td width=\"49\"><strong><span style=\"color: #993300;\">11.<\/span><\/strong><\/td>\n<td width=\"155\">10 maj 2017<\/td>\n<td width=\"317\">Piemonte Calcio &#8211; Desperados<\/td>\n<td width=\"144\">4:4 (2:2)<\/td>\n<\/tr>\n<tr>\n<td width=\"49\"><strong><span style=\"color: #993300;\">12.<\/span><\/strong><\/td>\n<td width=\"155\">8 maj 2019<\/td>\n<td width=\"317\">Bruk-Ogr\u00f3d-Nowak &#8211; Brzezna<\/td>\n<td width=\"144\">4:4 (2:1)<\/td>\n<\/tr>\n<tr>\n<td width=\"49\"><strong><span style=\"color: #993300;\">13.<\/span><\/strong><\/td>\n<td width=\"155\">21 sierpie\u0144 2019<\/td>\n<td width=\"317\">Brzezna &#8211; Walczyk Optyk<\/td>\n<td width=\"144\">4:4 (2:0)<\/td>\n<\/tr>\n<tr>\n<td width=\"49\"><strong><span style=\"color: #993300;\">14.<\/span><\/strong><\/td>\n<td width=\"155\">11 wrzesie\u0144 2019<\/td>\n<td width=\"317\">Greenpowerns &#8211; Brzezna<\/td>\n<td width=\"144\">4:4 (2:1)<\/td>\n<\/tr>\n<tr>\n<td width=\"49\"><strong><span style=\"color: #993300;\">15.<\/span><\/strong><\/td>\n<td width=\"155\">15 lipiec 2020<\/td>\n<td width=\"317\">Gad\u017cet Team &#8211; Stal-Bud Nawojowa<\/td>\n<td width=\"144\">4:4 (2:3)<\/td>\n<\/tr>\n<\/tbody>\n<\/table>\n<\/div>\n<\/div>\n<\/div>\n<\/div>\n<\/div>\n<\/div>\n<div class=\"sportspress\">\n<div class=\"sp-template sp-template-event-list\">\n<h4 class=\"sp-table-caption\">NAJWI\u0118CEJ ZDOBYTYCH BRAMEK W JEDNYM MECZU:<\/h4>\n<div class=\"sp-table-wrapper\">\n<div class=\"dataTables_wrapper no-footer\">\n<div class=\"sp-scrollable-table-wrapper\">\n<div class=\"sp-scrollable-table-wrapper\">\n<table width=\"665\">\n<tbody>\n<tr>\n<td width=\"49\"><strong><span style=\"color: #993300;\">Lp.<\/span><\/strong><\/td>\n<td width=\"155\"><strong><span style=\"color: #993300;\">Data<\/span><\/strong><\/td>\n<td width=\"317\"><strong><span style=\"color: #993300;\">Mecz<\/span><\/strong><\/td>\n<td width=\"144\"><strong><span style=\"color: #993300;\">Wynik<\/span><\/strong><\/td>\n<\/tr>\n<tr>\n<td width=\"49\"><strong><span style=\"color: #993300;\">1.<\/span><\/strong><\/td>\n<td width=\"155\">12 maj 2021<\/td>\n<td width=\"317\">Olimp Team &#8211; Piemonte Calcio<\/td>\n<td width=\"144\">27 goli<\/td>\n<\/tr>\n<tr>\n<td width=\"49\"><strong><span style=\"color: #993300;\">2.<\/span><\/strong><\/td>\n<td width=\"155\">12 wrze\u015bnia 2018<\/td>\n<td width=\"317\">Stowarzyszenie Dla Miasta &#8211; Kaduk\/Balu-Mat<\/td>\n<td width=\"144\">22 gole<\/td>\n<\/tr>\n<tr>\n<td width=\"49\"><strong><span style=\"color: #993300;\">3.<\/span><\/strong><\/td>\n<td width=\"155\">17 maj 2017<\/td>\n<td width=\"317\">Tradycja Fabryka Okien &#8211; Euro Kryszta\u0142<\/td>\n<td width=\"144\">21 goli<\/td>\n<\/tr>\n<tr>\n<td width=\"49\"><strong><span style=\"color: #993300;\">4.<\/span><\/strong><\/td>\n<td width=\"155\">8 lipiec 2019<\/td>\n<td width=\"317\">Gad\u017cet Team &#8211; Tradycja Fabryka Okien<\/td>\n<td width=\"144\">19 goli<\/td>\n<\/tr>\n<tr>\n<td width=\"49\"><strong><span style=\"color: #993300;\">5.<\/span><\/strong><\/td>\n<td width=\"155\">9 wrzesie\u0144 2020<\/td>\n<td width=\"317\">Sebbet Kostka Brukowa &#8211; S\u0105czersi<\/td>\n<td width=\"144\">19 goli<\/td>\n<\/tr>\n<tr>\n<td width=\"49\"><strong><span style=\"color: #993300;\">6.<\/span><\/strong><\/td>\n<td width=\"155\">8 czerwiec 2022<\/td>\n<td width=\"317\">Pabud &#8211; Piemonte Calcio<\/td>\n<td width=\"144\">19 goli<\/td>\n<\/tr>\n<tr>\n<td width=\"49\"><strong><span style=\"color: #993300;\">7.<\/span><\/strong><\/td>\n<td width=\"155\">31 maj 2017<\/td>\n<td width=\"317\">Sandecja Old Boys &#8211; Walczyk Optyk<\/td>\n<td width=\"144\">18 goli<\/td>\n<\/tr>\n<tr>\n<td width=\"49\"><strong><span style=\"color: #993300;\">8.<\/span><\/strong><\/td>\n<td width=\"155\">13 czerwiec 2018<\/td>\n<td width=\"317\">The Reds Inter Jack &#8211; Tradycja Fabryka Okien<\/td>\n<td width=\"144\">18 goli<\/td>\n<\/tr>\n<tr>\n<td width=\"49\"><strong><span style=\"color: #993300;\">9.<\/span><\/strong><\/td>\n<td width=\"155\">20 kwiecie\u0144 2017<\/td>\n<td width=\"317\">Walczyk Optyk &#8211; Piwniczanka Poprad<\/td>\n<td width=\"144\">17 goli<\/td>\n<\/tr>\n<tr>\n<td width=\"49\"><strong><span style=\"color: #993300;\">10.<\/span><\/strong><\/td>\n<td width=\"155\">8 czerwiec 2017<\/td>\n<td width=\"317\">Brzezna &#8211; Euro Kryszta\u0142<\/td>\n<td width=\"144\">17 goli<\/td>\n<\/tr>\n<tr>\n<td width=\"49\"><strong><span style=\"color: #993300;\">11.<\/span><\/strong><\/td>\n<td width=\"155\">9 maj 2018<\/td>\n<td width=\"317\">Tradycja Fabryka Okien &#8211; Stowarzyszenie dla Miasta<\/td>\n<td width=\"144\">17 goli<\/td>\n<\/tr>\n<tr>\n<td width=\"49\"><strong><span style=\"color: #993300;\">12.<\/span><\/strong><\/td>\n<td width=\"155\">11 maj 2022<\/td>\n<td width=\"317\">Gad\u017cet Team &#8211; Batimowcy<\/td>\n<td width=\"144\">17 goli<\/td>\n<\/tr>\n<tr>\n<td width=\"49\"><strong><span style=\"color: #993300;\">13.<\/span><\/strong><\/td>\n<td width=\"155\">31 maj 2023<\/td>\n<td width=\"317\">Trade &#8211; Pabud<\/td>\n<td width=\"144\">17 goli<\/td>\n<\/tr>\n<tr>\n<td width=\"49\"><strong><span style=\"color: #993300;\">14.<\/span><\/strong><\/td>\n<td width=\"155\">1 czerwiec 2017<\/td>\n<td width=\"317\">Gad\u017cet Team &#8211; Piwniczanka Poprad<\/td>\n<td width=\"144\">16 goli<\/td>\n<\/tr>\n<tr>\n<td width=\"49\"><strong><span style=\"color: #993300;\">15.<\/span><\/strong><\/td>\n<td width=\"155\">20 czerwiec 2017<\/td>\n<td width=\"317\">Gad\u017cet Team &#8211; Walczyk Optyk<\/td>\n<td width=\"144\">16 goli<\/td>\n<\/tr>\n<\/tbody>\n<\/table>\n<\/div>\n<\/div>\n<\/div>\n<\/div>\n<\/div>\n<\/div>\n<div class=\"sportspress\">\n<div class=\"sp-template sp-template-event-list\">\n<h4 class=\"sp-table-caption\">NAJWI\u0118CEJ ZDOBYTYCH BRAMEK JEDNEGO ZAWODNIKA W JEDNYM MECZU:<\/h4>\n<div class=\"sp-table-wrapper\">\n<div class=\"dataTables_wrapper no-footer\">\n<div class=\"sp-scrollable-table-wrapper\">\n<div class=\"sp-scrollable-table-wrapper\">\n<table width=\"665\">\n<tbody>\n<tr>\n<td width=\"49\"><strong><span style=\"color: #993300;\">Lp.<\/span><\/strong><\/td>\n<td width=\"155\"><strong><span style=\"color: #993300;\">Data<\/span><\/strong><\/td>\n<td width=\"317\"><strong><span style=\"color: #993300;\">Zawodnik<\/span><\/strong><\/td>\n<td width=\"144\"><strong><span style=\"color: #993300;\">Wynik<\/span><\/strong><\/td>\n<\/tr>\n<tr>\n<td width=\"49\"><strong><span style=\"color: #993300;\">1.<\/span><\/strong><\/td>\n<td width=\"155\">12 maj 2021<\/td>\n<td width=\"317\">Kamil Kuziel (Olimp Team)<\/td>\n<td width=\"144\">11 goli<\/td>\n<\/tr>\n<tr>\n<td width=\"49\"><strong><span style=\"color: #993300;\">2.<\/span><\/strong><\/td>\n<td width=\"155\">14 wrzesie\u0144 2022<\/td>\n<td width=\"317\">Krzysztof Jasiurkowski (Gad\u017cet Team)<\/td>\n<td width=\"144\">11 goli<\/td>\n<\/tr>\n<tr>\n<td width=\"49\"><strong><span style=\"color: #993300;\">3.<\/span><\/strong><\/td>\n<td width=\"155\">7 lipiec 2021<\/td>\n<td width=\"317\">Dominik Sobczyk (Olimp Team)<\/td>\n<td width=\"144\">9 goli<\/td>\n<\/tr>\n<tr>\n<td width=\"49\"><strong><span style=\"color: #993300;\">4.<\/span><\/strong><\/td>\n<td width=\"155\">8 czerwiec 2022<\/td>\n<td width=\"317\">Przemys\u0142aw Kumor (Pabud)<\/td>\n<td width=\"144\">9 goli<\/td>\n<\/tr>\n<tr>\n<td width=\"49\"><strong><span style=\"color: #993300;\">5.<\/span><\/strong><\/td>\n<td width=\"155\">20 kwiecie\u0144 2017<\/td>\n<td width=\"317\">Janusz Weber (Piwniczanka Poprad)<\/td>\n<td width=\"144\">8 goli<\/td>\n<\/tr>\n<tr>\n<td width=\"49\"><strong><span style=\"color: #993300;\">6.<\/span><\/strong><\/td>\n<td width=\"155\">13 czerwiec 2018<\/td>\n<td width=\"317\">\u0141ukasz Kij (The Reds Inter Jack)<\/td>\n<td width=\"144\">8 goli<\/td>\n<\/tr>\n<tr>\n<td width=\"49\"><strong><span style=\"color: #993300;\">7.<\/span><\/strong><\/td>\n<td width=\"155\">8 czerwiec 2017<\/td>\n<td width=\"317\">Marcin Bugajski (Brzezna)<\/td>\n<td width=\"144\">8 goli<\/td>\n<\/tr>\n<tr>\n<td width=\"49\"><strong><span style=\"color: #993300;\">8.<\/span><\/strong><\/td>\n<td width=\"155\">28 lipiec 2021<\/td>\n<td width=\"317\">Kamil Kuziel (Olimp Team)<\/td>\n<td width=\"144\">8 goli<\/td>\n<\/tr>\n<tr>\n<td width=\"49\"><strong><span style=\"color: #993300;\">9.<\/span><\/strong><\/td>\n<td width=\"155\">16 maj 2019<\/td>\n<td width=\"317\">Jakub Cempa (Firma Budowlana Wo\u017aniak)<\/td>\n<td width=\"144\">7 goli<\/td>\n<\/tr>\n<tr>\n<td width=\"49\"><strong><span style=\"color: #993300;\">10.<\/span><\/strong><\/td>\n<td width=\"155\">11 maj 2022<\/td>\n<td width=\"317\">Przemys\u0142aw Kumor (Pabud)<\/td>\n<td width=\"144\">7 goli<\/td>\n<\/tr>\n<tr>\n<td width=\"49\"><strong><span style=\"color: #993300;\">11.<\/span><\/strong><\/td>\n<td width=\"155\">11 maj 2017<\/td>\n<td width=\"317\">Arkadiusz Aleksander (Sandecja Old Boys)<\/td>\n<td width=\"144\">6 goli<\/td>\n<\/tr>\n<tr>\n<td width=\"49\"><strong><span style=\"color: #993300;\">12.<\/span><\/strong><\/td>\n<td width=\"155\">31 maj 2017<\/td>\n<td width=\"317\">Arkadiusz Aleksander (Sandecja Old Boys)<\/td>\n<td width=\"144\">6 goli<\/td>\n<\/tr>\n<tr>\n<td width=\"49\"><strong><span style=\"color: #993300;\">13.<\/span><\/strong><\/td>\n<td width=\"155\">22 czerwiec 2017<\/td>\n<td width=\"317\">Arkadiusz Aleksander (Sandecja Old Boys)<\/td>\n<td width=\"144\">6 goli<\/td>\n<\/tr>\n<tr>\n<td width=\"49\"><strong><span style=\"color: #993300;\">14.<\/span><\/strong><\/td>\n<td width=\"155\">25 kwiecie\u0144 2018<\/td>\n<td width=\"317\">Jakub Cempa (Firma Budowlana Wo\u017aniak)<\/td>\n<td width=\"144\">6 goli<\/td>\n<\/tr>\n<tr>\n<td width=\"49\"><strong><span style=\"color: #993300;\">15.<\/span><\/strong><\/td>\n<td width=\"155\">9 maj 2018<\/td>\n<td width=\"317\">Marcin Bugajski (Brzezna)<\/td>\n<td width=\"144\">6 goli<\/td>\n<\/tr>\n<\/tbody>\n<\/table>\n<\/div>\n<\/div>\n<\/div>\n<\/div>\n<\/div>\n<\/div>\n<div class=\"sportspress\">\n<div class=\"sp-template sp-template-event-list\">\n<h4 class=\"sp-table-caption\">NAJWI\u0118CEJ ZDOBYTYCH ASYST JEDNEGO ZAWODNIKA W JEDNYM MECZU:<\/h4>\n<div class=\"sp-table-wrapper\">\n<div class=\"dataTables_wrapper no-footer\">\n<div class=\"sp-scrollable-table-wrapper\">\n<div class=\"sp-scrollable-table-wrapper\">\n<table width=\"665\">\n<tbody>\n<tr>\n<td width=\"49\"><strong><span style=\"color: #993300;\">Lp.<\/span><\/strong><\/td>\n<td width=\"155\"><strong><span style=\"color: #993300;\">Data<\/span><\/strong><\/td>\n<td width=\"317\"><span style=\"color: #993300;\"><b>Zawodnik<\/b><\/span><\/td>\n<td width=\"144\"><strong><span style=\"color: #993300;\">Wynik<\/span><\/strong><\/td>\n<\/tr>\n<tr>\n<td width=\"49\"><strong><span style=\"color: #993300;\">1.<\/span><\/strong><\/td>\n<td width=\"155\">12 maj 2021<\/td>\n<td width=\"317\">Wiktor Weber (Olimp Team)<\/td>\n<td width=\"144\">7 asyst<\/td>\n<\/tr>\n<tr>\n<td width=\"49\"><strong><span style=\"color: #993300;\">2.<\/span><\/strong><\/td>\n<td width=\"155\">17 maj 2017<\/td>\n<td width=\"317\">Rados\u0142aw Sowa (Euro Kryszta\u0142)<\/td>\n<td width=\"144\">6 asyst<\/td>\n<\/tr>\n<tr>\n<td width=\"49\"><strong><span style=\"color: #993300;\">3.<\/span><\/strong><\/td>\n<td width=\"155\">14 wrzesie\u0144 2022<\/td>\n<td width=\"317\">Dominik G\u00f3rka (Gad\u017cet Team)<\/td>\n<td width=\"144\">6 asyst<\/td>\n<\/tr>\n<tr>\n<td width=\"49\"><strong><span style=\"color: #993300;\">4.<\/span><\/strong><\/td>\n<td width=\"155\">14 czerwiec 2017<\/td>\n<td width=\"317\">Pawe\u0142 Lompart (Euro Kryszta\u0142)<\/td>\n<td width=\"144\">5 asyst<\/td>\n<\/tr>\n<tr>\n<td width=\"49\"><strong><span style=\"color: #993300;\">5.<\/span><\/strong><\/td>\n<td width=\"155\">16 maj 2018<\/td>\n<td width=\"317\">Krzysztof Jasiurkowski (Gad\u017cet Team)<\/td>\n<td width=\"144\">5 asyst<\/td>\n<\/tr>\n<tr>\n<td width=\"49\"><strong><span style=\"color: #993300;\">6.<\/span><\/strong><\/td>\n<td width=\"155\">12 wrzesie\u0144 2018<\/td>\n<td width=\"317\">Kacper \u017buchowicz (Stal-Bud Nawojowa)<\/td>\n<td width=\"144\">5 asyst<\/td>\n<\/tr>\n<tr>\n<td width=\"49\"><strong><span style=\"color: #993300;\">7.<\/span><\/strong><\/td>\n<td width=\"155\">28 lipiec 2021<\/td>\n<td width=\"317\">Wiktor Weber (Olimp Team)<\/td>\n<td width=\"144\">5 asyst<\/td>\n<\/tr>\n<tr>\n<td width=\"49\"><strong><span style=\"color: #993300;\">8.<\/span><\/strong><\/td>\n<td width=\"155\">27 kwiecie\u0144 2022<\/td>\n<td width=\"317\">Piotr G\u00f3recki (Batimowcy)<\/td>\n<td width=\"144\">5 asyst<\/td>\n<\/tr>\n<tr>\n<td width=\"49\"><strong><span style=\"color: #993300;\">9.<\/span><\/strong><\/td>\n<td width=\"155\">20 kwiecie\u0144 2017<\/td>\n<td width=\"317\">S\u0142awomir Nowog\u00f3rski (Walczyk Optyk)<\/td>\n<td width=\"144\">4 asysty<\/td>\n<\/tr>\n<tr>\n<td width=\"49\"><strong><span style=\"color: #993300;\">10.<\/span><\/strong><\/td>\n<td width=\"155\">26 kwiecie\u0144 2017<\/td>\n<td width=\"317\">Kamil Biel (Sandecja Old Boys)<\/td>\n<td width=\"144\">4 asysty<\/td>\n<\/tr>\n<tr>\n<td width=\"49\"><strong><span style=\"color: #993300;\">11.<\/span><\/strong><\/td>\n<td width=\"155\">13 czerwiec 2018<\/td>\n<td width=\"317\">Grzegorz \u017barnowski (The Reds Inter Jack)<\/td>\n<td width=\"144\">4 asysty<\/td>\n<\/tr>\n<tr>\n<td width=\"49\"><strong><span style=\"color: #993300;\">12.<\/span><\/strong><\/td>\n<td width=\"155\">12 wrzesie\u0144 2018<\/td>\n<td width=\"317\">Maksymilian Marcisz (Stowarzyszenie dla Miasta)<\/td>\n<td width=\"144\">4 asysty<\/td>\n<\/tr>\n<tr>\n<td width=\"49\"><strong><span style=\"color: #993300;\">13.<\/span><\/strong><\/td>\n<td width=\"155\">24 kwiecie\u0144 2019<\/td>\n<td width=\"317\">Jakub Cempa (Firma Budowlana Wo\u017aniak)<\/td>\n<td width=\"144\">4 asysty<\/td>\n<\/tr>\n<tr>\n<td width=\"49\"><strong><span style=\"color: #993300;\">14.<\/span><\/strong><\/td>\n<td width=\"155\">22 maj 2019<\/td>\n<td width=\"317\">Kamil Gr\u00f3dek (Greenpowerns)<\/td>\n<td width=\"144\">4 asysty<\/td>\n<\/tr>\n<tr>\n<td width=\"49\"><strong><span style=\"color: #993300;\">15.<\/span><\/strong><\/td>\n<td width=\"155\">5 sierpie\u0144 2020<\/td>\n<td width=\"317\">Kamil Kurowski (Instalservice)<\/td>\n<td width=\"144\">4 asysty<\/td>\n<\/tr>\n<\/tbody>\n<\/table>\n<\/div>\n<\/div>\n<\/div>\n<\/div>\n<\/div>\n<\/div>\n<\/div>\n<\/div>\n","protected":false},"excerpt":{"rendered":"<p>NAJWY\u017bSZE zwyci\u0119stwa: Lp. Data Mecz Wynik 1. 17 maj 2017 Tradycja Fabryka Okien &#8211; Euro Kryszta\u0142 1:20 (0:9) + 19 goli 2. 07 czerwiec 2017 Tradycja Fabryka Okien &#8211; Desperados 1:16 (0:7) + 15 goli 3. 12 maj 2021 Olimp Team &#8211; Piemonte Calcio 21:6 (9:2) + 15 goli 4. 13 czerwiec 2018 The Reds [&hellip;]<\/p>\n","protected":false},"author":1,"featured_media":0,"parent":0,"menu_order":0,"comment_status":"closed","ping_status":"closed","template":"","meta":[],"_links":{"self":[{"href":"https:\/\/lfsportevents.pl\/ligaorlika2023\/wp-json\/wp\/v2\/pages\/25303"}],"collection":[{"href":"https:\/\/lfsportevents.pl\/ligaorlika2023\/wp-json\/wp\/v2\/pages"}],"about":[{"href":"https:\/\/lfsportevents.pl\/ligaorlika2023\/wp-json\/wp\/v2\/types\/page"}],"author":[{"embeddable":true,"href":"https:\/\/lfsportevents.pl\/ligaorlika2023\/wp-json\/wp\/v2\/users\/1"}],"replies":[{"embeddable":true,"href":"https:\/\/lfsportevents.pl\/ligaorlika2023\/wp-json\/wp\/v2\/comments?post=25303"}],"version-history":[{"count":2,"href":"https:\/\/lfsportevents.pl\/ligaorlika2023\/wp-json\/wp\/v2\/pages\/25303\/revisions"}],"predecessor-version":[{"id":30535,"href":"https:\/\/lfsportevents.pl\/ligaorlika2023\/wp-json\/wp\/v2\/pages\/25303\/revisions\/30535"}],"wp:attachment":[{"href":"https:\/\/lfsportevents.pl\/ligaorlika2023\/wp-json\/wp\/v2\/media?parent=25303"}],"curies":[{"name":"wp","href":"https:\/\/api.w.org\/{rel}","templated":true}]}}