{"id":21012,"date":"2020-04-16T11:40:01","date_gmt":"2020-04-16T09:40:01","guid":{"rendered":"https:\/\/lfsportevents.pl\/ligaorlika2023\/ii-liga\/druzyny-copy\/"},"modified":"2021-05-06T00:45:12","modified_gmt":"2021-05-05T22:45:12","slug":"druzyny","status":"publish","type":"page","link":"https:\/\/lfsportevents.pl\/ligaorlika2023\/iii-liga-2\/druzyny\/","title":{"rendered":"Dru\u017cyny"},"content":{"rendered":"<div class=\"sportspress\"><div class=\"sp-template sp-template-league-table\">\n\t<h4 class=\"sp-table-caption\">Dru\u017cyny &#8211; III Liga<\/h4><div class=\"sp-table-wrapper\"><table class=\"sp-league-table sp-data-table sp-sortable-table sp-scrollable-table sp-paginated-table\" data-sp-rows=\"16\"><thead><tr><th class=\"data-rank\">Pozycja<\/th><th class=\"data-name\">Klub<\/th><\/tr><\/thead><tbody><tr class=\"odd sp-row-no-0\"><td class=\"data-rank\" data-label=\"Pozycja\">1<\/td><td class=\"data-name has-logo\" data-label=\"Klub\"><a href=\"https:\/\/lfsportevents.pl\/ligaorlika2023\/team\/instalacje-pietruszka\/\"><span class=\"team-logo\"><img width=\"128\" height=\"107\" src=\"https:\/\/lfsportevents.pl\/ligaorlika2023\/wp-content\/uploads\/2023\/03\/Instalacje-Pietruszka-128x107.png\" class=\"attachment-sportspress-fit-icon size-sportspress-fit-icon wp-post-image\" alt=\"\" loading=\"lazy\" \/><\/span>Instalacje Pietruszka<\/a><\/td><\/tr><tr class=\"even sp-row-no-1\"><td class=\"data-rank\" data-label=\"Pozycja\">2<\/td><td class=\"data-name has-logo\" data-label=\"Klub\"><a href=\"https:\/\/lfsportevents.pl\/ligaorlika2023\/team\/galacticos-team\/\"><span class=\"team-logo\"><img width=\"128\" height=\"128\" src=\"https:\/\/lfsportevents.pl\/ligaorlika2023\/wp-content\/uploads\/2023\/03\/Projekt_bez_tytulu__3_-removebg-preview-128x128.png\" class=\"attachment-sportspress-fit-icon size-sportspress-fit-icon wp-post-image\" alt=\"\" loading=\"lazy\" \/><\/span>Galacticos Team<\/a><\/td><\/tr><tr class=\"odd sp-row-no-2\"><td class=\"data-rank\" data-label=\"Pozycja\">3<\/td><td class=\"data-name has-logo\" data-label=\"Klub\"><a href=\"https:\/\/lfsportevents.pl\/ligaorlika2023\/team\/instal-tech\/\"><span class=\"team-logo\"><img width=\"128\" height=\"41\" src=\"https:\/\/lfsportevents.pl\/ligaorlika2023\/wp-content\/uploads\/2023\/03\/Instal-Tech-128x41.png\" class=\"attachment-sportspress-fit-icon size-sportspress-fit-icon wp-post-image\" alt=\"\" loading=\"lazy\" \/><\/span>Instal-Tech<\/a><\/td><\/tr><tr class=\"even sp-row-no-3\"><td class=\"data-rank\" data-label=\"Pozycja\">4<\/td><td class=\"data-name has-logo\" data-label=\"Klub\"><a href=\"https:\/\/lfsportevents.pl\/ligaorlika2023\/team\/mzts-piotrekwozniak-pl\/\"><span class=\"team-logo\"><img width=\"128\" height=\"128\" src=\"https:\/\/lfsportevents.pl\/ligaorlika2023\/wp-content\/uploads\/2023\/03\/MZTS-Piotr-Wozniak-128x128.png\" class=\"attachment-sportspress-fit-icon size-sportspress-fit-icon wp-post-image\" alt=\"\" loading=\"lazy\" \/><\/span>MZTS piotrekwozniak.pl<\/a><\/td><\/tr><tr class=\"odd sp-row-no-4\"><td class=\"data-rank\" data-label=\"Pozycja\">5<\/td><td class=\"data-name has-logo\" data-label=\"Klub\"><a href=\"https:\/\/lfsportevents.pl\/ligaorlika2023\/team\/gotoma\/\"><span class=\"team-logo\"><img width=\"84\" height=\"128\" src=\"https:\/\/lfsportevents.pl\/ligaorlika2023\/wp-content\/uploads\/2022\/03\/Gotoma-removebg-preview-84x128.png\" class=\"attachment-sportspress-fit-icon size-sportspress-fit-icon wp-post-image\" alt=\"\" loading=\"lazy\" \/><\/span>Gotoma<\/a><\/td><\/tr><tr class=\"even sp-row-no-5\"><td class=\"data-rank\" data-label=\"Pozycja\">6<\/td><td class=\"data-name has-logo\" data-label=\"Klub\"><a href=\"https:\/\/lfsportevents.pl\/ligaorlika2023\/team\/drez-bud-dlugoleka\/\"><span class=\"team-logo\"><img width=\"128\" height=\"128\" src=\"https:\/\/lfsportevents.pl\/ligaorlika2023\/wp-content\/uploads\/2023\/03\/Drez-Bud-Dlugoleka-128x128.png\" class=\"attachment-sportspress-fit-icon size-sportspress-fit-icon wp-post-image\" alt=\"\" loading=\"lazy\" \/><\/span>Drez-Bud D\u0142ugo\u0142\u0119ka<\/a><\/td><\/tr><tr class=\"odd sp-row-no-6\"><td class=\"data-rank\" data-label=\"Pozycja\">7<\/td><td class=\"data-name has-logo\" data-label=\"Klub\"><a href=\"https:\/\/lfsportevents.pl\/ligaorlika2023\/team\/nsix-data-center\/\"><span class=\"team-logo\"><img width=\"128\" height=\"67\" src=\"https:\/\/lfsportevents.pl\/ligaorlika2023\/wp-content\/uploads\/2023\/03\/Nsix-Data-Center-128x67.jpg\" class=\"attachment-sportspress-fit-icon size-sportspress-fit-icon wp-post-image\" alt=\"\" loading=\"lazy\" \/><\/span>NSIX Data Center<\/a><\/td><\/tr><tr class=\"even sp-row-no-7\"><td class=\"data-rank\" data-label=\"Pozycja\">8<\/td><td class=\"data-name has-logo\" data-label=\"Klub\"><a href=\"https:\/\/lfsportevents.pl\/ligaorlika2023\/team\/afc-eskulap\/\"><span class=\"team-logo\"><img width=\"128\" height=\"122\" src=\"https:\/\/lfsportevents.pl\/ligaorlika2023\/wp-content\/uploads\/2022\/03\/AFC-Eskulap-128x122.jpg\" class=\"attachment-sportspress-fit-icon size-sportspress-fit-icon wp-post-image\" alt=\"\" loading=\"lazy\" \/><\/span>AFC Eskulap<\/a><\/td><\/tr><tr class=\"odd sp-row-no-8\"><td class=\"data-rank\" data-label=\"Pozycja\">9<\/td><td class=\"data-name has-logo\" data-label=\"Klub\"><a href=\"https:\/\/lfsportevents.pl\/ligaorlika2023\/team\/alex-zakliczyn\/\"><span class=\"team-logo\"><img width=\"128\" height=\"39\" src=\"https:\/\/lfsportevents.pl\/ligaorlika2023\/wp-content\/uploads\/2020\/06\/Alex-Zakliczyn-128x39.png\" class=\"attachment-sportspress-fit-icon size-sportspress-fit-icon wp-post-image\" alt=\"\" loading=\"lazy\" \/><\/span>Alex Zakliczyn<\/a><\/td><\/tr><tr class=\"even sp-row-no-9\"><td class=\"data-rank\" data-label=\"Pozycja\">10<\/td><td class=\"data-name has-logo\" data-label=\"Klub\"><a href=\"https:\/\/lfsportevents.pl\/ligaorlika2023\/team\/gold-team-meble-lorek-junior\/\"><span class=\"team-logo\"><img width=\"128\" height=\"42\" src=\"https:\/\/lfsportevents.pl\/ligaorlika2023\/wp-content\/uploads\/2016\/03\/Meble-Lorek-1-128x42.png\" class=\"attachment-sportspress-fit-icon size-sportspress-fit-icon wp-post-image\" alt=\"\" loading=\"lazy\" \/><\/span>Gold Team\/Meble Lorek Junior<\/a><\/td><\/tr><\/tbody><\/table><\/div><\/div>\n<\/div>\n","protected":false},"excerpt":{"rendered":"","protected":false},"author":1,"featured_media":0,"parent":21008,"menu_order":0,"comment_status":"closed","ping_status":"closed","template":"","meta":[],"_links":{"self":[{"href":"https:\/\/lfsportevents.pl\/ligaorlika2023\/wp-json\/wp\/v2\/pages\/21012"}],"collection":[{"href":"https:\/\/lfsportevents.pl\/ligaorlika2023\/wp-json\/wp\/v2\/pages"}],"about":[{"href":"https:\/\/lfsportevents.pl\/ligaorlika2023\/wp-json\/wp\/v2\/types\/page"}],"author":[{"embeddable":true,"href":"https:\/\/lfsportevents.pl\/ligaorlika2023\/wp-json\/wp\/v2\/users\/1"}],"replies":[{"embeddable":true,"href":"https:\/\/lfsportevents.pl\/ligaorlika2023\/wp-json\/wp\/v2\/comments?post=21012"}],"version-history":[{"count":2,"href":"https:\/\/lfsportevents.pl\/ligaorlika2023\/wp-json\/wp\/v2\/pages\/21012\/revisions"}],"predecessor-version":[{"id":23779,"href":"https:\/\/lfsportevents.pl\/ligaorlika2023\/wp-json\/wp\/v2\/pages\/21012\/revisions\/23779"}],"up":[{"embeddable":true,"href":"https:\/\/lfsportevents.pl\/ligaorlika2023\/wp-json\/wp\/v2\/pages\/21008"}],"wp:attachment":[{"href":"https:\/\/lfsportevents.pl\/ligaorlika2023\/wp-json\/wp\/v2\/media?parent=21012"}],"curies":[{"name":"wp","href":"https:\/\/api.w.org\/{rel}","templated":true}]}}