{"id":17925,"date":"2018-10-31T21:52:01","date_gmt":"2018-10-31T20:52:01","guid":{"rendered":"https:\/\/lfsportevents.pl\/ligaorlika2023\/?page_id=17925"},"modified":"2024-03-13T22:40:17","modified_gmt":"2024-03-13T21:40:17","slug":"gala","status":"publish","type":"page","link":"https:\/\/lfsportevents.pl\/ligaorlika2023\/gala\/","title":{"rendered":"Gala"},"content":{"rendered":"<h3 style=\"text-align: left;\"><a href=\"https:\/\/www.facebook.com\/100032994924209\/videos\/379358808379332\" target=\"_blank\" rel=\"noopener\"><span style=\"color: #993300;\">FILM Z GALI ZAKO\u0143CZENIA<\/span><\/a><\/h3>\n<h3><a href=\"https:\/\/www.facebook.com\/media\/set\/?set=a.776279690148521&amp;type=3\" target=\"_blank\" rel=\"noopener\"><span style=\"color: #993300;\">Gala Zako\u0144czenia Sufigs Ligi Orlika 2022. Cz.1 &#8211; Wr\u0119czenie nagr\u00f3d<\/span>\u00a0<\/a><\/h3>\n<h3><a href=\"https:\/\/www.facebook.com\/media\/set\/?set=a.776307213479102&amp;type=3\" target=\"_blank\" rel=\"noopener\"><span style=\"color: #993300;\">Gala Zako\u0144czenia Sufigs Ligi Orlika 2022. Cz.2 &#8211; Zabawa<\/span><\/a><\/h3>\n<p>&nbsp;<\/p>\n<p>&nbsp;<\/p>\n","protected":false},"excerpt":{"rendered":"<p>FILM Z GALI ZAKO\u0143CZENIA Gala Zako\u0144czenia Sufigs Ligi Orlika 2022. Cz.1 &#8211; Wr\u0119czenie nagr\u00f3d\u00a0 Gala Zako\u0144czenia Sufigs Ligi Orlika 2022. Cz.2 &#8211; Zabawa &nbsp; &nbsp;<\/p>\n","protected":false},"author":1,"featured_media":0,"parent":0,"menu_order":0,"comment_status":"closed","ping_status":"closed","template":"","meta":[],"_links":{"self":[{"href":"https:\/\/lfsportevents.pl\/ligaorlika2023\/wp-json\/wp\/v2\/pages\/17925"}],"collection":[{"href":"https:\/\/lfsportevents.pl\/ligaorlika2023\/wp-json\/wp\/v2\/pages"}],"about":[{"href":"https:\/\/lfsportevents.pl\/ligaorlika2023\/wp-json\/wp\/v2\/types\/page"}],"author":[{"embeddable":true,"href":"https:\/\/lfsportevents.pl\/ligaorlika2023\/wp-json\/wp\/v2\/users\/1"}],"replies":[{"embeddable":true,"href":"https:\/\/lfsportevents.pl\/ligaorlika2023\/wp-json\/wp\/v2\/comments?post=17925"}],"version-history":[{"count":2,"href":"https:\/\/lfsportevents.pl\/ligaorlika2023\/wp-json\/wp\/v2\/pages\/17925\/revisions"}],"predecessor-version":[{"id":31672,"href":"https:\/\/lfsportevents.pl\/ligaorlika2023\/wp-json\/wp\/v2\/pages\/17925\/revisions\/31672"}],"wp:attachment":[{"href":"https:\/\/lfsportevents.pl\/ligaorlika2023\/wp-json\/wp\/v2\/media?parent=17925"}],"curies":[{"name":"wp","href":"https:\/\/api.w.org\/{rel}","templated":true}]}}