{"id":11156,"date":"2017-07-26T23:35:06","date_gmt":"2017-07-26T21:35:06","guid":{"rendered":"https:\/\/lfsportevents.pl\/ligaorlika2023\/?page_id=11156"},"modified":"2023-08-11T15:44:57","modified_gmt":"2023-08-11T13:44:57","slug":"regulamin","status":"publish","type":"page","link":"https:\/\/lfsportevents.pl\/ligaorlika2023\/regulamin\/","title":{"rendered":"Okienko transferowe"},"content":{"rendered":"<h1 style=\"text-align: center;\"><strong><span style=\"color: #993300;\">OKIENKO TRANSFEROWE\u00a0<\/span><\/strong><\/h1>\n<h2 style=\"text-align: center;\"><span style=\"color: #339966;\"><strong>otwarcie okienka &#8211; 16.06.2023<\/strong><br \/>\n<\/span><\/h2>\n<h2 style=\"text-align: center;\"><span style=\"color: #ff0000;\"><strong>Zamkni\u0119cie okienka &#8211; 30.07.2023<br \/>\n<\/strong><\/span><\/h2>\n<p>&nbsp;<\/p>\n<h3><strong>LISTA TRANSFEROWA:<\/strong><span style=\"color: #993300;\"><strong>\u00a0<\/strong><\/span><\/h3>\n<p><strong><span style=\"color: #ff0000;\">ODSZED\u0141<\/span><\/strong> &#8211; Adrian Salamon &#8211; NSIX Data Center<br \/>\n<strong><span style=\"color: #008000;\">PRZYSZED\u0141<\/span><\/strong> &#8211; Mateusz Horowski &#8211; NSIX Data Center<br \/>\n<strong><span style=\"color: #008000;\">PRZYSZED\u0141<\/span><\/strong> &#8211; Piotr Kolasa &#8211; NSIX Data Center<br \/>\n<strong><span style=\"color: #ff0000;\">ODSZED\u0141<\/span><\/strong> &#8211; Marcin Paw\u0142owski &#8211; Alex Zakliczyn<br \/>\n<strong><span style=\"color: #008000;\">PRZYSZED\u0141<\/span><\/strong> &#8211; Damian Falkowski &#8211; Alex Zakliczyn<br \/>\n<strong><span style=\"color: #ff0000;\">ODSZED\u0141<\/span><\/strong> &#8211; Krzysztof Ogar &#8211; Alex Zakliczyn<br \/>\n<strong><span style=\"color: #008000;\">PRZYSZED\u0141<\/span><\/strong> &#8211; Mariusz Kiero\u0144ski &#8211; Alex Zakliczyn<br \/>\n<strong><span style=\"color: #ff0000;\">ODSZED\u0141<\/span><\/strong> &#8211; Daniel Skrzypiec &#8211; Wi\u015bniowski<br \/>\n<strong><span style=\"color: #008000;\">PRZYSZED\u0141<\/span><\/strong> &#8211; Daniel Skrzypiec &#8211; Bruk Ogr\u00f3d Nowak<br \/>\n<strong><span style=\"color: #ff0000;\">ODSZED\u0141<\/span><\/strong> &#8211; Karol Klimek &#8211; Stal-Bud Nawojowa<br \/>\n<strong><span style=\"color: #008000;\">PRZYSZED\u0141<\/span><\/strong> &#8211; Karol Klimek &#8211; G\u0142odzik i Smajdor Team<br \/>\n<strong><span style=\"color: #ff0000;\">ODSZED\u0141<\/span><\/strong> &#8211; Szymon Grocholewski &#8211; G\u0142odzik i Smajdor Team<br \/>\n<strong><span style=\"color: #008000;\">PRZYSZED\u0141<\/span><\/strong> &#8211; Fabian Konar &#8211; Stal-Bud Nawojowa<br \/>\n<strong><span style=\"color: #008000;\">PRZYSZED\u0141<\/span><\/strong> &#8211; Jakub Bodziony &#8211; Bysek Team<br \/>\n<strong><span style=\"color: #008000;\">PRZYSZED\u0141<\/span><\/strong> &#8211; Piotr Ci\u0105g\u0142o &#8211; Bysek Team<br \/>\n<strong><span style=\"color: #008000;\">PRZYSZED\u0141<\/span><\/strong> &#8211; \u0141ukasz Skrzypiec &#8211; Mak-Bud<br \/>\n<strong><span style=\"color: #ff0000;\">ODSZED\u0141 &#8211;<\/span><\/strong><span style=\"color: #ff0000;\">\u00a0<\/span><span style=\"color: #ff0000;\"><span style=\"color: #000000;\">Micha\u0142 Kurzeja &#8211; Karpater<\/span><\/span><br \/>\n<strong><span style=\"color: #ff0000;\">ODSZED\u0141 &#8211;<\/span><\/strong><span style=\"color: #ff0000;\">\u00a0<\/span><span style=\"color: #ff0000;\"><span style=\"color: #000000;\">Mateusz Le\u015bniak &#8211; Karpater<\/span><\/span><br \/>\n<strong><span style=\"color: #ff0000;\">ODSZED\u0141 &#8211;<\/span><\/strong><span style=\"color: #ff0000;\">\u00a0<\/span><span style=\"color: #ff0000;\"><span style=\"color: #000000;\">Antoni \u015aliwa &#8211; Karpater<\/span><\/span><br \/>\n<strong><span style=\"color: #008000;\">PRZYSZED\u0141<\/span><\/strong> &#8211; Hubert \u015awitecki &#8211; Karpater<br \/>\n<strong><span style=\"color: #ff0000;\">ODSZED\u0141 &#8211;\u00a0<\/span><\/strong><span style=\"color: #ff0000;\"><span style=\"color: #333333;\">Tomasz Mikulec &#8211; Pabud<\/span><\/span><br \/>\n<strong><span style=\"color: #008000;\">PRZYSZED\u0141<\/span><\/strong> &#8211; Sebastian Ciapa\u0142a &#8211; Pabud<br \/>\n<strong><span style=\"color: #ff0000;\">ODSZED\u0141 &#8211;\u00a0<\/span><\/strong><span style=\"color: #ff0000;\"><span style=\"color: #333333;\">Kacper Adamiec &#8211; Mariposa Med-Spa<\/span><\/span><br \/>\n<strong><span style=\"color: #008000;\">PRZYSZED\u0141<\/span><\/strong> &#8211; Tomasz Wojs\u0142aw &#8211; Mariposa Med-Spa<br \/>\n<strong><span style=\"color: #ff0000;\">ODSZED\u0141 &#8211;\u00a0<\/span><\/strong><span style=\"color: #ff0000;\"><span style=\"color: #333333;\">\u0141ukasz Kr\u00f3l &#8211; Auto Spa Greenpowerns<\/span><\/span><br \/>\n<strong><span style=\"color: #008000;\">PRZYSZED\u0141<\/span><\/strong> &#8211; Albert W\u0105sowicz &#8211; Auto Spa Greenpowerns<br \/>\n<strong><span style=\"color: #008000;\">PRZYSZED\u0141<\/span><\/strong> &#8211; \u0141ukasz Kij &#8211; Sandecja Old Boys<br \/>\n<strong><span style=\"color: #008000;\">PRZYSZED\u0141<\/span><\/strong> &#8211; Grzegorz \u017barnowski &#8211; Sandecja Old Boys<br \/>\n<strong><span style=\"color: #008000;\">PRZYSZED\u0141<\/span><\/strong> &#8211; Arkadiusz Aleksander &#8211; Sandecja Old Boys<br \/>\n<strong><span style=\"color: #ff0000;\">ODSZED\u0141 &#8211;<\/span><\/strong><span style=\"color: #ff0000;\">\u00a0<\/span><span style=\"color: #ff0000;\"><span style=\"color: #000000;\">Konrad S\u0142owik &#8211; Drip Shop &amp; Pakersi<\/span><\/span><br \/>\n<strong><span style=\"color: #ff0000;\">ODSZED\u0141 &#8211;<\/span><\/strong> Robert Oleksy &#8211; Drip Shop &amp; Pakersi<br \/>\n<strong><span style=\"color: #ff0000;\">ODSZED\u0141 &#8211;<\/span><\/strong><span style=\"color: #ff0000;\">\u00a0<\/span><span style=\"color: #ff0000;\"><span style=\"color: #000000;\">Adam Bug &#8211; Drip Shop &amp; Pakersi<\/span><\/span><br \/>\n<strong><span style=\"color: #008000;\">PRZYSZED\u0141<\/span><\/strong> &#8211; Artur Homoncik &#8211; G\u0142odzik i Smajdor Team<br \/>\n<strong><span style=\"color: #008000;\">PRZYSZED\u0141<\/span><\/strong> &#8211; Grzegorz Maciaszek &#8211; Tylicz.Ski<br \/>\n<strong><span style=\"color: #008000;\">PRZYSZED\u0141<\/span><\/strong> &#8211; Adam Obrzud &#8211; Gr\u00f3d Czop Podegrodzie<br \/>\n<strong><span style=\"color: #ff0000;\">ODSZED\u0141 &#8211;<\/span><\/strong> Tomasz Dara &#8211; Bastek Garnitury<br \/>\n<strong><span style=\"color: #008000;\">PRZYSZED\u0141<\/span><\/strong> &#8211; Bogdan Zgrzeblak &#8211; Bastek Garnitury<br \/>\n<strong><span style=\"color: #008000;\">PRZYSZED\u0141<\/span><\/strong> &#8211; Bart\u0142omiej Baran &#8211; Bruno<br \/>\n<strong><span style=\"color: #008000;\">PRZYSZED\u0141<\/span><\/strong> &#8211; Mateusz Zelek &#8211; Bruno<br \/>\n<strong><span style=\"color: #ff0000;\">ODSZED\u0141 &#8211;<\/span><\/strong><span style=\"color: #ff0000;\">\u00a0<\/span><span style=\"color: #ff0000;\"><span style=\"color: #000000;\">Piotr Kuchnia &#8211; Drez-Bud D\u0142ugo\u0142\u0119ka<\/span><\/span><br \/>\n<strong><span style=\"color: #ff0000;\">ODSZED\u0141 &#8211;<\/span><\/strong> Wiktor Kuzar &#8211; Drez-Bud D\u0142ugo\u0142\u0119ka<br \/>\n<strong><span style=\"color: #ff0000;\">ODSZED\u0141 &#8211;<\/span><\/strong> <span style=\"color: #ff0000;\"><span style=\"color: #000000;\">Grzegorz Jawor &#8211; Drez-Bud D\u0142ugo\u0142\u0119ka<\/span><\/span><br \/>\n<strong><span style=\"color: #ff0000;\">ODSZED\u0141 &#8211;<\/span><\/strong> Zbigniew Banasik &#8211; Instal-Tech<br \/>\n<strong><span style=\"color: #ff0000;\">ODSZED\u0141 &#8211;<\/span><\/strong> <span style=\"color: #ff0000;\"><span style=\"color: #000000;\">Szymon Michalik &#8211; Instal-Tech<\/span><\/span><br \/>\n<strong><span style=\"color: #008000;\">PRZYSZED\u0141<\/span><\/strong> &#8211; Kacper Tokarczyk &#8211; Instal-Tech<br \/>\n<strong><span style=\"color: #ff0000;\">ODSZED\u0141 &#8211;<\/span><\/strong> Patryk Por\u0119ba &#8211; Gold Team\/Meble Lorek Junior<br \/>\n<strong><span style=\"color: #ff0000;\">ODSZED\u0141 &#8211;<\/span><\/strong> Mi\u0142osz Marcinowski &#8211; Gold Team\/Meble Lorek Junior<br \/>\n<strong><span style=\"color: #008000;\">PRZYSZED\u0141<\/span><\/strong> &#8211; Bartosz Dro\u017ad\u017c &#8211; Gold Team\/Meble Lorek Junior<br \/>\n<strong><span style=\"color: #008000;\">PRZYSZED\u0141<\/span><\/strong> &#8211; Jan Szarata &#8211; Ibis Styles N.S.<br \/>\n<strong><span style=\"color: #008000;\">PRZYSZED\u0141<\/span><\/strong> &#8211; Mateusz Migacz &#8211; Drip Shop &amp; Pakersi<br \/>\n<strong><span style=\"color: #ff0000;\">ODSZED\u0141<\/span><\/strong> &#8211; Fabian Konar &#8211; Stal-Bud Nawojowa<br \/>\n<strong><span style=\"color: #ff0000;\">ODSZED\u0141<\/span><\/strong> &#8211; Patryk G\u00f3rka &#8211; G\u0142odzik i Smajdor Team<br \/>\n<strong><span style=\"color: #ff0000;\">ODSZED\u0141<\/span><\/strong> &#8211; Krystian Wojciechowski &#8211; G\u0142odzik i Smajdor Team<br \/>\n<strong><span style=\"color: #008000;\">PRZYSZED\u0141<\/span><\/strong> &#8211; Krystian Wojciechowski &#8211; Baz Pal<br \/>\n<strong><span style=\"color: #ff0000;\">ODSZED\u0141 &#8211;<\/span><\/strong><span style=\"color: #ff0000;\">\u00a0<\/span><span style=\"color: #ff0000;\"><span style=\"color: #000000;\">Mihail Anujula &#8211; Nuevo Galactico<\/span><\/span><br \/>\n<strong><span style=\"color: #ff0000;\">ODSZED\u0141 &#8211;<\/span><\/strong> Piotr Janisz &#8211; Nuevo Galactico<br \/>\n<strong><span style=\"color: #ff0000;\">ODSZED\u0141 &#8211;<\/span><\/strong> \u0141ukasz K\u0119ska &#8211; Nuevo Galactico<br \/>\n<strong><span style=\"color: #ff0000;\">ODSZED\u0141 &#8211;<\/span><\/strong> <span style=\"color: #ff0000;\"><span style=\"color: #000000;\">Jakub Nowak &#8211; S\u0105czersi<\/span><\/span><br \/>\n<strong><span style=\"color: #ff0000;\">ODSZED\u0141<\/span><\/strong> &#8211; Kacper Ormia\u0144ski &#8211; Baz Pal<br \/>\n<strong><span style=\"color: #008000;\">PRZYSZED\u0141<\/span><\/strong> &#8211; Kacper Ormia\u0144ski &#8211; Mak-Bud<br \/>\n<strong><span style=\"color: #008000;\">PRZYSZED\u0141<\/span><\/strong> &#8211; Dominik Jab\u0142o\u0144ski &#8211; Baz Pal<br \/>\n<strong><span style=\"color: #ff0000;\">ODSZED\u0141<\/span><\/strong> &#8211; Kacper \u017buchowicz &#8211; Baz Pal<br \/>\n<strong><span style=\"color: #ff0000;\">ODSZED\u0141<\/span><\/strong> &#8211; Dawid Kie\u0142basa &#8211; Mak-Bud<br \/>\n<strong><span style=\"color: #ff0000;\">ODSZED\u0141<\/span><\/strong> &#8211; Bogdan Zgrzeblak &#8211; Bastek Garnitury<br \/>\n<strong><span style=\"color: #ff0000;\">ODSZED\u0141 &#8211;<\/span><\/strong> <span style=\"color: #ff0000;\"><span style=\"color: #000000;\">Adrian Tobiasz &#8211; MZTS piotrekwozniak.pl<\/span><\/span><br \/>\n<strong><span style=\"color: #008000;\">PRZYSZED\u0141<\/span><\/strong> &#8211; Adrian Tobiasz &#8211; Galacticos Team<br \/>\n<strong><span style=\"color: #ff0000;\">ODSZED\u0141 &#8211;<\/span><\/strong> <span style=\"color: #ff0000;\"><span style=\"color: #000000;\">\u0141ukasz Fryc &#8211; MZTS piotrekwozniak.pl<\/span><\/span><br \/>\n<strong><span style=\"color: #008000;\">PRZYSZED\u0141<\/span><\/strong> &#8211; \u0141ukasz Fryc &#8211; Instal-Tech<br \/>\n<strong><span style=\"color: #ff0000;\">ODSZED\u0141 &#8211;<\/span><\/strong> <span style=\"color: #ff0000;\"><span style=\"color: #000000;\">Mateusz Zaryczny &#8211; MZTS piotrekwozniak.pl<\/span><\/span><br \/>\n<strong><span style=\"color: #ff0000;\">ODSZED\u0141 &#8211;<\/span><\/strong> <span style=\"color: #ff0000;\"><span style=\"color: #000000;\">Dawid Kie\u0142basa &#8211; Bruk Ogr\u00f3d Nowak<\/span><\/span><br \/>\n<strong><span style=\"color: #ff0000;\">ODSZED\u0141 &#8211;<\/span><\/strong> Konrad Koron<span style=\"color: #ff0000;\"><span style=\"color: #000000;\">\u00a0&#8211; Bruk Ogr\u00f3d Nowak<\/span><\/span><br \/>\n<strong><span style=\"color: #008000;\">PRZYSZED\u0141<\/span><\/strong> &#8211; Bogdan Zgrzeblak &#8211; Tylicz.Ski<br \/>\n<strong><span style=\"color: #ff0000;\">ODSZED\u0141 &#8211;<\/span><\/strong> Szymon Witek &#8211; Gotoma<br \/>\n<strong><span style=\"color: #008000;\">PRZYSZED\u0141<\/span><\/strong> &#8211; Karol Michalik &#8211; Gotoma<br \/>\n<strong><span style=\"color: #ff0000;\">ODSZED\u0141 &#8211;<\/span><\/strong> <span style=\"color: #ff0000;\"><span style=\"color: #000000;\">Pawe\u0142 Mateja &#8211; Batimowcy<\/span><\/span><br \/>\n<strong><span style=\"color: #ff0000;\">ODSZED\u0141 &#8211;<\/span><\/strong> <span style=\"color: #ff0000;\"><span style=\"color: #000000;\">Daniel Kowalik &#8211; Batimowcy<\/span><\/span><br \/>\n<strong><span style=\"color: #ff0000;\">ODSZED\u0141 &#8211;<\/span><\/strong> Damian Nedza &#8211; Batimowcy<br \/>\n<strong><span style=\"color: #ff0000;\">ODSZED\u0141 &#8211;<\/span><\/strong> <span style=\"color: #ff0000;\"><span style=\"color: #000000;\">Adrian Wr\u00f3bel &#8211; Gr\u00f3d Czop Podegrodzie<\/span><\/span><br \/>\n<strong><span style=\"color: #ff0000;\">ODSZED\u0141 &#8211;<\/span><\/strong> Adrian Szeliga &#8211; Gr\u00f3d Czop Podegrodzie<br \/>\n<strong><span style=\"color: #ff0000;\">ODSZED\u0141 &#8211;<\/span><\/strong> Tomasz Olesiak &#8211; Gr\u00f3d Czop Podegrodzie<br \/>\n<strong><span style=\"color: #ff0000;\">ODSZED\u0141 &#8211;<\/span><\/strong> Jakub Czy\u017c &#8211; Mak-Bud<br \/>\n<strong><span style=\"color: #008000;\">PRZYSZED\u0141<\/span><\/strong> &#8211; Karol Michalik &#8211; Gotom<br \/>\n<strong><span style=\"color: #ff0000;\">ODSZED\u0141 &#8211;<\/span><\/strong> Janusz Dziadu\u0142a &#8211; Mar-Hom<\/p>\n<p>&nbsp;<\/p>\n<p>&nbsp;<\/p>\n<h3><span style=\"color: #993300;\"><strong>Regulamin Okienka Transferowego.<\/strong><\/span><\/h3>\n<ul>\n<li>Mo\u017cliwe jest dopisanie 3 zawodnik\u00f3w do listy, maksymalnie do 18 os\u00f3b<\/li>\n<li>Je\u015bli dru\u017cyna posiada pe\u0142n\u0105 list\u0119 18 os\u00f3b, to mo\u017cemy skre\u015bli\u0107 pi\u0142karzy nieaktywnych i w zamian za ich miejsce zakontraktowa\u0107 nowych.<\/li>\n<li>Mo\u017cemy zrobi\u0107 3 transfery mi\u0119dzy dru\u017cynami.<\/li>\n<li>Nale\u017cy pami\u0119ta\u0107 by nie przekroczy\u0107 limit zawodnik\u00f3w czynnych na dru\u017cyn\u0119.<\/li>\n<li>Mo\u017cna dopisa\u0107 lub wymieni\u0107 zawodnika amatora i czynnego, zgodnie z regulaminem punktu\u00a0V ZESPO\u0141Y I ZAWODNICY\u00a0 podpunktu 4<\/li>\n<li>Amator\u00f3w mo\u017cna wymieni\u0107 dowolnie, czynnych dw\u00f3ch<\/li>\n<li>Ch\u0119\u0107 skorzystania z okienka transferowego, nale\u017cy zg\u0142osi\u0107 tylko i wy\u0142\u0105cznie w formie pisemnej na adres mailowy:\u00a0biuro@lfsportevents.pl lub w razie pyta\u0144 prosimy dzwoni\u0107 na nr tel: 500-758-968<\/li>\n<li>Na stronie www.lfsportevents.pl pojawi\u0142a si\u0119 zak\u0142adka\u00a0<strong>OKIENKO TRANSFEROWE<\/strong>\u00a0gdzie b\u0119d\u0105 podawane informacje o nowych zawodnikach i transferach.<\/li>\n<\/ul>\n","protected":false},"excerpt":{"rendered":"<p>OKIENKO TRANSFEROWE\u00a0 otwarcie okienka &#8211; 16.06.2023 Zamkni\u0119cie okienka &#8211; 30.07.2023 &nbsp; LISTA TRANSFEROWA:\u00a0 ODSZED\u0141 &#8211; Adrian Salamon &#8211; NSIX Data Center PRZYSZED\u0141 &#8211; Mateusz Horowski &#8211; NSIX Data Center PRZYSZED\u0141 &#8211; Piotr Kolasa &#8211; NSIX Data Center ODSZED\u0141 &#8211; Marcin Paw\u0142owski &#8211; Alex Zakliczyn PRZYSZED\u0141 &#8211; Damian Falkowski &#8211; Alex Zakliczyn ODSZED\u0141 &#8211; Krzysztof Ogar [&hellip;]<\/p>\n","protected":false},"author":1,"featured_media":0,"parent":0,"menu_order":0,"comment_status":"closed","ping_status":"closed","template":"","meta":[],"_links":{"self":[{"href":"https:\/\/lfsportevents.pl\/ligaorlika2023\/wp-json\/wp\/v2\/pages\/11156"}],"collection":[{"href":"https:\/\/lfsportevents.pl\/ligaorlika2023\/wp-json\/wp\/v2\/pages"}],"about":[{"href":"https:\/\/lfsportevents.pl\/ligaorlika2023\/wp-json\/wp\/v2\/types\/page"}],"author":[{"embeddable":true,"href":"https:\/\/lfsportevents.pl\/ligaorlika2023\/wp-json\/wp\/v2\/users\/1"}],"replies":[{"embeddable":true,"href":"https:\/\/lfsportevents.pl\/ligaorlika2023\/wp-json\/wp\/v2\/comments?post=11156"}],"version-history":[{"count":2,"href":"https:\/\/lfsportevents.pl\/ligaorlika2023\/wp-json\/wp\/v2\/pages\/11156\/revisions"}],"predecessor-version":[{"id":31093,"href":"https:\/\/lfsportevents.pl\/ligaorlika2023\/wp-json\/wp\/v2\/pages\/11156\/revisions\/31093"}],"wp:attachment":[{"href":"https:\/\/lfsportevents.pl\/ligaorlika2023\/wp-json\/wp\/v2\/media?parent=11156"}],"curies":[{"name":"wp","href":"https:\/\/api.w.org\/{rel}","templated":true}]}}