{"id":11126,"date":"2017-07-20T11:00:41","date_gmt":"2017-07-20T09:00:41","guid":{"rendered":"https:\/\/lfsportevents.pl\/ligaorlika2023\/?page_id=11126"},"modified":"2023-10-06T10:04:18","modified_gmt":"2023-10-06T08:04:18","slug":"video","status":"publish","type":"page","link":"https:\/\/lfsportevents.pl\/ligaorlika2023\/puchar-ligi\/video\/","title":{"rendered":"Video"},"content":{"rendered":"<p><iframe loading=\"lazy\" title=\"Prestige House wygrywa Puchar Ligi Orlika 2023\" width=\"620\" height=\"349\" src=\"https:\/\/www.youtube.com\/embed\/Rknbb_Nx7dg?feature=oembed\" frameborder=\"0\" allow=\"accelerometer; autoplay; clipboard-write; encrypted-media; gyroscope; picture-in-picture; web-share\" allowfullscreen><\/iframe><\/p>\n<p><iframe loading=\"lazy\" title=\"Mateusz Szkar\u0142at (Auto Spa Greenpowerns)\" width=\"620\" height=\"349\" src=\"https:\/\/www.youtube.com\/embed\/nLoMsnM1q-E?feature=oembed\" frameborder=\"0\" allow=\"accelerometer; autoplay; clipboard-write; encrypted-media; gyroscope; picture-in-picture; web-share\" allowfullscreen><\/iframe><\/p>\n<p><iframe loading=\"lazy\" title=\"Mateusz Pomiet\u0142o (S\u0105czersi)\" width=\"620\" height=\"349\" src=\"https:\/\/www.youtube.com\/embed\/Xlfd8PtozF4?feature=oembed\" frameborder=\"0\" allow=\"accelerometer; autoplay; clipboard-write; encrypted-media; gyroscope; picture-in-picture; web-share\" allowfullscreen><\/iframe><\/p>\n<p><iframe loading=\"lazy\" title=\"Marcin Wawruszczak (Gold Team\/Meble Lorek)\" width=\"620\" height=\"349\" src=\"https:\/\/www.youtube.com\/embed\/8A5jEymatSM?feature=oembed\" frameborder=\"0\" allow=\"accelerometer; autoplay; clipboard-write; encrypted-media; gyroscope; picture-in-picture; web-share\" allowfullscreen><\/iframe><\/p>\n<p><iframe loading=\"lazy\" title=\"Maciej Hedwig (Prestige House)\" width=\"620\" height=\"349\" src=\"https:\/\/www.youtube.com\/embed\/jnIr649pV1k?feature=oembed\" frameborder=\"0\" allow=\"accelerometer; autoplay; clipboard-write; encrypted-media; gyroscope; picture-in-picture; web-share\" allowfullscreen><\/iframe><\/p>\n<p><iframe loading=\"lazy\" title=\"Adrian Jawor (S\u0105czersi)\" width=\"620\" height=\"349\" src=\"https:\/\/www.youtube.com\/embed\/0ms7Q9WYJk4?feature=oembed\" frameborder=\"0\" allow=\"accelerometer; autoplay; clipboard-write; encrypted-media; gyroscope; picture-in-picture; web-share\" allowfullscreen><\/iframe><\/p>\n<p><iframe loading=\"lazy\" title=\"Miros\u0142aw Plata (Gold Team\/Meble Lorek)\" width=\"620\" height=\"349\" src=\"https:\/\/www.youtube.com\/embed\/L1rKrfc3Z44?feature=oembed\" frameborder=\"0\" allow=\"accelerometer; autoplay; clipboard-write; encrypted-media; gyroscope; picture-in-picture; web-share\" allowfullscreen><\/iframe><\/p>\n<p><iframe loading=\"lazy\" title=\"Przemys\u0142aw Marsza\u0142ek (Trade)\" width=\"620\" height=\"349\" src=\"https:\/\/www.youtube.com\/embed\/piXNwXBXnOI?feature=oembed\" frameborder=\"0\" allow=\"accelerometer; autoplay; clipboard-write; encrypted-media; gyroscope; picture-in-picture; web-share\" allowfullscreen><\/iframe><\/p>\n<p><iframe loading=\"lazy\" title=\"Wojciech Chru\u015blicki (Stal-Bud Nawojowa)\" width=\"620\" height=\"349\" src=\"https:\/\/www.youtube.com\/embed\/UKgx6VUwDK4?feature=oembed\" frameborder=\"0\" allow=\"accelerometer; autoplay; clipboard-write; encrypted-media; gyroscope; picture-in-picture; web-share\" allowfullscreen><\/iframe><\/p>\n<p><iframe loading=\"lazy\" title=\"Przemys\u0142aw Jasi\u0144ski (Baz Pal)\" width=\"620\" height=\"349\" src=\"https:\/\/www.youtube.com\/embed\/t8PRgtSpE0A?feature=oembed\" frameborder=\"0\" allow=\"accelerometer; autoplay; clipboard-write; encrypted-media; gyroscope; picture-in-picture; web-share\" allowfullscreen><\/iframe><\/p>\n<p><iframe loading=\"lazy\" title=\"Rafa\u0142 Krzak (Auto Spa Greenpowerns)\" width=\"620\" height=\"349\" src=\"https:\/\/www.youtube.com\/embed\/pWuFIO5XPBE?feature=oembed\" frameborder=\"0\" allow=\"accelerometer; autoplay; clipboard-write; encrypted-media; gyroscope; picture-in-picture; web-share\" allowfullscreen><\/iframe><\/p>\n<p><iframe loading=\"lazy\" title=\"Daniel Filipek (Prestige House)\" width=\"620\" height=\"349\" src=\"https:\/\/www.youtube.com\/embed\/-Aa-egz1pGU?feature=oembed\" frameborder=\"0\" allow=\"accelerometer; autoplay; clipboard-write; encrypted-media; gyroscope; picture-in-picture; web-share\" allowfullscreen><\/iframe><\/p>\n<p><iframe loading=\"lazy\" title=\"Mateusz Wilk (Dom Weselny Sylwia)\" width=\"620\" height=\"349\" src=\"https:\/\/www.youtube.com\/embed\/c4e8oU4i7sU?feature=oembed\" frameborder=\"0\" allow=\"accelerometer; autoplay; clipboard-write; encrypted-media; gyroscope; picture-in-picture; web-share\" allowfullscreen><\/iframe><\/p>\n<p><iframe loading=\"lazy\" title=\"Jakub Gri\u0144ski (Tylicz.Ski)\" width=\"620\" height=\"349\" src=\"https:\/\/www.youtube.com\/embed\/Ildroetz5sk?feature=oembed\" frameborder=\"0\" allow=\"accelerometer; autoplay; clipboard-write; encrypted-media; gyroscope; picture-in-picture; web-share\" allowfullscreen><\/iframe><\/p>\n<p><iframe loading=\"lazy\" title=\"\u0141ukasz Szkred (S\u0105czersi)\" width=\"620\" height=\"349\" src=\"https:\/\/www.youtube.com\/embed\/_l6Df0ZL0As?feature=oembed\" frameborder=\"0\" allow=\"accelerometer; autoplay; clipboard-write; encrypted-media; gyroscope; picture-in-picture; web-share\" allowfullscreen><\/iframe><\/p>\n<p><iframe loading=\"lazy\" title=\"Krystian Skocze\u0144 (Trade)\" width=\"620\" height=\"349\" src=\"https:\/\/www.youtube.com\/embed\/luOVJhEqvZs?feature=oembed\" frameborder=\"0\" allow=\"accelerometer; autoplay; clipboard-write; encrypted-media; gyroscope; picture-in-picture; web-share\" allowfullscreen><\/iframe><\/p>\n<p><iframe loading=\"lazy\" title=\"Piotr Basiaga (Batimowcy)\" width=\"620\" height=\"349\" src=\"https:\/\/www.youtube.com\/embed\/QgUvRVzq6N4?feature=oembed\" frameborder=\"0\" allow=\"accelerometer; autoplay; clipboard-write; encrypted-media; gyroscope; picture-in-picture; web-share\" allowfullscreen><\/iframe><\/p>\n<p><iframe loading=\"lazy\" title=\"Tomasz Go\u0142\u0105b (Gotoma)\" width=\"620\" height=\"349\" src=\"https:\/\/www.youtube.com\/embed\/RTogRcXAUfM?feature=oembed\" frameborder=\"0\" allow=\"accelerometer; autoplay; clipboard-write; encrypted-media; gyroscope; picture-in-picture; web-share\" allowfullscreen><\/iframe><\/p>\n<p><iframe loading=\"lazy\" title=\"Nikodem Sikora (Baz Pal)\" width=\"620\" height=\"349\" src=\"https:\/\/www.youtube.com\/embed\/stIoYj6cw4k?feature=oembed\" frameborder=\"0\" allow=\"accelerometer; autoplay; clipboard-write; encrypted-media; gyroscope; picture-in-picture; web-share\" allowfullscreen><\/iframe><\/p>\n<p><iframe loading=\"lazy\" title=\"Bart\u0142omiej Garwol (Gold Team\/Meble Lorek)\" width=\"620\" height=\"349\" src=\"https:\/\/www.youtube.com\/embed\/k9Fj8Ngzprg?feature=oembed\" frameborder=\"0\" allow=\"accelerometer; autoplay; clipboard-write; encrypted-media; gyroscope; picture-in-picture; web-share\" allowfullscreen><\/iframe><\/p>\n<p><iframe loading=\"lazy\" title=\"Sebastian S\u0142owik (Pabud)\" width=\"620\" height=\"349\" src=\"https:\/\/www.youtube.com\/embed\/Iv1uS_VeSeA?feature=oembed\" frameborder=\"0\" allow=\"accelerometer; autoplay; clipboard-write; encrypted-media; gyroscope; picture-in-picture; web-share\" allowfullscreen><\/iframe><\/p>\n<p><iframe loading=\"lazy\" title=\"Mateusz Migacz (Drip Shop &amp; Pakersi)\" width=\"620\" height=\"349\" src=\"https:\/\/www.youtube.com\/embed\/EbCYiusY1_Q?feature=oembed\" frameborder=\"0\" allow=\"accelerometer; autoplay; clipboard-write; encrypted-media; gyroscope; picture-in-picture; web-share\" allowfullscreen><\/iframe><\/p>\n<p><iframe loading=\"lazy\" title=\"Artur Ma\u0142ek (Galacticos Team)\" width=\"620\" height=\"349\" src=\"https:\/\/www.youtube.com\/embed\/7Q0-ZVUww3w?feature=oembed\" frameborder=\"0\" allow=\"accelerometer; autoplay; clipboard-write; encrypted-media; gyroscope; picture-in-picture; web-share\" allowfullscreen><\/iframe><\/p>\n<p><iframe loading=\"lazy\" title=\"Mateusz Kr\u00f3l (Auto Spa Greenpowerns)\" width=\"620\" height=\"349\" src=\"https:\/\/www.youtube.com\/embed\/fFeaeivIiJY?feature=oembed\" frameborder=\"0\" allow=\"accelerometer; autoplay; clipboard-write; encrypted-media; gyroscope; picture-in-picture; web-share\" allowfullscreen><\/iframe><\/p>\n<p><iframe loading=\"lazy\" title=\"Dawid Kr\u00f3l (Karpater)\" width=\"620\" height=\"349\" src=\"https:\/\/www.youtube.com\/embed\/Kxx9N2szS-A?feature=oembed\" frameborder=\"0\" allow=\"accelerometer; autoplay; clipboard-write; encrypted-media; gyroscope; picture-in-picture; web-share\" allowfullscreen><\/iframe><\/p>\n<p><iframe loading=\"lazy\" title=\"Fabian Kie\u0142basa (Prestige House)\" width=\"620\" height=\"349\" src=\"https:\/\/www.youtube.com\/embed\/NqOWKlYnrtI?feature=oembed\" frameborder=\"0\" allow=\"accelerometer; autoplay; clipboard-write; encrypted-media; gyroscope; picture-in-picture; web-share\" allowfullscreen><\/iframe><\/p>\n<p><iframe loading=\"lazy\" title=\"Piotr Jasi\u0144ski (Bruk Ogr\u00f3d Nowak)\" width=\"620\" height=\"349\" src=\"https:\/\/www.youtube.com\/embed\/R3Sxc1JfddM?feature=oembed\" frameborder=\"0\" allow=\"accelerometer; autoplay; clipboard-write; encrypted-media; gyroscope; picture-in-picture; web-share\" allowfullscreen><\/iframe><\/p>\n<p><iframe loading=\"lazy\" title=\"Kacper Krzak (Drez-Bud D\u0142ugo\u0142\u0119ka)\" width=\"620\" height=\"349\" src=\"https:\/\/www.youtube.com\/embed\/5VHyoSSpB5M?feature=oembed\" frameborder=\"0\" allow=\"accelerometer; autoplay; clipboard-write; encrypted-media; gyroscope; picture-in-picture; web-share\" allowfullscreen><\/iframe><\/p>\n<p><iframe loading=\"lazy\" title=\"Mariusz Merklinger (Dom Weselny Sylwia)\" width=\"620\" height=\"349\" src=\"https:\/\/www.youtube.com\/embed\/qt1nBLpJulQ?feature=oembed\" frameborder=\"0\" allow=\"accelerometer; autoplay; clipboard-write; encrypted-media; gyroscope; picture-in-picture; web-share\" allowfullscreen><\/iframe><\/p>\n<p><iframe loading=\"lazy\" title=\"Dawid Pasiut (Bastek Garnitury)\" width=\"620\" height=\"349\" src=\"https:\/\/www.youtube.com\/embed\/r3AF-4k3sXg?feature=oembed\" frameborder=\"0\" allow=\"accelerometer; autoplay; clipboard-write; encrypted-media; gyroscope; picture-in-picture; web-share\" allowfullscreen><\/iframe><\/p>\n<p><iframe loading=\"lazy\" title=\"Kacper Ormia\u0144ski (Mak-Bud)\" width=\"620\" height=\"349\" src=\"https:\/\/www.youtube.com\/embed\/sOCiuIbGmIc?feature=oembed\" frameborder=\"0\" allow=\"accelerometer; autoplay; clipboard-write; encrypted-media; gyroscope; picture-in-picture; web-share\" allowfullscreen><\/iframe><\/p>\n<p><iframe loading=\"lazy\" title=\"Hubert Tomczyk (Mariposa Med-Spa)\" width=\"620\" height=\"349\" src=\"https:\/\/www.youtube.com\/embed\/rxKEFeQxZDw?feature=oembed\" frameborder=\"0\" allow=\"accelerometer; autoplay; clipboard-write; encrypted-media; gyroscope; picture-in-picture; web-share\" allowfullscreen><\/iframe><\/p>\n<p><iframe loading=\"lazy\" title=\"Pawe\u0142 Krok (Stal-Bud Nawojowa)\" width=\"620\" height=\"349\" src=\"https:\/\/www.youtube.com\/embed\/AeR-FNKzbpk?feature=oembed\" frameborder=\"0\" allow=\"accelerometer; autoplay; clipboard-write; encrypted-media; gyroscope; picture-in-picture; web-share\" allowfullscreen><\/iframe><\/p>\n<p><iframe loading=\"lazy\" title=\"Daniel Majeran (MZTS Piotrekwozniak.pl)\" width=\"620\" height=\"349\" src=\"https:\/\/www.youtube.com\/embed\/ddvT9ONc_28?feature=oembed\" frameborder=\"0\" allow=\"accelerometer; autoplay; clipboard-write; encrypted-media; gyroscope; picture-in-picture; web-share\" allowfullscreen><\/iframe><\/p>\n<p><iframe loading=\"lazy\" title=\"Krzysztof Twardowski (MZTS piotrekwozniak.pl\" width=\"620\" height=\"349\" src=\"https:\/\/www.youtube.com\/embed\/KGLYjlwhj2s?feature=oembed\" frameborder=\"0\" allow=\"accelerometer; autoplay; clipboard-write; encrypted-media; gyroscope; picture-in-picture; web-share\" allowfullscreen><\/iframe><\/p>\n<p><iframe loading=\"lazy\" title=\"Grzegorz Szewczyk (Bastek Garnitury)\" width=\"620\" height=\"349\" src=\"https:\/\/www.youtube.com\/embed\/IN24mBGoQdM?feature=oembed\" frameborder=\"0\" allow=\"accelerometer; autoplay; clipboard-write; encrypted-media; gyroscope; picture-in-picture; web-share\" allowfullscreen><\/iframe><\/p>\n<p><iframe loading=\"lazy\" title=\"Szymon Kmiecik (Honer)\" width=\"620\" height=\"349\" src=\"https:\/\/www.youtube.com\/embed\/U_G_3JJowNM?feature=oembed\" frameborder=\"0\" allow=\"accelerometer; autoplay; clipboard-write; encrypted-media; gyroscope; picture-in-picture; web-share\" allowfullscreen><\/iframe><\/p>\n<p><iframe loading=\"lazy\" title=\"Maciej Bartkowiak (Mak-Bud)\" width=\"620\" height=\"349\" src=\"https:\/\/www.youtube.com\/embed\/fsLOTjQqjKQ?feature=oembed\" frameborder=\"0\" allow=\"accelerometer; autoplay; clipboard-write; encrypted-media; gyroscope; picture-in-picture; web-share\" allowfullscreen><\/iframe><\/p>\n<p><iframe loading=\"lazy\" title=\"Mateusz \u0141agosz (Bruk-Ogr\u00f3d-Nowak)\" width=\"620\" height=\"349\" src=\"https:\/\/www.youtube.com\/embed\/GcLk8lB4Ibk?feature=oembed\" frameborder=\"0\" allow=\"accelerometer; autoplay; clipboard-write; encrypted-media; gyroscope; picture-in-picture; web-share\" allowfullscreen><\/iframe><\/p>\n<p><iframe loading=\"lazy\" title=\"Karol Klimek (Stal-Bud Nawojowa)\" width=\"620\" height=\"349\" src=\"https:\/\/www.youtube.com\/embed\/oK2T3rgsJAk?feature=oembed\" frameborder=\"0\" allow=\"accelerometer; autoplay; clipboard-write; encrypted-media; gyroscope; picture-in-picture; web-share\" allowfullscreen><\/iframe><\/p>\n<p><iframe loading=\"lazy\" title=\"S\u0142awomir Rutkowski (Mariposa Med-Spa)\" width=\"620\" height=\"349\" src=\"https:\/\/www.youtube.com\/embed\/8ZS21CFqGDs?feature=oembed\" frameborder=\"0\" allow=\"accelerometer; autoplay; clipboard-write; encrypted-media; gyroscope; picture-in-picture; web-share\" allowfullscreen><\/iframe><\/p>\n<p><iframe loading=\"lazy\" title=\"Patryk Lorek (Drez-Bud D\u0142ugo\u0142\u0119ka)\" width=\"620\" height=\"349\" src=\"https:\/\/www.youtube.com\/embed\/IW_l66XTK-I?feature=oembed\" frameborder=\"0\" allow=\"accelerometer; autoplay; clipboard-write; encrypted-media; gyroscope; picture-in-picture; web-share\" allowfullscreen><\/iframe><\/p>\n<p><iframe loading=\"lazy\" title=\"Rafa\u0142 Zi\u0119ba (Tylicz.Ski)\" width=\"620\" height=\"349\" src=\"https:\/\/www.youtube.com\/embed\/pyk9dmHOsOQ?feature=oembed\" frameborder=\"0\" allow=\"accelerometer; autoplay; clipboard-write; encrypted-media; gyroscope; picture-in-picture; web-share\" allowfullscreen><\/iframe><\/p>\n<p><iframe loading=\"lazy\" title=\"Piotr Basiaga (Batimowcy)\" width=\"620\" height=\"349\" src=\"https:\/\/www.youtube.com\/embed\/fWfuRlXqwWA?feature=oembed\" frameborder=\"0\" allow=\"accelerometer; autoplay; clipboard-write; encrypted-media; gyroscope; picture-in-picture; web-share\" allowfullscreen><\/iframe><\/p>\n<p><iframe loading=\"lazy\" title=\"Jakub Olchawa (Prestige House)\" width=\"620\" height=\"349\" src=\"https:\/\/www.youtube.com\/embed\/6l5jDLxHgLs?feature=oembed\" frameborder=\"0\" allow=\"accelerometer; autoplay; clipboard-write; encrypted-media; gyroscope; picture-in-picture; web-share\" allowfullscreen><\/iframe><\/p>\n<p><iframe loading=\"lazy\" title=\"\u0141ukasz Halibart (Karpater)\" width=\"620\" height=\"349\" src=\"https:\/\/www.youtube.com\/embed\/yNFu8ZaEYxM?feature=oembed\" frameborder=\"0\" allow=\"accelerometer; autoplay; clipboard-write; encrypted-media; gyroscope; picture-in-picture; web-share\" allowfullscreen><\/iframe><\/p>\n<p><iframe loading=\"lazy\" title=\"Patryk Twardowski (Gold Team\/Meble Lorek)\" width=\"620\" height=\"349\" src=\"https:\/\/www.youtube.com\/embed\/R74ykdz8KJA?feature=oembed\" frameborder=\"0\" allow=\"accelerometer; autoplay; clipboard-write; encrypted-media; gyroscope; picture-in-picture; web-share\" allowfullscreen><\/iframe><\/p>\n<p><iframe loading=\"lazy\" title=\"Piotr Piotrowski (S\u0105czersi)\" width=\"620\" height=\"349\" src=\"https:\/\/www.youtube.com\/embed\/iQ4LJNQclXE?feature=oembed\" frameborder=\"0\" allow=\"accelerometer; autoplay; clipboard-write; encrypted-media; gyroscope; picture-in-picture; web-share\" allowfullscreen><\/iframe><\/p>\n<p><iframe loading=\"lazy\" title=\"Pawe\u0142 Poremba (Galacticos Team)\" width=\"620\" height=\"349\" src=\"https:\/\/www.youtube.com\/embed\/7hNQrJT50yU?feature=oembed\" frameborder=\"0\" allow=\"accelerometer; autoplay; clipboard-write; encrypted-media; gyroscope; picture-in-picture; web-share\" allowfullscreen><\/iframe><\/p>\n<p><iframe loading=\"lazy\" title=\"Adrian Torres Jorge (Drip Shop &amp; Pakersi)\" width=\"620\" height=\"349\" src=\"https:\/\/www.youtube.com\/embed\/gD-plh8bw_E?feature=oembed\" frameborder=\"0\" allow=\"accelerometer; autoplay; clipboard-write; encrypted-media; gyroscope; picture-in-picture; web-share\" allowfullscreen><\/iframe><\/p>\n<p><iframe loading=\"lazy\" title=\"Rafa\u0142 Krzak (Auto Spa Greenpowerns)\" width=\"620\" height=\"349\" src=\"https:\/\/www.youtube.com\/embed\/f1GA8_By3uI?feature=oembed\" frameborder=\"0\" allow=\"accelerometer; autoplay; clipboard-write; encrypted-media; gyroscope; picture-in-picture; web-share\" allowfullscreen><\/iframe><\/p>\n<p><iframe loading=\"lazy\" title=\"Jakub Biel (Baz Pal)\" width=\"620\" height=\"349\" src=\"https:\/\/www.youtube.com\/embed\/-Y6KraxeoD8?feature=oembed\" frameborder=\"0\" allow=\"accelerometer; autoplay; clipboard-write; encrypted-media; gyroscope; picture-in-picture; web-share\" allowfullscreen><\/iframe><\/p>\n<p><iframe loading=\"lazy\" title=\"Adrian \u0141astowski (Trade)\" width=\"620\" height=\"349\" src=\"https:\/\/www.youtube.com\/embed\/IeC4bMgApw8?feature=oembed\" frameborder=\"0\" allow=\"accelerometer; autoplay; clipboard-write; encrypted-media; gyroscope; picture-in-picture; web-share\" allowfullscreen><\/iframe><\/p>\n<p><iframe loading=\"lazy\" title=\"Maciej Glapiak (Gotoma)\" width=\"620\" height=\"349\" src=\"https:\/\/www.youtube.com\/embed\/TlxrDj6mWEQ?feature=oembed\" frameborder=\"0\" allow=\"accelerometer; autoplay; clipboard-write; encrypted-media; gyroscope; picture-in-picture; web-share\" allowfullscreen><\/iframe><\/p>\n","protected":false},"excerpt":{"rendered":"","protected":false},"author":1,"featured_media":0,"parent":219,"menu_order":0,"comment_status":"closed","ping_status":"closed","template":"","meta":[],"_links":{"self":[{"href":"https:\/\/lfsportevents.pl\/ligaorlika2023\/wp-json\/wp\/v2\/pages\/11126"}],"collection":[{"href":"https:\/\/lfsportevents.pl\/ligaorlika2023\/wp-json\/wp\/v2\/pages"}],"about":[{"href":"https:\/\/lfsportevents.pl\/ligaorlika2023\/wp-json\/wp\/v2\/types\/page"}],"author":[{"embeddable":true,"href":"https:\/\/lfsportevents.pl\/ligaorlika2023\/wp-json\/wp\/v2\/users\/1"}],"replies":[{"embeddable":true,"href":"https:\/\/lfsportevents.pl\/ligaorlika2023\/wp-json\/wp\/v2\/comments?post=11126"}],"version-history":[{"count":3,"href":"https:\/\/lfsportevents.pl\/ligaorlika2023\/wp-json\/wp\/v2\/pages\/11126\/revisions"}],"predecessor-version":[{"id":31632,"href":"https:\/\/lfsportevents.pl\/ligaorlika2023\/wp-json\/wp\/v2\/pages\/11126\/revisions\/31632"}],"up":[{"embeddable":true,"href":"https:\/\/lfsportevents.pl\/ligaorlika2023\/wp-json\/wp\/v2\/pages\/219"}],"wp:attachment":[{"href":"https:\/\/lfsportevents.pl\/ligaorlika2023\/wp-json\/wp\/v2\/media?parent=11126"}],"curies":[{"name":"wp","href":"https:\/\/api.w.org\/{rel}","templated":true}]}}