{"id":5018,"date":"2017-03-01T13:30:23","date_gmt":"2017-03-01T12:30:23","guid":{"rendered":"https:\/\/lfsportevents.pl\/ligaorlika2022\/?page_id=5018"},"modified":"2022-09-16T20:31:27","modified_gmt":"2022-09-16T18:31:27","slug":"tabela","status":"publish","type":"page","link":"https:\/\/lfsportevents.pl\/ligaorlika2022\/sufigs-ekstraklasa\/tabela\/","title":{"rendered":"Tabela"},"content":{"rendered":"<div class=\"legenda\">\n<p>Legenda:<\/p>\n<div class=\"item\"><b>M<\/b> = Mecze Rozegrane<\/div>\n<div class=\"item\"><b> Pkt<\/b> = Punkty<\/div>\n<div class=\"item\"><b> Z<\/b> = Zwyci\u0119stwa<\/div>\n<div class=\"item\"><b> R<\/b> = Remisy<\/div>\n<div class=\"item\"><b> P<\/b> = Pora\u017cki<\/div>\n<div class=\"item\"><b> BZ<\/b> = Bramki zdobyte<\/div>\n<div class=\"item\"><b> BS<\/b> = Bramki stracone<\/div>\n<div class=\"item\"><b> +\/-<\/b> = R\u00f3\u017cnica bramek<\/div>\n<div class=\"item\"><span style=\"color: #00ccff;\"><strong>Miejsca 1-5<\/strong> (grupa mistrzowska)<\/span><\/div>\n<div class=\"item\"><span style=\"color: #ff99cc;\"><strong>Miejsca 6-10<\/strong> (grupa spadkowa)<\/span><\/div>\n<div class=\"item\"><span style=\"color: #b0769b;\"><strong>Miejsce 8<\/strong> (bara\u017c z 3 dru\u017cn\u0105 I Ligi, o pozostanie w Ekstraklasie)<\/span><\/div>\n<div class=\"item\"><span style=\"color: #ff0000;\"><strong>Miejsca 9-10<\/strong> (bezpo\u015bredni spadek do I Ligi)<\/span><\/div>\n<\/div>\n<div><\/div>\n<div>\n<h2><span style=\"color: #000000;\"><strong>TABELA 2 RUNDY Z PODZIA\u0141EM NA GRUPY<\/strong><\/span><\/h2>\n<\/div>\n<p><img loading=\"lazy\" class=\"size-full wp-image-28728 aligncenter\" src=\"https:\/\/lfsportevents.pl\/ligaorlika2022\/wp-content\/uploads\/2022\/09\/Tabela_\u2013_LF_Sport_Events.png\" alt=\"\" width=\"850\" height=\"330\" srcset=\"https:\/\/lfsportevents.pl\/ligaorlika2022\/wp-content\/uploads\/2022\/09\/Tabela_\u2013_LF_Sport_Events.png 850w, https:\/\/lfsportevents.pl\/ligaorlika2022\/wp-content\/uploads\/2022\/09\/Tabela_\u2013_LF_Sport_Events-300x116.png 300w, https:\/\/lfsportevents.pl\/ligaorlika2022\/wp-content\/uploads\/2022\/09\/Tabela_\u2013_LF_Sport_Events-768x298.png 768w, https:\/\/lfsportevents.pl\/ligaorlika2022\/wp-content\/uploads\/2022\/09\/Tabela_\u2013_LF_Sport_Events-128x50.png 128w, https:\/\/lfsportevents.pl\/ligaorlika2022\/wp-content\/uploads\/2022\/09\/Tabela_\u2013_LF_Sport_Events-32x12.png 32w, https:\/\/lfsportevents.pl\/ligaorlika2022\/wp-content\/uploads\/2022\/09\/Tabela_\u2013_LF_Sport_Events-550x214.png 550w\" sizes=\"(max-width: 850px) 100vw, 850px\" \/><\/p>\n<div>\n<div class=\"sportspress\"><div class=\"sp-template sp-template-league-table\">\n\t<h4 class=\"sp-table-caption\">Tabela Ekstraklasa &#8211; Grupa Spadkowa<\/h4><div class=\"sp-table-wrapper\"><table class=\"sp-league-table sp-data-table sp-sortable-table sp-scrollable-table sp-paginated-table\" data-sp-rows=\"16\"><thead><tr><th class=\"data-rank\">Pozycja<\/th><th class=\"data-name\">Klub<\/th><th class=\"data-p\">M<\/th><th class=\"data-pts\">Pkt<\/th><th class=\"data-w\">Z<\/th><th class=\"data-d\">R<\/th><th class=\"data-l\">P<\/th><th class=\"data-f\">BZ<\/th><th class=\"data-a\">BS<\/th><th class=\"data-gd\">+\/-<\/th><\/tr><\/thead><tbody><tr class=\"odd sp-row-no-0\"><td class=\"data-rank\" data-label=\"Pozycja\">1<\/td><td class=\"data-name has-logo\" data-label=\"Klub\"><a href=\"https:\/\/lfsportevents.pl\/ligaorlika2022\/team\/sebbet-kostka-brukowa\/\"><span class=\"team-logo\"><img width=\"128\" height=\"26\" src=\"https:\/\/lfsportevents.pl\/ligaorlika2022\/wp-content\/uploads\/2018\/04\/Sebbet-128x26.png\" class=\"attachment-sportspress-fit-icon size-sportspress-fit-icon wp-post-image\" alt=\"\" loading=\"lazy\" \/><\/span>Sebbet &#038; Firma Cempa<\/a><\/td><td class=\"data-p\" data-label=\"M\">13<\/td><td class=\"data-pts\" data-label=\"Pkt\">19<\/td><td class=\"data-w\" data-label=\"Z\">6<\/td><td class=\"data-d\" data-label=\"R\">1<\/td><td class=\"data-l\" data-label=\"P\">6<\/td><td class=\"data-f\" data-label=\"BZ\">35<\/td><td class=\"data-a\" data-label=\"BS\">47<\/td><td class=\"data-gd\" data-label=\"+\/-\">-12<\/td><\/tr><tr class=\"even sp-row-no-1\"><td class=\"data-rank\" data-label=\"Pozycja\">2<\/td><td class=\"data-name has-logo\" data-label=\"Klub\"><a href=\"https:\/\/lfsportevents.pl\/ligaorlika2022\/team\/bastek-niskowa\/\"><span class=\"team-logo\"><img width=\"128\" height=\"34\" src=\"https:\/\/lfsportevents.pl\/ligaorlika2022\/wp-content\/uploads\/2019\/04\/BastekGarnitury-128x34.png\" class=\"attachment-sportspress-fit-icon size-sportspress-fit-icon wp-post-image\" alt=\"\" loading=\"lazy\" \/><\/span>Bastek Garnitury<\/a><\/td><td class=\"data-p\" data-label=\"M\">13<\/td><td class=\"data-pts\" data-label=\"Pkt\">18<\/td><td class=\"data-w\" data-label=\"Z\">6<\/td><td class=\"data-d\" data-label=\"R\">0<\/td><td class=\"data-l\" data-label=\"P\">7<\/td><td class=\"data-f\" data-label=\"BZ\">66<\/td><td class=\"data-a\" data-label=\"BS\">57<\/td><td class=\"data-gd\" data-label=\"+\/-\">9<\/td><\/tr><tr class=\"odd sp-row-no-2\"><td class=\"data-rank\" data-label=\"Pozycja\">3<\/td><td class=\"data-name has-logo\" data-label=\"Klub\"><a href=\"https:\/\/lfsportevents.pl\/ligaorlika2022\/team\/saczersi\/\"><span class=\"team-logo\"><img width=\"126\" height=\"128\" src=\"https:\/\/lfsportevents.pl\/ligaorlika2022\/wp-content\/uploads\/2016\/03\/saczersiLOGOsmall-126x128.png\" class=\"attachment-sportspress-fit-icon size-sportspress-fit-icon wp-post-image\" alt=\"\" loading=\"lazy\" \/><\/span>S\u0105czersi<\/a><\/td><td class=\"data-p\" data-label=\"M\">13<\/td><td class=\"data-pts\" data-label=\"Pkt\">18<\/td><td class=\"data-w\" data-label=\"Z\">6<\/td><td class=\"data-d\" data-label=\"R\">0<\/td><td class=\"data-l\" data-label=\"P\">7<\/td><td class=\"data-f\" data-label=\"BZ\">65<\/td><td class=\"data-a\" data-label=\"BS\">71<\/td><td class=\"data-gd\" data-label=\"+\/-\">-6<\/td><\/tr><tr class=\"even sp-row-no-3\"><td class=\"data-rank\" data-label=\"Pozycja\">4<\/td><td class=\"data-name has-logo\" data-label=\"Klub\"><a href=\"https:\/\/lfsportevents.pl\/ligaorlika2022\/team\/wisniowski\/\"><span class=\"team-logo\"><img width=\"128\" height=\"73\" src=\"https:\/\/lfsportevents.pl\/ligaorlika2022\/wp-content\/uploads\/2016\/03\/wisniowski-logo-2-128x73.png\" class=\"attachment-sportspress-fit-icon size-sportspress-fit-icon wp-post-image\" alt=\"\" loading=\"lazy\" \/><\/span>Wi\u015bniowski<\/a><\/td><td class=\"data-p\" data-label=\"M\">13<\/td><td class=\"data-pts\" data-label=\"Pkt\">8<\/td><td class=\"data-w\" data-label=\"Z\">2<\/td><td class=\"data-d\" data-label=\"R\">2<\/td><td class=\"data-l\" data-label=\"P\">9<\/td><td class=\"data-f\" data-label=\"BZ\">36<\/td><td class=\"data-a\" data-label=\"BS\">80<\/td><td class=\"data-gd\" data-label=\"+\/-\">-44<\/td><\/tr><tr class=\"odd sp-row-no-4\"><td class=\"data-rank\" data-label=\"Pozycja\">5<\/td><td class=\"data-name has-logo\" data-label=\"Klub\"><a href=\"https:\/\/lfsportevents.pl\/ligaorlika2022\/team\/baz-pal\/\"><span class=\"team-logo\"><img width=\"128\" height=\"40\" src=\"https:\/\/lfsportevents.pl\/ligaorlika2022\/wp-content\/uploads\/2016\/03\/Baz-Pal-128x40.png\" class=\"attachment-sportspress-fit-icon size-sportspress-fit-icon wp-post-image\" alt=\"\" loading=\"lazy\" \/><\/span>Baz-Pal<\/a><\/td><td class=\"data-p\" data-label=\"M\">13<\/td><td class=\"data-pts\" data-label=\"Pkt\">7<\/td><td class=\"data-w\" data-label=\"Z\">2<\/td><td class=\"data-d\" data-label=\"R\">1<\/td><td class=\"data-l\" data-label=\"P\">10<\/td><td class=\"data-f\" data-label=\"BZ\">30<\/td><td class=\"data-a\" data-label=\"BS\">60<\/td><td class=\"data-gd\" data-label=\"+\/-\">-30<\/td><\/tr><\/tbody><\/table><\/div><\/div>\n<\/div>\n<h2><span style=\"color: #000000;\"><strong>TABELA PO 1 RUNDZIE<\/strong><\/span><\/h2>\n<p><img loading=\"lazy\" class=\"size-full wp-image-28259 aligncenter\" src=\"https:\/\/lfsportevents.pl\/ligaorlika2022\/wp-content\/uploads\/2022\/08\/Ekstraklasa.png\" alt=\"\" width=\"961\" height=\"642\" srcset=\"https:\/\/lfsportevents.pl\/ligaorlika2022\/wp-content\/uploads\/2022\/08\/Ekstraklasa.png 961w, https:\/\/lfsportevents.pl\/ligaorlika2022\/wp-content\/uploads\/2022\/08\/Ekstraklasa-300x200.png 300w, https:\/\/lfsportevents.pl\/ligaorlika2022\/wp-content\/uploads\/2022\/08\/Ekstraklasa-768x513.png 768w, https:\/\/lfsportevents.pl\/ligaorlika2022\/wp-content\/uploads\/2022\/08\/Ekstraklasa-128x86.png 128w, https:\/\/lfsportevents.pl\/ligaorlika2022\/wp-content\/uploads\/2022\/08\/Ekstraklasa-32x21.png 32w, https:\/\/lfsportevents.pl\/ligaorlika2022\/wp-content\/uploads\/2022\/08\/Ekstraklasa-550x367.png 550w\" sizes=\"(max-width: 961px) 100vw, 961px\" \/><\/p>\n<\/div>\n","protected":false},"excerpt":{"rendered":"<p>Legenda: M = Mecze Rozegrane Pkt = Punkty Z = Zwyci\u0119stwa R = Remisy P = Pora\u017cki BZ = Bramki zdobyte BS = Bramki stracone +\/- = R\u00f3\u017cnica bramek Miejsca 1-5 (grupa mistrzowska) Miejsca 6-10 (grupa spadkowa) Miejsce 8 (bara\u017c z 3 dru\u017cn\u0105 I Ligi, o pozostanie w Ekstraklasie) Miejsca 9-10 (bezpo\u015bredni spadek do I [&hellip;]<\/p>\n","protected":false},"author":1,"featured_media":0,"parent":4982,"menu_order":0,"comment_status":"closed","ping_status":"closed","template":"","meta":[],"_links":{"self":[{"href":"https:\/\/lfsportevents.pl\/ligaorlika2022\/wp-json\/wp\/v2\/pages\/5018"}],"collection":[{"href":"https:\/\/lfsportevents.pl\/ligaorlika2022\/wp-json\/wp\/v2\/pages"}],"about":[{"href":"https:\/\/lfsportevents.pl\/ligaorlika2022\/wp-json\/wp\/v2\/types\/page"}],"author":[{"embeddable":true,"href":"https:\/\/lfsportevents.pl\/ligaorlika2022\/wp-json\/wp\/v2\/users\/1"}],"replies":[{"embeddable":true,"href":"https:\/\/lfsportevents.pl\/ligaorlika2022\/wp-json\/wp\/v2\/comments?post=5018"}],"version-history":[{"count":3,"href":"https:\/\/lfsportevents.pl\/ligaorlika2022\/wp-json\/wp\/v2\/pages\/5018\/revisions"}],"predecessor-version":[{"id":28731,"href":"https:\/\/lfsportevents.pl\/ligaorlika2022\/wp-json\/wp\/v2\/pages\/5018\/revisions\/28731"}],"up":[{"embeddable":true,"href":"https:\/\/lfsportevents.pl\/ligaorlika2022\/wp-json\/wp\/v2\/pages\/4982"}],"wp:attachment":[{"href":"https:\/\/lfsportevents.pl\/ligaorlika2022\/wp-json\/wp\/v2\/media?parent=5018"}],"curies":[{"name":"wp","href":"https:\/\/api.w.org\/{rel}","templated":true}]}}