{"id":25344,"date":"2021-08-04T14:30:53","date_gmt":"2021-08-04T12:30:53","guid":{"rendered":"https:\/\/lfsportevents.pl\/ligaorlika2022\/?page_id=25344"},"modified":"2022-08-27T11:53:32","modified_gmt":"2022-08-27T09:53:32","slug":"rekordy-ii-ligi","status":"publish","type":"page","link":"https:\/\/lfsportevents.pl\/ligaorlika2022\/rekordy-ii-ligi\/","title":{"rendered":"Rekordy II Ligi"},"content":{"rendered":"<header class=\"entry-header\">\n<h4 class=\"sp-table-caption\">NAJWY\u017bSZE zwyci\u0119stwa:<\/h4>\n<\/header>\n<div class=\"entry-content\">\n<div class=\"sportspress\">\n<div class=\"sp-template sp-template-event-list\">\n<div class=\"sp-table-wrapper\">\n<div class=\"dataTables_wrapper no-footer\">\n<div class=\"sp-scrollable-table-wrapper\">\n<div class=\"sp-scrollable-table-wrapper\">\n<table width=\"665\">\n<tbody>\n<tr>\n<td width=\"49\"><strong><span style=\"color: #993300;\">Lp.<\/span><\/strong><\/td>\n<td width=\"155\"><strong><span style=\"color: #993300;\">Data<\/span><\/strong><\/td>\n<td width=\"317\"><strong><span style=\"color: #993300;\">Mecz<\/span><\/strong><\/td>\n<td width=\"144\"><strong><span style=\"color: #993300;\">Wynik<\/span><\/strong><\/td>\n<\/tr>\n<tr>\n<td width=\"49\"><strong><span style=\"color: #993300;\">1.<\/span><\/strong><\/td>\n<td width=\"155\">21 czerwiec 2018<\/td>\n<td width=\"317\">Grenpowerns &#8211; Jako Tako Team<\/td>\n<td width=\"144\">18:1 (9:1) + 17 goli<\/td>\n<\/tr>\n<tr>\n<td width=\"49\"><strong><span style=\"color: #993300;\">2.<\/span><\/strong><\/td>\n<td width=\"155\">13 czerwiec 2019<\/td>\n<td width=\"317\">Clean Serwis &#8211; S\u0105czersi<\/td>\n<td width=\"144\">2:19 (2:6) + 17 goli<\/td>\n<\/tr>\n<tr>\n<td width=\"49\"><strong><span style=\"color: #993300;\">3.<\/span><\/strong><\/td>\n<td width=\"155\">23 lipiec 2020<\/td>\n<td width=\"317\">Willa Poprad &#8211; Tradycja Fabryka Okien<\/td>\n<td width=\"144\">20:3 (8:2) + 17 goli<\/td>\n<\/tr>\n<tr>\n<td width=\"49\"><strong><span style=\"color: #993300;\">4.<\/span><\/strong><\/td>\n<td width=\"155\">30 sierpie\u0144 2018<\/td>\n<td width=\"317\">Jako Tako Team &#8211; \u0141at-Kam<\/td>\n<td width=\"144\">0:16 (0:7) + 16 goli<\/td>\n<\/tr>\n<tr>\n<td width=\"49\"><strong><span style=\"color: #993300;\">5.<\/span><\/strong><\/td>\n<td width=\"155\">12 wrzesie\u0144 2019<\/td>\n<td width=\"317\">Honer &#8211; LSO Podegrodzie<\/td>\n<td width=\"144\">16:0 (9:0) + 16 goli<\/td>\n<\/tr>\n<tr>\n<td width=\"49\"><strong><span style=\"color: #993300;\">6.<\/span><\/strong><\/td>\n<td width=\"155\">13 wrzesie\u0144 2018<\/td>\n<td width=\"317\">Piwniczanka Poprad &#8211; Bruk-Ogr\u00f3d-Nowak<\/td>\n<td width=\"144\">0:15 (0:8) + 15 goli<\/td>\n<\/tr>\n<tr>\n<td width=\"49\"><strong><span style=\"color: #993300;\">7.<\/span><\/strong><\/td>\n<td width=\"155\">27 czerwiec 2019<\/td>\n<td width=\"317\">LSO Podegrodzie &#8211; Clean Serwis<\/td>\n<td width=\"144\">2:16 (1:7) + 14 goli<\/td>\n<\/tr>\n<tr>\n<td width=\"49\"><strong><span style=\"color: #993300;\">8.<\/span><\/strong><\/td>\n<td width=\"155\">23 maj 2019<\/td>\n<td width=\"317\">S\u0105czersi &#8211; LSO Podegrodzie<\/td>\n<td width=\"144\">14:1 (4:1) + 13 goli<\/td>\n<\/tr>\n<tr>\n<td width=\"49\"><strong><span style=\"color: #993300;\">9.<\/span><\/strong><\/td>\n<td width=\"155\">30 maj 2019<\/td>\n<td width=\"317\">Mariposa Med-Spa &#8211; Clean Serwis<\/td>\n<td width=\"144\">14:1 (6:0) + 13 goli<\/td>\n<\/tr>\n<tr>\n<td width=\"49\"><strong><span style=\"color: #993300;\">10.<\/span><\/strong><\/td>\n<td width=\"155\">18 czerwiec 2020<\/td>\n<td width=\"317\">Clean Serwis &#8211; Tradycja Fabryka Okien<\/td>\n<td width=\"144\">17:4 (5:1) + 13 goli<\/td>\n<\/tr>\n<tr>\n<td width=\"49\"><strong><span style=\"color: #993300;\">11.<\/span><\/strong><\/td>\n<td width=\"155\">14 czerwiec 2018<\/td>\n<td width=\"317\">Batimowcy &#8211; Jak tako Team<\/td>\n<td width=\"144\">14:2 (7:0) + 12 goli<\/td>\n<\/tr>\n<tr>\n<td width=\"49\"><strong><span style=\"color: #993300;\">12.<\/span><\/strong><\/td>\n<td width=\"155\">23 sierpie\u0144 2018<\/td>\n<td width=\"317\">Walczyk Optyk &#8211; Jako Tak Team<\/td>\n<td width=\"144\">16:4 (8:0) + 12 goli<\/td>\n<\/tr>\n<tr>\n<td width=\"49\"><strong><span style=\"color: #993300;\">13.<\/span><\/strong><\/td>\n<td width=\"155\">16 lipiec 2020<\/td>\n<td width=\"317\">Batimowcy &#8211; Mariposa Med-Spa<\/td>\n<td width=\"144\">14:2 (7:1) + 12 goli<\/td>\n<\/tr>\n<tr>\n<td width=\"49\"><strong><span style=\"color: #993300;\">14.<\/span><\/strong><\/td>\n<td width=\"155\">6 sierpie\u0144 2020<\/td>\n<td width=\"317\">Tradycja Fabryka Okien &#8211; Batimowcy<\/td>\n<td width=\"144\">3:15 (1:9) +12 goli<\/td>\n<\/tr>\n<tr>\n<td width=\"49\"><strong><span style=\"color: #993300;\">15.<\/span><\/strong><\/td>\n<td width=\"155\">13 czerwiec 2019<\/td>\n<td width=\"317\">Pizzeria Trio &#8211; LSO Podegrodzie<\/td>\n<td width=\"144\">14:3 (6:2) + 11 goli<\/td>\n<\/tr>\n<\/tbody>\n<\/table>\n<\/div>\n<\/div>\n<\/div>\n<\/div>\n<\/div>\n<div class=\"sportspress\">\n<div class=\"sp-template sp-template-event-list\">\n<h4 class=\"sp-table-caption\">NAJWY\u017bSZE REMISY:<\/h4>\n<div class=\"sp-table-wrapper\">\n<div class=\"dataTables_wrapper no-footer\">\n<div class=\"sp-scrollable-table-wrapper\">\n<div class=\"sp-scrollable-table-wrapper\">\n<table width=\"665\">\n<tbody>\n<tr>\n<td width=\"49\"><strong><span style=\"color: #993300;\">Lp.<\/span><\/strong><\/td>\n<td width=\"155\"><strong><span style=\"color: #993300;\">Data<\/span><\/strong><\/td>\n<td width=\"317\"><strong><span style=\"color: #993300;\">Mecz<\/span><\/strong><\/td>\n<td width=\"144\"><strong><span style=\"color: #993300;\">Wynik<\/span><\/strong><\/td>\n<\/tr>\n<tr>\n<td width=\"49\"><strong><span style=\"color: #993300;\">1.<\/span><\/strong><\/td>\n<td width=\"155\">5 sierpie\u0144 2020<\/td>\n<td width=\"317\">Olimp Team &#8211; Bastek Garnitury<\/td>\n<td width=\"144\">6:6 (1:5)<\/td>\n<\/tr>\n<tr>\n<td width=\"49\"><strong><span style=\"color: #993300;\">2.<\/span><\/strong><\/td>\n<td width=\"155\">23 sierpie\u0144 2022<\/td>\n<td width=\"317\">Wi\u015bniowski II &#8211; Stal-Bud\/San Marino<\/td>\n<td width=\"144\">5:5 (1:3)<\/td>\n<\/tr>\n<tr>\n<td width=\"49\"><strong><span style=\"color: #993300;\">3.<\/span><\/strong><\/td>\n<td width=\"155\">28 czerwiec 2018<\/td>\n<td width=\"317\">Walczyk Optyk &#8211; Bruk-Ogr\u00f3d-Nowak<\/td>\n<td width=\"144\">4:4 (3:2)<\/td>\n<\/tr>\n<tr>\n<td width=\"49\"><strong><span style=\"color: #993300;\">4.<\/span><\/strong><\/td>\n<td width=\"155\">30 lipiec 2020<\/td>\n<td width=\"317\">Honer &#8211; Willa Poprad<\/td>\n<td width=\"144\">4:4 (1:1)<\/td>\n<\/tr>\n<tr>\n<td width=\"49\"><strong><span style=\"color: #993300;\">5.<\/span><\/strong><\/td>\n<td width=\"155\">7 czerwiec 2022<\/td>\n<td width=\"317\">Rolbud &#8211; Bruk-Ogr\u00f3d-Nowak<\/td>\n<td width=\"144\">4:4 (1:2)<\/td>\n<\/tr>\n<tr>\n<td width=\"49\"><strong><span style=\"color: #993300;\">6.<\/span><\/strong><\/td>\n<td width=\"155\">29 wrzesie\u0144 2019<\/td>\n<td width=\"317\">Newag &#8211; Honer<\/td>\n<td width=\"144\">3:3 (2:2)<\/td>\n<\/tr>\n<tr>\n<td width=\"49\"><strong><span style=\"color: #993300;\">7.<\/span><\/strong><\/td>\n<td width=\"155\">18 czerwiec 2020<\/td>\n<td width=\"317\">Honer Newag<\/td>\n<td width=\"144\">3:3 (1:2)<\/td>\n<\/tr>\n<tr>\n<td width=\"49\"><strong><span style=\"color: #993300;\">8.<\/span><\/strong><\/td>\n<td width=\"155\">3 wrzesie\u0144 2020<\/td>\n<td width=\"317\">Bastek Garnitury &#8211; Batimowcy<\/td>\n<td width=\"144\">3:3 (0:2)<\/td>\n<\/tr>\n<tr>\n<td width=\"49\"><strong><span style=\"color: #993300;\">9.<\/span><\/strong><\/td>\n<td width=\"155\">11 maj 2021<\/td>\n<td width=\"317\">Batimowcy &#8211; Mariposa Med-Spa<\/td>\n<td width=\"144\">3:3 (1:1)<\/td>\n<\/tr>\n<tr>\n<td width=\"49\"><strong><span style=\"color: #993300;\">10.<\/span><\/strong><\/td>\n<td width=\"155\">18 maj 2021<\/td>\n<td width=\"317\">Batimowcy &#8211; Bruk-Ogr\u00f3d-Nowak<\/td>\n<td width=\"144\">3:3 (2:1)<\/td>\n<\/tr>\n<tr>\n<td width=\"49\"><strong><span style=\"color: #993300;\">11.<\/span><\/strong><\/td>\n<td width=\"155\">18 maj 2021<\/td>\n<td width=\"317\">MH Power Quake Team &#8211; Galactik Football<\/td>\n<td width=\"144\">3:3 (1:3)<\/td>\n<\/tr>\n<tr>\n<td width=\"49\"><strong><span style=\"color: #993300;\">12.<\/span><\/strong><\/td>\n<td width=\"155\">23 sierpie\u0144 2022<\/td>\n<td width=\"317\">Prestige House &#8211; Trade<\/td>\n<td width=\"144\">3:3 (1:3)<\/td>\n<\/tr>\n<tr>\n<td width=\"49\"><strong><span style=\"color: #993300;\">13.<\/span><\/strong><\/td>\n<td width=\"155\">23 lipiec 2020<\/td>\n<td width=\"317\">Clean Serwis &#8211; Honer<\/td>\n<td width=\"144\">2:2 (0:1)<\/td>\n<\/tr>\n<tr>\n<td width=\"49\"><strong><span style=\"color: #993300;\">14.<\/span><\/strong><\/td>\n<td width=\"155\">13 sierpie\u0144 2020<\/td>\n<td width=\"317\">Bruk-Ogr\u00f3d-Nowak &#8211; Honer<\/td>\n<td width=\"144\">2:2 (1:0)<\/td>\n<\/tr>\n<tr>\n<td width=\"49\"><strong><span style=\"color: #993300;\">15.<\/span><\/strong><\/td>\n<td width=\"155\">13 lipiec 2021<\/td>\n<td width=\"317\">Willa Poprad &#8211; Greenpowerns<\/td>\n<td width=\"144\">2:2 (1:0)<\/td>\n<\/tr>\n<\/tbody>\n<\/table>\n<\/div>\n<\/div>\n<\/div>\n<\/div>\n<\/div>\n<\/div>\n<div class=\"sportspress\">\n<div class=\"sp-template sp-template-event-list\">\n<h4 class=\"sp-table-caption\">NAJWI\u0118CEJ ZDOBYTYCH BRAMEK W JEDNYM MECZU:<\/h4>\n<div class=\"sp-table-wrapper\">\n<div class=\"dataTables_wrapper no-footer\">\n<div class=\"sp-scrollable-table-wrapper\">\n<div class=\"sp-scrollable-table-wrapper\">\n<table width=\"665\">\n<tbody>\n<tr>\n<td width=\"49\"><strong><span style=\"color: #993300;\">Lp.<\/span><\/strong><\/td>\n<td width=\"155\"><strong><span style=\"color: #993300;\">Data<\/span><\/strong><\/td>\n<td width=\"317\"><strong><span style=\"color: #993300;\">Mecz<\/span><\/strong><\/td>\n<td width=\"144\"><strong><span style=\"color: #993300;\">Wynik<\/span><\/strong><\/td>\n<\/tr>\n<tr>\n<td width=\"49\"><strong><span style=\"color: #993300;\">1.<\/span><\/strong><\/td>\n<td width=\"155\">23 lipiec 2020<\/td>\n<td width=\"317\">Willa Poprad &#8211; Tradycja Fabryka Okien<\/td>\n<td width=\"144\">23 gole<\/td>\n<\/tr>\n<tr>\n<td width=\"49\"><strong><span style=\"color: #993300;\">2.<\/span><\/strong><\/td>\n<td width=\"155\">13 czerwiec 2019<\/td>\n<td width=\"317\">Clean Serwis &#8211; S\u0105czersi<\/td>\n<td width=\"144\">21 goli<\/td>\n<\/tr>\n<tr>\n<td width=\"49\"><strong><span style=\"color: #993300;\">3.<\/span><\/strong><\/td>\n<td width=\"155\">18 czerwiec 2020<\/td>\n<td width=\"317\">Tradycja Fabryka Okien &#8211; Clean Serwis<\/td>\n<td width=\"144\">21 goli<\/td>\n<\/tr>\n<tr>\n<td width=\"49\"><strong><span style=\"color: #993300;\">4.<\/span><\/strong><\/td>\n<td width=\"155\">23 sierpie\u0144 2018<\/td>\n<td width=\"317\">Walczyk Optyk &#8211; Jako Tako Team<\/td>\n<td width=\"144\">20 goli<\/td>\n<\/tr>\n<tr>\n<td width=\"49\"><strong><span style=\"color: #993300;\">5.<\/span><\/strong><\/td>\n<td width=\"155\">24 sierpie\u0144 2021<\/td>\n<td width=\"317\">Clean Serwis &#8211; Mariposa Med-Spa<\/td>\n<td width=\"144\">20 goli<\/td>\n<\/tr>\n<tr>\n<td width=\"49\"><strong><span style=\"color: #993300;\">6.<\/span><\/strong><\/td>\n<td width=\"155\">21 czerwiec 2018<\/td>\n<td width=\"317\">Greenpowerns &#8211; Jako Tako Team<\/td>\n<td width=\"144\">19 goli<\/td>\n<\/tr>\n<tr>\n<td width=\"49\"><strong><span style=\"color: #993300;\">7.<\/span><\/strong><\/td>\n<td width=\"155\">25 czerwiec 2020<\/td>\n<td width=\"317\">Newag &#8211; Olimp Team<\/td>\n<td width=\"144\">19 goli<\/td>\n<\/tr>\n<tr>\n<td width=\"49\"><strong><span style=\"color: #993300;\">8.<\/span><\/strong><\/td>\n<td width=\"155\">5 wrzesie\u0144 2019<\/td>\n<td width=\"317\">Bastek Garnitury &#8211; S\u0105czersi<\/td>\n<td width=\"144\">19 goli<\/td>\n<\/tr>\n<tr>\n<td width=\"49\"><strong><span style=\"color: #993300;\">9.<\/span><\/strong><\/td>\n<td width=\"155\">21 czerwiec 2018<\/td>\n<td width=\"317\">\u0141at-Kam &#8211; Walczyk Optyk<\/td>\n<td width=\"144\">18 goli<\/td>\n<\/tr>\n<tr>\n<td width=\"49\"><strong><span style=\"color: #993300;\">10.<\/span><\/strong><\/td>\n<td width=\"155\">27 czerwiec 2019<\/td>\n<td width=\"317\">LSO Podegrodzie &#8211; Clean Serwis<\/td>\n<td width=\"144\">18 goli<\/td>\n<\/tr>\n<tr>\n<td width=\"49\"><strong><span style=\"color: #993300;\">11.<\/span><\/strong><\/td>\n<td width=\"155\">30 lipiec 2020<\/td>\n<td width=\"317\">Batimowcy &#8211; Olimp Team<\/td>\n<td width=\"144\">18 goli<\/td>\n<\/tr>\n<tr>\n<td width=\"49\"><strong><span style=\"color: #993300;\">12.<\/span><\/strong><\/td>\n<td width=\"155\">6 sierpie\u0144 2020<\/td>\n<td width=\"317\">Tradycja Fabryka Okien &#8211; Batimowcy<\/td>\n<td width=\"144\">18 goli<\/td>\n<\/tr>\n<tr>\n<td width=\"49\"><strong><span style=\"color: #993300;\">13.<\/span><\/strong><\/td>\n<td width=\"155\">9 sierpie\u0144 2018<\/td>\n<td width=\"317\">Bruk-Ogr\u00f3d-Nowak &#8211; \u0141at Kam<\/td>\n<td width=\"144\">17 goli<\/td>\n<\/tr>\n<tr>\n<td width=\"49\"><strong><span style=\"color: #993300;\">14.<\/span><\/strong><\/td>\n<td width=\"155\">6 wrzesie\u0144 2018<\/td>\n<td width=\"317\">Bruk-Ogr\u00f3d-Nowak &#8211; Jako Tako Team<\/td>\n<td width=\"144\">17 goli<\/td>\n<\/tr>\n<tr>\n<td width=\"49\"><strong><span style=\"color: #993300;\">15.<\/span><\/strong><\/td>\n<td width=\"155\">25 kwiecie\u0144 2019<\/td>\n<td width=\"317\">Honer &#8211; LSO Podegrodzie<\/td>\n<td width=\"144\">17 goli<\/td>\n<\/tr>\n<\/tbody>\n<\/table>\n<\/div>\n<\/div>\n<\/div>\n<\/div>\n<\/div>\n<\/div>\n<div class=\"sportspress\">\n<div class=\"sp-template sp-template-event-list\">\n<h4 class=\"sp-table-caption\">NAJWI\u0118CEJ ZDOBYTYCH BRAMEK JEDNEGO ZAWODNIKA W JEDNYM MECZU:<\/h4>\n<div class=\"sp-table-wrapper\">\n<div class=\"dataTables_wrapper no-footer\">\n<div class=\"sp-scrollable-table-wrapper\">\n<div class=\"sp-scrollable-table-wrapper\">\n<table width=\"665\">\n<tbody>\n<tr>\n<td width=\"49\"><strong><span style=\"color: #993300;\">Lp.<\/span><\/strong><\/td>\n<td width=\"155\"><strong><span style=\"color: #993300;\">Data<\/span><\/strong><\/td>\n<td width=\"317\"><strong><span style=\"color: #993300;\">Zawodnik<\/span><\/strong><\/td>\n<td width=\"144\"><strong><span style=\"color: #993300;\">Wynik<\/span><\/strong><\/td>\n<\/tr>\n<tr>\n<td width=\"49\"><strong><span style=\"color: #993300;\">1.<\/span><\/strong><\/td>\n<td width=\"155\">23 sierpie\u0144 2018<\/td>\n<td width=\"317\">Andrzej Grabczyk (Walczyk Optyk)<\/td>\n<td width=\"144\">9 goli<\/td>\n<\/tr>\n<tr>\n<td width=\"49\"><strong><span style=\"color: #993300;\">2.<\/span><\/strong><\/td>\n<td width=\"155\">13 czerwiec 2019<\/td>\n<td width=\"317\">Wojciech Po\u0142omski (Pizzeria Trio)<\/td>\n<td width=\"144\">9 goli<\/td>\n<\/tr>\n<tr>\n<td width=\"49\"><strong><span style=\"color: #993300;\">3.<\/span><\/strong><\/td>\n<td width=\"155\">13 wrzesie\u0144 2018<\/td>\n<td width=\"317\">Jan Zieli\u0144ski (Bruk-Ogr\u00f3d-Nowak)<\/td>\n<td width=\"144\">8 goli<\/td>\n<\/tr>\n<tr>\n<td width=\"49\"><strong><span style=\"color: #993300;\">4.<\/span><\/strong><\/td>\n<td width=\"155\">30 maj 2019<\/td>\n<td width=\"317\">Maksymilian Piwowar (Mariposa Med-Spa)<\/td>\n<td width=\"144\">8 goli<\/td>\n<\/tr>\n<tr>\n<td width=\"49\"><strong><span style=\"color: #993300;\">5.<\/span><\/strong><\/td>\n<td width=\"155\">6 sierpie\u0144 2020<\/td>\n<td width=\"317\">Piotr G\u00f3recki (Batimowcy)<\/td>\n<td width=\"144\">8 goli<\/td>\n<\/tr>\n<tr>\n<td width=\"49\"><strong><span style=\"color: #993300;\">6.<\/span><\/strong><\/td>\n<td width=\"155\">24 sierpie\u0144 2021<\/td>\n<td width=\"317\">Przemys\u0142aw \u0141ukaszczyk (Clean Serwis)<\/td>\n<td width=\"144\">8 goli<\/td>\n<\/tr>\n<tr>\n<td width=\"49\"><strong><span style=\"color: #993300;\">7.<\/span><\/strong><\/td>\n<td width=\"155\">21 czerwiec 2018<\/td>\n<td width=\"317\">Konrad W\u00f3js (Greenpowerns)<\/td>\n<td width=\"144\">7 goli<\/td>\n<\/tr>\n<tr>\n<td width=\"49\"><strong><span style=\"color: #993300;\">8.<\/span><\/strong><\/td>\n<td width=\"155\">13 czerwiec 2019<\/td>\n<td width=\"317\">Daniel Bodziony (S\u0105czersi)<\/td>\n<td width=\"144\">7 goli<\/td>\n<\/tr>\n<tr>\n<td width=\"49\"><strong><span style=\"color: #993300;\">9.<\/span><\/strong><\/td>\n<td width=\"155\">23 lipiec 2020<\/td>\n<td width=\"317\">Rafa\u0142 Dyrek (Willa Poprad)<\/td>\n<td width=\"144\">7 goli<\/td>\n<\/tr>\n<tr>\n<td width=\"49\"><strong><span style=\"color: #993300;\">10.<\/span><\/strong><\/td>\n<td width=\"155\">10 maj 2022<\/td>\n<td width=\"317\">Grzegorz Nowak (Wi\u015bniowski II)<\/td>\n<td width=\"144\">7 goli<\/td>\n<\/tr>\n<tr>\n<td width=\"49\"><strong><span style=\"color: #993300;\">11.<\/span><\/strong><\/td>\n<td width=\"155\">6 czerwiec 2018<\/td>\n<td width=\"317\">Jan Zieli\u0144ski (Bruk-Ogr\u00f3d-Nowak)<\/td>\n<td width=\"144\">6 goli<\/td>\n<\/tr>\n<tr>\n<td width=\"49\"><strong><span style=\"color: #993300;\">12.<\/span><\/strong><\/td>\n<td width=\"155\">13 wrzesie\u0144 2019<\/td>\n<td width=\"317\">Szymon Grocholewski (Honer)<\/td>\n<td width=\"144\">6 goli<\/td>\n<\/tr>\n<tr>\n<td width=\"49\"><strong><span style=\"color: #993300;\">13.<\/span><\/strong><\/td>\n<td width=\"155\">13 wrzesie\u0144 2018<\/td>\n<td width=\"317\">Mateusz Duda (Bruk-Ogr\u00f3d-Nowak)<\/td>\n<td width=\"144\">6 goli<\/td>\n<\/tr>\n<tr>\n<td width=\"49\"><strong><span style=\"color: #993300;\">14.<\/span><\/strong><\/td>\n<td width=\"155\">18 czerwiec 2020<\/td>\n<td width=\"317\">Mateusz Dobosz (Clean Serwis)<\/td>\n<td width=\"144\">6 goli<\/td>\n<\/tr>\n<tr>\n<td width=\"49\"><strong><span style=\"color: #993300;\">15.<\/span><\/strong><\/td>\n<td width=\"155\">25 czerwiec 2020<\/td>\n<td width=\"317\">Wiktor Weber (Olimp Team)<\/td>\n<td width=\"144\">6 goli<\/td>\n<\/tr>\n<\/tbody>\n<\/table>\n<\/div>\n<\/div>\n<\/div>\n<\/div>\n<\/div>\n<\/div>\n<div class=\"sportspress\">\n<div class=\"sp-template sp-template-event-list\">\n<h4 class=\"sp-table-caption\">NAJWI\u0118CEJ ZDOBYTYCH ASYST JEDNEGO ZAWODNIKA W JEDNYM MECZU:<\/h4>\n<div class=\"sp-table-wrapper\">\n<div class=\"dataTables_wrapper no-footer\">\n<div class=\"sp-scrollable-table-wrapper\">\n<div class=\"sp-scrollable-table-wrapper\">\n<table width=\"665\">\n<tbody>\n<tr>\n<td width=\"49\"><strong><span style=\"color: #993300;\">Lp.<\/span><\/strong><\/td>\n<td width=\"155\"><strong><span style=\"color: #993300;\">Data<\/span><\/strong><\/td>\n<td width=\"317\"><span style=\"color: #993300;\"><b>Zawodnik<\/b><\/span><\/td>\n<td width=\"144\"><strong><span style=\"color: #993300;\">Wynik<\/span><\/strong><\/td>\n<\/tr>\n<tr>\n<td width=\"49\"><strong><span style=\"color: #993300;\">1.<\/span><\/strong><\/td>\n<td width=\"155\">06 wrzesie\u0144 2018<\/td>\n<td width=\"317\">\u0141ukasz Fa\u0142owski (Bruk-Ogr\u00f3d-Nowak)<\/td>\n<td width=\"144\">6 asyst<\/td>\n<\/tr>\n<tr>\n<td width=\"49\"><strong><span style=\"color: #993300;\">2.<\/span><\/strong><\/td>\n<td width=\"155\">30 lipiec 2020<\/td>\n<td width=\"317\">Wiktor Weber (Olimp Team)<\/td>\n<td width=\"144\">6 asyst<\/td>\n<\/tr>\n<tr>\n<td width=\"49\"><strong><span style=\"color: #993300;\">3.<\/span><\/strong><\/td>\n<td width=\"155\">23 sierpie\u0144 2018<\/td>\n<td width=\"317\">Piotr Jab\u0142o\u0144ski (Walczyk Optyk)<\/td>\n<td width=\"144\">5 asyst<\/td>\n<\/tr>\n<tr>\n<td width=\"49\"><strong><span style=\"color: #993300;\">4.<\/span><\/strong><\/td>\n<td width=\"155\">21 czerwiec 2018<\/td>\n<td width=\"317\">Mateusz Kr\u00f3l (Greenpowerns)<\/td>\n<td width=\"144\">5 asyst<\/td>\n<\/tr>\n<tr>\n<td width=\"49\"><strong><span style=\"color: #993300;\">5.<\/span><\/strong><\/td>\n<td width=\"155\">13 czerwiec 2019<\/td>\n<td width=\"317\">Marcin Hebda (Pizzeria Trio)<\/td>\n<td width=\"144\">5 asyst<\/td>\n<\/tr>\n<tr>\n<td width=\"49\"><strong><span style=\"color: #993300;\">6.<\/span><\/strong><\/td>\n<td width=\"155\">12 wrzesie\u0144 2019<\/td>\n<td width=\"317\">Piotr Olszak (Honer)<\/td>\n<td width=\"144\">5 asyst<\/td>\n<\/tr>\n<tr>\n<td width=\"49\"><strong><span style=\"color: #993300;\">7.<\/span><\/strong><\/td>\n<td width=\"155\">12 wrzesie\u0144 2019<\/td>\n<td width=\"317\">Szymon Grocholewski (Honer)<\/td>\n<td width=\"144\">5 asyst<\/td>\n<\/tr>\n<tr>\n<td width=\"49\"><strong><span style=\"color: #993300;\">8.<\/span><\/strong><\/td>\n<td width=\"155\">16 lipiec 2020<\/td>\n<td width=\"317\">Piotr G\u00f3recki (Batimowcy)<\/td>\n<td width=\"144\">5 asyst<\/td>\n<\/tr>\n<tr>\n<td width=\"49\"><strong><span style=\"color: #993300;\">9.<\/span><\/strong><\/td>\n<td width=\"155\">23 lipiec 2020<\/td>\n<td width=\"317\">Mateusz Piwowar (Willa Poprad)<\/td>\n<td width=\"144\">5 asyst<\/td>\n<\/tr>\n<tr>\n<td width=\"49\"><strong><span style=\"color: #993300;\">10.<\/span><\/strong><\/td>\n<td width=\"155\">9 wrzesie\u0144 2020<\/td>\n<td width=\"317\">Jakub Ogorza\u0142y (Willa Poprad)<\/td>\n<td width=\"144\">5 asyst<\/td>\n<\/tr>\n<tr>\n<td width=\"49\"><strong><span style=\"color: #993300;\">11.<\/span><\/strong><\/td>\n<td width=\"155\">10 maj 2022<\/td>\n<td width=\"317\">Adrian \u0141astowski (Trade)<\/td>\n<td width=\"144\">5 asyst<\/td>\n<\/tr>\n<tr>\n<td width=\"49\"><strong><span style=\"color: #993300;\">12.<\/span><\/strong><\/td>\n<td width=\"155\">9 sierpie\u0144 2022<\/td>\n<td width=\"317\">Mateusz Dobosz (Foto Key)<\/td>\n<td width=\"144\">5 asyst<\/td>\n<\/tr>\n<tr>\n<td width=\"49\"><strong><span style=\"color: #993300;\">13.<\/span><\/strong><\/td>\n<td width=\"155\">9 sierpie\u0144 2018<\/td>\n<td width=\"317\">Kamil Zygmunt (\u0141at Kam)<\/td>\n<td width=\"144\">4 asysty<\/td>\n<\/tr>\n<tr>\n<td width=\"49\"><strong><span style=\"color: #993300;\">14.<\/span><\/strong><\/td>\n<td width=\"155\">9 sierpie\u0144 2018<\/td>\n<td width=\"317\">Maciej Nowak (Konspol Holding)<\/td>\n<td width=\"144\">4 asysty<\/td>\n<\/tr>\n<tr>\n<td width=\"49\"><strong><span style=\"color: #993300;\">15.<\/span><\/strong><\/td>\n<td width=\"155\">30 sierpie\u0144 2018<\/td>\n<td width=\"317\">Stefan Mac (\u0141at Kam)<\/td>\n<td width=\"144\">4 asysty<\/td>\n<\/tr>\n<\/tbody>\n<\/table>\n<\/div>\n<\/div>\n<\/div>\n<\/div>\n<\/div>\n<\/div>\n<\/div>\n<\/div>\n","protected":false},"excerpt":{"rendered":"<p>NAJWY\u017bSZE zwyci\u0119stwa: Lp. Data Mecz Wynik 1. 21 czerwiec 2018 Grenpowerns &#8211; Jako Tako Team 18:1 (9:1) + 17 goli 2. 13 czerwiec 2019 Clean Serwis &#8211; S\u0105czersi 2:19 (2:6) + 17 goli 3. 23 lipiec 2020 Willa Poprad &#8211; Tradycja Fabryka Okien 20:3 (8:2) + 17 goli 4. 30 sierpie\u0144 2018 Jako Tako Team [&hellip;]<\/p>\n","protected":false},"author":1,"featured_media":0,"parent":0,"menu_order":0,"comment_status":"closed","ping_status":"closed","template":"","meta":[],"_links":{"self":[{"href":"https:\/\/lfsportevents.pl\/ligaorlika2022\/wp-json\/wp\/v2\/pages\/25344"}],"collection":[{"href":"https:\/\/lfsportevents.pl\/ligaorlika2022\/wp-json\/wp\/v2\/pages"}],"about":[{"href":"https:\/\/lfsportevents.pl\/ligaorlika2022\/wp-json\/wp\/v2\/types\/page"}],"author":[{"embeddable":true,"href":"https:\/\/lfsportevents.pl\/ligaorlika2022\/wp-json\/wp\/v2\/users\/1"}],"replies":[{"embeddable":true,"href":"https:\/\/lfsportevents.pl\/ligaorlika2022\/wp-json\/wp\/v2\/comments?post=25344"}],"version-history":[{"count":2,"href":"https:\/\/lfsportevents.pl\/ligaorlika2022\/wp-json\/wp\/v2\/pages\/25344\/revisions"}],"predecessor-version":[{"id":28450,"href":"https:\/\/lfsportevents.pl\/ligaorlika2022\/wp-json\/wp\/v2\/pages\/25344\/revisions\/28450"}],"wp:attachment":[{"href":"https:\/\/lfsportevents.pl\/ligaorlika2022\/wp-json\/wp\/v2\/media?parent=25344"}],"curies":[{"name":"wp","href":"https:\/\/api.w.org\/{rel}","templated":true}]}}