{"id":20422,"date":"2020-03-27T11:54:17","date_gmt":"2020-03-27T10:54:17","guid":{"rendered":"https:\/\/lfsportevents.pl\/ligaorlika2022\/?page_id=20422"},"modified":"2022-03-15T16:05:57","modified_gmt":"2022-03-15T15:05:57","slug":"dokumenty","status":"publish","type":"page","link":"https:\/\/lfsportevents.pl\/ligaorlika2022\/dokumenty\/","title":{"rendered":"Dokumenty"},"content":{"rendered":"<div class=\"entry-content\">\n<p>Wersja <span style=\"color: #993300;\"><strong>DOC<\/strong><\/span> jest edytowalna w formie word i mo\u017cna wype\u0142ni\u0107 komputerowo edytuj\u0105c formularz.<\/p>\n<p>Wersja<span style=\"color: #993300;\"><strong> PDF<\/strong><\/span> jest nie edytowalna i mo\u017cna wydrukowa\u0107 i wype\u0142ni\u0107 r\u0119cznie.<\/p>\n<ul>\n<li>\n<h2><span style=\"color: #993300;\"><strong>REGULAMIN SUFIGS LIGI ORLIKA \u2013<\/strong><a href=\"https:\/\/lfsportevents.pl\/ligaorlika2022\/wp-content\/uploads\/2022\/03\/Regulamin-Sufigs-Liga-2022-aktualizacja-15.03.2022.pdf\" target=\"_blank\" rel=\"noopener noreferrer\"><span style=\"color: #ff0000;\"> <strong>POBIERZ<\/strong><\/span><\/a><\/span><\/h2>\n<\/li>\n<li>\n<h2><span style=\"color: #993300;\"><strong>FORMULARZ ZG\u0141OSZENIA (doc)\u00a0 \u2013 <\/strong><span style=\"color: #ff0000;\"><a style=\"color: #ff0000;\" href=\"https:\/\/lfsportevents.pl\/ligaorlika2022\/wp-content\/uploads\/2022\/03\/Formularz-zg\u0142oszenia-dru\u017cyny-Sufigs-Liga-Orlika-2022.doc\" target=\"_blank\" rel=\"noopener noreferrer\"><strong>POBIERZ\u00a0<\/strong><\/a><\/span><\/span><\/h2>\n<\/li>\n<li>\n<h2><span style=\"color: #993300;\"><strong>FORMULARZ ZG\u0141OSZENIA (pdf)\u00a0 \u2013 <\/strong><span style=\"color: #ff0000;\"><strong><a style=\"color: #ff0000;\" href=\"https:\/\/lfsportevents.pl\/ligaorlika2022\/wp-content\/uploads\/2022\/03\/Formularz-zg\u0142oszenia-dru\u017cyny-Sufigs-Liga-Orlika-2022.pdf\" target=\"_blank\" rel=\"noopener noreferrer\">POBIERZ<\/a>\u00a0<\/strong><\/span><\/span><\/h2>\n<\/li>\n<li>\n<h2><span style=\"color: #993300;\"><strong>O\u015aWIADCZENIA DLA NIELETNICH (doc) \u2013 <\/strong><span style=\"color: #ff0000;\"><a style=\"color: #ff0000;\" href=\"https:\/\/lfsportevents.pl\/ligaorlika2022\/wp-content\/uploads\/2022\/03\/Oswiadczenie-dla-niepe\u0142noletnich-Sufigs-Liga-Orlika-2022.doc\" target=\"_blank\" rel=\"noopener noreferrer\"><strong>POBIERZ\u00a0<\/strong><\/a><\/span><\/span><\/h2>\n<\/li>\n<li>\n<h2><span style=\"color: #993300;\"><strong>O\u015aWIADCZENIA DLA NIELETNICH (pdf) \u2013 <\/strong><span style=\"color: #ff0000;\"><a style=\"color: #ff0000;\" href=\"https:\/\/lfsportevents.pl\/ligaorlika2022\/wp-content\/uploads\/2022\/03\/Oswiadczenie-dla-niepe\u0142noletnich-Sufigs-Liga-Orlika-2022.pdf\" target=\"_blank\" rel=\"noopener noreferrer\"><strong>po<\/strong><strong>bierz<\/strong><\/a><\/span><\/span><\/h2>\n<\/li>\n<\/ul>\n<\/div>\n<h3><\/h3>\n","protected":false},"excerpt":{"rendered":"<p>Wersja DOC jest edytowalna w formie word i mo\u017cna wype\u0142ni\u0107 komputerowo edytuj\u0105c formularz. Wersja PDF jest nie edytowalna i mo\u017cna wydrukowa\u0107 i wype\u0142ni\u0107 r\u0119cznie. REGULAMIN SUFIGS LIGI ORLIKA \u2013 POBIERZ FORMULARZ ZG\u0141OSZENIA (doc)\u00a0 \u2013 POBIERZ\u00a0 FORMULARZ ZG\u0141OSZENIA (pdf)\u00a0 \u2013 POBIERZ\u00a0 O\u015aWIADCZENIA DLA NIELETNICH (doc) \u2013 POBIERZ\u00a0 O\u015aWIADCZENIA DLA NIELETNICH (pdf) \u2013 pobierz<\/p>\n","protected":false},"author":1,"featured_media":0,"parent":0,"menu_order":0,"comment_status":"closed","ping_status":"closed","template":"","meta":[],"_links":{"self":[{"href":"https:\/\/lfsportevents.pl\/ligaorlika2022\/wp-json\/wp\/v2\/pages\/20422"}],"collection":[{"href":"https:\/\/lfsportevents.pl\/ligaorlika2022\/wp-json\/wp\/v2\/pages"}],"about":[{"href":"https:\/\/lfsportevents.pl\/ligaorlika2022\/wp-json\/wp\/v2\/types\/page"}],"author":[{"embeddable":true,"href":"https:\/\/lfsportevents.pl\/ligaorlika2022\/wp-json\/wp\/v2\/users\/1"}],"replies":[{"embeddable":true,"href":"https:\/\/lfsportevents.pl\/ligaorlika2022\/wp-json\/wp\/v2\/comments?post=20422"}],"version-history":[{"count":3,"href":"https:\/\/lfsportevents.pl\/ligaorlika2022\/wp-json\/wp\/v2\/pages\/20422\/revisions"}],"predecessor-version":[{"id":26132,"href":"https:\/\/lfsportevents.pl\/ligaorlika2022\/wp-json\/wp\/v2\/pages\/20422\/revisions\/26132"}],"wp:attachment":[{"href":"https:\/\/lfsportevents.pl\/ligaorlika2022\/wp-json\/wp\/v2\/media?parent=20422"}],"curies":[{"name":"wp","href":"https:\/\/api.w.org\/{rel}","templated":true}]}}