{"id":11156,"date":"2017-07-26T23:35:06","date_gmt":"2017-07-26T21:35:06","guid":{"rendered":"https:\/\/lfsportevents.pl\/ligaorlika2022\/?page_id=11156"},"modified":"2022-09-05T15:31:20","modified_gmt":"2022-09-05T13:31:20","slug":"regulamin","status":"publish","type":"page","link":"https:\/\/lfsportevents.pl\/ligaorlika2022\/regulamin\/","title":{"rendered":"Okienko transferowe"},"content":{"rendered":"<h1 style=\"text-align: center;\"><strong><span style=\"color: #993300;\">OKIENKO TRANSFEROWE\u00a0<\/span><\/strong><\/h1>\n<h2 style=\"text-align: center;\"><span style=\"color: #339966;\"><strong>otwarcie okienka &#8211; 25.06.2022<\/strong><br \/>\n<\/span><\/h2>\n<h2 style=\"text-align: center;\"><span style=\"color: #ff0000;\"><strong>Zamkni\u0119cie okienka &#8211; 1.08.2022<br \/>\n<\/strong><\/span><\/h2>\n<p>&nbsp;<\/p>\n<h3><strong>LISTA TRANSFEROWA:<\/strong><span style=\"color: #993300;\"><strong>\u00a0<\/strong><\/span><\/h3>\n<p><strong><span style=\"color: #ff0000;\">ODSZED\u0141<\/span><\/strong> &#8211; Stanis\u0142aw Horowski &#8211; Bastek Garnitury<br \/>\n<strong><span style=\"color: #339966;\">PRZYSZED\u0141<\/span><\/strong> &#8211; Stanis\u0142aw Horowski &#8211; Piemonte Calcio<br \/>\n<strong><span style=\"color: #339966;\">PRZYSZED\u0141<\/span><\/strong> &#8211; Kamil Le\u015bniak &#8211; Piemonte Calcio<br \/>\n<strong><span style=\"color: #ff0000;\">ODSZED\u0141<\/span><\/strong> &#8211; Szymon Por\u0119ba &#8211; Sebbet &amp; Firma Cempa<br \/>\n<strong><span style=\"color: #339966;\">PRZYSZED\u0141<\/span><\/strong> &#8211; Szymon Por\u0119ba &#8211; G\u0142odzik i Smajdor Team<br \/>\n<strong><span style=\"color: #339966;\">PRZYSZED\u0141<\/span><\/strong> &#8211; Tomasz Ci\u0119ciwa &#8211; Barska Clinic<br \/>\n<strong><span style=\"color: #339966;\">PRZYSZED\u0141<\/span><\/strong> &#8211; Wojciech Cebula &#8211; Barska Clinic<br \/>\n<strong><span style=\"color: #ff0000;\">ODSZED\u0141<\/span><\/strong> &#8211; Adrian Salamon &#8211; Dj NovoS Team<br \/>\n<strong><span style=\"color: #339966;\">PRZYSZED\u0141<\/span><\/strong> &#8211; Karol \u0141atka &#8211; Dj NovoS Team<br \/>\n<strong><span style=\"color: #ff0000;\">ODSZED\u0141<\/span><\/strong> &#8211; \u0141ukasz Borek &#8211; Restauracja Nawojka<br \/>\n<strong><span style=\"color: #339966;\">PRZYSZED\u0141<\/span><\/strong> &#8211; Marcin Borek &#8211; Restauracja Nawojka<br \/>\n<strong><span style=\"color: #ff0000;\">ODSZED\u0141<\/span><\/strong> &#8211; Arkadiusz Pi\u0119tka &#8211; Restauracja Nawojka<br \/>\n<strong><span style=\"color: #ff0000;\">ODSZED\u0141<\/span><\/strong> &#8211; Tomasz Ma\u015blanka &#8211; Restauracja Nawojka<br \/>\n<strong><span style=\"color: #339966;\">PRZYSZED\u0141<\/span><\/strong> &#8211; Daniel Paso\u0144 &#8211; Sebbet $ Firma Cempa<br \/>\n<strong><span style=\"color: #ff0000;\">ODSZED\u0141<\/span><\/strong> &#8211; Kacper Bulzak &#8211; Trade<br \/>\n<strong><span style=\"color: #339966;\">PRZYSZED\u0141<\/span><\/strong> &#8211; Yaroslav Nyzhnyk &#8211; Trade<br \/>\n<strong><span style=\"color: #ff0000;\">ODSZED\u0141<\/span><\/strong> &#8211; Kamil Kurzeja &#8211; Trade<br \/>\n<strong><span style=\"color: #ff0000;\">ODSZED\u0141<\/span><\/strong> &#8211; Dawid Bochenek &#8211; Bruk-Ogr\u00f3d-Nowak<br \/>\n<strong><span style=\"color: #339966;\">PRZYSZED\u0141<\/span><\/strong> &#8211; Dawid Bochenek &#8211; Bastek Garnitury<br \/>\n<strong><span style=\"color: #ff0000;\">ODSZED\u0141<\/span><\/strong> &#8211; Tomasz Saczka &#8211; Bastek Garnitury<br \/>\n<strong><span style=\"color: #339966;\">PRZYSZED\u0141<\/span><\/strong> &#8211; Krzysztof Noga &#8211; Bastek Garnitury<br \/>\n<strong><span style=\"color: #ff0000;\">ODSZED\u0141<\/span><\/strong> &#8211; Krzysztof Lelito &#8211; Bastek Garnitury<br \/>\n<strong><span style=\"color: #ff0000;\">ODSZED\u0141<\/span><\/strong> &#8211; Karol Klimek &#8211; Wi\u015bniowski<br \/>\n<strong><span style=\"color: #ff0000;\">ODSZED\u0141<\/span><\/strong> &#8211; \u0141ukasz Mirek &#8211; Barska Clinic<br \/>\n<strong><span style=\"color: #339966;\">PRZYSZED\u0141<\/span><\/strong> &#8211; Krzysztof Bogdanowicz &#8211; Wi\u015bniowski<br \/>\n<strong><span style=\"color: #ff0000;\">ODSZED\u0141<\/span><\/strong> &#8211; S\u0142awomir Zgrzeblak &#8211; Pabud<br \/>\n<span style=\"color: #ff0000;\"><strong>ODSZED\u0141<\/strong><\/span> &#8211; \u0141ukasz Piech &#8211; Honer<br \/>\n<span style=\"color: #339966;\"><strong>PRZYSZED\u0141<\/strong><\/span> &#8211; \u0141ukasz Piech &#8211; Baz Pal<br \/>\n<strong><span style=\"color: #339966;\">PRZYSZED\u0141<\/span><\/strong> &#8211; S\u0142awomir Zgrzeblak &#8211; Bastek Garnitury<br \/>\n<strong><span style=\"color: #ff0000;\">ODSZED\u0141<\/span><\/strong> &#8211; Krzysztof Zaczyk &#8211; Sebbet &amp; Firma Cempa<br \/>\n<strong><span style=\"color: #339966;\">PRZYSZED\u0141<\/span><\/strong> &#8211; Andrzej Olbrycht &#8211; Sebbet $ Firma Cempa<br \/>\n<strong><span style=\"color: #ff0000;\">ODSZED\u0141<\/span><\/strong> &#8211; Wiktor Bodziony &#8211; Sebbet &amp; Firma Cempa<br \/>\n<strong><span style=\"color: #339966;\">PRZYSZED\u0141<\/span><\/strong> &#8211; Piotr Pazgan &#8211; Sebbet $ Firma Cempa<br \/>\n<strong><span style=\"color: #ff0000;\">ODSZED\u0141<\/span><\/strong> &#8211; Wojciech Oleksy &#8211; Bruk-Ogr\u00f3d-Nowak<br \/>\n<strong><span style=\"color: #ff0000;\">ODSZED\u0141<\/span><\/strong> &#8211; Artur Kois &#8211; Wi\u015bniowski<br \/>\n<strong><span style=\"color: #ff0000;\">ODSZED\u0141<\/span><\/strong> &#8211; Seweryn Michalik &#8211; Wi\u015bniowski<br \/>\n<strong><span style=\"color: #ff0000;\">ODSZED\u0141<\/span><\/strong> &#8211; \u0141ukasz Chochorowski &#8211; Wi\u015bniowski<br \/>\n<strong><span style=\"color: #339966;\">PRZYSZED\u0141<\/span><\/strong> &#8211; Przemys\u0142aw Dziedzina &#8211; Lumberjacks<br \/>\n<strong><span style=\"color: #339966;\">PRZYSZED\u0141<\/span><\/strong> &#8211; Adrian Babi\u0144ski &#8211; Nitro Karting<br \/>\n<strong><span style=\"color: #339966;\">PRZYSZED\u0141<\/span><\/strong> &#8211; Tadeusz Udziela &#8211; Gorc Ochotnica<br \/>\n<strong><span style=\"color: #ff0000;\">ODSZED\u0141<\/span><\/strong> &#8211; Arkadiusz Zawi\u015blan &#8211; Dom Weselny Sylwia<br \/>\n<strong><span style=\"color: #339966;\">PRZYSZED\u0141<\/span><\/strong> &#8211; Wojciech Kalisz &#8211; Dom Weselny Sylwia<br \/>\n<strong><span style=\"color: #ff0000;\">ODSZED\u0141<\/span><\/strong> &#8211; Mateusz Matyaszek &#8211; Bysek Team<br \/>\n<strong><span style=\"color: #339966;\">PRZYSZED\u0141<\/span><\/strong> &#8211; Pawe\u0142 Matyaszek &#8211; Bysek Team<br \/>\n<strong><span style=\"color: #339966;\">PRZYSZED\u0141<\/span><\/strong> &#8211; Jan Skrzymowski &#8211; Bysek Team<br \/>\n<strong><span style=\"color: #ff0000;\">ODSZED\u0141<\/span><\/strong> &#8211; Kacper Janusz &#8211; Trade<br \/>\n<strong><span style=\"color: #339966;\">PRZYSZED\u0141<\/span><\/strong> &#8211; Kacper Janusz &#8211; Bysek Team<br \/>\n<strong><span style=\"color: #ff0000;\">ODSZED\u0141<\/span><\/strong> &#8211; Karol Cisowski &#8211; Baz Pal<br \/>\n<strong><span style=\"color: #339966;\">PRZYSZED\u0141<\/span><\/strong> &#8211; Krzysztof Twardowski &#8211; Baz Pal<br \/>\n<strong><span style=\"color: #ff0000;\">ODSZED\u0141<\/span><\/strong> &#8211; Rafa\u0142 Sta\u0144czak &#8211; Baz Pal<br \/>\n<strong><span style=\"color: #ff0000;\">ODSZED\u0141<\/span><\/strong> &#8211; Mateusz Rola &#8211; Mawa Wyko\u0144czenia Wn\u0119trz<br \/>\n<strong><span style=\"color: #339966;\">PRZYSZED\u0141<\/span><\/strong> &#8211; Mateusz Rola &#8211; Baz Pal<br \/>\n<strong><span style=\"color: #ff0000;\">ODSZED\u0141<\/span><\/strong> &#8211; \u0141ukasz Boczo\u0144 &#8211; Gotoma<br \/>\n<strong><span style=\"color: #ff0000;\">ODSZED\u0141<\/span><\/strong> &#8211; Piotr Janik &#8211; Gotoma<br \/>\n<strong><span style=\"color: #ff0000;\">ODSZED\u0141<\/span><\/strong> &#8211; Witold Krzak &#8211; Gotoma<\/p>\n<h3><span style=\"color: #993300;\"><strong>Regulamin Okienka Transferowego.<\/strong><\/span><\/h3>\n<ul>\n<li>Mo\u017cliwe jest dopisanie 3 zawodnik\u00f3w do listy, maksymalnie do 18 os\u00f3b<\/li>\n<li>Je\u015bli dru\u017cyna posiada pe\u0142n\u0105 list\u0119 18 os\u00f3b, to mo\u017cemy skre\u015bli\u0107 pi\u0142karzy nieaktywnych i w zamian za ich miejsce zakontraktowa\u0107 nowych.<\/li>\n<li>Mo\u017cemy zrobi\u0107 3 transfery mi\u0119dzy dru\u017cynami.<\/li>\n<li>Nale\u017cy pami\u0119ta\u0107 by nie przekroczy\u0107 limit zawodnik\u00f3w czynnych na dru\u017cyn\u0119.<\/li>\n<li>Mo\u017cna dopisa\u0107 lub wymieni\u0107 zawodnika amatora i czynnego, zgodnie z regulaminem punktu\u00a0V ZESPO\u0141Y I ZAWODNICY\u00a0 podpunktu 4<\/li>\n<li>Amator\u00f3w mo\u017cna wymieni\u0107 dowolnie, czynnych dw\u00f3ch<\/li>\n<li>Ch\u0119\u0107 skorzystania z okienka transferowego, nale\u017cy zg\u0142osi\u0107 tylko i wy\u0142\u0105cznie w formie pisemnej na adres mailowy:\u00a0biuro@lfsportevents.pl lub w razie pyta\u0144 prosimy dzwoni\u0107 na nr tel: 500-758-968<\/li>\n<li>Na stronie www.lfsportevents.pl pojawi\u0142a si\u0119 zak\u0142adka\u00a0<strong>OKIENKO TRANSFEROWE<\/strong>\u00a0gdzie b\u0119d\u0105 podawane informacje o nowych zawodnikach i transferach.<\/li>\n<\/ul>\n","protected":false},"excerpt":{"rendered":"<p>OKIENKO TRANSFEROWE\u00a0 otwarcie okienka &#8211; 25.06.2022 Zamkni\u0119cie okienka &#8211; 1.08.2022 &nbsp; LISTA TRANSFEROWA:\u00a0 ODSZED\u0141 &#8211; Stanis\u0142aw Horowski &#8211; Bastek Garnitury PRZYSZED\u0141 &#8211; Stanis\u0142aw Horowski &#8211; Piemonte Calcio PRZYSZED\u0141 &#8211; Kamil Le\u015bniak &#8211; Piemonte Calcio ODSZED\u0141 &#8211; Szymon Por\u0119ba &#8211; Sebbet &amp; Firma Cempa PRZYSZED\u0141 &#8211; Szymon Por\u0119ba &#8211; G\u0142odzik i Smajdor Team PRZYSZED\u0141 &#8211; Tomasz [&hellip;]<\/p>\n","protected":false},"author":1,"featured_media":0,"parent":0,"menu_order":0,"comment_status":"closed","ping_status":"closed","template":"","meta":[],"_links":{"self":[{"href":"https:\/\/lfsportevents.pl\/ligaorlika2022\/wp-json\/wp\/v2\/pages\/11156"}],"collection":[{"href":"https:\/\/lfsportevents.pl\/ligaorlika2022\/wp-json\/wp\/v2\/pages"}],"about":[{"href":"https:\/\/lfsportevents.pl\/ligaorlika2022\/wp-json\/wp\/v2\/types\/page"}],"author":[{"embeddable":true,"href":"https:\/\/lfsportevents.pl\/ligaorlika2022\/wp-json\/wp\/v2\/users\/1"}],"replies":[{"embeddable":true,"href":"https:\/\/lfsportevents.pl\/ligaorlika2022\/wp-json\/wp\/v2\/comments?post=11156"}],"version-history":[{"count":2,"href":"https:\/\/lfsportevents.pl\/ligaorlika2022\/wp-json\/wp\/v2\/pages\/11156\/revisions"}],"predecessor-version":[{"id":28574,"href":"https:\/\/lfsportevents.pl\/ligaorlika2022\/wp-json\/wp\/v2\/pages\/11156\/revisions\/28574"}],"wp:attachment":[{"href":"https:\/\/lfsportevents.pl\/ligaorlika2022\/wp-json\/wp\/v2\/media?parent=11156"}],"curies":[{"name":"wp","href":"https:\/\/api.w.org\/{rel}","templated":true}]}}