{"id":5307,"date":"2017-03-15T11:07:43","date_gmt":"2017-03-15T10:07:43","guid":{"rendered":"https:\/\/lfsportevents.pl\/ligaorlika\/?page_id=5307"},"modified":"2026-05-06T11:07:31","modified_gmt":"2026-05-06T09:07:31","slug":"zolte-k","status":"publish","type":"page","link":"https:\/\/lfsportevents.pl\/ligaorlika\/ii-liga\/zolte-k\/","title":{"rendered":"\u017b\u00f3\u0142te k."},"content":{"rendered":"<div class=\"sportspress\"><h4 class=\"sp-table-caption\">\u017b\u00f3\u0142te kartki \u2013 II Liga<\/h4><div class=\"sp-template sp-template-player-list\"><div class=\"sp-table-wrapper\"><table class=\"sp-player-list sp-data-table sp-sortable-table sp-scrollable-table sp-paginated-table\" data-sp-rows=\"50\"><thead><tr><th class=\"data-rank\">Ranga<\/th><th class=\"data-name\">Zawodnik<\/th><th class=\"data-team\">Klub<\/th><th class=\"data-yellowcards\">\u017b\u00f3\u0142te kartki<\/th><\/tr><\/thead><tbody><tr class=\"odd\"><td class=\"data-rank\" data-label=\"#\">1<\/td><td class=\"data-name has-photo\" data-label=\"Zawodnik\"><a href=\"https:\/\/lfsportevents.pl\/ligaorlika\/player\/dawid-bochenek\/\"><span class=\"player-photo\"><img width=\"96\" height=\"128\" src=\"https:\/\/lfsportevents.pl\/ligaorlika\/wp-content\/uploads\/1996\/02\/Dawid-Bochenek-96x128.jpg\" class=\"attachment-sportspress-fit-icon size-sportspress-fit-icon wp-post-image\" alt=\"\" loading=\"lazy\" \/><\/span>Dawid Bochenek<\/a><\/td><td class=\"data-team\" data-label=\"Klub\"><a href=\"https:\/\/lfsportevents.pl\/ligaorlika\/team\/dromader\/\">Dromader<\/a><\/td><td class=\"data-yellowcards\" data-label=\"\u017b\u00f3\u0142te kartki\">2<\/td><\/tr><tr class=\"even\"><td class=\"data-rank\" data-label=\"#\">2<\/td><td class=\"data-name\" data-label=\"Zawodnik\"><a href=\"https:\/\/lfsportevents.pl\/ligaorlika\/player\/tadeusz-zasadni-2\/\">Tadeusz Zasadni<\/a><\/td><td class=\"data-team\" data-label=\"Klub\"><a href=\"https:\/\/lfsportevents.pl\/ligaorlika\/team\/el-dom\/\">El-Dom<\/a><\/td><td class=\"data-yellowcards\" data-label=\"\u017b\u00f3\u0142te kartki\">1<\/td><\/tr><tr class=\"odd\"><td class=\"data-rank\" data-label=\"#\">3<\/td><td class=\"data-name\" data-label=\"Zawodnik\"><a href=\"https:\/\/lfsportevents.pl\/ligaorlika\/player\/filip-zajac\/\">Filip Zaj\u0105c<\/a><\/td><td class=\"data-team\" data-label=\"Klub\"><a href=\"https:\/\/lfsportevents.pl\/ligaorlika\/team\/creative\/\">Creative<\/a><\/td><td class=\"data-yellowcards\" data-label=\"\u017b\u00f3\u0142te kartki\">1<\/td><\/tr><tr class=\"even\"><td class=\"data-rank\" data-label=\"#\">4<\/td><td class=\"data-name has-photo\" data-label=\"Zawodnik\"><a href=\"https:\/\/lfsportevents.pl\/ligaorlika\/player\/michal-wiewiora\/\"><span class=\"player-photo\"><img width=\"96\" height=\"128\" src=\"https:\/\/lfsportevents.pl\/ligaorlika\/wp-content\/uploads\/1998\/03\/Micha\u0142-Wiewi\u00f3ra-96x128.jpg\" class=\"attachment-sportspress-fit-icon size-sportspress-fit-icon wp-post-image\" alt=\"\" loading=\"lazy\" \/><\/span>Micha\u0142 Wiewi\u00f3ra<\/a><\/td><td class=\"data-team\" data-label=\"Klub\"><a href=\"https:\/\/lfsportevents.pl\/ligaorlika\/team\/smolnik-mecina\/\">Smolnik M\u0119cina<\/a><\/td><td class=\"data-yellowcards\" data-label=\"\u017b\u00f3\u0142te kartki\">1<\/td><\/tr><tr class=\"odd\"><td class=\"data-rank\" data-label=\"#\">5<\/td><td class=\"data-name\" data-label=\"Zawodnik\"><a href=\"https:\/\/lfsportevents.pl\/ligaorlika\/player\/mario-waleczko\/\">Mario Waleczko<\/a><\/td><td class=\"data-team\" data-label=\"Klub\"><a href=\"https:\/\/lfsportevents.pl\/ligaorlika\/team\/carpatian-hot-tubs\/\">Carpatian Hot Tubs<\/a><\/td><td class=\"data-yellowcards\" data-label=\"\u017b\u00f3\u0142te kartki\">1<\/td><\/tr><tr class=\"even\"><td class=\"data-rank\" data-label=\"#\">6<\/td><td class=\"data-name has-photo\" data-label=\"Zawodnik\"><a href=\"https:\/\/lfsportevents.pl\/ligaorlika\/player\/mateusz-lagosz\/\"><span class=\"player-photo\"><img width=\"96\" height=\"128\" src=\"https:\/\/lfsportevents.pl\/ligaorlika\/wp-content\/uploads\/1987\/12\/Mateusz-\u0141agosz-1-96x128.jpg\" class=\"attachment-sportspress-fit-icon size-sportspress-fit-icon wp-post-image\" alt=\"\" loading=\"lazy\" \/><\/span>Mateusz \u0141agosz<\/a><\/td><td class=\"data-team\" data-label=\"Klub\"><a href=\"https:\/\/lfsportevents.pl\/ligaorlika\/team\/bruk-ogrod-nowak\/\">Bruk Ogr\u00f3d Nowak<\/a><\/td><td class=\"data-yellowcards\" data-label=\"\u017b\u00f3\u0142te kartki\">1<\/td><\/tr><\/tbody><\/table><\/div><\/div><\/div>\n","protected":false},"excerpt":{"rendered":"","protected":false},"author":1,"featured_media":0,"parent":5277,"menu_order":0,"comment_status":"closed","ping_status":"closed","template":"","meta":[],"_links":{"self":[{"href":"https:\/\/lfsportevents.pl\/ligaorlika\/wp-json\/wp\/v2\/pages\/5307"}],"collection":[{"href":"https:\/\/lfsportevents.pl\/ligaorlika\/wp-json\/wp\/v2\/pages"}],"about":[{"href":"https:\/\/lfsportevents.pl\/ligaorlika\/wp-json\/wp\/v2\/types\/page"}],"author":[{"embeddable":true,"href":"https:\/\/lfsportevents.pl\/ligaorlika\/wp-json\/wp\/v2\/users\/1"}],"replies":[{"embeddable":true,"href":"https:\/\/lfsportevents.pl\/ligaorlika\/wp-json\/wp\/v2\/comments?post=5307"}],"version-history":[{"count":2,"href":"https:\/\/lfsportevents.pl\/ligaorlika\/wp-json\/wp\/v2\/pages\/5307\/revisions"}],"predecessor-version":[{"id":37251,"href":"https:\/\/lfsportevents.pl\/ligaorlika\/wp-json\/wp\/v2\/pages\/5307\/revisions\/37251"}],"up":[{"embeddable":true,"href":"https:\/\/lfsportevents.pl\/ligaorlika\/wp-json\/wp\/v2\/pages\/5277"}],"wp:attachment":[{"href":"https:\/\/lfsportevents.pl\/ligaorlika\/wp-json\/wp\/v2\/media?parent=5307"}],"curies":[{"name":"wp","href":"https:\/\/api.w.org\/{rel}","templated":true}]}}