{"id":5303,"date":"2017-03-15T11:07:15","date_gmt":"2017-03-15T10:07:15","guid":{"rendered":"https:\/\/lfsportevents.pl\/ligaorlika\/?page_id=5303"},"modified":"2026-05-06T08:59:39","modified_gmt":"2026-05-06T06:59:39","slug":"terminarzwyniki","status":"publish","type":"page","link":"https:\/\/lfsportevents.pl\/ligaorlika\/ii-liga\/terminarzwyniki\/","title":{"rendered":"Terminarz\/Wyniki"},"content":{"rendered":"<div class=\"sportspress\"><div class=\"sp-template sp-template-event-list\">\n\t\t\t<h4 class=\"sp-table-caption\">1 Kolejka &#8211; II Liga<\/h4>\n\t\t<div class=\"sp-table-wrapper\">\n\t\t<table class=\"sp-event-list sp-event-list-format-title sp-data-table\n\t\t\t\t\t\t\t\t\t\t\t\t\t\t\t\t\t\t\t\t sp-paginated-table\n\t\t\t\t\t\t\t\t\t\t\t\t\t\t\t\t\t\t \t\t\t sp-sortable-table\n\t\t\t\t\t\t\t\t\t\t\t\t\t\t\t\t\t\t \t\t\t\t\t\t\t\t\t\t\t\t\t sp-scrollable-table \" data-sp-rows=\"10\">\n\t\t\t<thead>\n\t\t\t\t<tr>\n\t\t\t\t\t<th class=\"data-date\">Data<\/th><th class=\"data-event\">Mecz<\/th><th class=\"data-time\">Czas\/Wyniki<\/th><th class=\"data-league\">Liga<\/th><th class=\"data-venue\">Miejsce spotkania<\/th>\t\t\t\t<\/tr>\n\t\t\t<\/thead>\n\t\t\t<tbody>\n\t\t\t\t<tr class=\"sp-row sp-post alternate sp-row-no-0\" itemscope itemtype=\"http:\/\/schema.org\/SportsEvent\"><td class=\"data-date\" itemprop=\"startDate\" content=\"2026-04-28T18:00+02:00\" data-label=\"Data\"><a href=\"https:\/\/lfsportevents.pl\/ligaorlika\/event\/creative-carpatian-hot-tubs\/\" itemprop=\"url\"><date>2026-04-28 18:00:57<\/date>28 kwietnia 2026<\/a><\/td><td class=\"data-event\" data-label=\"Mecz\"><a href=\"https:\/\/lfsportevents.pl\/ligaorlika\/event\/creative-carpatian-hot-tubs\/\"> Creative : Carpatian Hot-Tubs<\/a><\/td><td class=\"data-time ok\" data-label=\"Czas\/Wyniki\"><a href=\"https:\/\/lfsportevents.pl\/ligaorlika\/event\/creative-carpatian-hot-tubs\/\" itemprop=\"url\">1 - 1<\/a><\/td><td class=\"data-league\" data-label=\"Liga\">Sufigs - II Liga<\/td><td class=\"data-venue\" data-label=\"Miejsce spotkania\" itemprop=\"location\" itemscope itemtype=\"http:\/\/schema.org\/Place\"><div itemprop=\"address\" itemscope itemtype=\"http:\/\/schema.org\/PostalAddress\">Orlik Jazowsko<\/div><\/td><\/tr><tr class=\"sp-row sp-post sp-row-no-1\" itemscope itemtype=\"http:\/\/schema.org\/SportsEvent\"><td class=\"data-date\" itemprop=\"startDate\" content=\"2026-04-28T18:45+02:00\" data-label=\"Data\"><a href=\"https:\/\/lfsportevents.pl\/ligaorlika\/event\/iron-team-smolnik-mecina-2\/\" itemprop=\"url\"><date>2026-04-28 18:45:40<\/date>28 kwietnia 2026<\/a><\/td><td class=\"data-event\" data-label=\"Mecz\"><a href=\"https:\/\/lfsportevents.pl\/ligaorlika\/event\/iron-team-smolnik-mecina-2\/\"> Iron Team : Smolnik M\u0119cina<\/a><\/td><td class=\"data-time ok\" data-label=\"Czas\/Wyniki\"><a href=\"https:\/\/lfsportevents.pl\/ligaorlika\/event\/iron-team-smolnik-mecina-2\/\" itemprop=\"url\">0 - 5<\/a><\/td><td class=\"data-league\" data-label=\"Liga\">Sufigs - II Liga<\/td><td class=\"data-venue\" data-label=\"Miejsce spotkania\" itemprop=\"location\" itemscope itemtype=\"http:\/\/schema.org\/Place\"><div itemprop=\"address\" itemscope itemtype=\"http:\/\/schema.org\/PostalAddress\">Orlik Jazowsko<\/div><\/td><\/tr><tr class=\"sp-row sp-post alternate sp-row-no-2\" itemscope itemtype=\"http:\/\/schema.org\/SportsEvent\"><td class=\"data-date\" itemprop=\"startDate\" content=\"2026-04-28T19:30+02:00\" data-label=\"Data\"><a href=\"https:\/\/lfsportevents.pl\/ligaorlika\/event\/el-dom-bruk-ogrod-nowak\/\" itemprop=\"url\"><date>2026-04-28 19:30:14<\/date>28 kwietnia 2026<\/a><\/td><td class=\"data-event\" data-label=\"Mecz\"><a href=\"https:\/\/lfsportevents.pl\/ligaorlika\/event\/el-dom-bruk-ogrod-nowak\/\"> El-Dom : Bruk Ogr\u00f3d Nowak<\/a><\/td><td class=\"data-time ok\" data-label=\"Czas\/Wyniki\"><a href=\"https:\/\/lfsportevents.pl\/ligaorlika\/event\/el-dom-bruk-ogrod-nowak\/\" itemprop=\"url\">6 - 5<\/a><\/td><td class=\"data-league\" data-label=\"Liga\">Sufigs - II Liga<\/td><td class=\"data-venue\" data-label=\"Miejsce spotkania\" itemprop=\"location\" itemscope itemtype=\"http:\/\/schema.org\/Place\"><div itemprop=\"address\" itemscope itemtype=\"http:\/\/schema.org\/PostalAddress\">Orlik Jazowsko<\/div><\/td><\/tr><tr class=\"sp-row sp-post sp-row-no-3\" itemscope itemtype=\"http:\/\/schema.org\/SportsEvent\"><td class=\"data-date\" itemprop=\"startDate\" content=\"2026-04-28T20:15+02:00\" data-label=\"Data\"><a href=\"https:\/\/lfsportevents.pl\/ligaorlika\/event\/protel-ark-group\/\" itemprop=\"url\"><date>2026-04-28 20:15:51<\/date>28 kwietnia 2026<\/a><\/td><td class=\"data-event\" data-label=\"Mecz\"><a href=\"https:\/\/lfsportevents.pl\/ligaorlika\/event\/protel-ark-group\/\"> Protel : ARK Group<\/a><\/td><td class=\"data-time ok\" data-label=\"Czas\/Wyniki\"><a href=\"https:\/\/lfsportevents.pl\/ligaorlika\/event\/protel-ark-group\/\" itemprop=\"url\">3 - 0<\/a><\/td><td class=\"data-league\" data-label=\"Liga\">Sufigs - II Liga<\/td><td class=\"data-venue\" data-label=\"Miejsce spotkania\" itemprop=\"location\" itemscope itemtype=\"http:\/\/schema.org\/Place\"><div itemprop=\"address\" itemscope itemtype=\"http:\/\/schema.org\/PostalAddress\">Orlik Jazowsko<\/div><\/td><\/tr><tr class=\"sp-row sp-post alternate sp-row-no-4\" itemscope itemtype=\"http:\/\/schema.org\/SportsEvent\"><td class=\"data-date\" itemprop=\"startDate\" content=\"2026-04-28T21:00+02:00\" data-label=\"Data\"><a href=\"https:\/\/lfsportevents.pl\/ligaorlika\/event\/mawa-wykonczenia-wnetrz-dromader\/\" itemprop=\"url\"><date>2026-04-28 21:00:34<\/date>28 kwietnia 2026<\/a><\/td><td class=\"data-event\" data-label=\"Mecz\"><a href=\"https:\/\/lfsportevents.pl\/ligaorlika\/event\/mawa-wykonczenia-wnetrz-dromader\/\"> Mawa Wyko\u0144czenia Wn\u0119trz : Dromader<\/a><\/td><td class=\"data-time ok\" data-label=\"Czas\/Wyniki\"><a href=\"https:\/\/lfsportevents.pl\/ligaorlika\/event\/mawa-wykonczenia-wnetrz-dromader\/\" itemprop=\"url\">3 - 7<\/a><\/td><td class=\"data-league\" data-label=\"Liga\">Sufigs - II Liga<\/td><td class=\"data-venue\" data-label=\"Miejsce spotkania\" itemprop=\"location\" itemscope itemtype=\"http:\/\/schema.org\/Place\"><div itemprop=\"address\" itemscope itemtype=\"http:\/\/schema.org\/PostalAddress\">Orlik Jazowsko<\/div><\/td><\/tr>\t\t\t<\/tbody>\n\t\t<\/table>\n\t<\/div>\n\t<\/div>\n<\/div>\n<div class=\"sportspress\"><div class=\"sp-template sp-template-event-list\">\n\t\t\t<h4 class=\"sp-table-caption\">2 Kolejka &#8211; II Liga<\/h4>\n\t\t<div class=\"sp-table-wrapper\">\n\t\t<table class=\"sp-event-list sp-event-list-format-title sp-data-table\n\t\t\t\t\t\t\t\t\t\t\t\t\t\t\t\t\t\t\t\t sp-paginated-table\n\t\t\t\t\t\t\t\t\t\t\t\t\t\t\t\t\t\t \t\t\t sp-sortable-table\n\t\t\t\t\t\t\t\t\t\t\t\t\t\t\t\t\t\t \t\t\t\t\t\t\t\t\t\t\t\t\t sp-scrollable-table \" data-sp-rows=\"10\">\n\t\t\t<thead>\n\t\t\t\t<tr>\n\t\t\t\t\t<th class=\"data-date\">Data<\/th><th class=\"data-event\">Mecz<\/th><th class=\"data-time\">Czas\/Wyniki<\/th><th class=\"data-league\">Liga<\/th><th class=\"data-venue\">Miejsce spotkania<\/th>\t\t\t\t<\/tr>\n\t\t\t<\/thead>\n\t\t\t<tbody>\n\t\t\t\t<tr class=\"sp-row sp-post alternate sp-row-no-0\" itemscope itemtype=\"http:\/\/schema.org\/SportsEvent\"><td class=\"data-date\" itemprop=\"startDate\" content=\"2026-05-05T18:00+02:00\" data-label=\"Data\"><a href=\"https:\/\/lfsportevents.pl\/ligaorlika\/event\/mawa-wykonczenia-wnetrz-protel-2\/\" itemprop=\"url\"><date>2026-05-05 18:00:12<\/date>5 maja 2026<\/a><\/td><td class=\"data-event\" data-label=\"Mecz\"><a href=\"https:\/\/lfsportevents.pl\/ligaorlika\/event\/mawa-wykonczenia-wnetrz-protel-2\/\"> Mawa Wyko\u0144czenia Wn\u0119trz : Protel<\/a><\/td><td class=\"data-time ok\" data-label=\"Czas\/Wyniki\"><a href=\"https:\/\/lfsportevents.pl\/ligaorlika\/event\/mawa-wykonczenia-wnetrz-protel-2\/\" itemprop=\"url\">3 - 3<\/a><\/td><td class=\"data-league\" data-label=\"Liga\">Sufigs - II Liga<\/td><td class=\"data-venue\" data-label=\"Miejsce spotkania\" itemprop=\"location\" itemscope itemtype=\"http:\/\/schema.org\/Place\"><div itemprop=\"address\" itemscope itemtype=\"http:\/\/schema.org\/PostalAddress\">Orlik Jazowsko<\/div><\/td><\/tr><tr class=\"sp-row sp-post sp-row-no-1\" itemscope itemtype=\"http:\/\/schema.org\/SportsEvent\"><td class=\"data-date\" itemprop=\"startDate\" content=\"2026-05-05T18:45+02:00\" data-label=\"Data\"><a href=\"https:\/\/lfsportevents.pl\/ligaorlika\/event\/ark-group-el-dom\/\" itemprop=\"url\"><date>2026-05-05 18:45:41<\/date>5 maja 2026<\/a><\/td><td class=\"data-event\" data-label=\"Mecz\"><a href=\"https:\/\/lfsportevents.pl\/ligaorlika\/event\/ark-group-el-dom\/\"> ARK Group : El-Dom<\/a><\/td><td class=\"data-time ok\" data-label=\"Czas\/Wyniki\"><a href=\"https:\/\/lfsportevents.pl\/ligaorlika\/event\/ark-group-el-dom\/\" itemprop=\"url\">2 - 7<\/a><\/td><td class=\"data-league\" data-label=\"Liga\">Sufigs - II Liga<\/td><td class=\"data-venue\" data-label=\"Miejsce spotkania\" itemprop=\"location\" itemscope itemtype=\"http:\/\/schema.org\/Place\"><div itemprop=\"address\" itemscope itemtype=\"http:\/\/schema.org\/PostalAddress\">Orlik Jazowsko<\/div><\/td><\/tr><tr class=\"sp-row sp-post alternate sp-row-no-2\" itemscope itemtype=\"http:\/\/schema.org\/SportsEvent\"><td class=\"data-date\" itemprop=\"startDate\" content=\"2026-05-05T19:30+02:00\" data-label=\"Data\"><a href=\"https:\/\/lfsportevents.pl\/ligaorlika\/event\/bruk-ogrod-nowak-iron-team\/\" itemprop=\"url\"><date>2026-05-05 19:30:19<\/date>5 maja 2026<\/a><\/td><td class=\"data-event\" data-label=\"Mecz\"><a href=\"https:\/\/lfsportevents.pl\/ligaorlika\/event\/bruk-ogrod-nowak-iron-team\/\"> Bruk Ogr\u00f3d Nowak : Iron Team<\/a><\/td><td class=\"data-time ok\" data-label=\"Czas\/Wyniki\"><a href=\"https:\/\/lfsportevents.pl\/ligaorlika\/event\/bruk-ogrod-nowak-iron-team\/\" itemprop=\"url\">18 - 2<\/a><\/td><td class=\"data-league\" data-label=\"Liga\">Sufigs - II Liga<\/td><td class=\"data-venue\" data-label=\"Miejsce spotkania\" itemprop=\"location\" itemscope itemtype=\"http:\/\/schema.org\/Place\"><div itemprop=\"address\" itemscope itemtype=\"http:\/\/schema.org\/PostalAddress\">Orlik Jazowsko<\/div><\/td><\/tr><tr class=\"sp-row sp-post sp-row-no-3\" itemscope itemtype=\"http:\/\/schema.org\/SportsEvent\"><td class=\"data-date\" itemprop=\"startDate\" content=\"2026-05-05T20:15+02:00\" data-label=\"Data\"><a href=\"https:\/\/lfsportevents.pl\/ligaorlika\/event\/smolnik-mecina-creative\/\" itemprop=\"url\"><date>2026-05-05 20:15:44<\/date>5 maja 2026<\/a><\/td><td class=\"data-event\" data-label=\"Mecz\"><a href=\"https:\/\/lfsportevents.pl\/ligaorlika\/event\/smolnik-mecina-creative\/\"> Smolnik M\u0119cina : Creative<\/a><\/td><td class=\"data-time ok\" data-label=\"Czas\/Wyniki\"><a href=\"https:\/\/lfsportevents.pl\/ligaorlika\/event\/smolnik-mecina-creative\/\" itemprop=\"url\">1 - 3<\/a><\/td><td class=\"data-league\" data-label=\"Liga\">Sufigs - II Liga<\/td><td class=\"data-venue\" data-label=\"Miejsce spotkania\" itemprop=\"location\" itemscope itemtype=\"http:\/\/schema.org\/Place\"><div itemprop=\"address\" itemscope itemtype=\"http:\/\/schema.org\/PostalAddress\">Orlik Jazowsko<\/div><\/td><\/tr><tr class=\"sp-row sp-post alternate sp-row-no-4\" itemscope itemtype=\"http:\/\/schema.org\/SportsEvent\"><td class=\"data-date\" itemprop=\"startDate\" content=\"2026-05-05T21:00+02:00\" data-label=\"Data\"><a href=\"https:\/\/lfsportevents.pl\/ligaorlika\/event\/dromader-carpatian-hot-tubs-3\/\" itemprop=\"url\"><date>2026-05-05 21:00:20<\/date>5 maja 2026<\/a><\/td><td class=\"data-event\" data-label=\"Mecz\"><a href=\"https:\/\/lfsportevents.pl\/ligaorlika\/event\/dromader-carpatian-hot-tubs-3\/\"> Dromader : Carpatian Hot-Tubs<\/a><\/td><td class=\"data-time ok\" data-label=\"Czas\/Wyniki\"><a href=\"https:\/\/lfsportevents.pl\/ligaorlika\/event\/dromader-carpatian-hot-tubs-3\/\" itemprop=\"url\">7 - 3<\/a><\/td><td class=\"data-league\" data-label=\"Liga\">Sufigs - II Liga<\/td><td class=\"data-venue\" data-label=\"Miejsce spotkania\" itemprop=\"location\" itemscope itemtype=\"http:\/\/schema.org\/Place\"><div itemprop=\"address\" itemscope itemtype=\"http:\/\/schema.org\/PostalAddress\">Orlik Jazowsko<\/div><\/td><\/tr>\t\t\t<\/tbody>\n\t\t<\/table>\n\t<\/div>\n\t<\/div>\n<\/div>\n<p><span style=\"color: #ff0000;\"><strong>3 KOLEJKA &#8211; 12 maj 2026 &#8211; Orlik Jazowsko<\/strong><\/span><br \/>\n18:00 Protel : El-Dom<br \/>\n18:45 Mawa Wyko\u0144czenia Wn\u0119trz : Iron Team<br \/>\n19:30 ARK Group : Creative<br \/>\n20:15 Bruk Ogr\u00f3d Nowak : Carpatian Hot-Tubs<br \/>\n21:00 Dromader : Smolnik M\u0119cina<\/p>\n<p><span style=\"color: #ff0000;\"><strong>4 KOLEJKA &#8211; 19 maj 2026 &#8211; Orlik Jazowsko<\/strong><\/span><br \/>\n18:00 Carpatian Hot-Tubs : Smolnik M\u0119cina<br \/>\n18:45 Creative : Bruk Ogr\u00f3d Nowak<br \/>\n19:30 Iron Team : ARK Group<br \/>\n20:15 El-Dom : Mawa Wyko\u0144czenia Wn\u0119trz<br \/>\n21:00 Protel : Dromader<\/p>\n<p><span style=\"color: #ff0000;\"><strong>5 KOLEJKA &#8211; 26 maj 2026 &#8211; Orlik Jazowsko<\/strong><\/span><br \/>\n18:00 Smolnik M\u0119cina : Bruk Ogr\u00f3d Nowak<br \/>\n18:45 Carpatian Hot-Tubs : ARK Group<br \/>\n19:30 Creative : Mawa Wyko\u0144czenia Wn\u0119trz<br \/>\n20:15 Iron Team : Protel<br \/>\n21:00 El-Dom : Dromader<\/p>\n<p><span style=\"color: #ff0000;\"><strong>6 KOLEJKA &#8211; 2 czerwiec 2026<\/strong><\/span><br \/>\n18:00 ARK Group : Mawa Wyko\u0144czenia Wn\u0119trz<br \/>\n18:45 Bruk Ogr\u00f3d Nowak : Protel<br \/>\n19:30 Smolnik M\u0119cina : El-Dom<br \/>\n20:15 Carpatian Hot-Tubs : Iron Team<br \/>\n21:00 Creative : Dromader<\/p>\n<p><span style=\"color: #ff0000;\"><strong>7 KOLEJKA &#8211; 9 czerwiec 2026<\/strong><\/span><br \/>\n18:00 Bruk Ogr\u00f3d Nowak : ARK Group<br \/>\n18:45 Smolnik M\u0119cina : Mawa Wyko\u0144czenia Wn\u0119trz<br \/>\n19:30 Carpatian Hot-Tubs : Protel<br \/>\n20:15 Creative : El-Dom<br \/>\n21:00 Iron Team : Dromader<\/p>\n<p><span style=\"color: #ff0000;\"><strong>8 KOLEJKA &#8211; 16 czerwiec 2026<\/strong><\/span><br \/>\n18:00 Iron Team : Creative<br \/>\n18:45 El-Dom : Carpatian Hot-Tubs<br \/>\n19:30 Protel : Smolnik M\u0119cina<br \/>\n20:15 Mawa Wyko\u0144czenia Wn\u0119trz : Bruk Ogr\u00f3d Nowak<br \/>\n21:00 Dromader : ARK Group<\/p>\n<p><span style=\"color: #ff0000;\"><strong>9 KOLEJKA &#8211; 23 czerwiec 2026<\/strong><\/span><br \/>\n18:00 El-Dom : Iron Team<br \/>\n18:45 Protel : Creative<br \/>\n19:30 Mawa Wyko\u0144czenia Wn\u0119trz : Carpatian Hot-Tubs<br \/>\n20:15 ARK Group : Smolnik M\u0119cina<br \/>\n21:00 Dromader : Bruk Ogr\u00f3d Nowak<\/p>\n","protected":false},"excerpt":{"rendered":"<p>3 KOLEJKA &#8211; 12 maj 2026 &#8211; Orlik Jazowsko 18:00 Protel : El-Dom 18:45 Mawa Wyko\u0144czenia Wn\u0119trz : Iron Team 19:30 ARK Group : Creative 20:15 Bruk Ogr\u00f3d Nowak : Carpatian Hot-Tubs 21:00 Dromader : Smolnik M\u0119cina 4 KOLEJKA &#8211; 19 maj 2026 &#8211; Orlik Jazowsko 18:00 Carpatian Hot-Tubs : Smolnik M\u0119cina 18:45 Creative : [&hellip;]<\/p>\n","protected":false},"author":1,"featured_media":0,"parent":5277,"menu_order":0,"comment_status":"closed","ping_status":"closed","template":"","meta":[],"_links":{"self":[{"href":"https:\/\/lfsportevents.pl\/ligaorlika\/wp-json\/wp\/v2\/pages\/5303"}],"collection":[{"href":"https:\/\/lfsportevents.pl\/ligaorlika\/wp-json\/wp\/v2\/pages"}],"about":[{"href":"https:\/\/lfsportevents.pl\/ligaorlika\/wp-json\/wp\/v2\/types\/page"}],"author":[{"embeddable":true,"href":"https:\/\/lfsportevents.pl\/ligaorlika\/wp-json\/wp\/v2\/users\/1"}],"replies":[{"embeddable":true,"href":"https:\/\/lfsportevents.pl\/ligaorlika\/wp-json\/wp\/v2\/comments?post=5303"}],"version-history":[{"count":3,"href":"https:\/\/lfsportevents.pl\/ligaorlika\/wp-json\/wp\/v2\/pages\/5303\/revisions"}],"predecessor-version":[{"id":37248,"href":"https:\/\/lfsportevents.pl\/ligaorlika\/wp-json\/wp\/v2\/pages\/5303\/revisions\/37248"}],"up":[{"embeddable":true,"href":"https:\/\/lfsportevents.pl\/ligaorlika\/wp-json\/wp\/v2\/pages\/5277"}],"wp:attachment":[{"href":"https:\/\/lfsportevents.pl\/ligaorlika\/wp-json\/wp\/v2\/media?parent=5303"}],"curies":[{"name":"wp","href":"https:\/\/api.w.org\/{rel}","templated":true}]}}