{"id":5064,"date":"2017-03-01T13:36:25","date_gmt":"2017-03-01T12:36:25","guid":{"rendered":"https:\/\/lfsportevents.pl\/ligaorlika\/?page_id=5064"},"modified":"2025-09-15T10:09:57","modified_gmt":"2025-09-15T08:09:57","slug":"kary","status":"publish","type":"page","link":"https:\/\/lfsportevents.pl\/ligaorlika\/blachdom-i-liga\/kary\/","title":{"rendered":"Kary"},"content":{"rendered":"<h1 style=\"text-align: center;\"><strong><span style=\"color: #993300;\">KARY ZAWIESZENIA ZA \u017b\u00d3\u0141TE I CZERWONE KARTKI<\/span><\/strong><\/h1>\n<h1 style=\"text-align: center;\"><strong><span style=\"color: #993300;\">\u00a0<\/span><\/strong><strong><span style=\"color: #993300;\">KARY DRU\u017bYNOWE<\/span><\/strong><\/h1>\n<h1 style=\"text-align: center;\"><strong><span style=\"color: #993300;\">KARY DYSCYPLINARNE<\/span><\/strong><\/h1>\n<p style=\"text-align: justify;\"><strong><span style=\"color: #993300;\">Komisja sta\u0142a oraz dyscyplinarna<\/span> \u2013<\/strong>\u00a0 Wszystkie decyzje zgodnie z regulaminem podejmuje organizator przy wsparciu komisji sta\u0142ej &#8211; komisarza ligi. Organizator mo\u017ce wesprze\u0107 si\u0119 pomoc\u0105 komisji dyscyplinarnej. W przypadku naruszenia regulaminu b\u0105d\u017a sytuacji wyj\u0105tkowo trudnej do oceny, organizator mo\u017ce powo\u0142a\u0107 komisj\u0119 dyscyplinarn\u0105, poprzez g\u0142osowanie kapitan\u00f3w swoich lig. W takim przypadku, Komisja zwo\u0142uje spotkanie, by ustali\u0107 przyczyny zaistnia\u0142ej sytuacji oraz wymierzy\u0107 kar\u0119 stosown\u0105 do winy.<\/p>\n<p><span style=\"color: #993300;\"><strong>Komisja sta\u0142a:<\/strong><\/span><\/p>\n<ul>\n<li>Organizator \u2013\u00a0<span style=\"color: #993300;\"><strong>\u0141ukasz Fr\u0105czek<\/strong><\/span><\/li>\n<li>Komisarz Ligi \u2013 <span style=\"color: #993300;\"><strong>Mateusz M\u00f3l<\/strong><\/span><\/li>\n<\/ul>\n","protected":false},"excerpt":{"rendered":"<p>KARY ZAWIESZENIA ZA \u017b\u00d3\u0141TE I CZERWONE KARTKI \u00a0KARY DRU\u017bYNOWE KARY DYSCYPLINARNE Komisja sta\u0142a oraz dyscyplinarna \u2013\u00a0 Wszystkie decyzje zgodnie z regulaminem podejmuje organizator przy wsparciu komisji sta\u0142ej &#8211; komisarza ligi. Organizator mo\u017ce wesprze\u0107 si\u0119 pomoc\u0105 komisji dyscyplinarnej. W przypadku naruszenia regulaminu b\u0105d\u017a sytuacji wyj\u0105tkowo trudnej do oceny, organizator mo\u017ce powo\u0142a\u0107 komisj\u0119 dyscyplinarn\u0105, poprzez g\u0142osowanie kapitan\u00f3w [&hellip;]<\/p>\n","protected":false},"author":1,"featured_media":0,"parent":4984,"menu_order":0,"comment_status":"closed","ping_status":"closed","template":"","meta":[],"_links":{"self":[{"href":"https:\/\/lfsportevents.pl\/ligaorlika\/wp-json\/wp\/v2\/pages\/5064"}],"collection":[{"href":"https:\/\/lfsportevents.pl\/ligaorlika\/wp-json\/wp\/v2\/pages"}],"about":[{"href":"https:\/\/lfsportevents.pl\/ligaorlika\/wp-json\/wp\/v2\/types\/page"}],"author":[{"embeddable":true,"href":"https:\/\/lfsportevents.pl\/ligaorlika\/wp-json\/wp\/v2\/users\/1"}],"replies":[{"embeddable":true,"href":"https:\/\/lfsportevents.pl\/ligaorlika\/wp-json\/wp\/v2\/comments?post=5064"}],"version-history":[{"count":3,"href":"https:\/\/lfsportevents.pl\/ligaorlika\/wp-json\/wp\/v2\/pages\/5064\/revisions"}],"predecessor-version":[{"id":36592,"href":"https:\/\/lfsportevents.pl\/ligaorlika\/wp-json\/wp\/v2\/pages\/5064\/revisions\/36592"}],"up":[{"embeddable":true,"href":"https:\/\/lfsportevents.pl\/ligaorlika\/wp-json\/wp\/v2\/pages\/4984"}],"wp:attachment":[{"href":"https:\/\/lfsportevents.pl\/ligaorlika\/wp-json\/wp\/v2\/media?parent=5064"}],"curies":[{"name":"wp","href":"https:\/\/api.w.org\/{rel}","templated":true}]}}