{"id":5040,"date":"2017-03-01T13:33:18","date_gmt":"2017-03-01T12:33:18","guid":{"rendered":"https:\/\/lfsportevents.pl\/ligaorlika\/?page_id=5040"},"modified":"2026-03-27T00:04:13","modified_gmt":"2026-03-26T23:04:13","slug":"fair-play","status":"publish","type":"page","link":"https:\/\/lfsportevents.pl\/ligaorlika\/fair-play\/","title":{"rendered":"Fair Play"},"content":{"rendered":"<div class=\"entry-content\">\n<div class=\"legenda\">\n<p>Legenda:<\/p>\n<div class=\"item\"><span style=\"color: #993300;\"><b>M<\/b><\/span> = Mecze Rozegrane<\/div>\n<div class=\"item\"><span style=\"color: #993300;\"><b>YC<\/b><\/span> = \u017b\u00f3\u0142te kartki \u2013 2 pkt<\/div>\n<div class=\"item\"><span style=\"color: #993300;\"><b>RC<\/b><\/span> = Czerwone kartki \u2013 5 pkt<\/div>\n<div class=\"item\"><span style=\"color: #993300;\"><b>Walkower<\/b><\/span> = Dru\u017cyna nie stawi\u0142a si\u0119 na meczu = 8 pkt<\/div>\n<div class=\"item\"><strong><span style=\"color: #993300;\">Kara dyscyplinarna<\/span><\/strong>\u00a0= \u00a012 pkt<\/div>\n<div class=\"item\"><\/div>\n<div class=\"info\">\n<p><span style=\"color: #993300;\"><strong>Aby zwyci\u0119\u017cy\u0107 w klasyfikacji Pucharu Fair Play trzeba mie\u0107 najmniej punkt\u00f3w karnych.<\/strong><\/span><\/p>\n<p>Im mniej punkt\u00f3w w tym zestawieniu, tym lepsza pozycja w pucharze Fair Play. Mo\u017cna klikn\u0105\u0107 w kolumn\u0119 \u201eSuma\u201d, aby posortowa\u0107 dru\u017cyny w odwrotnej kolejno\u015bci.<\/p>\n<p>Klasyfikacja punktacji b\u0119dzie polega\u0142a na wszystkich meczach ligowych w ka\u017cdej lidze.<\/p>\n<\/div>\n<\/div>\n<\/div>\n<p><span style=\"color: #ff0000;\"><strong>STRONA W BUDOWIE<\/strong><\/span><\/p>\n","protected":false},"excerpt":{"rendered":"<p>Legenda: M = Mecze Rozegrane YC = \u017b\u00f3\u0142te kartki \u2013 2 pkt RC = Czerwone kartki \u2013 5 pkt Walkower = Dru\u017cyna nie stawi\u0142a si\u0119 na meczu = 8 pkt Kara dyscyplinarna\u00a0= \u00a012 pkt Aby zwyci\u0119\u017cy\u0107 w klasyfikacji Pucharu Fair Play trzeba mie\u0107 najmniej punkt\u00f3w karnych. Im mniej punkt\u00f3w w tym zestawieniu, tym lepsza pozycja [&hellip;]<\/p>\n","protected":false},"author":1,"featured_media":0,"parent":0,"menu_order":0,"comment_status":"closed","ping_status":"closed","template":"","meta":[],"_links":{"self":[{"href":"https:\/\/lfsportevents.pl\/ligaorlika\/wp-json\/wp\/v2\/pages\/5040"}],"collection":[{"href":"https:\/\/lfsportevents.pl\/ligaorlika\/wp-json\/wp\/v2\/pages"}],"about":[{"href":"https:\/\/lfsportevents.pl\/ligaorlika\/wp-json\/wp\/v2\/types\/page"}],"author":[{"embeddable":true,"href":"https:\/\/lfsportevents.pl\/ligaorlika\/wp-json\/wp\/v2\/users\/1"}],"replies":[{"embeddable":true,"href":"https:\/\/lfsportevents.pl\/ligaorlika\/wp-json\/wp\/v2\/comments?post=5040"}],"version-history":[{"count":2,"href":"https:\/\/lfsportevents.pl\/ligaorlika\/wp-json\/wp\/v2\/pages\/5040\/revisions"}],"predecessor-version":[{"id":36816,"href":"https:\/\/lfsportevents.pl\/ligaorlika\/wp-json\/wp\/v2\/pages\/5040\/revisions\/36816"}],"wp:attachment":[{"href":"https:\/\/lfsportevents.pl\/ligaorlika\/wp-json\/wp\/v2\/media?parent=5040"}],"curies":[{"name":"wp","href":"https:\/\/api.w.org\/{rel}","templated":true}]}}