{"id":27729,"date":"2022-06-08T10:55:13","date_gmt":"2022-06-08T08:55:13","guid":{"rendered":"https:\/\/lfsportevents.pl\/ligaorlika\/?page_id=27729"},"modified":"2026-03-26T09:18:26","modified_gmt":"2026-03-26T08:18:26","slug":"medalisci-ligi-oldboy","status":"publish","type":"page","link":"https:\/\/lfsportevents.pl\/ligaorlika\/medalisci-ligi-oldboy\/","title":{"rendered":"Medali\u015bci Ligi Oldboy"},"content":{"rendered":"<h4 class=\"sp-table-caption\">medali\u015bci &#8211; LIGA OLDBOY<\/h4>\n<table width=\"382\">\n<tbody>\n<tr>\n<td width=\"64\"><strong>Nazwa Ligi<\/strong><\/td>\n<td width=\"50\"><strong>Sezon<\/strong><\/td>\n<td width=\"75\"><strong>1 miejsce<br \/>\n<img loading=\"lazy\" class=\"wp-image-20645 aligncenter\" src=\"https:\/\/lfsportevents.pl\/ligaorlika2020\/wp-content\/uploads\/2020\/04\/z\u0142oty.png\" alt=\"\" width=\"30\" height=\"40\" srcset=\"https:\/\/lfsportevents.pl\/ligaorlika\/wp-content\/uploads\/2020\/04\/z\u0142oty.png 461w, https:\/\/lfsportevents.pl\/ligaorlika\/wp-content\/uploads\/2020\/04\/z\u0142oty-225x300.png 225w, https:\/\/lfsportevents.pl\/ligaorlika\/wp-content\/uploads\/2020\/04\/z\u0142oty-96x128.png 96w, https:\/\/lfsportevents.pl\/ligaorlika\/wp-content\/uploads\/2020\/04\/z\u0142oty-24x32.png 24w\" sizes=\"(max-width: 30px) 100vw, 30px\" \/><\/strong><\/td>\n<td style=\"text-align: center;\" width=\"75\"><strong>2 miejsce<br \/>\n<img loading=\"lazy\" class=\"wp-image-20647 aligncenter\" src=\"https:\/\/lfsportevents.pl\/ligaorlika2020\/wp-content\/uploads\/2020\/04\/srebrny.png\" alt=\"\" width=\"30\" height=\"41\" srcset=\"https:\/\/lfsportevents.pl\/ligaorlika\/wp-content\/uploads\/2020\/04\/srebrny.png 456w, https:\/\/lfsportevents.pl\/ligaorlika\/wp-content\/uploads\/2020\/04\/srebrny-222x300.png 222w, https:\/\/lfsportevents.pl\/ligaorlika\/wp-content\/uploads\/2020\/04\/srebrny-95x128.png 95w, https:\/\/lfsportevents.pl\/ligaorlika\/wp-content\/uploads\/2020\/04\/srebrny-24x32.png 24w\" sizes=\"(max-width: 30px) 100vw, 30px\" \/><\/strong><\/td>\n<td width=\"75\"><strong>3 miejsce<\/strong><strong><img loading=\"lazy\" class=\"wp-image-20646 aligncenter\" src=\"https:\/\/lfsportevents.pl\/ligaorlika2020\/wp-content\/uploads\/2020\/04\/br\u0105zowoy.png\" alt=\"\" width=\"30\" height=\"40\" srcset=\"https:\/\/lfsportevents.pl\/ligaorlika\/wp-content\/uploads\/2020\/04\/br\u0105zowoy.png 460w, https:\/\/lfsportevents.pl\/ligaorlika\/wp-content\/uploads\/2020\/04\/br\u0105zowoy-224x300.png 224w, https:\/\/lfsportevents.pl\/ligaorlika\/wp-content\/uploads\/2020\/04\/br\u0105zowoy-96x128.png 96w, https:\/\/lfsportevents.pl\/ligaorlika\/wp-content\/uploads\/2020\/04\/br\u0105zowoy-24x32.png 24w\" sizes=\"(max-width: 30px) 100vw, 30px\" \/><\/strong><\/td>\n<\/tr>\n<tr>\n<td><strong>Sufigs &#8211; Liga Oldboy<\/strong><\/td>\n<td>2025<\/td>\n<td><span style=\"color: #993300;\">Planet Car<\/span><\/td>\n<td><span style=\"color: #993300;\">Rejs Nowy S\u0105cz<\/span><\/td>\n<td><span style=\"color: #993300;\">Olimp Team Oldboys<\/span><\/td>\n<\/tr>\n<tr>\n<td><strong>Sufigs &#8211; Liga Oldboy<\/strong><\/td>\n<td>2024<\/td>\n<td><span style=\"color: #993300;\">Olimp Team Oldboys<\/span><\/td>\n<td><span style=\"color: #993300;\">Rejs Nowy S\u0105cz<\/span><\/td>\n<td><span style=\"color: #993300;\">Planet Car<\/span><\/td>\n<\/tr>\n<tr>\n<td><strong>Sufigs &#8211; Liga Oldboy<\/strong><\/td>\n<td>2023<\/td>\n<td><span style=\"color: #993300;\">Rejs Nowy S\u0105cz<\/span><\/td>\n<td><span style=\"color: #993300;\">Planet Car<br \/>\n<\/span><\/td>\n<td><span style=\"color: #993300;\">Olimp Team Oldboys<br \/>\n<\/span><\/td>\n<\/tr>\n<tr>\n<td><strong>Sufigs &#8211; Liga Oldboy<\/strong><\/td>\n<td>2022<\/td>\n<td><span style=\"color: #993300;\">Olimp Team Oldboys<\/span><\/td>\n<td><span style=\"color: #993300;\">Techbis The Reds<br \/>\n<\/span><\/td>\n<td><span style=\"color: #993300;\">Planet Car<br \/>\n<\/span><\/td>\n<\/tr>\n<\/tbody>\n<\/table>\n","protected":false},"excerpt":{"rendered":"<p>medali\u015bci &#8211; LIGA OLDBOY Nazwa Ligi Sezon 1 miejsce 2 miejsce 3 miejsce Sufigs &#8211; Liga Oldboy 2025 Planet Car Rejs Nowy S\u0105cz Olimp Team Oldboys Sufigs &#8211; Liga Oldboy 2024 Olimp Team Oldboys Rejs Nowy S\u0105cz Planet Car Sufigs &#8211; Liga Oldboy 2023 Rejs Nowy S\u0105cz Planet Car Olimp Team Oldboys Sufigs &#8211; Liga [&hellip;]<\/p>\n","protected":false},"author":1,"featured_media":0,"parent":0,"menu_order":0,"comment_status":"closed","ping_status":"closed","template":"","meta":[],"_links":{"self":[{"href":"https:\/\/lfsportevents.pl\/ligaorlika\/wp-json\/wp\/v2\/pages\/27729"}],"collection":[{"href":"https:\/\/lfsportevents.pl\/ligaorlika\/wp-json\/wp\/v2\/pages"}],"about":[{"href":"https:\/\/lfsportevents.pl\/ligaorlika\/wp-json\/wp\/v2\/types\/page"}],"author":[{"embeddable":true,"href":"https:\/\/lfsportevents.pl\/ligaorlika\/wp-json\/wp\/v2\/users\/1"}],"replies":[{"embeddable":true,"href":"https:\/\/lfsportevents.pl\/ligaorlika\/wp-json\/wp\/v2\/comments?post=27729"}],"version-history":[{"count":3,"href":"https:\/\/lfsportevents.pl\/ligaorlika\/wp-json\/wp\/v2\/pages\/27729\/revisions"}],"predecessor-version":[{"id":36725,"href":"https:\/\/lfsportevents.pl\/ligaorlika\/wp-json\/wp\/v2\/pages\/27729\/revisions\/36725"}],"wp:attachment":[{"href":"https:\/\/lfsportevents.pl\/ligaorlika\/wp-json\/wp\/v2\/media?parent=27729"}],"curies":[{"name":"wp","href":"https:\/\/api.w.org\/{rel}","templated":true}]}}