{"id":26080,"date":"2022-03-11T09:47:38","date_gmt":"2022-03-11T08:47:38","guid":{"rendered":"https:\/\/lfsportevents.pl\/ligaorlika\/iii-liga-2\/stat-kolejki-copy\/"},"modified":"2026-04-30T14:51:07","modified_gmt":"2026-04-30T12:51:07","slug":"stat-kolejki","status":"publish","type":"page","link":"https:\/\/lfsportevents.pl\/ligaorlika\/liga-oldboy\/stat-kolejki\/","title":{"rendered":"Stat. kolejki"},"content":{"rendered":"<h1><span style=\"color: #993300;\">1 KOLEJKA (27 kwiecie\u0144 2026)<\/span><\/h1>\n<p><strong>Liczba meczy:<\/strong><strong>\u00a0<span style=\"color: #ff0000;\">4<\/span><\/strong><br \/>\n<strong>Liczba goli:<\/strong><strong>\u00a0<span style=\"color: #ff0000;\">22<\/span><\/strong><br \/>\n<strong>\u015arednia ilo\u015b\u0107 goli na mecz:\u00a0<span style=\"color: #ff0000;\">5,50<\/span><\/strong><br \/>\n<strong>Wygrane:<\/strong><strong>\u00a0<span style=\"color: #ff0000;\">4<\/span><\/strong><br \/>\n<strong>Remisy:\u00a0<span style=\"color: #ff0000;\">0<\/span><\/strong><br \/>\n<strong>Walkowery:<\/strong><strong>\u00a0<span style=\"color: #ff0000;\">0<\/span><\/strong><br \/>\n<strong>Najwi\u0119cej goli strzelonych w meczu:\u00a0<span style=\"color: #ff0000;\">11 goli<\/span> (Trade Oldboy : FC Magik 11:0)<\/strong><br \/>\n<strong>Najwy\u017csza wygrana:<\/strong><strong>\u00a0<span style=\"color: #993300;\"><span style=\"color: #ff0000;\">11:0<\/span> <\/span>(Trade Oldboy : FC Magik)<\/strong><br \/>\n<strong>Ilo\u015b\u0107 \u017c\u00f3\u0142tych kartek:\u00a0<span style=\"color: #ff0000;\">5<\/span><\/strong><br \/>\n<strong>Ilo\u015b\u0107 czerwonych kartek:<\/strong><strong>\u00a0<span style=\"color: #ff0000;\">1<\/span><\/strong><\/p>\n","protected":false},"excerpt":{"rendered":"<p>1 KOLEJKA (27 kwiecie\u0144 2026) Liczba meczy:\u00a04 Liczba goli:\u00a022 \u015arednia ilo\u015b\u0107 goli na mecz:\u00a05,50 Wygrane:\u00a04 Remisy:\u00a00 Walkowery:\u00a00 Najwi\u0119cej goli strzelonych w meczu:\u00a011 goli (Trade Oldboy : FC Magik 11:0) Najwy\u017csza wygrana:\u00a011:0 (Trade Oldboy : FC Magik) Ilo\u015b\u0107 \u017c\u00f3\u0142tych kartek:\u00a05 Ilo\u015b\u0107 czerwonych kartek:\u00a01<\/p>\n","protected":false},"author":1,"featured_media":0,"parent":26060,"menu_order":0,"comment_status":"closed","ping_status":"closed","template":"","meta":[],"_links":{"self":[{"href":"https:\/\/lfsportevents.pl\/ligaorlika\/wp-json\/wp\/v2\/pages\/26080"}],"collection":[{"href":"https:\/\/lfsportevents.pl\/ligaorlika\/wp-json\/wp\/v2\/pages"}],"about":[{"href":"https:\/\/lfsportevents.pl\/ligaorlika\/wp-json\/wp\/v2\/types\/page"}],"author":[{"embeddable":true,"href":"https:\/\/lfsportevents.pl\/ligaorlika\/wp-json\/wp\/v2\/users\/1"}],"replies":[{"embeddable":true,"href":"https:\/\/lfsportevents.pl\/ligaorlika\/wp-json\/wp\/v2\/comments?post=26080"}],"version-history":[{"count":2,"href":"https:\/\/lfsportevents.pl\/ligaorlika\/wp-json\/wp\/v2\/pages\/26080\/revisions"}],"predecessor-version":[{"id":37126,"href":"https:\/\/lfsportevents.pl\/ligaorlika\/wp-json\/wp\/v2\/pages\/26080\/revisions\/37126"}],"up":[{"embeddable":true,"href":"https:\/\/lfsportevents.pl\/ligaorlika\/wp-json\/wp\/v2\/pages\/26060"}],"wp:attachment":[{"href":"https:\/\/lfsportevents.pl\/ligaorlika\/wp-json\/wp\/v2\/media?parent=26080"}],"curies":[{"name":"wp","href":"https:\/\/api.w.org\/{rel}","templated":true}]}}