{"id":21260,"date":"2020-05-08T23:00:07","date_gmt":"2020-05-08T21:00:07","guid":{"rendered":"https:\/\/lfsportevents.pl\/ligaorlika\/?page_id=21260"},"modified":"2026-03-26T09:35:16","modified_gmt":"2026-03-26T08:35:16","slug":"zloty-but","status":"publish","type":"page","link":"https:\/\/lfsportevents.pl\/ligaorlika\/zloty-but\/","title":{"rendered":"Z\u0142oty But"},"content":{"rendered":"<h4 class=\"sp-table-caption\">NAJLEPSI W KLASYFIKACJI Z\u0141OTEGO BUTA<\/h4>\n<table width=\"522\">\n<tbody>\n<tr>\n<td width=\"59\"><strong>Sezon<\/strong><\/td>\n<td width=\"170\"><b>Imi\u0119 i Nazwisko<\/b><\/td>\n<td width=\"209\"><strong>Klub<\/strong><\/td>\n<td width=\"84\"><strong>Ilo\u015b\u0107 punkt\u00f3w<br \/>\n<\/strong><\/td>\n<\/tr>\n<tr>\n<td width=\"59\"><strong>2025<\/strong><\/td>\n<td style=\"text-align: left;\" width=\"170\"><span style=\"color: #993300;\"><img loading=\"lazy\" class=\"wp-image-30092 alignleft\" src=\"https:\/\/lfsportevents.pl\/ligaorlika\/wp-content\/uploads\/1991\/05\/Mateusz-Dobosz-2.jpg\" alt=\"\" width=\"25\" height=\"33\" srcset=\"https:\/\/lfsportevents.pl\/ligaorlika\/wp-content\/uploads\/1991\/05\/Mateusz-Dobosz-2.jpg 225w, https:\/\/lfsportevents.pl\/ligaorlika\/wp-content\/uploads\/1991\/05\/Mateusz-Dobosz-2-96x128.jpg 96w, https:\/\/lfsportevents.pl\/ligaorlika\/wp-content\/uploads\/1991\/05\/Mateusz-Dobosz-2-24x32.jpg 24w\" sizes=\"(max-width: 25px) 100vw, 25px\" \/>Mateusz Dobosz<\/span><\/td>\n<td width=\"209\">Mariposa Med-Spa<\/td>\n<td width=\"84\">73,8<\/td>\n<\/tr>\n<tr>\n<td width=\"59\"><strong>2024<\/strong><\/td>\n<td style=\"text-align: left;\" width=\"170\"><span style=\"color: #993300;\"><img loading=\"lazy\" class=\"wp-image-27145 alignleft\" src=\"https:\/\/lfsportevents.pl\/ligaorlika\/wp-content\/uploads\/2004\/05\/Kacper-Chruslicki.jpg\" alt=\"\" width=\"25\" height=\"33\" srcset=\"https:\/\/lfsportevents.pl\/ligaorlika\/wp-content\/uploads\/2004\/05\/Kacper-Chruslicki.jpg 225w, https:\/\/lfsportevents.pl\/ligaorlika\/wp-content\/uploads\/2004\/05\/Kacper-Chruslicki-96x128.jpg 96w, https:\/\/lfsportevents.pl\/ligaorlika\/wp-content\/uploads\/2004\/05\/Kacper-Chruslicki-24x32.jpg 24w\" sizes=\"(max-width: 25px) 100vw, 25px\" \/>Kacper Chru\u015blicki<\/span><\/td>\n<td width=\"209\">Mak-Bud<\/td>\n<td width=\"84\">77,4<\/td>\n<\/tr>\n<tr>\n<td width=\"59\"><strong>2023<\/strong><\/td>\n<td style=\"text-align: left;\" width=\"170\"><img loading=\"lazy\" class=\"wp-image-32773 alignleft\" src=\"https:\/\/lfsportevents.pl\/ligaorlika\/wp-content\/uploads\/1993\/12\/Marcin-Hajduk.jpg\" alt=\"\" width=\"25\" height=\"33\" srcset=\"https:\/\/lfsportevents.pl\/ligaorlika\/wp-content\/uploads\/1993\/12\/Marcin-Hajduk.jpg 225w, https:\/\/lfsportevents.pl\/ligaorlika\/wp-content\/uploads\/1993\/12\/Marcin-Hajduk-96x128.jpg 96w, https:\/\/lfsportevents.pl\/ligaorlika\/wp-content\/uploads\/1993\/12\/Marcin-Hajduk-24x32.jpg 24w\" sizes=\"(max-width: 25px) 100vw, 25px\" \/><span style=\"color: #993300;\">Marcin Hajduk<\/span><\/td>\n<td width=\"209\">Prestige House<\/td>\n<td width=\"84\">65,8<\/td>\n<\/tr>\n<tr>\n<td width=\"59\"><strong>2022<\/strong><\/td>\n<td style=\"text-align: left;\" width=\"170\"><img loading=\"lazy\" class=\"wp-image-13738 alignleft\" src=\"https:\/\/lfsportevents.pl\/ligaorlika\/wp-content\/uploads\/1989\/05\/Pawe\u0142-Zygmunt.jpg\" alt=\"\" width=\"25\" height=\"33\" srcset=\"https:\/\/lfsportevents.pl\/ligaorlika\/wp-content\/uploads\/1989\/05\/Pawe\u0142-Zygmunt.jpg 225w, https:\/\/lfsportevents.pl\/ligaorlika\/wp-content\/uploads\/1989\/05\/Pawe\u0142-Zygmunt-96x128.jpg 96w, https:\/\/lfsportevents.pl\/ligaorlika\/wp-content\/uploads\/1989\/05\/Pawe\u0142-Zygmunt-24x32.jpg 24w\" sizes=\"(max-width: 25px) 100vw, 25px\" \/><span style=\"color: #993300;\">Pawe\u0142 Zygmunt<\/span><\/td>\n<td width=\"209\">Dom Weselny Sylwia<\/td>\n<td width=\"84\">85,0<\/td>\n<\/tr>\n<tr>\n<td width=\"59\"><strong>2021<\/strong><\/td>\n<td style=\"text-align: left;\" width=\"170\"><img loading=\"lazy\" class=\"attachment-sportspress-fit-medium wp-post-image alignleft\" src=\"https:\/\/lfsportevents.pl\/ligaorlika\/wp-content\/uploads\/1984\/06\/Kamil-Kuziel.jpg\" sizes=\"(max-width: 225px) 100vw, 225px\" srcset=\"https:\/\/lfsportevents.pl\/ligaorlika\/wp-content\/uploads\/1984\/06\/Kamil-Kuziel.jpg 225w, https:\/\/lfsportevents.pl\/ligaorlika\/wp-content\/uploads\/1984\/06\/Kamil-Kuziel-96x128.jpg 96w, https:\/\/lfsportevents.pl\/ligaorlika\/wp-content\/uploads\/1984\/06\/Kamil-Kuziel-24x32.jpg 24w\" alt=\"\" width=\"25\" height=\"33\" \/><span style=\"color: #993300;\">Kamil Kuziel<\/span><\/td>\n<td width=\"209\">Olimp Team<\/td>\n<td width=\"84\">70,4<\/td>\n<\/tr>\n<tr>\n<td width=\"59\"><strong>2020<\/strong><\/td>\n<td style=\"text-align: left;\" width=\"170\"><a href=\"https:\/\/lfsportevents.pl\/ligaorlika2020\/player\/jakub-cempa\/\"><img loading=\"lazy\" class=\"alignleft\" src=\"https:\/\/lfsportevents.pl\/ligaorlika2020\/wp-content\/uploads\/1995\/01\/Jakub-Cempa.jpg\" width=\"25\" height=\"33\" \/><span style=\"color: #993300;\">Jakub Cempa<\/span><\/a><\/td>\n<td width=\"209\">Firma Budowlana Wo\u017aniak<\/td>\n<td width=\"84\">62,0<\/td>\n<\/tr>\n<\/tbody>\n<\/table>\n","protected":false},"excerpt":{"rendered":"<p>NAJLEPSI W KLASYFIKACJI Z\u0141OTEGO BUTA Sezon Imi\u0119 i Nazwisko Klub Ilo\u015b\u0107 punkt\u00f3w 2025 Mateusz Dobosz Mariposa Med-Spa 73,8 2024 Kacper Chru\u015blicki Mak-Bud 77,4 2023 Marcin Hajduk Prestige House 65,8 2022 Pawe\u0142 Zygmunt Dom Weselny Sylwia 85,0 2021 Kamil Kuziel Olimp Team 70,4 2020 Jakub Cempa Firma Budowlana Wo\u017aniak 62,0<\/p>\n","protected":false},"author":1,"featured_media":0,"parent":0,"menu_order":0,"comment_status":"closed","ping_status":"closed","template":"","meta":[],"_links":{"self":[{"href":"https:\/\/lfsportevents.pl\/ligaorlika\/wp-json\/wp\/v2\/pages\/21260"}],"collection":[{"href":"https:\/\/lfsportevents.pl\/ligaorlika\/wp-json\/wp\/v2\/pages"}],"about":[{"href":"https:\/\/lfsportevents.pl\/ligaorlika\/wp-json\/wp\/v2\/types\/page"}],"author":[{"embeddable":true,"href":"https:\/\/lfsportevents.pl\/ligaorlika\/wp-json\/wp\/v2\/users\/1"}],"replies":[{"embeddable":true,"href":"https:\/\/lfsportevents.pl\/ligaorlika\/wp-json\/wp\/v2\/comments?post=21260"}],"version-history":[{"count":2,"href":"https:\/\/lfsportevents.pl\/ligaorlika\/wp-json\/wp\/v2\/pages\/21260\/revisions"}],"predecessor-version":[{"id":36731,"href":"https:\/\/lfsportevents.pl\/ligaorlika\/wp-json\/wp\/v2\/pages\/21260\/revisions\/36731"}],"wp:attachment":[{"href":"https:\/\/lfsportevents.pl\/ligaorlika\/wp-json\/wp\/v2\/media?parent=21260"}],"curies":[{"name":"wp","href":"https:\/\/api.w.org\/{rel}","templated":true}]}}