{"id":21022,"date":"2020-04-16T11:42:11","date_gmt":"2020-04-16T09:42:11","guid":{"rendered":"https:\/\/lfsportevents.pl\/ligaorlika\/ii-liga\/terminarzwyniki-copy\/"},"modified":"2026-04-27T00:45:42","modified_gmt":"2026-04-26T22:45:42","slug":"terminarzwyniki","status":"publish","type":"page","link":"https:\/\/lfsportevents.pl\/ligaorlika\/iii-liga-2\/terminarzwyniki\/","title":{"rendered":"Terminarz\/Wyniki"},"content":{"rendered":"<p><span style=\"color: #ff0000;\"><strong>1 KOLEJKA &#8211; 1 maj 2026 &#8211; Orlik Jazowsko (pi\u0105tek)<\/strong><\/span><br \/>\n18:00 Los Kurieros : Jaw Trans<br \/>\n18:45 RS Instal : Inter Promil<br \/>\n19:30 Partner Limanowa : Koko Szanel<br \/>\n20:15 Merx : Brzezna<br \/>\n21:00 Lewiatan Pyzik : \u0141\u0105czy Nas Fizjo<\/p>\n<p><strong><span style=\"color: #ff0000;\">2 KOLEJKA &#8211; 8 maj 2026 &#8211; Orlik Jazowsko (pi\u0105tek)<\/span><\/strong><br \/>\n18:00 Inter Promil : Koko Szanel<br \/>\n18:45 Jaw Trans : Brzezna<br \/>\n19:30 Los Kurieros : Lewiatan Pyzik<br \/>\n20:15 RS Instal : Merx<br \/>\n21:00 Partner Limanowa : \u0141\u0105czy Nas Fizjo<\/p>\n<p><span style=\"color: #ff0000;\"><strong>3 KOLEJKA &#8211; 15 maj 2026 &#8211; Orlik Jazowsko (pi\u0105tek)<\/strong><\/span><br \/>\n18:00 Merx : Partner Limanowa<br \/>\n18:45 Lewiatan Pyzik : RS Instal<br \/>\n19:30 Brzezna : Los Kurieros<br \/>\n20:15 Koko Szanel : Jaw Trans<br \/>\n21:00 \u0141\u0105czy Nas Fizjo : Inter Promil<\/p>\n<p><span style=\"color: #ff0000;\"><strong>4 KOLEJKA &#8211; 22 maj 2026 &#8211; Orlik Jazowsko (pi\u0105tek)<\/strong><\/span><br \/>\n18:00 RS Instal : Los Kurieros<br \/>\n18:45 Partner Limanowa : Jaw Trans<br \/>\n19:30 Merx : Inter Promil<br \/>\n20:15 Lewiatan Pyzik : Koko Szanel<br \/>\n21:00 \u0141\u0105czy Nas Fizjo : Brzezna<\/p>\n<p><span style=\"color: #ff0000;\"><strong>5 KOLEJKA &#8211; 29 maj 2026 &#8211; Orlik Jazowsko (pi\u0105tek)<\/strong><\/span><br \/>\n18:00 Koko Szanel : Brzezna<br \/>\n18:45 Inter Promil : Lewiatan Pyzik<br \/>\n19:30 Jaw Trans : Merx<br \/>\n20:15 Los Kurieros : Partner Limanowa<br \/>\n21:00 RS Instal : \u0141\u0105czy Nas Fizjo<\/p>\n<p><span style=\"color: #ff0000;\"><strong>6 KOLEJKA &#8211; 1 lub 5 czerwiec 2026<\/strong><\/span><br \/>\n18:00 Brzezna : Lewiatan Pyzik<br \/>\n18:45 Koko Szanel : Merx<br \/>\n19:30 Inter Promil : Partner Limanowa<br \/>\n20:15 Jaw Trans : RS Instal<br \/>\n21:00 Los Kurieros : \u0141\u0105czy Nas Fizjo<\/p>\n<p><span style=\"color: #ff0000;\"><strong>7 KOLEJKA &#8211; 8 lub 12 czerwiec 2026<\/strong><\/span><br \/>\n18:00 Jaw Trans : Inter Promil<br \/>\n18:45 Los Kurieros : Koko Szanel<br \/>\n19:30 RS Instal : Brzezna<br \/>\n20:15 Partner Limanowa : Lewiatan Pyzik<br \/>\n21:00 Merx : \u0141\u0105czy Nas Fizjo<\/p>\n<p><span style=\"color: #ff0000;\"><strong>8 KOLEJKA &#8211; 15 lub 19 czerwiec 2026<\/strong><\/span><br \/>\n18:00 Lewiatan Pyzik : Merx<br \/>\n18:45 Brzezna : Partner Limanowa<br \/>\n19:30 Koko Szanel : RS Instal<br \/>\n20:15 Inter Promil : Los Kurieros<br \/>\n21:00 \u0141\u0105czy Nas Fizjo : Jaw Trans<\/p>\n<p><span style=\"color: #ff0000;\"><strong>9 KOLEJKA &#8211; 22 lub 26 czerwiec 2026<\/strong><\/span><br \/>\n18:00 Partner Limanowa : RS Instal<br \/>\n18:45 Merx : Los Kurieros<br \/>\n19:30 Lewiatan Pyzik : Jaw Trans<br \/>\n20:15 Brzezna : Inter Promil<br \/>\n21:00 \u0141\u0105czy Nas Fizjo : Koko Szanel<\/p>\n<p><span style=\"color: #ff0000;\"><strong>GALA ZAKO\u0143CZENIA \u2013 12 wrzesie\u0144 2026<\/strong><\/span><\/p>\n","protected":false},"excerpt":{"rendered":"<p>1 KOLEJKA &#8211; 1 maj 2026 &#8211; Orlik Jazowsko (pi\u0105tek) 18:00 Los Kurieros : Jaw Trans 18:45 RS Instal : Inter Promil 19:30 Partner Limanowa : Koko Szanel 20:15 Merx : Brzezna 21:00 Lewiatan Pyzik : \u0141\u0105czy Nas Fizjo 2 KOLEJKA &#8211; 8 maj 2026 &#8211; Orlik Jazowsko (pi\u0105tek) 18:00 Inter Promil : Koko Szanel [&hellip;]<\/p>\n","protected":false},"author":1,"featured_media":0,"parent":21008,"menu_order":0,"comment_status":"closed","ping_status":"closed","template":"","meta":[],"_links":{"self":[{"href":"https:\/\/lfsportevents.pl\/ligaorlika\/wp-json\/wp\/v2\/pages\/21022"}],"collection":[{"href":"https:\/\/lfsportevents.pl\/ligaorlika\/wp-json\/wp\/v2\/pages"}],"about":[{"href":"https:\/\/lfsportevents.pl\/ligaorlika\/wp-json\/wp\/v2\/types\/page"}],"author":[{"embeddable":true,"href":"https:\/\/lfsportevents.pl\/ligaorlika\/wp-json\/wp\/v2\/users\/1"}],"replies":[{"embeddable":true,"href":"https:\/\/lfsportevents.pl\/ligaorlika\/wp-json\/wp\/v2\/comments?post=21022"}],"version-history":[{"count":2,"href":"https:\/\/lfsportevents.pl\/ligaorlika\/wp-json\/wp\/v2\/pages\/21022\/revisions"}],"predecessor-version":[{"id":37029,"href":"https:\/\/lfsportevents.pl\/ligaorlika\/wp-json\/wp\/v2\/pages\/21022\/revisions\/37029"}],"up":[{"embeddable":true,"href":"https:\/\/lfsportevents.pl\/ligaorlika\/wp-json\/wp\/v2\/pages\/21008"}],"wp:attachment":[{"href":"https:\/\/lfsportevents.pl\/ligaorlika\/wp-json\/wp\/v2\/media?parent=21022"}],"curies":[{"name":"wp","href":"https:\/\/api.w.org\/{rel}","templated":true}]}}