{"id":21021,"date":"2020-04-16T11:42:01","date_gmt":"2020-04-16T09:42:01","guid":{"rendered":"https:\/\/lfsportevents.pl\/ligaorlika\/ii-liga\/tabela-copy\/"},"modified":"2026-03-26T23:39:11","modified_gmt":"2026-03-26T22:39:11","slug":"tabela","status":"publish","type":"page","link":"https:\/\/lfsportevents.pl\/ligaorlika\/iii-liga-2\/tabela\/","title":{"rendered":"Tabela"},"content":{"rendered":"<div class=\"legenda\">\n<p>Legenda:<\/p>\n<div class=\"item\"><b>M<\/b>\u00a0= Mecze Rozegrane<\/div>\n<div class=\"item\"><b>Pkt<\/b>\u00a0= Punkty<\/div>\n<div class=\"item\"><b>Z<\/b>\u00a0= Zwyci\u0119stwa<\/div>\n<div class=\"item\"><b>R<\/b>\u00a0= Remisy<\/div>\n<div class=\"item\"><b>P<\/b>\u00a0= Pora\u017cki<\/div>\n<div class=\"item\"><b>BZ<\/b>\u00a0= Bramki zdobyte<\/div>\n<div class=\"item\"><b>BS<\/b>\u00a0= Bramki stracone<\/div>\n<div class=\"item\"><b>+\/-<\/b>\u00a0= R\u00f3\u017cnica bramek<\/div>\n<div class=\"item\"><strong style=\"color: #00ccff;\">Miejsca 1-5<\/strong><span style=\"color: #00ccff;\"> (grupa mistrzowska)<\/span><\/div>\n<div class=\"item\"><span style=\"color: #ff99cc;\"><strong>Miejsca 6-10<\/strong>\u00a0(grupa spadkowa)<\/span><\/div>\n<div class=\"item\"><span style=\"color: #1dcc54;\"><strong>Miejsce 1-2<\/strong> (bezpo\u015bredni awans do II Ligi)<\/span><\/div>\n<div class=\"item\"><span style=\"color: #38e890;\"><strong>Miejsce 3<\/strong> (bara\u017c z 8 dru\u017cyn\u0105 II Ligi)<\/span><\/div>\n<div class=\"item\"><span style=\"color: #ff0000;\"><strong>Miejsce 9-10<\/strong> (bezpo\u015bredni spadek do IV Ligi, o ile powstanie)<\/span><\/div>\n<\/div>\n<p><strong><span style=\"color: #ff0000;\">STRONA W BUDOWIE<\/span><\/strong><\/p>\n","protected":false},"excerpt":{"rendered":"<p>Legenda: M\u00a0= Mecze Rozegrane Pkt\u00a0= Punkty Z\u00a0= Zwyci\u0119stwa R\u00a0= Remisy P\u00a0= Pora\u017cki BZ\u00a0= Bramki zdobyte BS\u00a0= Bramki stracone +\/-\u00a0= R\u00f3\u017cnica bramek Miejsca 1-5 (grupa mistrzowska) Miejsca 6-10\u00a0(grupa spadkowa) Miejsce 1-2 (bezpo\u015bredni awans do II Ligi) Miejsce 3 (bara\u017c z 8 dru\u017cyn\u0105 II Ligi) Miejsce 9-10 (bezpo\u015bredni spadek do IV Ligi, o ile powstanie) STRONA W [&hellip;]<\/p>\n","protected":false},"author":1,"featured_media":0,"parent":21008,"menu_order":0,"comment_status":"closed","ping_status":"closed","template":"","meta":[],"_links":{"self":[{"href":"https:\/\/lfsportevents.pl\/ligaorlika\/wp-json\/wp\/v2\/pages\/21021"}],"collection":[{"href":"https:\/\/lfsportevents.pl\/ligaorlika\/wp-json\/wp\/v2\/pages"}],"about":[{"href":"https:\/\/lfsportevents.pl\/ligaorlika\/wp-json\/wp\/v2\/types\/page"}],"author":[{"embeddable":true,"href":"https:\/\/lfsportevents.pl\/ligaorlika\/wp-json\/wp\/v2\/users\/1"}],"replies":[{"embeddable":true,"href":"https:\/\/lfsportevents.pl\/ligaorlika\/wp-json\/wp\/v2\/comments?post=21021"}],"version-history":[{"count":3,"href":"https:\/\/lfsportevents.pl\/ligaorlika\/wp-json\/wp\/v2\/pages\/21021\/revisions"}],"predecessor-version":[{"id":36777,"href":"https:\/\/lfsportevents.pl\/ligaorlika\/wp-json\/wp\/v2\/pages\/21021\/revisions\/36777"}],"up":[{"embeddable":true,"href":"https:\/\/lfsportevents.pl\/ligaorlika\/wp-json\/wp\/v2\/pages\/21008"}],"wp:attachment":[{"href":"https:\/\/lfsportevents.pl\/ligaorlika\/wp-json\/wp\/v2\/media?parent=21021"}],"curies":[{"name":"wp","href":"https:\/\/api.w.org\/{rel}","templated":true}]}}