{"id":11156,"date":"2017-07-26T23:35:06","date_gmt":"2017-07-26T21:35:06","guid":{"rendered":"https:\/\/lfsportevents.pl\/ligaorlika\/?page_id=11156"},"modified":"2026-03-27T00:04:50","modified_gmt":"2026-03-26T23:04:50","slug":"regulamin","status":"publish","type":"page","link":"https:\/\/lfsportevents.pl\/ligaorlika\/regulamin\/","title":{"rendered":"Okienko transferowe"},"content":{"rendered":"<p><span style=\"color: #ff0000;\"><strong>STRONA W BUDOWIE<\/strong><\/span><\/p>\n<h1 style=\"text-align: center;\"><strong><span style=\"color: #993300;\">OKIENKO TRANSFEROWE\u00a0<\/span><\/strong><\/h1>\n<h2 style=\"text-align: center;\"><span style=\"color: #339966;\"><strong>otwarcie okienka &#8211;\u00a0<\/strong><br \/>\n<\/span><\/h2>\n<h2 style=\"text-align: center;\"><span style=\"color: #ff0000;\"><strong>Zamkni\u0119cie okienka &#8211;\u00a0<\/strong><\/span><\/h2>\n<p>&nbsp;<\/p>\n<h3><strong>LISTA TRANSFEROWA:<\/strong><span style=\"color: #993300;\"><strong>\u00a0<\/strong><\/span><\/h3>\n<h3><span style=\"color: #993300;\"><strong>Regulamin Okienka Transferowego.<\/strong><\/span><\/h3>\n<ul>\n<li>Mo\u017cliwe jest dopisanie 3 zawodnik\u00f3w do listy, maksymalnie do 18 os\u00f3b<\/li>\n<li>Je\u015bli dru\u017cyna posiada pe\u0142n\u0105 list\u0119 18 os\u00f3b, to mo\u017cemy skre\u015bli\u0107 pi\u0142karzy nieaktywnych i w zamian za ich miejsce zakontraktowa\u0107 nowych.<\/li>\n<li>Mo\u017cemy zrobi\u0107 3 transfery mi\u0119dzy dru\u017cynami.<\/li>\n<li>Nale\u017cy pami\u0119ta\u0107 by nie przekroczy\u0107 limit zawodnik\u00f3w czynnych na dru\u017cyn\u0119.<\/li>\n<li>Mo\u017cna dopisa\u0107 lub wymieni\u0107 zawodnika amatora i czynnego, zgodnie z regulaminem punktu\u00a0V ZESPO\u0141Y I ZAWODNICY\u00a0 podpunktu 4<\/li>\n<li>Amator\u00f3w mo\u017cna wymieni\u0107 dowolnie, czynnych dw\u00f3ch<\/li>\n<li>Ch\u0119\u0107 skorzystania z okienka transferowego, nale\u017cy zg\u0142osi\u0107 tylko i wy\u0142\u0105cznie w formie pisemnej na adres mailowy:\u00a0biuro@lfsportevents.pl lub w razie pyta\u0144 prosimy dzwoni\u0107 na nr tel: 500-758-968<\/li>\n<li>Na stronie www.lfsportevents.pl pojawi\u0142a si\u0119 zak\u0142adka\u00a0<strong>OKIENKO TRANSFEROWE<\/strong>\u00a0gdzie b\u0119d\u0105 podawane informacje o nowych zawodnikach i transferach.<\/li>\n<\/ul>\n","protected":false},"excerpt":{"rendered":"<p>STRONA W BUDOWIE OKIENKO TRANSFEROWE\u00a0 otwarcie okienka &#8211;\u00a0 Zamkni\u0119cie okienka &#8211;\u00a0 &nbsp; LISTA TRANSFEROWA:\u00a0 Regulamin Okienka Transferowego. Mo\u017cliwe jest dopisanie 3 zawodnik\u00f3w do listy, maksymalnie do 18 os\u00f3b Je\u015bli dru\u017cyna posiada pe\u0142n\u0105 list\u0119 18 os\u00f3b, to mo\u017cemy skre\u015bli\u0107 pi\u0142karzy nieaktywnych i w zamian za ich miejsce zakontraktowa\u0107 nowych. Mo\u017cemy zrobi\u0107 3 transfery mi\u0119dzy dru\u017cynami. Nale\u017cy [&hellip;]<\/p>\n","protected":false},"author":1,"featured_media":0,"parent":0,"menu_order":0,"comment_status":"closed","ping_status":"closed","template":"","meta":[],"_links":{"self":[{"href":"https:\/\/lfsportevents.pl\/ligaorlika\/wp-json\/wp\/v2\/pages\/11156"}],"collection":[{"href":"https:\/\/lfsportevents.pl\/ligaorlika\/wp-json\/wp\/v2\/pages"}],"about":[{"href":"https:\/\/lfsportevents.pl\/ligaorlika\/wp-json\/wp\/v2\/types\/page"}],"author":[{"embeddable":true,"href":"https:\/\/lfsportevents.pl\/ligaorlika\/wp-json\/wp\/v2\/users\/1"}],"replies":[{"embeddable":true,"href":"https:\/\/lfsportevents.pl\/ligaorlika\/wp-json\/wp\/v2\/comments?post=11156"}],"version-history":[{"count":2,"href":"https:\/\/lfsportevents.pl\/ligaorlika\/wp-json\/wp\/v2\/pages\/11156\/revisions"}],"predecessor-version":[{"id":36817,"href":"https:\/\/lfsportevents.pl\/ligaorlika\/wp-json\/wp\/v2\/pages\/11156\/revisions\/36817"}],"wp:attachment":[{"href":"https:\/\/lfsportevents.pl\/ligaorlika\/wp-json\/wp\/v2\/media?parent=11156"}],"curies":[{"name":"wp","href":"https:\/\/api.w.org\/{rel}","templated":true}]}}