{"id":11110,"date":"2017-07-20T10:58:31","date_gmt":"2017-07-20T08:58:31","guid":{"rendered":"https:\/\/lfsportevents.pl\/ligaorlika\/?page_id=11110"},"modified":"2026-04-11T01:10:00","modified_gmt":"2026-04-10T23:10:00","slug":"drabinka","status":"publish","type":"page","link":"https:\/\/lfsportevents.pl\/ligaorlika\/puchar-ligi\/drabinka\/","title":{"rendered":"Grupy"},"content":{"rendered":"<div class=\"legenda\">\n<p>Legenda:<\/p>\n<div class=\"item\"><span style=\"color: #993300;\"><b>M<\/b><\/span> = Mecze Rozegrane<\/div>\n<div class=\"item\"><span style=\"color: #993300;\"><b> Pkt<\/b><\/span> = Punkty<\/div>\n<div class=\"item\"><span style=\"color: #993300;\"><b> Z<\/b><\/span> = Zwyci\u0119stwa<\/div>\n<div class=\"item\"><span style=\"color: #993300;\"><b> R<\/b><\/span> = Remisy<\/div>\n<div class=\"item\"><span style=\"color: #993300;\"><b> P<\/b><\/span> = Pora\u017cki<\/div>\n<div class=\"item\"><span style=\"color: #993300;\"><b> BZ<\/b><\/span> = Bramki zdobyte<\/div>\n<div class=\"item\"><span style=\"color: #993300;\"><b> BS<\/b><\/span> = Bramki stracone<\/div>\n<div class=\"item\"><span style=\"color: #993300;\"><b> +\/-<\/b> <\/span>= R\u00f3\u017cnica bramek<\/div>\n<div class=\"item\"><span style=\"color: #2abd69;\"><strong>Miejsce 1<\/strong> (bezpo\u015bredni awans do 4 Rundy)<\/span><\/div>\n<div class=\"item\"><span style=\"color: #5de887;\"><strong>Miejsce 2<\/strong> (trzy dru\u017cyny z najlepszym bilansem z miejsca 2 uzyskaj\u0105 awans do 4 Rundy)<\/span><\/div>\n<\/div>\n<p><strong><span style=\"color: #ff0000;\">GRUPA A<\/span><\/strong><br \/>\n1. GOLD TEAM\/MEBLE LOREK<br \/>\n2. LIBELLA TRUCK FC<br \/>\n3. GOTOMA<br \/>\n4. EL-DOM<\/p>\n<p><strong><span style=\"color: #ff0000;\">GRUPA B<\/span><\/strong><br \/>\n1. BASTEK GARNITURY<br \/>\n2. Z44 CLINIC<br \/>\n3. IRON TEAM<br \/>\n4. JAW TRANS<\/p>\n<p><strong><span style=\"color: #ff0000;\">GRUPA C<\/span><\/strong><br \/>\n1. DRIPSHOP &amp; PAKERSI<br \/>\n2. GALACTICOS\/BOGDA\u0143SKI<br \/>\n3. DROMADER<br \/>\n4. CREATIVE<\/p>\n<p><strong><span style=\"color: #ff0000;\">GRUPA D<\/span><\/strong><br \/>\n1. TRADE<br \/>\n2. PRESTIGE HOUSE<br \/>\n3. BRUK OGR\u00d3D NOWAK<br \/>\n4. BRZEZNA<\/p>\n<p><strong><span style=\"color: #ff0000;\">GRUPA E<\/span><\/strong><br \/>\n1. MAK-BUD<br \/>\n2. STAL-BUD NAWOJOWA<br \/>\n3. BAZ PAL<br \/>\n4. RS INSTAL<\/p>\n","protected":false},"excerpt":{"rendered":"<p>Legenda: M = Mecze Rozegrane Pkt = Punkty Z = Zwyci\u0119stwa R = Remisy P = Pora\u017cki BZ = Bramki zdobyte BS = Bramki stracone +\/- = R\u00f3\u017cnica bramek Miejsce 1 (bezpo\u015bredni awans do 4 Rundy) Miejsce 2 (trzy dru\u017cyny z najlepszym bilansem z miejsca 2 uzyskaj\u0105 awans do 4 Rundy) GRUPA A 1. GOLD [&hellip;]<\/p>\n","protected":false},"author":1,"featured_media":0,"parent":219,"menu_order":0,"comment_status":"closed","ping_status":"closed","template":"","meta":[],"_links":{"self":[{"href":"https:\/\/lfsportevents.pl\/ligaorlika\/wp-json\/wp\/v2\/pages\/11110"}],"collection":[{"href":"https:\/\/lfsportevents.pl\/ligaorlika\/wp-json\/wp\/v2\/pages"}],"about":[{"href":"https:\/\/lfsportevents.pl\/ligaorlika\/wp-json\/wp\/v2\/types\/page"}],"author":[{"embeddable":true,"href":"https:\/\/lfsportevents.pl\/ligaorlika\/wp-json\/wp\/v2\/users\/1"}],"replies":[{"embeddable":true,"href":"https:\/\/lfsportevents.pl\/ligaorlika\/wp-json\/wp\/v2\/comments?post=11110"}],"version-history":[{"count":2,"href":"https:\/\/lfsportevents.pl\/ligaorlika\/wp-json\/wp\/v2\/pages\/11110\/revisions"}],"predecessor-version":[{"id":36959,"href":"https:\/\/lfsportevents.pl\/ligaorlika\/wp-json\/wp\/v2\/pages\/11110\/revisions\/36959"}],"up":[{"embeddable":true,"href":"https:\/\/lfsportevents.pl\/ligaorlika\/wp-json\/wp\/v2\/pages\/219"}],"wp:attachment":[{"href":"https:\/\/lfsportevents.pl\/ligaorlika\/wp-json\/wp\/v2\/media?parent=11110"}],"curies":[{"name":"wp","href":"https:\/\/api.w.org\/{rel}","templated":true}]}}