{"id":8180,"date":"2017-09-20T10:07:50","date_gmt":"2017-09-20T08:07:50","guid":{"rendered":"https:\/\/lfsportevents.pl\/ligafutsalu2024\/?page_id=8180"},"modified":"2025-01-28T14:48:43","modified_gmt":"2025-01-28T13:48:43","slug":"stat-rundy","status":"publish","type":"page","link":"https:\/\/lfsportevents.pl\/ligafutsalu2024\/puchar-ligi\/stat-rundy\/","title":{"rendered":"Stat. rundy"},"content":{"rendered":"<h1><span style=\"color: #993300;\">1 RUNDA (28-29 pa\u017adziernik 2024)<\/span><\/h1>\n<p><strong>Liczba meczy:<\/strong><strong>\u00a0<span style=\"color: #993300;\">10<\/span><\/strong><br \/>\n<strong>Liczba goli:<\/strong><strong>\u00a0<span style=\"color: #993300;\">83<\/span><\/strong><br \/>\n<strong>\u015arednia ilo\u015b\u0107 goli na mecz:\u00a0<span style=\"color: #993300;\">8,30<\/span><\/strong><br \/>\n<strong>Wygrane:<\/strong><strong>\u00a0<span style=\"color: #993300;\">10<\/span><\/strong><br \/>\n<strong>Remisy:<span style=\"color: #993300;\">\u00a0<\/span><\/strong><span style=\"color: #993300;\"><strong>0<\/strong><\/span><br \/>\n<strong>Walkowery:<\/strong><strong>\u00a0<\/strong><span style=\"color: #993300;\"><strong>0<\/strong><\/span><br \/>\n<strong>Najwi\u0119cej goli strzelonych w meczu:\u00a0<span style=\"color: #993300;\">14 goli<\/span><\/strong><strong> (Gold Team\/Meble Lorek : Stal-Bud Nawojowa 11:3)\u00a0<\/strong><br \/>\n<strong>Najwy\u017csza wygrana:<\/strong><strong>\u00a0<span style=\"color: #993300;\">11:3<\/span> (Gold Team\/Meble Lorek : Stal-Bud Nawojowa)<\/strong><br \/>\n<strong>Ilo\u015b\u0107 \u017c\u00f3\u0142tych kartek:\u00a0<\/strong><span style=\"color: #993300;\"><strong>12<\/strong><\/span><br \/>\n<strong>Ilo\u015b\u0107 czerwonych kartek:<\/strong><strong>\u00a0<span style=\"color: #993300;\">1<\/span><\/strong><\/p>\n<h1><span style=\"color: #993300;\">2 RUNDA (30-31 pa\u017adziernik 2024)<\/span><\/h1>\n<p><strong>Liczba meczy:<\/strong><strong>\u00a0<span style=\"color: #993300;\">10<\/span><\/strong><br \/>\n<strong>Liczba goli:<\/strong><span style=\"color: #993300;\"><strong> 88<\/strong><\/span><br \/>\n<strong>\u015arednia ilo\u015b\u0107 goli na mecz: <span style=\"color: #993300;\">8,80<\/span><\/strong><br \/>\n<strong>Wygrane:<\/strong><span style=\"color: #993300;\"><strong> 10<\/strong><\/span><br \/>\n<strong>Remisy:\u00a0<\/strong><span style=\"color: #993300;\"><strong>0<\/strong><\/span><br \/>\n<strong>Walkowery:<\/strong><strong>\u00a0<\/strong><span style=\"color: #993300;\"><strong>0<\/strong><\/span><br \/>\n<strong>Najwi\u0119cej goli strzelonych w meczu: <span style=\"color: #993300;\">15 goli<\/span><\/strong><strong> (Auto Spa Greenpowerns 12:3)\u00a0<\/strong><br \/>\n<strong>Najwy\u017csza wygrana:<\/strong><strong>\u00a0<span style=\"color: #993300;\">11:0<\/span> (Gold Team\/Meble Lorek \u2013 Mariposa Med-Spa)<\/strong><br \/>\n<strong>Ilo\u015b\u0107 \u017c\u00f3\u0142tych kartek:\u00a0<\/strong><span style=\"color: #993300;\"><strong>5<\/strong><\/span><br \/>\n<strong>Ilo\u015b\u0107 czerwonych kartek:<\/strong><strong>\u00a0<span style=\"color: #993300;\">1<\/span><\/strong><\/p>\n<h1><span style=\"color: #993300;\">3 RUNDA (6-7 listopad 2024)<\/span><\/h1>\n<p><strong>Liczba meczy:<\/strong><strong>\u00a0<span style=\"color: #993300;\">10<\/span><\/strong><br \/>\n<strong>Liczba goli:<\/strong><span style=\"color: #993300;\"><strong> 96<\/strong><\/span><br \/>\n<strong>\u015arednia ilo\u015b\u0107 goli na mecz: <span style=\"color: #993300;\">9,60<\/span><\/strong><br \/>\n<strong>Wygrane:<\/strong><strong>\u00a0<span style=\"color: #993300;\">11<\/span><\/strong><br \/>\n<strong>Remisy:\u00a0<\/strong><span style=\"color: #993300;\"><strong>1<\/strong><\/span><br \/>\n<strong>Walkowery:<\/strong><strong>\u00a0<\/strong><span style=\"color: #993300;\"><strong>1<\/strong><\/span><br \/>\n<strong>Najwi\u0119cej goli strzelonych w meczu:\u00a0<span style=\"color: #993300;\">15<\/span> goli<\/strong><strong> (Bruk Ogr\u00f3d Nowak : Nano House 11:4), (Tylicz.Ski : Batimowcy 12:3)<\/strong><br \/>\n<strong>Najwy\u017csza wygrana:<\/strong><strong>\u00a0<span style=\"color: #993300;\">12:1<\/span> (Baz Pal : Pabud)<\/strong><br \/>\n<strong>Ilo\u015b\u0107 \u017c\u00f3\u0142tych kartek:\u00a0<\/strong><span style=\"color: #993300;\"><strong>9<\/strong><\/span><br \/>\n<strong>Ilo\u015b\u0107 czerwonych kartek:<\/strong><strong>\u00a0<span style=\"color: #993300;\">1<\/span><\/strong><\/p>\n<h1><span style=\"color: #993300;\">4 RUNDA (20 stycze\u0144 2025)<\/span><\/h1>\n<p><strong>Liczba meczy:<\/strong><strong>\u00a0<span style=\"color: #993300;\">4<\/span><\/strong><br \/>\n<strong>Liczba goli:<\/strong><span style=\"color: #993300;\"><strong> 34<\/strong><\/span><br \/>\n<strong>\u015arednia ilo\u015b\u0107 goli na mecz: <span style=\"color: #993300;\">8,50<\/span><\/strong><br \/>\n<strong>Wygrane:<\/strong><strong>\u00a0<span style=\"color: #993300;\">4<\/span><\/strong><br \/>\n<strong>Remisy:\u00a0<\/strong><span style=\"color: #993300;\"><strong>0<\/strong><\/span><br \/>\n<strong>Walkowery:<\/strong><strong>\u00a0<\/strong><span style=\"color: #993300;\"><strong>1<\/strong><\/span><br \/>\n<strong>Najwi\u0119cej goli strzelonych w meczu:\u00a0<span style=\"color: #993300;\">13<\/span> goli<\/strong><strong> (Prestige House : Auto Spa Greenpowerns 6:7)<\/strong><br \/>\n<strong>Najwy\u017csza wygrana:<\/strong><strong>\u00a0<span style=\"color: #993300;\">2:7<\/span> (Bruk Ogr\u00f3d Nowak : Tylicz.Ski 2:7)<\/strong><br \/>\n<strong>Ilo\u015b\u0107 \u017c\u00f3\u0142tych kartek:\u00a0<\/strong><span style=\"color: #993300;\"><strong>3<\/strong><\/span><br \/>\n<strong>Ilo\u015b\u0107 czerwonych kartek:<\/strong><strong>\u00a0<span style=\"color: #993300;\">0<\/span><\/strong><\/p>\n<h1><span style=\"color: #993300;\">5 RUNDA (27 stycze\u0144 2025)<\/span><\/h1>\n<p><strong>Liczba meczy:<\/strong><strong>\u00a0<span style=\"color: #993300;\">2<\/span><\/strong><br \/>\n<strong>Liczba goli:<\/strong><span style=\"color: #993300;\"><strong> 21<\/strong><\/span><br \/>\n<strong>\u015arednia ilo\u015b\u0107 goli na mecz: <span style=\"color: #993300;\">10,5<\/span><\/strong><br \/>\n<strong>Wygrane:<\/strong><strong>\u00a0<span style=\"color: #993300;\">2<\/span><\/strong><br \/>\n<strong>Remisy:\u00a0<\/strong><span style=\"color: #993300;\"><strong>0<\/strong><\/span><br \/>\n<strong>Walkowery:<\/strong><strong>\u00a0<\/strong><span style=\"color: #993300;\"><strong>0<\/strong><\/span><br \/>\n<strong>Najwi\u0119cej goli strzelonych w meczu:\u00a0<span style=\"color: #993300;\">11<\/span> goli<\/strong><strong> (Mak-Bud : Prestige House 7:4)<\/strong><br \/>\n<strong>Najwy\u017csza wygrana:<\/strong><strong>\u00a0<span style=\"color: #993300;\">7:4 <\/span>(Mak-Bud : Prestige House)<\/strong><br \/>\n<strong>Ilo\u015b\u0107 \u017c\u00f3\u0142tych kartek:\u00a0<\/strong><span style=\"color: #993300;\"><strong>1<\/strong><\/span><br \/>\n<strong>Ilo\u015b\u0107 czerwonych kartek:<\/strong><strong>\u00a0<span style=\"color: #993300;\">0<\/span><\/strong><\/p>\n","protected":false},"excerpt":{"rendered":"<p>1 RUNDA (28-29 pa\u017adziernik 2024) Liczba meczy:\u00a010 Liczba goli:\u00a083 \u015arednia ilo\u015b\u0107 goli na mecz:\u00a08,30 Wygrane:\u00a010 Remisy:\u00a00 Walkowery:\u00a00 Najwi\u0119cej goli strzelonych w meczu:\u00a014 goli (Gold Team\/Meble Lorek : Stal-Bud Nawojowa 11:3)\u00a0 Najwy\u017csza wygrana:\u00a011:3 (Gold Team\/Meble Lorek : Stal-Bud Nawojowa) Ilo\u015b\u0107 \u017c\u00f3\u0142tych kartek:\u00a012 Ilo\u015b\u0107 czerwonych kartek:\u00a01 2 RUNDA (30-31 pa\u017adziernik 2024) Liczba meczy:\u00a010 Liczba goli: 88 \u015arednia [&hellip;]<\/p>\n","protected":false},"author":1,"featured_media":0,"parent":219,"menu_order":0,"comment_status":"closed","ping_status":"closed","template":"","meta":{"footnotes":""},"_links":{"self":[{"href":"https:\/\/lfsportevents.pl\/ligafutsalu2024\/wp-json\/wp\/v2\/pages\/8180"}],"collection":[{"href":"https:\/\/lfsportevents.pl\/ligafutsalu2024\/wp-json\/wp\/v2\/pages"}],"about":[{"href":"https:\/\/lfsportevents.pl\/ligafutsalu2024\/wp-json\/wp\/v2\/types\/page"}],"author":[{"embeddable":true,"href":"https:\/\/lfsportevents.pl\/ligafutsalu2024\/wp-json\/wp\/v2\/users\/1"}],"replies":[{"embeddable":true,"href":"https:\/\/lfsportevents.pl\/ligafutsalu2024\/wp-json\/wp\/v2\/comments?post=8180"}],"version-history":[{"count":2,"href":"https:\/\/lfsportevents.pl\/ligafutsalu2024\/wp-json\/wp\/v2\/pages\/8180\/revisions"}],"predecessor-version":[{"id":27716,"href":"https:\/\/lfsportevents.pl\/ligafutsalu2024\/wp-json\/wp\/v2\/pages\/8180\/revisions\/27716"}],"up":[{"embeddable":true,"href":"https:\/\/lfsportevents.pl\/ligafutsalu2024\/wp-json\/wp\/v2\/pages\/219"}],"wp:attachment":[{"href":"https:\/\/lfsportevents.pl\/ligafutsalu2024\/wp-json\/wp\/v2\/media?parent=8180"}],"curies":[{"name":"wp","href":"https:\/\/api.w.org\/{rel}","templated":true}]}}