{"id":8164,"date":"2017-09-20T10:05:25","date_gmt":"2017-09-20T08:05:25","guid":{"rendered":"https:\/\/lfsportevents.pl\/ligafutsalu2024\/?page_id=8164"},"modified":"2024-11-25T14:34:33","modified_gmt":"2024-11-25T13:34:33","slug":"zolte-k","status":"publish","type":"page","link":"https:\/\/lfsportevents.pl\/ligafutsalu2024\/ekstraklasa\/zolte-k\/","title":{"rendered":"\u017b\u00f3\u0142te k."},"content":{"rendered":"<div class=\"sportspress\"><h4 class=\"sp-table-caption\">\u017b\u00f3\u0142te kartki \u2013 Ekstraklasa<\/h4><div class=\"sp-template sp-template-player-list\"><div class=\"sp-table-wrapper\"><table class=\"sp-player-list sp-data-table sp-sortable-table sp-scrollable-table sp-paginated-table\" data-sp-rows=\"80\"><thead><tr><th class=\"data-rank\">Ranga<\/th><th class=\"data-name\">Zawodnik<\/th><th class=\"data-team\">Klub<\/th><th class=\"data-yellowcards\">\u017b\u00f3\u0142te kartki<\/th><\/tr><\/thead><tbody><tr class=\"odd\"><td class=\"data-rank\" data-label=\"#\">1<\/td><td class=\"data-name has-photo\" data-label=\"Zawodnik\"><a href=\"https:\/\/lfsportevents.pl\/ligafutsalu2024\/player\/krystian-salamon\/\"><span class=\"player-photo\"><img loading=\"lazy\" decoding=\"async\" width=\"96\" height=\"128\" src=\"https:\/\/lfsportevents.pl\/ligafutsalu2024\/wp-content\/uploads\/2003\/06\/Krystian-Salamon-96x128.jpg\" class=\"attachment-sportspress-fit-icon size-sportspress-fit-icon wp-post-image\" alt=\"\" \/><\/span>Krystian Salamon<\/a><\/td><td class=\"data-team\" data-label=\"Klub\"><a href=\"https:\/\/lfsportevents.pl\/ligafutsalu2024\/team\/sebbet-kostka-brukowa\/\">DripShop &#038; Pakersi<\/a><\/td><td class=\"data-yellowcards\" data-label=\"\u017b\u00f3\u0142te kartki\">4<\/td><\/tr><tr class=\"even\"><td class=\"data-rank\" data-label=\"#\">2<\/td><td class=\"data-name has-photo\" data-label=\"Zawodnik\"><a href=\"https:\/\/lfsportevents.pl\/ligafutsalu2024\/player\/daniel-kopec\/\"><span class=\"player-photo\"><img loading=\"lazy\" decoding=\"async\" width=\"96\" height=\"128\" src=\"https:\/\/lfsportevents.pl\/ligafutsalu2024\/wp-content\/uploads\/1997\/09\/Daniel-Kopec-96x128.jpg\" class=\"attachment-sportspress-fit-icon size-sportspress-fit-icon wp-post-image\" alt=\"\" \/><\/span>Daniel Kope\u0107<\/a><\/td><td class=\"data-team\" data-label=\"Klub\"><a href=\"https:\/\/lfsportevents.pl\/ligafutsalu2024\/team\/baz-pal\/\">Baz Pal<\/a><\/td><td class=\"data-yellowcards\" data-label=\"\u017b\u00f3\u0142te kartki\">3<\/td><\/tr><tr class=\"odd\"><td class=\"data-rank\" data-label=\"#\">3<\/td><td class=\"data-name has-photo\" data-label=\"Zawodnik\"><a href=\"https:\/\/lfsportevents.pl\/ligafutsalu2024\/player\/robert-mikolajczyk\/\"><span class=\"player-photo\"><img loading=\"lazy\" decoding=\"async\" width=\"96\" height=\"128\" src=\"https:\/\/lfsportevents.pl\/ligafutsalu2024\/wp-content\/uploads\/2019\/11\/Robert-Mikolajczyk-96x128.jpg\" class=\"attachment-sportspress-fit-icon size-sportspress-fit-icon wp-post-image\" alt=\"\" \/><\/span>Robert Miko\u0142ajczyk<\/a><\/td><td class=\"data-team\" data-label=\"Klub\"><a href=\"https:\/\/lfsportevents.pl\/ligafutsalu2024\/team\/sebbet-kostka-brukowa\/\">DripShop &#038; Pakersi<\/a><\/td><td class=\"data-yellowcards\" data-label=\"\u017b\u00f3\u0142te kartki\">3<\/td><\/tr><tr class=\"even\"><td class=\"data-rank\" data-label=\"#\">4<\/td><td class=\"data-name has-photo\" data-label=\"Zawodnik\"><a href=\"https:\/\/lfsportevents.pl\/ligafutsalu2024\/player\/andrzej-plata\/\"><span class=\"player-photo\"><img loading=\"lazy\" decoding=\"async\" width=\"96\" height=\"128\" src=\"https:\/\/lfsportevents.pl\/ligafutsalu2024\/wp-content\/uploads\/1983\/11\/Andrzej-Plata-96x128.jpg\" class=\"attachment-sportspress-fit-icon size-sportspress-fit-icon wp-post-image\" alt=\"\" \/><\/span>Andrzej Plata<\/a><\/td><td class=\"data-team\" data-label=\"Klub\"><a href=\"https:\/\/lfsportevents.pl\/ligafutsalu2024\/team\/q-graf\/\">Tylicz.Ski<\/a><\/td><td class=\"data-yellowcards\" data-label=\"\u017b\u00f3\u0142te kartki\">2<\/td><\/tr><tr class=\"odd\"><td class=\"data-rank\" data-label=\"#\">5<\/td><td class=\"data-name has-photo\" data-label=\"Zawodnik\"><a href=\"https:\/\/lfsportevents.pl\/ligafutsalu2024\/player\/dominik-sobczyk\/\"><span class=\"player-photo\"><img loading=\"lazy\" decoding=\"async\" width=\"96\" height=\"128\" src=\"https:\/\/lfsportevents.pl\/ligafutsalu2024\/wp-content\/uploads\/2003\/03\/Dominik-Sobczyk-96x128.jpg\" class=\"attachment-sportspress-fit-icon size-sportspress-fit-icon wp-post-image\" alt=\"\" \/><\/span>Dominik Sobczyk<\/a><\/td><td class=\"data-team\" data-label=\"Klub\"><a href=\"https:\/\/lfsportevents.pl\/ligafutsalu2024\/team\/prestige-house\/\">Prestige House<\/a><\/td><td class=\"data-yellowcards\" data-label=\"\u017b\u00f3\u0142te kartki\">2<\/td><\/tr><tr class=\"even\"><td class=\"data-rank\" data-label=\"#\">6<\/td><td class=\"data-name has-photo\" data-label=\"Zawodnik\"><a href=\"https:\/\/lfsportevents.pl\/ligafutsalu2024\/player\/tomasz-wojslaw\/\"><span class=\"player-photo\"><img loading=\"lazy\" decoding=\"async\" width=\"96\" height=\"128\" src=\"https:\/\/lfsportevents.pl\/ligafutsalu2024\/wp-content\/uploads\/2019\/11\/Tomasz-Wojslaw-96x128.jpg\" class=\"attachment-sportspress-fit-icon size-sportspress-fit-icon wp-post-image\" alt=\"\" \/><\/span>Tomasz Wojs\u0142aw<\/a><\/td><td class=\"data-team\" data-label=\"Klub\"><a href=\"https:\/\/lfsportevents.pl\/ligafutsalu2024\/team\/baz-pal\/\">Baz Pal<\/a><\/td><td class=\"data-yellowcards\" data-label=\"\u017b\u00f3\u0142te kartki\">2<\/td><\/tr><tr class=\"odd\"><td class=\"data-rank\" data-label=\"#\">7<\/td><td class=\"data-name has-photo\" data-label=\"Zawodnik\"><a href=\"https:\/\/lfsportevents.pl\/ligafutsalu2024\/player\/kacper-ormianski\/\"><span class=\"player-photo\"><img loading=\"lazy\" decoding=\"async\" width=\"96\" height=\"128\" src=\"https:\/\/lfsportevents.pl\/ligafutsalu2024\/wp-content\/uploads\/2005\/08\/Kacper-Ormianski-96x128.jpg\" class=\"attachment-sportspress-fit-icon size-sportspress-fit-icon wp-post-image\" alt=\"\" \/><\/span>Kacper Ormia\u0144ski<\/a><\/td><td class=\"data-team\" data-label=\"Klub\"><a href=\"https:\/\/lfsportevents.pl\/ligafutsalu2024\/team\/mak-bud\/\">Mak-Bud<\/a><\/td><td class=\"data-yellowcards\" data-label=\"\u017b\u00f3\u0142te kartki\">2<\/td><\/tr><tr class=\"even\"><td class=\"data-rank\" data-label=\"#\">8<\/td><td class=\"data-name has-photo\" data-label=\"Zawodnik\"><a href=\"https:\/\/lfsportevents.pl\/ligafutsalu2024\/player\/szymon-olchawa\/\"><span class=\"player-photo\"><img loading=\"lazy\" decoding=\"async\" width=\"96\" height=\"128\" src=\"https:\/\/lfsportevents.pl\/ligafutsalu2024\/wp-content\/uploads\/1996\/02\/Szymon-Olchawa-96x128.jpg\" class=\"attachment-sportspress-fit-icon size-sportspress-fit-icon wp-post-image\" alt=\"\" \/><\/span>Szymon Olchawa<\/a><\/td><td class=\"data-team\" data-label=\"Klub\"><a href=\"https:\/\/lfsportevents.pl\/ligafutsalu2024\/team\/prestige-house\/\">Prestige House<\/a><\/td><td class=\"data-yellowcards\" data-label=\"\u017b\u00f3\u0142te kartki\">2<\/td><\/tr><tr class=\"odd\"><td class=\"data-rank\" data-label=\"#\">9<\/td><td class=\"data-name has-photo\" data-label=\"Zawodnik\"><a href=\"https:\/\/lfsportevents.pl\/ligafutsalu2024\/player\/miroslaw-plata\/\"><span class=\"player-photo\"><img loading=\"lazy\" decoding=\"async\" width=\"96\" height=\"128\" src=\"https:\/\/lfsportevents.pl\/ligafutsalu2024\/wp-content\/uploads\/1994\/08\/Miros\u0142aw-Plata-1-96x128.jpg\" class=\"attachment-sportspress-fit-icon size-sportspress-fit-icon wp-post-image\" alt=\"\" \/><\/span>Miros\u0142aw Plata<\/a><\/td><td class=\"data-team\" data-label=\"Klub\"><a href=\"https:\/\/lfsportevents.pl\/ligafutsalu2024\/team\/gold-team\/\">Gold Team\/Meble Lorek<\/a><\/td><td class=\"data-yellowcards\" data-label=\"\u017b\u00f3\u0142te kartki\">2<\/td><\/tr><tr class=\"even\"><td class=\"data-rank\" data-label=\"#\">10<\/td><td class=\"data-name has-photo\" data-label=\"Zawodnik\"><a href=\"https:\/\/lfsportevents.pl\/ligafutsalu2024\/player\/maciej-bartkowiak\/\"><span class=\"player-photo\"><img loading=\"lazy\" decoding=\"async\" width=\"96\" height=\"128\" src=\"https:\/\/lfsportevents.pl\/ligafutsalu2024\/wp-content\/uploads\/2003\/09\/Maciej-Bartkowiak-96x128.jpg\" class=\"attachment-sportspress-fit-icon size-sportspress-fit-icon wp-post-image\" alt=\"\" \/><\/span>Maciej Bartkowiak<\/a><\/td><td class=\"data-team\" data-label=\"Klub\"><a href=\"https:\/\/lfsportevents.pl\/ligafutsalu2024\/team\/mak-bud\/\">Mak-Bud<\/a><\/td><td class=\"data-yellowcards\" data-label=\"\u017b\u00f3\u0142te kartki\">2<\/td><\/tr><tr class=\"odd\"><td class=\"data-rank\" data-label=\"#\">11<\/td><td class=\"data-name has-photo\" data-label=\"Zawodnik\"><a href=\"https:\/\/lfsportevents.pl\/ligafutsalu2024\/player\/przemyslaw-marszalek\/\"><span class=\"player-photo\"><img loading=\"lazy\" decoding=\"async\" width=\"96\" height=\"128\" src=\"https:\/\/lfsportevents.pl\/ligafutsalu2024\/wp-content\/uploads\/1994\/12\/Przemysla-Marszalek-96x128.jpg\" class=\"attachment-sportspress-fit-icon size-sportspress-fit-icon wp-post-image\" alt=\"\" \/><\/span>Przemys\u0142aw Marsza\u0142ek<\/a><\/td><td class=\"data-team\" data-label=\"Klub\"><a href=\"https:\/\/lfsportevents.pl\/ligafutsalu2024\/team\/trade\/\">Trade<\/a><\/td><td class=\"data-yellowcards\" data-label=\"\u017b\u00f3\u0142te kartki\">2<\/td><\/tr><tr class=\"even\"><td class=\"data-rank\" data-label=\"#\">12<\/td><td class=\"data-name\" data-label=\"Zawodnik\"><a href=\"https:\/\/lfsportevents.pl\/ligafutsalu2024\/player\/piotr-orlof\/\">Piotr Orlof<\/a><\/td><td class=\"data-team\" data-label=\"Klub\"><a href=\"https:\/\/lfsportevents.pl\/ligafutsalu2024\/team\/mak-bud\/\">Mak-Bud<\/a><\/td><td class=\"data-yellowcards\" data-label=\"\u017b\u00f3\u0142te kartki\">1<\/td><\/tr><tr class=\"odd\"><td class=\"data-rank\" data-label=\"#\">13<\/td><td class=\"data-name has-photo\" data-label=\"Zawodnik\"><a href=\"https:\/\/lfsportevents.pl\/ligafutsalu2024\/player\/karol-matras\/\"><span class=\"player-photo\"><img loading=\"lazy\" decoding=\"async\" width=\"96\" height=\"128\" src=\"https:\/\/lfsportevents.pl\/ligafutsalu2024\/wp-content\/uploads\/1999\/11\/Karol-Matras-96x128.jpg\" class=\"attachment-sportspress-fit-icon size-sportspress-fit-icon wp-post-image\" alt=\"\" \/><\/span>Karol Matras<\/a><\/td><td class=\"data-team\" data-label=\"Klub\"><a href=\"https:\/\/lfsportevents.pl\/ligafutsalu2024\/team\/kamex\/\">Dom Weselny Sylwia<\/a><\/td><td class=\"data-yellowcards\" data-label=\"\u017b\u00f3\u0142te kartki\">1<\/td><\/tr><tr class=\"even\"><td class=\"data-rank\" data-label=\"#\">14<\/td><td class=\"data-name has-photo\" data-label=\"Zawodnik\"><a href=\"https:\/\/lfsportevents.pl\/ligafutsalu2024\/player\/mariusz-dudek\/\"><span class=\"player-photo\"><img loading=\"lazy\" decoding=\"async\" width=\"96\" height=\"128\" src=\"https:\/\/lfsportevents.pl\/ligafutsalu2024\/wp-content\/uploads\/1993\/04\/Mariusz-Dudek-96x128.jpg\" class=\"attachment-sportspress-fit-icon size-sportspress-fit-icon wp-post-image\" alt=\"\" \/><\/span>Mariusz Dudek<\/a><\/td><td class=\"data-team\" data-label=\"Klub\"><a href=\"https:\/\/lfsportevents.pl\/ligafutsalu2024\/team\/trade\/\">Trade<\/a><\/td><td class=\"data-yellowcards\" data-label=\"\u017b\u00f3\u0142te kartki\">1<\/td><\/tr><tr class=\"odd\"><td class=\"data-rank\" data-label=\"#\">15<\/td><td class=\"data-name has-photo\" data-label=\"Zawodnik\"><a href=\"https:\/\/lfsportevents.pl\/ligafutsalu2024\/player\/mateusz-borzecki\/\"><span class=\"player-photo\"><img loading=\"lazy\" decoding=\"async\" width=\"96\" height=\"128\" src=\"https:\/\/lfsportevents.pl\/ligafutsalu2024\/wp-content\/uploads\/2023\/10\/Mateusz-Borzecki-96x128.jpg\" class=\"attachment-sportspress-fit-icon size-sportspress-fit-icon wp-post-image\" alt=\"\" \/><\/span>Mateusz Borz\u0119cki<\/a><\/td><td class=\"data-team\" data-label=\"Klub\"><a href=\"https:\/\/lfsportevents.pl\/ligafutsalu2024\/team\/mak-bud\/\">Mak-Bud<\/a><\/td><td class=\"data-yellowcards\" data-label=\"\u017b\u00f3\u0142te kartki\">1<\/td><\/tr><tr class=\"even\"><td class=\"data-rank\" data-label=\"#\">16<\/td><td class=\"data-name has-photo\" data-label=\"Zawodnik\"><a href=\"https:\/\/lfsportevents.pl\/ligafutsalu2024\/player\/daniel-szufryn\/\"><span class=\"player-photo\"><img loading=\"lazy\" decoding=\"async\" width=\"96\" height=\"128\" src=\"https:\/\/lfsportevents.pl\/ligafutsalu2024\/wp-content\/uploads\/1983\/06\/Daniel-szufryn-96x128.jpg\" class=\"attachment-sportspress-fit-icon size-sportspress-fit-icon wp-post-image\" alt=\"\" \/><\/span>Daniel Szufryn<\/a><\/td><td class=\"data-team\" data-label=\"Klub\"><a href=\"https:\/\/lfsportevents.pl\/ligafutsalu2024\/team\/trade\/\">Trade<\/a><\/td><td class=\"data-yellowcards\" data-label=\"\u017b\u00f3\u0142te kartki\">1<\/td><\/tr><tr class=\"odd\"><td class=\"data-rank\" data-label=\"#\">17<\/td><td class=\"data-name has-photo\" data-label=\"Zawodnik\"><a href=\"https:\/\/lfsportevents.pl\/ligafutsalu2024\/player\/maciej-ruchala\/\"><span class=\"player-photo\"><img loading=\"lazy\" decoding=\"async\" width=\"96\" height=\"128\" src=\"https:\/\/lfsportevents.pl\/ligafutsalu2024\/wp-content\/uploads\/1992\/11\/Maciej-Ruchala-96x128.jpg\" class=\"attachment-sportspress-fit-icon size-sportspress-fit-icon wp-post-image\" alt=\"\" \/><\/span>Maciej Rucha\u0142a<\/a><\/td><td class=\"data-team\" data-label=\"Klub\"><a href=\"https:\/\/lfsportevents.pl\/ligafutsalu2024\/team\/saczersi\/\">S\u0105czersi<\/a><\/td><td class=\"data-yellowcards\" data-label=\"\u017b\u00f3\u0142te kartki\">1<\/td><\/tr><tr class=\"even\"><td class=\"data-rank\" data-label=\"#\">18<\/td><td class=\"data-name has-photo\" data-label=\"Zawodnik\"><a href=\"https:\/\/lfsportevents.pl\/ligafutsalu2024\/player\/julian-grzegorczyk\/\"><span class=\"player-photo\"><img loading=\"lazy\" decoding=\"async\" width=\"96\" height=\"128\" src=\"https:\/\/lfsportevents.pl\/ligafutsalu2024\/wp-content\/uploads\/1992\/03\/Julian-Grzegorczyk-96x128.jpg\" class=\"attachment-sportspress-fit-icon size-sportspress-fit-icon wp-post-image\" alt=\"\" \/><\/span>Julian Grzegorczyk<\/a><\/td><td class=\"data-team\" data-label=\"Klub\"><a href=\"https:\/\/lfsportevents.pl\/ligafutsalu2024\/team\/kamex\/\">Dom Weselny Sylwia<\/a><\/td><td class=\"data-yellowcards\" data-label=\"\u017b\u00f3\u0142te kartki\">1<\/td><\/tr><tr class=\"odd\"><td class=\"data-rank\" data-label=\"#\">19<\/td><td class=\"data-name\" data-label=\"Zawodnik\"><a href=\"https:\/\/lfsportevents.pl\/ligafutsalu2024\/player\/robert-palka\/\">Robert Pa\u0142ka<\/a><\/td><td class=\"data-team\" data-label=\"Klub\"><a href=\"https:\/\/lfsportevents.pl\/ligafutsalu2024\/team\/sebbet-kostka-brukowa\/\">DripShop &#038; Pakersi<\/a><\/td><td class=\"data-yellowcards\" data-label=\"\u017b\u00f3\u0142te kartki\">1<\/td><\/tr><tr class=\"even\"><td class=\"data-rank\" data-label=\"#\">20<\/td><td class=\"data-name has-photo\" data-label=\"Zawodnik\"><a href=\"https:\/\/lfsportevents.pl\/ligafutsalu2024\/player\/lukasz-biernacki-2\/\"><span class=\"player-photo\"><img loading=\"lazy\" decoding=\"async\" width=\"96\" height=\"128\" src=\"https:\/\/lfsportevents.pl\/ligafutsalu2024\/wp-content\/uploads\/1983\/01\/Lukasz-Biernacki-96x128.jpg\" class=\"attachment-sportspress-fit-icon size-sportspress-fit-icon wp-post-image\" alt=\"\" \/><\/span>\u0141ukasz Biernacki<\/a><\/td><td class=\"data-team\" data-label=\"Klub\"><a href=\"https:\/\/lfsportevents.pl\/ligafutsalu2024\/team\/saczersi\/\">S\u0105czersi<\/a><\/td><td class=\"data-yellowcards\" data-label=\"\u017b\u00f3\u0142te kartki\">1<\/td><\/tr><tr class=\"odd\"><td class=\"data-rank\" data-label=\"#\">21<\/td><td class=\"data-name has-photo\" data-label=\"Zawodnik\"><a href=\"https:\/\/lfsportevents.pl\/ligafutsalu2024\/player\/slawomir-zgrzeblak\/\"><span class=\"player-photo\"><img loading=\"lazy\" decoding=\"async\" width=\"96\" height=\"128\" src=\"https:\/\/lfsportevents.pl\/ligafutsalu2024\/wp-content\/uploads\/1994\/02\/Slaomir-Zgrzeblak-96x128.jpg\" class=\"attachment-sportspress-fit-icon size-sportspress-fit-icon wp-post-image\" alt=\"\" \/><\/span>S\u0142awomir Zgrzeblak<\/a><\/td><td class=\"data-team\" data-label=\"Klub\"><a href=\"https:\/\/lfsportevents.pl\/ligafutsalu2024\/team\/bastek-niskowa\/\">Bastek Garnitury<\/a><\/td><td class=\"data-yellowcards\" data-label=\"\u017b\u00f3\u0142te kartki\">1<\/td><\/tr><tr class=\"even\"><td class=\"data-rank\" data-label=\"#\">22<\/td><td class=\"data-name has-photo\" data-label=\"Zawodnik\"><a href=\"https:\/\/lfsportevents.pl\/ligafutsalu2024\/player\/artur-lesniak\/\"><span class=\"player-photo\"><img loading=\"lazy\" decoding=\"async\" width=\"102\" height=\"128\" src=\"https:\/\/lfsportevents.pl\/ligafutsalu2024\/wp-content\/uploads\/1988\/12\/Artur-Le\u015bniak-102x128.jpg\" class=\"attachment-sportspress-fit-icon size-sportspress-fit-icon wp-post-image\" alt=\"\" \/><\/span>Artur Le\u015bniak<\/a><\/td><td class=\"data-team\" data-label=\"Klub\"><a href=\"https:\/\/lfsportevents.pl\/ligafutsalu2024\/team\/kamex\/\">Dom Weselny Sylwia<\/a><\/td><td class=\"data-yellowcards\" data-label=\"\u017b\u00f3\u0142te kartki\">1<\/td><\/tr><tr class=\"odd\"><td class=\"data-rank\" data-label=\"#\">23<\/td><td class=\"data-name has-photo\" data-label=\"Zawodnik\"><a href=\"https:\/\/lfsportevents.pl\/ligafutsalu2024\/player\/michal-chochorowski\/\"><span class=\"player-photo\"><img loading=\"lazy\" decoding=\"async\" width=\"96\" height=\"128\" src=\"https:\/\/lfsportevents.pl\/ligafutsalu2024\/wp-content\/uploads\/1994\/09\/Micha\u0142-Chochorowski-96x128.jpg\" class=\"attachment-sportspress-fit-icon size-sportspress-fit-icon wp-post-image\" alt=\"\" \/><\/span>Micha\u0142 Chochorowski<\/a><\/td><td class=\"data-team\" data-label=\"Klub\"><a href=\"https:\/\/lfsportevents.pl\/ligafutsalu2024\/team\/kamex\/\">Dom Weselny Sylwia<\/a><\/td><td class=\"data-yellowcards\" data-label=\"\u017b\u00f3\u0142te kartki\">1<\/td><\/tr><tr class=\"even\"><td class=\"data-rank\" data-label=\"#\">24<\/td><td class=\"data-name has-photo\" data-label=\"Zawodnik\"><a href=\"https:\/\/lfsportevents.pl\/ligafutsalu2024\/player\/roman-sobieraj\/\"><span class=\"player-photo\"><img loading=\"lazy\" decoding=\"async\" width=\"96\" height=\"128\" src=\"https:\/\/lfsportevents.pl\/ligafutsalu2024\/wp-content\/uploads\/1989\/08\/Roman-Sobieraj-1-96x128.jpg\" class=\"attachment-sportspress-fit-icon size-sportspress-fit-icon wp-post-image\" alt=\"\" \/><\/span>Roman Sobieraj<\/a><\/td><td class=\"data-team\" data-label=\"Klub\"><a href=\"https:\/\/lfsportevents.pl\/ligafutsalu2024\/team\/saczersi\/\">S\u0105czersi<\/a><\/td><td class=\"data-yellowcards\" data-label=\"\u017b\u00f3\u0142te kartki\">1<\/td><\/tr><tr class=\"odd\"><td class=\"data-rank\" data-label=\"#\">25<\/td><td class=\"data-name has-photo\" data-label=\"Zawodnik\"><a href=\"https:\/\/lfsportevents.pl\/ligafutsalu2024\/player\/kacper-chruslicki\/\"><span class=\"player-photo\"><img loading=\"lazy\" decoding=\"async\" width=\"96\" height=\"128\" src=\"https:\/\/lfsportevents.pl\/ligafutsalu2024\/wp-content\/uploads\/2022\/11\/Kacper-Chruslicki-96x128.jpg\" class=\"attachment-sportspress-fit-icon size-sportspress-fit-icon wp-post-image\" alt=\"\" \/><\/span>Kacper Chru\u015blicki<\/a><\/td><td class=\"data-team\" data-label=\"Klub\"><a href=\"https:\/\/lfsportevents.pl\/ligafutsalu2024\/team\/mak-bud\/\">Mak-Bud<\/a><\/td><td class=\"data-yellowcards\" data-label=\"\u017b\u00f3\u0142te kartki\">1<\/td><\/tr><tr class=\"even\"><td class=\"data-rank\" data-label=\"#\">26<\/td><td class=\"data-name has-photo\" data-label=\"Zawodnik\"><a href=\"https:\/\/lfsportevents.pl\/ligafutsalu2024\/player\/marcin-plata\/\"><span class=\"player-photo\"><img loading=\"lazy\" decoding=\"async\" width=\"96\" height=\"128\" src=\"https:\/\/lfsportevents.pl\/ligafutsalu2024\/wp-content\/uploads\/1991\/01\/Marcin-Plata-96x128.jpg\" class=\"attachment-sportspress-fit-icon size-sportspress-fit-icon wp-post-image\" alt=\"\" \/><\/span>Marcin Plata<\/a><\/td><td class=\"data-team\" data-label=\"Klub\"><a href=\"https:\/\/lfsportevents.pl\/ligafutsalu2024\/team\/kamex\/\">Dom Weselny Sylwia<\/a><\/td><td class=\"data-yellowcards\" data-label=\"\u017b\u00f3\u0142te kartki\">1<\/td><\/tr><tr class=\"odd\"><td class=\"data-rank\" data-label=\"#\">27<\/td><td class=\"data-name has-photo\" data-label=\"Zawodnik\"><a href=\"https:\/\/lfsportevents.pl\/ligafutsalu2024\/player\/marek-knurowski\/\"><span class=\"player-photo\"><img loading=\"lazy\" decoding=\"async\" width=\"96\" height=\"128\" src=\"https:\/\/lfsportevents.pl\/ligafutsalu2024\/wp-content\/uploads\/1994\/04\/Marek-Knurowski-2-96x128.jpg\" class=\"attachment-sportspress-fit-icon size-sportspress-fit-icon wp-post-image\" alt=\"\" \/><\/span>Marek Knurowski<\/a><\/td><td class=\"data-team\" data-label=\"Klub\"><a href=\"https:\/\/lfsportevents.pl\/ligafutsalu2024\/team\/gold-team\/\">Gold Team\/Meble Lorek<\/a><\/td><td class=\"data-yellowcards\" data-label=\"\u017b\u00f3\u0142te kartki\">1<\/td><\/tr><tr class=\"even\"><td class=\"data-rank\" data-label=\"#\">28<\/td><td class=\"data-name has-photo\" data-label=\"Zawodnik\"><a href=\"https:\/\/lfsportevents.pl\/ligafutsalu2024\/player\/adrian-jawor\/\"><span class=\"player-photo\"><img loading=\"lazy\" decoding=\"async\" width=\"96\" height=\"128\" src=\"https:\/\/lfsportevents.pl\/ligafutsalu2024\/wp-content\/uploads\/1998\/08\/Adrian-Jawor-2-96x128.jpg\" class=\"attachment-sportspress-fit-icon size-sportspress-fit-icon wp-post-image\" alt=\"\" \/><\/span>Adrian Jawor<\/a><\/td><td class=\"data-team\" data-label=\"Klub\"><a href=\"https:\/\/lfsportevents.pl\/ligafutsalu2024\/team\/saczersi\/\">S\u0105czersi<\/a><\/td><td class=\"data-yellowcards\" data-label=\"\u017b\u00f3\u0142te kartki\">1<\/td><\/tr><tr class=\"odd\"><td class=\"data-rank\" data-label=\"#\">29<\/td><td class=\"data-name has-photo\" data-label=\"Zawodnik\"><a href=\"https:\/\/lfsportevents.pl\/ligafutsalu2024\/player\/grzegorz-szewczyk\/\"><span class=\"player-photo\"><img loading=\"lazy\" decoding=\"async\" width=\"96\" height=\"128\" src=\"https:\/\/lfsportevents.pl\/ligafutsalu2024\/wp-content\/uploads\/1986\/12\/Grzegorz-Szewczyk-96x128.jpg\" class=\"attachment-sportspress-fit-icon size-sportspress-fit-icon wp-post-image\" alt=\"\" \/><\/span>Grzegorz Szewczyk<\/a><\/td><td class=\"data-team\" data-label=\"Klub\"><a href=\"https:\/\/lfsportevents.pl\/ligafutsalu2024\/team\/bastek-niskowa\/\">Bastek Garnitury<\/a><\/td><td class=\"data-yellowcards\" data-label=\"\u017b\u00f3\u0142te kartki\">1<\/td><\/tr><tr class=\"even\"><td class=\"data-rank\" data-label=\"#\">30<\/td><td class=\"data-name has-photo\" data-label=\"Zawodnik\"><a href=\"https:\/\/lfsportevents.pl\/ligafutsalu2024\/player\/maciej-hedwig\/\"><span class=\"player-photo\"><img loading=\"lazy\" decoding=\"async\" width=\"96\" height=\"128\" src=\"https:\/\/lfsportevents.pl\/ligafutsalu2024\/wp-content\/uploads\/1996\/02\/Maciej-Hedwig-96x128.jpg\" class=\"attachment-sportspress-fit-icon size-sportspress-fit-icon wp-post-image\" alt=\"\" \/><\/span>Maciej Hedwig<\/a><\/td><td class=\"data-team\" data-label=\"Klub\"><a href=\"https:\/\/lfsportevents.pl\/ligafutsalu2024\/team\/prestige-house\/\">Prestige House<\/a><\/td><td class=\"data-yellowcards\" data-label=\"\u017b\u00f3\u0142te kartki\">1<\/td><\/tr><tr class=\"odd\"><td class=\"data-rank\" data-label=\"#\">31<\/td><td class=\"data-name\" data-label=\"Zawodnik\"><a href=\"https:\/\/lfsportevents.pl\/ligafutsalu2024\/player\/adrian-salamon\/\">Adrian Salamon<\/a><\/td><td class=\"data-team\" data-label=\"Klub\"><a href=\"https:\/\/lfsportevents.pl\/ligafutsalu2024\/team\/sebbet-kostka-brukowa\/\">DripShop &#038; Pakersi<\/a><\/td><td class=\"data-yellowcards\" data-label=\"\u017b\u00f3\u0142te kartki\">1<\/td><\/tr><tr class=\"even\"><td class=\"data-rank\" data-label=\"#\">32<\/td><td class=\"data-name has-photo\" data-label=\"Zawodnik\"><a href=\"https:\/\/lfsportevents.pl\/ligafutsalu2024\/player\/pawel-czernecki\/\"><span class=\"player-photo\"><img loading=\"lazy\" decoding=\"async\" width=\"96\" height=\"128\" src=\"https:\/\/lfsportevents.pl\/ligafutsalu2024\/wp-content\/uploads\/1975\/05\/Pawel-Czernecki-96x128.jpg\" class=\"attachment-sportspress-fit-icon size-sportspress-fit-icon wp-post-image\" alt=\"\" \/><\/span>Pawe\u0142 Czernecki<\/a><\/td><td class=\"data-team\" data-label=\"Klub\"><a href=\"https:\/\/lfsportevents.pl\/ligafutsalu2024\/team\/bastek-niskowa\/\">Bastek Garnitury<\/a><\/td><td class=\"data-yellowcards\" data-label=\"\u017b\u00f3\u0142te kartki\">1<\/td><\/tr><\/tbody><\/table><\/div><\/div><\/div>\n","protected":false},"excerpt":{"rendered":"","protected":false},"author":1,"featured_media":0,"parent":8132,"menu_order":0,"comment_status":"closed","ping_status":"closed","template":"","meta":{"footnotes":""},"_links":{"self":[{"href":"https:\/\/lfsportevents.pl\/ligafutsalu2024\/wp-json\/wp\/v2\/pages\/8164"}],"collection":[{"href":"https:\/\/lfsportevents.pl\/ligafutsalu2024\/wp-json\/wp\/v2\/pages"}],"about":[{"href":"https:\/\/lfsportevents.pl\/ligafutsalu2024\/wp-json\/wp\/v2\/types\/page"}],"author":[{"embeddable":true,"href":"https:\/\/lfsportevents.pl\/ligafutsalu2024\/wp-json\/wp\/v2\/users\/1"}],"replies":[{"embeddable":true,"href":"https:\/\/lfsportevents.pl\/ligafutsalu2024\/wp-json\/wp\/v2\/comments?post=8164"}],"version-history":[{"count":3,"href":"https:\/\/lfsportevents.pl\/ligafutsalu2024\/wp-json\/wp\/v2\/pages\/8164\/revisions"}],"predecessor-version":[{"id":27029,"href":"https:\/\/lfsportevents.pl\/ligafutsalu2024\/wp-json\/wp\/v2\/pages\/8164\/revisions\/27029"}],"up":[{"embeddable":true,"href":"https:\/\/lfsportevents.pl\/ligafutsalu2024\/wp-json\/wp\/v2\/pages\/8132"}],"wp:attachment":[{"href":"https:\/\/lfsportevents.pl\/ligafutsalu2024\/wp-json\/wp\/v2\/media?parent=8164"}],"curies":[{"name":"wp","href":"https:\/\/api.w.org\/{rel}","templated":true}]}}