{"id":8156,"date":"2017-09-20T10:04:09","date_gmt":"2017-09-20T08:04:09","guid":{"rendered":"https:\/\/lfsportevents.pl\/ligafutsalu2024\/?page_id=8156"},"modified":"2025-02-22T00:00:46","modified_gmt":"2025-02-21T23:00:46","slug":"tabela","status":"publish","type":"page","link":"https:\/\/lfsportevents.pl\/ligafutsalu2024\/ekstraklasa\/tabela\/","title":{"rendered":"Tabela"},"content":{"rendered":"<div class=\"legenda\">\n<p>Legenda:<\/p>\n<div class=\"item\"><b>M<\/b> = Mecze Rozegrane<\/div>\n<div class=\"item\"><b> Pkt<\/b> = Punkty<\/div>\n<div class=\"item\"><b> Z<\/b> = Zwyci\u0119stwa<\/div>\n<div class=\"item\"><b> R<\/b> = Remisy<\/div>\n<div class=\"item\"><b> P<\/b> = Pora\u017cki<\/div>\n<div class=\"item\"><b> BZ<\/b> = Bramki zdobyte<\/div>\n<div class=\"item\"><b> BS<\/b> = Bramki stracone<\/div>\n<div class=\"item\"><b> +\/-<\/b> = R\u00f3\u017cnica bramek<\/div>\n<div class=\"item\"><span style=\"color: #00ccff;\"><strong>Miejsca 1-5<\/strong> (grupa mistrzowska)<\/span><\/div>\n<div class=\"item\"><span style=\"color: #ff99cc;\"><strong>Miejsca 6-10<\/strong> (grupa spadkowa)<\/span><\/div>\n<div class=\"item\"><span style=\"color: #b0769b;\"><strong>Miejsce 8<\/strong> (bara\u017c z 3 dru\u017cn\u0105 I Ligi, o pozostanie w Ekstraklasie)<\/span><\/div>\n<div class=\"item\"><span style=\"color: #ff0000;\"><strong>Miejsca 9-10<\/strong> (bezpo\u015bredni spadek do I Ligi)<\/span><\/div>\n<\/div>\n<h2><span style=\"color: #993300;\"><strong>TABELA 2 RUNDY Z PODZIA\u0141EM NA GRUPY<\/strong><\/span><\/h2>\n<p><div class=\"sportspress\"><div class=\"sp-template sp-template-league-table\">\n\t<h4 class=\"sp-table-caption\">Tabela Ekstraklasa &#8211; Grupa Mistrzowska<\/h4><div class=\"sp-table-wrapper\"><table class=\"sp-league-table sp-data-table sp-sortable-table sp-scrollable-table sp-paginated-table\" data-sp-rows=\"16\"><thead><tr><th class=\"data-rank\">Pozycja<\/th><th class=\"data-name\">Klub<\/th><th class=\"data-p\">M<\/th><th class=\"data-pts\">Pkt<\/th><th class=\"data-w\">Z<\/th><th class=\"data-d\">R<\/th><th class=\"data-l\">P<\/th><th class=\"data-f\">BZ<\/th><th class=\"data-a\">BS<\/th><th class=\"data-gd\">+\/-<\/th><\/tr><\/thead><tbody><tr class=\"odd sp-row-no-0\"><td class=\"data-rank\" data-label=\"Pozycja\">1<\/td><td class=\"data-name has-logo\" data-label=\"Klub\"><a href=\"https:\/\/lfsportevents.pl\/ligafutsalu2024\/team\/gold-team\/\"><span class=\"team-logo\"><img loading=\"lazy\" decoding=\"async\" width=\"128\" height=\"42\" src=\"https:\/\/lfsportevents.pl\/ligafutsalu2024\/wp-content\/uploads\/2016\/11\/Meble-Lorek-128x42.png\" class=\"attachment-sportspress-fit-icon size-sportspress-fit-icon wp-post-image\" alt=\"\" \/><\/span>Gold Team\/Meble Lorek<\/a><\/td><td class=\"data-p\" data-label=\"M\">13<\/td><td class=\"data-pts\" data-label=\"Pkt\">33<\/td><td class=\"data-w\" data-label=\"Z\">10<\/td><td class=\"data-d\" data-label=\"R\">3<\/td><td class=\"data-l\" data-label=\"P\">0<\/td><td class=\"data-f\" data-label=\"BZ\">66<\/td><td class=\"data-a\" data-label=\"BS\">26<\/td><td class=\"data-gd\" data-label=\"+\/-\">40<\/td><\/tr><tr class=\"even sp-row-no-1\"><td class=\"data-rank\" data-label=\"Pozycja\">2<\/td><td class=\"data-name has-logo\" data-label=\"Klub\"><a href=\"https:\/\/lfsportevents.pl\/ligafutsalu2024\/team\/mak-bud\/\"><span class=\"team-logo\"><img loading=\"lazy\" decoding=\"async\" width=\"128\" height=\"103\" src=\"https:\/\/lfsportevents.pl\/ligafutsalu2024\/wp-content\/uploads\/2022\/11\/Mak-Bud_nowe2-removebg-preview-128x103.png\" class=\"attachment-sportspress-fit-icon size-sportspress-fit-icon wp-post-image\" alt=\"\" \/><\/span>Mak-Bud<\/a><\/td><td class=\"data-p\" data-label=\"M\">13<\/td><td class=\"data-pts\" data-label=\"Pkt\">25<\/td><td class=\"data-w\" data-label=\"Z\">8<\/td><td class=\"data-d\" data-label=\"R\">1<\/td><td class=\"data-l\" data-label=\"P\">4<\/td><td class=\"data-f\" data-label=\"BZ\">59<\/td><td class=\"data-a\" data-label=\"BS\">37<\/td><td class=\"data-gd\" data-label=\"+\/-\">22<\/td><\/tr><tr class=\"odd sp-row-no-2\"><td class=\"data-rank\" data-label=\"Pozycja\">3<\/td><td class=\"data-name has-logo\" data-label=\"Klub\"><a href=\"https:\/\/lfsportevents.pl\/ligafutsalu2024\/team\/q-graf\/\"><span class=\"team-logo\"><img loading=\"lazy\" decoding=\"async\" width=\"128\" height=\"66\" src=\"https:\/\/lfsportevents.pl\/ligafutsalu2024\/wp-content\/uploads\/2016\/11\/Tylicz-Ski-1-128x66.png\" class=\"attachment-sportspress-fit-icon size-sportspress-fit-icon wp-post-image\" alt=\"\" \/><\/span>Tylicz.Ski<\/a><\/td><td class=\"data-p\" data-label=\"M\">13<\/td><td class=\"data-pts\" data-label=\"Pkt\">22<\/td><td class=\"data-w\" data-label=\"Z\">7<\/td><td class=\"data-d\" data-label=\"R\">1<\/td><td class=\"data-l\" data-label=\"P\">5<\/td><td class=\"data-f\" data-label=\"BZ\">54<\/td><td class=\"data-a\" data-label=\"BS\">50<\/td><td class=\"data-gd\" data-label=\"+\/-\">4<\/td><\/tr><tr class=\"even sp-row-no-3\"><td class=\"data-rank\" data-label=\"Pozycja\">4<\/td><td class=\"data-name has-logo\" data-label=\"Klub\"><a href=\"https:\/\/lfsportevents.pl\/ligafutsalu2024\/team\/kamex\/\"><span class=\"team-logo\"><img loading=\"lazy\" decoding=\"async\" width=\"128\" height=\"50\" src=\"https:\/\/lfsportevents.pl\/ligafutsalu2024\/wp-content\/uploads\/2016\/11\/logo-DW-Sylwia-128x50.png\" class=\"attachment-sportspress-fit-icon size-sportspress-fit-icon wp-post-image\" alt=\"\" \/><\/span>Dom Weselny Sylwia<\/a><\/td><td class=\"data-p\" data-label=\"M\">13<\/td><td class=\"data-pts\" data-label=\"Pkt\">20<\/td><td class=\"data-w\" data-label=\"Z\">6<\/td><td class=\"data-d\" data-label=\"R\">2<\/td><td class=\"data-l\" data-label=\"P\">5<\/td><td class=\"data-f\" data-label=\"BZ\">46<\/td><td class=\"data-a\" data-label=\"BS\">46<\/td><td class=\"data-gd\" data-label=\"+\/-\">0<\/td><\/tr><tr class=\"odd sp-row-no-4\"><td class=\"data-rank\" data-label=\"Pozycja\">5<\/td><td class=\"data-name has-logo\" data-label=\"Klub\"><a href=\"https:\/\/lfsportevents.pl\/ligafutsalu2024\/team\/trade\/\"><span class=\"team-logo\"><img loading=\"lazy\" decoding=\"async\" width=\"128\" height=\"81\" src=\"https:\/\/lfsportevents.pl\/ligafutsalu2024\/wp-content\/uploads\/2020\/10\/TRADE-logo-128x81.png\" class=\"attachment-sportspress-fit-icon size-sportspress-fit-icon wp-post-image\" alt=\"\" \/><\/span>Trade<\/a><\/td><td class=\"data-p\" data-label=\"M\">13<\/td><td class=\"data-pts\" data-label=\"Pkt\">17<\/td><td class=\"data-w\" data-label=\"Z\">5<\/td><td class=\"data-d\" data-label=\"R\">2<\/td><td class=\"data-l\" data-label=\"P\">6<\/td><td class=\"data-f\" data-label=\"BZ\">37<\/td><td class=\"data-a\" data-label=\"BS\">39<\/td><td class=\"data-gd\" data-label=\"+\/-\">-2<\/td><\/tr><\/tbody><\/table><\/div><\/div>\n<\/div><br \/>\n<a href=\"https:\/\/lfsportevents.pl\/ligafutsalu2024\/wp-content\/uploads\/2025\/02\/tabela_2D6877C0.png\"><img loading=\"lazy\" decoding=\"async\" class=\"alignnone wp-image-27915 size-full\" src=\"https:\/\/lfsportevents.pl\/ligafutsalu2024\/wp-content\/uploads\/2025\/02\/tabela_2D6877C0.png\" alt=\"\" width=\"851\" height=\"331\" srcset=\"https:\/\/lfsportevents.pl\/ligafutsalu2024\/wp-content\/uploads\/2025\/02\/tabela_2D6877C0.png 851w, https:\/\/lfsportevents.pl\/ligafutsalu2024\/wp-content\/uploads\/2025\/02\/tabela_2D6877C0-300x117.png 300w, https:\/\/lfsportevents.pl\/ligafutsalu2024\/wp-content\/uploads\/2025\/02\/tabela_2D6877C0-768x299.png 768w, https:\/\/lfsportevents.pl\/ligafutsalu2024\/wp-content\/uploads\/2025\/02\/tabela_2D6877C0-128x50.png 128w, https:\/\/lfsportevents.pl\/ligafutsalu2024\/wp-content\/uploads\/2025\/02\/tabela_2D6877C0-32x12.png 32w, https:\/\/lfsportevents.pl\/ligafutsalu2024\/wp-content\/uploads\/2025\/02\/tabela_2D6877C0-550x214.png 550w\" sizes=\"(max-width: 851px) 100vw, 851px\" \/><\/a><\/p>\n<p>DripShop &amp; Pakersi &#8211; 1 pkt w tabeli za walkower z dnia 30.01.2025<\/p>\n<p>DripShop &amp; Pakersi &#8211; 1 pkt w tabeli za walkower z dnia 13.02.2025<\/p>\n<h2><span style=\"color: #993300;\"><strong>TABELA PO 1 RUNDZIE<\/strong><\/span><\/h2>\n<p><a href=\"https:\/\/lfsportevents.pl\/ligafutsalu2024\/wp-content\/uploads\/2025\/01\/Ekstraklasa.png\"><img loading=\"lazy\" decoding=\"async\" class=\"alignnone wp-image-27619 size-full\" src=\"https:\/\/lfsportevents.pl\/ligafutsalu2024\/wp-content\/uploads\/2025\/01\/Ekstraklasa.png\" alt=\"\" width=\"1067\" height=\"714\" srcset=\"https:\/\/lfsportevents.pl\/ligafutsalu2024\/wp-content\/uploads\/2025\/01\/Ekstraklasa.png 1067w, https:\/\/lfsportevents.pl\/ligafutsalu2024\/wp-content\/uploads\/2025\/01\/Ekstraklasa-300x201.png 300w, https:\/\/lfsportevents.pl\/ligafutsalu2024\/wp-content\/uploads\/2025\/01\/Ekstraklasa-1024x685.png 1024w, https:\/\/lfsportevents.pl\/ligafutsalu2024\/wp-content\/uploads\/2025\/01\/Ekstraklasa-768x514.png 768w, https:\/\/lfsportevents.pl\/ligafutsalu2024\/wp-content\/uploads\/2025\/01\/Ekstraklasa-128x86.png 128w, https:\/\/lfsportevents.pl\/ligafutsalu2024\/wp-content\/uploads\/2025\/01\/Ekstraklasa-32x21.png 32w, https:\/\/lfsportevents.pl\/ligafutsalu2024\/wp-content\/uploads\/2025\/01\/Ekstraklasa-550x368.png 550w\" sizes=\"(max-width: 1067px) 100vw, 1067px\" \/><\/a><\/p>\n","protected":false},"excerpt":{"rendered":"<p>Legenda: M = Mecze Rozegrane Pkt = Punkty Z = Zwyci\u0119stwa R = Remisy P = Pora\u017cki BZ = Bramki zdobyte BS = Bramki stracone +\/- = R\u00f3\u017cnica bramek Miejsca 1-5 (grupa mistrzowska) Miejsca 6-10 (grupa spadkowa) Miejsce 8 (bara\u017c z 3 dru\u017cn\u0105 I Ligi, o pozostanie w Ekstraklasie) Miejsca 9-10 (bezpo\u015bredni spadek do I [&hellip;]<\/p>\n","protected":false},"author":1,"featured_media":0,"parent":8132,"menu_order":0,"comment_status":"closed","ping_status":"closed","template":"","meta":{"footnotes":""},"_links":{"self":[{"href":"https:\/\/lfsportevents.pl\/ligafutsalu2024\/wp-json\/wp\/v2\/pages\/8156"}],"collection":[{"href":"https:\/\/lfsportevents.pl\/ligafutsalu2024\/wp-json\/wp\/v2\/pages"}],"about":[{"href":"https:\/\/lfsportevents.pl\/ligafutsalu2024\/wp-json\/wp\/v2\/types\/page"}],"author":[{"embeddable":true,"href":"https:\/\/lfsportevents.pl\/ligafutsalu2024\/wp-json\/wp\/v2\/users\/1"}],"replies":[{"embeddable":true,"href":"https:\/\/lfsportevents.pl\/ligafutsalu2024\/wp-json\/wp\/v2\/comments?post=8156"}],"version-history":[{"count":3,"href":"https:\/\/lfsportevents.pl\/ligafutsalu2024\/wp-json\/wp\/v2\/pages\/8156\/revisions"}],"predecessor-version":[{"id":27936,"href":"https:\/\/lfsportevents.pl\/ligafutsalu2024\/wp-json\/wp\/v2\/pages\/8156\/revisions\/27936"}],"up":[{"embeddable":true,"href":"https:\/\/lfsportevents.pl\/ligafutsalu2024\/wp-json\/wp\/v2\/pages\/8132"}],"wp:attachment":[{"href":"https:\/\/lfsportevents.pl\/ligafutsalu2024\/wp-json\/wp\/v2\/media?parent=8156"}],"curies":[{"name":"wp","href":"https:\/\/api.w.org\/{rel}","templated":true}]}}