{"id":19508,"date":"2020-11-06T10:35:16","date_gmt":"2020-11-06T09:35:16","guid":{"rendered":"https:\/\/lfsportevents.pl\/ligafutsalu2024\/?page_id=19508"},"modified":"2025-10-10T10:24:05","modified_gmt":"2025-10-10T08:24:05","slug":"zloty-but","status":"publish","type":"page","link":"https:\/\/lfsportevents.pl\/ligafutsalu2024\/zloty-but\/","title":{"rendered":"Z\u0142oty But"},"content":{"rendered":"<h4 class=\"sp-table-caption\">NAJLEPSI W KLASYFIKACJI Z\u0141OTEGO BUTA<\/h4>\n<table width=\"522\">\n<tbody>\n<tr>\n<td width=\"59\"><strong>Sezon<\/strong><\/td>\n<td width=\"170\"><b>Imi\u0119 i Nazwisko<\/b><\/td>\n<td width=\"209\"><strong>Klub<\/strong><\/td>\n<td width=\"84\"><strong>Ilo\u015b\u0107 punkt\u00f3w<br \/>\n<\/strong><\/td>\n<\/tr>\n<tr>\n<td width=\"59\"><strong>2024\/25<\/strong><\/td>\n<td style=\"text-align: left;\" width=\"170\"><span style=\"color: #993300;\"><a href=\"https:\/\/lfsportevents.pl\/ligafutsalu2024\/wp-content\/uploads\/2001\/09\/Lukasz-Krol.jpg\"><img loading=\"lazy\" decoding=\"async\" class=\"wp-image-27243 alignleft\" src=\"https:\/\/lfsportevents.pl\/ligafutsalu2024\/wp-content\/uploads\/2001\/09\/Lukasz-Krol.jpg\" alt=\"\" width=\"25\" height=\"33\" srcset=\"https:\/\/lfsportevents.pl\/ligafutsalu2024\/wp-content\/uploads\/2001\/09\/Lukasz-Krol.jpg 225w, https:\/\/lfsportevents.pl\/ligafutsalu2024\/wp-content\/uploads\/2001\/09\/Lukasz-Krol-96x128.jpg 96w, https:\/\/lfsportevents.pl\/ligafutsalu2024\/wp-content\/uploads\/2001\/09\/Lukasz-Krol-24x32.jpg 24w\" sizes=\"(max-width: 25px) 100vw, 25px\" \/><\/a>\u0141ukasz Kr\u00f3l<\/span><\/td>\n<td style=\"text-align: center;\" width=\"209\">Auto Spa Greenpowerns<\/td>\n<td style=\"text-align: center;\" width=\"84\">57,0<\/td>\n<\/tr>\n<tr>\n<td width=\"59\"><strong>2023\/24<\/strong><\/td>\n<td style=\"text-align: left;\" width=\"170\"><a href=\"https:\/\/lfsportevents.pl\/ligafutsalu2024\/wp-content\/uploads\/1988\/07\/Marcin-Bugajski.jpg\"><img loading=\"lazy\" decoding=\"async\" class=\"wp-image-25593 alignleft\" src=\"https:\/\/lfsportevents.pl\/ligafutsalu2024\/wp-content\/uploads\/1988\/07\/Marcin-Bugajski.jpg\" alt=\"\" width=\"25\" height=\"33\" srcset=\"https:\/\/lfsportevents.pl\/ligafutsalu2024\/wp-content\/uploads\/1988\/07\/Marcin-Bugajski.jpg 225w, https:\/\/lfsportevents.pl\/ligafutsalu2024\/wp-content\/uploads\/1988\/07\/Marcin-Bugajski-96x128.jpg 96w, https:\/\/lfsportevents.pl\/ligafutsalu2024\/wp-content\/uploads\/1988\/07\/Marcin-Bugajski-24x32.jpg 24w\" sizes=\"(max-width: 25px) 100vw, 25px\" \/><\/a><span style=\"color: #993300;\">Marcin Bugajski<\/span><\/td>\n<td style=\"text-align: center;\" width=\"209\">Essa Decore<\/td>\n<td style=\"text-align: center;\" width=\"84\">54,0<\/td>\n<\/tr>\n<tr>\n<td width=\"59\"><strong>2022\/23<\/strong><\/td>\n<td style=\"text-align: left;\" width=\"170\"><img loading=\"lazy\" decoding=\"async\" class=\"wp-image-23576 alignleft\" src=\"https:\/\/lfsportevents.pl\/ligafutsalu2024\/wp-content\/uploads\/2003\/10\/Przemyslaw-Kumor.jpg\" alt=\"\" width=\"25\" height=\"33\" srcset=\"https:\/\/lfsportevents.pl\/ligafutsalu2024\/wp-content\/uploads\/2003\/10\/Przemyslaw-Kumor.jpg 225w, https:\/\/lfsportevents.pl\/ligafutsalu2024\/wp-content\/uploads\/2003\/10\/Przemyslaw-Kumor-96x128.jpg 96w, https:\/\/lfsportevents.pl\/ligafutsalu2024\/wp-content\/uploads\/2003\/10\/Przemyslaw-Kumor-24x32.jpg 24w\" sizes=\"(max-width: 25px) 100vw, 25px\" \/><span style=\"color: #993300;\">Przemys\u0142aw Kumor<\/span><\/td>\n<td style=\"text-align: center;\" width=\"209\">Gold Team\/Meble Lorek<\/td>\n<td style=\"text-align: center;\" width=\"84\">60,0<\/td>\n<\/tr>\n<tr>\n<td width=\"59\"><strong>2021\/22<\/strong><\/td>\n<td style=\"text-align: left;\" width=\"170\"><img loading=\"lazy\" decoding=\"async\" class=\"wp-image-23333 alignleft\" src=\"https:\/\/lfsportevents.pl\/ligafutsalu2024\/wp-content\/uploads\/2022\/11\/Szymon-Pogwizd-.jpg\" alt=\"\" width=\"25\" height=\"33\" srcset=\"https:\/\/lfsportevents.pl\/ligafutsalu2024\/wp-content\/uploads\/2022\/11\/Szymon-Pogwizd-.jpg 225w, https:\/\/lfsportevents.pl\/ligafutsalu2024\/wp-content\/uploads\/2022\/11\/Szymon-Pogwizd--96x128.jpg 96w, https:\/\/lfsportevents.pl\/ligafutsalu2024\/wp-content\/uploads\/2022\/11\/Szymon-Pogwizd--24x32.jpg 24w\" sizes=\"(max-width: 25px) 100vw, 25px\" \/><span style=\"color: #993300;\">Szymon Pogwizd<\/span><\/td>\n<td width=\"209\">Your House<\/td>\n<td width=\"84\">63,7<\/td>\n<\/tr>\n<tr>\n<td width=\"59\"><strong>2020\/21<\/strong><\/td>\n<td style=\"text-align: left;\" width=\"170\"><img loading=\"lazy\" decoding=\"async\" class=\"attachment-sportspress-fit-medium wp-post-image alignleft\" src=\"https:\/\/lfsportevents.pl\/ligaorlika\/wp-content\/uploads\/1984\/06\/Kamil-Kuziel.jpg\" sizes=\"(max-width: 225px) 100vw, 225px\" srcset=\"https:\/\/lfsportevents.pl\/ligaorlika\/wp-content\/uploads\/1984\/06\/Kamil-Kuziel.jpg 225w, https:\/\/lfsportevents.pl\/ligaorlika\/wp-content\/uploads\/1984\/06\/Kamil-Kuziel-96x128.jpg 96w, https:\/\/lfsportevents.pl\/ligaorlika\/wp-content\/uploads\/1984\/06\/Kamil-Kuziel-24x32.jpg 24w\" alt=\"\" width=\"25\" height=\"33\" \/><span style=\"color: #993300;\">Kamil Kuziel<\/span><\/td>\n<td width=\"209\">Olimp Team<\/td>\n<td width=\"84\">49,4<\/td>\n<\/tr>\n<\/tbody>\n<\/table>\n","protected":false},"excerpt":{"rendered":"<p>NAJLEPSI W KLASYFIKACJI Z\u0141OTEGO BUTA Sezon Imi\u0119 i Nazwisko Klub Ilo\u015b\u0107 punkt\u00f3w 2024\/25 \u0141ukasz Kr\u00f3l Auto Spa Greenpowerns 57,0 2023\/24 Marcin Bugajski Essa Decore 54,0 2022\/23 Przemys\u0142aw Kumor Gold Team\/Meble Lorek 60,0 2021\/22 Szymon Pogwizd Your House 63,7 2020\/21 Kamil Kuziel Olimp Team 49,4<\/p>\n","protected":false},"author":1,"featured_media":0,"parent":0,"menu_order":0,"comment_status":"closed","ping_status":"closed","template":"","meta":{"footnotes":""},"_links":{"self":[{"href":"https:\/\/lfsportevents.pl\/ligafutsalu2024\/wp-json\/wp\/v2\/pages\/19508"}],"collection":[{"href":"https:\/\/lfsportevents.pl\/ligafutsalu2024\/wp-json\/wp\/v2\/pages"}],"about":[{"href":"https:\/\/lfsportevents.pl\/ligafutsalu2024\/wp-json\/wp\/v2\/types\/page"}],"author":[{"embeddable":true,"href":"https:\/\/lfsportevents.pl\/ligafutsalu2024\/wp-json\/wp\/v2\/users\/1"}],"replies":[{"embeddable":true,"href":"https:\/\/lfsportevents.pl\/ligafutsalu2024\/wp-json\/wp\/v2\/comments?post=19508"}],"version-history":[{"count":2,"href":"https:\/\/lfsportevents.pl\/ligafutsalu2024\/wp-json\/wp\/v2\/pages\/19508\/revisions"}],"predecessor-version":[{"id":28053,"href":"https:\/\/lfsportevents.pl\/ligafutsalu2024\/wp-json\/wp\/v2\/pages\/19508\/revisions\/28053"}],"wp:attachment":[{"href":"https:\/\/lfsportevents.pl\/ligafutsalu2024\/wp-json\/wp\/v2\/media?parent=19508"}],"curies":[{"name":"wp","href":"https:\/\/api.w.org\/{rel}","templated":true}]}}