{"id":13740,"date":"2018-09-20T09:52:34","date_gmt":"2018-09-20T07:52:34","guid":{"rendered":"https:\/\/lfsportevents.pl\/ligafutsalu2024\/puchar-ligi\/kary-copy\/"},"modified":"2024-11-08T11:00:38","modified_gmt":"2024-11-08T10:00:38","slug":"grupy","status":"publish","type":"page","link":"https:\/\/lfsportevents.pl\/ligafutsalu2024\/puchar-ligi\/grupy\/","title":{"rendered":"Grupy"},"content":{"rendered":"<div class=\"legenda\">\n<p>Legenda:<\/p>\n<div class=\"item\"><span style=\"color: #993300;\"><b>M<\/b><\/span> = Mecze Rozegrane<\/div>\n<div class=\"item\"><span style=\"color: #993300;\"><b> Pkt<\/b><\/span> = Punkty<\/div>\n<div class=\"item\"><span style=\"color: #993300;\"><b> Z<\/b><\/span> = Zwyci\u0119stwa<\/div>\n<div class=\"item\"><span style=\"color: #993300;\"><b> R<\/b><\/span> = Remisy<\/div>\n<div class=\"item\"><span style=\"color: #993300;\"><b> P<\/b><\/span> = Pora\u017cki<\/div>\n<div class=\"item\"><span style=\"color: #993300;\"><b> BZ<\/b><\/span> = Bramki zdobyte<\/div>\n<div class=\"item\"><span style=\"color: #993300;\"><b> BS<\/b><\/span> = Bramki stracone<\/div>\n<div class=\"item\"><span style=\"color: #993300;\"><b> +\/-<\/b> <\/span>= R\u00f3\u017cnica bramek<\/div>\n<div class=\"item\"><span style=\"color: #2abd69;\"><strong>Miejsce 1<\/strong>\u00a0(bezpo\u015bredni awans do 4 Rundy &#8211; \u0107wier\u0107fina\u0142y)<\/span><\/div>\n<div class=\"item\"><span style=\"color: #5de887;\"><strong>Miejsce 2<\/strong> (trzy dru\u017cyny z najlepszym bilansem z miejsca 2 uzyskaj\u0105 awans do 4 Rundy &#8211; \u0107wier\u0107fina\u0142y)<\/span><\/div>\n<\/div>\n<div class=\"x11i5rnm xat24cr x1mh8g0r x1vvkbs xtlvy1s x126k92a\">\n<div dir=\"auto\"><\/div>\n<div dir=\"auto\"><div class=\"sportspress\"><div class=\"sp-template sp-template-league-table\">\n\t<h4 class=\"sp-table-caption\">Puchar Ligi Futsalu &#8211; Gr. A<\/h4><div class=\"sp-table-wrapper\"><table class=\"sp-league-table sp-data-table sp-sortable-table sp-scrollable-table sp-paginated-table\" data-sp-rows=\"16\"><thead><tr><th class=\"data-rank\">Pozycja<\/th><th class=\"data-name\">Klub<\/th><th class=\"data-p\">M<\/th><th class=\"data-pts\">Pkt<\/th><th class=\"data-w\">Z<\/th><th class=\"data-d\">R<\/th><th class=\"data-l\">P<\/th><th class=\"data-f\">BZ<\/th><th class=\"data-a\">BS<\/th><th class=\"data-gd\">+\/-<\/th><\/tr><\/thead><tbody><tr class=\"odd sp-row-no-0\"><td class=\"data-rank\" data-label=\"Pozycja\">1<\/td><td class=\"data-name has-logo\" data-label=\"Klub\"><a href=\"https:\/\/lfsportevents.pl\/ligafutsalu2024\/team\/sebbet-kostka-brukowa\/\"><span class=\"team-logo\"><img loading=\"lazy\" decoding=\"async\" width=\"112\" height=\"128\" src=\"https:\/\/lfsportevents.pl\/ligafutsalu2024\/wp-content\/uploads\/2019\/11\/Drip-Shop-112x128.png\" class=\"attachment-sportspress-fit-icon size-sportspress-fit-icon wp-post-image\" alt=\"\" \/><\/span>DripShop &#038; Pakersi<\/a><\/td><td class=\"data-p\" data-label=\"M\">4<\/td><td class=\"data-pts\" data-label=\"Pkt\">7<\/td><td class=\"data-w\" data-label=\"Z\">2<\/td><td class=\"data-d\" data-label=\"R\">1<\/td><td class=\"data-l\" data-label=\"P\">1<\/td><td class=\"data-f\" data-label=\"BZ\">13<\/td><td class=\"data-a\" data-label=\"BS\">12<\/td><td class=\"data-gd\" data-label=\"+\/-\">1<\/td><\/tr><tr class=\"even sp-row-no-1\"><td class=\"data-rank\" data-label=\"Pozycja\">2<\/td><td class=\"data-name has-logo\" data-label=\"Klub\"><a href=\"https:\/\/lfsportevents.pl\/ligafutsalu2024\/team\/trade\/\"><span class=\"team-logo\"><img loading=\"lazy\" decoding=\"async\" width=\"128\" height=\"81\" src=\"https:\/\/lfsportevents.pl\/ligafutsalu2024\/wp-content\/uploads\/2020\/10\/TRADE-logo-128x81.png\" class=\"attachment-sportspress-fit-icon size-sportspress-fit-icon wp-post-image\" alt=\"\" \/><\/span>Trade<\/a><\/td><td class=\"data-p\" data-label=\"M\">3<\/td><td class=\"data-pts\" data-label=\"Pkt\">5<\/td><td class=\"data-w\" data-label=\"Z\">1<\/td><td class=\"data-d\" data-label=\"R\">2<\/td><td class=\"data-l\" data-label=\"P\">0<\/td><td class=\"data-f\" data-label=\"BZ\">13<\/td><td class=\"data-a\" data-label=\"BS\">6<\/td><td class=\"data-gd\" data-label=\"+\/-\">7<\/td><\/tr><tr class=\"odd sp-row-no-2\"><td class=\"data-rank\" data-label=\"Pozycja\">3<\/td><td class=\"data-name has-logo\" data-label=\"Klub\"><a href=\"https:\/\/lfsportevents.pl\/ligafutsalu2024\/team\/galacticos-team\/\"><span class=\"team-logo\"><img loading=\"lazy\" decoding=\"async\" width=\"128\" height=\"128\" src=\"https:\/\/lfsportevents.pl\/ligafutsalu2024\/wp-content\/uploads\/2023\/10\/Galacticos-Team-128x128.png\" class=\"attachment-sportspress-fit-icon size-sportspress-fit-icon wp-post-image\" alt=\"\" \/><\/span>Galacticos Team<\/a><\/td><td class=\"data-p\" data-label=\"M\">3<\/td><td class=\"data-pts\" data-label=\"Pkt\">4<\/td><td class=\"data-w\" data-label=\"Z\">1<\/td><td class=\"data-d\" data-label=\"R\">1<\/td><td class=\"data-l\" data-label=\"P\">1<\/td><td class=\"data-f\" data-label=\"BZ\">12<\/td><td class=\"data-a\" data-label=\"BS\">6<\/td><td class=\"data-gd\" data-label=\"+\/-\">6<\/td><\/tr><tr class=\"even sp-row-no-3\"><td class=\"data-rank\" data-label=\"Pozycja\">4<\/td><td class=\"data-name has-logo\" data-label=\"Klub\"><a href=\"https:\/\/lfsportevents.pl\/ligafutsalu2024\/team\/protel\/\"><span class=\"team-logo\"><img loading=\"lazy\" decoding=\"async\" width=\"128\" height=\"49\" src=\"https:\/\/lfsportevents.pl\/ligafutsalu2024\/wp-content\/uploads\/2023\/10\/Protel-128x49.png\" class=\"attachment-sportspress-fit-icon size-sportspress-fit-icon wp-post-image\" alt=\"\" \/><\/span>Protel<\/a><\/td><td class=\"data-p\" data-label=\"M\">3<\/td><td class=\"data-pts\" data-label=\"Pkt\">0<\/td><td class=\"data-w\" data-label=\"Z\">0<\/td><td class=\"data-d\" data-label=\"R\">0<\/td><td class=\"data-l\" data-label=\"P\">3<\/td><td class=\"data-f\" data-label=\"BZ\">4<\/td><td class=\"data-a\" data-label=\"BS\">23<\/td><td class=\"data-gd\" data-label=\"+\/-\">-19<\/td><\/tr><\/tbody><\/table><\/div><\/div>\n<\/div> <strong><span style=\"color: #ff0000;\">AWANS:<\/span><\/strong> <strong><span style=\"color: #993300;\">DripShop &amp; Pakersi<\/span><\/strong><\/div>\n<div dir=\"auto\"><div class=\"sportspress\"><div class=\"sp-template sp-template-league-table\">\n\t<h4 class=\"sp-table-caption\">Puchar Ligi Futsalu \u2013 Gr. B<\/h4><div class=\"sp-table-wrapper\"><table class=\"sp-league-table sp-data-table sp-sortable-table sp-scrollable-table sp-paginated-table\" data-sp-rows=\"16\"><thead><tr><th class=\"data-rank\">Pozycja<\/th><th class=\"data-name\">Klub<\/th><th class=\"data-p\">M<\/th><th class=\"data-pts\">Pkt<\/th><th class=\"data-w\">Z<\/th><th class=\"data-d\">R<\/th><th class=\"data-l\">P<\/th><th class=\"data-f\">BZ<\/th><th class=\"data-a\">BS<\/th><th class=\"data-gd\">+\/-<\/th><\/tr><\/thead><tbody><tr class=\"odd sp-row-no-0\"><td class=\"data-rank\" data-label=\"Pozycja\">1<\/td><td class=\"data-name has-logo\" data-label=\"Klub\"><a href=\"https:\/\/lfsportevents.pl\/ligafutsalu2024\/team\/gold-team\/\"><span class=\"team-logo\"><img loading=\"lazy\" decoding=\"async\" width=\"128\" height=\"42\" src=\"https:\/\/lfsportevents.pl\/ligafutsalu2024\/wp-content\/uploads\/2016\/11\/Meble-Lorek-128x42.png\" class=\"attachment-sportspress-fit-icon size-sportspress-fit-icon wp-post-image\" alt=\"\" \/><\/span>Gold Team\/Meble Lorek<\/a><\/td><td class=\"data-p\" data-label=\"M\">5<\/td><td class=\"data-pts\" data-label=\"Pkt\">9<\/td><td class=\"data-w\" data-label=\"Z\">3<\/td><td class=\"data-d\" data-label=\"R\">0<\/td><td class=\"data-l\" data-label=\"P\">2<\/td><td class=\"data-f\" data-label=\"BZ\">32<\/td><td class=\"data-a\" data-label=\"BS\">14<\/td><td class=\"data-gd\" data-label=\"+\/-\">18<\/td><\/tr><tr class=\"even sp-row-no-1\"><td class=\"data-rank\" data-label=\"Pozycja\">2<\/td><td class=\"data-name has-logo\" data-label=\"Klub\"><a href=\"https:\/\/lfsportevents.pl\/ligafutsalu2024\/team\/prestige-house\/\"><span class=\"team-logo\"><img loading=\"lazy\" decoding=\"async\" width=\"128\" height=\"128\" src=\"https:\/\/lfsportevents.pl\/ligafutsalu2024\/wp-content\/uploads\/2022\/11\/Prestige-House-128x128.jpg\" class=\"attachment-sportspress-fit-icon size-sportspress-fit-icon wp-post-image\" alt=\"\" \/><\/span>Prestige House<\/a><\/td><td class=\"data-p\" data-label=\"M\">4<\/td><td class=\"data-pts\" data-label=\"Pkt\">9<\/td><td class=\"data-w\" data-label=\"Z\">3<\/td><td class=\"data-d\" data-label=\"R\">0<\/td><td class=\"data-l\" data-label=\"P\">1<\/td><td class=\"data-f\" data-label=\"BZ\">22<\/td><td class=\"data-a\" data-label=\"BS\">12<\/td><td class=\"data-gd\" data-label=\"+\/-\">10<\/td><\/tr><tr class=\"odd sp-row-no-2\"><td class=\"data-rank\" data-label=\"Pozycja\">3<\/td><td class=\"data-name has-logo\" data-label=\"Klub\"><a href=\"https:\/\/lfsportevents.pl\/ligafutsalu2024\/team\/mariposa-med-spa\/\"><span class=\"team-logo\"><img loading=\"lazy\" decoding=\"async\" width=\"128\" height=\"114\" src=\"https:\/\/lfsportevents.pl\/ligafutsalu2024\/wp-content\/uploads\/2019\/11\/Mariposa-Med-Spa-128x114.png\" class=\"attachment-sportspress-fit-icon size-sportspress-fit-icon wp-post-image\" alt=\"\" \/><\/span>Mariposa Med-Spa<\/a><\/td><td class=\"data-p\" data-label=\"M\">3<\/td><td class=\"data-pts\" data-label=\"Pkt\">3<\/td><td class=\"data-w\" data-label=\"Z\">1<\/td><td class=\"data-d\" data-label=\"R\">0<\/td><td class=\"data-l\" data-label=\"P\">2<\/td><td class=\"data-f\" data-label=\"BZ\">8<\/td><td class=\"data-a\" data-label=\"BS\">17<\/td><td class=\"data-gd\" data-label=\"+\/-\">-9<\/td><\/tr><tr class=\"even sp-row-no-3\"><td class=\"data-rank\" data-label=\"Pozycja\">4<\/td><td class=\"data-name has-logo\" data-label=\"Klub\"><a href=\"https:\/\/lfsportevents.pl\/ligafutsalu2024\/team\/stal-bud-nawojowa\/\"><span class=\"team-logo\"><img loading=\"lazy\" decoding=\"async\" width=\"128\" height=\"72\" src=\"https:\/\/lfsportevents.pl\/ligafutsalu2024\/wp-content\/uploads\/2018\/11\/Stal-Bud-128x72.png\" class=\"attachment-sportspress-fit-icon size-sportspress-fit-icon wp-post-image\" alt=\"\" \/><\/span>Stal-Bud Nawojowa<\/a><\/td><td class=\"data-p\" data-label=\"M\">3<\/td><td class=\"data-pts\" data-label=\"Pkt\">0<\/td><td class=\"data-w\" data-label=\"Z\">0<\/td><td class=\"data-d\" data-label=\"R\">0<\/td><td class=\"data-l\" data-label=\"P\">3<\/td><td class=\"data-f\" data-label=\"BZ\">4<\/td><td class=\"data-a\" data-label=\"BS\">21<\/td><td class=\"data-gd\" data-label=\"+\/-\">-17<\/td><\/tr><\/tbody><\/table><\/div><\/div>\n<\/div> <strong><span style=\"color: #ff0000;\">AWANS:\u00a0<span style=\"color: #993300;\">Prestige House, Gold Team\/Meble Lorek<\/span><\/span><\/strong><\/div>\n<div dir=\"auto\"><div class=\"sportspress\"><div class=\"sp-template sp-template-league-table\">\n\t<h4 class=\"sp-table-caption\">Puchar Ligi Futsalu \u2013 Gr. C<\/h4><div class=\"sp-table-wrapper\"><table class=\"sp-league-table sp-data-table sp-sortable-table sp-scrollable-table sp-paginated-table\" data-sp-rows=\"16\"><thead><tr><th class=\"data-rank\">Pozycja<\/th><th class=\"data-name\">Klub<\/th><th class=\"data-p\">M<\/th><th class=\"data-pts\">Pkt<\/th><th class=\"data-w\">Z<\/th><th class=\"data-d\">R<\/th><th class=\"data-l\">P<\/th><th class=\"data-f\">BZ<\/th><th class=\"data-a\">BS<\/th><th class=\"data-gd\">+\/-<\/th><\/tr><\/thead><tbody><tr class=\"odd sp-row-no-0\"><td class=\"data-rank\" data-label=\"Pozycja\">1<\/td><td class=\"data-name has-logo\" data-label=\"Klub\"><a href=\"https:\/\/lfsportevents.pl\/ligafutsalu2024\/team\/mak-bud\/\"><span class=\"team-logo\"><img loading=\"lazy\" decoding=\"async\" width=\"128\" height=\"103\" src=\"https:\/\/lfsportevents.pl\/ligafutsalu2024\/wp-content\/uploads\/2022\/11\/Mak-Bud_nowe2-removebg-preview-128x103.png\" class=\"attachment-sportspress-fit-icon size-sportspress-fit-icon wp-post-image\" alt=\"\" \/><\/span>Mak-Bud<\/a><\/td><td class=\"data-p\" data-label=\"M\">6<\/td><td class=\"data-pts\" data-label=\"Pkt\">16<\/td><td class=\"data-w\" data-label=\"Z\">5<\/td><td class=\"data-d\" data-label=\"R\">1<\/td><td class=\"data-l\" data-label=\"P\">0<\/td><td class=\"data-f\" data-label=\"BZ\">34<\/td><td class=\"data-a\" data-label=\"BS\">12<\/td><td class=\"data-gd\" data-label=\"+\/-\">22<\/td><\/tr><tr class=\"even sp-row-no-1\"><td class=\"data-rank\" data-label=\"Pozycja\">2<\/td><td class=\"data-name has-logo\" data-label=\"Klub\"><a href=\"https:\/\/lfsportevents.pl\/ligafutsalu2024\/team\/bastek-niskowa\/\"><span class=\"team-logo\"><img loading=\"lazy\" decoding=\"async\" width=\"128\" height=\"34\" src=\"https:\/\/lfsportevents.pl\/ligafutsalu2024\/wp-content\/uploads\/2019\/11\/Bastek-Garnitury-128x34.png\" class=\"attachment-sportspress-fit-icon size-sportspress-fit-icon wp-post-image\" alt=\"\" \/><\/span>Bastek Garnitury<\/a><\/td><td class=\"data-p\" data-label=\"M\">3<\/td><td class=\"data-pts\" data-label=\"Pkt\">6<\/td><td class=\"data-w\" data-label=\"Z\">2<\/td><td class=\"data-d\" data-label=\"R\">0<\/td><td class=\"data-l\" data-label=\"P\">1<\/td><td class=\"data-f\" data-label=\"BZ\">10<\/td><td class=\"data-a\" data-label=\"BS\">8<\/td><td class=\"data-gd\" data-label=\"+\/-\">2<\/td><\/tr><tr class=\"odd sp-row-no-2\"><td class=\"data-rank\" data-label=\"Pozycja\">3<\/td><td class=\"data-name has-logo\" data-label=\"Klub\"><a href=\"https:\/\/lfsportevents.pl\/ligafutsalu2024\/team\/baz-pal\/\"><span class=\"team-logo\"><img loading=\"lazy\" decoding=\"async\" width=\"128\" height=\"40\" src=\"https:\/\/lfsportevents.pl\/ligafutsalu2024\/wp-content\/uploads\/2016\/11\/Baz-Pal-128x40.png\" class=\"attachment-sportspress-fit-icon size-sportspress-fit-icon wp-post-image\" alt=\"\" \/><\/span>Baz Pal<\/a><\/td><td class=\"data-p\" data-label=\"M\">3<\/td><td class=\"data-pts\" data-label=\"Pkt\">3<\/td><td class=\"data-w\" data-label=\"Z\">1<\/td><td class=\"data-d\" data-label=\"R\">0<\/td><td class=\"data-l\" data-label=\"P\">2<\/td><td class=\"data-f\" data-label=\"BZ\">16<\/td><td class=\"data-a\" data-label=\"BS\">13<\/td><td class=\"data-gd\" data-label=\"+\/-\">3<\/td><\/tr><tr class=\"even sp-row-no-3\"><td class=\"data-rank\" data-label=\"Pozycja\">4<\/td><td class=\"data-name has-logo\" data-label=\"Klub\"><a href=\"https:\/\/lfsportevents.pl\/ligafutsalu2024\/team\/pabud\/\"><span class=\"team-logo\"><img loading=\"lazy\" decoding=\"async\" width=\"128\" height=\"90\" src=\"https:\/\/lfsportevents.pl\/ligafutsalu2024\/wp-content\/uploads\/2020\/10\/Pabud-128x90.png\" class=\"attachment-sportspress-fit-icon size-sportspress-fit-icon wp-post-image\" alt=\"\" \/><\/span>Pabud<\/a><\/td><td class=\"data-p\" data-label=\"M\">3<\/td><td class=\"data-pts\" data-label=\"Pkt\">0<\/td><td class=\"data-w\" data-label=\"Z\">0<\/td><td class=\"data-d\" data-label=\"R\">0<\/td><td class=\"data-l\" data-label=\"P\">3<\/td><td class=\"data-f\" data-label=\"BZ\">3<\/td><td class=\"data-a\" data-label=\"BS\">24<\/td><td class=\"data-gd\" data-label=\"+\/-\">-21<\/td><\/tr><\/tbody><\/table><\/div><\/div>\n<\/div> <strong><span style=\"color: #ff0000;\">AWANS:\u00a0<span style=\"color: #993300;\">Mak-Bud<\/span><\/span><\/strong><\/div>\n<div dir=\"auto\"><div class=\"sportspress\"><div class=\"sp-template sp-template-league-table\">\n\t<h4 class=\"sp-table-caption\">Puchar Ligi Futsalu \u2013 Gr. D<\/h4><div class=\"sp-table-wrapper\"><table class=\"sp-league-table sp-data-table sp-sortable-table sp-scrollable-table sp-paginated-table\" data-sp-rows=\"16\"><thead><tr><th class=\"data-rank\">Pozycja<\/th><th class=\"data-name\">Klub<\/th><th class=\"data-p\">M<\/th><th class=\"data-pts\">Pkt<\/th><th class=\"data-w\">Z<\/th><th class=\"data-d\">R<\/th><th class=\"data-l\">P<\/th><th class=\"data-f\">BZ<\/th><th class=\"data-a\">BS<\/th><th class=\"data-gd\">+\/-<\/th><\/tr><\/thead><tbody><tr class=\"odd sp-row-no-0\"><td class=\"data-rank\" data-label=\"Pozycja\">1<\/td><td class=\"data-name has-logo\" data-label=\"Klub\"><a href=\"https:\/\/lfsportevents.pl\/ligafutsalu2024\/team\/greenpowerns\/\"><span class=\"team-logo\"><img loading=\"lazy\" decoding=\"async\" width=\"128\" height=\"78\" src=\"https:\/\/lfsportevents.pl\/ligafutsalu2024\/wp-content\/uploads\/2018\/11\/Greenpoerns-128x78.png\" class=\"attachment-sportspress-fit-icon size-sportspress-fit-icon wp-post-image\" alt=\"\" \/><\/span>Auto Spa Greenpowerns<\/a><\/td><td class=\"data-p\" data-label=\"M\">5<\/td><td class=\"data-pts\" data-label=\"Pkt\">12<\/td><td class=\"data-w\" data-label=\"Z\">4<\/td><td class=\"data-d\" data-label=\"R\">0<\/td><td class=\"data-l\" data-label=\"P\">1<\/td><td class=\"data-f\" data-label=\"BZ\">39<\/td><td class=\"data-a\" data-label=\"BS\">19<\/td><td class=\"data-gd\" data-label=\"+\/-\">20<\/td><\/tr><tr class=\"even sp-row-no-1\"><td class=\"data-rank\" data-label=\"Pozycja\">2<\/td><td class=\"data-name has-logo\" data-label=\"Klub\"><a href=\"https:\/\/lfsportevents.pl\/ligafutsalu2024\/team\/dukat-antykwariat\/\"><span class=\"team-logo\"><img loading=\"lazy\" decoding=\"async\" width=\"128\" height=\"128\" src=\"https:\/\/lfsportevents.pl\/ligafutsalu2024\/wp-content\/uploads\/2020\/10\/Bruk-Ogr\u00f3d-Nowak-128x128.png\" class=\"attachment-sportspress-fit-icon size-sportspress-fit-icon wp-post-image\" alt=\"\" \/><\/span>Bruk-Ogr\u00f3d-Nowak<\/a><\/td><td class=\"data-p\" data-label=\"M\">4<\/td><td class=\"data-pts\" data-label=\"Pkt\">6<\/td><td class=\"data-w\" data-label=\"Z\">2<\/td><td class=\"data-d\" data-label=\"R\">0<\/td><td class=\"data-l\" data-label=\"P\">2<\/td><td class=\"data-f\" data-label=\"BZ\">19<\/td><td class=\"data-a\" data-label=\"BS\">18<\/td><td class=\"data-gd\" data-label=\"+\/-\">1<\/td><\/tr><tr class=\"odd sp-row-no-2\"><td class=\"data-rank\" data-label=\"Pozycja\">3<\/td><td class=\"data-name has-logo\" data-label=\"Klub\"><a href=\"https:\/\/lfsportevents.pl\/ligafutsalu2024\/team\/nano-house\/\"><span class=\"team-logo\"><img loading=\"lazy\" decoding=\"async\" width=\"128\" height=\"57\" src=\"https:\/\/lfsportevents.pl\/ligafutsalu2024\/wp-content\/uploads\/2024\/11\/Nano-House-128x57.png\" class=\"attachment-sportspress-fit-icon size-sportspress-fit-icon wp-post-image\" alt=\"\" \/><\/span>Nano House<\/a><\/td><td class=\"data-p\" data-label=\"M\">3<\/td><td class=\"data-pts\" data-label=\"Pkt\">3<\/td><td class=\"data-w\" data-label=\"Z\">1<\/td><td class=\"data-d\" data-label=\"R\">0<\/td><td class=\"data-l\" data-label=\"P\">2<\/td><td class=\"data-f\" data-label=\"BZ\">11<\/td><td class=\"data-a\" data-label=\"BS\">25<\/td><td class=\"data-gd\" data-label=\"+\/-\">-14<\/td><\/tr><tr class=\"even sp-row-no-3\"><td class=\"data-rank\" data-label=\"Pozycja\">4<\/td><td class=\"data-name has-logo\" data-label=\"Klub\"><a href=\"https:\/\/lfsportevents.pl\/ligafutsalu2024\/team\/saczersi\/\"><span class=\"team-logo\"><img loading=\"lazy\" decoding=\"async\" width=\"126\" height=\"128\" src=\"https:\/\/lfsportevents.pl\/ligafutsalu2024\/wp-content\/uploads\/2019\/11\/S\u0105czersi-126x128.png\" class=\"attachment-sportspress-fit-icon size-sportspress-fit-icon wp-post-image\" alt=\"\" \/><\/span>S\u0105czersi<\/a><\/td><td class=\"data-p\" data-label=\"M\">3<\/td><td class=\"data-pts\" data-label=\"Pkt\">0<\/td><td class=\"data-w\" data-label=\"Z\">0<\/td><td class=\"data-d\" data-label=\"R\">0<\/td><td class=\"data-l\" data-label=\"P\">3<\/td><td class=\"data-f\" data-label=\"BZ\">4<\/td><td class=\"data-a\" data-label=\"BS\">18<\/td><td class=\"data-gd\" data-label=\"+\/-\">-14<\/td><\/tr><\/tbody><\/table><\/div><\/div>\n<\/div> <strong><span style=\"color: #ff0000;\">AWANS:\u00a0<span style=\"color: #993300;\">Auto Spa Greenpowerns, Bruk Ogr\u00f3d Nowak<\/span><\/span><\/strong><\/div>\n<div dir=\"auto\"><div class=\"sportspress\"><div class=\"sp-template sp-template-league-table\">\n\t<h4 class=\"sp-table-caption\">Puchar Ligi Futsalu \u2013 Gr. E<\/h4><div class=\"sp-table-wrapper\"><table class=\"sp-league-table sp-data-table sp-sortable-table sp-scrollable-table sp-paginated-table\" data-sp-rows=\"16\"><thead><tr><th class=\"data-rank\">Pozycja<\/th><th class=\"data-name\">Klub<\/th><th class=\"data-p\">M<\/th><th class=\"data-pts\">Pkt<\/th><th class=\"data-w\">Z<\/th><th class=\"data-d\">R<\/th><th class=\"data-l\">P<\/th><th class=\"data-f\">BZ<\/th><th class=\"data-a\">BS<\/th><th class=\"data-gd\">+\/-<\/th><\/tr><\/thead><tbody><tr class=\"odd sp-row-no-0\"><td class=\"data-rank\" data-label=\"Pozycja\">1<\/td><td class=\"data-name has-logo\" data-label=\"Klub\"><a href=\"https:\/\/lfsportevents.pl\/ligafutsalu2024\/team\/q-graf\/\"><span class=\"team-logo\"><img loading=\"lazy\" decoding=\"async\" width=\"128\" height=\"66\" src=\"https:\/\/lfsportevents.pl\/ligafutsalu2024\/wp-content\/uploads\/2016\/11\/Tylicz-Ski-1-128x66.png\" class=\"attachment-sportspress-fit-icon size-sportspress-fit-icon wp-post-image\" alt=\"\" \/><\/span>Tylicz.Ski<\/a><\/td><td class=\"data-p\" data-label=\"M\">6<\/td><td class=\"data-pts\" data-label=\"Pkt\">16<\/td><td class=\"data-w\" data-label=\"Z\">5<\/td><td class=\"data-d\" data-label=\"R\">1<\/td><td class=\"data-l\" data-label=\"P\">0<\/td><td class=\"data-f\" data-label=\"BZ\">41<\/td><td class=\"data-a\" data-label=\"BS\">19<\/td><td class=\"data-gd\" data-label=\"+\/-\">22<\/td><\/tr><tr class=\"even sp-row-no-1\"><td class=\"data-rank\" data-label=\"Pozycja\">2<\/td><td class=\"data-name has-logo\" data-label=\"Klub\"><a href=\"https:\/\/lfsportevents.pl\/ligafutsalu2024\/team\/podmuch-palestyna\/\"><span class=\"team-logo\"><img loading=\"lazy\" decoding=\"async\" width=\"128\" height=\"128\" src=\"https:\/\/lfsportevents.pl\/ligafutsalu2024\/wp-content\/uploads\/2016\/11\/Ibis-Styles-N.S.-128x128.png\" class=\"attachment-sportspress-fit-icon size-sportspress-fit-icon wp-post-image\" alt=\"\" \/><\/span>Ibis Styles N.S.<\/a><\/td><td class=\"data-p\" data-label=\"M\">4<\/td><td class=\"data-pts\" data-label=\"Pkt\">6<\/td><td class=\"data-w\" data-label=\"Z\">2<\/td><td class=\"data-d\" data-label=\"R\">0<\/td><td class=\"data-l\" data-label=\"P\">2<\/td><td class=\"data-f\" data-label=\"BZ\">19<\/td><td class=\"data-a\" data-label=\"BS\">16<\/td><td class=\"data-gd\" data-label=\"+\/-\">3<\/td><\/tr><tr class=\"odd sp-row-no-2\"><td class=\"data-rank\" data-label=\"Pozycja\">3<\/td><td class=\"data-name has-logo\" data-label=\"Klub\"><a href=\"https:\/\/lfsportevents.pl\/ligafutsalu2024\/team\/libella-truck-fc-2\/\"><span class=\"team-logo\"><img loading=\"lazy\" decoding=\"async\" width=\"128\" height=\"128\" src=\"https:\/\/lfsportevents.pl\/ligafutsalu2024\/wp-content\/uploads\/2024\/11\/Libella-Truck-FC-128x128.png\" class=\"attachment-sportspress-fit-icon size-sportspress-fit-icon wp-post-image\" alt=\"\" \/><\/span>Libella Truck FC<\/a><\/td><td class=\"data-p\" data-label=\"M\">3<\/td><td class=\"data-pts\" data-label=\"Pkt\">3<\/td><td class=\"data-w\" data-label=\"Z\">1<\/td><td class=\"data-d\" data-label=\"R\">0<\/td><td class=\"data-l\" data-label=\"P\">2<\/td><td class=\"data-f\" data-label=\"BZ\">16<\/td><td class=\"data-a\" data-label=\"BS\">16<\/td><td class=\"data-gd\" data-label=\"+\/-\">0<\/td><\/tr><tr class=\"even sp-row-no-3\"><td class=\"data-rank\" data-label=\"Pozycja\">4<\/td><td class=\"data-name has-logo\" data-label=\"Klub\"><a href=\"https:\/\/lfsportevents.pl\/ligafutsalu2024\/team\/batimowcy\/\"><span class=\"team-logo\"><img loading=\"lazy\" decoding=\"async\" width=\"128\" height=\"128\" src=\"https:\/\/lfsportevents.pl\/ligafutsalu2024\/wp-content\/uploads\/2020\/10\/Batimowcy-128x128.png\" class=\"attachment-sportspress-fit-icon size-sportspress-fit-icon wp-post-image\" alt=\"\" \/><\/span>Batimowcy<\/a><\/td><td class=\"data-p\" data-label=\"M\">3<\/td><td class=\"data-pts\" data-label=\"Pkt\">0<\/td><td class=\"data-w\" data-label=\"Z\">0<\/td><td class=\"data-d\" data-label=\"R\">0<\/td><td class=\"data-l\" data-label=\"P\">3<\/td><td class=\"data-f\" data-label=\"BZ\">8<\/td><td class=\"data-a\" data-label=\"BS\">29<\/td><td class=\"data-gd\" data-label=\"+\/-\">-21<\/td><\/tr><\/tbody><\/table><\/div><\/div>\n<\/div> <strong><span style=\"color: #ff0000;\">AWANS: <span style=\"color: #993300;\">Tylicz.Ski, Ibis Styles N.S.<\/span><\/span><\/strong><\/div>\n<\/div>\n<div class=\"x11i5rnm xat24cr x1mh8g0r x1vvkbs xtlvy1s x126k92a\">\n<div dir=\"auto\">\n<p>&nbsp;<\/p>\n<\/div>\n<\/div>\n","protected":false},"excerpt":{"rendered":"<p>Legenda: M = Mecze Rozegrane Pkt = Punkty Z = Zwyci\u0119stwa R = Remisy P = Pora\u017cki BZ = Bramki zdobyte BS = Bramki stracone +\/- = R\u00f3\u017cnica bramek Miejsce 1\u00a0(bezpo\u015bredni awans do 4 Rundy &#8211; \u0107wier\u0107fina\u0142y) Miejsce 2 (trzy dru\u017cyny z najlepszym bilansem z miejsca 2 uzyskaj\u0105 awans do 4 Rundy &#8211; \u0107wier\u0107fina\u0142y) AWANS: [&hellip;]<\/p>\n","protected":false},"author":1,"featured_media":0,"parent":219,"menu_order":0,"comment_status":"closed","ping_status":"closed","template":"","meta":{"footnotes":""},"_links":{"self":[{"href":"https:\/\/lfsportevents.pl\/ligafutsalu2024\/wp-json\/wp\/v2\/pages\/13740"}],"collection":[{"href":"https:\/\/lfsportevents.pl\/ligafutsalu2024\/wp-json\/wp\/v2\/pages"}],"about":[{"href":"https:\/\/lfsportevents.pl\/ligafutsalu2024\/wp-json\/wp\/v2\/types\/page"}],"author":[{"embeddable":true,"href":"https:\/\/lfsportevents.pl\/ligafutsalu2024\/wp-json\/wp\/v2\/users\/1"}],"replies":[{"embeddable":true,"href":"https:\/\/lfsportevents.pl\/ligafutsalu2024\/wp-json\/wp\/v2\/comments?post=13740"}],"version-history":[{"count":3,"href":"https:\/\/lfsportevents.pl\/ligafutsalu2024\/wp-json\/wp\/v2\/pages\/13740\/revisions"}],"predecessor-version":[{"id":26810,"href":"https:\/\/lfsportevents.pl\/ligafutsalu2024\/wp-json\/wp\/v2\/pages\/13740\/revisions\/26810"}],"up":[{"embeddable":true,"href":"https:\/\/lfsportevents.pl\/ligafutsalu2024\/wp-json\/wp\/v2\/pages\/219"}],"wp:attachment":[{"href":"https:\/\/lfsportevents.pl\/ligafutsalu2024\/wp-json\/wp\/v2\/media?parent=13740"}],"curies":[{"name":"wp","href":"https:\/\/api.w.org\/{rel}","templated":true}]}}