{"id":10964,"date":"2017-12-22T22:29:00","date_gmt":"2017-12-22T21:29:00","guid":{"rendered":"https:\/\/lfsportevents.pl\/ligafutsalu2024\/?page_id=10964"},"modified":"2025-01-15T14:12:28","modified_gmt":"2025-01-15T13:12:28","slug":"okienko-transferowe","status":"publish","type":"page","link":"https:\/\/lfsportevents.pl\/ligafutsalu2024\/okienko-transferowe\/","title":{"rendered":"Okienko transferowe"},"content":{"rendered":"<h1 style=\"text-align: center;\"><strong><span style=\"color: #339966;\">OTWARCIE OKIENKA: 20.12.2024<\/span><\/strong><\/h1>\n<h1 style=\"text-align: center;\"><strong><span style=\"color: #ff0000;\">ZAMKNI\u0118CIE OKIENKA: 06.01.2025<\/span><\/strong><\/h1>\n<p><strong>Lista transferowa:<\/strong><br \/>\n<strong><span style=\"color: #008000;\">PRZYSZED\u0141<\/span> <\/strong>&#8211; Piotr \u015amierciak &#8211; Auto Spa Greenpowerns<br \/>\n<span style=\"color: #ff0000;\"><strong>ODSZED\u0141 <\/strong><\/span>&#8211; Dominik Klimczak &#8211; Stal-Bud Nawojowa<br \/>\n<strong><span style=\"color: #008000;\">PRZYSZED\u0141<\/span> <\/strong>&#8211; Damian Bu\u017aniak &#8211; Stal-Bud Nawojowa<br \/>\n<strong><span style=\"color: #008000;\">PRZYSZED\u0141<\/span> <\/strong>&#8211; Sebastian S\u0142aby &#8211; Whisky Bar<br \/>\n<span style=\"color: #ff0000;\"><strong>ODSZED\u0141 <\/strong><\/span>&#8211; Rafa\u0142 Burchel &#8211; Smolnik M\u0119cina<br \/>\n<strong><span style=\"color: #008000;\">PRZYSZED\u0141<\/span> <\/strong>&#8211; Jakub Jasi\u0144ski &#8211; Smolnik M\u0119cina<br \/>\n<span style=\"color: #ff0000;\"><strong>ODSZED\u0141 <\/strong><\/span>&#8211; Konrad Pa\u0142ka &#8211; DripShop &amp; Pakersi<br \/>\n<strong><span style=\"color: #008000;\">PRZYSZED\u0141<\/span> <\/strong>&#8211; Robert Oleksy &#8211; DripShop &amp; Pakersi<br \/>\n<span style=\"color: #ff0000;\"><strong>ODSZED\u0141 <\/strong><\/span>&#8211; Robert Pa\u0142ka &#8211; DripShop &amp; Pakersi<br \/>\n<span style=\"color: #ff0000;\"><strong>ODSZED\u0141 <\/strong><\/span>&#8211; Arkadiusz Fryzowicz &#8211; Batimowcy<br \/>\n<strong><span style=\"color: #008000;\">PRZYSZED\u0141<\/span> <\/strong>&#8211; Maciej Mateja &#8211; Batimowcy<br \/>\n<span style=\"color: #ff0000;\"><strong>ODSZED\u0141 <\/strong><\/span>&#8211; Wiktor Staszak &#8211; DripShop &amp; Pakersi<br \/>\n<strong><span style=\"color: #008000;\">PRZYSZED\u0141<\/span> <\/strong>&#8211; Konrad Pa\u0142ka &#8211; Mak-Bud<br \/>\n<strong><span style=\"color: #008000;\">PRZYSZED\u0141<\/span> <\/strong>&#8211; Konrad Mrozek &#8211; Mak-Bud<br \/>\n<span style=\"color: #ff0000;\"><strong>ODSZED\u0141 <\/strong><\/span>&#8211; Tomasz Wojs\u0142aw &#8211; Baz Pal<br \/>\n<strong><span style=\"color: #008000;\">PRZYSZED\u0141<\/span> <\/strong>&#8211; Patryk Chomoncik &#8211; Baz Pal<br \/>\n<span style=\"color: #ff0000;\"><strong>ODSZED\u0141 <\/strong><\/span>&#8211; Krystian Dobosz &#8211; Ogropark<br \/>\n<span style=\"color: #ff0000;\"><strong>ODSZED\u0141 <\/strong><\/span>&#8211; Bart\u0142omiej B\u0142aszczyk &#8211; Libella Truck FC<br \/>\n<span style=\"color: #ff0000;\"><strong>ODSZED\u0141 <\/strong><\/span>&#8211; Kamil Zygmunt &#8211; Bastek Garnitury<br \/>\n<strong><span style=\"color: #008000;\">PRZYSZED\u0141<\/span> <\/strong>&#8211; Krzysztof Zieli\u0144ski &#8211; Bastek Garnitury<br \/>\n<span style=\"color: #ff0000;\"><strong>ODSZED\u0141 <\/strong><\/span>&#8211; Grzegorz Kordek &#8211; Bruk Ogr\u00f3d Nowak<br \/>\n<span style=\"color: #ff0000;\"><strong>ODSZED\u0141 <\/strong><\/span>&#8211; Konstantyn Zhuk &#8211; Bruk Ogr\u00f3d Nowak<br \/>\n<strong><span style=\"color: #008000;\">PRZYSZED\u0141<\/span> <\/strong>&#8211; Micha\u0142 Szeliga &#8211; Bruk Ogr\u00f3d Nowak<\/p>\n<p>&nbsp;<\/p>\n<p>&nbsp;<\/p>\n<p><strong>Regulamin Okienka Transferowego.<\/strong><\/p>\n<ul>\n<li>Mo\u017cliwe jest dopisanie 3 zawodnik\u00f3w do listy, maksymalnie do 18 os\u00f3b<\/li>\n<li>Je\u015bli dru\u017cyna posiada pe\u0142n\u0105 list\u0119 18 os\u00f3b, mo\u017cna usun\u0105\u0107 pi\u0142karzy nieaktywnych i w zamian za ich miejsce zakontraktowa\u0107 nowych.<\/li>\n<li>Mo\u017cna zrobi\u0107 3 transfery mi\u0119dzy dru\u017cynami.<\/li>\n<li>Nale\u017cy pami\u0119ta\u0107 by nie przekroczy\u0107 limit zawodnik\u00f3w czynnych.<\/li>\n<li>Mo\u017cna dopisa\u0107, usun\u0105\u0107 lub wymieni\u0107 zawodnika amatora i czynnego, zgodnie z regulaminem<\/li>\n<li><span style=\"color: #993300;\"><strong>Mo\u017cna zrobi\u0107 3 zmiany zawodnik\u00f3w amator\u00f3w, oraz 2 zmiany czynnych.<\/strong><\/span><\/li>\n<li>Ch\u0119\u0107 skorzystania z okienka transferowego, nale\u017cy zg\u0142osi\u0107 tylko i wy\u0142\u0105cznie w formie pisemnej na adres mailowy:\u00a0biuro@lfsportevents.pl lub w razie pyta\u0144 prosimy dzwoni\u0107 na nr tel: 500-758-968<\/li>\n<li>Na stronie www.lfsportevents.pl pojawi\u0142a si\u0119 zak\u0142adka\u00a0<span style=\"color: #993300;\"><strong>OKIENKO TRANSFEROWE<\/strong><\/span>\u00a0gdzie b\u0119d\u0105 podawane informacje o nowych zawodnikach i transferach.<\/li>\n<\/ul>\n","protected":false},"excerpt":{"rendered":"<p>OTWARCIE OKIENKA: 20.12.2024 ZAMKNI\u0118CIE OKIENKA: 06.01.2025 Lista transferowa: PRZYSZED\u0141 &#8211; Piotr \u015amierciak &#8211; Auto Spa Greenpowerns ODSZED\u0141 &#8211; Dominik Klimczak &#8211; Stal-Bud Nawojowa PRZYSZED\u0141 &#8211; Damian Bu\u017aniak &#8211; Stal-Bud Nawojowa PRZYSZED\u0141 &#8211; Sebastian S\u0142aby &#8211; Whisky Bar ODSZED\u0141 &#8211; Rafa\u0142 Burchel &#8211; Smolnik M\u0119cina PRZYSZED\u0141 &#8211; Jakub Jasi\u0144ski &#8211; Smolnik M\u0119cina ODSZED\u0141 &#8211; Konrad Pa\u0142ka [&hellip;]<\/p>\n","protected":false},"author":1,"featured_media":0,"parent":0,"menu_order":0,"comment_status":"closed","ping_status":"closed","template":"","meta":{"footnotes":""},"_links":{"self":[{"href":"https:\/\/lfsportevents.pl\/ligafutsalu2024\/wp-json\/wp\/v2\/pages\/10964"}],"collection":[{"href":"https:\/\/lfsportevents.pl\/ligafutsalu2024\/wp-json\/wp\/v2\/pages"}],"about":[{"href":"https:\/\/lfsportevents.pl\/ligafutsalu2024\/wp-json\/wp\/v2\/types\/page"}],"author":[{"embeddable":true,"href":"https:\/\/lfsportevents.pl\/ligafutsalu2024\/wp-json\/wp\/v2\/users\/1"}],"replies":[{"embeddable":true,"href":"https:\/\/lfsportevents.pl\/ligafutsalu2024\/wp-json\/wp\/v2\/comments?post=10964"}],"version-history":[{"count":2,"href":"https:\/\/lfsportevents.pl\/ligafutsalu2024\/wp-json\/wp\/v2\/pages\/10964\/revisions"}],"predecessor-version":[{"id":27576,"href":"https:\/\/lfsportevents.pl\/ligafutsalu2024\/wp-json\/wp\/v2\/pages\/10964\/revisions\/27576"}],"wp:attachment":[{"href":"https:\/\/lfsportevents.pl\/ligafutsalu2024\/wp-json\/wp\/v2\/media?parent=10964"}],"curies":[{"name":"wp","href":"https:\/\/api.w.org\/{rel}","templated":true}]}}