{"id":8180,"date":"2017-09-20T10:07:50","date_gmt":"2017-09-20T08:07:50","guid":{"rendered":"https:\/\/lfsportevents.pl\/ligafutsalu2023\/?page_id=8180"},"modified":"2024-01-18T19:20:02","modified_gmt":"2024-01-18T18:20:02","slug":"stat-rundy","status":"publish","type":"page","link":"https:\/\/lfsportevents.pl\/ligafutsalu2023\/puchar-ligi\/stat-rundy\/","title":{"rendered":"Stat. rundy"},"content":{"rendered":"<h1><span style=\"color: #993300;\">I RUNDA<\/span><\/h1>\n<p><strong>Liczba meczy:<\/strong><strong>\u00a0<span style=\"color: #993300;\">10<\/span><\/strong><br \/>\n<strong>Liczba goli: <span style=\"color: #993300;\">86<\/span><\/strong><br \/>\n<strong>\u015arednia ilo\u015b\u0107 goli na mecz:\u00a0<span style=\"color: #993300;\">8,6<\/span><\/strong><br \/>\n<strong>Wygrane:<\/strong><strong>\u00a0<span style=\"color: #993300;\">9<\/span><\/strong><br \/>\n<strong>Remisy:\u00a0<span style=\"color: #993300;\">1<\/span><\/strong><br \/>\n<strong>Walkowery:<\/strong><strong>\u00a0<span style=\"color: #993300;\">0<\/span><\/strong><br \/>\n<strong>Najwi\u0119cej goli strzelonych w meczu:<span style=\"color: #993300;\"> 12 goli<\/span> (S\u0105czersi &#8211; Mak-Bud 6:6), (Tylicz.Ski &#8211; Stal-Bud Nawojowa 7:5), (Gold Team\/Meble Lorek &#8211; Bruk Ogr\u00f3d Nowak 11:1)<\/strong><br \/>\n<strong>Najwy\u017csza wygrana:<\/strong><strong>\u00a0<span style=\"color: #993300;\">11:1<\/span> (Gold Team\/Meble Lorek &#8211; Bruk Ogr\u00f3d Nowak)<\/strong><br \/>\n<strong>Ilo\u015b\u0107 \u017c\u00f3\u0142tych kartek:<\/strong><strong>\u00a0<span style=\"color: #993300;\">5<\/span><\/strong><br \/>\n<strong>Ilo\u015b\u0107 czerwonych kartek:<\/strong><strong>\u00a0<span style=\"color: #993300;\">0<\/span><\/strong><\/p>\n<h1><span style=\"color: #993300;\">Ii RUNDA<\/span><\/h1>\n<p><strong>Liczba meczy:<\/strong><strong>\u00a0<span style=\"color: #993300;\">10<\/span><\/strong><br \/>\n<strong>Liczba goli: <span style=\"color: #993300;\">87<\/span><\/strong><br \/>\n<strong>\u015arednia ilo\u015b\u0107 goli na mecz:\u00a0<span style=\"color: #993300;\">8,7<\/span><\/strong><br \/>\n<strong>Wygrane:<\/strong><strong>\u00a0<span style=\"color: #993300;\">8<\/span><\/strong><br \/>\n<strong>Remisy:\u00a0<span style=\"color: #993300;\">2<\/span><\/strong><br \/>\n<strong>Walkowery:<\/strong><strong>\u00a0<span style=\"color: #993300;\">0<\/span><\/strong><br \/>\n<strong>Najwi\u0119cej goli strzelonych w meczu:<span style=\"color: #993300;\"> 14 goli<\/span> (S\u0105czersi &#8211; Bruk Ogr\u00f3d Nowak 5:9), (Trade &#8211; Protel 14:0)<\/strong><br \/>\n<strong>Najwy\u017csza wygrana:<\/strong><strong>\u00a0<span style=\"color: #993300;\">14:0<\/span> (Trade &#8211; Protel)<\/strong><br \/>\n<strong>Ilo\u015b\u0107 \u017c\u00f3\u0142tych kartek:<\/strong><strong>\u00a0<span style=\"color: #993300;\">16<\/span><\/strong><br \/>\n<strong>Ilo\u015b\u0107 czerwonych kartek:<\/strong><strong>\u00a0<span style=\"color: #993300;\">1<\/span><\/strong><\/p>\n<h1><span style=\"color: #993300;\">Iii RUNDA<\/span><\/h1>\n<p><strong>Liczba meczy:<\/strong><strong>\u00a0<span style=\"color: #993300;\">10<\/span><\/strong><br \/>\n<strong>Liczba goli: <span style=\"color: #993300;\">82<\/span><\/strong><br \/>\n<strong>\u015arednia ilo\u015b\u0107 goli na mecz:\u00a0<span style=\"color: #993300;\">8,2<\/span><\/strong><br \/>\n<strong>Wygrane:<\/strong><strong>\u00a0<span style=\"color: #993300;\">10<\/span><\/strong><br \/>\n<strong>Remisy:\u00a0<span style=\"color: #993300;\">0<\/span><\/strong><br \/>\n<strong>Walkowery:<\/strong><strong>\u00a0<span style=\"color: #993300;\">1<\/span><\/strong><br \/>\n<strong>Najwi\u0119cej goli strzelonych w meczu:<span style=\"color: #993300;\"> 20 goli<\/span> (Mak-Bud &#8211; Bruk Ogr\u00f3d Nowak 15:5)<\/strong><br \/>\n<strong>Najwy\u017csza wygrana:<\/strong><strong>\u00a0<span style=\"color: #993300;\">15:5<\/span> (Mak-Bud &#8211; Bruk Ogr\u00f3d Nowak)<\/strong><br \/>\n<strong>Ilo\u015b\u0107 \u017c\u00f3\u0142tych kartek:<\/strong><strong>\u00a0<span style=\"color: #993300;\">8<\/span><\/strong><br \/>\n<strong>Ilo\u015b\u0107 czerwonych kartek:<\/strong><strong>\u00a0<span style=\"color: #993300;\">0<\/span><\/strong><\/p>\n<h1><span style=\"color: #993300;\">iV RUNDA<\/span><\/h1>\n<p><strong>Liczba meczy:<\/strong><strong>\u00a0<span style=\"color: #993300;\">4<\/span><\/strong><br \/>\n<strong>Liczba goli: <span style=\"color: #993300;\">25<\/span><\/strong><br \/>\n<strong>\u015arednia ilo\u015b\u0107 goli na mecz:\u00a0<span style=\"color: #993300;\">6,25<\/span><\/strong><br \/>\n<strong>Wygrane:<\/strong><strong>\u00a0<span style=\"color: #993300;\">4<\/span><\/strong><br \/>\n<strong>Remisy:\u00a0<span style=\"color: #993300;\">0<\/span><\/strong><br \/>\n<strong>Walkowery:<\/strong><strong>\u00a0<span style=\"color: #993300;\">1<\/span><\/strong><br \/>\n<strong>Najwi\u0119cej goli strzelonych w meczu: <span style=\"color: #993300;\">11 goli<\/span> (Maxfol &#8211; Mariposa Med-Spa 10:1)<\/strong><br \/>\n<strong>Najwy\u017csza wygrana:<\/strong><strong>\u00a0<span style=\"color: #993300;\">10:1<\/span> (Maxfol &#8211; Mariposa Med-Spa )<\/strong><br \/>\n<strong>Ilo\u015b\u0107 \u017c\u00f3\u0142tych kartek:<\/strong><strong>\u00a0<span style=\"color: #993300;\">5<\/span><\/strong><br \/>\n<strong>Ilo\u015b\u0107 czerwonych kartek:<\/strong><strong>\u00a0<span style=\"color: #993300;\">0<\/span><\/strong><\/p>\n<h1><span style=\"color: #993300;\">V RUNDA<\/span><\/h1>\n<p><strong>Liczba meczy:<\/strong><strong>\u00a0<span style=\"color: #993300;\">2<\/span><\/strong><br \/>\n<strong>Liczba goli: <span style=\"color: #993300;\">25<\/span><\/strong><br \/>\n<strong>\u015arednia ilo\u015b\u0107 goli na mecz:\u00a0<span style=\"color: #993300;\">6,25<\/span><\/strong><br \/>\n<strong>Wygrane:<\/strong><strong>\u00a0<span style=\"color: #993300;\">4<\/span><\/strong><br \/>\n<strong>Remisy:\u00a0<span style=\"color: #993300;\">0<\/span><\/strong><br \/>\n<strong>Walkowery:<\/strong><strong>\u00a0<span style=\"color: #993300;\">1<\/span><\/strong><br \/>\n<strong>Najwi\u0119cej goli strzelonych w meczu: <span style=\"color: #993300;\">11 goli<\/span> (Maxfol &#8211; Mariposa Med-Spa 10:1)<\/strong><br \/>\n<strong>Najwy\u017csza wygrana:<\/strong><strong>\u00a0<span style=\"color: #993300;\">10:1<\/span> (Maxfol &#8211; Mariposa Med-Spa )<\/strong><br \/>\n<strong>Ilo\u015b\u0107 \u017c\u00f3\u0142tych kartek:<\/strong><strong>\u00a0<span style=\"color: #993300;\">5<\/span><\/strong><br \/>\n<strong>Ilo\u015b\u0107 czerwonych kartek:<\/strong><strong>\u00a0<span style=\"color: #993300;\">0<\/span><\/strong><\/p>\n","protected":false},"excerpt":{"rendered":"<p>I RUNDA Liczba meczy:\u00a010 Liczba goli: 86 \u015arednia ilo\u015b\u0107 goli na mecz:\u00a08,6 Wygrane:\u00a09 Remisy:\u00a01 Walkowery:\u00a00 Najwi\u0119cej goli strzelonych w meczu: 12 goli (S\u0105czersi &#8211; Mak-Bud 6:6), (Tylicz.Ski &#8211; Stal-Bud Nawojowa 7:5), (Gold Team\/Meble Lorek &#8211; Bruk Ogr\u00f3d Nowak 11:1) Najwy\u017csza wygrana:\u00a011:1 (Gold Team\/Meble Lorek &#8211; Bruk Ogr\u00f3d Nowak) Ilo\u015b\u0107 \u017c\u00f3\u0142tych kartek:\u00a05 Ilo\u015b\u0107 czerwonych kartek:\u00a00 Ii [&hellip;]<\/p>\n","protected":false},"author":1,"featured_media":0,"parent":219,"menu_order":0,"comment_status":"closed","ping_status":"closed","template":"","meta":{"footnotes":""},"_links":{"self":[{"href":"https:\/\/lfsportevents.pl\/ligafutsalu2023\/wp-json\/wp\/v2\/pages\/8180"}],"collection":[{"href":"https:\/\/lfsportevents.pl\/ligafutsalu2023\/wp-json\/wp\/v2\/pages"}],"about":[{"href":"https:\/\/lfsportevents.pl\/ligafutsalu2023\/wp-json\/wp\/v2\/types\/page"}],"author":[{"embeddable":true,"href":"https:\/\/lfsportevents.pl\/ligafutsalu2023\/wp-json\/wp\/v2\/users\/1"}],"replies":[{"embeddable":true,"href":"https:\/\/lfsportevents.pl\/ligafutsalu2023\/wp-json\/wp\/v2\/comments?post=8180"}],"version-history":[{"count":3,"href":"https:\/\/lfsportevents.pl\/ligafutsalu2023\/wp-json\/wp\/v2\/pages\/8180\/revisions"}],"predecessor-version":[{"id":25999,"href":"https:\/\/lfsportevents.pl\/ligafutsalu2023\/wp-json\/wp\/v2\/pages\/8180\/revisions\/25999"}],"up":[{"embeddable":true,"href":"https:\/\/lfsportevents.pl\/ligafutsalu2023\/wp-json\/wp\/v2\/pages\/219"}],"wp:attachment":[{"href":"https:\/\/lfsportevents.pl\/ligafutsalu2023\/wp-json\/wp\/v2\/media?parent=8180"}],"curies":[{"name":"wp","href":"https:\/\/api.w.org\/{rel}","templated":true}]}}