{"id":8152,"date":"2017-09-20T10:03:47","date_gmt":"2017-09-20T08:03:47","guid":{"rendered":"https:\/\/lfsportevents.pl\/ligafutsalu2023\/?page_id=8152"},"modified":"2024-02-23T15:16:19","modified_gmt":"2024-02-23T14:16:19","slug":"stat-kolejki","status":"publish","type":"page","link":"https:\/\/lfsportevents.pl\/ligafutsalu2023\/ekstraklasa\/stat-kolejki\/","title":{"rendered":"Stat. kolejki"},"content":{"rendered":"<h1><span style=\"color: #993300;\">1 KOLEJKA (9 LISTOPAD 2023)<\/span><\/h1>\n<p><strong>Liczba meczy:<\/strong><span style=\"color: #993300;\"><strong>\u00a05<\/strong><\/span><br \/>\n<strong>Liczba goli:<\/strong><strong>\u00a0<span style=\"color: #993300;\">37<\/span><\/strong><br \/>\n<strong>\u015arednia ilo\u015b\u0107 goli na mecz:\u00a0<span style=\"color: #993300;\">7,4<\/span><\/strong><br \/>\n<strong>Wygrane:<\/strong><strong>\u00a0<span style=\"color: #993300;\">5<\/span><\/strong><br \/>\n<strong>Remisy:\u00a0<\/strong><span style=\"color: #993300;\"><strong>0<\/strong><\/span><br \/>\n<strong>Walkowery:<\/strong><strong>\u00a0<\/strong><span style=\"color: #993300;\"><strong>0<\/strong><\/span><br \/>\n<strong>Najwi\u0119cej goli strzelonych w meczu: <span style=\"color: #993300;\">10 goli<\/span><\/strong><strong> (Gold Team\/Meble Lorek : Batimowcy 9:1)\u00a0<\/strong><br \/>\n<strong>Najwy\u017csza wygrana:<\/strong><strong>\u00a0<span style=\"color: #993300;\">9:1 <\/span>(Gold Team\/Meble Lorek : Batimowcy)<\/strong><br \/>\n<strong>Ilo\u015b\u0107 \u017c\u00f3\u0142tych kartek:\u00a0<\/strong><span style=\"color: #993300;\"><strong>5<\/strong><\/span><br \/>\n<strong>Ilo\u015b\u0107 czerwonych kartek:<\/strong><strong>\u00a0<span style=\"color: #993300;\">0<\/span><\/strong><\/p>\n<h1><span style=\"color: #993300;\">2 KOLEJKA (16 LISTOPAD 2023)<\/span><\/h1>\n<p><strong>Liczba meczy:<\/strong><span style=\"color: #993300;\"><strong>\u00a05<\/strong><\/span><br \/>\n<strong>Liczba goli:<\/strong><strong>\u00a0<span style=\"color: #993300;\">45<\/span><\/strong><br \/>\n<strong>\u015arednia ilo\u015b\u0107 goli na mecz:\u00a0<span style=\"color: #993300;\">9<\/span><\/strong><br \/>\n<strong>Wygrane:<\/strong><strong>\u00a0<span style=\"color: #993300;\">5<\/span><\/strong><br \/>\n<strong>Remisy:\u00a0<\/strong><span style=\"color: #993300;\"><strong>0<\/strong><\/span><br \/>\n<strong>Walkowery:<\/strong><strong>\u00a0<\/strong><span style=\"color: #993300;\"><strong>0<\/strong><\/span><br \/>\n<strong>Najwi\u0119cej goli strzelonych w meczu: <span style=\"color: #993300;\">17 goli<\/span><\/strong><strong> (Bastek Garnitury &#8211; Tylicz.Ski 5:12)\u00a0<\/strong><br \/>\n<strong>Najwy\u017csza wygrana:<\/strong><strong>\u00a0<span style=\"color: #993300;\">11:2 <\/span>(Dom Weselny Sylwia : Batimowcy)<\/strong><br \/>\n<strong>Ilo\u015b\u0107 \u017c\u00f3\u0142tych kartek:\u00a0<\/strong><span style=\"color: #993300;\"><strong>9<\/strong><\/span><br \/>\n<strong>Ilo\u015b\u0107 czerwonych kartek:<\/strong><strong>\u00a0<span style=\"color: #993300;\">0<\/span><\/strong><\/p>\n<h1><span style=\"color: #993300;\">3 KOLEJKA (24 LISTOPAD 2023)<\/span><\/h1>\n<p><strong>Liczba meczy:<\/strong><strong>\u00a0<span style=\"color: #993300;\">5<\/span><\/strong><br \/>\n<strong>Liczba goli:<\/strong><strong> <span style=\"color: #993300;\">36<\/span><\/strong><br \/>\n<strong>\u015arednia ilo\u015b\u0107 goli na mecz: <span style=\"color: #993300;\">7,2<\/span><\/strong><br \/>\n<strong>Wygrane:<\/strong><span style=\"color: #993300;\"><strong>\u00a05<\/strong><\/span><br \/>\n<strong>Remisy:\u00a0<\/strong><span style=\"color: #993300;\"><strong>0<\/strong><\/span><br \/>\n<strong>Walkowery:<\/strong><strong>\u00a0<\/strong><span style=\"color: #993300;\"><strong>0<\/strong><\/span><br \/>\n<strong>Najwi\u0119cej goli strzelonych w meczu: <span style=\"color: #993300;\">11 goli<\/span><\/strong><strong> (Maxfol &#8211; Tylicz.Ski 4:7)\u00a0<\/strong><br \/>\n<strong>Najwy\u017csza wygrana:<\/strong><strong>\u00a0<span style=\"color: #993300;\">7:1<\/span> (Bastek Garnitury : Batimowcy)<\/strong><br \/>\n<strong>Ilo\u015b\u0107 \u017c\u00f3\u0142tych kartek: <\/strong><span style=\"color: #993300;\"><strong>5<\/strong><\/span><br \/>\n<strong>Ilo\u015b\u0107 czerwonych kartek:<\/strong><strong> <span style=\"color: #993300;\">1<\/span><\/strong><\/p>\n<h1><span style=\"color: #993300;\">4 KOLEJKA (30 LISTOPAD 2023)<\/span><\/h1>\n<p><strong>Liczba meczy:<\/strong><strong>\u00a0<span style=\"color: #993300;\">5<\/span><\/strong><br \/>\n<strong>Liczba goli:<\/strong><strong> <span style=\"color: #993300;\">33<\/span><\/strong><br \/>\n<strong>\u015arednia ilo\u015b\u0107 goli na mecz: <span style=\"color: #993300;\">6,6<\/span><\/strong><br \/>\n<strong>Wygrane:<\/strong><span style=\"color: #993300;\"><strong>\u00a05<\/strong><\/span><br \/>\n<strong>Remisy:\u00a0<\/strong><span style=\"color: #993300;\"><strong>0<\/strong><\/span><br \/>\n<strong>Walkowery:<\/strong><strong>\u00a0<\/strong><span style=\"color: #993300;\"><strong>0<\/strong><\/span><br \/>\n<strong>Najwi\u0119cej goli strzelonych w meczu: <span style=\"color: #993300;\">10 goli<\/span><\/strong><strong> (Gold Team\/Meble Lorek &#8211; Maxfol 6:4)\u00a0<\/strong><br \/>\n<strong>Najwy\u017csza wygrana:<\/strong><strong>\u00a0<span style=\"color: #993300;\">9:0<\/span> (Dom Weselny Sylwia &#8211; S\u0105czersi)<\/strong><br \/>\n<strong>Ilo\u015b\u0107 \u017c\u00f3\u0142tych kartek: <\/strong><span style=\"color: #993300;\"><strong>2<\/strong><\/span><br \/>\n<strong>Ilo\u015b\u0107 czerwonych kartek:<\/strong><strong> <span style=\"color: #993300;\">0<\/span><\/strong><\/p>\n<h1><span style=\"color: #993300;\">5 KOLEJKA (7 GRUDZIE\u0143 2023)<\/span><\/h1>\n<p><strong>Liczba meczy:<\/strong><strong>\u00a0<span style=\"color: #993300;\">5<\/span><\/strong><br \/>\n<strong>Liczba goli:<\/strong><strong> <span style=\"color: #993300;\">43<\/span><\/strong><br \/>\n<strong>\u015arednia ilo\u015b\u0107 goli na mecz: <span style=\"color: #993300;\">8,6<\/span><\/strong><br \/>\n<strong>Wygrane:<\/strong><span style=\"color: #993300;\"><strong>\u00a05<\/strong><\/span><br \/>\n<strong>Remisy:\u00a0<\/strong><span style=\"color: #993300;\"><strong>0<\/strong><\/span><br \/>\n<strong>Walkowery:<\/strong><strong>\u00a0<\/strong><span style=\"color: #993300;\"><strong>0<\/strong><\/span><br \/>\n<strong>Najwi\u0119cej goli strzelonych w meczu: <span style=\"color: #993300;\">11 goli<\/span><\/strong><strong> (Batimowcy &#8211; S\u0105czersi 3:8)\u00a0<\/strong><br \/>\n<strong>Najwy\u017csza wygrana:<\/strong><strong>\u00a0<span style=\"color: #993300;\">3:8<\/span> (Batimowcy &#8211; S\u0105czersi)<\/strong><br \/>\n<strong>Ilo\u015b\u0107 \u017c\u00f3\u0142tych kartek: <\/strong><span style=\"color: #993300;\"><strong>10<\/strong><\/span><br \/>\n<strong>Ilo\u015b\u0107 czerwonych kartek:<\/strong><strong> <span style=\"color: #993300;\">1<\/span><\/strong><\/p>\n<h1><span style=\"color: #993300;\">6 KOLEJKA (14 GRUDZIE\u0143 2023)<\/span><\/h1>\n<p><strong>Liczba meczy:<\/strong><strong>\u00a0<span style=\"color: #993300;\">5<\/span><\/strong><br \/>\n<strong>Liczba goli:<\/strong><strong> <span style=\"color: #993300;\">36<\/span><\/strong><br \/>\n<strong>\u015arednia ilo\u015b\u0107 goli na mecz: <span style=\"color: #993300;\">7,2<\/span><\/strong><br \/>\n<strong>Wygrane:<\/strong><span style=\"color: #993300;\"><strong> 4<\/strong><\/span><br \/>\n<strong>Remisy:\u00a0<\/strong><span style=\"color: #993300;\"><strong>1<\/strong><\/span><br \/>\n<strong>Walkowery:<\/strong><strong>\u00a0<\/strong><span style=\"color: #993300;\"><strong>0<\/strong><\/span><br \/>\n<strong>Najwi\u0119cej goli strzelonych w meczu: <span style=\"color: #993300;\">9 goli<\/span><\/strong><strong> (Trade : Dom Weselny Sylwia 3:6), (Mafol : Batimowcy 6:3), (S\u0105czersi : Tylicz.Ski 4:5)\u00a0<\/strong><br \/>\n<strong>Najwy\u017csza wygrana:<\/strong><strong>\u00a0<span style=\"color: #993300;\">3:0<\/span> (Gold Team\/Meble Lorek : G\u0142odzik i Smajdor Team)<\/strong><br \/>\n<strong>Ilo\u015b\u0107 \u017c\u00f3\u0142tych kartek: <\/strong><span style=\"color: #993300;\"><strong>5<\/strong><\/span><br \/>\n<strong>Ilo\u015b\u0107 czerwonych kartek:<\/strong><strong> <span style=\"color: #993300;\">0<\/span><\/strong><\/p>\n<h1><span style=\"color: #993300;\">7 KOLEJKA (21 GRUDZIE\u0143 2023)<\/span><\/h1>\n<p><strong>Liczba meczy:<\/strong><strong>\u00a0<span style=\"color: #993300;\">5<\/span><\/strong><br \/>\n<strong>Liczba goli:<\/strong><strong> <span style=\"color: #993300;\">39<\/span><\/strong><br \/>\n<strong>\u015arednia ilo\u015b\u0107 goli na mecz: <span style=\"color: #993300;\">7,2<\/span><\/strong><br \/>\n<strong>Wygrane:<\/strong><span style=\"color: #993300;\"><strong> 5<\/strong><\/span><br \/>\n<strong>Remisy:\u00a0<\/strong><span style=\"color: #993300;\"><strong>0<\/strong><\/span><br \/>\n<strong>Walkowery:<\/strong><strong>\u00a0<\/strong><span style=\"color: #993300;\"><strong>0<\/strong><\/span><br \/>\n<strong>Najwi\u0119cej goli strzelonych w meczu: <span style=\"color: #993300;\">12 goli<\/span><\/strong><strong> (Dom Weselny Sylwia : Bastek Garnitury 8:4)\u00a0<\/strong><br \/>\n<strong>Najwy\u017csza wygrana:<\/strong><strong>\u00a0<span style=\"color: #993300;\">5:0<\/span> (Maxfol : G\u0142odzik i Smajdor Team)<\/strong><br \/>\n<strong>Ilo\u015b\u0107 \u017c\u00f3\u0142tych kartek: <\/strong><span style=\"color: #993300;\"><strong>4<\/strong><\/span><br \/>\n<strong>Ilo\u015b\u0107 czerwonych kartek:<\/strong><strong> <span style=\"color: #993300;\">2<\/span><\/strong><\/p>\n<h1><span style=\"color: #993300;\">8 KOLEJKA (4 stycze\u0144 2024)<\/span><\/h1>\n<p><strong>Liczba meczy:<\/strong><strong>\u00a0<span style=\"color: #993300;\">5<\/span><\/strong><br \/>\n<strong>Liczba goli:<\/strong><strong> <span style=\"color: #993300;\">25<\/span><\/strong><br \/>\n<strong>\u015arednia ilo\u015b\u0107 goli na mecz: <span style=\"color: #993300;\">5<\/span><\/strong><br \/>\n<strong>Wygrane:<\/strong><span style=\"color: #993300;\"><strong> 4<\/strong><\/span><br \/>\n<strong>Remisy:\u00a0<\/strong><span style=\"color: #993300;\"><strong>1<\/strong><\/span><br \/>\n<strong>Walkowery:<\/strong><strong>\u00a0<\/strong><span style=\"color: #993300;\"><strong>0<\/strong><\/span><br \/>\n<strong>Najwi\u0119cej goli strzelonych w meczu: <span style=\"color: #993300;\">12 goli<\/span><\/strong><strong> (Tylicz.Ski : Batimowcy 10:2)\u00a0<\/strong><br \/>\n<strong>Najwy\u017csza wygrana:<\/strong><strong>\u00a0<span style=\"color: #993300;\">10:2<\/span> (Tylicz.Ski : Batimowcy)<\/strong><br \/>\n<strong>Ilo\u015b\u0107 \u017c\u00f3\u0142tych kartek: <\/strong><span style=\"color: #993300;\"><strong>6<\/strong><\/span><br \/>\n<strong>Ilo\u015b\u0107 czerwonych kartek:<\/strong><strong> <span style=\"color: #993300;\">0<\/span><\/strong><\/p>\n<h1><span style=\"color: #993300;\">9 KOLEJKA (11 stycze\u0144 2024)<\/span><\/h1>\n<p><strong>Liczba meczy:<\/strong><strong>\u00a0<span style=\"color: #993300;\">5<\/span><\/strong><br \/>\n<strong>Liczba goli:<\/strong><strong> <span style=\"color: #993300;\">32<\/span><\/strong><br \/>\n<strong>\u015arednia ilo\u015b\u0107 goli na mecz: <span style=\"color: #993300;\">6,4<\/span><\/strong><br \/>\n<strong>Wygrane:<\/strong><span style=\"color: #993300;\"><strong> 3<\/strong><\/span><br \/>\n<strong>Remisy:\u00a0<\/strong><span style=\"color: #993300;\"><strong>2<\/strong><\/span><br \/>\n<strong>Walkowery:<\/strong><strong>\u00a0<\/strong><span style=\"color: #993300;\"><strong>0<\/strong><\/span><br \/>\n<strong>Najwi\u0119cej goli strzelonych w meczu: <span style=\"color: #993300;\">13 goli<\/span><\/strong><strong> (DripShop &amp; Pakersi : Gold Team\/Meble Lorek 5:8)\u00a0<\/strong><br \/>\n<strong>Najwy\u017csza wygrana:<\/strong><strong>\u00a0<span style=\"color: #993300;\">5:1<\/span> (Maxfol : Bastek Garnitury)<\/strong><br \/>\n<strong>Ilo\u015b\u0107 \u017c\u00f3\u0142tych kartek: <\/strong><span style=\"color: #993300;\"><strong>7<\/strong><\/span><br \/>\n<strong>Ilo\u015b\u0107 czerwonych kartek:<\/strong><strong> <span style=\"color: #993300;\">1<\/span><\/strong><\/p>\n<h1><span style=\"color: #993300;\">10 KOLEJKA (25 stycze\u0144 2024)<\/span><\/h1>\n<p><strong>Liczba meczy:<\/strong><strong>\u00a0<span style=\"color: #993300;\">4<\/span><\/strong><br \/>\n<strong>Liczba goli:<\/strong><strong> <span style=\"color: #993300;\">31<\/span><\/strong><br \/>\n<strong>\u015arednia ilo\u015b\u0107 goli na mecz: <span style=\"color: #993300;\">6,2<\/span><\/strong><br \/>\n<strong>Wygrane:<\/strong><span style=\"color: #993300;\"><strong> 4<\/strong><\/span><br \/>\n<strong>Remisy:\u00a0<\/strong><span style=\"color: #993300;\"><strong>0<\/strong><\/span><br \/>\n<strong>Walkowery:<\/strong><strong>\u00a0<\/strong><span style=\"color: #993300;\"><strong>1<\/strong><\/span><br \/>\n<strong>Najwi\u0119cej goli strzelonych w meczu: <span style=\"color: #993300;\">14 goli<\/span><\/strong><strong> (Batimowcy : Bastek Garnitury 5:9)\u00a0<\/strong><br \/>\n<strong>Najwy\u017csza wygrana:<\/strong><strong>\u00a0<span style=\"color: #993300;\">6:0<\/span> (DripShop &amp; Pakersi : G\u0142odzik i Smajdor Team)<\/strong><br \/>\n<strong>Ilo\u015b\u0107 \u017c\u00f3\u0142tych kartek: <\/strong><span style=\"color: #993300;\"><strong>2<\/strong><\/span><br \/>\n<strong>Ilo\u015b\u0107 czerwonych kartek:<\/strong><strong> <span style=\"color: #993300;\">0<\/span><\/strong><\/p>\n<h1><span style=\"color: #993300;\">11 KOLEJKA (1 luty 2024)<\/span><\/h1>\n<p><strong>Liczba meczy:<\/strong><strong>\u00a0<span style=\"color: #993300;\">4<\/span><\/strong><br \/>\n<strong>Liczba goli:<\/strong><strong> <span style=\"color: #993300;\">26<\/span><\/strong><br \/>\n<strong>\u015arednia ilo\u015b\u0107 goli na mecz: <span style=\"color: #993300;\">6,5<\/span><\/strong><br \/>\n<strong>Wygrane:<\/strong><span style=\"color: #993300;\"><strong> 4<\/strong><\/span><br \/>\n<strong>Remisy:\u00a0<\/strong><span style=\"color: #993300;\"><strong>0<\/strong><\/span><br \/>\n<strong>Walkowery:<\/strong><strong>\u00a0<\/strong><span style=\"color: #993300;\"><strong>0<\/strong><\/span><br \/>\n<strong>Najwi\u0119cej goli strzelonych w meczu: <span style=\"color: #993300;\">10 goli<\/span><\/strong><strong> (S\u0105czersi : Tylicz.Ski 4:6)\u00a0<\/strong><br \/>\n<strong>Najwy\u017csza wygrana:<\/strong><strong>\u00a0<span style=\"color: #993300;\">4:6<\/span> (S\u0105czersi : Tylicz.Ski)\u00a0<span style=\"color: #993300;\">2:4\u00a0<span style=\"color: #333333;\">(G\u0142odzik i Smajdor Team : Bastek Garnitury)<\/span><\/span><\/strong><br \/>\n<strong>Ilo\u015b\u0107 \u017c\u00f3\u0142tych kartek: <\/strong><span style=\"color: #993300;\"><strong>4<\/strong><\/span><br \/>\n<strong>Ilo\u015b\u0107 czerwonych kartek:<\/strong><strong> <span style=\"color: #993300;\">3<\/span><\/strong><\/p>\n<h1><span style=\"color: #993300;\">12 KOLEJKA (8 luty 2024)<\/span><\/h1>\n<p><strong>Liczba meczy:<\/strong><strong>\u00a0<span style=\"color: #993300;\">4<\/span><\/strong><br \/>\n<strong>Liczba goli:<\/strong><strong> <span style=\"color: #993300;\">24<\/span><\/strong><br \/>\n<strong>\u015arednia ilo\u015b\u0107 goli na mecz: <span style=\"color: #993300;\">6,0<\/span><\/strong><br \/>\n<strong>Wygrane:<\/strong><span style=\"color: #993300;\"><strong> 4<\/strong><\/span><br \/>\n<strong>Remisy:\u00a0<\/strong><span style=\"color: #993300;\"><strong>0<\/strong><\/span><br \/>\n<strong>Walkowery:<\/strong><strong>\u00a0<\/strong><span style=\"color: #993300;\"><strong>0<\/strong><\/span><br \/>\n<strong>Najwi\u0119cej goli strzelonych w meczu: <span style=\"color: #993300;\">9 goli<\/span><\/strong><strong> (G\u0142odzik i Smajdor Team : Batimowcy 4:5)\u00a0<\/strong><br \/>\n<strong>Najwy\u017csza wygrana:<\/strong><strong>\u00a0<span style=\"color: #993300;\">3:1<\/span> (DripShop &amp; Pakersi : Trade)<\/strong><br \/>\n<strong>Ilo\u015b\u0107 \u017c\u00f3\u0142tych kartek: <\/strong><span style=\"color: #993300;\"><strong>4<\/strong><\/span><br \/>\n<strong>Ilo\u015b\u0107 czerwonych kartek:<\/strong><strong> <span style=\"color: #993300;\">0<\/span><\/strong><\/p>\n<h1><span style=\"color: #993300;\">13 KOLEJKA (15 luty 2024)<\/span><\/h1>\n<p><strong>Liczba meczy:<\/strong><strong>\u00a0<span style=\"color: #993300;\">4<\/span><\/strong><br \/>\n<strong>Liczba goli:<\/strong><strong> <span style=\"color: #993300;\">31<\/span><\/strong><br \/>\n<strong>\u015arednia ilo\u015b\u0107 goli na mecz: <span style=\"color: #993300;\">7,75<\/span><\/strong><br \/>\n<strong>Wygrane:<\/strong><span style=\"color: #993300;\"><strong> 4<\/strong><\/span><br \/>\n<strong>Remisy:\u00a0<\/strong><span style=\"color: #993300;\"><strong>0<\/strong><\/span><br \/>\n<strong>Walkowery:<\/strong><strong>\u00a0<\/strong><span style=\"color: #993300;\"><strong>0<\/strong><\/span><br \/>\n<strong>Najwi\u0119cej goli strzelonych w meczu: <span style=\"color: #993300;\">11 goli<\/span><\/strong><strong> (Bastek Garnitury : DripShop &amp; Pakersi 3:8)\u00a0<\/strong><br \/>\n<strong>Najwy\u017csza wygrana:<\/strong><strong>\u00a0<span style=\"color: #993300;\">3:8<\/span> (Bastek Garnitury : DripShop &amp; Pakersi)<\/strong><br \/>\n<strong>Ilo\u015b\u0107 \u017c\u00f3\u0142tych kartek: <\/strong><span style=\"color: #993300;\"><strong>3<\/strong><\/span><br \/>\n<strong>Ilo\u015b\u0107 czerwonych kartek:<\/strong><strong> <span style=\"color: #993300;\">0<\/span><\/strong><\/p>\n<h1><span style=\"color: #993300;\">14 KOLEJKA (22 luty 2024)<\/span><\/h1>\n<p><strong>Liczba meczy:<\/strong><strong>\u00a0<span style=\"color: #993300;\">4<\/span><\/strong><br \/>\n<strong>Liczba goli:<\/strong><strong> <span style=\"color: #993300;\">41<\/span><\/strong><br \/>\n<strong>\u015arednia ilo\u015b\u0107 goli na mecz: <span style=\"color: #993300;\">10,25<\/span><\/strong><br \/>\n<strong>Wygrane:<\/strong><span style=\"color: #993300;\"><strong> 4<\/strong><\/span><br \/>\n<strong>Remisy:\u00a0<\/strong><span style=\"color: #993300;\"><strong>0<\/strong><\/span><br \/>\n<strong>Walkowery:<\/strong><strong>\u00a0<\/strong><span style=\"color: #993300;\"><strong>0<\/strong><\/span><br \/>\n<strong>Najwi\u0119cej goli strzelonych w meczu: <span style=\"color: #993300;\">12 goli<\/span><\/strong><strong> (Batimowcy : DripShop &amp; Pakersi 1:11)\u00a0<\/strong><br \/>\n<strong>Najwy\u017csza wygrana:<\/strong><strong>\u00a0<span style=\"color: #993300;\">1:11<\/span> (Batimowcy : DripShop &amp; Pakersi)<\/strong><br \/>\n<strong>Ilo\u015b\u0107 \u017c\u00f3\u0142tych kartek: <\/strong><span style=\"color: #993300;\"><strong>4<\/strong><\/span><br \/>\n<strong>Ilo\u015b\u0107 czerwonych kartek:<\/strong><strong> <span style=\"color: #993300;\">0<\/span><\/strong><\/p>\n","protected":false},"excerpt":{"rendered":"<p>1 KOLEJKA (9 LISTOPAD 2023) Liczba meczy:\u00a05 Liczba goli:\u00a037 \u015arednia ilo\u015b\u0107 goli na mecz:\u00a07,4 Wygrane:\u00a05 Remisy:\u00a00 Walkowery:\u00a00 Najwi\u0119cej goli strzelonych w meczu: 10 goli (Gold Team\/Meble Lorek : Batimowcy 9:1)\u00a0 Najwy\u017csza wygrana:\u00a09:1 (Gold Team\/Meble Lorek : Batimowcy) Ilo\u015b\u0107 \u017c\u00f3\u0142tych kartek:\u00a05 Ilo\u015b\u0107 czerwonych kartek:\u00a00 2 KOLEJKA (16 LISTOPAD 2023) Liczba meczy:\u00a05 Liczba goli:\u00a045 \u015arednia ilo\u015b\u0107 goli [&hellip;]<\/p>\n","protected":false},"author":1,"featured_media":0,"parent":8132,"menu_order":0,"comment_status":"closed","ping_status":"closed","template":"","meta":{"footnotes":""},"_links":{"self":[{"href":"https:\/\/lfsportevents.pl\/ligafutsalu2023\/wp-json\/wp\/v2\/pages\/8152"}],"collection":[{"href":"https:\/\/lfsportevents.pl\/ligafutsalu2023\/wp-json\/wp\/v2\/pages"}],"about":[{"href":"https:\/\/lfsportevents.pl\/ligafutsalu2023\/wp-json\/wp\/v2\/types\/page"}],"author":[{"embeddable":true,"href":"https:\/\/lfsportevents.pl\/ligafutsalu2023\/wp-json\/wp\/v2\/users\/1"}],"replies":[{"embeddable":true,"href":"https:\/\/lfsportevents.pl\/ligafutsalu2023\/wp-json\/wp\/v2\/comments?post=8152"}],"version-history":[{"count":2,"href":"https:\/\/lfsportevents.pl\/ligafutsalu2023\/wp-json\/wp\/v2\/pages\/8152\/revisions"}],"predecessor-version":[{"id":26255,"href":"https:\/\/lfsportevents.pl\/ligafutsalu2023\/wp-json\/wp\/v2\/pages\/8152\/revisions\/26255"}],"up":[{"embeddable":true,"href":"https:\/\/lfsportevents.pl\/ligafutsalu2023\/wp-json\/wp\/v2\/pages\/8132"}],"wp:attachment":[{"href":"https:\/\/lfsportevents.pl\/ligafutsalu2023\/wp-json\/wp\/v2\/media?parent=8152"}],"curies":[{"name":"wp","href":"https:\/\/api.w.org\/{rel}","templated":true}]}}