{"id":286,"date":"2016-01-25T19:44:10","date_gmt":"2016-01-25T18:44:10","guid":{"rendered":"https:\/\/lfsportevents.pl\/ligafutsalu2023\/?page_id=286"},"modified":"2024-02-21T08:44:06","modified_gmt":"2024-02-21T07:44:06","slug":"partnerzy","status":"publish","type":"page","link":"https:\/\/lfsportevents.pl\/ligafutsalu2023\/partnerzy\/","title":{"rendered":"Partnerzy"},"content":{"rendered":"<h2 class=\"sp-table-caption\">Sponsor Tytularny<\/h2>\n<div class=\"sponsor-wrap clear\">\n<div class=\"sponsor-logo\"><img loading=\"lazy\" decoding=\"async\" class=\"alignnone wp-image-402 size-full\" src=\"https:\/\/lfsportevents.pl\/ligafutsalu2023\/wp-content\/uploads\/2016\/02\/logo-elkag.png\" alt=\"\" width=\"200\" height=\"78\" srcset=\"https:\/\/lfsportevents.pl\/ligafutsalu2023\/wp-content\/uploads\/2016\/02\/logo-elkag.png 200w, https:\/\/lfsportevents.pl\/ligafutsalu2023\/wp-content\/uploads\/2016\/02\/logo-elkag-128x50.png 128w, https:\/\/lfsportevents.pl\/ligafutsalu2023\/wp-content\/uploads\/2016\/02\/logo-elkag-32x12.png 32w\" sizes=\"(max-width: 200px) 100vw, 200px\" \/><\/div>\n<div class=\"sponsor-content\">\n<h2>EL-KAG<\/h2>\n<p class=\"adres\"><i class=\"fa fa-futbol-o\"><\/i><a href=\"http:\/\/www.elkag.pl\/\">www.elkag.pl<\/a><\/p>\n<p style=\"text-align: justify;\">Grupa Hurtowni Elektrotechnicznych EL-KAG to znacz\u0105cy dystrybutor produkt\u00f3w elektrotechnicznych. Firma obecna jest na polskim rynku od ponad 20 lat. Dla swoich partner\u00f3w biznesowych przygotowali kompleksow\u0105 ofert\u0119 produktow\u0105, na kt\u00f3r\u0105 sk\u0142adaj\u0105 si\u0119:<\/p>\n<ul style=\"text-align: justify;\">\n<li>kable i przewody, s\u0142upy o\u015bwietleniowe, aparatura, technika o\u015bwietleniowa, osprz\u0119t instalacyjny, osprz\u0119t kablowy<\/li>\n<\/ul>\n<p style=\"text-align: justify;\">Poprzez w\u0142asn\u0105 sie\u0107 sprzeda\u017cy produkty z dziedziny elektryki i automatyki dostarczane s\u0105 do klient\u00f3w na rynki z bran\u017c takich jak:<\/p>\n<ul style=\"text-align: justify;\">\n<li>Elektrotechnika, budownictwo, energetyka, automatyka, telekomunikacja, g\u00f3rnictwo<\/li>\n<\/ul>\n<p style=\"text-align: justify;\">Dzi\u0119ki nowoczesnemu systemowi zam\u00f3wie\u0144 wraz z internetow\u0105 platform\u0105 zakupow\u0105, nasze oddzia\u0142y zapewniaj\u0105 profesjonalny standard obs\u0142ugi Klienta. Magazyn Centralny pracuje w systemie wyd\u0142u\u017conego czasu pracy i gwarantuje sprawny zakres us\u0142ug logistycznych: magazynowanie, konfekcjonowanie, transport. Dzi\u0119ki temu wyr\u00f3\u017cniamy si\u0119 kr\u00f3tkim cyklem realizacji dostaw. Powierzchnia magazynowa to ponad 5000m2 powierzchni, na kt\u00f3rej znajduje si\u0119 60 000 pozycji.<\/p>\n<p style=\"text-align: justify;\">Dystrybucja produkt\u00f3w elektrotechnicznych wraz ze zintegrowanymi us\u0142ugami dedykowanymi do naszych klient\u00f3w czyni z nas Partnera, kt\u00f3ry oferuje kompleksowo\u015b\u0107 obs\u0142ugi w optymalnym czasie. W codziennej pracy, w stosunku do naszych dostawc\u00f3w, Klient\u00f3w i pracownik\u00f3w kierujemy si\u0119 katalogiem warto\u015bci EL-KAG.<\/p>\n<p style=\"text-align: justify;\">Jeste\u015bmy firm\u0105 prywatn\u0105, w kt\u00f3rej ludzie dobierani s\u0105 w oparciu o kompetencje. Wyst\u0119puj\u0105ce w organizacji powi\u0105zania rodzinne s\u0105 warto\u015bci\u0105, kt\u00f3ra buduje atmosfer\u0119 pracy i wzmacnia zaanga\u017cowanie w jako\u015b\u0107 obs\u0142ugi naszych Klient\u00f3w.<\/p>\n<\/div>\n<\/div>\n<h2 class=\"sp-table-caption\">Sponsorzy Strategiczni<\/h2>\n<div class=\"sponsor-wrap clear\">\n<div class=\"sponsor-logo\"><img loading=\"lazy\" decoding=\"async\" class=\"alignleft wp-image-19316 size-medium\" src=\"https:\/\/lfsportevents.pl\/ligafutsalu2023\/wp-content\/uploads\/2020\/10\/Pabud-300x212.png\" alt=\"\" width=\"300\" height=\"212\" srcset=\"https:\/\/lfsportevents.pl\/ligafutsalu2023\/wp-content\/uploads\/2020\/10\/Pabud-300x212.png 300w, https:\/\/lfsportevents.pl\/ligafutsalu2023\/wp-content\/uploads\/2020\/10\/Pabud-768x543.png 768w, https:\/\/lfsportevents.pl\/ligafutsalu2023\/wp-content\/uploads\/2020\/10\/Pabud-1024x724.png 1024w, https:\/\/lfsportevents.pl\/ligafutsalu2023\/wp-content\/uploads\/2020\/10\/Pabud-128x90.png 128w, https:\/\/lfsportevents.pl\/ligafutsalu2023\/wp-content\/uploads\/2020\/10\/Pabud-32x23.png 32w, https:\/\/lfsportevents.pl\/ligafutsalu2023\/wp-content\/uploads\/2020\/10\/Pabud-550x389.png 550w, https:\/\/lfsportevents.pl\/ligafutsalu2023\/wp-content\/uploads\/2020\/10\/Pabud.png 1169w\" sizes=\"(max-width: 300px) 100vw, 300px\" \/><\/div>\n<div class=\"sponsor-content\">\n<h2>PABUD<\/h2>\n<p class=\"adres\" style=\"text-align: justify;\"><span class=\"tojvnm2t a6sixzi8 abs2jz4q a8s20v7p t1p8iaqh k5wvi7nf q3lfd5jv pk4s997a bipmatt0 cebpdrjk qowsmv63 owwhemhu dp1hu0rb dhp61c6y iyyx5f41\">Firma PABUD dzia\u0142a w bran\u017cy budowlanej od 1995 roku. Zajmujemy si\u0119 generalnym wykonawstwem inwestycji budowlanych, kompleksow\u0105 budow\u0105 dom\u00f3w jednorodzinnych oraz profesjonalnym brukarstwem. Dzia\u0142aj\u0105c na rynku od kilkunastu lat, stworzyli\u015bmy kadr\u0119 doskonale wykwalifikowanych pracownik\u00f3w. Posiadamy r\u00f3wnie\u017c doskona\u0142e zaplecze techniczne oraz niezb\u0119dne sprz\u0119ty budowlane do sprawnej i profesjonalnej realizacji zlece\u0144. Nasza firma wykonuje pe\u0142en zakres prac budowlanych oraz remontowych w budynkach mieszkalnych, halach, biurach oraz innych obiektach u\u017cytkowych. Prowadzimy budowy budynk\u00f3w przemys\u0142owych oraz dom\u00f3w pod klucz. Cechuje nas rzetelno\u015b\u0107 oraz solidno\u015b\u0107. Wszelkie przyj\u0119te zlecenia wykonujemy w wyznaczonym terminie, a na wykonane prace udzielamy 3-letniej gwarancji. Dane adresowe: Brzezna \u202a380 33-386\u202c Podegrodzie Dane kontaktowe: tel. \u202a602 265 125\u202c, \u202a784 509 862\u202c e-mail: kontakt@pa-bud.pl<\/span><\/p>\n<\/div>\n<\/div>\n<div class=\"sponsor-wrap clear\">\n<div class=\"sponsor-logo\"><img loading=\"lazy\" decoding=\"async\" class=\"alignleft wp-image-19316 size-medium\" src=\"https:\/\/lfsportevents.pl\/ligafutsalu2023\/wp-content\/uploads\/logo\/krol.png\" alt=\"\" width=\"300\" height=\"212\" \/><\/div>\n<div class=\"sponsor-content\">\n<h2>OKNA Kr\u00f3l<\/h2>\n<p class=\"adres\"><i class=\"fa fa-futbol-o\"><\/i><a href=\"http:\/\/www.okna-krol.pl\/\">www.okna-krol.pl<\/a><\/p>\n<p>OPIS<\/p>\n<\/div>\n<\/div>\n<div class=\"sponsor-wrap clear\">\n<div class=\"sponsor-logo\"><img loading=\"lazy\" decoding=\"async\" class=\"alignleft wp-image-19316 size-medium\" src=\"https:\/\/lfsportevents.pl\/ligafutsalu2023\/wp-content\/uploads\/logo\/blackbird.jpg\" alt=\"\" width=\"300\" height=\"212\" \/><\/div>\n<div class=\"sponsor-content\">\n<h2>Black Bird<\/h2>\n<p class=\"adres\"><i class=\"fa fa-futbol-o\"><\/i><a href=\"https:\/\/www.blackbird.info.pl\/\">www.blackbird.info.pl<\/a><\/p>\n<p>OPIS<\/p>\n<\/div>\n<\/div>\n<div class=\"sponsor-wrap clear\">\n<div class=\"sponsor-logo\"><img decoding=\"async\" class=\"alignnone wp-image-402 size-full\" src=\"https:\/\/lfsportevents.pl\/ligafutsalu2023\/wp-content\/uploads\/logo\/ibis.png\" alt=\"\" \/><\/div>\n<div class=\"sponsor-content\">\n<h2>Hotel Ibis<\/h2>\n<p class=\"adres\"><a href=\"https:\/\/www.facebook.com\/ibisnowysacz\" target=\"_blank\" rel=\"noopener noreferrer\">ibisnowysacz<\/a><\/p>\n<p style=\"text-align: justify;\">Hotel Ibis Styles Nowy S\u0105cz to jeden z najnowocze\u015bniejszych obiekt\u00f3w noclegowych na S\u0105decczy\u017anie. Do dyspozycji naszych Go\u015bci oddajemy 57 klimatyzowanych, komfortowych i przytulnych pokoi wyposa\u017conych we wszelakie udogodnienia. Tworz\u0105 one doskona\u0142e warunki zar\u00f3wno do pracy jak i do odpoczynku. W ka\u017cdym z nich znajduje si\u0119 TV-SAT, sejf, zestaw do parzenia kawy, herbaty, telefon oraz bezp\u0142atny dost\u0119p do Internetu. Hotel Ibis Styles Nowy S\u0105cz to r\u00f3wnie\u017c doskona\u0142e miejsce do zorganizowania spotka\u0144 biznesowych, konferencji i wszelkiego rodzaju meeting\u00f3w. Dysponujemy pi\u0119cioma dobrze wyposa\u017conymi salami konferencyjnymi, kt\u00f3re na Pa\u0144stwa \u017cyczenie dopasujemy do indywidualnych potrzeb i sugestii. Wn\u0119trza i niezb\u0119dny sprz\u0119t mo\u017cemy zaaran\u017cowa\u0107 w dowolnej konfiguracji. Pomieszczenia konferencyjne s\u0105 klimatyzowane i maj\u0105 dost\u0119p zar\u00f3wno do sztucznego, jak i naturalnego \u015bwiat\u0142a. Hotel Ibis Styles Nowy S\u0105cz usytuowany jest w spokojnej i cichej dzielnicy, w niedalekiej odleg\u0142o\u015bci od \u015bcis\u0142ego centrum miasta, w odleg\u0142o\u015bci 10 minut od Dworca Kolejowego i Autobusowego w Nowym S\u0105czu przy g\u0142\u00f3wnej trasie Nowy S\u0105cz \u2013 Krynica, drodze krajowej nr 75.<br \/>\nSt\u0105d wsz\u0119dzie jest blisko: uzdrowiskowa Krynica, Muszyna, prze\u0142om Dunajca i Popradu, \u0141\u0105ckie sady i \u015bliwowica, stoki narciarskie, usytuowanie na skrzy\u017cowaniu wa\u017cnych szlak\u00f3w komunikacyjnych oraz malowniczych szlak\u00f3w turystycznych, wok\u00f3\u0142 pi\u0119kna, beskidzka przyroda i \u017cyczliwi mieszka\u0144cy.<\/p>\n<\/div>\n<\/div>\n<div class=\"sponsor-wrap clear\">\n<div class=\"sponsor-logo\"><img decoding=\"async\" class=\"alignnone wp-image-402 size-full\" src=\"https:\/\/lfsportevents.pl\/ligafutsalu2023\/wp-content\/uploads\/logo\/golsport.png\" alt=\"\" \/><\/div>\n<div class=\"sponsor-content\">\n<h2>Golsport<\/h2>\n<p class=\"adres\"><a href=\"http:\/\/www.wsaczu.eu\/ogloszenie-GOL-SPORT-632-25.html\">strona www<\/a><\/p>\n<p>Firma Golsport jest sklepem sportowym oferuj\u0105cym szeroki asortyment sportowy, pocz\u0105wszy od mniej znanych firm do najwi\u0119kszych potentat\u00f3w takich jak Adidas, Nike, Puma Selecta, Zina. Oferujemy bardzo du\u017cy wyb\u00f3r z zakresie r\u00f3\u017cnych dyscyplin sportowych, jednak\u017ce nasz\u0105 wiod\u0105c\u0105 sprzeda\u017c\u0105 s\u0105 akcesoria pi\u0142karskie takie jak: Buty sportowe, korki, hal\u00f3wki, ochraniacze, komplety pi\u0142karskie i bramkarskie. Du\u017cym wyborem ciesz\u0105 si\u0119 u nas profesjonalne pi\u0142ki do pi\u0142ki no\u017cnej i siatk\u00f3wki. Posiadamy r\u00f3wnie\u017c akcesoria do pi\u0142ek, sportowej pomocy medycznej, znaczniki, oraz elementy do treningu sportowego typu tyczki, pacho\u0142ki itp. W naszym sklepie znajdziecie r\u00f3wnie\u017c odzie\u017c, koszulki, dresy, kurtki.<\/p>\n<\/div>\n<\/div>\n<div class=\"sponsor-wrap clear\">\n<div class=\"sponsor-logo\"><img loading=\"lazy\" decoding=\"async\" class=\"alignnone wp-image-442 size-full\" src=\"https:\/\/lfsportevents.pl\/ligaorlika\/wp-content\/uploads\/logo\/drona-vista.jpg\" alt=\"\" width=\"200\" height=\"54\" \/><\/div>\n<div class=\"sponsor-content\">\n<h2>Drona Vista<\/h2>\n<p class=\"adres\"><i class=\"fa fa-futbol-o\"><\/i><a href=\"http:\/\/dronavista.pl\/\">dronavista.pl<\/a><\/p>\n<p>Posiadamy sklep internetowy, oraz sklep stacjonarny sprzedaj\u0105cy <em>drony w Nowym S\u0105czu<\/em>. Posiadamy r\u00f3wnie\u017c <em>serwis gwarancyjny DJI<\/em> oraz innych producent\u00f3w dron\u00f3w, <em>serwis sprz\u0119tu FPV i RC<\/em>. Wielk\u0105 zalet\u0105 jest w\u0142asne <em>zaplecze projektowe oraz produkcyjne<\/em>. Wychodz\u0105c naprzeciw wymaganiom prawa lotniczego wobec os\u00f3b pilotuj\u0105cych wielowirnikowce oferujemy <em>kompleksowe szkolenia teoretyczne<\/em>, oraz <em>praktyczne UAV VLOS\/ BVLOS<\/em>, organizujemy <em>egzamin pa\u0144stwowy UAV<\/em> na miejscu w Nowym S\u0105czu. Relacjonujemy <em>na \u017cywo imprezy masowe<\/em>. Serdecznie zapraszamy do wsp\u00f3\u0142pracy.<\/p>\n<\/div>\n<\/div>\n<div class=\"sponsor-wrap clear\">\n<div class=\"sponsor-logo\"><img loading=\"lazy\" decoding=\"async\" class=\"alignnone wp-image-433 size-full\" src=\"https:\/\/lfsportevents.pl\/ligaorlika2017\/wp-content\/uploads\/logo\/panorama.png\" alt=\"\" width=\"200\" height=\"50\" \/><\/div>\n<div class=\"sponsor-content\">\n<h2>Panorama Sport<\/h2>\n<p class=\"adres\"><i class=\"fa fa-futbol-o\"><\/i><a href=\"http:\/\/panorama-sport.pl\/\">panorama-sport.pl<\/a><\/p>\n<p style=\"text-align: justify;\">Firma Panorama Sport, posiada bardzo bogat\u0105 ofert\u0119 trofe\u00f3w sportowych oraz nagr\u00f3d korporacyjnych, dzia\u0142amy z pasj\u0105 i zaanga\u017cowaniem proponuj\u0105c najlepiej dopasowanie rozwi\u0105zania dla potrzeb swoich klient\u00f3w.<\/p>\n<\/div>\n<\/div>\n<div class=\"sponsor-wrap clear\">\n<div class=\"sponsor-logo\"><img decoding=\"async\" class=\"alignnone wp-image-383 size-full\" src=\"https:\/\/lfsportevents.pl\/ligaorlika\/wp-content\/uploads\/logo\/galat.jpg\" alt=\"\" \/><\/div>\n<div class=\"sponsor-content\">\n<h2>Ga\u0142at<\/h2>\n<p class=\"adres\"><i class=\"fa fa-futbol-o\"><\/i><a href=\"http:\/\/www.galat.pl\/\">www.galat.pl<\/a><\/p>\n<p style=\"text-align: justify;\">Od pocz\u0105tku naszej dzia\u0142alno\u015bci zajmujemy si\u0119 produkcj\u0105 oraz monta\u017cem stolarki aluminiowo-szklanej, bazuj\u0105c na rozwi\u0105zaniach jednego z najwi\u0119kszych dostawc\u00f3w system\u00f3w profili aluminiowych w Polsce \u2013 Firmy PONZIO. Dzi\u0119ki rozwojowi naszego przedsi\u0119biorstwa oraz profesjonalnej kadrze pracownik\u00f3w szybko uzyskali\u015bmy uznanie ze strony klient\u00f3w oraz bran\u017cy. Nasze produkty uzyska\u0142y liczne certyfikaty, gwarantuj\u0105ce ich sta\u0142\u0105 i wysok\u0105 jako\u015b\u0107. Du\u017ce zainteresowanie naszymi produktami sprawi\u0142o, \u017ce w listopadzie 2010 roku rozszerzyli\u015bmy swoja dzia\u0142alno\u015bci, buduj\u0105c now\u0105 hal\u0119 produkcyjn\u0105 w Nowym S\u0105czu. Powierzchnia produkcyjna zwi\u0119kszy\u0142a si\u0119 do ok 900m2. Obecnie podejmujemy dzia\u0142ania maj\u0105ce na celu zdobycie przez nasz\u0105 firm\u0119 certyfikatu ISO, zwi\u0119kszenie mo\u017cliwo\u015bci produkcyjnych oraz podwy\u017cszenie konkurencyjno\u015bci naszych produkt\u00f3w. Poza stolark\u0105 aluminiow\u0105 (okna i drzwi aluminiowe, automatyczne drzwi przesuwne itd.), znajduje si\u0119 r\u00f3wnie\u017c stolarka PCV, parapety, bramy gara\u017cowe, rolety, \u017caluzje, balustrady oraz szereg innych produkt\u00f3w.<\/p>\n<\/div>\n<\/div>\n<div class=\"sponsor-wrap clear\">\n<div class=\"sponsor-logo\"><img decoding=\"async\" class=\"alignnone wp-image-383 size-full\" src=\"https:\/\/lfsportevents.pl\/main\/wp-content\/uploads\/logo\/security.jpg\" alt=\"\" \/><\/div>\n<div class=\"sponsor-content\">\n<h2>VIP SECUTRITY SYSTEM<\/h2>\n<p class=\"adres\"><i class=\"fa fa-futbol-o\"><\/i><a href=\"https:\/\/www.vipsecurity.com.pl\/\/\">www.vipsecurity.com.pl<\/a><\/p>\n<p style=\"text-align: justify;\">Jeste\u015bmy firm\u0105 z kapita\u0142em polskim \u015bwiadcz\u0105c\u0105 us\u0142ugi kompleksowej ochrony fizycznej oraz technicznej na terenie ca\u0142ego kraju. Agencja Ochrony VIP SECURITY SYSTEM to profesjonalni pracownicy, wypracowane procedury, ci\u0105gle wprowadzane innowacje oraz wieloletnie do\u015bwiadczenie. Wszystko to sprawia, \u017ce jeste\u015bmy jednym z lider\u00f3w na rynku agencji ochrony os\u00f3b i mienia. Skuteczno\u015b\u0107 naszego dzia\u0142ania to tak\u017ce efekt niekonwencjonalnych metod dozoru fizycznego, ci\u0105gle unowocze\u015bnianego systemu zabezpieczenia technicznego i wykorzystywania nowinek technicznych. S\u0142u\u017cymy nasz\u0105 ochron\u0105 wszystkim, niezale\u017cnie od wielko\u015bci, z tak\u0105 sam\u0105 staranno\u015bci\u0105 i gwarantowan\u0105 jako\u015bci\u0105. W ramach naszych us\u0142ug \u015bwiadczonych na rzecz klient\u00f3w biznesowych i indywidualnych oferujemy monitoring z natychmiastow\u0105 reakcj\u0105 grup interwencyjnych oraz zapewniamy ochron\u0119 fizyczn\u0105 obiekt\u00f3w. Specjalizujemy si\u0119 w ochronie VIP-\u00f3w oraz imprez masowych. Projektujemy, instalujemy oraz konserwujemy systemy alarmowe, kontroli dost\u0119pu oraz telewizji przemys\u0142owej. Za\u0142og\u0119 VIP SECURITY SYSTEM stanowi\u0105 wysoko wykwalifikowani pracownicy ochrony i technicy. Nasi ochroniarze przechodz\u0105 ci\u0105g\u0142e szkolenia, treningi i badania, aby w razie potrzeby reagowa\u0107 w pe\u0142ni profesjonalnie, zachowuj\u0105c zasady bezpiecze\u0144stwa.<\/p>\n<\/div>\n<\/div>\n<div class=\"sponsor-wrap clear\">\n<div class=\"sponsor-logo\"><img decoding=\"async\" class=\"alignnone wp-image-402 size-full\" src=\"https:\/\/lfsportevents.pl\/ligafutsalu2023\/wp-content\/uploads\/logo\/tuning4web.png\" alt=\"\" \/><\/div>\n<div class=\"sponsor-content\">\n<h2>Tuning4Web<\/h2>\n<p class=\"adres\"><i class=\"fa fa-futbol-o\"><\/i><a href=\"http:\/\/tuning4web.com\/\">tuning4web.com<\/a><\/p>\n<p style=\"text-align: justify;\">Firma Tuning4Web zajmuje si\u0119 kompleksowym tworzeniem nowoczesnych stron internetowych. Poza kompletnym wykonaniem statycznej strony www lub motywu\/szablonu do Systemu Zarz\u0105dzania Tre\u015bci\u0105 np. WordPress, firma oferuje modyfikacje, optymalizacj\u0119 pr\u0119dko\u015bci (przyspieszanie) istniej\u0105cych stron internetowych, popraw\u0119 bezpiecze\u0144stwa, Responsive Web Design (wersja strony dostosowana do urz\u0105dze\u0144 typu telefon\/tablet), kompleksow\u0105 opiek\u0119 nad serwisami oraz optymalizacj\u0119 pod wzgl\u0119dem SEO.<\/p>\n<\/div>\n<\/div>\n<h2 class=\"sp-table-caption\">Partnerzy<\/h2>\n<div class=\"sponsor-wrap clear\">\n<div class=\"sponsor-logo\"><img decoding=\"async\" class=\"alignnone wp-image-384 size-full\" src=\"https:\/\/lfsportevents.pl\/ligafutsalu2023\/wp-content\/uploads\/logo\/nowy-sacz.png\" alt=\"\" width=\"200\" \/><\/div>\n<div class=\"sponsor-content\">\n<h2>Miasto Nowy S\u0105cz<\/h2>\n<p class=\"adres\"><i class=\"fa fa-futbol-o\"><\/i><a href=\"https:\/\/www.nowysacz.pl\/\">www.nowysacz.pl<\/a><\/p>\n<p style=\"text-align: justify;\">Partnerem Honorowym El-Kag Ligi Futsalu jest Miasto Nowy S\u0105cz, na czele z Panem Prezydentem Ludomirem Handzlem.<\/p>\n<\/div>\n<\/div>\n<div class=\"sponsor-wrap clear\">\n<div class=\"sponsor-logo\"><img decoding=\"async\" class=\"alignnone wp-image-382 size-full\" src=\"https:\/\/lfsportevents.pl\/ligafutsalu2023\/wp-content\/uploads\/logo\/mosir.png\" alt=\"\" \/><\/div>\n<div class=\"sponsor-content\">\n<h2>MOSiR Nowy S\u0105cz<\/h2>\n<p class=\"adres\"><i class=\"fa fa-futbol-o\"><\/i><a href=\"http:\/\/www.mosir-ns.pl\/\">www.mosir-ns.pl<\/a><\/p>\n<p style=\"text-align: justify;\">Miejski O\u015brodek Sportu i Rekreacji w Nowym S\u0105czu to g\u0142\u00f3wne centrum rozrywkowo sportowe w Nowym S\u0105czu. Po jego skrzyd\u0142ami znajduj\u0105 si\u0119 takie budynki jak: hala sportowa z kompleksem si\u0142owni i \u015bcianki wspinaczkowej. Dodatkowo obejmujemy jeszcze inne hale sportowe w Nowym S\u0105czu. Ponad to posiadamy kryt\u0105 p\u0142ywalni\u0105, kortami tenisowymi, lodowiska, stadiony oraz park sport\u00f3w miejskich. Posiadamy r\u00f3wnie\u017c w\u0142asne szko\u0142y p\u0142ywania i tenisa. Na tych obiektach organizujemy wiele imprez w ca\u0142ym roku, a tak\u017ce w miar\u0119 mo\u017cliwo\u015bci wynajmujemy obiekty.<\/p>\n<\/div>\n<\/div>\n","protected":false},"excerpt":{"rendered":"<p>Sponsor Tytularny EL-KAG www.elkag.pl Grupa Hurtowni Elektrotechnicznych EL-KAG to znacz\u0105cy dystrybutor produkt\u00f3w elektrotechnicznych. Firma obecna jest na polskim rynku od ponad 20 lat. Dla swoich partner\u00f3w biznesowych przygotowali kompleksow\u0105 ofert\u0119 produktow\u0105, na kt\u00f3r\u0105 sk\u0142adaj\u0105 si\u0119: kable i przewody, s\u0142upy o\u015bwietleniowe, aparatura, technika o\u015bwietleniowa, osprz\u0119t instalacyjny, osprz\u0119t kablowy Poprzez w\u0142asn\u0105 sie\u0107 sprzeda\u017cy produkty z dziedziny elektryki [&hellip;]<\/p>\n","protected":false},"author":1,"featured_media":0,"parent":0,"menu_order":0,"comment_status":"closed","ping_status":"closed","template":"","meta":{"footnotes":""},"_links":{"self":[{"href":"https:\/\/lfsportevents.pl\/ligafutsalu2023\/wp-json\/wp\/v2\/pages\/286"}],"collection":[{"href":"https:\/\/lfsportevents.pl\/ligafutsalu2023\/wp-json\/wp\/v2\/pages"}],"about":[{"href":"https:\/\/lfsportevents.pl\/ligafutsalu2023\/wp-json\/wp\/v2\/types\/page"}],"author":[{"embeddable":true,"href":"https:\/\/lfsportevents.pl\/ligafutsalu2023\/wp-json\/wp\/v2\/users\/1"}],"replies":[{"embeddable":true,"href":"https:\/\/lfsportevents.pl\/ligafutsalu2023\/wp-json\/wp\/v2\/comments?post=286"}],"version-history":[{"count":3,"href":"https:\/\/lfsportevents.pl\/ligafutsalu2023\/wp-json\/wp\/v2\/pages\/286\/revisions"}],"predecessor-version":[{"id":26243,"href":"https:\/\/lfsportevents.pl\/ligafutsalu2023\/wp-json\/wp\/v2\/pages\/286\/revisions\/26243"}],"wp:attachment":[{"href":"https:\/\/lfsportevents.pl\/ligafutsalu2023\/wp-json\/wp\/v2\/media?parent=286"}],"curies":[{"name":"wp","href":"https:\/\/api.w.org\/{rel}","templated":true}]}}