{"id":174,"date":"2015-12-20T20:12:19","date_gmt":"2015-12-20T19:12:19","guid":{"rendered":"https:\/\/lfsportevents.pl\/ligafutsalu2023\/?page_id=174"},"modified":"2021-10-02T00:43:31","modified_gmt":"2021-10-01T22:43:31","slug":"boiska","status":"publish","type":"page","link":"https:\/\/lfsportevents.pl\/ligafutsalu2023\/boiska\/","title":{"rendered":""},"content":{"rendered":"<h1 style=\"text-align: center;\"><strong><span style=\"color: #993300;\">Hala WIDOWISKO &#8211;<\/span><\/strong><strong><span style=\"color: #993300;\">SPORTOWA MOSIR<\/span><\/strong><\/h1>\n<h1 style=\"text-align: center;\"><span style=\"color: #993300;\"><strong>UL. NADBRZE\u017bNA 34, 33-300 NOWY S\u0104CZ<\/strong><\/span><\/h1>\n<h1 style=\"text-align: center;\"><\/h1>\n<p>&nbsp;<\/p>\n<p><img loading=\"lazy\" decoding=\"async\" class=\"alignnone size-full wp-image-19034\" src=\"https:\/\/lfsportevents.pl\/ligafutsalu2023\/wp-content\/uploads\/2020\/10\/mosir.png\" alt=\"\" width=\"1246\" height=\"557\" srcset=\"https:\/\/lfsportevents.pl\/ligafutsalu2023\/wp-content\/uploads\/2020\/10\/mosir.png 1246w, https:\/\/lfsportevents.pl\/ligafutsalu2023\/wp-content\/uploads\/2020\/10\/mosir-300x134.png 300w, https:\/\/lfsportevents.pl\/ligafutsalu2023\/wp-content\/uploads\/2020\/10\/mosir-768x343.png 768w, https:\/\/lfsportevents.pl\/ligafutsalu2023\/wp-content\/uploads\/2020\/10\/mosir-1024x458.png 1024w, https:\/\/lfsportevents.pl\/ligafutsalu2023\/wp-content\/uploads\/2020\/10\/mosir-128x57.png 128w, https:\/\/lfsportevents.pl\/ligafutsalu2023\/wp-content\/uploads\/2020\/10\/mosir-32x14.png 32w, https:\/\/lfsportevents.pl\/ligafutsalu2023\/wp-content\/uploads\/2020\/10\/mosir-550x246.png 550w\" sizes=\"(max-width: 1246px) 100vw, 1246px\" \/><\/p>\n<p style=\"text-align: justify;\"><b>\u00a0\u00a0\u00a0\u00a0\u00a0\u00a0\u00a0\u00a0\u00a0\u00a0 Hala sportowa na kt\u00f3rej s\u0105 rozgrywane mecze El-Kag Ligi Futsalu, jest jedn\u0105 z najnowocze\u015bniejszych w Powiecie Nowos\u0105deckim.<\/b><strong> Obiekt z trybunami na 682 miejsc siedz\u0105cych, a co najwa\u017cniejsze pe\u0142nowymiarowa\u00a020 x 40, co jest najwa\u017cniejszym czynnikiem do organizacji profesjonalnych zawod\u00f3w sportowych.\u00a0 Wielofunkcyjna\u00a0z mo\u017cliwo\u015bci\u0105 podzia\u0142u na trzy oddzielne cz\u0119\u015bci i prowadzenia jednocze\u015bnie trzech r\u00f3\u017cnych zaj\u0119\u0107.<\/strong><\/p>\n<p><span style=\"color: #993300;\"><strong>Przystosowana do uprawiania w\u0142a\u015bciwie wszystkich halowych dyscyplin sportowych tj.<\/strong><\/span><\/p>\n<ul>\n<li style=\"list-style-type: none;\">\n<ul>\n<li><span style=\"color: #993300;\"><strong>pi\u0142k\u0119 r\u0119czn\u0105,<\/strong><\/span><\/li>\n<li><span style=\"color: #993300;\"><strong>pi\u0142k\u0119 no\u017cn\u0105,<\/strong><\/span><\/li>\n<li><span style=\"color: #993300;\"><strong>koszyk\u00f3wk\u0119,<\/strong><\/span><\/li>\n<li><span style=\"color: #993300;\"><strong>siatk\u00f3wk\u0119,<\/strong><\/span><\/li>\n<li><span style=\"color: #993300;\"><strong>badminton,<\/strong><\/span><\/li>\n<li><span style=\"color: #993300;\"><strong>tenis ziemny i sto\u0142owy,<\/strong><\/span><\/li>\n<li><span style=\"color: #993300;\"><strong>unihok,<\/strong><\/span><\/li>\n<\/ul>\n<\/li>\n<\/ul>\n<p><strong>\u00a0 \u00a0 \u00a0 \u00a0 \u00a0 Ponad to, miejsce w kt\u00f3rym si\u0119 znajduje si\u0119 obiekt, to \u015bcis\u0142e centrum Nowego S\u0105cza, wraz z wielkim parkingiem. Hala wyposa\u017cona jest r\u00f3wnie\u017c w szatnie oraz \u0142azienki z prysznicem.\u00a0<\/strong><\/p>\n<h1 style=\"text-align: center;\"><\/h1>\n<p>&nbsp;<\/p>\n","protected":false},"excerpt":{"rendered":"<p>Hala WIDOWISKO &#8211;SPORTOWA MOSIR UL. NADBRZE\u017bNA 34, 33-300 NOWY S\u0104CZ &nbsp; \u00a0\u00a0\u00a0\u00a0\u00a0\u00a0\u00a0\u00a0\u00a0\u00a0 Hala sportowa na kt\u00f3rej s\u0105 rozgrywane mecze El-Kag Ligi Futsalu, jest jedn\u0105 z najnowocze\u015bniejszych w Powiecie Nowos\u0105deckim. Obiekt z trybunami na 682 miejsc siedz\u0105cych, a co najwa\u017cniejsze pe\u0142nowymiarowa\u00a020 x 40, co jest najwa\u017cniejszym czynnikiem do organizacji profesjonalnych zawod\u00f3w sportowych.\u00a0 Wielofunkcyjna\u00a0z mo\u017cliwo\u015bci\u0105 podzia\u0142u na [&hellip;]<\/p>\n","protected":false},"author":1,"featured_media":0,"parent":0,"menu_order":0,"comment_status":"closed","ping_status":"closed","template":"","meta":{"footnotes":""},"_links":{"self":[{"href":"https:\/\/lfsportevents.pl\/ligafutsalu2023\/wp-json\/wp\/v2\/pages\/174"}],"collection":[{"href":"https:\/\/lfsportevents.pl\/ligafutsalu2023\/wp-json\/wp\/v2\/pages"}],"about":[{"href":"https:\/\/lfsportevents.pl\/ligafutsalu2023\/wp-json\/wp\/v2\/types\/page"}],"author":[{"embeddable":true,"href":"https:\/\/lfsportevents.pl\/ligafutsalu2023\/wp-json\/wp\/v2\/users\/1"}],"replies":[{"embeddable":true,"href":"https:\/\/lfsportevents.pl\/ligafutsalu2023\/wp-json\/wp\/v2\/comments?post=174"}],"version-history":[{"count":3,"href":"https:\/\/lfsportevents.pl\/ligafutsalu2023\/wp-json\/wp\/v2\/pages\/174\/revisions"}],"predecessor-version":[{"id":261,"href":"https:\/\/lfsportevents.pl\/ligafutsalu2023\/wp-json\/wp\/v2\/pages\/174\/revisions\/261"}],"wp:attachment":[{"href":"https:\/\/lfsportevents.pl\/ligafutsalu2023\/wp-json\/wp\/v2\/media?parent=174"}],"curies":[{"name":"wp","href":"https:\/\/api.w.org\/{rel}","templated":true}]}}