{"id":161,"date":"2015-12-20T17:42:50","date_gmt":"2015-12-20T16:42:50","guid":{"rendered":"https:\/\/lfsportevents.pl\/ligafutsalu2023\/?page_id=161"},"modified":"2023-10-25T23:31:49","modified_gmt":"2023-10-25T21:31:49","slug":"o-lidze","status":"publish","type":"page","link":"https:\/\/lfsportevents.pl\/ligafutsalu2023\/o-lidze\/","title":{"rendered":"O LIDZE"},"content":{"rendered":"<p><img loading=\"lazy\" decoding=\"async\" class=\"alignnone size-full wp-image-20786\" src=\"https:\/\/lfsportevents.pl\/ligafutsalu2023\/wp-content\/uploads\/2021\/10\/ELKAG-DOBRE_1.png\" alt=\"\" width=\"1600\" height=\"240\" srcset=\"https:\/\/lfsportevents.pl\/ligafutsalu2023\/wp-content\/uploads\/2021\/10\/ELKAG-DOBRE_1.png 1600w, https:\/\/lfsportevents.pl\/ligafutsalu2023\/wp-content\/uploads\/2021\/10\/ELKAG-DOBRE_1-300x45.png 300w, https:\/\/lfsportevents.pl\/ligafutsalu2023\/wp-content\/uploads\/2021\/10\/ELKAG-DOBRE_1-768x115.png 768w, https:\/\/lfsportevents.pl\/ligafutsalu2023\/wp-content\/uploads\/2021\/10\/ELKAG-DOBRE_1-1024x154.png 1024w, https:\/\/lfsportevents.pl\/ligafutsalu2023\/wp-content\/uploads\/2021\/10\/ELKAG-DOBRE_1-128x19.png 128w, https:\/\/lfsportevents.pl\/ligafutsalu2023\/wp-content\/uploads\/2021\/10\/ELKAG-DOBRE_1-32x5.png 32w, https:\/\/lfsportevents.pl\/ligafutsalu2023\/wp-content\/uploads\/2021\/10\/ELKAG-DOBRE_1-550x83.png 550w\" sizes=\"(max-width: 1600px) 100vw, 1600px\" \/><\/p>\n<p style=\"text-align: justify;\">\u00a0\u00a0\u00a0\u00a0\u00a0\u00a0\u00a0\u00a0\u00a0\u00a0 Rozgrywki s\u0142u\u017c\u0105 wy\u0142onieniu najlepszej amatorskiej dru\u017cyny na Nowos\u0105decczy\u017anie. W tym roku rozegramy ju\u017c \u00f3sm\u0105 edycj\u0119 tej presti\u017cowej imprezy. Inauguracja rozgrywek nast\u0105pi\u0142a w sezonie 2016\/17. Pierwsze dwie edycje odbywa\u0142y si\u0119 jako Nowos\u0105decka Liga Futsalu. Od sezonu 2018\/19 sponsorem tytularnym jest firma El-Kag Hurtownie Elektrotechniczne, co da\u0142o zmian\u0119 nazwy na El-Kag Liga Futsalu, a\u017c po dzi\u015b dzie\u0144.<\/p>\n<p>\u00a0\u00a0\u00a0\u00a0\u00a0\u00a0\u00a0\u00a0\u00a0 W El-Kag Lidze Futsalu mog\u0105 rywalizowa\u0107 dru\u017cyny 5 \u2013 osobowe (4 zawodnik\u00f3w w polu + 1 bramkarz). Rozgrywki s\u0105 w pe\u0142ni profesjonalnie zorganizowane, stworzone dla grup znajomych, firm, instytucji, szk\u00f3\u0142, student\u00f3w a przede wszystkim dla pasjonat\u00f3w pi\u0142ki no\u017cnej. W jednym s\u0142owie Liga skierowana jest do wszystkich, kt\u00f3rzy ceni\u0105 sobie ducha sportowej rywalizacji i chc\u0105 przy tym dba\u0107 o zdrowy tryb \u017cycia. Od 2016 roku w lidze wyst\u0105pi\u0142o \u0142\u0105cznie a\u017c 70 dru\u017cyn.<\/p>\n<p>Historia i organizacja w El-Kag Ligi Futsalu w poszczeg\u00f3lnych sezonach:<\/p>\n<ul>\n<li style=\"text-align: justify;\"><span style=\"color: #993300;\"><strong>2016\/17<\/strong> <\/span>\u2013 Pierwsza edycja <strong><span style=\"color: #993300;\">Nowos\u0105deckiej Ligi Futsalu<\/span><\/strong>, pod patronatem Starosty Marka P\u0142awiaka. Wyst\u0105pi\u0142o w niej <strong><span style=\"color: #993300;\">13 zespo\u0142\u00f3w<\/span><\/strong>. Zawody rozgrywano na hali widowiskowo &#8211; sportowej przy ul.Nadbrze\u017cnej w Nowym S\u0105czu. (Pierwsza edycja bez podzia\u0142u na klasy rozgrywkowej. Odbywa\u0142a si\u0119 tylko Ekstraklasa)<\/li>\n<li style=\"text-align: justify;\"><span style=\"color: #993300;\"><strong>2017\/18<\/strong><\/span> \u2013 Druga edycja <span style=\"color: #993300;\"><strong>Nowos\u0105deckiej Ligi Futsalu<\/strong><\/span>, pod patronatem Starosty Marka P\u0142awiaka. Wyst\u0105pi\u0142o w niej <span style=\"color: #993300;\"><strong>20 zespo\u0142\u00f3w<\/strong><\/span> z podzia\u0142em na dwie klasy rozgrywkowe: Ekstraklas\u0119 oraz 1 Lig\u0119. Zawody rozgrywano na hali widowiskowo &#8211; sportowej przy ul. Nadbrze\u017cnej w Nowym S\u0105czu.<\/li>\n<li style=\"text-align: justify;\"><span style=\"color: #993300;\"><strong>2018\/19<\/strong><\/span> \u2013 Trzecia edycja <span style=\"color: #993300;\"><strong>El-Kag Ligi Futsalu<\/strong><\/span>, pod patronatem Starosty Marka Kwiatkowskiego. Wyst\u0105pi\u0142o w niej <span style=\"color: #993300;\"><strong>30 zespo\u0142\u00f3w<\/strong><\/span> z podzia\u0142em na trzy klasy rozgrywkowe: Ekstraklas\u0119, 1 Lig\u0119 oraz 2 Lig\u0119. Zawody rozgrywano na hali widowiskowo &#8211; sportowej przy ul. Nadbrze\u017cnej w Nowym S\u0105czu.<\/li>\n<li style=\"text-align: justify;\"><span style=\"color: #993300;\"><strong>2019\/20<\/strong><\/span> \u2013 Czwarta edycja <span style=\"color: #993300;\"><strong>El-Kag Ligi Futsalu<\/strong><\/span>, pod patronatem Prezydenta Miasta Ludomira Handzla. Wyst\u0105pi\u0142o w niej <span style=\"color: #993300;\"><strong>30 zespo\u0142\u00f3w<\/strong><\/span> z podzia\u0142em na trzy klasy rozgrywkowe: Ekstraklas\u0119, 1 Lig\u0119 oraz 2 Lig\u0119. Zawody rozgrywano na hali widowiskowo &#8211; sportowej przy ul. Nadbrze\u017cnej w Nowym S\u0105czu<\/li>\n<li style=\"text-align: justify;\"><span style=\"color: #993300;\"><strong>2020\/21<\/strong><\/span> \u2013 Piata edycja <span style=\"color: #993300;\"><strong>El-Kag Ligi Futsalu<\/strong><\/span>, pod patronatem Prezydenta Miasta, Ludomira Handzla. Wyst\u0105pi\u0142o w niej <span style=\"color: #993300;\"><strong>34 zespo\u0142y<\/strong><\/span> z podzia\u0142em na trzy klasy rozgrywkowe: Ekstraklas\u0119, 1 Lig\u0119, oraz 2 Lig\u0119. Zawody rozgrywano na hali widowiskowo &#8211; sportowej przy ul.Nadbrze\u017cnej w Nowym S\u0105czu<\/li>\n<li style=\"text-align: justify;\"><span style=\"color: #993300;\"><strong>2021\/22<\/strong><\/span> \u2013 Sz\u00f3sta edycja<strong><span style=\"color: #993300;\"> El-Kag Ligi Futsalu<\/span><\/strong>, pod patronatem Prezydenta Miasta, Ludomira Handzla. Wyst\u0105pi\u0142o w niej <span style=\"color: #993300;\"><strong>34 zespo\u0142\u00f3w<\/strong><\/span> z podzia\u0142em na trzy klasy rozgrywkowe: Ekstraklas\u0119, 1 Lig\u0119 oraz 2 Lig\u0119. Zawody rozgrywano na hali widowiskowo &#8211; sportowej przy ul. Nadbrze\u017cnej w Nowym S\u0105czu<\/li>\n<li><span style=\"color: #993300;\"><strong>2022\/23<\/strong><\/span> \u2013 Si\u00f3dma edycja<strong><span style=\"color: #993300;\"> El-Kag Ligi Futsalu<\/span><\/strong>, pod patronatem Prezydenta Miasta, Ludomira Handzla. Wyst\u0105pi\u0142o w niej <span style=\"color: #993300;\"><strong>30 zespo\u0142\u00f3w<\/strong><\/span> z podzia\u0142em na trzy klasy rozgrywkowe: Ekstraklas\u0119, 1 Lig\u0119 oraz 2 Lig\u0119. Zawody rozgrywano na hali widowiskowo &#8211; sportowej przy ul. Nadbrze\u017cnej w Nowym S\u0105czu<\/li>\n<li><span style=\"color: #993300;\"><strong>2023\/24<\/strong><\/span> \u2013 \u00d3sma edycja<strong><span style=\"color: #993300;\"> El-Kag Ligi Futsalu<\/span><\/strong>, pod patronatem Prezydenta Miasta, Ludomira Handzla. Wyst\u0105pi\u0142o w niej <span style=\"color: #993300;\"><strong>30 zespo\u0142\u00f3w<\/strong><\/span> z podzia\u0142em na trzy klasy rozgrywkowe: Ekstraklas\u0119, 1 Lig\u0119 oraz 2 Lig\u0119. Zawody rozgrywano na hali widowiskowo &#8211; sportowej przy ul. Nadbrze\u017cnej w Nowym S\u0105czu<\/li>\n<\/ul>\n","protected":false},"excerpt":{"rendered":"<p>\u00a0\u00a0\u00a0\u00a0\u00a0\u00a0\u00a0\u00a0\u00a0\u00a0 Rozgrywki s\u0142u\u017c\u0105 wy\u0142onieniu najlepszej amatorskiej dru\u017cyny na Nowos\u0105decczy\u017anie. W tym roku rozegramy ju\u017c \u00f3sm\u0105 edycj\u0119 tej presti\u017cowej imprezy. Inauguracja rozgrywek nast\u0105pi\u0142a w sezonie 2016\/17. Pierwsze dwie edycje odbywa\u0142y si\u0119 jako Nowos\u0105decka Liga Futsalu. Od sezonu 2018\/19 sponsorem tytularnym jest firma El-Kag Hurtownie Elektrotechniczne, co da\u0142o zmian\u0119 nazwy na El-Kag Liga Futsalu, a\u017c po dzi\u015b [&hellip;]<\/p>\n","protected":false},"author":1,"featured_media":0,"parent":0,"menu_order":0,"comment_status":"closed","ping_status":"closed","template":"","meta":{"footnotes":""},"_links":{"self":[{"href":"https:\/\/lfsportevents.pl\/ligafutsalu2023\/wp-json\/wp\/v2\/pages\/161"}],"collection":[{"href":"https:\/\/lfsportevents.pl\/ligafutsalu2023\/wp-json\/wp\/v2\/pages"}],"about":[{"href":"https:\/\/lfsportevents.pl\/ligafutsalu2023\/wp-json\/wp\/v2\/types\/page"}],"author":[{"embeddable":true,"href":"https:\/\/lfsportevents.pl\/ligafutsalu2023\/wp-json\/wp\/v2\/users\/1"}],"replies":[{"embeddable":true,"href":"https:\/\/lfsportevents.pl\/ligafutsalu2023\/wp-json\/wp\/v2\/comments?post=161"}],"version-history":[{"count":2,"href":"https:\/\/lfsportevents.pl\/ligafutsalu2023\/wp-json\/wp\/v2\/pages\/161\/revisions"}],"predecessor-version":[{"id":24731,"href":"https:\/\/lfsportevents.pl\/ligafutsalu2023\/wp-json\/wp\/v2\/pages\/161\/revisions\/24731"}],"wp:attachment":[{"href":"https:\/\/lfsportevents.pl\/ligafutsalu2023\/wp-json\/wp\/v2\/media?parent=161"}],"curies":[{"name":"wp","href":"https:\/\/api.w.org\/{rel}","templated":true}]}}