{"id":13740,"date":"2018-09-20T09:52:34","date_gmt":"2018-09-20T07:52:34","guid":{"rendered":"https:\/\/lfsportevents.pl\/ligafutsalu2023\/puchar-ligi\/kary-copy\/"},"modified":"2023-12-29T20:51:06","modified_gmt":"2023-12-29T19:51:06","slug":"grupy","status":"publish","type":"page","link":"https:\/\/lfsportevents.pl\/ligafutsalu2023\/puchar-ligi\/grupy\/","title":{"rendered":"Grupy"},"content":{"rendered":"<div class=\"legenda\">\n<p>Legenda:<\/p>\n<div class=\"item\"><span style=\"color: #993300;\"><b>M<\/b><\/span> = Mecze Rozegrane<\/div>\n<div class=\"item\"><span style=\"color: #993300;\"><b> Pkt<\/b><\/span> = Punkty<\/div>\n<div class=\"item\"><span style=\"color: #993300;\"><b> Z<\/b><\/span> = Zwyci\u0119stwa<\/div>\n<div class=\"item\"><span style=\"color: #993300;\"><b> R<\/b><\/span> = Remisy<\/div>\n<div class=\"item\"><span style=\"color: #993300;\"><b> P<\/b><\/span> = Pora\u017cki<\/div>\n<div class=\"item\"><span style=\"color: #993300;\"><b> BZ<\/b><\/span> = Bramki zdobyte<\/div>\n<div class=\"item\"><span style=\"color: #993300;\"><b> BS<\/b><\/span> = Bramki stracone<\/div>\n<div class=\"item\"><span style=\"color: #993300;\"><b> +\/-<\/b> <\/span>= R\u00f3\u017cnica bramek<\/div>\n<div class=\"item\"><span style=\"color: #2abd69;\"><strong>Miejsce 1<\/strong>\u00a0(bezpo\u015bredni awans do 4 Rundy &#8211; \u0107wier\u0107fina\u0142y)<\/span><\/div>\n<div class=\"item\"><span style=\"color: #5de887;\"><strong>Miejsce 2<\/strong> (trzy dru\u017cyny z najlepszym bilansem z miejsca 2 uzyskaj\u0105 awans do 4 Rundy &#8211; \u0107wier\u0107fina\u0142y)<\/span><\/div>\n<\/div>\n<div class=\"x11i5rnm xat24cr x1mh8g0r x1vvkbs xtlvy1s x126k92a\">\n<div dir=\"auto\"><\/div>\n<div dir=\"auto\"><a href=\"https:\/\/lfsportevents.pl\/ligafutsalu2023\/wp-content\/uploads\/2023\/12\/Gr-A.png\"><img loading=\"lazy\" decoding=\"async\" class=\"alignnone wp-image-25821 size-full\" src=\"https:\/\/lfsportevents.pl\/ligafutsalu2023\/wp-content\/uploads\/2023\/12\/Gr-A.png\" alt=\"\" width=\"962\" height=\"317\" srcset=\"https:\/\/lfsportevents.pl\/ligafutsalu2023\/wp-content\/uploads\/2023\/12\/Gr-A.png 962w, https:\/\/lfsportevents.pl\/ligafutsalu2023\/wp-content\/uploads\/2023\/12\/Gr-A-300x99.png 300w, https:\/\/lfsportevents.pl\/ligafutsalu2023\/wp-content\/uploads\/2023\/12\/Gr-A-768x253.png 768w, https:\/\/lfsportevents.pl\/ligafutsalu2023\/wp-content\/uploads\/2023\/12\/Gr-A-128x42.png 128w, https:\/\/lfsportevents.pl\/ligafutsalu2023\/wp-content\/uploads\/2023\/12\/Gr-A-32x11.png 32w, https:\/\/lfsportevents.pl\/ligafutsalu2023\/wp-content\/uploads\/2023\/12\/Gr-A-550x181.png 550w\" sizes=\"(max-width: 962px) 100vw, 962px\" \/><\/a><\/div>\n<div dir=\"auto\"><span style=\"color: #993300;\"><strong>AWANS:<\/strong> Tylicz.Ski, Maxfol<\/span><\/div>\n<div dir=\"auto\"><a href=\"https:\/\/lfsportevents.pl\/ligafutsalu2023\/wp-content\/uploads\/2023\/12\/Gr-B.png\"><img loading=\"lazy\" decoding=\"async\" class=\"alignnone wp-image-25822 size-full\" src=\"https:\/\/lfsportevents.pl\/ligafutsalu2023\/wp-content\/uploads\/2023\/12\/Gr-B.png\" alt=\"\" width=\"960\" height=\"319\" srcset=\"https:\/\/lfsportevents.pl\/ligafutsalu2023\/wp-content\/uploads\/2023\/12\/Gr-B.png 960w, https:\/\/lfsportevents.pl\/ligafutsalu2023\/wp-content\/uploads\/2023\/12\/Gr-B-300x100.png 300w, https:\/\/lfsportevents.pl\/ligafutsalu2023\/wp-content\/uploads\/2023\/12\/Gr-B-768x255.png 768w, https:\/\/lfsportevents.pl\/ligafutsalu2023\/wp-content\/uploads\/2023\/12\/Gr-B-128x43.png 128w, https:\/\/lfsportevents.pl\/ligafutsalu2023\/wp-content\/uploads\/2023\/12\/Gr-B-32x11.png 32w, https:\/\/lfsportevents.pl\/ligafutsalu2023\/wp-content\/uploads\/2023\/12\/Gr-B-550x183.png 550w\" sizes=\"(max-width: 960px) 100vw, 960px\" \/><\/a><\/div>\n<div dir=\"auto\"><span style=\"color: #993300;\"><strong>AWANS:<\/strong> Trade<\/span><\/div>\n<div dir=\"auto\"><a href=\"https:\/\/lfsportevents.pl\/ligafutsalu2023\/wp-content\/uploads\/2023\/12\/Gr-C.png\"><img loading=\"lazy\" decoding=\"async\" class=\"alignnone wp-image-25823 size-full\" src=\"https:\/\/lfsportevents.pl\/ligafutsalu2023\/wp-content\/uploads\/2023\/12\/Gr-C.png\" alt=\"\" width=\"959\" height=\"319\" srcset=\"https:\/\/lfsportevents.pl\/ligafutsalu2023\/wp-content\/uploads\/2023\/12\/Gr-C.png 959w, https:\/\/lfsportevents.pl\/ligafutsalu2023\/wp-content\/uploads\/2023\/12\/Gr-C-300x100.png 300w, https:\/\/lfsportevents.pl\/ligafutsalu2023\/wp-content\/uploads\/2023\/12\/Gr-C-768x255.png 768w, https:\/\/lfsportevents.pl\/ligafutsalu2023\/wp-content\/uploads\/2023\/12\/Gr-C-128x43.png 128w, https:\/\/lfsportevents.pl\/ligafutsalu2023\/wp-content\/uploads\/2023\/12\/Gr-C-32x11.png 32w, https:\/\/lfsportevents.pl\/ligafutsalu2023\/wp-content\/uploads\/2023\/12\/Gr-C-550x183.png 550w\" sizes=\"(max-width: 959px) 100vw, 959px\" \/><\/a><\/div>\n<div dir=\"auto\"><span style=\"color: #993300;\"><strong>AWANS:<\/strong> Baz Pal, Dom Weselny Sylwia<\/span><\/div>\n<div dir=\"auto\"><a href=\"https:\/\/lfsportevents.pl\/ligafutsalu2023\/wp-content\/uploads\/2023\/12\/Gr-D.png\"><img loading=\"lazy\" decoding=\"async\" class=\"alignnone wp-image-25824 size-full\" src=\"https:\/\/lfsportevents.pl\/ligafutsalu2023\/wp-content\/uploads\/2023\/12\/Gr-D.png\" alt=\"\" width=\"960\" height=\"317\" srcset=\"https:\/\/lfsportevents.pl\/ligafutsalu2023\/wp-content\/uploads\/2023\/12\/Gr-D.png 960w, https:\/\/lfsportevents.pl\/ligafutsalu2023\/wp-content\/uploads\/2023\/12\/Gr-D-300x99.png 300w, https:\/\/lfsportevents.pl\/ligafutsalu2023\/wp-content\/uploads\/2023\/12\/Gr-D-768x254.png 768w, https:\/\/lfsportevents.pl\/ligafutsalu2023\/wp-content\/uploads\/2023\/12\/Gr-D-128x42.png 128w, https:\/\/lfsportevents.pl\/ligafutsalu2023\/wp-content\/uploads\/2023\/12\/Gr-D-32x11.png 32w, https:\/\/lfsportevents.pl\/ligafutsalu2023\/wp-content\/uploads\/2023\/12\/Gr-D-550x182.png 550w\" sizes=\"(max-width: 960px) 100vw, 960px\" \/><\/a><\/div>\n<div dir=\"auto\"><span style=\"color: #993300;\"><strong>AWANS:<\/strong> Prestige House, Mariposa Med-Spa<\/span><\/div>\n<div dir=\"auto\"><a href=\"https:\/\/lfsportevents.pl\/ligafutsalu2023\/wp-content\/uploads\/2023\/12\/Gr-E.png\"><img loading=\"lazy\" decoding=\"async\" class=\"alignnone wp-image-25825 size-full\" src=\"https:\/\/lfsportevents.pl\/ligafutsalu2023\/wp-content\/uploads\/2023\/12\/Gr-E.png\" alt=\"\" width=\"964\" height=\"319\" srcset=\"https:\/\/lfsportevents.pl\/ligafutsalu2023\/wp-content\/uploads\/2023\/12\/Gr-E.png 964w, https:\/\/lfsportevents.pl\/ligafutsalu2023\/wp-content\/uploads\/2023\/12\/Gr-E-300x99.png 300w, https:\/\/lfsportevents.pl\/ligafutsalu2023\/wp-content\/uploads\/2023\/12\/Gr-E-768x254.png 768w, https:\/\/lfsportevents.pl\/ligafutsalu2023\/wp-content\/uploads\/2023\/12\/Gr-E-128x42.png 128w, https:\/\/lfsportevents.pl\/ligafutsalu2023\/wp-content\/uploads\/2023\/12\/Gr-E-32x11.png 32w, https:\/\/lfsportevents.pl\/ligafutsalu2023\/wp-content\/uploads\/2023\/12\/Gr-E-550x182.png 550w\" sizes=\"(max-width: 964px) 100vw, 964px\" \/><\/a><\/div>\n<div dir=\"auto\"><span style=\"color: #993300;\"><strong>AWANS:<\/strong> Gold Team\/Meble Lorek<\/span><\/div>\n<\/div>\n<div class=\"x11i5rnm xat24cr x1mh8g0r x1vvkbs xtlvy1s x126k92a\">\n<div dir=\"auto\"><\/div>\n<\/div>\n","protected":false},"excerpt":{"rendered":"<p>Legenda: M = Mecze Rozegrane Pkt = Punkty Z = Zwyci\u0119stwa R = Remisy P = Pora\u017cki BZ = Bramki zdobyte BS = Bramki stracone +\/- = R\u00f3\u017cnica bramek Miejsce 1\u00a0(bezpo\u015bredni awans do 4 Rundy &#8211; \u0107wier\u0107fina\u0142y) Miejsce 2 (trzy dru\u017cyny z najlepszym bilansem z miejsca 2 uzyskaj\u0105 awans do 4 Rundy &#8211; \u0107wier\u0107fina\u0142y) AWANS: [&hellip;]<\/p>\n","protected":false},"author":1,"featured_media":0,"parent":219,"menu_order":0,"comment_status":"closed","ping_status":"closed","template":"","meta":{"footnotes":""},"_links":{"self":[{"href":"https:\/\/lfsportevents.pl\/ligafutsalu2023\/wp-json\/wp\/v2\/pages\/13740"}],"collection":[{"href":"https:\/\/lfsportevents.pl\/ligafutsalu2023\/wp-json\/wp\/v2\/pages"}],"about":[{"href":"https:\/\/lfsportevents.pl\/ligafutsalu2023\/wp-json\/wp\/v2\/types\/page"}],"author":[{"embeddable":true,"href":"https:\/\/lfsportevents.pl\/ligafutsalu2023\/wp-json\/wp\/v2\/users\/1"}],"replies":[{"embeddable":true,"href":"https:\/\/lfsportevents.pl\/ligafutsalu2023\/wp-json\/wp\/v2\/comments?post=13740"}],"version-history":[{"count":2,"href":"https:\/\/lfsportevents.pl\/ligafutsalu2023\/wp-json\/wp\/v2\/pages\/13740\/revisions"}],"predecessor-version":[{"id":25826,"href":"https:\/\/lfsportevents.pl\/ligafutsalu2023\/wp-json\/wp\/v2\/pages\/13740\/revisions\/25826"}],"up":[{"embeddable":true,"href":"https:\/\/lfsportevents.pl\/ligafutsalu2023\/wp-json\/wp\/v2\/pages\/219"}],"wp:attachment":[{"href":"https:\/\/lfsportevents.pl\/ligafutsalu2023\/wp-json\/wp\/v2\/media?parent=13740"}],"curies":[{"name":"wp","href":"https:\/\/api.w.org\/{rel}","templated":true}]}}