{"id":8190,"date":"2017-09-20T10:09:09","date_gmt":"2017-09-20T08:09:09","guid":{"rendered":"https:\/\/lfsportevents.pl\/ligafutsalu2022\/?page_id=8190"},"modified":"2022-11-08T00:09:15","modified_gmt":"2022-11-07T23:09:15","slug":"zolte-k","status":"publish","type":"page","link":"https:\/\/lfsportevents.pl\/ligafutsalu2022\/puchar-ligi\/zolte-k\/","title":{"rendered":"Z\u00f3\u0142te k."},"content":{"rendered":"<div class=\"sportspress\"><h4 class=\"sp-table-caption\">\u017b\u00f3\u0142te kartki \u2013 Puchar Ligi Futsalu<\/h4><div class=\"sp-template sp-template-player-list\"><div class=\"sp-table-wrapper\"><table class=\"sp-player-list sp-data-table sp-sortable-table sp-scrollable-table sp-paginated-table\" data-sp-rows=\"80\"><thead><tr><th class=\"data-rank\">Ranga<\/th><th class=\"data-name\">Zawodnik<\/th><th class=\"data-team\">Klub<\/th><th class=\"data-yellowcards\">\u017b\u00f3\u0142te kartki<\/th><\/tr><\/thead><tbody><tr class=\"odd\"><td class=\"data-rank\" data-label=\"#\">1<\/td><td class=\"data-name has-photo\" data-label=\"Zawodnik\"><a href=\"https:\/\/lfsportevents.pl\/ligafutsalu2022\/player\/mariusz-merklinger\/\"><span class=\"player-photo\"><img width=\"96\" height=\"128\" src=\"https:\/\/lfsportevents.pl\/ligafutsalu2022\/wp-content\/uploads\/2019\/11\/Mariusz-Merklinger-96x128.jpg\" class=\"attachment-sportspress-fit-icon size-sportspress-fit-icon wp-post-image\" alt=\"\" loading=\"lazy\" \/><\/span>Mariusz Merklinger<\/a><\/td><td class=\"data-team\" data-label=\"Klub\"><a href=\"https:\/\/lfsportevents.pl\/ligafutsalu2022\/team\/kamex\/\">Dom Weselny Sylwia<\/a><\/td><td class=\"data-yellowcards\" data-label=\"\u017b\u00f3\u0142te kartki\">2<\/td><\/tr><tr class=\"even\"><td class=\"data-rank\" data-label=\"#\">2<\/td><td class=\"data-name has-photo\" data-label=\"Zawodnik\"><a href=\"https:\/\/lfsportevents.pl\/ligafutsalu2022\/player\/jakub-nowak\/\"><span class=\"player-photo\"><img width=\"96\" height=\"128\" src=\"https:\/\/lfsportevents.pl\/ligafutsalu2022\/wp-content\/uploads\/1992\/03\/Jakub-Biel-96x128.jpg\" class=\"attachment-sportspress-fit-icon size-sportspress-fit-icon wp-post-image\" alt=\"\" loading=\"lazy\" \/><\/span>Jakub Nowak<\/a><\/td><td class=\"data-team\" data-label=\"Klub\"><a href=\"https:\/\/lfsportevents.pl\/ligafutsalu2022\/team\/saczersi\/\">S\u0105czersi<\/a><\/td><td class=\"data-yellowcards\" data-label=\"\u017b\u00f3\u0142te kartki\">2<\/td><\/tr><tr class=\"odd\"><td class=\"data-rank\" data-label=\"#\">3<\/td><td class=\"data-name has-photo\" data-label=\"Zawodnik\"><a href=\"https:\/\/lfsportevents.pl\/ligafutsalu2022\/player\/tomasz-szczurek\/\"><span class=\"player-photo\"><img width=\"96\" height=\"128\" src=\"https:\/\/lfsportevents.pl\/ligafutsalu2022\/wp-content\/uploads\/1982\/11\/Tomasz-Szczurek-96x128.jpg\" class=\"attachment-sportspress-fit-icon size-sportspress-fit-icon wp-post-image\" alt=\"\" loading=\"lazy\" \/><\/span>Tomasz Szczurek<\/a><\/td><td class=\"data-team\" data-label=\"Klub\"><a href=\"https:\/\/lfsportevents.pl\/ligafutsalu2022\/team\/q-graf\/\">Tylicz.Ski<\/a><\/td><td class=\"data-yellowcards\" data-label=\"\u017b\u00f3\u0142te kartki\">1<\/td><\/tr><tr class=\"even\"><td class=\"data-rank\" data-label=\"#\">4<\/td><td class=\"data-name has-photo\" data-label=\"Zawodnik\"><a href=\"https:\/\/lfsportevents.pl\/ligafutsalu2022\/player\/andrzej-plata\/\"><span class=\"player-photo\"><img width=\"96\" height=\"128\" src=\"https:\/\/lfsportevents.pl\/ligafutsalu2022\/wp-content\/uploads\/1983\/11\/Andrzej-Plata-96x128.jpg\" class=\"attachment-sportspress-fit-icon size-sportspress-fit-icon wp-post-image\" alt=\"\" loading=\"lazy\" \/><\/span>Andrzej Plata<\/a><\/td><td class=\"data-team\" data-label=\"Klub\"><a href=\"https:\/\/lfsportevents.pl\/ligafutsalu2022\/team\/q-graf\/\">Tylicz.Ski<\/a><\/td><td class=\"data-yellowcards\" data-label=\"\u017b\u00f3\u0142te kartki\">1<\/td><\/tr><tr class=\"odd\"><td class=\"data-rank\" data-label=\"#\">5<\/td><td class=\"data-name has-photo\" data-label=\"Zawodnik\"><a href=\"https:\/\/lfsportevents.pl\/ligafutsalu2022\/player\/patryk-twardowski\/\"><span class=\"player-photo\"><img width=\"96\" height=\"128\" src=\"https:\/\/lfsportevents.pl\/ligafutsalu2022\/wp-content\/uploads\/1994\/08\/Patryk-Twardowski-1-96x128.jpg\" class=\"attachment-sportspress-fit-icon size-sportspress-fit-icon wp-post-image\" alt=\"\" loading=\"lazy\" \/><\/span>Patryk Twardowski<\/a><\/td><td class=\"data-team\" data-label=\"Klub\"><a href=\"https:\/\/lfsportevents.pl\/ligafutsalu2022\/team\/gold-team\/\">Gold Team\/Meble Lorek<\/a><\/td><td class=\"data-yellowcards\" data-label=\"\u017b\u00f3\u0142te kartki\">1<\/td><\/tr><tr class=\"even\"><td class=\"data-rank\" data-label=\"#\">6<\/td><td class=\"data-name has-photo\" data-label=\"Zawodnik\"><a href=\"https:\/\/lfsportevents.pl\/ligafutsalu2022\/player\/michal-szeliga\/\"><span class=\"player-photo\"><img width=\"96\" height=\"128\" src=\"https:\/\/lfsportevents.pl\/ligafutsalu2022\/wp-content\/uploads\/1994\/04\/Michal-Szeliga-96x128.jpg\" class=\"attachment-sportspress-fit-icon size-sportspress-fit-icon wp-post-image\" alt=\"\" loading=\"lazy\" \/><\/span>Micha\u0142 Szeliga<\/a><\/td><td class=\"data-team\" data-label=\"Klub\"><a href=\"https:\/\/lfsportevents.pl\/ligafutsalu2022\/team\/kamex\/\">Dom Weselny Sylwia<\/a><\/td><td class=\"data-yellowcards\" data-label=\"\u017b\u00f3\u0142te kartki\">1<\/td><\/tr><tr class=\"odd\"><td class=\"data-rank\" data-label=\"#\">7<\/td><td class=\"data-name has-photo\" data-label=\"Zawodnik\"><a href=\"https:\/\/lfsportevents.pl\/ligafutsalu2022\/player\/sebastian-stanek\/\"><span class=\"player-photo\"><img width=\"96\" height=\"128\" src=\"https:\/\/lfsportevents.pl\/ligafutsalu2022\/wp-content\/uploads\/1991\/10\/Sebastian-Stanek1-96x128.jpg\" class=\"attachment-sportspress-fit-icon size-sportspress-fit-icon wp-post-image\" alt=\"\" loading=\"lazy\" \/><\/span>Sebastian Stanek<\/a><\/td><td class=\"data-team\" data-label=\"Klub\"><a href=\"https:\/\/lfsportevents.pl\/ligafutsalu2022\/team\/maxfol\/\">Maxfol<\/a><\/td><td class=\"data-yellowcards\" data-label=\"\u017b\u00f3\u0142te kartki\">1<\/td><\/tr><tr class=\"even\"><td class=\"data-rank\" data-label=\"#\">8<\/td><td class=\"data-name has-photo\" data-label=\"Zawodnik\"><a href=\"https:\/\/lfsportevents.pl\/ligafutsalu2022\/player\/jakub-grinski\/\"><span class=\"player-photo\"><img width=\"96\" height=\"128\" src=\"https:\/\/lfsportevents.pl\/ligafutsalu2022\/wp-content\/uploads\/1982\/11\/Jakub-Gri\u0144ski-96x128.jpg\" class=\"attachment-sportspress-fit-icon size-sportspress-fit-icon wp-post-image\" alt=\"\" loading=\"lazy\" \/><\/span>Jakub Gri\u0144ski<\/a><\/td><td class=\"data-team\" data-label=\"Klub\"><a href=\"https:\/\/lfsportevents.pl\/ligafutsalu2022\/team\/q-graf\/\">Tylicz.Ski<\/a><\/td><td class=\"data-yellowcards\" data-label=\"\u017b\u00f3\u0142te kartki\">1<\/td><\/tr><tr class=\"odd\"><td class=\"data-rank\" data-label=\"#\">9<\/td><td class=\"data-name has-photo\" data-label=\"Zawodnik\"><a href=\"https:\/\/lfsportevents.pl\/ligafutsalu2022\/player\/pawel-seruga\/\"><span class=\"player-photo\"><img width=\"96\" height=\"128\" src=\"https:\/\/lfsportevents.pl\/ligafutsalu2022\/wp-content\/uploads\/2018\/11\/Pawel-Seruga-96x128.jpg\" class=\"attachment-sportspress-fit-icon size-sportspress-fit-icon wp-post-image\" alt=\"\" loading=\"lazy\" \/><\/span>Pawe\u0142 Seruga<\/a><\/td><td class=\"data-team\" data-label=\"Klub\"><a href=\"https:\/\/lfsportevents.pl\/ligafutsalu2022\/team\/stal-bud-nawojowa\/\">Stal-Bud Nawojowa<\/a><\/td><td class=\"data-yellowcards\" data-label=\"\u017b\u00f3\u0142te kartki\">1<\/td><\/tr><tr class=\"even\"><td class=\"data-rank\" data-label=\"#\">10<\/td><td class=\"data-name has-photo\" data-label=\"Zawodnik\"><a href=\"https:\/\/lfsportevents.pl\/ligafutsalu2022\/player\/sebastian-lesniak\/\"><span class=\"player-photo\"><img width=\"96\" height=\"128\" src=\"https:\/\/lfsportevents.pl\/ligafutsalu2022\/wp-content\/uploads\/2022\/11\/Sebastian-Lesniak-96x128.jpg\" class=\"attachment-sportspress-fit-icon size-sportspress-fit-icon wp-post-image\" alt=\"\" loading=\"lazy\" \/><\/span>Sebastian Le\u015bniak<\/a><\/td><td class=\"data-team\" data-label=\"Klub\"><a href=\"https:\/\/lfsportevents.pl\/ligafutsalu2022\/team\/instal-tech\/\">Instal-Tech<\/a><\/td><td class=\"data-yellowcards\" data-label=\"\u017b\u00f3\u0142te kartki\">1<\/td><\/tr><tr class=\"odd\"><td class=\"data-rank\" data-label=\"#\">11<\/td><td class=\"data-name has-photo\" data-label=\"Zawodnik\"><a href=\"https:\/\/lfsportevents.pl\/ligafutsalu2022\/player\/mateusz-szczecina\/\"><span class=\"player-photo\"><img width=\"96\" height=\"128\" src=\"https:\/\/lfsportevents.pl\/ligafutsalu2022\/wp-content\/uploads\/1997\/07\/Mateusz-Szczecina-96x128.jpg\" class=\"attachment-sportspress-fit-icon size-sportspress-fit-icon wp-post-image\" alt=\"\" loading=\"lazy\" \/><\/span>Mateusz Szczecina<\/a><\/td><td class=\"data-team\" data-label=\"Klub\"><a href=\"https:\/\/lfsportevents.pl\/ligafutsalu2022\/team\/prestige-house\/\">Prestige House<\/a><\/td><td class=\"data-yellowcards\" data-label=\"\u017b\u00f3\u0142te kartki\">1<\/td><\/tr><tr class=\"even\"><td class=\"data-rank\" data-label=\"#\">12<\/td><td class=\"data-name has-photo\" data-label=\"Zawodnik\"><a href=\"https:\/\/lfsportevents.pl\/ligafutsalu2022\/player\/rafal-danek\/\"><span class=\"player-photo\"><img width=\"96\" height=\"128\" src=\"https:\/\/lfsportevents.pl\/ligafutsalu2022\/wp-content\/uploads\/1985\/11\/Rafa\u0142-Danek-96x128.jpg\" class=\"attachment-sportspress-fit-icon size-sportspress-fit-icon wp-post-image\" alt=\"\" loading=\"lazy\" \/><\/span>Rafa\u0142 Danek<\/a><\/td><td class=\"data-team\" data-label=\"Klub\"><a href=\"https:\/\/lfsportevents.pl\/ligafutsalu2022\/team\/dukat-antykwariat\/\">Bruk-Ogr\u00f3d-Nowak<\/a><\/td><td class=\"data-yellowcards\" data-label=\"\u017b\u00f3\u0142te kartki\">1<\/td><\/tr><tr class=\"odd\"><td class=\"data-rank\" data-label=\"#\">13<\/td><td class=\"data-name has-photo\" data-label=\"Zawodnik\"><a href=\"https:\/\/lfsportevents.pl\/ligafutsalu2022\/player\/krystian-wojciechowski\/\"><span class=\"player-photo\"><img width=\"96\" height=\"128\" src=\"https:\/\/lfsportevents.pl\/ligafutsalu2022\/wp-content\/uploads\/1999\/04\/Krystian-Wojciechowski-96x128.jpg\" class=\"attachment-sportspress-fit-icon size-sportspress-fit-icon wp-post-image\" alt=\"\" loading=\"lazy\" \/><\/span>Krystian Wojciechowski<\/a><\/td><td class=\"data-team\" data-label=\"Klub\"><a href=\"https:\/\/lfsportevents.pl\/ligafutsalu2022\/team\/batimowcy\/\">Batimowcy<\/a><\/td><td class=\"data-yellowcards\" data-label=\"\u017b\u00f3\u0142te kartki\">1<\/td><\/tr><tr class=\"even\"><td class=\"data-rank\" data-label=\"#\">14<\/td><td class=\"data-name has-photo\" data-label=\"Zawodnik\"><a href=\"https:\/\/lfsportevents.pl\/ligafutsalu2022\/player\/konrad-kosinski\/\"><span class=\"player-photo\"><img width=\"96\" height=\"128\" src=\"https:\/\/lfsportevents.pl\/ligafutsalu2022\/wp-content\/uploads\/1983\/11\/Konrad-Kosinski-96x128.jpg\" class=\"attachment-sportspress-fit-icon size-sportspress-fit-icon wp-post-image\" alt=\"\" loading=\"lazy\" \/><\/span>Konrad Kosi\u0144ski<\/a><\/td><td class=\"data-team\" data-label=\"Klub\"><a href=\"https:\/\/lfsportevents.pl\/ligafutsalu2022\/team\/mariposa-med-spa\/\">Mariposa Med-Spa<\/a><\/td><td class=\"data-yellowcards\" data-label=\"\u017b\u00f3\u0142te kartki\">1<\/td><\/tr><tr class=\"odd\"><td class=\"data-rank\" data-label=\"#\">15<\/td><td class=\"data-name has-photo\" data-label=\"Zawodnik\"><a href=\"https:\/\/lfsportevents.pl\/ligafutsalu2022\/player\/marcin-plata\/\"><span class=\"player-photo\"><img width=\"96\" height=\"128\" src=\"https:\/\/lfsportevents.pl\/ligafutsalu2022\/wp-content\/uploads\/1991\/01\/Marcin-Plata-96x128.jpg\" class=\"attachment-sportspress-fit-icon size-sportspress-fit-icon wp-post-image\" alt=\"\" loading=\"lazy\" \/><\/span>Marcin Plata<\/a><\/td><td class=\"data-team\" data-label=\"Klub\"><a href=\"https:\/\/lfsportevents.pl\/ligafutsalu2022\/team\/kamex\/\">Dom Weselny Sylwia<\/a><\/td><td class=\"data-yellowcards\" data-label=\"\u017b\u00f3\u0142te kartki\">1<\/td><\/tr><tr class=\"even\"><td class=\"data-rank\" data-label=\"#\">16<\/td><td class=\"data-name has-photo\" data-label=\"Zawodnik\"><a href=\"https:\/\/lfsportevents.pl\/ligafutsalu2022\/player\/karol-sekula\/\"><span class=\"player-photo\"><img width=\"96\" height=\"128\" src=\"https:\/\/lfsportevents.pl\/ligafutsalu2022\/wp-content\/uploads\/1995\/06\/Karol-Sekula-96x128.jpg\" class=\"attachment-sportspress-fit-icon size-sportspress-fit-icon wp-post-image\" alt=\"\" loading=\"lazy\" \/><\/span>Karol Seku\u0142a<\/a><\/td><td class=\"data-team\" data-label=\"Klub\"><a href=\"https:\/\/lfsportevents.pl\/ligafutsalu2022\/team\/gold-team\/\">Gold Team\/Meble Lorek<\/a><\/td><td class=\"data-yellowcards\" data-label=\"\u017b\u00f3\u0142te kartki\">1<\/td><\/tr><tr class=\"odd\"><td class=\"data-rank\" data-label=\"#\">17<\/td><td class=\"data-name has-photo\" data-label=\"Zawodnik\"><a href=\"https:\/\/lfsportevents.pl\/ligafutsalu2022\/player\/szymon-olchawa\/\"><span class=\"player-photo\"><img width=\"96\" height=\"128\" src=\"https:\/\/lfsportevents.pl\/ligafutsalu2022\/wp-content\/uploads\/1997\/07\/Szymon-Olchawa-96x128.jpg\" class=\"attachment-sportspress-fit-icon size-sportspress-fit-icon wp-post-image\" alt=\"\" loading=\"lazy\" \/><\/span>Szymon Olchawa<\/a><\/td><td class=\"data-team\" data-label=\"Klub\"><a href=\"https:\/\/lfsportevents.pl\/ligafutsalu2022\/team\/prestige-house\/\">Prestige House<\/a><\/td><td class=\"data-yellowcards\" data-label=\"\u017b\u00f3\u0142te kartki\">1<\/td><\/tr><tr class=\"even\"><td class=\"data-rank\" data-label=\"#\">18<\/td><td class=\"data-name has-photo\" data-label=\"Zawodnik\"><a href=\"https:\/\/lfsportevents.pl\/ligafutsalu2022\/player\/ludwik-kolasa\/\"><span class=\"player-photo\"><img width=\"96\" height=\"128\" src=\"https:\/\/lfsportevents.pl\/ligafutsalu2022\/wp-content\/uploads\/1994\/03\/334Ludwik-Kolasa-96x128.jpg\" class=\"attachment-sportspress-fit-icon size-sportspress-fit-icon wp-post-image\" alt=\"\" loading=\"lazy\" \/><\/span>Ludwik Kolasa<\/a><\/td><td class=\"data-team\" data-label=\"Klub\"><a href=\"https:\/\/lfsportevents.pl\/ligafutsalu2022\/team\/maxfol\/\">Maxfol<\/a><\/td><td class=\"data-yellowcards\" data-label=\"\u017b\u00f3\u0142te kartki\">1<\/td><\/tr><tr class=\"odd\"><td class=\"data-rank\" data-label=\"#\">19<\/td><td class=\"data-name has-photo\" data-label=\"Zawodnik\"><a href=\"https:\/\/lfsportevents.pl\/ligafutsalu2022\/player\/seweryn-michalik\/\"><span class=\"player-photo\"><img width=\"96\" height=\"128\" src=\"https:\/\/lfsportevents.pl\/ligafutsalu2022\/wp-content\/uploads\/1966\/01\/Seweryn-Michalik-96x128.jpg\" class=\"attachment-sportspress-fit-icon size-sportspress-fit-icon wp-post-image\" alt=\"\" loading=\"lazy\" \/><\/span>Seweryn Michalik<\/a><\/td><td class=\"data-team\" data-label=\"Klub\"><a href=\"https:\/\/lfsportevents.pl\/ligafutsalu2022\/team\/wisniowski\/\">Wi\u015bniowski<\/a><\/td><td class=\"data-yellowcards\" data-label=\"\u017b\u00f3\u0142te kartki\">1<\/td><\/tr><tr class=\"even\"><td class=\"data-rank\" data-label=\"#\">20<\/td><td class=\"data-name has-photo\" data-label=\"Zawodnik\"><a href=\"https:\/\/lfsportevents.pl\/ligafutsalu2022\/player\/piotr-mroz\/\"><span class=\"player-photo\"><img width=\"96\" height=\"128\" src=\"https:\/\/lfsportevents.pl\/ligafutsalu2022\/wp-content\/uploads\/1998\/03\/Piotr-Mroz-96x128.jpg\" class=\"attachment-sportspress-fit-icon size-sportspress-fit-icon wp-post-image\" alt=\"\" loading=\"lazy\" \/><\/span>Piotr Mr\u00f3z<\/a><\/td><td class=\"data-team\" data-label=\"Klub\"><a href=\"https:\/\/lfsportevents.pl\/ligafutsalu2022\/team\/stal-bud-nawojowa\/\">Stal-Bud Nawojowa<\/a><\/td><td class=\"data-yellowcards\" data-label=\"\u017b\u00f3\u0142te kartki\">1<\/td><\/tr><tr class=\"odd\"><td class=\"data-rank\" data-label=\"#\">21<\/td><td class=\"data-name has-photo\" data-label=\"Zawodnik\"><a href=\"https:\/\/lfsportevents.pl\/ligafutsalu2022\/player\/krystian-kaczwinski\/\"><span class=\"player-photo\"><img width=\"96\" height=\"128\" src=\"https:\/\/lfsportevents.pl\/ligafutsalu2022\/wp-content\/uploads\/1993\/04\/Krystian-Kaczwinski-96x128.jpg\" class=\"attachment-sportspress-fit-icon size-sportspress-fit-icon wp-post-image\" alt=\"\" loading=\"lazy\" \/><\/span>Krystian Kaczwi\u0144ski<\/a><\/td><td class=\"data-team\" data-label=\"Klub\"><a href=\"https:\/\/lfsportevents.pl\/ligafutsalu2022\/team\/trade\/\">Trade<\/a><\/td><td class=\"data-yellowcards\" data-label=\"\u017b\u00f3\u0142te kartki\">1<\/td><\/tr><tr class=\"even\"><td class=\"data-rank\" data-label=\"#\">22<\/td><td class=\"data-name has-photo\" data-label=\"Zawodnik\"><a href=\"https:\/\/lfsportevents.pl\/ligafutsalu2022\/player\/miroslaw-plata\/\"><span class=\"player-photo\"><img width=\"96\" height=\"128\" src=\"https:\/\/lfsportevents.pl\/ligafutsalu2022\/wp-content\/uploads\/1994\/08\/Miros\u0142aw-Plata-1-96x128.jpg\" class=\"attachment-sportspress-fit-icon size-sportspress-fit-icon wp-post-image\" alt=\"\" loading=\"lazy\" \/><\/span>Miros\u0142aw Plata<\/a><\/td><td class=\"data-team\" data-label=\"Klub\"><a href=\"https:\/\/lfsportevents.pl\/ligafutsalu2022\/team\/gold-team\/\">Gold Team\/Meble Lorek<\/a><\/td><td class=\"data-yellowcards\" data-label=\"\u017b\u00f3\u0142te kartki\">1<\/td><\/tr><tr class=\"odd\"><td class=\"data-rank\" data-label=\"#\">23<\/td><td class=\"data-name has-photo\" data-label=\"Zawodnik\"><a href=\"https:\/\/lfsportevents.pl\/ligafutsalu2022\/player\/kacper-wojslaw\/\"><span class=\"player-photo\"><img width=\"96\" height=\"128\" src=\"https:\/\/lfsportevents.pl\/ligafutsalu2022\/wp-content\/uploads\/2022\/11\/Kacper-Wojslaw-96x128.jpg\" class=\"attachment-sportspress-fit-icon size-sportspress-fit-icon wp-post-image\" alt=\"\" loading=\"lazy\" \/><\/span>Kacper Wojs\u0142aw<\/a><\/td><td class=\"data-team\" data-label=\"Klub\"><a href=\"https:\/\/lfsportevents.pl\/ligafutsalu2022\/team\/bastek-niskowa\/\">Bastek Garnitury<\/a><\/td><td class=\"data-yellowcards\" data-label=\"\u017b\u00f3\u0142te kartki\">1<\/td><\/tr><tr class=\"even\"><td class=\"data-rank\" data-label=\"#\">24<\/td><td class=\"data-name has-photo\" data-label=\"Zawodnik\"><a href=\"https:\/\/lfsportevents.pl\/ligafutsalu2022\/player\/adam-tumidaj\/\"><span class=\"player-photo\"><img width=\"96\" height=\"128\" src=\"https:\/\/lfsportevents.pl\/ligafutsalu2022\/wp-content\/uploads\/1983\/11\/Adam-Tumidaj-96x128.jpg\" class=\"attachment-sportspress-fit-icon size-sportspress-fit-icon wp-post-image\" alt=\"\" loading=\"lazy\" \/><\/span>Adam Tumidaj<\/a><\/td><td class=\"data-team\" data-label=\"Klub\"><a href=\"https:\/\/lfsportevents.pl\/ligafutsalu2022\/team\/mariposa-med-spa\/\">Mariposa Med-Spa<\/a><\/td><td class=\"data-yellowcards\" data-label=\"\u017b\u00f3\u0142te kartki\">1<\/td><\/tr><tr class=\"odd\"><td class=\"data-rank\" data-label=\"#\">25<\/td><td class=\"data-name has-photo\" data-label=\"Zawodnik\"><a href=\"https:\/\/lfsportevents.pl\/ligafutsalu2022\/player\/dawid-bochenek\/\"><span class=\"player-photo\"><img width=\"96\" height=\"128\" src=\"https:\/\/lfsportevents.pl\/ligafutsalu2022\/wp-content\/uploads\/1982\/11\/Dawid-Bochenski-96x128.jpg\" class=\"attachment-sportspress-fit-icon size-sportspress-fit-icon wp-post-image\" alt=\"\" loading=\"lazy\" \/><\/span>Dawid Bochenek<\/a><\/td><td class=\"data-team\" data-label=\"Klub\"><a href=\"https:\/\/lfsportevents.pl\/ligafutsalu2022\/team\/bastek-niskowa\/\">Bastek Garnitury<\/a><\/td><td class=\"data-yellowcards\" data-label=\"\u017b\u00f3\u0142te kartki\">1<\/td><\/tr><tr class=\"even\"><td class=\"data-rank\" data-label=\"#\">26<\/td><td class=\"data-name has-photo\" data-label=\"Zawodnik\"><a href=\"https:\/\/lfsportevents.pl\/ligafutsalu2022\/player\/kamil-chochorowski\/\"><span class=\"player-photo\"><img width=\"102\" height=\"128\" src=\"https:\/\/lfsportevents.pl\/ligafutsalu2022\/wp-content\/uploads\/1988\/12\/Kamil-Chochorowski-102x128.jpg\" class=\"attachment-sportspress-fit-icon size-sportspress-fit-icon wp-post-image\" alt=\"\" loading=\"lazy\" \/><\/span>Kamil Chochorowski<\/a><\/td><td class=\"data-team\" data-label=\"Klub\"><a href=\"https:\/\/lfsportevents.pl\/ligafutsalu2022\/team\/kamex\/\">Dom Weselny Sylwia<\/a><\/td><td class=\"data-yellowcards\" data-label=\"\u017b\u00f3\u0142te kartki\">1<\/td><\/tr><tr class=\"odd\"><td class=\"data-rank\" data-label=\"#\">27<\/td><td class=\"data-name has-photo\" data-label=\"Zawodnik\"><a href=\"https:\/\/lfsportevents.pl\/ligafutsalu2022\/player\/konrad-krasinski\/\"><span class=\"player-photo\"><img width=\"96\" height=\"128\" src=\"https:\/\/lfsportevents.pl\/ligafutsalu2022\/wp-content\/uploads\/1999\/08\/Konrad-Krasi\u0144ski-96x128.jpg\" class=\"attachment-sportspress-fit-icon size-sportspress-fit-icon wp-post-image\" alt=\"\" loading=\"lazy\" \/><\/span>Konrad Krasi\u0144ski<\/a><\/td><td class=\"data-team\" data-label=\"Klub\"><a href=\"https:\/\/lfsportevents.pl\/ligafutsalu2022\/team\/mariposa-med-spa\/\">Mariposa Med-Spa<\/a><\/td><td class=\"data-yellowcards\" data-label=\"\u017b\u00f3\u0142te kartki\">1<\/td><\/tr><tr class=\"even\"><td class=\"data-rank\" data-label=\"#\">28<\/td><td class=\"data-name has-photo\" data-label=\"Zawodnik\"><a href=\"https:\/\/lfsportevents.pl\/ligafutsalu2022\/player\/lukasz-chochorowski\/\"><span class=\"player-photo\"><img width=\"96\" height=\"128\" src=\"https:\/\/lfsportevents.pl\/ligafutsalu2022\/wp-content\/uploads\/1987\/08\/\u0141ukasz-Chochorowski-96x128.jpg\" class=\"attachment-sportspress-fit-icon size-sportspress-fit-icon wp-post-image\" alt=\"\" loading=\"lazy\" \/><\/span>\u0141ukasz Chochorowski<\/a><\/td><td class=\"data-team\" data-label=\"Klub\"><a href=\"https:\/\/lfsportevents.pl\/ligafutsalu2022\/team\/wisniowski\/\">Wi\u015bniowski<\/a><\/td><td class=\"data-yellowcards\" data-label=\"\u017b\u00f3\u0142te kartki\">1<\/td><\/tr><tr class=\"odd\"><td class=\"data-rank\" data-label=\"#\">29<\/td><td class=\"data-name has-photo\" data-label=\"Zawodnik\"><a href=\"https:\/\/lfsportevents.pl\/ligafutsalu2022\/player\/sebastian-stach\/\"><span class=\"player-photo\"><img width=\"96\" height=\"128\" src=\"https:\/\/lfsportevents.pl\/ligafutsalu2022\/wp-content\/uploads\/2022\/11\/Sebastian-Stach-96x128.jpg\" class=\"attachment-sportspress-fit-icon size-sportspress-fit-icon wp-post-image\" alt=\"\" loading=\"lazy\" \/><\/span>Sebastian Stach<\/a><\/td><td class=\"data-team\" data-label=\"Klub\"><a href=\"https:\/\/lfsportevents.pl\/ligafutsalu2022\/team\/instal-tech\/\">Instal-Tech<\/a><\/td><td class=\"data-yellowcards\" data-label=\"\u017b\u00f3\u0142te kartki\">1<\/td><\/tr><tr class=\"even\"><td class=\"data-rank\" data-label=\"#\">30<\/td><td class=\"data-name has-photo\" data-label=\"Zawodnik\"><a href=\"https:\/\/lfsportevents.pl\/ligafutsalu2022\/player\/kamil-machowski\/\"><span class=\"player-photo\"><img width=\"96\" height=\"128\" src=\"https:\/\/lfsportevents.pl\/ligafutsalu2022\/wp-content\/uploads\/1998\/12\/334Kamil-Machowski-96x128.jpg\" class=\"attachment-sportspress-fit-icon size-sportspress-fit-icon wp-post-image\" alt=\"\" loading=\"lazy\" \/><\/span>Kamil Machowski<\/a><\/td><td class=\"data-team\" data-label=\"Klub\"><a href=\"https:\/\/lfsportevents.pl\/ligafutsalu2022\/team\/wisniowski\/\">Wi\u015bniowski<\/a><\/td><td class=\"data-yellowcards\" data-label=\"\u017b\u00f3\u0142te kartki\">1<\/td><\/tr><tr class=\"odd\"><td class=\"data-rank\" data-label=\"#\">31<\/td><td class=\"data-name has-photo\" data-label=\"Zawodnik\"><a href=\"https:\/\/lfsportevents.pl\/ligafutsalu2022\/player\/dominik-gorka\/\"><span class=\"player-photo\"><img width=\"96\" height=\"128\" src=\"https:\/\/lfsportevents.pl\/ligafutsalu2022\/wp-content\/uploads\/2022\/11\/Dominik-Gorka-96x128.jpg\" class=\"attachment-sportspress-fit-icon size-sportspress-fit-icon wp-post-image\" alt=\"\" loading=\"lazy\" \/><\/span>Dominik G\u00f3rka<\/a><\/td><td class=\"data-team\" data-label=\"Klub\"><a href=\"https:\/\/lfsportevents.pl\/ligafutsalu2022\/team\/whisky-bar\/\">Whisky Bar<\/a><\/td><td class=\"data-yellowcards\" data-label=\"\u017b\u00f3\u0142te kartki\">1<\/td><\/tr><tr class=\"even\"><td class=\"data-rank\" data-label=\"#\">32<\/td><td class=\"data-name has-photo\" data-label=\"Zawodnik\"><a href=\"https:\/\/lfsportevents.pl\/ligafutsalu2022\/player\/kamil-zygmunt\/\"><span class=\"player-photo\"><img width=\"96\" height=\"128\" src=\"https:\/\/lfsportevents.pl\/ligafutsalu2022\/wp-content\/uploads\/1991\/03\/Kamil-Zygmunt-96x128.jpg\" class=\"attachment-sportspress-fit-icon size-sportspress-fit-icon wp-post-image\" alt=\"\" loading=\"lazy\" \/><\/span>Kamil Zygmunt<\/a><\/td><td class=\"data-team\" data-label=\"Klub\"><a href=\"https:\/\/lfsportevents.pl\/ligafutsalu2022\/team\/bastek-niskowa\/\">Bastek Garnitury<\/a><\/td><td class=\"data-yellowcards\" data-label=\"\u017b\u00f3\u0142te kartki\">1<\/td><\/tr><tr class=\"odd\"><td class=\"data-rank\" data-label=\"#\">33<\/td><td class=\"data-name has-photo\" data-label=\"Zawodnik\"><a href=\"https:\/\/lfsportevents.pl\/ligafutsalu2022\/player\/krzysztof-sulkowski\/\"><span class=\"player-photo\"><img width=\"96\" height=\"128\" src=\"https:\/\/lfsportevents.pl\/ligafutsalu2022\/wp-content\/uploads\/1984\/11\/Krzysztof-Su\u0142kowski-96x128.jpg\" class=\"attachment-sportspress-fit-icon size-sportspress-fit-icon wp-post-image\" alt=\"\" loading=\"lazy\" \/><\/span>Krzysztof Su\u0142kowski<\/a><\/td><td class=\"data-team\" data-label=\"Klub\"><a href=\"https:\/\/lfsportevents.pl\/ligafutsalu2022\/team\/dukat-antykwariat\/\">Bruk-Ogr\u00f3d-Nowak<\/a><\/td><td class=\"data-yellowcards\" data-label=\"\u017b\u00f3\u0142te kartki\">1<\/td><\/tr><\/tbody><\/table><\/div><\/div><\/div>\n","protected":false},"excerpt":{"rendered":"","protected":false},"author":1,"featured_media":0,"parent":219,"menu_order":0,"comment_status":"closed","ping_status":"closed","template":"","meta":[],"_links":{"self":[{"href":"https:\/\/lfsportevents.pl\/ligafutsalu2022\/wp-json\/wp\/v2\/pages\/8190"}],"collection":[{"href":"https:\/\/lfsportevents.pl\/ligafutsalu2022\/wp-json\/wp\/v2\/pages"}],"about":[{"href":"https:\/\/lfsportevents.pl\/ligafutsalu2022\/wp-json\/wp\/v2\/types\/page"}],"author":[{"embeddable":true,"href":"https:\/\/lfsportevents.pl\/ligafutsalu2022\/wp-json\/wp\/v2\/users\/1"}],"replies":[{"embeddable":true,"href":"https:\/\/lfsportevents.pl\/ligafutsalu2022\/wp-json\/wp\/v2\/comments?post=8190"}],"version-history":[{"count":3,"href":"https:\/\/lfsportevents.pl\/ligafutsalu2022\/wp-json\/wp\/v2\/pages\/8190\/revisions"}],"predecessor-version":[{"id":23111,"href":"https:\/\/lfsportevents.pl\/ligafutsalu2022\/wp-json\/wp\/v2\/pages\/8190\/revisions\/23111"}],"up":[{"embeddable":true,"href":"https:\/\/lfsportevents.pl\/ligafutsalu2022\/wp-json\/wp\/v2\/pages\/219"}],"wp:attachment":[{"href":"https:\/\/lfsportevents.pl\/ligafutsalu2022\/wp-json\/wp\/v2\/media?parent=8190"}],"curies":[{"name":"wp","href":"https:\/\/api.w.org\/{rel}","templated":true}]}}