{"id":8186,"date":"2017-09-20T10:08:40","date_gmt":"2017-09-20T08:08:40","guid":{"rendered":"https:\/\/lfsportevents.pl\/ligafutsalu2022\/?page_id=8186"},"modified":"2022-12-30T20:31:34","modified_gmt":"2022-12-30T19:31:34","slug":"video","status":"publish","type":"page","link":"https:\/\/lfsportevents.pl\/ligafutsalu2022\/puchar-ligi\/video\/","title":{"rendered":"Video"},"content":{"rendered":"<p><iframe loading=\"lazy\" title=\"Micha\u0142 Chochorowski (Dom Weselny Sylwia)\" width=\"620\" height=\"349\" src=\"https:\/\/www.youtube.com\/embed\/VbU63LW4F3s?feature=oembed\" frameborder=\"0\" allow=\"accelerometer; autoplay; clipboard-write; encrypted-media; gyroscope; picture-in-picture\" allowfullscreen><\/iframe><\/p>\n<p><iframe loading=\"lazy\" title=\"Norbert Ko\u015bci\u00f3\u0142ek (Whisky Bar)\" width=\"620\" height=\"349\" src=\"https:\/\/www.youtube.com\/embed\/epu0rO4PIoc?feature=oembed\" frameborder=\"0\" allow=\"accelerometer; autoplay; clipboard-write; encrypted-media; gyroscope; picture-in-picture\" allowfullscreen><\/iframe><\/p>\n<p><iframe loading=\"lazy\" title=\"Jan Zieli\u0144ski (Tylicz.Ski)\" width=\"620\" height=\"349\" src=\"https:\/\/www.youtube.com\/embed\/UiY1Ylnmvtw?feature=oembed\" frameborder=\"0\" allow=\"accelerometer; autoplay; clipboard-write; encrypted-media; gyroscope; picture-in-picture\" allowfullscreen><\/iframe><\/p>\n<p><iframe loading=\"lazy\" title=\"Przemys\u0142aw Kumor (Gold Team\/Meble Lorek)\" width=\"620\" height=\"349\" src=\"https:\/\/www.youtube.com\/embed\/kb1JrDF1t2o?feature=oembed\" frameborder=\"0\" allow=\"accelerometer; autoplay; clipboard-write; encrypted-media; gyroscope; picture-in-picture\" allowfullscreen><\/iframe><\/p>\n<p><iframe loading=\"lazy\" title=\"Patryk Twardowski (Gold Team\/Meble Lorek)\" width=\"620\" height=\"349\" src=\"https:\/\/www.youtube.com\/embed\/2FtG943CxRE?feature=oembed\" frameborder=\"0\" allow=\"accelerometer; autoplay; clipboard-write; encrypted-media; gyroscope; picture-in-picture\" allowfullscreen><\/iframe><\/p>\n<p><iframe loading=\"lazy\" title=\"Dominik G\u00f3rka (Whisky Bar)\" width=\"620\" height=\"349\" src=\"https:\/\/www.youtube.com\/embed\/ci57J1e_Zl0?start=6&#038;feature=oembed\" frameborder=\"0\" allow=\"accelerometer; autoplay; clipboard-write; encrypted-media; gyroscope; picture-in-picture\" allowfullscreen><\/iframe><\/p>\n<p><iframe loading=\"lazy\" title=\"Krzysztof Janik (Tylicz.Ski)\" width=\"620\" height=\"349\" src=\"https:\/\/www.youtube.com\/embed\/N8AdVi-tOWM?start=6&#038;feature=oembed\" frameborder=\"0\" allow=\"accelerometer; autoplay; clipboard-write; encrypted-media; gyroscope; picture-in-picture\" allowfullscreen><\/iframe><\/p>\n<p><iframe loading=\"lazy\" title=\"Kamil Machowski (Wi\u015bniowski)\" width=\"620\" height=\"349\" src=\"https:\/\/www.youtube.com\/embed\/HSv1OUDPiM8?feature=oembed\" frameborder=\"0\" allow=\"accelerometer; autoplay; clipboard-write; encrypted-media; gyroscope; picture-in-picture\" allowfullscreen><\/iframe><\/p>\n","protected":false},"excerpt":{"rendered":"","protected":false},"author":1,"featured_media":0,"parent":219,"menu_order":0,"comment_status":"closed","ping_status":"closed","template":"","meta":[],"_links":{"self":[{"href":"https:\/\/lfsportevents.pl\/ligafutsalu2022\/wp-json\/wp\/v2\/pages\/8186"}],"collection":[{"href":"https:\/\/lfsportevents.pl\/ligafutsalu2022\/wp-json\/wp\/v2\/pages"}],"about":[{"href":"https:\/\/lfsportevents.pl\/ligafutsalu2022\/wp-json\/wp\/v2\/types\/page"}],"author":[{"embeddable":true,"href":"https:\/\/lfsportevents.pl\/ligafutsalu2022\/wp-json\/wp\/v2\/users\/1"}],"replies":[{"embeddable":true,"href":"https:\/\/lfsportevents.pl\/ligafutsalu2022\/wp-json\/wp\/v2\/comments?post=8186"}],"version-history":[{"count":2,"href":"https:\/\/lfsportevents.pl\/ligafutsalu2022\/wp-json\/wp\/v2\/pages\/8186\/revisions"}],"predecessor-version":[{"id":24008,"href":"https:\/\/lfsportevents.pl\/ligafutsalu2022\/wp-json\/wp\/v2\/pages\/8186\/revisions\/24008"}],"up":[{"embeddable":true,"href":"https:\/\/lfsportevents.pl\/ligafutsalu2022\/wp-json\/wp\/v2\/pages\/219"}],"wp:attachment":[{"href":"https:\/\/lfsportevents.pl\/ligafutsalu2022\/wp-json\/wp\/v2\/media?parent=8186"}],"curies":[{"name":"wp","href":"https:\/\/api.w.org\/{rel}","templated":true}]}}