{"id":8180,"date":"2017-09-20T10:07:50","date_gmt":"2017-09-20T08:07:50","guid":{"rendered":"https:\/\/lfsportevents.pl\/ligafutsalu2022\/?page_id=8180"},"modified":"2022-12-30T20:18:14","modified_gmt":"2022-12-30T19:18:14","slug":"stat-rundy","status":"publish","type":"page","link":"https:\/\/lfsportevents.pl\/ligafutsalu2022\/puchar-ligi\/stat-rundy\/","title":{"rendered":"Stat. rundy"},"content":{"rendered":"<h1><span style=\"color: #993300;\">I RUNDA\u00a0<\/span><\/h1>\n<p><strong>Liczba meczy:<\/strong><span style=\"color: #993300;\"><strong> 10<\/strong><\/span><br \/>\n<strong>Liczba goli: <span style=\"color: #993300;\">77<\/span><\/strong><span style=\"color: #993300;\"><strong>\u00a0<\/strong><\/span><br \/>\n<strong>\u015arednia ilo\u015b\u0107 goli na mecz:\u00a0<span style=\"color: #993300;\">7,7<\/span><\/strong><br \/>\n<strong>Wygrane:<\/strong><span style=\"color: #993300;\"><strong>\u00a0<span style=\"color: #993300;\">6<\/span><\/strong><\/span><br \/>\n<strong>Remisy:\u00a0<span style=\"color: #993300;\">4<\/span><\/strong><br \/>\n<strong>Walkowery:<\/strong><strong>\u00a0<span style=\"color: #993300;\">0<\/span><\/strong><br \/>\n<strong>Najwi\u0119cej goli strzelonych w meczu: <span style=\"color: #993300;\">11 goli<\/span> (Wi\u015bniowski &#8211; Pabud 8:3)<\/strong><br \/>\n<strong>Najwy\u017csza wygrana:<\/strong><strong><span style=\"color: #993300;\">\u00a0<span style=\"color: #993300;\">8:2\u00a0<span style=\"color: #333333;\">(Tylicz.Ski &#8211; Prestige House)<\/span><\/span><\/span><\/strong><br \/>\n<strong>Ilo\u015b\u0107 \u017c\u00f3\u0142tych kartek:<\/strong><span style=\"color: #993300;\"><strong>\u00a0<span style=\"color: #993300;\">6<\/span><\/strong><\/span><br \/>\n<strong>Ilo\u015b\u0107 czerwonych kartek:<\/strong><span style=\"color: #993300;\"><strong>\u00a0<span style=\"color: #993300;\">1<\/span><\/strong><\/span><\/p>\n<h1><span style=\"color: #993300;\">iI RUNDA\u00a0<\/span><\/h1>\n<p><strong>Liczba meczy:<\/strong><strong>\u00a0<span style=\"color: #993300;\">10<\/span><\/strong><br \/>\n<strong>Liczba goli:<\/strong><span style=\"color: #993300;\"><strong>\u00a0<span style=\"color: #993300;\">91<\/span><\/strong><\/span><br \/>\n<strong>\u015arednia ilo\u015b\u0107 goli na mecz: <span style=\"color: #993300;\">9,1<\/span><\/strong><br \/>\n<strong>Wygrane:<\/strong><span style=\"color: #993300;\"><strong>\u00a0<span style=\"color: #993300;\">10<\/span><\/strong><\/span><br \/>\n<strong>Remisy:\u00a0<span style=\"color: #993300;\">0<\/span><\/strong><br \/>\n<strong>Walkowery:<\/strong><strong>\u00a0<span style=\"color: #993300;\">1<\/span><\/strong><br \/>\n<strong>Najwi\u0119cej goli strzelonych w meczu:\u00a0<span style=\"color: #993300;\">13 goli\u00a0<span style=\"color: #333333;\">(Dom Weselny Sylwia &#8211; Greenpowerns 8:5)<\/span><\/span><\/strong><br \/>\n<strong>Najwy\u017csza wygrana:<\/strong><strong><span style=\"color: #993300;\">\u00a0<span style=\"color: #333333;\"><span style=\"color: #993300;\">9:1 <\/span><\/span><span style=\"color: #333333;\">(Baz Pal &#8211; Bruk-Ogr\u00f3d-Nowak)<\/span><\/span><\/strong><br \/>\n<strong>Ilo\u015b\u0107 \u017c\u00f3\u0142tych kartek:<\/strong><span style=\"color: #993300;\"><strong>\u00a0<span style=\"color: #993300;\">15<\/span><\/strong><\/span><br \/>\n<strong>Ilo\u015b\u0107 czerwonych kartek:<\/strong><span style=\"color: #993300;\"><strong>\u00a0<span style=\"color: #993300;\">1<\/span><\/strong><\/span><\/p>\n<h1><span style=\"color: #993300;\">Iii RUNDA\u00a0<\/span><\/h1>\n<p><strong>Liczba meczy:<\/strong><strong>\u00a0<span style=\"color: #993300;\">10<\/span><\/strong><br \/>\n<strong>Liczba goli:<\/strong><span style=\"color: #993300;\"><strong>\u00a0<span style=\"color: #993300;\">84<\/span><\/strong><\/span><br \/>\n<strong>\u015arednia ilo\u015b\u0107 goli na mecz:\u00a0<span style=\"color: #993300;\">8,4<\/span><\/strong><br \/>\n<strong>Wygrane:<\/strong><span style=\"color: #993300;\"><strong>\u00a0<span style=\"color: #993300;\">9<\/span><\/strong><\/span><br \/>\n<strong>Remisy:\u00a0<span style=\"color: #993300;\">1<\/span><\/strong><br \/>\n<strong>Walkowery:<\/strong><strong>\u00a0<span style=\"color: #993300;\">0<\/span><\/strong><br \/>\n<strong>Najwi\u0119cej goli strzelonych w meczu:\u00a0<span style=\"color: #993300;\">11 goli\u00a0<span style=\"color: #333333;\">(Trade &#8211; Bruk-Ogr\u00f3d-Nowak 7:4)<\/span><\/span><\/strong><br \/>\n<strong>Najwy\u017csza wygrana:<\/strong><strong><span style=\"color: #993300;\">\u00a0<span style=\"color: #993300;\">9:0\u00a0<span style=\"color: #333333;\">(Prestige House &#8211; Mariposa Med-Spa)<\/span><\/span><\/span><\/strong><br \/>\n<strong>Ilo\u015b\u0107 \u017c\u00f3\u0142tych kartek:<\/strong><span style=\"color: #993300;\"><strong>\u00a0<span style=\"color: #993300;\">9<\/span><\/strong><\/span><br \/>\n<strong>Ilo\u015b\u0107 czerwonych kartek:<\/strong><span style=\"color: #993300;\"><strong>\u00a0<span style=\"color: #993300;\">1<\/span><\/strong><\/span><\/p>\n<h1><span style=\"color: #993300;\">iv RUNDA\u00a0<\/span><\/h1>\n<p><strong>Liczba meczy:<\/strong><strong>\u00a0<span style=\"color: #993300;\">4<\/span><\/strong><br \/>\n<strong>Liczba goli:<\/strong><span style=\"color: #993300;\"><strong>\u00a038<\/strong><\/span><br \/>\n<strong>\u015arednia ilo\u015b\u0107 goli na mecz:\u00a0<span style=\"color: #993300;\">9,5<\/span><\/strong><br \/>\n<strong>Wygrane:<\/strong><span style=\"color: #993300;\"><strong>\u00a04<\/strong><\/span><br \/>\n<strong>Remisy:\u00a0<span style=\"color: #993300;\">0<\/span><\/strong><br \/>\n<strong>Walkowery:<\/strong><strong>\u00a0<span style=\"color: #993300;\">1<\/span><\/strong><br \/>\n<strong>Najwi\u0119cej goli strzelonych w meczu:\u00a0<span style=\"color: #993300;\">12 goli <span style=\"color: #333333;\">(Prestige House &#8211; Whisky Bar 5:7)<\/span><\/span><\/strong><br \/>\n<strong>Najwy\u017csza wygrana:<\/strong><strong><span style=\"color: #993300;\">\u00a09:1 <span style=\"color: #333333;\">(Tylicz.Ski &#8211; S\u0105czersi)<\/span><\/span><\/strong><br \/>\n<strong>Ilo\u015b\u0107 \u017c\u00f3\u0142tych kartek:<\/strong><span style=\"color: #993300;\"><strong>\u00a05<\/strong><\/span><br \/>\n<strong>Ilo\u015b\u0107 czerwonych kartek:<\/strong><span style=\"color: #993300;\"><strong>\u00a01<\/strong><\/span><\/p>\n<h1><span style=\"color: #993300;\">v RUNDA\u00a0<\/span><\/h1>\n<p><strong>Liczba meczy:<\/strong><strong>\u00a0<span style=\"color: #993300;\">2<\/span><\/strong><br \/>\n<strong>Liczba goli:<\/strong><span style=\"color: #993300;\"><strong> 18<\/strong><\/span><br \/>\n<strong>\u015arednia ilo\u015b\u0107 goli na mecz:\u00a0<span style=\"color: #993300;\">9,0<\/span><\/strong><br \/>\n<strong>Wygrane:<\/strong><span style=\"color: #993300;\"><strong> 2<\/strong><\/span><br \/>\n<strong>Remisy:\u00a0<span style=\"color: #993300;\">0<\/span><\/strong><br \/>\n<strong>Walkowery:<\/strong><strong>\u00a0<span style=\"color: #993300;\">0<\/span><\/strong><br \/>\n<strong>Najwi\u0119cej goli strzelonych w meczu:\u00a0<span style=\"color: #993300;\">13 goli <span style=\"color: #333333;\">(Tylicz.Ski &#8211; Whisky Bar 8:5)<\/span><\/span><\/strong><br \/>\n<strong>Najwy\u017csza wygrana:<\/strong><strong><span style=\"color: #993300;\"> 8:5 <span style=\"color: #333333;\">(Tylicz.Ski &#8211; Whisky Bar), <span style=\"color: #993300;\">4:1<\/span> (Dom Weselny Sylwia &#8211; Gold Team\/Meble Lorek)<\/span><\/span><\/strong><br \/>\n<strong>Ilo\u015b\u0107 \u017c\u00f3\u0142tych kartek:<\/strong><span style=\"color: #993300;\"><strong> 3<\/strong><\/span><br \/>\n<strong>Ilo\u015b\u0107 czerwonych kartek:<\/strong><span style=\"color: #993300;\"><strong> 0<\/strong><\/span><\/p>\n<p>&nbsp;<\/p>\n","protected":false},"excerpt":{"rendered":"<p>I RUNDA\u00a0 Liczba meczy: 10 Liczba goli: 77\u00a0 \u015arednia ilo\u015b\u0107 goli na mecz:\u00a07,7 Wygrane:\u00a06 Remisy:\u00a04 Walkowery:\u00a00 Najwi\u0119cej goli strzelonych w meczu: 11 goli (Wi\u015bniowski &#8211; Pabud 8:3) Najwy\u017csza wygrana:\u00a08:2\u00a0(Tylicz.Ski &#8211; Prestige House) Ilo\u015b\u0107 \u017c\u00f3\u0142tych kartek:\u00a06 Ilo\u015b\u0107 czerwonych kartek:\u00a01 iI RUNDA\u00a0 Liczba meczy:\u00a010 Liczba goli:\u00a091 \u015arednia ilo\u015b\u0107 goli na mecz: 9,1 Wygrane:\u00a010 Remisy:\u00a00 Walkowery:\u00a01 Najwi\u0119cej goli [&hellip;]<\/p>\n","protected":false},"author":1,"featured_media":0,"parent":219,"menu_order":0,"comment_status":"closed","ping_status":"closed","template":"","meta":[],"_links":{"self":[{"href":"https:\/\/lfsportevents.pl\/ligafutsalu2022\/wp-json\/wp\/v2\/pages\/8180"}],"collection":[{"href":"https:\/\/lfsportevents.pl\/ligafutsalu2022\/wp-json\/wp\/v2\/pages"}],"about":[{"href":"https:\/\/lfsportevents.pl\/ligafutsalu2022\/wp-json\/wp\/v2\/types\/page"}],"author":[{"embeddable":true,"href":"https:\/\/lfsportevents.pl\/ligafutsalu2022\/wp-json\/wp\/v2\/users\/1"}],"replies":[{"embeddable":true,"href":"https:\/\/lfsportevents.pl\/ligafutsalu2022\/wp-json\/wp\/v2\/comments?post=8180"}],"version-history":[{"count":2,"href":"https:\/\/lfsportevents.pl\/ligafutsalu2022\/wp-json\/wp\/v2\/pages\/8180\/revisions"}],"predecessor-version":[{"id":24004,"href":"https:\/\/lfsportevents.pl\/ligafutsalu2022\/wp-json\/wp\/v2\/pages\/8180\/revisions\/24004"}],"up":[{"embeddable":true,"href":"https:\/\/lfsportevents.pl\/ligafutsalu2022\/wp-json\/wp\/v2\/pages\/219"}],"wp:attachment":[{"href":"https:\/\/lfsportevents.pl\/ligafutsalu2022\/wp-json\/wp\/v2\/media?parent=8180"}],"curies":[{"name":"wp","href":"https:\/\/api.w.org\/{rel}","templated":true}]}}