{"id":13740,"date":"2018-09-20T09:52:34","date_gmt":"2018-09-20T07:52:34","guid":{"rendered":"https:\/\/lfsportevents.pl\/ligafutsalu2022\/puchar-ligi\/kary-copy\/"},"modified":"2022-11-08T00:07:10","modified_gmt":"2022-11-07T23:07:10","slug":"grupy","status":"publish","type":"page","link":"https:\/\/lfsportevents.pl\/ligafutsalu2022\/puchar-ligi\/grupy\/","title":{"rendered":"Grupy"},"content":{"rendered":"<div class=\"legenda\">\n<p>Legenda:<\/p>\n<div class=\"item\"><span style=\"color: #993300;\"><b>M<\/b><\/span> = Mecze Rozegrane<\/div>\n<div class=\"item\"><span style=\"color: #993300;\"><b> Pkt<\/b><\/span> = Punkty<\/div>\n<div class=\"item\"><span style=\"color: #993300;\"><b> Z<\/b><\/span> = Zwyci\u0119stwa<\/div>\n<div class=\"item\"><span style=\"color: #993300;\"><b> R<\/b><\/span> = Remisy<\/div>\n<div class=\"item\"><span style=\"color: #993300;\"><b> P<\/b><\/span> = Pora\u017cki<\/div>\n<div class=\"item\"><span style=\"color: #993300;\"><b> BZ<\/b><\/span> = Bramki zdobyte<\/div>\n<div class=\"item\"><span style=\"color: #993300;\"><b> BS<\/b><\/span> = Bramki stracone<\/div>\n<div class=\"item\"><span style=\"color: #993300;\"><b> +\/-<\/b> <\/span>= R\u00f3\u017cnica bramek<\/div>\n<div class=\"item\"><span style=\"color: #2abd69;\"><strong>Miejsce 1<\/strong>\u00a0(bezpo\u015bredni awans do 4 Rundy &#8211; \u0107wier\u0107fina\u0142y)<\/span><\/div>\n<div class=\"item\"><span style=\"color: #5de887;\"><strong>Miejsce 2<\/strong> (trzy dru\u017cyny z najlepszym bilansem z miejsca 2 uzyskaj\u0105 awans do 4 Rundy &#8211; \u0107wier\u0107fina\u0142y)<\/span><\/div>\n<\/div>\n<div class=\"x11i5rnm xat24cr x1mh8g0r x1vvkbs xtlvy1s x126k92a\">\n<div dir=\"auto\"><\/div>\n<div dir=\"auto\"><div class=\"sportspress\"><div class=\"sp-template sp-template-league-table\">\n\t<h4 class=\"sp-table-caption\">Puchar Ligi Futsalu &#8211; Gr. A<\/h4><div class=\"sp-table-wrapper\"><table class=\"sp-league-table sp-data-table sp-sortable-table sp-scrollable-table sp-paginated-table\" data-sp-rows=\"16\"><thead><tr><th class=\"data-rank\">Pozycja<\/th><th class=\"data-name\">Klub<\/th><th class=\"data-p\">M<\/th><th class=\"data-pts\">Pkt<\/th><th class=\"data-w\">Z<\/th><th class=\"data-d\">R<\/th><th class=\"data-l\">P<\/th><th class=\"data-f\">BZ<\/th><th class=\"data-a\">BS<\/th><th class=\"data-gd\">+\/-<\/th><\/tr><\/thead><tbody><tr class=\"odd sp-row-no-0\"><td class=\"data-rank\" data-label=\"Pozycja\">1<\/td><td class=\"data-name has-logo\" data-label=\"Klub\"><a href=\"https:\/\/lfsportevents.pl\/ligafutsalu2022\/team\/sebbet-kostka-brukowa\/\"><span class=\"team-logo\"><img width=\"112\" height=\"128\" src=\"https:\/\/lfsportevents.pl\/ligafutsalu2022\/wp-content\/uploads\/2019\/11\/Drip-Shop-112x128.png\" class=\"attachment-sportspress-fit-icon size-sportspress-fit-icon wp-post-image\" alt=\"\" loading=\"lazy\" \/><\/span>Drip Shop &#038; Firma Cempa<\/a><\/td><td class=\"data-p\" data-label=\"M\">4<\/td><td class=\"data-pts\" data-label=\"Pkt\">7<\/td><td class=\"data-w\" data-label=\"Z\">2<\/td><td class=\"data-d\" data-label=\"R\">1<\/td><td class=\"data-l\" data-label=\"P\">1<\/td><td class=\"data-f\" data-label=\"BZ\">11<\/td><td class=\"data-a\" data-label=\"BS\">10<\/td><td class=\"data-gd\" data-label=\"+\/-\">1<\/td><\/tr><tr class=\"even sp-row-no-1\"><td class=\"data-rank\" data-label=\"Pozycja\">2<\/td><td class=\"data-name has-logo\" data-label=\"Klub\"><a href=\"https:\/\/lfsportevents.pl\/ligafutsalu2022\/team\/wisniowski\/\"><span class=\"team-logo\"><img width=\"128\" height=\"58\" src=\"https:\/\/lfsportevents.pl\/ligafutsalu2022\/wp-content\/uploads\/2016\/11\/Wi\u015bniowski-removebg-preview-128x58.png\" class=\"attachment-sportspress-fit-icon size-sportspress-fit-icon wp-post-image\" alt=\"\" loading=\"lazy\" \/><\/span>Wi\u015bniowski<\/a><\/td><td class=\"data-p\" data-label=\"M\">4<\/td><td class=\"data-pts\" data-label=\"Pkt\">6<\/td><td class=\"data-w\" data-label=\"Z\">2<\/td><td class=\"data-d\" data-label=\"R\">0<\/td><td class=\"data-l\" data-label=\"P\">2<\/td><td class=\"data-f\" data-label=\"BZ\">18<\/td><td class=\"data-a\" data-label=\"BS\">18<\/td><td class=\"data-gd\" data-label=\"+\/-\">0<\/td><\/tr><tr class=\"odd sp-row-no-2\"><td class=\"data-rank\" data-label=\"Pozycja\">3<\/td><td class=\"data-name has-logo\" data-label=\"Klub\"><a href=\"https:\/\/lfsportevents.pl\/ligafutsalu2022\/team\/bastek-niskowa\/\"><span class=\"team-logo\"><img width=\"128\" height=\"34\" src=\"https:\/\/lfsportevents.pl\/ligafutsalu2022\/wp-content\/uploads\/2019\/11\/Bastek-Garnitury-128x34.png\" class=\"attachment-sportspress-fit-icon size-sportspress-fit-icon wp-post-image\" alt=\"\" loading=\"lazy\" \/><\/span>Bastek Garnitury<\/a><\/td><td class=\"data-p\" data-label=\"M\">3<\/td><td class=\"data-pts\" data-label=\"Pkt\">4<\/td><td class=\"data-w\" data-label=\"Z\">1<\/td><td class=\"data-d\" data-label=\"R\">1<\/td><td class=\"data-l\" data-label=\"P\">1<\/td><td class=\"data-f\" data-label=\"BZ\">10<\/td><td class=\"data-a\" data-label=\"BS\">11<\/td><td class=\"data-gd\" data-label=\"+\/-\">-1<\/td><\/tr><tr class=\"even sp-row-no-3\"><td class=\"data-rank\" data-label=\"Pozycja\">4<\/td><td class=\"data-name has-logo\" data-label=\"Klub\"><a href=\"https:\/\/lfsportevents.pl\/ligafutsalu2022\/team\/pabud\/\"><span class=\"team-logo\"><img width=\"128\" height=\"90\" src=\"https:\/\/lfsportevents.pl\/ligafutsalu2022\/wp-content\/uploads\/2020\/10\/Pabud-128x90.png\" class=\"attachment-sportspress-fit-icon size-sportspress-fit-icon wp-post-image\" alt=\"\" loading=\"lazy\" \/><\/span>Pabud<\/a><\/td><td class=\"data-p\" data-label=\"M\">3<\/td><td class=\"data-pts\" data-label=\"Pkt\">0<\/td><td class=\"data-w\" data-label=\"Z\">0<\/td><td class=\"data-d\" data-label=\"R\">0<\/td><td class=\"data-l\" data-label=\"P\">3<\/td><td class=\"data-f\" data-label=\"BZ\">7<\/td><td class=\"data-a\" data-label=\"BS\">19<\/td><td class=\"data-gd\" data-label=\"+\/-\">-12<\/td><\/tr><\/tbody><\/table><\/div><\/div>\n<\/div><\/div>\n<div dir=\"auto\"><div class=\"sportspress\"><div class=\"sp-template sp-template-league-table\">\n\t<h4 class=\"sp-table-caption\">Puchar Ligi Futsalu \u2013 Gr. B<\/h4><div class=\"sp-table-wrapper\"><table class=\"sp-league-table sp-data-table sp-sortable-table sp-scrollable-table sp-paginated-table\" data-sp-rows=\"16\"><thead><tr><th class=\"data-rank\">Pozycja<\/th><th class=\"data-name\">Klub<\/th><th class=\"data-p\">M<\/th><th class=\"data-pts\">Pkt<\/th><th class=\"data-w\">Z<\/th><th class=\"data-d\">R<\/th><th class=\"data-l\">P<\/th><th class=\"data-f\">BZ<\/th><th class=\"data-a\">BS<\/th><th class=\"data-gd\">+\/-<\/th><\/tr><\/thead><tbody><tr class=\"odd sp-row-no-0\"><td class=\"data-rank\" data-label=\"Pozycja\">1<\/td><td class=\"data-name has-logo\" data-label=\"Klub\"><a href=\"https:\/\/lfsportevents.pl\/ligafutsalu2022\/team\/gold-team\/\"><span class=\"team-logo\"><img width=\"128\" height=\"42\" src=\"https:\/\/lfsportevents.pl\/ligafutsalu2022\/wp-content\/uploads\/2016\/11\/Meble-Lorek-128x42.png\" class=\"attachment-sportspress-fit-icon size-sportspress-fit-icon wp-post-image\" alt=\"\" loading=\"lazy\" \/><\/span>Gold Team\/Meble Lorek<\/a><\/td><td class=\"data-p\" data-label=\"M\">5<\/td><td class=\"data-pts\" data-label=\"Pkt\">12<\/td><td class=\"data-w\" data-label=\"Z\">4<\/td><td class=\"data-d\" data-label=\"R\">0<\/td><td class=\"data-l\" data-label=\"P\">1<\/td><td class=\"data-f\" data-label=\"BZ\">32<\/td><td class=\"data-a\" data-label=\"BS\">10<\/td><td class=\"data-gd\" data-label=\"+\/-\">22<\/td><\/tr><tr class=\"even sp-row-no-1\"><td class=\"data-rank\" data-label=\"Pozycja\">2<\/td><td class=\"data-name has-logo\" data-label=\"Klub\"><a href=\"https:\/\/lfsportevents.pl\/ligafutsalu2022\/team\/baz-pal\/\"><span class=\"team-logo\"><img width=\"128\" height=\"40\" src=\"https:\/\/lfsportevents.pl\/ligafutsalu2022\/wp-content\/uploads\/2016\/11\/Baz-Pal-128x40.png\" class=\"attachment-sportspress-fit-icon size-sportspress-fit-icon wp-post-image\" alt=\"\" loading=\"lazy\" \/><\/span>Baz Pal<\/a><\/td><td class=\"data-p\" data-label=\"M\">3<\/td><td class=\"data-pts\" data-label=\"Pkt\">4<\/td><td class=\"data-w\" data-label=\"Z\">1<\/td><td class=\"data-d\" data-label=\"R\">1<\/td><td class=\"data-l\" data-label=\"P\">1<\/td><td class=\"data-f\" data-label=\"BZ\">15<\/td><td class=\"data-a\" data-label=\"BS\">12<\/td><td class=\"data-gd\" data-label=\"+\/-\">3<\/td><\/tr><tr class=\"odd sp-row-no-2\"><td class=\"data-rank\" data-label=\"Pozycja\">3<\/td><td class=\"data-name has-logo\" data-label=\"Klub\"><a href=\"https:\/\/lfsportevents.pl\/ligafutsalu2022\/team\/trade\/\"><span class=\"team-logo\"><img width=\"128\" height=\"81\" src=\"https:\/\/lfsportevents.pl\/ligafutsalu2022\/wp-content\/uploads\/2020\/10\/TRADE-logo-128x81.png\" class=\"attachment-sportspress-fit-icon size-sportspress-fit-icon wp-post-image\" alt=\"\" loading=\"lazy\" \/><\/span>Trade<\/a><\/td><td class=\"data-p\" data-label=\"M\">3<\/td><td class=\"data-pts\" data-label=\"Pkt\">4<\/td><td class=\"data-w\" data-label=\"Z\">1<\/td><td class=\"data-d\" data-label=\"R\">1<\/td><td class=\"data-l\" data-label=\"P\">1<\/td><td class=\"data-f\" data-label=\"BZ\">12<\/td><td class=\"data-a\" data-label=\"BS\">14<\/td><td class=\"data-gd\" data-label=\"+\/-\">-2<\/td><\/tr><tr class=\"even sp-row-no-3\"><td class=\"data-rank\" data-label=\"Pozycja\">4<\/td><td class=\"data-name has-logo\" data-label=\"Klub\"><a href=\"https:\/\/lfsportevents.pl\/ligafutsalu2022\/team\/dukat-antykwariat\/\"><span class=\"team-logo\"><img width=\"128\" height=\"128\" src=\"https:\/\/lfsportevents.pl\/ligafutsalu2022\/wp-content\/uploads\/2020\/10\/Bruk-Ogr\u00f3d-Nowak-128x128.png\" class=\"attachment-sportspress-fit-icon size-sportspress-fit-icon wp-post-image\" alt=\"\" loading=\"lazy\" \/><\/span>Bruk-Ogr\u00f3d-Nowak<\/a><\/td><td class=\"data-p\" data-label=\"M\">3<\/td><td class=\"data-pts\" data-label=\"Pkt\">0<\/td><td class=\"data-w\" data-label=\"Z\">0<\/td><td class=\"data-d\" data-label=\"R\">0<\/td><td class=\"data-l\" data-label=\"P\">3<\/td><td class=\"data-f\" data-label=\"BZ\">4<\/td><td class=\"data-a\" data-label=\"BS\">23<\/td><td class=\"data-gd\" data-label=\"+\/-\">-19<\/td><\/tr><\/tbody><\/table><\/div><\/div>\n<\/div><\/div>\n<div dir=\"auto\"><div class=\"sportspress\"><div class=\"sp-template sp-template-league-table\">\n\t<h4 class=\"sp-table-caption\">Puchar Ligi Futsalu \u2013 Gr. C<\/h4><div class=\"sp-table-wrapper\"><table class=\"sp-league-table sp-data-table sp-sortable-table sp-scrollable-table sp-paginated-table\" data-sp-rows=\"16\"><thead><tr><th class=\"data-rank\">Pozycja<\/th><th class=\"data-name\">Klub<\/th><th class=\"data-p\">M<\/th><th class=\"data-pts\">Pkt<\/th><th class=\"data-w\">Z<\/th><th class=\"data-d\">R<\/th><th class=\"data-l\">P<\/th><th class=\"data-f\">BZ<\/th><th class=\"data-a\">BS<\/th><th class=\"data-gd\">+\/-<\/th><\/tr><\/thead><tbody><tr class=\"odd sp-row-no-0\"><td class=\"data-rank\" data-label=\"Pozycja\">1<\/td><td class=\"data-name has-logo\" data-label=\"Klub\"><a href=\"https:\/\/lfsportevents.pl\/ligafutsalu2022\/team\/saczersi\/\"><span class=\"team-logo\"><img width=\"126\" height=\"128\" src=\"https:\/\/lfsportevents.pl\/ligafutsalu2022\/wp-content\/uploads\/2019\/11\/S\u0105czersi-126x128.png\" class=\"attachment-sportspress-fit-icon size-sportspress-fit-icon wp-post-image\" alt=\"\" loading=\"lazy\" \/><\/span>S\u0105czersi<\/a><\/td><td class=\"data-p\" data-label=\"M\">4<\/td><td class=\"data-pts\" data-label=\"Pkt\">9<\/td><td class=\"data-w\" data-label=\"Z\">3<\/td><td class=\"data-d\" data-label=\"R\">0<\/td><td class=\"data-l\" data-label=\"P\">1<\/td><td class=\"data-f\" data-label=\"BZ\">23<\/td><td class=\"data-a\" data-label=\"BS\">16<\/td><td class=\"data-gd\" data-label=\"+\/-\">7<\/td><\/tr><tr class=\"even sp-row-no-1\"><td class=\"data-rank\" data-label=\"Pozycja\">2<\/td><td class=\"data-name has-logo\" data-label=\"Klub\"><a href=\"https:\/\/lfsportevents.pl\/ligafutsalu2022\/team\/stal-bud-nawojowa\/\"><span class=\"team-logo\"><img width=\"128\" height=\"72\" src=\"https:\/\/lfsportevents.pl\/ligafutsalu2022\/wp-content\/uploads\/2018\/11\/Stal-Bud-128x72.png\" class=\"attachment-sportspress-fit-icon size-sportspress-fit-icon wp-post-image\" alt=\"\" loading=\"lazy\" \/><\/span>Stal-Bud Nawojowa<\/a><\/td><td class=\"data-p\" data-label=\"M\">3<\/td><td class=\"data-pts\" data-label=\"Pkt\">4<\/td><td class=\"data-w\" data-label=\"Z\">1<\/td><td class=\"data-d\" data-label=\"R\">1<\/td><td class=\"data-l\" data-label=\"P\">1<\/td><td class=\"data-f\" data-label=\"BZ\">9<\/td><td class=\"data-a\" data-label=\"BS\">16<\/td><td class=\"data-gd\" data-label=\"+\/-\">-7<\/td><\/tr><tr class=\"odd sp-row-no-2\"><td class=\"data-rank\" data-label=\"Pozycja\">3<\/td><td class=\"data-name has-logo\" data-label=\"Klub\"><a href=\"https:\/\/lfsportevents.pl\/ligafutsalu2022\/team\/maxfol\/\"><span class=\"team-logo\"><img width=\"97\" height=\"128\" src=\"https:\/\/lfsportevents.pl\/ligafutsalu2022\/wp-content\/uploads\/2021\/10\/Maxfol-removebg-preview-97x128.png\" class=\"attachment-sportspress-fit-icon size-sportspress-fit-icon wp-post-image\" alt=\"\" loading=\"lazy\" \/><\/span>Maxfol<\/a><\/td><td class=\"data-p\" data-label=\"M\">3<\/td><td class=\"data-pts\" data-label=\"Pkt\">3<\/td><td class=\"data-w\" data-label=\"Z\">1<\/td><td class=\"data-d\" data-label=\"R\">0<\/td><td class=\"data-l\" data-label=\"P\">2<\/td><td class=\"data-f\" data-label=\"BZ\">10<\/td><td class=\"data-a\" data-label=\"BS\">13<\/td><td class=\"data-gd\" data-label=\"+\/-\">-3<\/td><\/tr><tr class=\"even sp-row-no-3\"><td class=\"data-rank\" data-label=\"Pozycja\">4<\/td><td class=\"data-name has-logo\" data-label=\"Klub\"><a href=\"https:\/\/lfsportevents.pl\/ligafutsalu2022\/team\/batimowcy\/\"><span class=\"team-logo\"><img width=\"128\" height=\"128\" src=\"https:\/\/lfsportevents.pl\/ligafutsalu2022\/wp-content\/uploads\/2020\/10\/Batimowcy-128x128.png\" class=\"attachment-sportspress-fit-icon size-sportspress-fit-icon wp-post-image\" alt=\"\" loading=\"lazy\" \/><\/span>Batimowcy<\/a><\/td><td class=\"data-p\" data-label=\"M\">3<\/td><td class=\"data-pts\" data-label=\"Pkt\">1<\/td><td class=\"data-w\" data-label=\"Z\">0<\/td><td class=\"data-d\" data-label=\"R\">1<\/td><td class=\"data-l\" data-label=\"P\">2<\/td><td class=\"data-f\" data-label=\"BZ\">11<\/td><td class=\"data-a\" data-label=\"BS\">16<\/td><td class=\"data-gd\" data-label=\"+\/-\">-5<\/td><\/tr><\/tbody><\/table><\/div><\/div>\n<\/div><\/div>\n<div dir=\"auto\"><div class=\"sportspress\"><div class=\"sp-template sp-template-league-table\">\n\t<h4 class=\"sp-table-caption\">Puchar Ligi Futsalu \u2013 Gr. D<\/h4><div class=\"sp-table-wrapper\"><table class=\"sp-league-table sp-data-table sp-sortable-table sp-scrollable-table sp-paginated-table\" data-sp-rows=\"16\"><thead><tr><th class=\"data-rank\">Pozycja<\/th><th class=\"data-name\">Klub<\/th><th class=\"data-p\">M<\/th><th class=\"data-pts\">Pkt<\/th><th class=\"data-w\">Z<\/th><th class=\"data-d\">R<\/th><th class=\"data-l\">P<\/th><th class=\"data-f\">BZ<\/th><th class=\"data-a\">BS<\/th><th class=\"data-gd\">+\/-<\/th><\/tr><\/thead><tbody><tr class=\"odd sp-row-no-0\"><td class=\"data-rank\" data-label=\"Pozycja\">1<\/td><td class=\"data-name has-logo\" data-label=\"Klub\"><a href=\"https:\/\/lfsportevents.pl\/ligafutsalu2022\/team\/q-graf\/\"><span class=\"team-logo\"><img width=\"128\" height=\"66\" src=\"https:\/\/lfsportevents.pl\/ligafutsalu2022\/wp-content\/uploads\/2016\/11\/Tylicz-Ski-1-128x66.png\" class=\"attachment-sportspress-fit-icon size-sportspress-fit-icon wp-post-image\" alt=\"\" loading=\"lazy\" \/><\/span>Tylicz.Ski<\/a><\/td><td class=\"data-p\" data-label=\"M\">6<\/td><td class=\"data-pts\" data-label=\"Pkt\">13<\/td><td class=\"data-w\" data-label=\"Z\">4<\/td><td class=\"data-d\" data-label=\"R\">1<\/td><td class=\"data-l\" data-label=\"P\">1<\/td><td class=\"data-f\" data-label=\"BZ\">38<\/td><td class=\"data-a\" data-label=\"BS\">22<\/td><td class=\"data-gd\" data-label=\"+\/-\">16<\/td><\/tr><tr class=\"even sp-row-no-1\"><td class=\"data-rank\" data-label=\"Pozycja\">2<\/td><td class=\"data-name has-logo\" data-label=\"Klub\"><a href=\"https:\/\/lfsportevents.pl\/ligafutsalu2022\/team\/prestige-house\/\"><span class=\"team-logo\"><img width=\"128\" height=\"128\" src=\"https:\/\/lfsportevents.pl\/ligafutsalu2022\/wp-content\/uploads\/2022\/11\/Prestige-House-128x128.jpg\" class=\"attachment-sportspress-fit-icon size-sportspress-fit-icon wp-post-image\" alt=\"\" loading=\"lazy\" \/><\/span>Prestige House<\/a><\/td><td class=\"data-p\" data-label=\"M\">4<\/td><td class=\"data-pts\" data-label=\"Pkt\">6<\/td><td class=\"data-w\" data-label=\"Z\">2<\/td><td class=\"data-d\" data-label=\"R\">0<\/td><td class=\"data-l\" data-label=\"P\">2<\/td><td class=\"data-f\" data-label=\"BZ\">23<\/td><td class=\"data-a\" data-label=\"BS\">17<\/td><td class=\"data-gd\" data-label=\"+\/-\">6<\/td><\/tr><tr class=\"odd sp-row-no-2\"><td class=\"data-rank\" data-label=\"Pozycja\">3<\/td><td class=\"data-name has-logo\" data-label=\"Klub\"><a href=\"https:\/\/lfsportevents.pl\/ligafutsalu2022\/team\/mak-bud\/\"><span class=\"team-logo\"><img width=\"128\" height=\"105\" src=\"https:\/\/lfsportevents.pl\/ligafutsalu2022\/wp-content\/uploads\/2022\/11\/Mak-Bud-128x105.png\" class=\"attachment-sportspress-fit-icon size-sportspress-fit-icon wp-post-image\" alt=\"\" loading=\"lazy\" \/><\/span>Mak-Bud<\/a><\/td><td class=\"data-p\" data-label=\"M\">3<\/td><td class=\"data-pts\" data-label=\"Pkt\">2<\/td><td class=\"data-w\" data-label=\"Z\">0<\/td><td class=\"data-d\" data-label=\"R\">2<\/td><td class=\"data-l\" data-label=\"P\">1<\/td><td class=\"data-f\" data-label=\"BZ\">10<\/td><td class=\"data-a\" data-label=\"BS\">15<\/td><td class=\"data-gd\" data-label=\"+\/-\">-5<\/td><\/tr><tr class=\"even sp-row-no-3\"><td class=\"data-rank\" data-label=\"Pozycja\">4<\/td><td class=\"data-name has-logo\" data-label=\"Klub\"><a href=\"https:\/\/lfsportevents.pl\/ligafutsalu2022\/team\/mariposa-med-spa\/\"><span class=\"team-logo\"><img width=\"128\" height=\"114\" src=\"https:\/\/lfsportevents.pl\/ligafutsalu2022\/wp-content\/uploads\/2019\/11\/Mariposa-Med-Spa-128x114.png\" class=\"attachment-sportspress-fit-icon size-sportspress-fit-icon wp-post-image\" alt=\"\" loading=\"lazy\" \/><\/span>Mariposa Med-Spa<\/a><\/td><td class=\"data-p\" data-label=\"M\">3<\/td><td class=\"data-pts\" data-label=\"Pkt\">1<\/td><td class=\"data-w\" data-label=\"Z\">0<\/td><td class=\"data-d\" data-label=\"R\">1<\/td><td class=\"data-l\" data-label=\"P\">2<\/td><td class=\"data-f\" data-label=\"BZ\">8<\/td><td class=\"data-a\" data-label=\"BS\">18<\/td><td class=\"data-gd\" data-label=\"+\/-\">-10<\/td><\/tr><\/tbody><\/table><\/div><\/div>\n<\/div><\/div>\n<div dir=\"auto\"><div class=\"sportspress\"><div class=\"sp-template sp-template-league-table\">\n\t<h4 class=\"sp-table-caption\">Puchar Ligi Futsalu \u2013 Gr. E<\/h4><div class=\"sp-table-wrapper\"><table class=\"sp-league-table sp-data-table sp-sortable-table sp-scrollable-table sp-paginated-table\" data-sp-rows=\"16\"><thead><tr><th class=\"data-rank\">Pozycja<\/th><th class=\"data-name\">Klub<\/th><th class=\"data-p\">M<\/th><th class=\"data-pts\">Pkt<\/th><th class=\"data-w\">Z<\/th><th class=\"data-d\">R<\/th><th class=\"data-l\">P<\/th><th class=\"data-f\">BZ<\/th><th class=\"data-a\">BS<\/th><th class=\"data-gd\">+\/-<\/th><\/tr><\/thead><tbody><tr class=\"odd sp-row-no-0\"><td class=\"data-rank\" data-label=\"Pozycja\">1<\/td><td class=\"data-name has-logo\" data-label=\"Klub\"><a href=\"https:\/\/lfsportevents.pl\/ligafutsalu2022\/team\/kamex\/\"><span class=\"team-logo\"><img width=\"128\" height=\"50\" src=\"https:\/\/lfsportevents.pl\/ligafutsalu2022\/wp-content\/uploads\/2016\/11\/logo-DW-Sylwia-128x50.png\" class=\"attachment-sportspress-fit-icon size-sportspress-fit-icon wp-post-image\" alt=\"\" loading=\"lazy\" \/><\/span>Dom Weselny Sylwia<\/a><\/td><td class=\"data-p\" data-label=\"M\">6<\/td><td class=\"data-pts\" data-label=\"Pkt\">18<\/td><td class=\"data-w\" data-label=\"Z\">6<\/td><td class=\"data-d\" data-label=\"R\">0<\/td><td class=\"data-l\" data-label=\"P\">0<\/td><td class=\"data-f\" data-label=\"BZ\">37<\/td><td class=\"data-a\" data-label=\"BS\">12<\/td><td class=\"data-gd\" data-label=\"+\/-\">25<\/td><\/tr><tr class=\"even sp-row-no-1\"><td class=\"data-rank\" data-label=\"Pozycja\">2<\/td><td class=\"data-name has-logo\" data-label=\"Klub\"><a href=\"https:\/\/lfsportevents.pl\/ligafutsalu2022\/team\/whisky-bar\/\"><span class=\"team-logo\"><img width=\"128\" height=\"128\" src=\"https:\/\/lfsportevents.pl\/ligafutsalu2022\/wp-content\/uploads\/2022\/11\/Whisky-Bar-128x128.jpg\" class=\"attachment-sportspress-fit-icon size-sportspress-fit-icon wp-post-image\" alt=\"\" loading=\"lazy\" \/><\/span>Whisky Bar<\/a><\/td><td class=\"data-p\" data-label=\"M\">5<\/td><td class=\"data-pts\" data-label=\"Pkt\">9<\/td><td class=\"data-w\" data-label=\"Z\">3<\/td><td class=\"data-d\" data-label=\"R\">0<\/td><td class=\"data-l\" data-label=\"P\">2<\/td><td class=\"data-f\" data-label=\"BZ\">21<\/td><td class=\"data-a\" data-label=\"BS\">23<\/td><td class=\"data-gd\" data-label=\"+\/-\">-2<\/td><\/tr><tr class=\"odd sp-row-no-2\"><td class=\"data-rank\" data-label=\"Pozycja\">3<\/td><td class=\"data-name has-logo\" data-label=\"Klub\"><a href=\"https:\/\/lfsportevents.pl\/ligafutsalu2022\/team\/greenpowerns\/\"><span class=\"team-logo\"><img width=\"128\" height=\"78\" src=\"https:\/\/lfsportevents.pl\/ligafutsalu2022\/wp-content\/uploads\/2018\/11\/Greenpoerns-128x78.png\" class=\"attachment-sportspress-fit-icon size-sportspress-fit-icon wp-post-image\" alt=\"\" loading=\"lazy\" \/><\/span>Greenpowerns<\/a><\/td><td class=\"data-p\" data-label=\"M\">3<\/td><td class=\"data-pts\" data-label=\"Pkt\">3<\/td><td class=\"data-w\" data-label=\"Z\">1<\/td><td class=\"data-d\" data-label=\"R\">0<\/td><td class=\"data-l\" data-label=\"P\">2<\/td><td class=\"data-f\" data-label=\"BZ\">9<\/td><td class=\"data-a\" data-label=\"BS\">12<\/td><td class=\"data-gd\" data-label=\"+\/-\">-3<\/td><\/tr><tr class=\"even sp-row-no-3\"><td class=\"data-rank\" data-label=\"Pozycja\">4<\/td><td class=\"data-name has-logo\" data-label=\"Klub\"><a href=\"https:\/\/lfsportevents.pl\/ligafutsalu2022\/team\/instal-tech\/\"><span class=\"team-logo\"><img width=\"128\" height=\"41\" src=\"https:\/\/lfsportevents.pl\/ligafutsalu2022\/wp-content\/uploads\/2022\/11\/Instal-Tech-128x41.png\" class=\"attachment-sportspress-fit-icon size-sportspress-fit-icon wp-post-image\" alt=\"\" loading=\"lazy\" \/><\/span>Instal-Tech<\/a><\/td><td class=\"data-p\" data-label=\"M\">3<\/td><td class=\"data-pts\" data-label=\"Pkt\">0<\/td><td class=\"data-w\" data-label=\"Z\">0<\/td><td class=\"data-d\" data-label=\"R\">0<\/td><td class=\"data-l\" data-label=\"P\">3<\/td><td class=\"data-f\" data-label=\"BZ\">4<\/td><td class=\"data-a\" data-label=\"BS\">15<\/td><td class=\"data-gd\" data-label=\"+\/-\">-11<\/td><\/tr><\/tbody><\/table><\/div><\/div>\n<\/div><\/div>\n<\/div>\n<div class=\"x11i5rnm xat24cr x1mh8g0r x1vvkbs xtlvy1s x126k92a\">\n<div dir=\"auto\"><\/div>\n<\/div>\n","protected":false},"excerpt":{"rendered":"<p>Legenda: M = Mecze Rozegrane Pkt = Punkty Z = Zwyci\u0119stwa R = Remisy P = Pora\u017cki BZ = Bramki zdobyte BS = Bramki stracone +\/- = R\u00f3\u017cnica bramek Miejsce 1\u00a0(bezpo\u015bredni awans do 4 Rundy &#8211; \u0107wier\u0107fina\u0142y) Miejsce 2 (trzy dru\u017cyny z najlepszym bilansem z miejsca 2 uzyskaj\u0105 awans do 4 Rundy &#8211; \u0107wier\u0107fina\u0142y)<\/p>\n","protected":false},"author":1,"featured_media":0,"parent":219,"menu_order":0,"comment_status":"closed","ping_status":"closed","template":"","meta":[],"_links":{"self":[{"href":"https:\/\/lfsportevents.pl\/ligafutsalu2022\/wp-json\/wp\/v2\/pages\/13740"}],"collection":[{"href":"https:\/\/lfsportevents.pl\/ligafutsalu2022\/wp-json\/wp\/v2\/pages"}],"about":[{"href":"https:\/\/lfsportevents.pl\/ligafutsalu2022\/wp-json\/wp\/v2\/types\/page"}],"author":[{"embeddable":true,"href":"https:\/\/lfsportevents.pl\/ligafutsalu2022\/wp-json\/wp\/v2\/users\/1"}],"replies":[{"embeddable":true,"href":"https:\/\/lfsportevents.pl\/ligafutsalu2022\/wp-json\/wp\/v2\/comments?post=13740"}],"version-history":[{"count":3,"href":"https:\/\/lfsportevents.pl\/ligafutsalu2022\/wp-json\/wp\/v2\/pages\/13740\/revisions"}],"predecessor-version":[{"id":23108,"href":"https:\/\/lfsportevents.pl\/ligafutsalu2022\/wp-json\/wp\/v2\/pages\/13740\/revisions\/23108"}],"up":[{"embeddable":true,"href":"https:\/\/lfsportevents.pl\/ligafutsalu2022\/wp-json\/wp\/v2\/pages\/219"}],"wp:attachment":[{"href":"https:\/\/lfsportevents.pl\/ligafutsalu2022\/wp-json\/wp\/v2\/media?parent=13740"}],"curies":[{"name":"wp","href":"https:\/\/api.w.org\/{rel}","templated":true}]}}