{"id":10964,"date":"2017-12-22T22:29:00","date_gmt":"2017-12-22T21:29:00","guid":{"rendered":"https:\/\/lfsportevents.pl\/ligafutsalu2022\/?page_id=10964"},"modified":"2023-01-25T15:24:28","modified_gmt":"2023-01-25T14:24:28","slug":"okienko-transferowe","status":"publish","type":"page","link":"https:\/\/lfsportevents.pl\/ligafutsalu2022\/okienko-transferowe\/","title":{"rendered":"Okienko transferowe"},"content":{"rendered":"<h1 style=\"text-align: center;\"><strong><span style=\"color: #339966;\">OTWARCIE OKIENKA: 26.12.2022<\/span><\/strong><\/h1>\n<h1 style=\"text-align: center;\"><strong><span style=\"color: #ff0000;\">ZAMKNI\u0118CIE OKIENKA: 16.01.2023<\/span><\/strong><\/h1>\n<p><strong>Lista transferowa:<\/strong><\/p>\n<p><strong><span style=\"color: #ff0000;\">ODSZED\u0141<\/span><\/strong> &#8211; Maxfol &#8211; Ludwik Kolasa<br \/>\n<strong><span style=\"color: #339966;\">PRZYSZED\u0141<\/span> <\/strong>&#8211; Maxfol &#8211; Przemys\u0142aw Rzeszuto<br \/>\n<strong><span style=\"color: #ff0000;\">ODSZED\u0141<\/span><\/strong> &#8211; Maxfol &#8211; Kacper Chmielowski<br \/>\n<strong><span style=\"color: #ff0000;\">ODSZED\u0141<\/span><\/strong> &#8211; Stal-Bud Nawojowa &#8211; Mateusz Migacz<br \/>\n<strong><span style=\"color: #339966;\">PRZYSZED\u0141<\/span> <\/strong>&#8211; Stal bud Nawojowa &#8211; Artur Homoncik<br \/>\n<strong><span style=\"color: #339966;\">PRZYSZED\u0141<\/span> <\/strong>&#8211; Mariposa Med-Spa &#8211; Kacper Ormia\u0144ski<br \/>\n<strong><span style=\"color: #339966;\">PRZYSZED\u0141<\/span> <\/strong>&#8211; Gold Team\/Meble Lorek &#8211; Oskar Rams<br \/>\n<strong><span style=\"color: #ff0000;\">ODSZED\u0141<\/span><\/strong> &#8211; Ibis Styles N.S. &#8211; Jakub Kowalski<br \/>\n<strong><span style=\"color: #339966;\">PRZYSZED\u0141<\/span> <\/strong>&#8211; Ibis Styles N.S. &#8211; Marcin W\u00f3jcik<br \/>\n<strong><span style=\"color: #339966;\">PRZYSZED\u0141<\/span> <\/strong>&#8211; Trade &#8211; Jakub Kowalski<br \/>\n<strong><span style=\"color: #ff0000;\">ODSZED\u0141<\/span><\/strong> &#8211; Greenpowerns &#8211; Sebastian Po\u0142e\u0107<br \/>\n<strong><span style=\"color: #339966;\">PRZYSZED\u0141<\/span> <\/strong>&#8211; Greenpowerns &#8211; Damian Sk\u00f3rn\u00f3g<br \/>\n<strong><span style=\"color: #ff0000;\">ODSZED\u0141<\/span><\/strong> &#8211; Stal-Bud Nawojowa &#8211; Kamil Lupa<br \/>\n<strong><span style=\"color: #339966;\">PRZYSZED\u0141<\/span> <\/strong>&#8211; Stal-Bud Nawojowa &#8211; Grzegorz Orsaczek<br \/>\n<strong><span style=\"color: #339966;\">PRZYSZED\u0141<\/span> <\/strong>&#8211; Restauracja Nawojka Elevar &#8211; Micha\u0142 Maciak<br \/>\n<strong><span style=\"color: #ff0000;\">ODSZED\u0141<\/span><\/strong> &#8211; G\u0142odzik i Smajdor Team &#8211; Bart\u0142omiej Garwol<br \/>\n<strong><span style=\"color: #339966;\">PRZYSZED\u0141<\/span> <\/strong>&#8211; G\u0142odzik i Smajdor Team &#8211; Dawid G\u00f3rka<br \/>\n<strong><span style=\"color: #ff0000;\">ODSZED\u0141<\/span><\/strong> &#8211; Bruk-Ogr\u00f3d -Nowak &#8211; Maciej Danek<\/p>\n<p><strong>Regulamin Okienka Transferowego.<\/strong><\/p>\n<ul>\n<li>Mo\u017cliwe jest dopisanie 3 zawodnik\u00f3w do listy, maksymalnie do 18 os\u00f3b<\/li>\n<li>Je\u015bli dru\u017cyna posiada pe\u0142n\u0105 list\u0119 18 os\u00f3b, mo\u017cna usun\u0105\u0107 pi\u0142karzy nieaktywnych i w zamian za ich miejsce zakontraktowa\u0107 nowych.<\/li>\n<li>Mo\u017cna zrobi\u0107 3 transfery mi\u0119dzy dru\u017cynami.<\/li>\n<li>Nale\u017cy pami\u0119ta\u0107 by nie przekroczy\u0107 limit zawodnik\u00f3w czynnych.<\/li>\n<li>Mo\u017cna dopisa\u0107, usun\u0105\u0107 lub wymieni\u0107 zawodnika amatora i czynnego, zgodnie z regulaminem<\/li>\n<li><span style=\"color: #993300;\"><strong>Mo\u017cna zrobi\u0107 3 zmiany zawodnik\u00f3w amator\u00f3w, oraz 2 zmiany czynnych.<\/strong><\/span><\/li>\n<li>Ch\u0119\u0107 skorzystania z okienka transferowego, nale\u017cy zg\u0142osi\u0107 tylko i wy\u0142\u0105cznie w formie pisemnej na adres mailowy:\u00a0biuro@lfsportevents.pl lub w razie pyta\u0144 prosimy dzwoni\u0107 na nr tel: 500-758-968<\/li>\n<li>Na stronie www.lfsportevents.pl pojawi\u0142a si\u0119 zak\u0142adka\u00a0<span style=\"color: #993300;\"><strong>OKIENKO TRANSFEROWE<\/strong><\/span>\u00a0gdzie b\u0119d\u0105 podawane informacje o nowych zawodnikach i transferach.<\/li>\n<\/ul>\n","protected":false},"excerpt":{"rendered":"<p>OTWARCIE OKIENKA: 26.12.2022 ZAMKNI\u0118CIE OKIENKA: 16.01.2023 Lista transferowa: ODSZED\u0141 &#8211; Maxfol &#8211; Ludwik Kolasa PRZYSZED\u0141 &#8211; Maxfol &#8211; Przemys\u0142aw Rzeszuto ODSZED\u0141 &#8211; Maxfol &#8211; Kacper Chmielowski ODSZED\u0141 &#8211; Stal-Bud Nawojowa &#8211; Mateusz Migacz PRZYSZED\u0141 &#8211; Stal bud Nawojowa &#8211; Artur Homoncik PRZYSZED\u0141 &#8211; Mariposa Med-Spa &#8211; Kacper Ormia\u0144ski PRZYSZED\u0141 &#8211; Gold Team\/Meble Lorek &#8211; Oskar [&hellip;]<\/p>\n","protected":false},"author":1,"featured_media":0,"parent":0,"menu_order":0,"comment_status":"closed","ping_status":"closed","template":"","meta":[],"_links":{"self":[{"href":"https:\/\/lfsportevents.pl\/ligafutsalu2022\/wp-json\/wp\/v2\/pages\/10964"}],"collection":[{"href":"https:\/\/lfsportevents.pl\/ligafutsalu2022\/wp-json\/wp\/v2\/pages"}],"about":[{"href":"https:\/\/lfsportevents.pl\/ligafutsalu2022\/wp-json\/wp\/v2\/types\/page"}],"author":[{"embeddable":true,"href":"https:\/\/lfsportevents.pl\/ligafutsalu2022\/wp-json\/wp\/v2\/users\/1"}],"replies":[{"embeddable":true,"href":"https:\/\/lfsportevents.pl\/ligafutsalu2022\/wp-json\/wp\/v2\/comments?post=10964"}],"version-history":[{"count":3,"href":"https:\/\/lfsportevents.pl\/ligafutsalu2022\/wp-json\/wp\/v2\/pages\/10964\/revisions"}],"predecessor-version":[{"id":24273,"href":"https:\/\/lfsportevents.pl\/ligafutsalu2022\/wp-json\/wp\/v2\/pages\/10964\/revisions\/24273"}],"wp:attachment":[{"href":"https:\/\/lfsportevents.pl\/ligafutsalu2022\/wp-json\/wp\/v2\/media?parent=10964"}],"curies":[{"name":"wp","href":"https:\/\/api.w.org\/{rel}","templated":true}]}}