{"id":8420,"date":"2017-10-19T22:05:33","date_gmt":"2017-10-19T20:05:33","guid":{"rendered":"https:\/\/lfsportevents.pl\/ligafutsalu2021\/?page_id=8420"},"modified":"2022-02-08T19:49:04","modified_gmt":"2022-02-08T18:49:04","slug":"rekordy-2","status":"publish","type":"page","link":"https:\/\/lfsportevents.pl\/ligafutsalu2021\/rekordy-2\/","title":{"rendered":"Rekordy"},"content":{"rendered":"<header class=\"entry-header\">\n<h3 class=\"sp-table-caption\">NAJWY\u017bSZE zwyci\u0119stwa:<\/h3>\n<\/header>\n<div class=\"entry-content\">\n<div class=\"sportspress\">\n<div class=\"sp-template sp-template-event-list\">\n<div class=\"sp-table-wrapper\">\n<div class=\"dataTables_wrapper no-footer\">\n<div class=\"sp-scrollable-table-wrapper\">\n<div class=\"sp-scrollable-table-wrapper\">\n<table width=\"665\">\n<tbody>\n<tr>\n<td width=\"49\"><strong><span style=\"color: #993300;\">Lp.<\/span><\/strong><\/td>\n<td width=\"155\"><strong><span style=\"color: #993300;\">Data<\/span><\/strong><\/td>\n<td width=\"317\"><strong><span style=\"color: #993300;\">Mecz<\/span><\/strong><\/td>\n<td width=\"144\"><strong><span style=\"color: #993300;\">Wynik<\/span><\/strong><\/td>\n<\/tr>\n<tr>\n<td width=\"49\"><strong><span style=\"color: #993300;\">1.<\/span><\/strong><\/td>\n<td width=\"155\">19 grudzie\u0144 2018<\/td>\n<td width=\"317\">Gad\u017cet Team &#8211; Stowarzyszenie Dla Miasta<\/td>\n<td width=\"144\">20:5 (12:3) + 15 goli<\/td>\n<\/tr>\n<tr>\n<td width=\"49\"><strong><span style=\"color: #993300;\">2.<\/span><\/strong><\/td>\n<td width=\"155\">27 listopad 2019<\/td>\n<td width=\"317\">Greenpowerns &#8211; Konspol Holding<\/td>\n<td width=\"144\">18:3 (8:1) + 15 goli<\/td>\n<\/tr>\n<tr>\n<td width=\"49\"><strong><span style=\"color: #993300;\">3.<\/span><\/strong><\/td>\n<td width=\"155\">24 listopad 2016<\/td>\n<td width=\"317\">Kamex \u2013 Gad\u017cet Team<\/td>\n<td width=\"144\">14:0 (6:0) + 14 goli<\/td>\n<\/tr>\n<tr>\n<td width=\"49\"><strong><span style=\"color: #993300;\">4.<\/span><\/strong><\/td>\n<td width=\"155\">12 stycze\u0144 2019<\/td>\n<td width=\"317\">Walczyk Optyk &#8211; El-Kag Team<\/td>\n<td width=\"144\">17:3 (11:1) + 14 goli<\/td>\n<\/tr>\n<tr>\n<td width=\"49\"><strong><span style=\"color: #993300;\">5.<\/span><\/strong><\/td>\n<td width=\"155\">16 marzec 2019<\/td>\n<td width=\"317\">Tradycja Fabryka Okien &#8211; Meble Ogrodowe Kocemba<\/td>\n<td width=\"144\">1:15 (1:9) +14 goli<\/td>\n<\/tr>\n<tr>\n<td width=\"49\"><strong><span style=\"color: #993300;\">6.<\/span><\/strong><\/td>\n<td width=\"155\">30 listopad 2021<\/td>\n<td width=\"317\">G\u0142odzik i Smajdor Team &#8211; Piemonte Calcio<\/td>\n<td width=\"144\">19:5 (12:1) +14 goli<\/td>\n<\/tr>\n<tr>\n<td width=\"49\"><strong><span style=\"color: #993300;\">7.<\/span><\/strong><\/td>\n<td width=\"155\">28 luty 2019<\/td>\n<td width=\"317\">Ibis Styles N.S &#8211; Wi\u015bniowski<\/td>\n<td width=\"144\">2:15 (1:6) + 13 goli<\/td>\n<\/tr>\n<tr>\n<td width=\"49\"><strong><span style=\"color: #993300;\">8.<\/span><\/strong><\/td>\n<td width=\"155\">18 pa\u017adziernik 2021<\/td>\n<td width=\"317\">G\u0142odzik i Smajdor Team &#8211; Restauracja Nawojka<\/td>\n<td width=\"144\">15:2 (6:0) + 13 goli<\/td>\n<\/tr>\n<tr>\n<td width=\"49\"><strong><span style=\"color: #993300;\">9.<\/span><\/strong><\/td>\n<td width=\"155\">8 grudzie\u0144 2016<\/td>\n<td width=\"317\">Tradycja Fabryka Okien &#8211; Kamex<\/td>\n<td width=\"144\">5:17 (3:9) + 12 goli<\/td>\n<\/tr>\n<tr>\n<td width=\"49\"><strong><span style=\"color: #993300;\">10.<\/span><\/strong><\/td>\n<td width=\"155\">30 listopad 2017<\/td>\n<td width=\"317\">Gold Team\/Meble Lorek &#8211; Gad\u017cet Team<\/td>\n<td width=\"144\">13:1 (5:1) + 12 goli<\/td>\n<\/tr>\n<tr>\n<td width=\"49\"><strong><span style=\"color: #993300;\">11.<\/span><\/strong><\/td>\n<td width=\"155\">16 listopad 2017<\/td>\n<td width=\"317\">Wi\u015bniowski &#8211; Trendy Team<\/td>\n<td width=\"144\">17:5 (8:2) +12 goli<\/td>\n<\/tr>\n<tr>\n<td width=\"49\"><strong><span style=\"color: #993300;\">12.<\/span><\/strong><\/td>\n<td width=\"155\">10 listopad 2020<\/td>\n<td width=\"317\">Olimp Team &#8211; Stachbud Gostwica<\/td>\n<td width=\"144\">14:2 (7:1) + 12 goli<\/td>\n<\/tr>\n<tr>\n<td width=\"49\"><strong><span style=\"color: #993300;\">13.<\/span><\/strong><\/td>\n<td width=\"155\">10 grudzie\u0144 2020<\/td>\n<td width=\"317\">Dom Weselny Sylwia &#8211; Gfreenpowerns<\/td>\n<td width=\"144\">13:1 (10:1) + 12 goli<\/td>\n<\/tr>\n<tr>\n<td width=\"49\"><strong><span style=\"color: #993300;\">14.<\/span><\/strong><\/td>\n<td width=\"155\">27 luty 2019<\/td>\n<td width=\"317\">Stal-Bud Nawojowa &#8211; Gad\u017cet Team<\/td>\n<td width=\"144\">0:11 (0:8) + 11 goli<\/td>\n<\/tr>\n<tr>\n<td width=\"49\"><strong><span style=\"color: #993300;\">15.<\/span><\/strong><\/td>\n<td width=\"155\">5 luty 2019<\/td>\n<td width=\"317\">Sebbet Kostka Brukowa &#8211; Dom Weselny Sylwia<\/td>\n<td width=\"144\">2:13 (2:5) + 11 goli<\/td>\n<\/tr>\n<\/tbody>\n<\/table>\n<header class=\"entry-header\">\n<h3 class=\"sp-table-caption\">NAJWY\u017bSZE REMISY:<\/h3>\n<\/header>\n<div class=\"sportspress\">\n<div class=\"sp-template sp-template-event-list\">\n<div class=\"sp-table-wrapper\">\n<div class=\"dataTables_wrapper no-footer\">\n<div class=\"sp-scrollable-table-wrapper\">\n<div class=\"sp-scrollable-table-wrapper\">\n<table width=\"665\">\n<tbody>\n<tr>\n<td width=\"49\"><strong><span style=\"color: #993300;\">Lp.<\/span><\/strong><\/td>\n<td width=\"155\"><strong><span style=\"color: #993300;\">Data<\/span><\/strong><\/td>\n<td width=\"317\"><strong><span style=\"color: #993300;\">Mecz<\/span><\/strong><\/td>\n<td width=\"144\"><strong><span style=\"color: #993300;\">Wynik<\/span><\/strong><\/td>\n<\/tr>\n<tr>\n<td width=\"49\"><strong><span style=\"color: #993300;\">1.<\/span><\/strong><\/td>\n<td width=\"155\">10 stycze\u0144 2018<\/td>\n<td width=\"317\">Tradycja Fabryka Okien &#8211; ZSR Prehybianie<\/td>\n<td width=\"144\">8:8 (4:5)<\/td>\n<\/tr>\n<tr>\n<td width=\"49\"><strong><span style=\"color: #993300;\">2.<\/span><\/strong><\/td>\n<td width=\"155\">19 luty 2020<\/td>\n<td width=\"317\">Brzezna &#8211; Wi\u015bniowski II<\/td>\n<td width=\"144\">8:8 (4:3)<\/td>\n<\/tr>\n<tr>\n<td width=\"49\"><strong><span style=\"color: #993300;\">3.<\/span><\/strong><\/td>\n<td width=\"155\">15 stycze\u0144 2019<\/td>\n<td width=\"317\">ZBD &#8211; Casablanca<\/td>\n<td width=\"144\">7:7 (3:3)<\/td>\n<\/tr>\n<tr>\n<td width=\"49\"><strong><span style=\"color: #993300;\">4.<\/span><\/strong><\/td>\n<td width=\"155\">19 luty 2019<\/td>\n<td width=\"317\">Baz Pal II &#8211; ZBD<\/td>\n<td width=\"144\">7:7 (4:3)<\/td>\n<\/tr>\n<tr>\n<td width=\"49\"><strong><span style=\"color: #993300;\">5.<\/span><\/strong><\/td>\n<td width=\"155\">21 grudzie\u0144 2020<\/td>\n<td width=\"317\">Pabud &#8211; Trade<\/td>\n<td width=\"144\">7:7 (2:4)<\/td>\n<\/tr>\n<tr>\n<td width=\"49\"><strong><span style=\"color: #993300;\">6.<\/span><\/strong><\/td>\n<td width=\"155\">23 grudzie\u0144 2020<\/td>\n<td width=\"317\">Greenpowerns &#8211; Walczyk Optyk<\/td>\n<td width=\"144\">6:6 (3:4)<\/td>\n<\/tr>\n<tr>\n<td width=\"49\"><strong><span style=\"color: #993300;\">7.<\/span><\/strong><\/td>\n<td width=\"155\">14 luty 2018<\/td>\n<td width=\"317\">Konspol Holding &#8211; Brzezna<\/td>\n<td width=\"144\">6:6 (5:3)<\/td>\n<\/tr>\n<tr>\n<td width=\"49\"><strong><span style=\"color: #993300;\">8.<\/span><\/strong><\/td>\n<td width=\"155\">7 marzec 2018<\/td>\n<td width=\"317\">Batimowcy &#8211; Dukat Antykwariat<\/td>\n<td width=\"144\">6:6 (4:5)<\/td>\n<\/tr>\n<tr>\n<td width=\"49\"><strong><span style=\"color: #993300;\">9.<\/span><\/strong><\/td>\n<td width=\"155\">04 grudzie\u0144 2018<\/td>\n<td width=\"317\">Newag &#8211; Baz-Pal II<\/td>\n<td width=\"144\">6:6 (3:2)<\/td>\n<\/tr>\n<tr>\n<td width=\"49\"><strong><span style=\"color: #993300;\">10.<\/span><\/strong><\/td>\n<td width=\"155\">21 grudzie\u0144 2020<\/td>\n<td width=\"317\">Honer &#8211; Olimp Team<\/td>\n<td width=\"144\">6:6 (5:3)<\/td>\n<\/tr>\n<tr>\n<td width=\"49\"><strong><span style=\"color: #993300;\">11.<\/span><\/strong><\/td>\n<td width=\"155\">23 listopad 2017<\/td>\n<td width=\"317\">Notus Finanse &#8211; Wi\u015bniowski<\/td>\n<td width=\"144\">5:5 (2:3)<\/td>\n<\/tr>\n<tr>\n<td width=\"49\"><strong><span style=\"color: #993300;\">12.<\/span><\/strong><\/td>\n<td width=\"155\">11 grudzie\u0144 2018<\/td>\n<td width=\"317\">Baz Pal &#8211; El-Kag Team<\/td>\n<td width=\"144\">5:5 (2:1)<\/td>\n<\/tr>\n<tr>\n<td width=\"49\"><strong><span style=\"color: #993300;\">13.<\/span><\/strong><\/td>\n<td width=\"155\">20 luty 2019<\/td>\n<td width=\"317\">Gad\u017cet Team &#8211; Meble Ogrodowe Kocemba<\/td>\n<td width=\"144\">5:5 (3:3)<\/td>\n<\/tr>\n<tr>\n<td width=\"49\"><strong><span style=\"color: #993300;\">14.<\/span><\/strong><\/td>\n<td width=\"155\">6 marzec 2019<\/td>\n<td width=\"317\">Stowarzyszenie Dla Miasta &#8211; Batimowcy<\/td>\n<td width=\"144\">5:5 (3:1)<\/td>\n<\/tr>\n<tr>\n<td width=\"49\"><strong><span style=\"color: #993300;\">15.<\/span><\/strong><\/td>\n<td width=\"155\">5 luty 2020<\/td>\n<td width=\"317\">Walczyk Optyk &#8211; Batimowcy<\/td>\n<td width=\"144\">5:5 (2:3)<\/td>\n<\/tr>\n<\/tbody>\n<\/table>\n<\/div>\n<\/div>\n<\/div>\n<\/div>\n<\/div>\n<\/div>\n<div class=\"sportspress\">\n<div class=\"sp-template sp-template-event-list\">\n<h3 class=\"sp-table-caption\">NAJWI\u0118CEJ ZDOBYTYCH goli W JEDNYM MECZU:<\/h3>\n<div class=\"sp-table-wrapper\">\n<div class=\"dataTables_wrapper no-footer\">\n<div class=\"sp-scrollable-table-wrapper\">\n<div class=\"sp-scrollable-table-wrapper\">\n<table width=\"665\">\n<tbody>\n<tr>\n<td width=\"49\"><strong><span style=\"color: #993300;\">Lp.<\/span><\/strong><\/td>\n<td width=\"155\"><strong><span style=\"color: #993300;\">Data<\/span><\/strong><\/td>\n<td width=\"317\"><strong><span style=\"color: #993300;\">Mecz<\/span><\/strong><\/td>\n<td width=\"144\"><strong><span style=\"color: #993300;\">Wynik<\/span><\/strong><\/td>\n<\/tr>\n<tr>\n<td width=\"49\"><strong><span style=\"color: #993300;\">1.<\/span><\/strong><\/td>\n<td width=\"155\">19 grudzie\u0144 2018<\/td>\n<td width=\"317\">Gad\u017cet Team &#8211; Stowarzyszenie Dla Miasta<\/td>\n<td width=\"144\">20:5 (25 goli)<\/td>\n<\/tr>\n<tr>\n<td width=\"49\"><strong><span style=\"color: #993300;\">2.<\/span><\/strong><\/td>\n<td width=\"155\">30 listopad 2021<\/td>\n<td width=\"317\">G\u0142odzik i Smajdor Team &#8211; Piemonte Calcio<\/td>\n<td width=\"144\">19:5 (24 gole)<\/td>\n<\/tr>\n<tr>\n<td width=\"49\"><strong><span style=\"color: #993300;\">3.<\/span><\/strong><\/td>\n<td width=\"155\">\u00a016 listopad 2017<\/td>\n<td width=\"317\">Wi\u015bniowski &#8211; Trendy Team<\/td>\n<td width=\"144\">17:5 (22 gole)<\/td>\n<\/tr>\n<tr>\n<td width=\"49\"><strong><span style=\"color: #993300;\">4.<\/span><\/strong><\/td>\n<td width=\"155\">8 grudzie\u0144 2016<\/td>\n<td width=\"317\">Tradycja Fabryka Okien &#8211; Kamex<\/td>\n<td width=\"144\">5:17 (22 gole)<\/td>\n<\/tr>\n<tr>\n<td width=\"49\"><strong><span style=\"color: #993300;\">5.<\/span><\/strong><\/td>\n<td width=\"155\">27 listopad 2019<\/td>\n<td width=\"317\">Greenpowerns &#8211; Konspol Holding<\/td>\n<td width=\"144\">18:3 (21 goli)<\/td>\n<\/tr>\n<tr>\n<td width=\"49\"><strong><span style=\"color: #993300;\">6.<\/span><\/strong><\/td>\n<td width=\"155\">12 stycze\u0144 2019<\/td>\n<td width=\"317\">Walczyk Optyk &#8211; El-Kag Team<\/td>\n<td width=\"144\">17:3 (20 goli)<\/td>\n<\/tr>\n<tr>\n<td width=\"49\"><strong><span style=\"color: #993300;\">7.<\/span><\/strong><\/td>\n<td width=\"155\">9 stycze\u0144 2019<\/td>\n<td width=\"317\">Stowarzyszenie Dla Miasta &#8211; Sony Centre<\/td>\n<td width=\"144\">1:18 (19 goli)<\/td>\n<\/tr>\n<tr>\n<td width=\"49\"><strong><span style=\"color: #993300;\">8.<\/span><\/strong><\/td>\n<td width=\"155\">25 stycze\u0144 2022<\/td>\n<td width=\"317\">Your House &#8211; Pabud<\/td>\n<td width=\"144\">9:10 (19 goli)<\/td>\n<\/tr>\n<tr>\n<td width=\"49\"><strong><span style=\"color: #993300;\">9.<\/span><\/strong><\/td>\n<td width=\"155\">18 grudzie\u0144 2018<\/td>\n<td width=\"317\">ZBD &#8211; Baz Pal II<\/td>\n<td width=\"144\">7:11 (18 goli)<\/td>\n<\/tr>\n<tr>\n<td width=\"49\"><strong><span style=\"color: #993300;\">10.<\/span><\/strong><\/td>\n<td width=\"155\">30 listopad 2020<\/td>\n<td width=\"317\">MH Power Quake Team &#8211; Brotiflex<\/td>\n<td width=\"144\">5:13 (18 goli)<\/td>\n<\/tr>\n<tr>\n<td width=\"49\"><strong><span style=\"color: #993300;\">11.<\/span><\/strong><\/td>\n<td width=\"155\">3 luty 2022<\/td>\n<td width=\"317\">Gold Team\/Meble Lorek \u2013 MKM Izolacje The Reds<\/td>\n<td width=\"144\">13:5 (18 goli)<\/td>\n<\/tr>\n<tr>\n<td width=\"49\"><strong><span style=\"color: #993300;\">12.<\/span><\/strong><\/td>\n<td width=\"155\">1 luty 2016<\/td>\n<td width=\"317\">Baz Pal &#8211; Kamex<\/td>\n<td width=\"144\">7:10 (17 goli)<\/td>\n<\/tr>\n<tr>\n<td width=\"49\"><strong><span style=\"color: #993300;\">13.<\/span><\/strong><\/td>\n<td width=\"155\">15 listopad 2017<\/td>\n<td width=\"317\">Gad\u017cet Team &#8211; Tradycja Fabryka Okien<\/td>\n<td width=\"144\">13:4 (17 goli)<\/td>\n<\/tr>\n<tr>\n<td width=\"49\"><strong><span style=\"color: #993300;\">14.<\/span><\/strong><\/td>\n<td width=\"155\">8 stycze\u0144 2018<\/td>\n<td width=\"317\">Baz Pal II &#8211; Walczyk Optyk<\/td>\n<td width=\"144\">8:9 (17 goli)<\/td>\n<\/tr>\n<tr>\n<td width=\"49\"><strong><span style=\"color: #993300;\">15.<\/span><\/strong><\/td>\n<td width=\"155\">1 luty 2018<\/td>\n<td width=\"317\">The Reds Inter-Jack &#8211; Sandecja Old Boys<\/td>\n<td width=\"144\">7:10 (17 goli)<\/td>\n<\/tr>\n<\/tbody>\n<\/table>\n<\/div>\n<\/div>\n<\/div>\n<\/div>\n<\/div>\n<\/div>\n<div class=\"sportspress\">\n<div class=\"sp-template sp-template-event-list\">\n<h3 class=\"sp-table-caption\">NAJWI\u0118CEJ ZDOBYTYCH goli JEDNEGO ZAWODNIKA W JEDNYM MECZU:<\/h3>\n<div class=\"sp-table-wrapper\">\n<div class=\"dataTables_wrapper no-footer\">\n<div class=\"sp-scrollable-table-wrapper\">\n<div class=\"sp-scrollable-table-wrapper\">\n<table width=\"665\">\n<tbody>\n<tr>\n<td width=\"49\"><strong><span style=\"color: #993300;\">Lp.<\/span><\/strong><\/td>\n<td width=\"155\"><strong><span style=\"color: #993300;\">Data<\/span><\/strong><\/td>\n<td width=\"317\"><strong><span style=\"color: #993300;\">Zawodnik\/Mecz<\/span><\/strong><\/td>\n<td width=\"144\"><strong><span style=\"color: #993300;\">Wynik<\/span><\/strong><\/td>\n<\/tr>\n<tr>\n<td width=\"49\"><strong><span style=\"color: #993300;\">1.<\/span><\/strong><\/td>\n<td width=\"155\">6 marzec 2019<\/td>\n<td width=\"317\">Jakub Cempa (Meble Kocemba\/FRB Wo\u017aniak)<\/td>\n<td width=\"144\">10 goli<\/td>\n<\/tr>\n<tr>\n<td width=\"49\"><strong><span style=\"color: #993300;\">2.<\/span><\/strong><\/td>\n<td width=\"155\">13 luty 2020<\/td>\n<td width=\"317\">Kamil Lupa (BDM Finanse Group)<\/td>\n<td width=\"144\">9 goli<\/td>\n<\/tr>\n<tr>\n<td width=\"49\"><strong><span style=\"color: #993300;\">3.<\/span><\/strong><\/td>\n<td width=\"155\">30 listopad 2021<\/td>\n<td width=\"317\">Jakub Cempa (G\u0142odzik i Smajdor Team)<\/td>\n<td width=\"144\">9 goli<\/td>\n<\/tr>\n<tr>\n<td width=\"49\"><strong><span style=\"color: #993300;\">4.<\/span><\/strong><\/td>\n<td width=\"155\">14 luty 2018<\/td>\n<td width=\"317\">Dawid Mirek (Gad\u017cet Team)<\/td>\n<td width=\"144\">8 goli<\/td>\n<\/tr>\n<tr>\n<td width=\"49\"><strong><span style=\"color: #993300;\">5.<\/span><\/strong><\/td>\n<td width=\"155\">31 stycze\u0144 2018<\/td>\n<td width=\"317\">\u0141ukasz Faltyn (Dukat Antykwariat)<\/td>\n<td width=\"144\">7 goli<\/td>\n<\/tr>\n<tr>\n<td width=\"49\"><strong><span style=\"color: #993300;\">6.<\/span><\/strong><\/td>\n<td width=\"155\">7 luty 2018<\/td>\n<td width=\"317\">\u0141ukasz Fa\u0142owski (Dukat Antykwariat)<\/td>\n<td width=\"144\">7 goli<\/td>\n<\/tr>\n<tr>\n<td width=\"49\"><strong><span style=\"color: #993300;\">7.<\/span><\/strong><\/td>\n<td width=\"155\">19 luty 2018<\/td>\n<td width=\"317\">Dawid Mirek (Gad\u017cet Team)<\/td>\n<td width=\"144\">7 goli<\/td>\n<\/tr>\n<tr>\n<td width=\"49\"><strong><span style=\"color: #993300;\">8.<\/span><\/strong><\/td>\n<td width=\"155\">28 luty 2018<\/td>\n<td width=\"317\">Dawid Mirek (Gad\u017cet Team)<\/td>\n<td width=\"144\">7 goli<\/td>\n<\/tr>\n<tr>\n<td width=\"49\"><strong><span style=\"color: #993300;\">9.<\/span><\/strong><\/td>\n<td width=\"155\">22 luty 2020<\/td>\n<td width=\"317\">Bartosz Serafin (Konspol Holding)<\/td>\n<td width=\"144\">7 goli<\/td>\n<\/tr>\n<tr>\n<td width=\"49\"><strong><span style=\"color: #993300;\">10.<\/span><\/strong><\/td>\n<td width=\"155\">25 stycze\u0144 2022<\/td>\n<td width=\"317\">Przemys\u0142aw Kumor (Pabud)<\/td>\n<td width=\"144\">7 goli<\/td>\n<\/tr>\n<tr>\n<td width=\"49\"><strong><span style=\"color: #993300;\">11.<\/span><\/strong><\/td>\n<td width=\"155\">16 listopad 2017<\/td>\n<td width=\"317\">Pawe\u0142 Kocio\u0142ek (Wi\u015bniowski)<\/td>\n<td width=\"144\">6 goli<\/td>\n<\/tr>\n<tr>\n<td width=\"49\"><strong><span style=\"color: #993300;\">12.<\/span><\/strong><\/td>\n<td width=\"155\">10 stycze\u0144 2018<\/td>\n<td width=\"317\">Jakub Cempa (ZSR Prehybianie)<\/td>\n<td width=\"144\">6 goli<\/td>\n<\/tr>\n<tr>\n<td width=\"49\"><strong><span style=\"color: #993300;\">13.<\/span><\/strong><\/td>\n<td width=\"155\">17 stycze\u0144 2018<\/td>\n<td width=\"317\">Damian Sk\u00f3rn\u00f3g (Tradycja Fabryka Okien)<\/td>\n<td width=\"144\">6 goli<\/td>\n<\/tr>\n<tr>\n<td width=\"49\"><strong><span style=\"color: #993300;\">14.<\/span><\/strong><\/td>\n<td width=\"155\">14 listopad 2018<\/td>\n<td width=\"317\">Jakub Cempa (ZSR Prehybianie)<\/td>\n<td width=\"144\">6 goli<\/td>\n<\/tr>\n<tr>\n<td width=\"49\"><strong><span style=\"color: #993300;\">15.<\/span><\/strong><\/td>\n<td width=\"155\">12 stycze\u0144 2019<\/td>\n<td width=\"317\">Mateusz Borz\u0119cki (Walczyk Optyk)<\/td>\n<td width=\"144\">6 goli<\/td>\n<\/tr>\n<\/tbody>\n<\/table>\n<\/div>\n<h3 class=\"sp-table-caption\">NAJWI\u0118CEJ ZDOBYTYCH ASYST JEDNEGO ZAWODNIKA W JEDNYM MECZU:<\/h3>\n<div class=\"sp-table-wrapper\">\n<div class=\"dataTables_wrapper no-footer\">\n<div class=\"sp-scrollable-table-wrapper\">\n<div class=\"sp-scrollable-table-wrapper\">\n<table width=\"665\">\n<tbody>\n<tr>\n<td width=\"49\"><strong><span style=\"color: #993300;\">Lp.<\/span><\/strong><\/td>\n<td width=\"155\"><strong><span style=\"color: #993300;\">Data<\/span><\/strong><\/td>\n<td width=\"317\"><span style=\"color: #993300;\"><b>Zawodnik<\/b><\/span><\/td>\n<td width=\"144\"><strong><span style=\"color: #993300;\">Wynik<\/span><\/strong><\/td>\n<\/tr>\n<tr>\n<td width=\"49\"><strong><span style=\"color: #993300;\">1.<\/span><\/strong><\/td>\n<td width=\"155\">3 luty 2022<\/td>\n<td width=\"317\">Patryk Twardowski (Gold Team\/Meble Lorek)<\/td>\n<td width=\"144\">9 asyst<\/td>\n<\/tr>\n<tr>\n<td width=\"49\"><strong><span style=\"color: #993300;\">2.<\/span><\/strong><\/td>\n<td width=\"155\">19 grudzie\u0144 2018<\/td>\n<td width=\"317\">Krzysztof Jasiurkowski (Gad\u017cet Team)<\/td>\n<td width=\"144\">8 asyst<\/td>\n<\/tr>\n<tr>\n<td width=\"49\"><strong><span style=\"color: #993300;\">3.<\/span><\/strong><\/td>\n<td width=\"155\">12 stycze\u0144 2019<\/td>\n<td width=\"317\">Mateusz Borz\u0119cki (Walczyk Optyk)<\/td>\n<td width=\"144\">7 asyst<\/td>\n<\/tr>\n<tr>\n<td width=\"49\"><strong><span style=\"color: #993300;\">4.<\/span><\/strong><\/td>\n<td width=\"155\">28 luty 2019<\/td>\n<td width=\"317\">Szczepan Rosiek (Wi\u015bniowski)<\/td>\n<td width=\"144\">6 asyst<\/td>\n<\/tr>\n<tr>\n<td width=\"49\"><strong><span style=\"color: #993300;\">5.<\/span><\/strong><\/td>\n<td width=\"155\">27 listopad 2019<\/td>\n<td width=\"317\">Mateusz Kr\u00f3l (Greenpowerns)<\/td>\n<td width=\"144\">6 asyst<\/td>\n<\/tr>\n<tr>\n<td width=\"49\"><strong><span style=\"color: #993300;\">6.<\/span><\/strong><\/td>\n<td width=\"155\">10 listopad 2020<\/td>\n<td width=\"317\">Dawid Kurczab (Olimp Team)<\/td>\n<td width=\"144\">6 asyst<\/td>\n<\/tr>\n<tr>\n<td width=\"49\"><strong><span style=\"color: #993300;\">7.<\/span><\/strong><\/td>\n<td width=\"155\">2 grudzie\u0144 2021<\/td>\n<td width=\"317\">Marcin Plata (Dom Weselny Sylwia)<\/td>\n<td width=\"144\">6 asyst<\/td>\n<\/tr>\n<tr>\n<td width=\"49\"><strong><span style=\"color: #993300;\">8.<\/span><\/strong><\/td>\n<td width=\"155\">30 grudzie\u0144 2021<\/td>\n<td width=\"317\">Patryk Twardowski (Gold Team\/Meble Lorek)<\/td>\n<td width=\"144\">6 asyst<\/td>\n<\/tr>\n<tr>\n<td width=\"49\"><strong><span style=\"color: #993300;\">9.<\/span><\/strong><\/td>\n<td width=\"155\">16 listopad 2017<\/td>\n<td width=\"317\">Adam Tumidaj (Wi\u015bniowski)<\/td>\n<td width=\"144\">5 asyst<\/td>\n<\/tr>\n<tr>\n<td width=\"49\"><strong><span style=\"color: #993300;\">10.<\/span><\/strong><\/td>\n<td width=\"155\">30 listopad 2017<\/td>\n<td width=\"317\">Szczepan Rosiek (Wi\u015bniowski)<\/td>\n<td width=\"144\">5 asyst<\/td>\n<\/tr>\n<tr>\n<td width=\"49\"><strong><span style=\"color: #993300;\">11.<\/span><\/strong><\/td>\n<td width=\"155\">14 luty 2018<\/td>\n<td width=\"317\">Krzysztof Jasiurkowski (Gad\u017cet Team)<\/td>\n<td width=\"144\">5 asyst<\/td>\n<\/tr>\n<tr>\n<td width=\"49\"><strong><span style=\"color: #993300;\">12.<\/span><\/strong><\/td>\n<td width=\"155\">7 marzec 2018<\/td>\n<td width=\"317\">Szymon Grocholewski (Stowarzyszenie Dla Miasta)<\/td>\n<td width=\"144\">5 asyst<\/td>\n<\/tr>\n<tr>\n<td width=\"49\"><strong><span style=\"color: #993300;\">13.<\/span><\/strong><\/td>\n<td width=\"155\">26 luty 2019<\/td>\n<td width=\"317\">\u0141ukasz Le\u015bniak (ZBD)<\/td>\n<td width=\"144\">5 asyst<\/td>\n<\/tr>\n<tr>\n<td width=\"49\"><strong><span style=\"color: #993300;\">14.<\/span><\/strong><\/td>\n<td width=\"155\">7 listopad 2019<\/td>\n<td width=\"317\">Piotr Nie\u0107 (Dom Weselny Sylwia)<\/td>\n<td width=\"144\">5 asyst<\/td>\n<\/tr>\n<tr>\n<td width=\"49\"><strong><span style=\"color: #993300;\">15.<\/span><\/strong><\/td>\n<td width=\"155\">24 listopad 2020<\/td>\n<td width=\"317\">Wiktor Weber (Olimp Team)<\/td>\n<td width=\"144\">5 asyst<\/td>\n<\/tr>\n<\/tbody>\n<\/table>\n<\/div>\n<\/div>\n<\/div>\n<\/div>\n<\/div>\n<\/div>\n<\/div>\n<\/div>\n<\/div>\n<\/div>\n<\/div>\n<\/div>\n<\/div>\n<\/div>\n<\/div>\n<\/div>\n","protected":false},"excerpt":{"rendered":"<p>NAJWY\u017bSZE zwyci\u0119stwa: Lp. Data Mecz Wynik 1. 19 grudzie\u0144 2018 Gad\u017cet Team &#8211; Stowarzyszenie Dla Miasta 20:5 (12:3) + 15 goli 2. 27 listopad 2019 Greenpowerns &#8211; Konspol Holding 18:3 (8:1) + 15 goli 3. 24 listopad 2016 Kamex \u2013 Gad\u017cet Team 14:0 (6:0) + 14 goli 4. 12 stycze\u0144 2019 Walczyk Optyk &#8211; El-Kag [&hellip;]<\/p>\n","protected":false},"author":1,"featured_media":0,"parent":0,"menu_order":0,"comment_status":"closed","ping_status":"closed","template":"","meta":[],"_links":{"self":[{"href":"https:\/\/lfsportevents.pl\/ligafutsalu2021\/wp-json\/wp\/v2\/pages\/8420"}],"collection":[{"href":"https:\/\/lfsportevents.pl\/ligafutsalu2021\/wp-json\/wp\/v2\/pages"}],"about":[{"href":"https:\/\/lfsportevents.pl\/ligafutsalu2021\/wp-json\/wp\/v2\/types\/page"}],"author":[{"embeddable":true,"href":"https:\/\/lfsportevents.pl\/ligafutsalu2021\/wp-json\/wp\/v2\/users\/1"}],"replies":[{"embeddable":true,"href":"https:\/\/lfsportevents.pl\/ligafutsalu2021\/wp-json\/wp\/v2\/comments?post=8420"}],"version-history":[{"count":2,"href":"https:\/\/lfsportevents.pl\/ligafutsalu2021\/wp-json\/wp\/v2\/pages\/8420\/revisions"}],"predecessor-version":[{"id":22663,"href":"https:\/\/lfsportevents.pl\/ligafutsalu2021\/wp-json\/wp\/v2\/pages\/8420\/revisions\/22663"}],"wp:attachment":[{"href":"https:\/\/lfsportevents.pl\/ligafutsalu2021\/wp-json\/wp\/v2\/media?parent=8420"}],"curies":[{"name":"wp","href":"https:\/\/api.w.org\/{rel}","templated":true}]}}