{"id":8190,"date":"2017-09-20T10:09:09","date_gmt":"2017-09-20T08:09:09","guid":{"rendered":"https:\/\/lfsportevents.pl\/ligafutsalu2021\/?page_id=8190"},"modified":"2021-12-21T11:30:08","modified_gmt":"2021-12-21T10:30:08","slug":"zolte-k","status":"publish","type":"page","link":"https:\/\/lfsportevents.pl\/ligafutsalu2021\/puchar-ligi\/zolte-k\/","title":{"rendered":"Z\u00f3\u0142te k."},"content":{"rendered":"<div class=\"sportspress\"><h4 class=\"sp-table-caption\">\u017b\u00f3\u0142te kartki &#8211; Puchar Ligi Futsalu<\/h4><div class=\"sp-template sp-template-player-list\"><div class=\"sp-table-wrapper\"><table class=\"sp-player-list sp-data-table sp-sortable-table sp-scrollable-table sp-paginated-table\" data-sp-rows=\"80\"><thead><tr><th class=\"data-rank\">Ranga<\/th><th class=\"data-name\">Zawodnik<\/th><th class=\"data-team\">Dru\u017cyna<\/th><th class=\"data-yellowcards\">\u017b\u00f3\u0142te kartki<\/th><\/tr><\/thead><tbody><tr class=\"odd\"><td class=\"data-rank\" data-label=\"#\">1<\/td><td class=\"data-name has-photo\" data-label=\"Zawodnik\"><a href=\"https:\/\/lfsportevents.pl\/ligafutsalu2021\/player\/mateusz-krol-3\/\"><span class=\"player-photo\"><img width=\"96\" height=\"128\" src=\"https:\/\/lfsportevents.pl\/ligafutsalu2021\/wp-content\/uploads\/2021\/12\/Mateusz-Kr\u00f3l-2-96x128.jpg\" class=\"attachment-sportspress-fit-icon size-sportspress-fit-icon wp-post-image\" alt=\"\" loading=\"lazy\" \/><\/span>Mateusz Kr\u00f3l<\/a><\/td><td class=\"data-team\" data-label=\"Dru\u017cyna\"><a href=\"https:\/\/lfsportevents.pl\/ligafutsalu2021\/team\/greenpowerns\/\">Greenpowerns<\/a><\/td><td class=\"data-yellowcards\" data-label=\"\u017b\u00f3\u0142te kartki\">1<\/td><\/tr><tr class=\"even\"><td class=\"data-rank\" data-label=\"#\">2<\/td><td class=\"data-name has-photo\" data-label=\"Zawodnik\"><a href=\"https:\/\/lfsportevents.pl\/ligafutsalu2021\/player\/lukasz-szkred\/\"><span class=\"player-photo\"><img width=\"96\" height=\"128\" src=\"https:\/\/lfsportevents.pl\/ligafutsalu2021\/wp-content\/uploads\/2021\/11\/\u0141ukasz-Szkred-96x128.jpg\" class=\"attachment-sportspress-fit-icon size-sportspress-fit-icon wp-post-image\" alt=\"\" loading=\"lazy\" \/><\/span>\u0141ukasz Szkred<\/a><\/td><td class=\"data-team\" data-label=\"Dru\u017cyna\"><a href=\"https:\/\/lfsportevents.pl\/ligafutsalu2021\/team\/saczersi\/\">S\u0105czersi<\/a><\/td><td class=\"data-yellowcards\" data-label=\"\u017b\u00f3\u0142te kartki\">1<\/td><\/tr><tr class=\"odd\"><td class=\"data-rank\" data-label=\"#\">3<\/td><td class=\"data-name has-photo\" data-label=\"Zawodnik\"><a href=\"https:\/\/lfsportevents.pl\/ligafutsalu2021\/player\/jakub-grinski\/\"><span class=\"player-photo\"><img width=\"96\" height=\"128\" src=\"https:\/\/lfsportevents.pl\/ligafutsalu2021\/wp-content\/uploads\/1982\/11\/Jakub-Gri\u0144ski-96x128.jpg\" class=\"attachment-sportspress-fit-icon size-sportspress-fit-icon wp-post-image\" alt=\"\" loading=\"lazy\" \/><\/span>Jakub Gri\u0144ski<\/a><\/td><td class=\"data-team\" data-label=\"Dru\u017cyna\"><a href=\"https:\/\/lfsportevents.pl\/ligafutsalu2021\/team\/q-graf\/\">Tylicz.Ski<\/a><\/td><td class=\"data-yellowcards\" data-label=\"\u017b\u00f3\u0142te kartki\">1<\/td><\/tr><tr class=\"even\"><td class=\"data-rank\" data-label=\"#\">4<\/td><td class=\"data-name has-photo\" data-label=\"Zawodnik\"><a href=\"https:\/\/lfsportevents.pl\/ligafutsalu2021\/player\/robert-kaluzinski\/\"><span class=\"player-photo\"><img width=\"96\" height=\"128\" src=\"https:\/\/lfsportevents.pl\/ligafutsalu2021\/wp-content\/uploads\/1982\/10\/Robert-Ka\u0142uzi\u0144ski-96x128.jpg\" class=\"attachment-sportspress-fit-icon size-sportspress-fit-icon wp-post-image\" alt=\"\" loading=\"lazy\" \/><\/span>Robert Ka\u0142uzi\u0144ski<\/a><\/td><td class=\"data-team\" data-label=\"Dru\u017cyna\"><a href=\"https:\/\/lfsportevents.pl\/ligafutsalu2021\/team\/the-reds\/\">MKM Izolacje The Reds<\/a><\/td><td class=\"data-yellowcards\" data-label=\"\u017b\u00f3\u0142te kartki\">1<\/td><\/tr><tr class=\"odd\"><td class=\"data-rank\" data-label=\"#\">5<\/td><td class=\"data-name has-photo\" data-label=\"Zawodnik\"><a href=\"https:\/\/lfsportevents.pl\/ligafutsalu2021\/player\/marcin-jasiurkowski\/\"><span class=\"player-photo\"><img width=\"96\" height=\"128\" src=\"https:\/\/lfsportevents.pl\/ligafutsalu2021\/wp-content\/uploads\/1985\/12\/Marcin-Jasiurkowski-96x128.jpg\" class=\"attachment-sportspress-fit-icon size-sportspress-fit-icon wp-post-image\" alt=\"\" loading=\"lazy\" \/><\/span>Marcin Jasiurkowski<\/a><\/td><td class=\"data-team\" data-label=\"Dru\u017cyna\"><a href=\"https:\/\/lfsportevents.pl\/ligafutsalu2021\/team\/novo-sadecka-2\/\">Novo.s\u0105decka<\/a><\/td><td class=\"data-yellowcards\" data-label=\"\u017b\u00f3\u0142te kartki\">1<\/td><\/tr><tr class=\"even\"><td class=\"data-rank\" data-label=\"#\">6<\/td><td class=\"data-name has-photo\" data-label=\"Zawodnik\"><a href=\"https:\/\/lfsportevents.pl\/ligafutsalu2021\/player\/lukasz-jurczak\/\"><span class=\"player-photo\"><img width=\"96\" height=\"128\" src=\"https:\/\/lfsportevents.pl\/ligafutsalu2021\/wp-content\/uploads\/1992\/11\/\u0141ukasz-Szkaradek-96x128.jpg\" class=\"attachment-sportspress-fit-icon size-sportspress-fit-icon wp-post-image\" alt=\"\" loading=\"lazy\" \/><\/span>\u0141ukasz Jurczak<\/a><\/td><td class=\"data-team\" data-label=\"Dru\u017cyna\"><a href=\"https:\/\/lfsportevents.pl\/ligafutsalu2021\/team\/baz-pal\/\">Baz Pal<\/a><\/td><td class=\"data-yellowcards\" data-label=\"\u017b\u00f3\u0142te kartki\">1<\/td><\/tr><tr class=\"odd\"><td class=\"data-rank\" data-label=\"#\">7<\/td><td class=\"data-name has-photo\" data-label=\"Zawodnik\"><a href=\"https:\/\/lfsportevents.pl\/ligafutsalu2021\/player\/kamil-poreba\/\"><span class=\"player-photo\"><img width=\"96\" height=\"128\" src=\"https:\/\/lfsportevents.pl\/ligafutsalu2021\/wp-content\/uploads\/1997\/07\/Kamil-Por\u0119ba-96x128.jpg\" class=\"attachment-sportspress-fit-icon size-sportspress-fit-icon wp-post-image\" alt=\"\" loading=\"lazy\" \/><\/span>Kamil Por\u0119ba<\/a><\/td><td class=\"data-team\" data-label=\"Dru\u017cyna\"><a href=\"https:\/\/lfsportevents.pl\/ligafutsalu2021\/team\/novo-sadecka-2\/\">Novo.s\u0105decka<\/a><\/td><td class=\"data-yellowcards\" data-label=\"\u017b\u00f3\u0142te kartki\">1<\/td><\/tr><tr class=\"even\"><td class=\"data-rank\" data-label=\"#\">8<\/td><td class=\"data-name has-photo\" data-label=\"Zawodnik\"><a href=\"https:\/\/lfsportevents.pl\/ligafutsalu2021\/player\/daniel-orzel\/\"><span class=\"player-photo\"><img width=\"96\" height=\"128\" src=\"https:\/\/lfsportevents.pl\/ligafutsalu2021\/wp-content\/uploads\/1994\/07\/Daniel-Orze\u0142-96x128.jpg\" class=\"attachment-sportspress-fit-icon size-sportspress-fit-icon wp-post-image\" alt=\"\" loading=\"lazy\" \/><\/span>Daniel Orze\u0142<\/a><\/td><td class=\"data-team\" data-label=\"Dru\u017cyna\"><a href=\"https:\/\/lfsportevents.pl\/ligafutsalu2021\/team\/mariposa-med-spa\/\">Mariposa Med-Spa<\/a><\/td><td class=\"data-yellowcards\" data-label=\"\u017b\u00f3\u0142te kartki\">1<\/td><\/tr><tr class=\"odd\"><td class=\"data-rank\" data-label=\"#\">9<\/td><td class=\"data-name has-photo\" data-label=\"Zawodnik\"><a href=\"https:\/\/lfsportevents.pl\/ligafutsalu2021\/player\/roman-sobieraj\/\"><span class=\"player-photo\"><img width=\"96\" height=\"128\" src=\"https:\/\/lfsportevents.pl\/ligafutsalu2021\/wp-content\/uploads\/1989\/08\/Roman-Sobieraj-1-96x128.jpg\" class=\"attachment-sportspress-fit-icon size-sportspress-fit-icon wp-post-image\" alt=\"\" loading=\"lazy\" \/><\/span>Roman Sobieraj<\/a><\/td><td class=\"data-team\" data-label=\"Dru\u017cyna\"><a href=\"https:\/\/lfsportevents.pl\/ligafutsalu2021\/team\/saczersi\/\">S\u0105czersi<\/a><\/td><td class=\"data-yellowcards\" data-label=\"\u017b\u00f3\u0142te kartki\">1<\/td><\/tr><tr class=\"even\"><td class=\"data-rank\" data-label=\"#\">10<\/td><td class=\"data-name has-photo\" data-label=\"Zawodnik\"><a href=\"https:\/\/lfsportevents.pl\/ligafutsalu2021\/player\/marcin-plata\/\"><span class=\"player-photo\"><img width=\"96\" height=\"128\" src=\"https:\/\/lfsportevents.pl\/ligafutsalu2021\/wp-content\/uploads\/1991\/01\/Marcin-Plata-96x128.jpg\" class=\"attachment-sportspress-fit-icon size-sportspress-fit-icon wp-post-image\" alt=\"\" loading=\"lazy\" \/><\/span>Marcin Plata<\/a><\/td><td class=\"data-team\" data-label=\"Dru\u017cyna\"><a href=\"https:\/\/lfsportevents.pl\/ligafutsalu2021\/team\/kamex\/\">Dom Weselny Sylwia<\/a><\/td><td class=\"data-yellowcards\" data-label=\"\u017b\u00f3\u0142te kartki\">1<\/td><\/tr><tr class=\"odd\"><td class=\"data-rank\" data-label=\"#\">11<\/td><td class=\"data-name has-photo\" data-label=\"Zawodnik\"><a href=\"https:\/\/lfsportevents.pl\/ligafutsalu2021\/player\/damian-dudek\/\"><span class=\"player-photo\"><img width=\"96\" height=\"128\" src=\"https:\/\/lfsportevents.pl\/ligafutsalu2021\/wp-content\/uploads\/2001\/06\/20210610_210107-96x128.jpg\" class=\"attachment-sportspress-fit-icon size-sportspress-fit-icon wp-post-image\" alt=\"\" loading=\"lazy\" \/><\/span>Damian Dudek<\/a><\/td><td class=\"data-team\" data-label=\"Dru\u017cyna\"><a href=\"https:\/\/lfsportevents.pl\/ligafutsalu2021\/team\/wisniowski\/\">Wi\u015bniowski<\/a><\/td><td class=\"data-yellowcards\" data-label=\"\u017b\u00f3\u0142te kartki\">1<\/td><\/tr><tr class=\"even\"><td class=\"data-rank\" data-label=\"#\">12<\/td><td class=\"data-name has-photo\" data-label=\"Zawodnik\"><a href=\"https:\/\/lfsportevents.pl\/ligafutsalu2021\/player\/jakub-cempa\/\"><span class=\"player-photo\"><img width=\"96\" height=\"128\" src=\"https:\/\/lfsportevents.pl\/ligafutsalu2021\/wp-content\/uploads\/1997\/05\/334Jakub-Cempa-96x128.jpg\" class=\"attachment-sportspress-fit-icon size-sportspress-fit-icon wp-post-image\" alt=\"\" loading=\"lazy\" \/><\/span>Jakub Cempa<\/a><\/td><td class=\"data-team\" data-label=\"Dru\u017cyna\"><a href=\"https:\/\/lfsportevents.pl\/ligafutsalu2021\/team\/glodzik-i-smajdor-team\/\">G\u0142odzik i Smajdor Team<\/a><\/td><td class=\"data-yellowcards\" data-label=\"\u017b\u00f3\u0142te kartki\">1<\/td><\/tr><tr class=\"odd\"><td class=\"data-rank\" data-label=\"#\">13<\/td><td class=\"data-name has-photo\" data-label=\"Zawodnik\"><a href=\"https:\/\/lfsportevents.pl\/ligafutsalu2021\/player\/daniel-chruslicki\/\"><span class=\"player-photo\"><img width=\"96\" height=\"128\" src=\"https:\/\/lfsportevents.pl\/ligafutsalu2021\/wp-content\/uploads\/1999\/12\/Daniel-Chru\u015blicki-96x128.jpg\" class=\"attachment-sportspress-fit-icon size-sportspress-fit-icon wp-post-image\" alt=\"\" loading=\"lazy\" \/><\/span>Daniel Chru\u015blicki<\/a><\/td><td class=\"data-team\" data-label=\"Dru\u017cyna\"><a href=\"https:\/\/lfsportevents.pl\/ligafutsalu2021\/team\/stal-bud-nawojowa\/\">Stal-Bud Nawojowa<\/a><\/td><td class=\"data-yellowcards\" data-label=\"\u017b\u00f3\u0142te kartki\">1<\/td><\/tr><tr class=\"even\"><td class=\"data-rank\" data-label=\"#\">14<\/td><td class=\"data-name has-photo\" data-label=\"Zawodnik\"><a href=\"https:\/\/lfsportevents.pl\/ligafutsalu2021\/player\/konrad-brdej\/\"><span class=\"player-photo\"><img width=\"96\" height=\"128\" src=\"https:\/\/lfsportevents.pl\/ligafutsalu2021\/wp-content\/uploads\/1997\/10\/Konrad-Brdej-1-96x128.jpg\" class=\"attachment-sportspress-fit-icon size-sportspress-fit-icon wp-post-image\" alt=\"\" loading=\"lazy\" \/><\/span>Konrad Brdej<\/a><\/td><td class=\"data-team\" data-label=\"Dru\u017cyna\"><a href=\"https:\/\/lfsportevents.pl\/ligafutsalu2021\/team\/saczersi\/\">S\u0105czersi<\/a><\/td><td class=\"data-yellowcards\" data-label=\"\u017b\u00f3\u0142te kartki\">1<\/td><\/tr><tr class=\"odd\"><td class=\"data-rank\" data-label=\"#\">15<\/td><td class=\"data-name has-photo\" data-label=\"Zawodnik\"><a href=\"https:\/\/lfsportevents.pl\/ligafutsalu2021\/player\/dominik-sobczyk\/\"><span class=\"player-photo\"><img width=\"96\" height=\"128\" src=\"https:\/\/lfsportevents.pl\/ligafutsalu2021\/wp-content\/uploads\/1982\/10\/Dominik-Sobczyk-96x128.jpg\" class=\"attachment-sportspress-fit-icon size-sportspress-fit-icon wp-post-image\" alt=\"\" loading=\"lazy\" \/><\/span>Dominik Sobczyk<\/a><\/td><td class=\"data-team\" data-label=\"Dru\u017cyna\"><a href=\"https:\/\/lfsportevents.pl\/ligafutsalu2021\/team\/the-reds\/\">MKM Izolacje The Reds<\/a><\/td><td class=\"data-yellowcards\" data-label=\"\u017b\u00f3\u0142te kartki\">1<\/td><\/tr><tr class=\"even\"><td class=\"data-rank\" data-label=\"#\">16<\/td><td class=\"data-name has-photo\" data-label=\"Zawodnik\"><a href=\"https:\/\/lfsportevents.pl\/ligafutsalu2021\/player\/adrian-jawor\/\"><span class=\"player-photo\"><img width=\"96\" height=\"128\" src=\"https:\/\/lfsportevents.pl\/ligafutsalu2021\/wp-content\/uploads\/1998\/08\/Adrian-Jawor-96x128.jpg\" class=\"attachment-sportspress-fit-icon size-sportspress-fit-icon wp-post-image\" alt=\"\" loading=\"lazy\" \/><\/span>Adrian Jawor<\/a><\/td><td class=\"data-team\" data-label=\"Dru\u017cyna\"><a href=\"https:\/\/lfsportevents.pl\/ligafutsalu2021\/team\/saczersi\/\">S\u0105czersi<\/a><\/td><td class=\"data-yellowcards\" data-label=\"\u017b\u00f3\u0142te kartki\">1<\/td><\/tr><tr class=\"odd\"><td class=\"data-rank\" data-label=\"#\">17<\/td><td class=\"data-name has-photo\" data-label=\"Zawodnik\"><a href=\"https:\/\/lfsportevents.pl\/ligafutsalu2021\/player\/mateusz-szkarlat\/\"><span class=\"player-photo\"><img width=\"96\" height=\"128\" src=\"https:\/\/lfsportevents.pl\/ligafutsalu2021\/wp-content\/uploads\/1996\/11\/Mateusz-Szkar\u0142at-96x128.jpg\" class=\"attachment-sportspress-fit-icon size-sportspress-fit-icon wp-post-image\" alt=\"\" loading=\"lazy\" \/><\/span>Mateusz Szkar\u0142at<\/a><\/td><td class=\"data-team\" data-label=\"Dru\u017cyna\"><a href=\"https:\/\/lfsportevents.pl\/ligafutsalu2021\/team\/greenpowerns\/\">Greenpowerns<\/a><\/td><td class=\"data-yellowcards\" data-label=\"\u017b\u00f3\u0142te kartki\">1<\/td><\/tr><tr class=\"even\"><td class=\"data-rank\" data-label=\"#\">18<\/td><td class=\"data-name has-photo\" data-label=\"Zawodnik\"><a href=\"https:\/\/lfsportevents.pl\/ligafutsalu2021\/player\/grzegorz-greczek\/\"><span class=\"player-photo\"><img width=\"96\" height=\"128\" src=\"https:\/\/lfsportevents.pl\/ligafutsalu2021\/wp-content\/uploads\/2020\/10\/Grzsiek-Greczek-96x128.jpg\" class=\"attachment-sportspress-fit-icon size-sportspress-fit-icon wp-post-image\" alt=\"\" loading=\"lazy\" \/><\/span>Grzegorz Greczek<\/a><\/td><td class=\"data-team\" data-label=\"Dru\u017cyna\"><a href=\"https:\/\/lfsportevents.pl\/ligafutsalu2021\/team\/trade\/\">Trade<\/a><\/td><td class=\"data-yellowcards\" data-label=\"\u017b\u00f3\u0142te kartki\">1<\/td><\/tr><tr class=\"odd\"><td class=\"data-rank\" data-label=\"#\">19<\/td><td class=\"data-name has-photo\" data-label=\"Zawodnik\"><a href=\"https:\/\/lfsportevents.pl\/ligafutsalu2021\/player\/karol-piotrowski\/\"><span class=\"player-photo\"><img width=\"96\" height=\"128\" src=\"https:\/\/lfsportevents.pl\/ligafutsalu2021\/wp-content\/uploads\/1992\/03\/Karol-Piotrowski-1-96x128.jpg\" class=\"attachment-sportspress-fit-icon size-sportspress-fit-icon wp-post-image\" alt=\"\" loading=\"lazy\" \/><\/span>Karol Piotrowski<\/a><\/td><td class=\"data-team\" data-label=\"Dru\u017cyna\"><a href=\"https:\/\/lfsportevents.pl\/ligafutsalu2021\/team\/saczersi\/\">S\u0105czersi<\/a><\/td><td class=\"data-yellowcards\" data-label=\"\u017b\u00f3\u0142te kartki\">1<\/td><\/tr><\/tbody><\/table><\/div><\/div><\/div>\n","protected":false},"excerpt":{"rendered":"","protected":false},"author":1,"featured_media":0,"parent":219,"menu_order":0,"comment_status":"closed","ping_status":"closed","template":"","meta":[],"_links":{"self":[{"href":"https:\/\/lfsportevents.pl\/ligafutsalu2021\/wp-json\/wp\/v2\/pages\/8190"}],"collection":[{"href":"https:\/\/lfsportevents.pl\/ligafutsalu2021\/wp-json\/wp\/v2\/pages"}],"about":[{"href":"https:\/\/lfsportevents.pl\/ligafutsalu2021\/wp-json\/wp\/v2\/types\/page"}],"author":[{"embeddable":true,"href":"https:\/\/lfsportevents.pl\/ligafutsalu2021\/wp-json\/wp\/v2\/users\/1"}],"replies":[{"embeddable":true,"href":"https:\/\/lfsportevents.pl\/ligafutsalu2021\/wp-json\/wp\/v2\/comments?post=8190"}],"version-history":[{"count":2,"href":"https:\/\/lfsportevents.pl\/ligafutsalu2021\/wp-json\/wp\/v2\/pages\/8190\/revisions"}],"predecessor-version":[{"id":22156,"href":"https:\/\/lfsportevents.pl\/ligafutsalu2021\/wp-json\/wp\/v2\/pages\/8190\/revisions\/22156"}],"up":[{"embeddable":true,"href":"https:\/\/lfsportevents.pl\/ligafutsalu2021\/wp-json\/wp\/v2\/pages\/219"}],"wp:attachment":[{"href":"https:\/\/lfsportevents.pl\/ligafutsalu2021\/wp-json\/wp\/v2\/media?parent=8190"}],"curies":[{"name":"wp","href":"https:\/\/api.w.org\/{rel}","templated":true}]}}