{"id":8186,"date":"2017-09-20T10:08:40","date_gmt":"2017-09-20T08:08:40","guid":{"rendered":"https:\/\/lfsportevents.pl\/ligafutsalu2021\/?page_id=8186"},"modified":"2022-01-25T12:31:05","modified_gmt":"2022-01-25T11:31:05","slug":"video","status":"publish","type":"page","link":"https:\/\/lfsportevents.pl\/ligafutsalu2021\/puchar-ligi\/video\/","title":{"rendered":"Video"},"content":{"rendered":"<p><iframe loading=\"lazy\" title=\"Rafa\u0142 Zi\u0119ba (Tylicz.Ski)\" width=\"620\" height=\"349\" src=\"https:\/\/www.youtube.com\/embed\/tZOi1przXZ8?feature=oembed\" frameborder=\"0\" allow=\"accelerometer; autoplay; clipboard-write; encrypted-media; gyroscope; picture-in-picture\" allowfullscreen><\/iframe><\/p>\n<p><iframe loading=\"lazy\" title=\"Kamil Gr\u00f3dek (S\u0105czersi)\" width=\"620\" height=\"349\" src=\"https:\/\/www.youtube.com\/embed\/6afgV69hUjQ?feature=oembed\" frameborder=\"0\" allow=\"accelerometer; autoplay; clipboard-write; encrypted-media; gyroscope; picture-in-picture\" allowfullscreen><\/iframe><\/p>\n<p><iframe loading=\"lazy\" title=\"Pawe\u0142 Zygmunt (Dom Weselny Sylwia)\" width=\"620\" height=\"349\" src=\"https:\/\/www.youtube.com\/embed\/k2_NGpC_n88?feature=oembed\" frameborder=\"0\" allow=\"accelerometer; autoplay; clipboard-write; encrypted-media; gyroscope; picture-in-picture\" allowfullscreen><\/iframe><\/p>\n<p><iframe loading=\"lazy\" title=\"\u0141ukasz Szabla (Gold Team\/Meble Lorek)\" width=\"620\" height=\"349\" src=\"https:\/\/www.youtube.com\/embed\/wKw94EyweSI?feature=oembed\" frameborder=\"0\" allow=\"accelerometer; autoplay; clipboard-write; encrypted-media; gyroscope; picture-in-picture\" allowfullscreen><\/iframe><\/p>\n<p><iframe loading=\"lazy\" title=\"Wiktor Bodziony (Sebbet Kostka Brukowa)\" width=\"620\" height=\"349\" src=\"https:\/\/www.youtube.com\/embed\/SpwWTUKpjV0?feature=oembed\" frameborder=\"0\" allow=\"accelerometer; autoplay; clipboard-write; encrypted-media; gyroscope; picture-in-picture\" allowfullscreen><\/iframe><\/p>\n<p><iframe loading=\"lazy\" title=\"Daniel Kr\u00f3l (Gold Team\/Meble Lorek)\" width=\"620\" height=\"349\" src=\"https:\/\/www.youtube.com\/embed\/0H1Qu2hPG5g?feature=oembed\" frameborder=\"0\" allow=\"accelerometer; autoplay; clipboard-write; encrypted-media; gyroscope; picture-in-picture\" allowfullscreen><\/iframe><\/p>\n<p><iframe loading=\"lazy\" title=\"\u0141ukasz Trojan (MKM Izolacje The Reds)\" width=\"620\" height=\"349\" src=\"https:\/\/www.youtube.com\/embed\/aEdISMMetnw?feature=oembed\" frameborder=\"0\" allow=\"accelerometer; autoplay; clipboard-write; encrypted-media; gyroscope; picture-in-picture\" allowfullscreen><\/iframe><\/p>\n<p><iframe loading=\"lazy\" title=\"Jan Rosiek (Walczyk Optyk)\" width=\"620\" height=\"349\" src=\"https:\/\/www.youtube.com\/embed\/H_FHFohHgjk?feature=oembed\" frameborder=\"0\" allow=\"accelerometer; autoplay; clipboard-write; encrypted-media; gyroscope; picture-in-picture\" allowfullscreen><\/iframe><\/p>\n<p><iframe loading=\"lazy\" title=\"Adrian Jawor (S\u0105czersi)\" width=\"620\" height=\"349\" src=\"https:\/\/www.youtube.com\/embed\/WxtenHDt6lE?feature=oembed\" frameborder=\"0\" allow=\"accelerometer; autoplay; clipboard-write; encrypted-media; gyroscope; picture-in-picture\" allowfullscreen><\/iframe><\/p>\n<p><iframe loading=\"lazy\" title=\"Krzysztof Ziobrowski (G\u0142odzik i Smajdor Team)\" width=\"620\" height=\"349\" src=\"https:\/\/www.youtube.com\/embed\/CMZnfwHVHis?feature=oembed\" frameborder=\"0\" allow=\"accelerometer; autoplay; clipboard-write; encrypted-media; gyroscope; picture-in-picture\" allowfullscreen><\/iframe><\/p>\n<p><iframe loading=\"lazy\" title=\"Dominik G\u0142\u0105b (Tylicz.Ski)\" width=\"620\" height=\"349\" src=\"https:\/\/www.youtube.com\/embed\/uTuF-rmJq5w?feature=oembed\" frameborder=\"0\" allow=\"accelerometer; autoplay; clipboard-write; encrypted-media; gyroscope; picture-in-picture\" allowfullscreen><\/iframe><\/p>\n<p><iframe loading=\"lazy\" title=\"Waldemar Nowak (Novo.s\u0105decka) oraz Szymon Olchawa (Brotiflex)\" width=\"620\" height=\"349\" src=\"https:\/\/www.youtube.com\/embed\/bi8XE75eKd8?feature=oembed\" frameborder=\"0\" allow=\"accelerometer; autoplay; clipboard-write; encrypted-media; gyroscope; picture-in-picture\" allowfullscreen><\/iframe><\/p>\n<p><iframe loading=\"lazy\" title=\"Piotr Basiaga (Batimowcy)\" width=\"620\" height=\"349\" src=\"https:\/\/www.youtube.com\/embed\/gKJON5UEGTI?feature=oembed\" frameborder=\"0\" allow=\"accelerometer; autoplay; clipboard-write; encrypted-media; gyroscope; picture-in-picture\" allowfullscreen><\/iframe><\/p>\n<p><iframe loading=\"lazy\" title=\"Jakub Kowalski (Stal-Bud Nawojowa)\" width=\"620\" height=\"349\" src=\"https:\/\/www.youtube.com\/embed\/8EnjTsKBjMg?feature=oembed\" frameborder=\"0\" allow=\"accelerometer; autoplay; clipboard-write; encrypted-media; gyroscope; picture-in-picture\" allowfullscreen><\/iframe><\/p>\n<p><iframe loading=\"lazy\" title=\"Tomasz Antkowicz (Bruk-Ogr\u00f3d-Nowak)\" width=\"620\" height=\"349\" src=\"https:\/\/www.youtube.com\/embed\/_3epq-IQAZk?feature=oembed\" frameborder=\"0\" allow=\"accelerometer; autoplay; clipboard-write; encrypted-media; gyroscope; picture-in-picture\" allowfullscreen><\/iframe><\/p>\n<p><iframe loading=\"lazy\" title=\"Maciej Kowalski (Mariposa Med-Spa)\" width=\"620\" height=\"349\" src=\"https:\/\/www.youtube.com\/embed\/KrhOfEoiKxk?feature=oembed\" frameborder=\"0\" allow=\"accelerometer; autoplay; clipboard-write; encrypted-media; gyroscope; picture-in-picture\" allowfullscreen><\/iframe><\/p>\n<p><iframe loading=\"lazy\" title=\"Przemys\u0142aw Kumor (Pabud)\" width=\"620\" height=\"349\" src=\"https:\/\/www.youtube.com\/embed\/VCXKEuw15E8?feature=oembed\" frameborder=\"0\" allow=\"accelerometer; autoplay; clipboard-write; encrypted-media; gyroscope; picture-in-picture\" allowfullscreen><\/iframe><\/p>\n<p><iframe loading=\"lazy\" title=\"\u0141ukasz Jurczak (Baz Pal)\" width=\"620\" height=\"349\" src=\"https:\/\/www.youtube.com\/embed\/gJKjKEKIqq4?feature=oembed\" frameborder=\"0\" allow=\"accelerometer; autoplay; clipboard-write; encrypted-media; gyroscope; picture-in-picture\" allowfullscreen><\/iframe><\/p>\n<p><iframe loading=\"lazy\" title=\"Tomasz Zieli\u0144ski (S\u0105czersi)\" width=\"620\" height=\"349\" src=\"https:\/\/www.youtube.com\/embed\/o-582-6xuYM?feature=oembed\" frameborder=\"0\" allow=\"accelerometer; autoplay; clipboard-write; encrypted-media; gyroscope; picture-in-picture\" allowfullscreen><\/iframe><\/p>\n<p><iframe loading=\"lazy\" title=\"Szczepan Rosiek (Wi\u015bniowski)\" width=\"620\" height=\"349\" src=\"https:\/\/www.youtube.com\/embed\/UnBzlxoflaI?feature=oembed\" frameborder=\"0\" allow=\"accelerometer; autoplay; clipboard-write; encrypted-media; gyroscope; picture-in-picture\" allowfullscreen><\/iframe><\/p>\n<p><iframe loading=\"lazy\" title=\"Miros\u0142aw Plata (Gold Team\/Meble Lorek)\" width=\"620\" height=\"349\" src=\"https:\/\/www.youtube.com\/embed\/9oJXWqgopac?feature=oembed\" frameborder=\"0\" allow=\"accelerometer; autoplay; clipboard-write; encrypted-media; gyroscope; picture-in-picture\" allowfullscreen><\/iframe><\/p>\n<p><iframe loading=\"lazy\" title=\"\u0141ukasz Ojrzanowski (Greenpowerns)\" width=\"620\" height=\"349\" src=\"https:\/\/www.youtube.com\/embed\/FOXNfs-SXY0?feature=oembed\" frameborder=\"0\" allow=\"accelerometer; autoplay; clipboard-write; encrypted-media; gyroscope; picture-in-picture\" allowfullscreen><\/iframe><\/p>\n<p><iframe loading=\"lazy\" title=\"Piotr Nie\u0107 (Dom Weselny Sylwia)\" width=\"620\" height=\"349\" src=\"https:\/\/www.youtube.com\/embed\/wB8EXzHCj30?feature=oembed\" frameborder=\"0\" allow=\"accelerometer; autoplay; clipboard-write; encrypted-media; gyroscope; picture-in-picture\" allowfullscreen><\/iframe><\/p>\n<p><iframe loading=\"lazy\" title=\"\u0141ukasz Poremba (Sebbet Kostka Brukowa)\" width=\"620\" height=\"349\" src=\"https:\/\/www.youtube.com\/embed\/Yh8nuZYbhlk?feature=oembed\" frameborder=\"0\" allow=\"accelerometer; autoplay; clipboard-write; encrypted-media; gyroscope; picture-in-picture\" allowfullscreen><\/iframe><\/p>\n<p><iframe loading=\"lazy\" title=\"Jakub Gri\u0144ski (Tylicz.Ski)\" width=\"620\" height=\"349\" src=\"https:\/\/www.youtube.com\/embed\/JhCLnE74GBs?feature=oembed\" frameborder=\"0\" allow=\"accelerometer; autoplay; clipboard-write; encrypted-media; gyroscope; picture-in-picture\" allowfullscreen><\/iframe><\/p>\n<p><iframe loading=\"lazy\" title=\"Wojciech Zelek (Walczyk Optyk)\" width=\"620\" height=\"349\" src=\"https:\/\/www.youtube.com\/embed\/HVWvWc9seJQ?feature=oembed\" frameborder=\"0\" allow=\"accelerometer; autoplay; clipboard-write; encrypted-media; gyroscope; picture-in-picture\" allowfullscreen><\/iframe><\/p>\n<p><iframe loading=\"lazy\" title=\"Jakub Cempa (G\u0142odzik i Smajdor Team)\" width=\"620\" height=\"349\" src=\"https:\/\/www.youtube.com\/embed\/0C2ox82o_Ys?feature=oembed\" frameborder=\"0\" allow=\"accelerometer; autoplay; clipboard-write; encrypted-media; gyroscope; picture-in-picture\" allowfullscreen><\/iframe><\/p>\n<p><iframe loading=\"lazy\" title=\"Tomasz Owsianka (Dom Weselny Sylwia)\" width=\"620\" height=\"349\" src=\"https:\/\/www.youtube.com\/embed\/vzMTSxOJgCc?feature=oembed\" frameborder=\"0\" allow=\"accelerometer; autoplay; clipboard-write; encrypted-media; gyroscope; picture-in-picture\" allowfullscreen><\/iframe><\/p>\n<p><iframe loading=\"lazy\" title=\"Rafa\u0142 Krzak (Greenpowerns)\" width=\"620\" height=\"349\" src=\"https:\/\/www.youtube.com\/embed\/nDExLileZjI?feature=oembed\" frameborder=\"0\" allow=\"accelerometer; autoplay; clipboard-write; encrypted-media; gyroscope; picture-in-picture\" allowfullscreen><\/iframe><\/p>\n<p><iframe loading=\"lazy\" title=\"Kacper Pasiut (Pabud)\" width=\"620\" height=\"349\" src=\"https:\/\/www.youtube.com\/embed\/fEjMDNT0M1w?feature=oembed\" frameborder=\"0\" allow=\"accelerometer; autoplay; clipboard-write; encrypted-media; gyroscope; picture-in-picture\" allowfullscreen><\/iframe><\/p>\n<p><iframe loading=\"lazy\" title=\"S\u0142awomir Zi\u0119cina (Wi\u015bniowski)\" width=\"620\" height=\"349\" src=\"https:\/\/www.youtube.com\/embed\/OdTALTQwGUQ?feature=oembed\" frameborder=\"0\" allow=\"accelerometer; autoplay; clipboard-write; encrypted-media; gyroscope; picture-in-picture\" allowfullscreen><\/iframe><\/p>\n<p><iframe loading=\"lazy\" title=\"Piotr Wo\u017aniak (Baz Pal)\" width=\"620\" height=\"349\" src=\"https:\/\/www.youtube.com\/embed\/mUWke4bTgQs?feature=oembed\" frameborder=\"0\" allow=\"accelerometer; autoplay; clipboard-write; encrypted-media; gyroscope; picture-in-picture\" allowfullscreen><\/iframe><\/p>\n<p><iframe loading=\"lazy\" title=\"Kamil Gr\u00f3dek (S\u0105czersi)\" width=\"620\" height=\"349\" src=\"https:\/\/www.youtube.com\/embed\/I5PJN2uUOcc?feature=oembed\" frameborder=\"0\" allow=\"accelerometer; autoplay; clipboard-write; encrypted-media; gyroscope; picture-in-picture\" allowfullscreen><\/iframe><\/p>\n<p><iframe loading=\"lazy\" title=\"Grzegorz Ci\u0119\u017cobka (Brotiflex)\" width=\"620\" height=\"349\" src=\"https:\/\/www.youtube.com\/embed\/xjyZpVc8Ub8?feature=oembed\" frameborder=\"0\" allow=\"accelerometer; autoplay; clipboard-write; encrypted-media; gyroscope; picture-in-picture\" allowfullscreen><\/iframe><\/p>\n<p><iframe loading=\"lazy\" title=\"Bogus\u0142aw Rosiek (Walczyk Optyk)\" width=\"620\" height=\"349\" src=\"https:\/\/www.youtube.com\/embed\/bTrmQlrbGlE?feature=oembed\" frameborder=\"0\" allow=\"accelerometer; autoplay; clipboard-write; encrypted-media; gyroscope; picture-in-picture\" allowfullscreen><\/iframe><\/p>\n<p><iframe loading=\"lazy\" title=\"Konrad Trzeciecki (Bastek Garnitury)\" width=\"620\" height=\"349\" src=\"https:\/\/www.youtube.com\/embed\/1MOy1LltkDA?feature=oembed\" frameborder=\"0\" allow=\"accelerometer; autoplay; clipboard-write; encrypted-media; gyroscope; picture-in-picture\" allowfullscreen><\/iframe><\/p>\n<p><iframe loading=\"lazy\" title=\"Mateusz \u0141agosz (Bruk-Ogr\u00f3d-Nowak) oraz Konrad Kosi\u0144ski (Sebbet Kostka Brukowa)\" width=\"620\" height=\"349\" src=\"https:\/\/www.youtube.com\/embed\/H8SDDIeZQ28?feature=oembed\" frameborder=\"0\" allow=\"accelerometer; autoplay; clipboard-write; encrypted-media; gyroscope; picture-in-picture\" allowfullscreen><\/iframe><\/p>\n<p><iframe loading=\"lazy\" title=\"Mateusz Szafraniec (Tylicz.Ski)\" width=\"620\" height=\"349\" src=\"https:\/\/www.youtube.com\/embed\/PZLlX9d8cUo?feature=oembed\" frameborder=\"0\" allow=\"accelerometer; autoplay; clipboard-write; encrypted-media; gyroscope; picture-in-picture\" allowfullscreen><\/iframe><\/p>\n<p><iframe loading=\"lazy\" title=\"Daniel Filipek (Novo.s\u0105decka)\" width=\"620\" height=\"349\" src=\"https:\/\/www.youtube.com\/embed\/IA928QKus3E?feature=oembed\" frameborder=\"0\" allow=\"accelerometer; autoplay; clipboard-write; encrypted-media; gyroscope; picture-in-picture\" allowfullscreen><\/iframe><\/p>\n<p><iframe loading=\"lazy\" title=\"Konrad Matusik (Stal-Bud Nawojowa)\" width=\"620\" height=\"349\" src=\"https:\/\/www.youtube.com\/embed\/35f7NtnwXQU?feature=oembed\" frameborder=\"0\" allow=\"accelerometer; autoplay; clipboard-write; encrypted-media; gyroscope; picture-in-picture\" allowfullscreen><\/iframe><\/p>\n<p><iframe loading=\"lazy\" title=\"Adrian \u0141astowski (Trade)\" width=\"620\" height=\"349\" src=\"https:\/\/www.youtube.com\/embed\/MaTq63c-6y8?feature=oembed\" frameborder=\"0\" allow=\"accelerometer; autoplay; clipboard-write; encrypted-media; gyroscope; picture-in-picture\" allowfullscreen><\/iframe><\/p>\n<p><iframe loading=\"lazy\" title=\"\u0141ukasz Zwoli\u0144ski (MKM Izolacje The Reds)\" width=\"620\" height=\"349\" src=\"https:\/\/www.youtube.com\/embed\/gTRY_xQJWZQ?feature=oembed\" frameborder=\"0\" allow=\"accelerometer; autoplay; clipboard-write; encrypted-media; gyroscope; picture-in-picture\" allowfullscreen><\/iframe><\/p>\n<p><iframe loading=\"lazy\" title=\"Dominik G\u0142\u00f3wczyk (Wi\u015bniowski)\" width=\"620\" height=\"349\" src=\"https:\/\/www.youtube.com\/embed\/mACaEseAxvU?feature=oembed\" frameborder=\"0\" allow=\"accelerometer; autoplay; clipboard-write; encrypted-media; gyroscope; picture-in-picture\" allowfullscreen><\/iframe><\/p>\n<p><iframe loading=\"lazy\" title=\"Adrian Jawor (S\u0105czersi)\" width=\"620\" height=\"349\" src=\"https:\/\/www.youtube.com\/embed\/RKX2NwiiyLU?feature=oembed\" frameborder=\"0\" allow=\"accelerometer; autoplay; clipboard-write; encrypted-media; gyroscope; picture-in-picture\" allowfullscreen><\/iframe><\/p>\n<p><iframe loading=\"lazy\" title=\"Krzysztof Kr\u00f3l (Greenpowerns)\" width=\"620\" height=\"349\" src=\"https:\/\/www.youtube.com\/embed\/M2QX6KXTxn4?feature=oembed\" frameborder=\"0\" allow=\"accelerometer; autoplay; clipboard-write; encrypted-media; gyroscope; picture-in-picture\" allowfullscreen><\/iframe><\/p>\n<p><iframe loading=\"lazy\" title=\"Szymon Kie\u0142basa (Stal-Bud Nawojowa)\" width=\"620\" height=\"349\" src=\"https:\/\/www.youtube.com\/embed\/1CGoRTSUW64?feature=oembed\" frameborder=\"0\" allow=\"accelerometer; autoplay; clipboard-write; encrypted-media; gyroscope; picture-in-picture\" allowfullscreen><\/iframe><\/p>\n<p><iframe loading=\"lazy\" title=\"Jakub Damasiewicz (Pabud)\" width=\"620\" height=\"349\" src=\"https:\/\/www.youtube.com\/embed\/4WzYr-BhuLE?feature=oembed\" frameborder=\"0\" allow=\"accelerometer; autoplay; clipboard-write; encrypted-media; gyroscope; picture-in-picture\" allowfullscreen><\/iframe><\/p>\n<p><iframe loading=\"lazy\" title=\"Micha\u0142 Chochorowski (Dom Weselny Sylwia)\" width=\"620\" height=\"349\" src=\"https:\/\/www.youtube.com\/embed\/jwZJ7Jc9ZoM?feature=oembed\" frameborder=\"0\" allow=\"accelerometer; autoplay; clipboard-write; encrypted-media; gyroscope; picture-in-picture\" allowfullscreen><\/iframe><\/p>\n<p><iframe loading=\"lazy\" title=\"Mateusz \u0141agosz (Bruk-Ogr\u00f3d-Nowak)\" width=\"620\" height=\"349\" src=\"https:\/\/www.youtube.com\/embed\/iYPQxol_qzQ?feature=oembed\" frameborder=\"0\" allow=\"accelerometer; autoplay; clipboard-write; encrypted-media; gyroscope; picture-in-picture\" allowfullscreen><\/iframe><\/p>\n<p><iframe loading=\"lazy\" title=\"Rafa\u0142 Plata (Gold Team\/Meble Lorek)\" width=\"620\" height=\"349\" src=\"https:\/\/www.youtube.com\/embed\/1yxq6gkRD58?start=6&#038;feature=oembed\" frameborder=\"0\" allow=\"accelerometer; autoplay; clipboard-write; encrypted-media; gyroscope; picture-in-picture\" allowfullscreen><\/iframe><\/p>\n<p><iframe loading=\"lazy\" title=\"Dawid Pasiut (Bastek Garnitury)\" width=\"620\" height=\"349\" src=\"https:\/\/www.youtube.com\/embed\/ZU1JVVGhScY?feature=oembed\" frameborder=\"0\" allow=\"accelerometer; autoplay; clipboard-write; encrypted-media; gyroscope; picture-in-picture\" allowfullscreen><\/iframe><\/p>\n<p><iframe loading=\"lazy\" title=\"Micha\u0142 K\u0142\u0119bczyk (G\u0142odzik i Smajdor Team)\" width=\"620\" height=\"349\" src=\"https:\/\/www.youtube.com\/embed\/aYPGVxpWSkU?feature=oembed\" frameborder=\"0\" allow=\"accelerometer; autoplay; clipboard-write; encrypted-media; gyroscope; picture-in-picture\" allowfullscreen><\/iframe><\/p>\n<p><iframe loading=\"lazy\" title=\"Karol Jezierski (Trade)\" width=\"620\" height=\"349\" src=\"https:\/\/www.youtube.com\/embed\/xwPaFv1aH_U?feature=oembed\" frameborder=\"0\" allow=\"accelerometer; autoplay; clipboard-write; encrypted-media; gyroscope; picture-in-picture\" allowfullscreen><\/iframe><\/p>\n<p><iframe loading=\"lazy\" title=\"Jakub Biel (Baz Pal)\" width=\"620\" height=\"349\" src=\"https:\/\/www.youtube.com\/embed\/Zju3H7vrZYA?feature=oembed\" frameborder=\"0\" allow=\"accelerometer; autoplay; clipboard-write; encrypted-media; gyroscope; picture-in-picture\" allowfullscreen><\/iframe><\/p>\n<p><iframe loading=\"lazy\" title=\"Pawe\u0142 Suchanek (MKM Izolacje The Reds)\" width=\"620\" height=\"349\" src=\"https:\/\/www.youtube.com\/embed\/ctbqaRIFk7I?feature=oembed\" frameborder=\"0\" allow=\"accelerometer; autoplay; clipboard-write; encrypted-media; gyroscope; picture-in-picture\" allowfullscreen><\/iframe><\/p>\n<p><iframe loading=\"lazy\" title=\"Rafa\u0142 Zi\u0119ba (Tylicz.Ski)\" width=\"620\" height=\"349\" src=\"https:\/\/www.youtube.com\/embed\/MX5Axc5o3rI?feature=oembed\" frameborder=\"0\" allow=\"accelerometer; autoplay; clipboard-write; encrypted-media; gyroscope; picture-in-picture\" allowfullscreen><\/iframe><\/p>\n<p><iframe loading=\"lazy\" title=\"\u0141ukasz Poremba (Sebbet Kostka Brukowa)\" width=\"620\" height=\"349\" src=\"https:\/\/www.youtube.com\/embed\/g2ATBfq9fXQ?feature=oembed\" frameborder=\"0\" allow=\"accelerometer; autoplay; clipboard-write; encrypted-media; gyroscope; picture-in-picture\" allowfullscreen><\/iframe><\/p>\n<p><iframe loading=\"lazy\" title=\"Wojciech Zelek (Walczyk Optyk)\" width=\"620\" height=\"349\" src=\"https:\/\/www.youtube.com\/embed\/ACTKsmF435A?feature=oembed\" frameborder=\"0\" allow=\"accelerometer; autoplay; clipboard-write; encrypted-media; gyroscope; picture-in-picture\" allowfullscreen><\/iframe><\/p>\n","protected":false},"excerpt":{"rendered":"","protected":false},"author":1,"featured_media":0,"parent":219,"menu_order":0,"comment_status":"closed","ping_status":"closed","template":"","meta":[],"_links":{"self":[{"href":"https:\/\/lfsportevents.pl\/ligafutsalu2021\/wp-json\/wp\/v2\/pages\/8186"}],"collection":[{"href":"https:\/\/lfsportevents.pl\/ligafutsalu2021\/wp-json\/wp\/v2\/pages"}],"about":[{"href":"https:\/\/lfsportevents.pl\/ligafutsalu2021\/wp-json\/wp\/v2\/types\/page"}],"author":[{"embeddable":true,"href":"https:\/\/lfsportevents.pl\/ligafutsalu2021\/wp-json\/wp\/v2\/users\/1"}],"replies":[{"embeddable":true,"href":"https:\/\/lfsportevents.pl\/ligafutsalu2021\/wp-json\/wp\/v2\/comments?post=8186"}],"version-history":[{"count":2,"href":"https:\/\/lfsportevents.pl\/ligafutsalu2021\/wp-json\/wp\/v2\/pages\/8186\/revisions"}],"predecessor-version":[{"id":22529,"href":"https:\/\/lfsportevents.pl\/ligafutsalu2021\/wp-json\/wp\/v2\/pages\/8186\/revisions\/22529"}],"up":[{"embeddable":true,"href":"https:\/\/lfsportevents.pl\/ligafutsalu2021\/wp-json\/wp\/v2\/pages\/219"}],"wp:attachment":[{"href":"https:\/\/lfsportevents.pl\/ligafutsalu2021\/wp-json\/wp\/v2\/media?parent=8186"}],"curies":[{"name":"wp","href":"https:\/\/api.w.org\/{rel}","templated":true}]}}