{"id":8162,"date":"2017-09-20T10:05:13","date_gmt":"2017-09-20T08:05:13","guid":{"rendered":"https:\/\/lfsportevents.pl\/ligafutsalu2021\/?page_id=8162"},"modified":"2022-02-08T17:40:31","modified_gmt":"2022-02-08T16:40:31","slug":"video","status":"publish","type":"page","link":"https:\/\/lfsportevents.pl\/ligafutsalu2021\/ekstraklasa\/video\/","title":{"rendered":"Video"},"content":{"rendered":"<p><iframe loading=\"lazy\" title=\"Dom Weselny Sylwia Mistrzem El-Kag  Ligi Futsalu 2021\/22\" width=\"620\" height=\"349\" src=\"https:\/\/www.youtube.com\/embed\/SZ0nYrn06jc?feature=oembed\" frameborder=\"0\" allow=\"accelerometer; autoplay; clipboard-write; encrypted-media; gyroscope; picture-in-picture\" allowfullscreen><\/iframe><\/p>\n<p><iframe loading=\"lazy\" title=\"Rafa\u0142 Zi\u0119ba (Tylicz.Ski)\" width=\"620\" height=\"349\" src=\"https:\/\/www.youtube.com\/embed\/nIbX0hJSH6o?feature=oembed\" frameborder=\"0\" allow=\"accelerometer; autoplay; clipboard-write; encrypted-media; gyroscope; picture-in-picture\" allowfullscreen><\/iframe><\/p>\n<p><iframe loading=\"lazy\" title=\"Patryk Twardowski (Gold Team\/Meble Lorek)\" width=\"620\" height=\"349\" src=\"https:\/\/www.youtube.com\/embed\/kEApOzoXZBY?feature=oembed\" frameborder=\"0\" allow=\"accelerometer; autoplay; clipboard-write; encrypted-media; gyroscope; picture-in-picture\" allowfullscreen><\/iframe><\/p>\n<p><iframe loading=\"lazy\" title=\"Szczepan Rosiek (Wi\u015bniowski)\" width=\"620\" height=\"349\" src=\"https:\/\/www.youtube.com\/embed\/cPp4ClqhBlw?feature=oembed\" frameborder=\"0\" allow=\"accelerometer; autoplay; clipboard-write; encrypted-media; gyroscope; picture-in-picture\" allowfullscreen><\/iframe><\/p>\n<p><iframe loading=\"lazy\" title=\"Krzysztof Tucznio (Walczyk Optyk)\" width=\"620\" height=\"349\" src=\"https:\/\/www.youtube.com\/embed\/jxdg8XVfNg4?feature=oembed\" frameborder=\"0\" allow=\"accelerometer; autoplay; clipboard-write; encrypted-media; gyroscope; picture-in-picture\" allowfullscreen><\/iframe><\/p>\n<p><iframe loading=\"lazy\" title=\"Krzysztof Grybel (Gad\u017cet Team)\" width=\"620\" height=\"349\" src=\"https:\/\/www.youtube.com\/embed\/s2c4tDVMVxA?feature=oembed\" frameborder=\"0\" allow=\"accelerometer; autoplay; clipboard-write; encrypted-media; gyroscope; picture-in-picture\" allowfullscreen><\/iframe><\/p>\n<p><iframe loading=\"lazy\" title=\"Kamil Gr\u00f3dek (S\u0105czersi)\" width=\"620\" height=\"349\" src=\"https:\/\/www.youtube.com\/embed\/Eg4KmaobBlo?feature=oembed\" frameborder=\"0\" allow=\"accelerometer; autoplay; clipboard-write; encrypted-media; gyroscope; picture-in-picture\" allowfullscreen><\/iframe><\/p>\n<p><iframe loading=\"lazy\" title=\"Rafa\u0142 Plata (Gold Team\/Meble Lorek)\" width=\"620\" height=\"349\" src=\"https:\/\/www.youtube.com\/embed\/1l_39afd0xs?feature=oembed\" frameborder=\"0\" allow=\"accelerometer; autoplay; clipboard-write; encrypted-media; gyroscope; picture-in-picture\" allowfullscreen><\/iframe><\/p>\n<p><iframe loading=\"lazy\" title=\"Jakub Gri\u0144ski (Tylicz.Ski)\" width=\"620\" height=\"349\" src=\"https:\/\/www.youtube.com\/embed\/PpcoBo_wmKU?feature=oembed\" frameborder=\"0\" allow=\"accelerometer; autoplay; clipboard-write; encrypted-media; gyroscope; picture-in-picture\" allowfullscreen><\/iframe><\/p>\n<p><iframe loading=\"lazy\" title=\"Jakub Nowak (S\u0105czersi)\" width=\"620\" height=\"349\" src=\"https:\/\/www.youtube.com\/embed\/m-BBif9b20E?feature=oembed\" frameborder=\"0\" allow=\"accelerometer; autoplay; clipboard-write; encrypted-media; gyroscope; picture-in-picture\" allowfullscreen><\/iframe><\/p>\n<p><iframe loading=\"lazy\" title=\"Tomasz Owsianka (Dom Weselny Sylwia)\" width=\"620\" height=\"349\" src=\"https:\/\/www.youtube.com\/embed\/hwgv1o2iqZA?feature=oembed\" frameborder=\"0\" allow=\"accelerometer; autoplay; clipboard-write; encrypted-media; gyroscope; picture-in-picture\" allowfullscreen><\/iframe><\/p>\n<p><iframe loading=\"lazy\" title=\"Bogumi\u0142 Rosiek (Walczyk Optyk)\" width=\"620\" height=\"349\" src=\"https:\/\/www.youtube.com\/embed\/0SQiOd8JDiA?feature=oembed\" frameborder=\"0\" allow=\"accelerometer; autoplay; clipboard-write; encrypted-media; gyroscope; picture-in-picture\" allowfullscreen><\/iframe><\/p>\n<p><iframe loading=\"lazy\" title=\"\u0141ukasz Kocio\u0142ek (Gold Team\/Meble Lorek)\" width=\"620\" height=\"349\" src=\"https:\/\/www.youtube.com\/embed\/HkvWg5WJXKY?feature=oembed\" frameborder=\"0\" allow=\"accelerometer; autoplay; clipboard-write; encrypted-media; gyroscope; picture-in-picture\" allowfullscreen><\/iframe><\/p>\n<p><iframe loading=\"lazy\" title=\"Krystian Konopka (Sebbet Kostka Brukowa)\" width=\"620\" height=\"349\" src=\"https:\/\/www.youtube.com\/embed\/D2IGgtEUiHM?feature=oembed\" frameborder=\"0\" allow=\"accelerometer; autoplay; clipboard-write; encrypted-media; gyroscope; picture-in-picture\" allowfullscreen><\/iframe><\/p>\n<p><iframe loading=\"lazy\" title=\"Szymon Kie\u0142basa (Stal-Bud Nawojowa)\" width=\"620\" height=\"349\" src=\"https:\/\/www.youtube.com\/embed\/DmZaMR9AU5E?feature=oembed\" frameborder=\"0\" allow=\"accelerometer; autoplay; clipboard-write; encrypted-media; gyroscope; picture-in-picture\" allowfullscreen><\/iframe><\/p>\n<p><iframe loading=\"lazy\" title=\"Jakub Gri\u0144ski (Tylicz.Ski)\" width=\"620\" height=\"349\" src=\"https:\/\/www.youtube.com\/embed\/q755OUHYbvU?feature=oembed\" frameborder=\"0\" allow=\"accelerometer; autoplay; clipboard-write; encrypted-media; gyroscope; picture-in-picture\" allowfullscreen><\/iframe><\/p>\n<p><iframe loading=\"lazy\" title=\"Artur Le\u015bniak (Dom Weselny Sylwia)\" width=\"620\" height=\"349\" src=\"https:\/\/www.youtube.com\/embed\/c5u-KUCl2eg?feature=oembed\" frameborder=\"0\" allow=\"accelerometer; autoplay; clipboard-write; encrypted-media; gyroscope; picture-in-picture\" allowfullscreen><\/iframe><\/p>\n<p><iframe loading=\"lazy\" title=\"Mateusz Borz\u0119cki (Walczyk Optyk)\" width=\"620\" height=\"349\" src=\"https:\/\/www.youtube.com\/embed\/fPHYXVB2eY0?feature=oembed\" frameborder=\"0\" allow=\"accelerometer; autoplay; clipboard-write; encrypted-media; gyroscope; picture-in-picture\" allowfullscreen><\/iframe><\/p>\n<p><iframe loading=\"lazy\" title=\"S\u0142awomir Zi\u0119cina (Wi\u015bniowski)\" width=\"620\" height=\"349\" src=\"https:\/\/www.youtube.com\/embed\/8vF6Vj8Acds?feature=oembed\" frameborder=\"0\" allow=\"accelerometer; autoplay; clipboard-write; encrypted-media; gyroscope; picture-in-picture\" allowfullscreen><\/iframe><\/p>\n<p><iframe loading=\"lazy\" title=\"Karol Nowak (Sebbet Kostka Brukowa)\" width=\"620\" height=\"349\" src=\"https:\/\/www.youtube.com\/embed\/pwnIcmHAyGw?feature=oembed\" frameborder=\"0\" allow=\"accelerometer; autoplay; clipboard-write; encrypted-media; gyroscope; picture-in-picture\" allowfullscreen><\/iframe><\/p>\n<p><iframe loading=\"lazy\" title=\"Krystian Laciuga (Sebbet Kostka Brukowa)\" width=\"620\" height=\"349\" src=\"https:\/\/www.youtube.com\/embed\/sBYlmCbw-UM?feature=oembed\" frameborder=\"0\" allow=\"accelerometer; autoplay; clipboard-write; encrypted-media; gyroscope; picture-in-picture\" allowfullscreen><\/iframe><\/p>\n<p><iframe loading=\"lazy\" title=\"Pawe\u0142 Godek (Stal-Bud Nawojowa)\" width=\"620\" height=\"349\" src=\"https:\/\/www.youtube.com\/embed\/59UnF7y_cEI?feature=oembed\" frameborder=\"0\" allow=\"accelerometer; autoplay; clipboard-write; encrypted-media; gyroscope; picture-in-picture\" allowfullscreen><\/iframe><\/p>\n<p><iframe loading=\"lazy\" title=\"Mateusz Szafraniec (Tylicz.Ski)\" width=\"620\" height=\"349\" src=\"https:\/\/www.youtube.com\/embed\/o1CJoAAQPi0?feature=oembed\" frameborder=\"0\" allow=\"accelerometer; autoplay; clipboard-write; encrypted-media; gyroscope; picture-in-picture\" allowfullscreen><\/iframe><\/p>\n<p><iframe loading=\"lazy\" title=\"Rafa\u0142 Plata (Gold Team\/Meble Lorek)\" width=\"620\" height=\"349\" src=\"https:\/\/www.youtube.com\/embed\/cSlvKKk2ChA?feature=oembed\" frameborder=\"0\" allow=\"accelerometer; autoplay; clipboard-write; encrypted-media; gyroscope; picture-in-picture\" allowfullscreen><\/iframe><\/p>\n<p><iframe loading=\"lazy\" title=\"\u0141ukasz Szkred (S\u0105czersi)\" width=\"620\" height=\"349\" src=\"https:\/\/www.youtube.com\/embed\/ue7yq_F9QiM?feature=oembed\" frameborder=\"0\" allow=\"accelerometer; autoplay; clipboard-write; encrypted-media; gyroscope; picture-in-picture\" allowfullscreen><\/iframe><\/p>\n<p><iframe loading=\"lazy\" title=\"Micha\u0142 Szo\u0142drowski (Dom Weselny Sylwia)\" width=\"620\" height=\"349\" src=\"https:\/\/www.youtube.com\/embed\/djku-eGW3EA?feature=oembed\" frameborder=\"0\" allow=\"accelerometer; autoplay; clipboard-write; encrypted-media; gyroscope; picture-in-picture\" allowfullscreen><\/iframe><\/p>\n<p><iframe loading=\"lazy\" title=\"Jakub Gri\u0144ski (Tylicz.Ski)\" width=\"620\" height=\"349\" src=\"https:\/\/www.youtube.com\/embed\/Wm-Xp_EYO50?feature=oembed\" frameborder=\"0\" allow=\"accelerometer; autoplay; clipboard-write; encrypted-media; gyroscope; picture-in-picture\" allowfullscreen><\/iframe><\/p>\n<p><iframe loading=\"lazy\" title=\"Mariusz Plata (Gold Team\/Meble Lorek)\" width=\"620\" height=\"349\" src=\"https:\/\/www.youtube.com\/embed\/Jv7X5Jmv9Mw?feature=oembed\" frameborder=\"0\" allow=\"accelerometer; autoplay; clipboard-write; encrypted-media; gyroscope; picture-in-picture\" allowfullscreen><\/iframe><\/p>\n<p><iframe loading=\"lazy\" title=\"Krzysztof Grybel (Gad\u017cet Team)\" width=\"620\" height=\"349\" src=\"https:\/\/www.youtube.com\/embed\/ruK31rZXPEo?feature=oembed\" frameborder=\"0\" allow=\"accelerometer; autoplay; clipboard-write; encrypted-media; gyroscope; picture-in-picture\" allowfullscreen><\/iframe><\/p>\n<p><iframe loading=\"lazy\" title=\"Jan Rosiek (Walczyk Optyk)\" width=\"620\" height=\"349\" src=\"https:\/\/www.youtube.com\/embed\/Kb5qKXI7bSw?feature=oembed\" frameborder=\"0\" allow=\"accelerometer; autoplay; clipboard-write; encrypted-media; gyroscope; picture-in-picture\" allowfullscreen><\/iframe><\/p>\n<p><iframe loading=\"lazy\" title=\"Karol Piotrowski (S\u0105czersi)\" width=\"620\" height=\"349\" src=\"https:\/\/www.youtube.com\/embed\/6oa2Gm8meJU?feature=oembed\" frameborder=\"0\" allow=\"accelerometer; autoplay; clipboard-write; encrypted-media; gyroscope; picture-in-picture\" allowfullscreen><\/iframe><\/p>\n<p><iframe loading=\"lazy\" title=\"Szczepan Rosiek (Wi\u015bniowski)\" width=\"620\" height=\"349\" src=\"https:\/\/www.youtube.com\/embed\/1glMT3Iln2o?feature=oembed\" frameborder=\"0\" allow=\"accelerometer; autoplay; clipboard-write; encrypted-media; gyroscope; picture-in-picture\" allowfullscreen><\/iframe><\/p>\n<p><iframe loading=\"lazy\" title=\"Igor Kalinowski (MKM Izolacje The Reds)\" width=\"620\" height=\"349\" src=\"https:\/\/www.youtube.com\/embed\/jxocvLkPuSg?feature=oembed\" frameborder=\"0\" allow=\"accelerometer; autoplay; clipboard-write; encrypted-media; gyroscope; picture-in-picture\" allowfullscreen><\/iframe><\/p>\n<p><iframe loading=\"lazy\" title=\"Krystian Konopka (Sebbet Kostka Brukowa)\" width=\"620\" height=\"349\" src=\"https:\/\/www.youtube.com\/embed\/asOVEShJM2k?feature=oembed\" frameborder=\"0\" allow=\"accelerometer; autoplay; clipboard-write; encrypted-media; gyroscope; picture-in-picture\" allowfullscreen><\/iframe><\/p>\n<p><iframe loading=\"lazy\" title=\"Patryk Twardowski (Gold Team\/Meble Lorek)\" width=\"620\" height=\"349\" src=\"https:\/\/www.youtube.com\/embed\/iGjZm_nbr-8?feature=oembed\" frameborder=\"0\" allow=\"accelerometer; autoplay; clipboard-write; encrypted-media; gyroscope; picture-in-picture\" allowfullscreen><\/iframe><\/p>\n<p><iframe loading=\"lazy\" title=\"Micha\u0142 Chochorowski (Dom Weselny Sylwia)\" width=\"620\" height=\"349\" src=\"https:\/\/www.youtube.com\/embed\/oylcTrIoxDQ?feature=oembed\" frameborder=\"0\" allow=\"accelerometer; autoplay; clipboard-write; encrypted-media; gyroscope; picture-in-picture\" allowfullscreen><\/iframe><\/p>\n<p><iframe loading=\"lazy\" title=\"Krzysztof Tomczak (Tylicz.Ski)\" width=\"620\" height=\"349\" src=\"https:\/\/www.youtube.com\/embed\/QO1kvBYzwNE?feature=oembed\" frameborder=\"0\" allow=\"accelerometer; autoplay; clipboard-write; encrypted-media; gyroscope; picture-in-picture\" allowfullscreen><\/iframe><\/p>\n<p><iframe loading=\"lazy\" title=\"Bart\u0142omiej Damasiewicz (Walczyk Optyk)\" width=\"620\" height=\"349\" src=\"https:\/\/www.youtube.com\/embed\/_OTVPKe49Ug?feature=oembed\" frameborder=\"0\" allow=\"accelerometer; autoplay; clipboard-write; encrypted-media; gyroscope; picture-in-picture\" allowfullscreen><\/iframe><\/p>\n<p><iframe loading=\"lazy\" title=\"Tomasz Zieli\u0144ski (S\u0105czersi)\" width=\"620\" height=\"349\" src=\"https:\/\/www.youtube.com\/embed\/GxRhWv3MTLw?feature=oembed\" frameborder=\"0\" allow=\"accelerometer; autoplay; clipboard-write; encrypted-media; gyroscope; picture-in-picture\" allowfullscreen><\/iframe><\/p>\n<p><iframe loading=\"lazy\" title=\"Grzegorz Bro\u0144ski (Gad\u017cet Team)\" width=\"620\" height=\"349\" src=\"https:\/\/www.youtube.com\/embed\/uyR1IV7DWbA?feature=oembed\" frameborder=\"0\" allow=\"accelerometer; autoplay; clipboard-write; encrypted-media; gyroscope; picture-in-picture\" allowfullscreen><\/iframe><\/p>\n<p><iframe loading=\"lazy\" title=\"Marcin Chochla (Stal-Bud Nawojowa)\" width=\"620\" height=\"349\" src=\"https:\/\/www.youtube.com\/embed\/loaG-I7G9Nc?feature=oembed\" frameborder=\"0\" allow=\"accelerometer; autoplay; clipboard-write; encrypted-media; gyroscope; picture-in-picture\" allowfullscreen><\/iframe><\/p>\n<p><iframe loading=\"lazy\" title=\"Artur Ma\u0142ek (MKM Izolacje The Reds)\" width=\"620\" height=\"349\" src=\"https:\/\/www.youtube.com\/embed\/C1Lyqr6vCMQ?feature=oembed\" frameborder=\"0\" allow=\"accelerometer; autoplay; clipboard-write; encrypted-media; gyroscope; picture-in-picture\" allowfullscreen><\/iframe><\/p>\n<p><iframe loading=\"lazy\" title=\"Pawe\u0142 Zygmunt (Dom Weselny Sylwia)\" width=\"620\" height=\"349\" src=\"https:\/\/www.youtube.com\/embed\/ER4E8TKXcKs?feature=oembed\" frameborder=\"0\" allow=\"accelerometer; autoplay; clipboard-write; encrypted-media; gyroscope; picture-in-picture\" allowfullscreen><\/iframe><\/p>\n<p><iframe loading=\"lazy\" title=\"Rafa\u0142 Zi\u0119ba (Tylicz.Ski)\" width=\"620\" height=\"349\" src=\"https:\/\/www.youtube.com\/embed\/7YA3_c7qJ6k?feature=oembed\" frameborder=\"0\" allow=\"accelerometer; autoplay; clipboard-write; encrypted-media; gyroscope; picture-in-picture\" allowfullscreen><\/iframe><\/p>\n<p><iframe loading=\"lazy\" title=\"\u0141ukasz Szabla (Gold Team\/Meble Lorek)\" width=\"620\" height=\"349\" src=\"https:\/\/www.youtube.com\/embed\/F6GA0lH7fFU?feature=oembed\" frameborder=\"0\" allow=\"accelerometer; autoplay; clipboard-write; encrypted-media; gyroscope; picture-in-picture\" allowfullscreen><\/iframe><\/p>\n<p><iframe loading=\"lazy\" title=\"Krzysztof Tucznio (Walczyk Optyk)\" width=\"620\" height=\"349\" src=\"https:\/\/www.youtube.com\/embed\/VEVl4iyj5Vo?feature=oembed\" frameborder=\"0\" allow=\"accelerometer; autoplay; clipboard-write; encrypted-media; gyroscope; picture-in-picture\" allowfullscreen><\/iframe><\/p>\n<p><iframe loading=\"lazy\" title=\"Dominik G\u00f3rka (Gad\u017cet Team)\" width=\"620\" height=\"349\" src=\"https:\/\/www.youtube.com\/embed\/2lJ8L03oCvE?feature=oembed\" frameborder=\"0\" allow=\"accelerometer; autoplay; clipboard-write; encrypted-media; gyroscope; picture-in-picture\" allowfullscreen><\/iframe><\/p>\n<p><iframe loading=\"lazy\" title=\"\u0141ukasz Kij (MKM Izolacje The Reds)\" width=\"620\" height=\"349\" src=\"https:\/\/www.youtube.com\/embed\/0OnPtw95OS0?feature=oembed\" frameborder=\"0\" allow=\"accelerometer; autoplay; clipboard-write; encrypted-media; gyroscope; picture-in-picture\" allowfullscreen><\/iframe><\/p>\n<p><iframe loading=\"lazy\" title=\"Kamil Gr\u00f3dek (S\u0105czersi)\" width=\"620\" height=\"349\" src=\"https:\/\/www.youtube.com\/embed\/LwU5jT-vOY0?feature=oembed\" frameborder=\"0\" allow=\"accelerometer; autoplay; clipboard-write; encrypted-media; gyroscope; picture-in-picture\" allowfullscreen><\/iframe><\/p>\n<p><iframe loading=\"lazy\" title=\"Damian Dudek (Wi\u015bniowski)\" width=\"620\" height=\"349\" src=\"https:\/\/www.youtube.com\/embed\/IrpOBdVB3Tw?feature=oembed\" frameborder=\"0\" allow=\"accelerometer; autoplay; clipboard-write; encrypted-media; gyroscope; picture-in-picture\" allowfullscreen><\/iframe><\/p>\n<p><iframe loading=\"lazy\" title=\"Jakub Gri\u0144ski (Tylicz.Ski)\" width=\"620\" height=\"349\" src=\"https:\/\/www.youtube.com\/embed\/ubu8k2zoutY?feature=oembed\" frameborder=\"0\" allow=\"accelerometer; autoplay; clipboard-write; encrypted-media; gyroscope; picture-in-picture\" allowfullscreen><\/iframe><\/p>\n<p><iframe loading=\"lazy\" title=\"Daniel Kr\u00f3l (Gold Team\/Meble Lorek)\" width=\"620\" height=\"349\" src=\"https:\/\/www.youtube.com\/embed\/oG94Uody13E?feature=oembed\" frameborder=\"0\" allow=\"accelerometer; autoplay; clipboard-write; encrypted-media; gyroscope; picture-in-picture\" allowfullscreen><\/iframe><\/p>\n<p><iframe loading=\"lazy\" title=\"Piotr Nie\u0107 (Dom Weselny Sylwia)\" width=\"620\" height=\"349\" src=\"https:\/\/www.youtube.com\/embed\/N4w7ZI20j2o?feature=oembed\" frameborder=\"0\" allow=\"accelerometer; autoplay; clipboard-write; encrypted-media; gyroscope; picture-in-picture\" allowfullscreen><\/iframe><\/p>\n<p><iframe loading=\"lazy\" title=\"\u0141ukasz Poremba (Sebbet Kostka Brukowa)\" width=\"620\" height=\"349\" src=\"https:\/\/www.youtube.com\/embed\/ZYwZMtCJ8GU?feature=oembed\" frameborder=\"0\" allow=\"accelerometer; autoplay; clipboard-write; encrypted-media; gyroscope; picture-in-picture\" allowfullscreen><\/iframe><\/p>\n<p><iframe loading=\"lazy\" title=\"Mateusz Borz\u0119cki (Walczyk Optyk)\" width=\"620\" height=\"349\" src=\"https:\/\/www.youtube.com\/embed\/heekOX7fWaM?feature=oembed\" frameborder=\"0\" allow=\"accelerometer; autoplay; clipboard-write; encrypted-media; gyroscope; picture-in-picture\" allowfullscreen><\/iframe><\/p>\n<p><iframe loading=\"lazy\" title=\"Jakub Potoniec (S\u0105czersi)\" width=\"620\" height=\"349\" src=\"https:\/\/www.youtube.com\/embed\/u3-ce2CpiZ8?feature=oembed\" frameborder=\"0\" allow=\"accelerometer; autoplay; clipboard-write; encrypted-media; gyroscope; picture-in-picture\" allowfullscreen><\/iframe><\/p>\n<p><iframe loading=\"lazy\" title=\"Jakub G\u00f3rka (Gad\u017cet Team)\" width=\"620\" height=\"349\" src=\"https:\/\/www.youtube.com\/embed\/1sYsJ2NOAb0?feature=oembed\" frameborder=\"0\" allow=\"accelerometer; autoplay; clipboard-write; encrypted-media; gyroscope; picture-in-picture\" allowfullscreen><\/iframe><\/p>\n","protected":false},"excerpt":{"rendered":"","protected":false},"author":1,"featured_media":0,"parent":8132,"menu_order":0,"comment_status":"closed","ping_status":"closed","template":"","meta":[],"_links":{"self":[{"href":"https:\/\/lfsportevents.pl\/ligafutsalu2021\/wp-json\/wp\/v2\/pages\/8162"}],"collection":[{"href":"https:\/\/lfsportevents.pl\/ligafutsalu2021\/wp-json\/wp\/v2\/pages"}],"about":[{"href":"https:\/\/lfsportevents.pl\/ligafutsalu2021\/wp-json\/wp\/v2\/types\/page"}],"author":[{"embeddable":true,"href":"https:\/\/lfsportevents.pl\/ligafutsalu2021\/wp-json\/wp\/v2\/users\/1"}],"replies":[{"embeddable":true,"href":"https:\/\/lfsportevents.pl\/ligafutsalu2021\/wp-json\/wp\/v2\/comments?post=8162"}],"version-history":[{"count":2,"href":"https:\/\/lfsportevents.pl\/ligafutsalu2021\/wp-json\/wp\/v2\/pages\/8162\/revisions"}],"predecessor-version":[{"id":22660,"href":"https:\/\/lfsportevents.pl\/ligafutsalu2021\/wp-json\/wp\/v2\/pages\/8162\/revisions\/22660"}],"up":[{"embeddable":true,"href":"https:\/\/lfsportevents.pl\/ligafutsalu2021\/wp-json\/wp\/v2\/pages\/8132"}],"wp:attachment":[{"href":"https:\/\/lfsportevents.pl\/ligafutsalu2021\/wp-json\/wp\/v2\/media?parent=8162"}],"curies":[{"name":"wp","href":"https:\/\/api.w.org\/{rel}","templated":true}]}}