{"id":8156,"date":"2017-09-20T10:04:09","date_gmt":"2017-09-20T08:04:09","guid":{"rendered":"https:\/\/lfsportevents.pl\/ligafutsalu2021\/?page_id=8156"},"modified":"2021-12-31T12:31:53","modified_gmt":"2021-12-31T11:31:53","slug":"tabela","status":"publish","type":"page","link":"https:\/\/lfsportevents.pl\/ligafutsalu2021\/ekstraklasa\/tabela\/","title":{"rendered":"Tabela"},"content":{"rendered":"<div class=\"legenda\">\n<p>Legenda:<\/p>\n<div class=\"item\"><b>M<\/b> = Mecze Rozegrane<\/div>\n<div class=\"item\"><b> Pkt<\/b> = Punkty<\/div>\n<div class=\"item\"><b> Z<\/b> = Zwyci\u0119stwa<\/div>\n<div class=\"item\"><b> R<\/b> = Remisy<\/div>\n<div class=\"item\"><b> P<\/b> = Pora\u017cki<\/div>\n<div class=\"item\"><b> BZ<\/b> = Bramki zdobyte<\/div>\n<div class=\"item\"><b> BS<\/b> = Bramki stracone<\/div>\n<div class=\"item\"><b> +\/-<\/b> = R\u00f3\u017cnica bramek<\/div>\n<div class=\"item\"><span style=\"color: #00ccff;\"><strong>Miejsca 1-5<\/strong> (grupa mistrzowska)<\/span><\/div>\n<div class=\"item\"><span style=\"color: #ff99cc;\"><strong>Miejsca 6-10<\/strong> (grupa spadkowa)<\/span><\/div>\n<div class=\"item\"><span style=\"color: #b0769b;\"><strong>Miejsce 8<\/strong> (bara\u017c z 3 dru\u017cn\u0105 I Ligi, o pozostanie w Ekstraklasie)<\/span><\/div>\n<div class=\"item\"><span style=\"color: #ff0000;\"><strong>Miejsca 9-10<\/strong> (bezpo\u015bredni spadek do I Ligi)<\/span><\/div>\n<div><\/div>\n<\/div>\n<div>\n<h2><strong>TABELA 2 RUNDY Z PODZIA\u0141EM NA GRUPY<\/strong><\/h2>\n<div class=\"sportspress\"><div class=\"sp-template sp-template-league-table\">\n\t<h4 class=\"sp-table-caption\">Tabela Ekstraklasa &#8211; Grupa Mistrzowska<\/h4><div class=\"sp-table-wrapper\"><table class=\"sp-league-table sp-data-table sp-sortable-table sp-scrollable-table sp-paginated-table\" data-sp-rows=\"16\"><thead><tr><th class=\"data-rank\">Pozycja<\/th><th class=\"data-name\">Dru\u017cyna<\/th><th class=\"data-p\">M<\/th><th class=\"data-pts\">Pkt<\/th><th class=\"data-w\">Z<\/th><th class=\"data-d\">R<\/th><th class=\"data-l\">P<\/th><th class=\"data-f\">BZ<\/th><th class=\"data-a\">BS<\/th><th class=\"data-gd\">+\/-<\/th><\/tr><\/thead><tbody><tr class=\"odd sp-row-no-0\"><td class=\"data-rank\" data-label=\"Pozycja\">1<\/td><td class=\"data-name has-logo\" data-label=\"Dru\u017cyna\"><a href=\"https:\/\/lfsportevents.pl\/ligafutsalu2021\/team\/kamex\/\"><span class=\"team-logo\"><img width=\"128\" height=\"50\" src=\"https:\/\/lfsportevents.pl\/ligafutsalu2021\/wp-content\/uploads\/2016\/11\/logo-DW-Sylwia-128x50.png\" class=\"attachment-sportspress-fit-icon size-sportspress-fit-icon wp-post-image\" alt=\"\" loading=\"lazy\" \/><\/span>Dom Weselny Sylwia<\/a><\/td><td class=\"data-p\" data-label=\"M\">13<\/td><td class=\"data-pts\" data-label=\"Pkt\">35<\/td><td class=\"data-w\" data-label=\"Z\">11<\/td><td class=\"data-d\" data-label=\"R\">2<\/td><td class=\"data-l\" data-label=\"P\">0<\/td><td class=\"data-f\" data-label=\"BZ\">69<\/td><td class=\"data-a\" data-label=\"BS\">22<\/td><td class=\"data-gd\" data-label=\"+\/-\">47<\/td><\/tr><tr class=\"even sp-row-no-1\"><td class=\"data-rank\" data-label=\"Pozycja\">2<\/td><td class=\"data-name has-logo\" data-label=\"Dru\u017cyna\"><a href=\"https:\/\/lfsportevents.pl\/ligafutsalu2021\/team\/q-graf\/\"><span class=\"team-logo\"><img width=\"128\" height=\"66\" src=\"https:\/\/lfsportevents.pl\/ligafutsalu2021\/wp-content\/uploads\/2016\/11\/Tylicz-Ski-1-128x66.png\" class=\"attachment-sportspress-fit-icon size-sportspress-fit-icon wp-post-image\" alt=\"\" loading=\"lazy\" \/><\/span>Tylicz.Ski<\/a><\/td><td class=\"data-p\" data-label=\"M\">13<\/td><td class=\"data-pts\" data-label=\"Pkt\">32<\/td><td class=\"data-w\" data-label=\"Z\">10<\/td><td class=\"data-d\" data-label=\"R\">2<\/td><td class=\"data-l\" data-label=\"P\">1<\/td><td class=\"data-f\" data-label=\"BZ\">71<\/td><td class=\"data-a\" data-label=\"BS\">26<\/td><td class=\"data-gd\" data-label=\"+\/-\">45<\/td><\/tr><tr class=\"odd sp-row-no-2\"><td class=\"data-rank\" data-label=\"Pozycja\">3<\/td><td class=\"data-name has-logo\" data-label=\"Dru\u017cyna\"><a href=\"https:\/\/lfsportevents.pl\/ligafutsalu2021\/team\/gold-team\/\"><span class=\"team-logo\"><img width=\"128\" height=\"42\" src=\"https:\/\/lfsportevents.pl\/ligafutsalu2021\/wp-content\/uploads\/2016\/11\/Meble-Lorek-128x42.png\" class=\"attachment-sportspress-fit-icon size-sportspress-fit-icon wp-post-image\" alt=\"\" loading=\"lazy\" \/><\/span>Gold Team\/Meble Lorek<\/a><\/td><td class=\"data-p\" data-label=\"M\">13<\/td><td class=\"data-pts\" data-label=\"Pkt\">23<\/td><td class=\"data-w\" data-label=\"Z\">7<\/td><td class=\"data-d\" data-label=\"R\">2<\/td><td class=\"data-l\" data-label=\"P\">4<\/td><td class=\"data-f\" data-label=\"BZ\">68<\/td><td class=\"data-a\" data-label=\"BS\">46<\/td><td class=\"data-gd\" data-label=\"+\/-\">22<\/td><\/tr><tr class=\"even sp-row-no-3\"><td class=\"data-rank\" data-label=\"Pozycja\">4<\/td><td class=\"data-name has-logo\" data-label=\"Dru\u017cyna\"><a href=\"https:\/\/lfsportevents.pl\/ligafutsalu2021\/team\/saczersi\/\"><span class=\"team-logo\"><img width=\"126\" height=\"128\" src=\"https:\/\/lfsportevents.pl\/ligafutsalu2021\/wp-content\/uploads\/2019\/11\/S\u0105czersi-126x128.png\" class=\"attachment-sportspress-fit-icon size-sportspress-fit-icon wp-post-image\" alt=\"\" loading=\"lazy\" \/><\/span>S\u0105czersi<\/a><\/td><td class=\"data-p\" data-label=\"M\">13<\/td><td class=\"data-pts\" data-label=\"Pkt\">18<\/td><td class=\"data-w\" data-label=\"Z\">6<\/td><td class=\"data-d\" data-label=\"R\">0<\/td><td class=\"data-l\" data-label=\"P\">7<\/td><td class=\"data-f\" data-label=\"BZ\">51<\/td><td class=\"data-a\" data-label=\"BS\">68<\/td><td class=\"data-gd\" data-label=\"+\/-\">-17<\/td><\/tr><tr class=\"odd sp-row-no-4\"><td class=\"data-rank\" data-label=\"Pozycja\">5<\/td><td class=\"data-name has-logo\" data-label=\"Dru\u017cyna\"><a href=\"https:\/\/lfsportevents.pl\/ligafutsalu2021\/team\/the-reds\/\"><span class=\"team-logo\"><img width=\"128\" height=\"61\" src=\"https:\/\/lfsportevents.pl\/ligafutsalu2021\/wp-content\/uploads\/2016\/11\/MKM-Izolacje-128x61.png\" class=\"attachment-sportspress-fit-icon size-sportspress-fit-icon wp-post-image\" alt=\"\" loading=\"lazy\" \/><\/span>MKM Izolacje The Reds<\/a><\/td><td class=\"data-p\" data-label=\"M\">13<\/td><td class=\"data-pts\" data-label=\"Pkt\">13<\/td><td class=\"data-w\" data-label=\"Z\">4<\/td><td class=\"data-d\" data-label=\"R\">1<\/td><td class=\"data-l\" data-label=\"P\">8<\/td><td class=\"data-f\" data-label=\"BZ\">47<\/td><td class=\"data-a\" data-label=\"BS\">71<\/td><td class=\"data-gd\" data-label=\"+\/-\">-24<\/td><\/tr><\/tbody><\/table><\/div><\/div>\n<\/div><\/div>\n<div><div class=\"sportspress\"><div class=\"sp-template sp-template-league-table\">\n\t<h4 class=\"sp-table-caption\">Tabela Ekstraklasa &#8211; Grupa Spadkowa<\/h4><div class=\"sp-table-wrapper\"><table class=\"sp-league-table sp-data-table sp-sortable-table sp-scrollable-table sp-paginated-table\" data-sp-rows=\"16\"><thead><tr><th class=\"data-rank\">Pozycja<\/th><th class=\"data-name\">Dru\u017cyna<\/th><th class=\"data-p\">M<\/th><th class=\"data-pts\">Pkt<\/th><th class=\"data-w\">Z<\/th><th class=\"data-d\">R<\/th><th class=\"data-l\">P<\/th><th class=\"data-f\">BZ<\/th><th class=\"data-a\">BS<\/th><th class=\"data-gd\">+\/-<\/th><\/tr><\/thead><tbody><tr class=\"odd sp-row-no-0\"><td class=\"data-rank\" data-label=\"Pozycja\">1<\/td><td class=\"data-name has-logo\" data-label=\"Dru\u017cyna\"><a href=\"https:\/\/lfsportevents.pl\/ligafutsalu2021\/team\/walczyk-optyk\/\"><span class=\"team-logo\"><img width=\"128\" height=\"120\" src=\"https:\/\/lfsportevents.pl\/ligafutsalu2021\/wp-content\/uploads\/2017\/11\/Walczyk-Optyk-128x120.png\" class=\"attachment-sportspress-fit-icon size-sportspress-fit-icon wp-post-image\" alt=\"\" loading=\"lazy\" \/><\/span>Walczyk Optyk<\/a><\/td><td class=\"data-p\" data-label=\"M\">13<\/td><td class=\"data-pts\" data-label=\"Pkt\">21<\/td><td class=\"data-w\" data-label=\"Z\">7<\/td><td class=\"data-d\" data-label=\"R\">0<\/td><td class=\"data-l\" data-label=\"P\">6<\/td><td class=\"data-f\" data-label=\"BZ\">62<\/td><td class=\"data-a\" data-label=\"BS\">47<\/td><td class=\"data-gd\" data-label=\"+\/-\">15<\/td><\/tr><tr class=\"even sp-row-no-1\"><td class=\"data-rank\" data-label=\"Pozycja\">2<\/td><td class=\"data-name has-logo\" data-label=\"Dru\u017cyna\"><a href=\"https:\/\/lfsportevents.pl\/ligafutsalu2021\/team\/wisniowski\/\"><span class=\"team-logo\"><img width=\"128\" height=\"58\" src=\"https:\/\/lfsportevents.pl\/ligafutsalu2021\/wp-content\/uploads\/2016\/11\/Wi\u015bniowski-removebg-preview-128x58.png\" class=\"attachment-sportspress-fit-icon size-sportspress-fit-icon wp-post-image\" alt=\"\" loading=\"lazy\" \/><\/span>Wi\u015bniowski<\/a><\/td><td class=\"data-p\" data-label=\"M\">13<\/td><td class=\"data-pts\" data-label=\"Pkt\">18<\/td><td class=\"data-w\" data-label=\"Z\">6<\/td><td class=\"data-d\" data-label=\"R\">0<\/td><td class=\"data-l\" data-label=\"P\">7<\/td><td class=\"data-f\" data-label=\"BZ\">55<\/td><td class=\"data-a\" data-label=\"BS\">69<\/td><td class=\"data-gd\" data-label=\"+\/-\">-14<\/td><\/tr><tr class=\"odd sp-row-no-2\"><td class=\"data-rank\" data-label=\"Pozycja\">3<\/td><td class=\"data-name has-logo\" data-label=\"Dru\u017cyna\"><a href=\"https:\/\/lfsportevents.pl\/ligafutsalu2021\/team\/sebbet-kostka-brukowa\/\"><span class=\"team-logo\"><img width=\"128\" height=\"26\" src=\"https:\/\/lfsportevents.pl\/ligafutsalu2021\/wp-content\/uploads\/2019\/11\/Sebbet-128x26.png\" class=\"attachment-sportspress-fit-icon size-sportspress-fit-icon wp-post-image\" alt=\"\" loading=\"lazy\" \/><\/span>Sebbet Kostka Brukowa<\/a><\/td><td class=\"data-p\" data-label=\"M\">13<\/td><td class=\"data-pts\" data-label=\"Pkt\">15<\/td><td class=\"data-w\" data-label=\"Z\">5<\/td><td class=\"data-d\" data-label=\"R\">0<\/td><td class=\"data-l\" data-label=\"P\">8<\/td><td class=\"data-f\" data-label=\"BZ\">53<\/td><td class=\"data-a\" data-label=\"BS\">77<\/td><td class=\"data-gd\" data-label=\"+\/-\">-24<\/td><\/tr><tr class=\"even sp-row-no-3\"><td class=\"data-rank\" data-label=\"Pozycja\">4<\/td><td class=\"data-name has-logo\" data-label=\"Dru\u017cyna\"><a href=\"https:\/\/lfsportevents.pl\/ligafutsalu2021\/team\/gadzet-team\/\"><span class=\"team-logo\"><img width=\"128\" height=\"128\" src=\"https:\/\/lfsportevents.pl\/ligafutsalu2021\/wp-content\/uploads\/2016\/11\/Gad\u017cet-removebg-preview-128x128.png\" class=\"attachment-sportspress-fit-icon size-sportspress-fit-icon wp-post-image\" alt=\"\" loading=\"lazy\" \/><\/span>Gad\u017cet Team<\/a><\/td><td class=\"data-p\" data-label=\"M\">13<\/td><td class=\"data-pts\" data-label=\"Pkt\">10<\/td><td class=\"data-w\" data-label=\"Z\">3<\/td><td class=\"data-d\" data-label=\"R\">1<\/td><td class=\"data-l\" data-label=\"P\">9<\/td><td class=\"data-f\" data-label=\"BZ\">41<\/td><td class=\"data-a\" data-label=\"BS\">59<\/td><td class=\"data-gd\" data-label=\"+\/-\">-18<\/td><\/tr><tr class=\"odd sp-row-no-4\"><td class=\"data-rank\" data-label=\"Pozycja\">5<\/td><td class=\"data-name has-logo\" data-label=\"Dru\u017cyna\"><a href=\"https:\/\/lfsportevents.pl\/ligafutsalu2021\/team\/stal-bud-nawojowa\/\"><span class=\"team-logo\"><img width=\"128\" height=\"72\" src=\"https:\/\/lfsportevents.pl\/ligafutsalu2021\/wp-content\/uploads\/2018\/11\/Stal-Bud-128x72.png\" class=\"attachment-sportspress-fit-icon size-sportspress-fit-icon wp-post-image\" alt=\"\" loading=\"lazy\" \/><\/span>Stal-Bud Nawojowa<\/a><\/td><td class=\"data-p\" data-label=\"M\">13<\/td><td class=\"data-pts\" data-label=\"Pkt\">5<\/td><td class=\"data-w\" data-label=\"Z\">1<\/td><td class=\"data-d\" data-label=\"R\">2<\/td><td class=\"data-l\" data-label=\"P\">10<\/td><td class=\"data-f\" data-label=\"BZ\">25<\/td><td class=\"data-a\" data-label=\"BS\">57<\/td><td class=\"data-gd\" data-label=\"+\/-\">-32<\/td><\/tr><\/tbody><\/table><\/div><\/div>\n<\/div><\/div>\n<div>\n<h2><strong>TABELA PO 1 RUNDZIE<\/strong><\/h2>\n<p><img loading=\"lazy\" class=\"alignnone size-full wp-image-22302\" src=\"https:\/\/lfsportevents.pl\/ligafutsalu2021\/wp-content\/uploads\/2021\/12\/Ekstraklasa.png\" alt=\"\" width=\"966\" height=\"647\" srcset=\"https:\/\/lfsportevents.pl\/ligafutsalu2021\/wp-content\/uploads\/2021\/12\/Ekstraklasa.png 966w, https:\/\/lfsportevents.pl\/ligafutsalu2021\/wp-content\/uploads\/2021\/12\/Ekstraklasa-300x201.png 300w, https:\/\/lfsportevents.pl\/ligafutsalu2021\/wp-content\/uploads\/2021\/12\/Ekstraklasa-768x514.png 768w, https:\/\/lfsportevents.pl\/ligafutsalu2021\/wp-content\/uploads\/2021\/12\/Ekstraklasa-128x86.png 128w, https:\/\/lfsportevents.pl\/ligafutsalu2021\/wp-content\/uploads\/2021\/12\/Ekstraklasa-32x21.png 32w, https:\/\/lfsportevents.pl\/ligafutsalu2021\/wp-content\/uploads\/2021\/12\/Ekstraklasa-550x368.png 550w\" sizes=\"(max-width: 966px) 100vw, 966px\" \/><\/p>\n<\/div>\n<div><\/div>\n<div><\/div>\n<p>&nbsp;<\/p>\n","protected":false},"excerpt":{"rendered":"<p>Legenda: M = Mecze Rozegrane Pkt = Punkty Z = Zwyci\u0119stwa R = Remisy P = Pora\u017cki BZ = Bramki zdobyte BS = Bramki stracone +\/- = R\u00f3\u017cnica bramek Miejsca 1-5 (grupa mistrzowska) Miejsca 6-10 (grupa spadkowa) Miejsce 8 (bara\u017c z 3 dru\u017cn\u0105 I Ligi, o pozostanie w Ekstraklasie) Miejsca 9-10 (bezpo\u015bredni spadek do I [&hellip;]<\/p>\n","protected":false},"author":1,"featured_media":0,"parent":8132,"menu_order":0,"comment_status":"closed","ping_status":"closed","template":"","meta":[],"_links":{"self":[{"href":"https:\/\/lfsportevents.pl\/ligafutsalu2021\/wp-json\/wp\/v2\/pages\/8156"}],"collection":[{"href":"https:\/\/lfsportevents.pl\/ligafutsalu2021\/wp-json\/wp\/v2\/pages"}],"about":[{"href":"https:\/\/lfsportevents.pl\/ligafutsalu2021\/wp-json\/wp\/v2\/types\/page"}],"author":[{"embeddable":true,"href":"https:\/\/lfsportevents.pl\/ligafutsalu2021\/wp-json\/wp\/v2\/users\/1"}],"replies":[{"embeddable":true,"href":"https:\/\/lfsportevents.pl\/ligafutsalu2021\/wp-json\/wp\/v2\/comments?post=8156"}],"version-history":[{"count":2,"href":"https:\/\/lfsportevents.pl\/ligafutsalu2021\/wp-json\/wp\/v2\/pages\/8156\/revisions"}],"predecessor-version":[{"id":22303,"href":"https:\/\/lfsportevents.pl\/ligafutsalu2021\/wp-json\/wp\/v2\/pages\/8156\/revisions\/22303"}],"up":[{"embeddable":true,"href":"https:\/\/lfsportevents.pl\/ligafutsalu2021\/wp-json\/wp\/v2\/pages\/8132"}],"wp:attachment":[{"href":"https:\/\/lfsportevents.pl\/ligafutsalu2021\/wp-json\/wp\/v2\/media?parent=8156"}],"curies":[{"name":"wp","href":"https:\/\/api.w.org\/{rel}","templated":true}]}}