{"id":8120,"date":"2017-09-20T09:59:59","date_gmt":"2017-09-20T07:59:59","guid":{"rendered":"https:\/\/lfsportevents.pl\/ligafutsalu2021\/?page_id=8120"},"modified":"2022-02-08T16:32:29","modified_gmt":"2022-02-08T15:32:29","slug":"stat-kolejki","status":"publish","type":"page","link":"https:\/\/lfsportevents.pl\/ligafutsalu2021\/i-liga\/stat-kolejki\/","title":{"rendered":"Stat. kolejki"},"content":{"rendered":"<h1><span style=\"color: #993300;\">I KOLEJKA (20 pa\u017adziernik 2021)<\/span><\/h1>\n<p><strong>Liczba meczy:<\/strong><strong> <span style=\"color: #993300;\">5<\/span><\/strong><br \/>\n<strong>Liczba goli:<\/strong><span style=\"color: #993300;\"><strong> 46<\/strong><\/span><br \/>\n<strong>\u015arednia ilo\u015b\u0107 goli na mecz: <span style=\"color: #993300;\">9,2<\/span><\/strong><br \/>\n<strong>Wygrane:<\/strong><span style=\"color: #993300;\"><strong> 5<\/strong><\/span><br \/>\n<strong>Remisy: <\/strong><span style=\"color: #993300;\"><strong>0<\/strong><\/span><br \/>\n<strong>Walkowery:<\/strong> <span style=\"color: #993300;\"><strong>0<\/strong><\/span><br \/>\n<strong>Najwi\u0119cej goli strzelonych w meczu: <span style=\"color: #993300;\">11<\/span><\/strong><strong><span style=\"color: #993300;\"> goli<\/span> (Greenpowerns &#8211; Novo.s\u0105decka 4:7), (Bastek Garnitury &#8211; Mariposa Med-Spa 7:4), (Baz Pal &#8211; Brotiflex 8:3) <\/strong><br \/>\n<strong>Najwy\u017csza wygrana:<\/strong><strong><span style=\"color: #993300;\"> 8:3<\/span> (Baz Pal &#8211; Brotiflex)<\/strong><br \/>\n<strong>Ilo\u015b\u0107 \u017c\u00f3\u0142tych kartek: <\/strong><span style=\"color: #993300;\"><strong>5<\/strong><\/span><br \/>\n<strong>Ilo\u015b\u0107 czerwonych kartek:<\/strong><span style=\"color: #993300;\"><strong> 0<br \/>\n<\/strong><\/span><\/p>\n<h1><span style=\"color: #993300;\">Ii KOLEJKA (27 pa\u017adziernik 2021)<\/span><\/h1>\n<p><strong>Liczba meczy:<\/strong><strong> <span style=\"color: #993300;\">5<\/span><\/strong><br \/>\n<strong>Liczba goli:<\/strong><span style=\"color: #993300;\"><strong> 50<\/strong><\/span><br \/>\n<strong>\u015arednia ilo\u015b\u0107 goli na mecz: <span style=\"color: #993300;\">10<\/span><\/strong><br \/>\n<strong>Wygrane:<\/strong><span style=\"color: #993300;\"><strong> 5<\/strong><\/span><br \/>\n<strong>Remisy: <\/strong><span style=\"color: #993300;\"><strong>0<\/strong><\/span><br \/>\n<strong>Walkowery:<\/strong> <span style=\"color: #993300;\"><strong>0<\/strong><\/span><br \/>\n<strong>Najwi\u0119cej goli strzelonych w meczu: <span style=\"color: #993300;\">13<\/span><\/strong><strong><span style=\"color: #993300;\"> goli<\/span> (Brotiflex &#8211; Bastek Garnitury 5:8) <\/strong><br \/>\n<strong>Najwy\u017csza wygrana:<\/strong><strong><span style=\"color: #993300;\"> 6:1 <\/span>(Auto Skup Max &#8211; Greenpowerns)<\/strong><br \/>\n<strong>Ilo\u015b\u0107 \u017c\u00f3\u0142tych kartek: <\/strong><span style=\"color: #993300;\"><strong>5<\/strong><\/span><br \/>\n<strong>Ilo\u015b\u0107 czerwonych kartek:<\/strong><span style=\"color: #993300;\"><strong> 0<br \/>\n<\/strong><\/span><\/p>\n<h1><span style=\"color: #993300;\">Iii KOLEJKA (3 listopad 2021)<\/span><\/h1>\n<p><strong>Liczba meczy:<\/strong><strong> <span style=\"color: #993300;\">5<\/span><\/strong><br \/>\n<strong>Liczba goli:<\/strong><span style=\"color: #993300;\"><strong> 41<\/strong><\/span><br \/>\n<strong>\u015arednia ilo\u015b\u0107 goli na mecz: <span style=\"color: #993300;\">8,2<\/span><\/strong><br \/>\n<strong>Wygrane:<\/strong><span style=\"color: #993300;\"><strong> 5<\/strong><\/span><br \/>\n<strong>Remisy: <\/strong><span style=\"color: #993300;\"><strong>0<\/strong><\/span><br \/>\n<strong>Walkowery:<\/strong> <span style=\"color: #993300;\"><strong>0<\/strong><\/span><br \/>\n<strong>Najwi\u0119cej goli strzelonych w meczu: <span style=\"color: #993300;\">10<\/span><\/strong><strong><span style=\"color: #993300;\"> goli<\/span> (Olimp Team &#8211; Brotiflex 7:3) <\/strong><br \/>\n<strong>Najwy\u017csza wygrana:<\/strong><strong><span style=\"color: #993300;\"> 7:2<\/span> (Novo.s\u0105decka &#8211; Auto Skup Max)<\/strong><br \/>\n<strong>Ilo\u015b\u0107 \u017c\u00f3\u0142tych kartek: <\/strong><span style=\"color: #993300;\"><strong>2<\/strong><\/span><br \/>\n<strong>Ilo\u015b\u0107 czerwonych kartek:<\/strong><span style=\"color: #993300;\"><strong> 0<br \/>\n<\/strong><\/span><\/p>\n<h1><span style=\"color: #993300;\">IV KOLEJKA (10 listopad 2021)<\/span><\/h1>\n<p><strong>Liczba meczy:<\/strong><span style=\"color: #993300;\"><strong> 5<\/strong><\/span><br \/>\n<strong>Liczba goli:<\/strong><span style=\"color: #993300;\"><strong> 40<\/strong><\/span><br \/>\n<strong>\u015arednia ilo\u015b\u0107 goli na mecz: <span style=\"color: #993300;\">8,0<\/span><\/strong><br \/>\n<strong>Wygrane:<\/strong><span style=\"color: #993300;\"><strong> 5<\/strong><\/span><br \/>\n<strong>Remisy: <\/strong><span style=\"color: #993300;\"><strong>0<\/strong><\/span><br \/>\n<strong>Walkowery:<\/strong> <span style=\"color: #993300;\"><strong>0<\/strong><\/span><br \/>\n<strong>Najwi\u0119cej goli strzelonych w meczu: <span style=\"color: #993300;\">12<\/span><\/strong><strong><span style=\"color: #993300;\"> goli<\/span> (Bastek Garnitury &#8211; Novo.s\u0105decka 4:8) <\/strong><br \/>\n<strong>Najwy\u017csza wygrana:<\/strong><strong><span style=\"color: #993300;\"> 4:8<\/span> (Bastek Garnitury &#8211; Novo.s\u0105decka), <span style=\"color: #993300;\">6:2<\/span> (Olimp Team &#8211; Greenpowerns)<\/strong><br \/>\n<strong>Ilo\u015b\u0107 \u017c\u00f3\u0142tych kartek: <\/strong><span style=\"color: #993300;\"><strong>3<\/strong><\/span><br \/>\n<strong>Ilo\u015b\u0107 czerwonych kartek:<\/strong><span style=\"color: #993300;\"><strong> 0<\/strong><\/span><\/p>\n<h1><span style=\"color: #993300;\">V KOLEJKA (17 listopad 2021)<\/span><\/h1>\n<p><strong>Liczba meczy:<\/strong><span style=\"color: #993300;\"><strong> 5<\/strong><\/span><br \/>\n<strong>Liczba goli: <span style=\"color: #993300;\">39<\/span><\/strong><br \/>\n<strong>\u015arednia ilo\u015b\u0107 goli na mecz: <span style=\"color: #993300;\">7,8<\/span><\/strong><br \/>\n<strong>Wygrane:<\/strong><span style=\"color: #993300;\"><strong> 5<\/strong><\/span><br \/>\n<strong>Remisy: <\/strong><span style=\"color: #993300;\"><strong>0<\/strong><\/span><br \/>\n<strong>Walkowery:<\/strong> <span style=\"color: #993300;\"><strong>0<\/strong><\/span><br \/>\n<strong>Najwi\u0119cej goli strzelonych w meczu: <span style=\"color: #993300;\">10<\/span><\/strong><strong><span style=\"color: #993300;\"> goli<\/span> (Mariposa Med-Spa &#8211; Baz Pal 1:9) <\/strong><br \/>\n<strong>Najwy\u017csza wygrana:<\/strong><strong><span style=\"color: #993300;\"> 1:9<\/span> (Mariposa Med-Spa &#8211; Baz Pal)<\/strong><br \/>\n<strong>Ilo\u015b\u0107 \u017c\u00f3\u0142tych kartek: <\/strong><span style=\"color: #993300;\"><strong>7<\/strong><\/span><br \/>\n<strong>Ilo\u015b\u0107 czerwonych kartek:<\/strong><span style=\"color: #993300;\"><strong> 1<\/strong><\/span><\/p>\n<h1><span style=\"color: #993300;\">Vi KOLEJKA (24 listopad 2021)<\/span><\/h1>\n<p><strong>Liczba meczy:<\/strong><span style=\"color: #993300;\"><strong> 5<\/strong><\/span><br \/>\n<strong>Liczba goli: <span style=\"color: #993300;\">31<\/span><\/strong><br \/>\n<strong>\u015arednia ilo\u015b\u0107 goli na mecz: <span style=\"color: #993300;\">6,2<\/span><\/strong><br \/>\n<strong>Wygrane:<\/strong><span style=\"color: #993300;\"><strong> 4<\/strong><\/span><br \/>\n<strong>Remisy: <\/strong><span style=\"color: #993300;\"><strong>1<\/strong><\/span><br \/>\n<strong>Walkowery:<\/strong> <span style=\"color: #993300;\"><strong>0<\/strong><\/span><br \/>\n<strong>Najwi\u0119cej goli strzelonych w meczu: <span style=\"color: #993300;\">8<\/span><\/strong><strong><span style=\"color: #993300;\"> gol<\/span>i (Brotiflex &#8211; Mariposa Med-Spa 3:5) <\/strong><br \/>\n<strong>Najwy\u017csza wygrana:<\/strong><strong><span style=\"color: #993300;\"> 1:6<\/span> (Novo.s\u0105decka &#8211; Baz Pal)<\/strong><br \/>\n<strong>Ilo\u015b\u0107 \u017c\u00f3\u0142tych kartek: <\/strong><span style=\"color: #993300;\"><strong>5<\/strong><\/span><br \/>\n<strong>Ilo\u015b\u0107 czerwonych kartek:<\/strong><span style=\"color: #993300;\"><strong> 0<\/strong><\/span><\/p>\n<h1><span style=\"color: #993300;\">Vii KOLEJKA (1 grudzie\u0144 2021)<\/span><\/h1>\n<p><strong>Liczba meczy:<\/strong><span style=\"color: #993300;\"><strong> 5<\/strong><\/span><br \/>\n<strong>Liczba goli: <span style=\"color: #993300;\">44<\/span><\/strong><br \/>\n<strong>\u015arednia ilo\u015b\u0107 goli na mecz: <span style=\"color: #993300;\">8,8<\/span><\/strong><br \/>\n<strong>Wygrane:<\/strong><span style=\"color: #993300;\"><strong> 4<\/strong><\/span><br \/>\n<strong>Remisy: <\/strong><span style=\"color: #993300;\"><strong>1<\/strong><\/span><br \/>\n<strong>Walkowery:<\/strong> <span style=\"color: #993300;\"><strong>0<\/strong><\/span><br \/>\n<strong>Najwi\u0119cej goli strzelonych w meczu: <span style=\"color: #993300;\">11<\/span><\/strong><strong><span style=\"color: #993300;\"> goli<\/span> (Novo.s\u0105decka &#8211; Brotiflex 7:4) <\/strong><br \/>\n<strong>Najwy\u017csza wygrana:<\/strong><strong><span style=\"color: #993300;\"> 7:2<\/span> (Auto Skup Max &#8211; Mariposa Med-Spa)<\/strong><br \/>\n<strong>Ilo\u015b\u0107 \u017c\u00f3\u0142tych kartek: <\/strong><span style=\"color: #993300;\"><strong>6<\/strong><\/span><br \/>\n<strong>Ilo\u015b\u0107 czerwonych kartek:<\/strong><span style=\"color: #993300;\"><strong> 1<\/strong><\/span><\/p>\n<h1><span style=\"color: #993300;\">Viii KOLEJKA (8 grudzie\u0144 2021)<\/span><\/h1>\n<p><strong>Liczba meczy:<\/strong><span style=\"color: #993300;\"><strong> 5<\/strong><\/span><br \/>\n<strong>Liczba goli: <span style=\"color: #993300;\">49<\/span><\/strong><br \/>\n<strong>\u015arednia ilo\u015b\u0107 goli na mecz: <span style=\"color: #993300;\">9,8<\/span><\/strong><br \/>\n<strong>Wygrane:<\/strong><span style=\"color: #993300;\"><strong> 5<\/strong><\/span><br \/>\n<strong>Remisy: <\/strong><span style=\"color: #993300;\"><strong>0<\/strong><\/span><br \/>\n<strong>Walkowery:<\/strong> <span style=\"color: #993300;\"><strong>0<\/strong><\/span><br \/>\n<strong>Najwi\u0119cej goli strzelonych w meczu: <span style=\"color: #993300;\">13<\/span><\/strong><strong><span style=\"color: #993300;\"> goli<\/span> (Batimowcy &#8211; Auto Skup Max 5:8) <\/strong><br \/>\n<strong>Najwy\u017csza wygrana:<\/strong><strong><span style=\"color: #993300;\"> 6:2<\/span> (Baz Pal\u00a0 Bastek Garnitury),<span style=\"color: #993300;\"> 6:2<\/span> (Ibis Styles N.S. &#8211; Olimp Team)<\/strong><br \/>\n<strong>Ilo\u015b\u0107 \u017c\u00f3\u0142tych kartek: <\/strong><span style=\"color: #993300;\"><strong>3<\/strong><\/span><br \/>\n<strong>Ilo\u015b\u0107 czerwonych kartek:<\/strong><span style=\"color: #993300;\"><strong> 0<\/strong><\/span><\/p>\n<h1><span style=\"color: #993300;\">iX KOLEJKA (15 grudzie\u0144 2021)<\/span><\/h1>\n<p><strong>Liczba meczy:<\/strong><span style=\"color: #993300;\"><strong> 5<\/strong><\/span><br \/>\n<strong>Liczba goli: <span style=\"color: #993300;\">49<\/span><\/strong><br \/>\n<strong>\u015arednia ilo\u015b\u0107 goli na mecz: <span style=\"color: #993300;\">9,8<\/span><\/strong><br \/>\n<strong>Wygrane:<\/strong><span style=\"color: #993300;\"><strong> 5<\/strong><\/span><br \/>\n<strong>Remisy: <\/strong><span style=\"color: #993300;\"><strong>0<\/strong><\/span><br \/>\n<strong>Walkowery:<\/strong> <span style=\"color: #993300;\"><strong>0<\/strong><\/span><br \/>\n<strong>Najwi\u0119cej goli strzelonych w meczu: <span style=\"color: #993300;\">12<\/span><\/strong><strong><span style=\"color: #993300;\"> goli<\/span> (Bastek Garnitury &#8211; Olimp Team 8:4) <\/strong><br \/>\n<strong>Najwy\u017csza wygrana:<\/strong><strong><span style=\"color: #993300;\"> 8:2<\/span> (Auto Skup Max &#8211; Brotiflex), (Batimowcy &#8211; Mariposa Med-Spa)<\/strong><br \/>\n<strong>Ilo\u015b\u0107 \u017c\u00f3\u0142tych kartek: <span style=\"color: #993300;\">8<\/span><\/strong><br \/>\n<strong>Ilo\u015b\u0107 czerwonych kartek:<\/strong><span style=\"color: #993300;\"><strong> 1<\/strong><\/span><\/p>\n<h1><span style=\"color: #993300;\">X KOLEJKA (29 grudzie\u0144 2021)<\/span><\/h1>\n<p><strong>Liczba meczy:<\/strong><span style=\"color: #993300;\"><strong> 4<\/strong><\/span><br \/>\n<strong>Liczba goli: <span style=\"color: #993300;\">26<\/span><\/strong><br \/>\n<strong>\u015arednia ilo\u015b\u0107 goli na mecz: <span style=\"color: #993300;\">6,5<\/span><\/strong><br \/>\n<strong>Wygrane:<\/strong><span style=\"color: #993300;\"><strong> 3<\/strong><\/span><br \/>\n<strong>Remisy: <\/strong><span style=\"color: #993300;\"><strong>1<\/strong><\/span><br \/>\n<strong>Walkowery:<\/strong> <span style=\"color: #993300;\"><strong>0<\/strong><\/span><br \/>\n<strong>Najwi\u0119cej goli strzelonych w meczu: <span style=\"color: #993300;\">10<\/span><\/strong><strong><span style=\"color: #993300;\"> goli<\/span> (Auto Skup Max &#8211; Novo.s\u0105dcka 1:9) <\/strong><br \/>\n<strong>Najwy\u017csza wygrana:<\/strong><strong><span style=\"color: #993300;\"> 1:9<\/span> (Auto Skup Max &#8211; Novo.s\u0105dcka)<\/strong><br \/>\n<strong>Ilo\u015b\u0107 \u017c\u00f3\u0142tych kartek: <span style=\"color: #993300;\">1<\/span><\/strong><br \/>\n<strong>Ilo\u015b\u0107 czerwonych kartek:<\/strong><span style=\"color: #993300;\"><strong> 1<\/strong><\/span><\/p>\n<h1><span style=\"color: #993300;\">Xi KOLEJKA (12 stycze\u0144 2022)<\/span><\/h1>\n<p><strong>Liczba meczy:<\/strong><span style=\"color: #993300;\"><strong> 4<\/strong><\/span><br \/>\n<strong>Liczba goli: <span style=\"color: #993300;\">27<\/span><\/strong><br \/>\n<strong>\u015arednia ilo\u015b\u0107 goli na mecz: <span style=\"color: #993300;\">6,75<\/span><\/strong><br \/>\n<strong>Wygrane:<\/strong><span style=\"color: #993300;\"><strong> 2<\/strong><\/span><br \/>\n<strong>Remisy: <\/strong><span style=\"color: #993300;\"><strong>2<\/strong><\/span><br \/>\n<strong>Walkowery:<\/strong> <span style=\"color: #993300;\"><strong>0<\/strong><\/span><br \/>\n<strong>Najwi\u0119cej goli strzelonych w meczu: <span style=\"color: #993300;\">12<\/span><\/strong><strong><span style=\"color: #993300;\"> goli<\/span> (Brotiflex \u2013 Batimowcy 7:5) <\/strong><br \/>\n<strong>Najwy\u017csza wygrana:<\/strong><strong><span style=\"color: #993300;\"> 7:5<\/span> (Brotiflex \u2013 Batimowcy)<\/strong><br \/>\n<strong>Ilo\u015b\u0107 \u017c\u00f3\u0142tych kartek: <span style=\"color: #993300;\">3<\/span><\/strong><br \/>\n<strong>Ilo\u015b\u0107 czerwonych kartek:<\/strong><strong> <span style=\"color: #993300;\">0<\/span><\/strong><\/p>\n<h1><span style=\"color: #993300;\">Xii KOLEJKA (19 stycze\u0144 2022)<\/span><\/h1>\n<p><strong>Liczba meczy:<\/strong><span style=\"color: #993300;\"><strong> 4<\/strong><\/span><br \/>\n<strong>Liczba goli:<span style=\"color: #993300;\"> 41<\/span><\/strong><br \/>\n<strong>\u015arednia ilo\u015b\u0107 goli na mecz: <span style=\"color: #993300;\">10,25<\/span><\/strong><br \/>\n<strong>Wygrane:<\/strong><span style=\"color: #993300;\"><strong> 4<\/strong><\/span><br \/>\n<strong>Remisy: <\/strong><span style=\"color: #993300;\"><strong>0<\/strong><\/span><br \/>\n<strong>Walkowery:<\/strong><span style=\"color: #993300;\"> <strong>0<\/strong><\/span><br \/>\n<strong>Najwi\u0119cej goli strzelonych w meczu: <span style=\"color: #993300;\">13<\/span><\/strong><strong><span style=\"color: #993300;\"> goli<\/span> (Greenpowerns \u2013 Mariposa Med\u2013Spa)<\/strong><br \/>\n<strong>Najwy\u017csza wygrana:<\/strong><strong><span style=\"color: #993300;\"> 10:1<\/span> (Batimowcy \u2013 Ibis Styles N.S.)<\/strong><br \/>\n<strong>Ilo\u015b\u0107 \u017c\u00f3\u0142tych kartek: <span style=\"color: #993300;\">0<\/span><\/strong><br \/>\n<strong>Ilo\u015b\u0107 czerwonych kartek:<\/strong><span style=\"color: #993300;\"><strong> 0<\/strong><\/span><\/p>\n<h1><span style=\"color: #993300;\">Xiii KOLEJKA (26 stycze\u0144 2022)<\/span><\/h1>\n<p><strong>Liczba meczy:<\/strong><span style=\"color: #993300;\"><strong> 4<\/strong><\/span><br \/>\n<strong>Liczba goli: <span style=\"color: #993300;\">23<\/span><\/strong><br \/>\n<strong>\u015arednia ilo\u015b\u0107 goli na mecz: <span style=\"color: #993300;\">5,75<\/span><\/strong><br \/>\n<strong>Wygrane:<\/strong><span style=\"color: #993300;\"><strong> 4<\/strong><\/span><br \/>\n<strong>Remisy: <\/strong><span style=\"color: #993300;\"><strong>0<\/strong><\/span><br \/>\n<strong>Walkowery:<\/strong> <span style=\"color: #993300;\"><strong>0<\/strong><\/span><br \/>\n<strong>Najwi\u0119cej goli strzelonych w meczu: <span style=\"color: #993300;\">9<\/span><\/strong><strong><span style=\"color: #993300;\"> goli<\/span> (Novo.s\u0105decka \u2013 Olimp Team 4:5)<\/strong><br \/>\n<strong>Najwy\u017csza wygrana:<\/strong><strong><span style=\"color: #993300;\"> 0:6<\/span> (Bastek Garnitury \u2013 Baz Pal)<\/strong><br \/>\n<strong>Ilo\u015b\u0107 \u017c\u00f3\u0142tych kartek: <span style=\"color: #993300;\">3<\/span><\/strong><br \/>\n<strong>Ilo\u015b\u0107 czerwonych kartek:<\/strong><span style=\"color: #993300;\"><strong> 2<\/strong><\/span><\/p>\n<h1><span style=\"color: #993300;\">Xiv KOLEJKA (2 luty 2022)<\/span><\/h1>\n<p><strong>Liczba meczy:<\/strong><span style=\"color: #993300;\"><strong> 4<\/strong><\/span><br \/>\n<strong>Liczba goli: <span style=\"color: #993300;\">28<\/span><\/strong><br \/>\n<strong>\u015arednia ilo\u015b\u0107 goli na mecz: <span style=\"color: #993300;\">7<\/span><\/strong><br \/>\n<strong>Wygrane:<\/strong><span style=\"color: #993300;\"><strong> 4<\/strong><\/span><br \/>\n<strong>Remisy: <\/strong><span style=\"color: #993300;\"><strong>0<\/strong><\/span><br \/>\n<strong>Walkowery:<\/strong> <span style=\"color: #993300;\"><strong>0<\/strong><\/span><br \/>\n<strong>Najwi\u0119cej goli strzelonych w meczu: <span style=\"color: #993300;\">9<\/span><\/strong><strong><span style=\"color: #993300;\"> goli<\/span> (Ibis Styles N.S. \u2013 Brotiflex 6:3)<\/strong><br \/>\n<strong>Najwy\u017csza wygrana:<\/strong><strong><span style=\"color: #993300;\"> 6:3<\/span> (Ibis Styles N.S. \u2013 Brotiflex)<\/strong><br \/>\n<strong>Ilo\u015b\u0107 \u017c\u00f3\u0142tych kartek: <span style=\"color: #993300;\">2<\/span><\/strong><br \/>\n<strong>Ilo\u015b\u0107 czerwonych kartek:<\/strong><span style=\"color: #993300;\"><strong> 1<\/strong><\/span><\/p>\n","protected":false},"excerpt":{"rendered":"<p>I KOLEJKA (20 pa\u017adziernik 2021) Liczba meczy: 5 Liczba goli: 46 \u015arednia ilo\u015b\u0107 goli na mecz: 9,2 Wygrane: 5 Remisy: 0 Walkowery: 0 Najwi\u0119cej goli strzelonych w meczu: 11 goli (Greenpowerns &#8211; Novo.s\u0105decka 4:7), (Bastek Garnitury &#8211; Mariposa Med-Spa 7:4), (Baz Pal &#8211; Brotiflex 8:3) Najwy\u017csza wygrana: 8:3 (Baz Pal &#8211; Brotiflex) Ilo\u015b\u0107 \u017c\u00f3\u0142tych kartek: [&hellip;]<\/p>\n","protected":false},"author":1,"featured_media":0,"parent":8100,"menu_order":0,"comment_status":"closed","ping_status":"closed","template":"","meta":[],"_links":{"self":[{"href":"https:\/\/lfsportevents.pl\/ligafutsalu2021\/wp-json\/wp\/v2\/pages\/8120"}],"collection":[{"href":"https:\/\/lfsportevents.pl\/ligafutsalu2021\/wp-json\/wp\/v2\/pages"}],"about":[{"href":"https:\/\/lfsportevents.pl\/ligafutsalu2021\/wp-json\/wp\/v2\/types\/page"}],"author":[{"embeddable":true,"href":"https:\/\/lfsportevents.pl\/ligafutsalu2021\/wp-json\/wp\/v2\/users\/1"}],"replies":[{"embeddable":true,"href":"https:\/\/lfsportevents.pl\/ligafutsalu2021\/wp-json\/wp\/v2\/comments?post=8120"}],"version-history":[{"count":2,"href":"https:\/\/lfsportevents.pl\/ligafutsalu2021\/wp-json\/wp\/v2\/pages\/8120\/revisions"}],"predecessor-version":[{"id":22649,"href":"https:\/\/lfsportevents.pl\/ligafutsalu2021\/wp-json\/wp\/v2\/pages\/8120\/revisions\/22649"}],"up":[{"embeddable":true,"href":"https:\/\/lfsportevents.pl\/ligafutsalu2021\/wp-json\/wp\/v2\/pages\/8100"}],"wp:attachment":[{"href":"https:\/\/lfsportevents.pl\/ligafutsalu2021\/wp-json\/wp\/v2\/media?parent=8120"}],"curies":[{"name":"wp","href":"https:\/\/api.w.org\/{rel}","templated":true}]}}