{"id":4887,"date":"2017-02-01T15:38:40","date_gmt":"2017-02-01T14:38:40","guid":{"rendered":"https:\/\/lfsportevents.pl\/ligafutsalu2021\/?page_id=4887"},"modified":"2022-10-05T23:39:33","modified_gmt":"2022-10-05T21:39:33","slug":"https-www-facebook-com-pg-lfsportevents-photos-tabalbumalbum-id2333332763385688","status":"publish","type":"page","link":"https:\/\/lfsportevents.pl\/ligafutsalu2021\/https-www-facebook-com-pg-lfsportevents-photos-tabalbumalbum-id2333332763385688\/","title":{"rendered":"GALA"},"content":{"rendered":"<h1 style=\"text-align: center;\">gALA ZAKO\u0143CZENIA EL-KAG LIGI FUTSALU<\/h1>\n<h2><a href=\"https:\/\/www.facebook.com\/media\/set\/?set=a.5119681841417419&amp;type=3\" target=\"_blank\" rel=\"noopener\"><span style=\"color: #993300;\">GALERIA &#8211; CZ.1. &#8211; WR\u0118CZENIA NAGR\u00d3D<\/span><\/a><\/h2>\n<h2><a href=\"https:\/\/www.facebook.com\/media\/set\/?set=a.5120350831350520&amp;type=3\" target=\"_blank\" rel=\"noopener\"><span style=\"color: #993300;\">GALERIA &#8211; CZ.2. &#8211; ZABAWA<\/span><\/a><\/h2>\n<h2><a href=\"https:\/\/www.youtube.com\/watch?v=lDwAOHPiFjc\" target=\"_blank\" rel=\"noopener\"><span style=\"color: #993300;\">FILM Z GALI ZAKO\u0143CZENIA<\/span><\/a><\/h2>\n<h2 style=\"text-align: center;\"><\/h2>\n<p>&nbsp;<\/p>\n<p>&nbsp;<\/p>\n<p>&nbsp;<\/p>\n","protected":false},"excerpt":{"rendered":"<p>gALA ZAKO\u0143CZENIA EL-KAG LIGI FUTSALU GALERIA &#8211; CZ.1. &#8211; WR\u0118CZENIA NAGR\u00d3D GALERIA &#8211; CZ.2. &#8211; ZABAWA FILM Z GALI ZAKO\u0143CZENIA &nbsp; &nbsp; &nbsp;<\/p>\n","protected":false},"author":1,"featured_media":0,"parent":0,"menu_order":0,"comment_status":"closed","ping_status":"closed","template":"","meta":[],"_links":{"self":[{"href":"https:\/\/lfsportevents.pl\/ligafutsalu2021\/wp-json\/wp\/v2\/pages\/4887"}],"collection":[{"href":"https:\/\/lfsportevents.pl\/ligafutsalu2021\/wp-json\/wp\/v2\/pages"}],"about":[{"href":"https:\/\/lfsportevents.pl\/ligafutsalu2021\/wp-json\/wp\/v2\/types\/page"}],"author":[{"embeddable":true,"href":"https:\/\/lfsportevents.pl\/ligafutsalu2021\/wp-json\/wp\/v2\/users\/1"}],"replies":[{"embeddable":true,"href":"https:\/\/lfsportevents.pl\/ligafutsalu2021\/wp-json\/wp\/v2\/comments?post=4887"}],"version-history":[{"count":3,"href":"https:\/\/lfsportevents.pl\/ligafutsalu2021\/wp-json\/wp\/v2\/pages\/4887\/revisions"}],"predecessor-version":[{"id":22773,"href":"https:\/\/lfsportevents.pl\/ligafutsalu2021\/wp-json\/wp\/v2\/pages\/4887\/revisions\/22773"}],"wp:attachment":[{"href":"https:\/\/lfsportevents.pl\/ligafutsalu2021\/wp-json\/wp\/v2\/media?parent=4887"}],"curies":[{"name":"wp","href":"https:\/\/api.w.org\/{rel}","templated":true}]}}