{"id":20703,"date":"2021-09-29T11:43:49","date_gmt":"2021-09-29T09:43:49","guid":{"rendered":"https:\/\/lfsportevents.pl\/ligafutsalu2021\/?page_id=20703"},"modified":"2022-02-21T21:44:36","modified_gmt":"2022-02-21T20:44:36","slug":"wyroznieni-zawodnicy-4","status":"publish","type":"page","link":"https:\/\/lfsportevents.pl\/ligafutsalu2021\/wyroznieni-zawodnicy-4\/","title":{"rendered":"Wyr\u00f3\u017cnieni zawodnicy"},"content":{"rendered":"<h4 class=\"sp-table-caption\">NAJLEPSI STRZELCY &#8211; iI LIGA<\/h4>\n<table width=\"522\">\n<tbody>\n<tr>\n<td width=\"59\"><span style=\"color: #333333;\"><strong>Sezon<\/strong><\/span><\/td>\n<td width=\"170\"><span style=\"color: #333333;\"><b>Imi\u0119 i Nazwisko<\/b><\/span><\/td>\n<td width=\"209\"><span style=\"color: #333333;\"><strong>Klub<\/strong><\/span><\/td>\n<td width=\"84\"><span style=\"color: #333333;\"><strong>Ilo\u015b\u0107 Goli<\/strong><\/span><\/td>\n<\/tr>\n<tr>\n<td width=\"59\"><span style=\"color: #333333;\"><strong>2021\/22<\/strong><\/span><\/td>\n<td style=\"text-align: left;\" width=\"170\"><span style=\"color: #993300;\"><img loading=\"lazy\" class=\"alignleft\" src=\"https:\/\/lfsportevents.pl\/ligafutsalu2021\/wp-content\/uploads\/1993\/06\/334Szymon-Pogwizd-.jpg\" width=\"25\" height=\"33\" \/>Szymon Pogwizd<\/span><\/td>\n<td style=\"text-align: center;\" width=\"209\">Your House<\/td>\n<td style=\"text-align: center;\" width=\"84\">49<\/td>\n<\/tr>\n<tr>\n<td width=\"59\"><span style=\"color: #333333;\"><strong>2020\/21<\/strong><\/span><\/td>\n<td style=\"text-align: left;\" width=\"170\"><a href=\"https:\/\/lfsportevents.pl\/ligafutsalu2021\/player\/kamil-kuziel\/\"><span class=\"player-photo\"><img loading=\"lazy\" class=\"attachment-sportspress-fit-icon wp-post-image alignleft\" src=\"https:\/\/lfsportevents.pl\/ligafutsalu2021\/wp-content\/uploads\/1994\/06\/Kamil-Kuziel-96x128.jpg\" sizes=\"(max-width: 96px) 100vw, 96px\" srcset=\"https:\/\/lfsportevents.pl\/ligafutsalu2021\/wp-content\/uploads\/1994\/06\/Kamil-Kuziel-96x128.jpg 96w, https:\/\/lfsportevents.pl\/ligafutsalu2021\/wp-content\/uploads\/1994\/06\/Kamil-Kuziel.jpg 225w, https:\/\/lfsportevents.pl\/ligafutsalu2021\/wp-content\/uploads\/1994\/06\/Kamil-Kuziel-24x32.jpg 24w\" alt=\"\" width=\"25\" height=\"33\" \/><\/span><\/a><span style=\"color: #993300;\">Kamil Kuziel<\/span><\/td>\n<td style=\"text-align: center;\" width=\"209\">Olimp Team<\/td>\n<td style=\"text-align: center;\" width=\"84\">38<\/td>\n<\/tr>\n<tr>\n<td width=\"59\"><span style=\"color: #333333;\"><strong>2019\/20<\/strong><\/span><\/td>\n<td style=\"text-align: left;\" width=\"170\"><a href=\"https:\/\/lfsportevents.pl\/ligafutsalu2021\/player\/dariusz-bodziony\/\"><span class=\"player-photo\"><img loading=\"lazy\" class=\"attachment-sportspress-fit-icon wp-post-image alignleft\" src=\"https:\/\/lfsportevents.pl\/ligafutsalu2021\/wp-content\/uploads\/2018\/11\/Dariusz-Bodziony-96x128.jpg\" sizes=\"(max-width: 96px) 100vw, 96px\" srcset=\"https:\/\/lfsportevents.pl\/ligafutsalu2021\/wp-content\/uploads\/2018\/11\/Dariusz-Bodziony-96x128.jpg 96w, https:\/\/lfsportevents.pl\/ligafutsalu2021\/wp-content\/uploads\/2018\/11\/Dariusz-Bodziony.jpg 225w, https:\/\/lfsportevents.pl\/ligafutsalu2021\/wp-content\/uploads\/2018\/11\/Dariusz-Bodziony-24x32.jpg 24w\" alt=\"\" width=\"25\" height=\"33\" \/><\/span><\/a><span style=\"color: #993300;\">Dariusz Bodziony<\/span><\/td>\n<td style=\"text-align: center;\" width=\"209\">ZBD<\/td>\n<td style=\"text-align: center;\" width=\"84\">22<\/td>\n<\/tr>\n<tr>\n<td style=\"text-align: center;\" width=\"59\"><span style=\"color: #333333;\"><strong>2018\/19<\/strong><\/span><\/td>\n<td style=\"text-align: left;\" width=\"170\"><span style=\"color: #993300;\"><a style=\"color: #993300;\" href=\"https:\/\/lfsportevents.pl\/ligafutsalu20212018\/player\/michal-zawislan\/\"><span class=\"player-photo\"><img loading=\"lazy\" class=\"attachment-sportspress-fit-icon wp-post-image alignleft\" src=\"https:\/\/lfsportevents.pl\/ligafutsalu20212018\/wp-content\/uploads\/1997\/04\/Micha\u0142-Zawi\u015blan-96x128.jpg\" sizes=\"(max-width: 96px) 100vw, 96px\" srcset=\"https:\/\/lfsportevents.pl\/ligafutsalu20212018\/wp-content\/uploads\/1997\/04\/Micha\u0142-Zawi\u015blan-96x128.jpg 96w, https:\/\/lfsportevents.pl\/ligafutsalu20212018\/wp-content\/uploads\/1997\/04\/Micha\u0142-Zawi\u015blan.jpg 225w, https:\/\/lfsportevents.pl\/ligafutsalu20212018\/wp-content\/uploads\/1997\/04\/Micha\u0142-Zawi\u015blan-24x32.jpg 24w\" alt=\"\" width=\"25\" height=\"33\" \/><\/span><\/a>Micha\u0142 Zawi\u015blan<\/span><\/td>\n<td style=\"text-align: center;\" width=\"209\">Baz Pal II<\/td>\n<td>35<\/td>\n<\/tr>\n<\/tbody>\n<\/table>\n<h4 class=\"sp-table-caption\" style=\"text-align: left;\">NAJLEPSI ASYSTENCI &#8211; Ii LIGA<\/h4>\n<table width=\"522\">\n<tbody>\n<tr>\n<td width=\"59\"><strong>Sezon<\/strong><\/td>\n<td width=\"170\"><strong>Imi\u0119 i Nazwisko<\/strong><\/td>\n<td width=\"209\"><strong>Klub<\/strong><\/td>\n<td width=\"84\"><strong>Ilo\u015b\u0107 Asyst<\/strong><\/td>\n<\/tr>\n<tr>\n<td width=\"59\"><strong>2021\/22<\/strong><\/td>\n<td style=\"text-align: left;\" width=\"170\"><span style=\"color: #993300;\"><img loading=\"lazy\" class=\"alignleft\" src=\"https:\/\/lfsportevents.pl\/ligafutsalu2021\/wp-content\/uploads\/1997\/05\/334Jakub-Cempa.jpg\" width=\"25\" height=\"33\" \/>Jakub Cempa<\/span><\/td>\n<td width=\"209\">G\u0142odzik i Smajdor Team<\/td>\n<td width=\"84\">19<\/td>\n<\/tr>\n<tr>\n<td width=\"59\"><strong>2020\/21<\/strong><\/td>\n<td style=\"text-align: left;\" width=\"170\"><span style=\"color: #993300;\"><a style=\"color: #993300;\" href=\"https:\/\/lfsportevents.pl\/ligafutsalu2021\/player\/wiktor-weber\/\"><span class=\"player-photo\"><img loading=\"lazy\" class=\"attachment-sportspress-fit-icon wp-post-image alignleft\" src=\"https:\/\/lfsportevents.pl\/ligafutsalu2021\/wp-content\/uploads\/1994\/06\/Wiktor-Weber-96x128.jpg\" sizes=\"(max-width: 96px) 100vw, 96px\" srcset=\"https:\/\/lfsportevents.pl\/ligafutsalu2021\/wp-content\/uploads\/1994\/06\/Wiktor-Weber-96x128.jpg 96w, https:\/\/lfsportevents.pl\/ligafutsalu2021\/wp-content\/uploads\/1994\/06\/Wiktor-Weber.jpg 225w, https:\/\/lfsportevents.pl\/ligafutsalu2021\/wp-content\/uploads\/1994\/06\/Wiktor-Weber-24x32.jpg 24w\" alt=\"\" width=\"25\" height=\"33\" \/><\/span><\/a>Wiktor Weber<\/span><\/td>\n<td width=\"209\">Olimp Team<\/td>\n<td width=\"84\">23<\/td>\n<\/tr>\n<tr>\n<td width=\"59\"><strong>2019\/20<\/strong><\/td>\n<td style=\"text-align: left;\" width=\"170\"><a href=\"https:\/\/lfsportevents.pl\/ligafutsalu2021\/player\/dariusz-bodziony\/\"><span class=\"player-photo\"><img loading=\"lazy\" class=\"attachment-sportspress-fit-icon wp-post-image alignleft\" src=\"https:\/\/lfsportevents.pl\/ligafutsalu2021\/wp-content\/uploads\/2018\/11\/Dariusz-Bodziony-96x128.jpg\" sizes=\"(max-width: 96px) 100vw, 96px\" srcset=\"https:\/\/lfsportevents.pl\/ligafutsalu2021\/wp-content\/uploads\/2018\/11\/Dariusz-Bodziony-96x128.jpg 96w, https:\/\/lfsportevents.pl\/ligafutsalu2021\/wp-content\/uploads\/2018\/11\/Dariusz-Bodziony.jpg 225w, https:\/\/lfsportevents.pl\/ligafutsalu2021\/wp-content\/uploads\/2018\/11\/Dariusz-Bodziony-24x32.jpg 24w\" alt=\"\" width=\"25\" height=\"33\" \/><\/span><\/a><span style=\"color: #993300;\">Dariusz Bodziony<\/span><\/td>\n<td width=\"209\">ZBD<\/td>\n<td width=\"84\">18<\/td>\n<\/tr>\n<tr>\n<td width=\"59\"><strong>2018\/19<\/strong><\/td>\n<td style=\"text-align: left;\" width=\"170\"><span style=\"color: #993300;\"><a style=\"color: #993300;\" href=\"https:\/\/lfsportevents.pl\/ligafutsalu2021\/player\/bartlomiej-gryzlo\/\"><span class=\"player-photo\"><img loading=\"lazy\" class=\"attachment-sportspress-fit-icon wp-post-image alignleft\" src=\"https:\/\/lfsportevents.pl\/ligafutsalu2021\/wp-content\/uploads\/2018\/11\/Bart\u0142omiej-Gryz\u0142o-96x128.jpg\" sizes=\"(max-width: 96px) 100vw, 96px\" srcset=\"https:\/\/lfsportevents.pl\/ligafutsalu2021\/wp-content\/uploads\/2018\/11\/Bart\u0142omiej-Gryz\u0142o-96x128.jpg 96w, https:\/\/lfsportevents.pl\/ligafutsalu2021\/wp-content\/uploads\/2018\/11\/Bart\u0142omiej-Gryz\u0142o.jpg 225w, https:\/\/lfsportevents.pl\/ligafutsalu2021\/wp-content\/uploads\/2018\/11\/Bart\u0142omiej-Gryz\u0142o-24x32.jpg 24w\" alt=\"\" width=\"25\" height=\"33\" \/><\/span><\/a>Bart\u0142omiej Gryz\u0142o<\/span><\/td>\n<td width=\"209\">ZBD<\/td>\n<td>24<\/td>\n<\/tr>\n<\/tbody>\n<\/table>\n<h4 class=\"sp-table-caption\">NAJLEPSI W KL. KANADYJSKIEJ &#8211; ii LIGA<\/h4>\n<table width=\"522\">\n<tbody>\n<tr>\n<td width=\"59\"><strong>Sezon<\/strong><\/td>\n<td width=\"170\"><strong>Imi\u0119 i Nazwisko<\/strong><\/td>\n<td width=\"209\"><strong>Klub<\/strong><\/td>\n<td width=\"84\"><strong>Ilo\u015b\u0107 Punkt\u00f3w<\/strong><\/td>\n<\/tr>\n<tr>\n<td width=\"59\"><strong>2021\/22<\/strong><\/td>\n<td style=\"text-align: left;\" width=\"170\"><span style=\"color: #993300;\"><img loading=\"lazy\" class=\"alignleft\" src=\"https:\/\/lfsportevents.pl\/ligafutsalu2021\/wp-content\/uploads\/1997\/05\/334Jakub-Cempa.jpg\" width=\"25\" height=\"33\" \/>Jakub Cempa<\/span><\/td>\n<td width=\"209\">G\u0142odzik i Smajdor Team<\/td>\n<td width=\"84\">57<\/td>\n<\/tr>\n<tr>\n<td width=\"59\"><strong>2020\/21<\/strong><\/td>\n<td style=\"text-align: left;\" width=\"170\"><a href=\"https:\/\/lfsportevents.pl\/ligafutsalu2021\/player\/kamil-kuziel\/\"><span class=\"player-photo\"><img loading=\"lazy\" class=\"attachment-sportspress-fit-icon wp-post-image alignleft\" src=\"https:\/\/lfsportevents.pl\/ligafutsalu2021\/wp-content\/uploads\/1994\/06\/Kamil-Kuziel-96x128.jpg\" sizes=\"(max-width: 96px) 100vw, 96px\" srcset=\"https:\/\/lfsportevents.pl\/ligafutsalu2021\/wp-content\/uploads\/1994\/06\/Kamil-Kuziel-96x128.jpg 96w, https:\/\/lfsportevents.pl\/ligafutsalu2021\/wp-content\/uploads\/1994\/06\/Kamil-Kuziel.jpg 225w, https:\/\/lfsportevents.pl\/ligafutsalu2021\/wp-content\/uploads\/1994\/06\/Kamil-Kuziel-24x32.jpg 24w\" alt=\"\" width=\"25\" height=\"33\" \/><\/span><\/a><span style=\"color: #993300;\">Kamil Kuziel<\/span><\/td>\n<td width=\"209\">Olimp Team<\/td>\n<td width=\"84\">50<\/td>\n<\/tr>\n<tr>\n<td width=\"59\"><strong>2019\/20<\/strong><\/td>\n<td style=\"text-align: left;\" width=\"170\"><a href=\"https:\/\/lfsportevents.pl\/ligafutsalu2021\/player\/dariusz-bodziony\/\"><span class=\"player-photo\"><img loading=\"lazy\" class=\"attachment-sportspress-fit-icon wp-post-image alignleft\" src=\"https:\/\/lfsportevents.pl\/ligafutsalu2021\/wp-content\/uploads\/2018\/11\/Dariusz-Bodziony-96x128.jpg\" sizes=\"(max-width: 96px) 100vw, 96px\" srcset=\"https:\/\/lfsportevents.pl\/ligafutsalu2021\/wp-content\/uploads\/2018\/11\/Dariusz-Bodziony-96x128.jpg 96w, https:\/\/lfsportevents.pl\/ligafutsalu2021\/wp-content\/uploads\/2018\/11\/Dariusz-Bodziony.jpg 225w, https:\/\/lfsportevents.pl\/ligafutsalu2021\/wp-content\/uploads\/2018\/11\/Dariusz-Bodziony-24x32.jpg 24w\" alt=\"\" width=\"25\" height=\"33\" \/><\/span><\/a><span style=\"color: #993300;\">Dariusz Bodziony<\/span><\/td>\n<td width=\"209\">ZBD<\/td>\n<td width=\"84\">40<\/td>\n<\/tr>\n<tr>\n<td width=\"59\"><strong>2018\/19<\/strong><\/td>\n<td style=\"text-align: left;\" width=\"170\"><span style=\"color: #993300;\"><a style=\"color: #993300;\" href=\"https:\/\/lfsportevents.pl\/ligafutsalu20212018\/player\/michal-zawislan\/\"><span class=\"player-photo\"><img loading=\"lazy\" class=\"attachment-sportspress-fit-icon wp-post-image alignleft\" src=\"https:\/\/lfsportevents.pl\/ligafutsalu20212018\/wp-content\/uploads\/1997\/04\/Micha\u0142-Zawi\u015blan-96x128.jpg\" sizes=\"(max-width: 96px) 100vw, 96px\" srcset=\"https:\/\/lfsportevents.pl\/ligafutsalu20212018\/wp-content\/uploads\/1997\/04\/Micha\u0142-Zawi\u015blan-96x128.jpg 96w, https:\/\/lfsportevents.pl\/ligafutsalu20212018\/wp-content\/uploads\/1997\/04\/Micha\u0142-Zawi\u015blan.jpg 225w, https:\/\/lfsportevents.pl\/ligafutsalu20212018\/wp-content\/uploads\/1997\/04\/Micha\u0142-Zawi\u015blan-24x32.jpg 24w\" alt=\"\" width=\"25\" height=\"33\" \/><\/span><\/a><\/span><span style=\"color: #993300;\">Micha\u0142 Zawi\u015blan<\/span><\/td>\n<td width=\"209\">Baz Pal II<\/td>\n<td>48<\/td>\n<\/tr>\n<\/tbody>\n<\/table>\n<h4 class=\"sp-table-caption\">NAJLEPSI BRAMKARZE &#8211; Ii LIGA<\/h4>\n<table width=\"438\">\n<tbody>\n<tr>\n<td width=\"59\"><strong>Sezon<\/strong><\/td>\n<td width=\"170\"><strong>Imi\u0119 i Nazwisko<\/strong><\/td>\n<td width=\"209\"><strong>Klub<\/strong><\/td>\n<\/tr>\n<tr>\n<td width=\"59\"><strong>2021\/22<\/strong><\/td>\n<td style=\"text-align: left;\" width=\"170\"><img loading=\"lazy\" class=\"alignleft\" src=\"https:\/\/lfsportevents.pl\/ligafutsalu2021\/wp-content\/uploads\/1966\/01\/Artur-Kois.jpg\" width=\"25\" height=\"33\" \/>Artur Kois<\/td>\n<td width=\"209\">Wi\u015bniowski II<\/td>\n<\/tr>\n<tr>\n<td width=\"59\"><strong>2020\/21<\/strong><\/td>\n<td style=\"text-align: left;\" width=\"170\"><a href=\"https:\/\/lfsportevents.pl\/ligafutsalu2021\/player\/krystian-dobosz\/\"><span class=\"player-photo\"><img loading=\"lazy\" class=\"attachment-sportspress-fit-icon wp-post-image alignleft\" src=\"https:\/\/lfsportevents.pl\/ligafutsalu2021\/wp-content\/uploads\/1999\/03\/Krystian-Dobosz-96x128.jpg\" sizes=\"(max-width: 96px) 100vw, 96px\" srcset=\"https:\/\/lfsportevents.pl\/ligafutsalu2021\/wp-content\/uploads\/1999\/03\/Krystian-Dobosz-96x128.jpg 96w, https:\/\/lfsportevents.pl\/ligafutsalu2021\/wp-content\/uploads\/1999\/03\/Krystian-Dobosz.jpg 225w, https:\/\/lfsportevents.pl\/ligafutsalu2021\/wp-content\/uploads\/1999\/03\/Krystian-Dobosz-24x32.jpg 24w\" alt=\"\" width=\"25\" height=\"33\" \/><\/span><\/a><span style=\"color: #993300;\">Krystian Dobosz<\/span><\/td>\n<td width=\"209\">Batimowcy II<\/td>\n<\/tr>\n<tr>\n<td width=\"59\"><strong>2019\/20<\/strong><\/td>\n<td style=\"text-align: left;\" width=\"170\"><span style=\"color: #993300;\"><a style=\"color: #993300;\" href=\"https:\/\/lfsportevents.pl\/ligafutsalu2021\/player\/grzegorz-wozniak\/\"><span class=\"player-photo\"><img loading=\"lazy\" class=\"attachment-sportspress-fit-icon wp-post-image alignleft\" src=\"https:\/\/lfsportevents.pl\/ligafutsalu2021\/wp-content\/uploads\/1979\/10\/Grzegorz-Wo\u017aniak-96x128.jpg\" sizes=\"(max-width: 96px) 100vw, 96px\" srcset=\"https:\/\/lfsportevents.pl\/ligafutsalu2021\/wp-content\/uploads\/1979\/10\/Grzegorz-Wo\u017aniak-96x128.jpg 96w, https:\/\/lfsportevents.pl\/ligafutsalu2021\/wp-content\/uploads\/1979\/10\/Grzegorz-Wo\u017aniak.jpg 225w, https:\/\/lfsportevents.pl\/ligafutsalu2021\/wp-content\/uploads\/1979\/10\/Grzegorz-Wo\u017aniak-24x32.jpg 24w\" alt=\"\" width=\"25\" height=\"33\" \/><\/span><\/a>Grzegorz Wo\u017aniak<\/span><\/td>\n<td width=\"209\">ZBD<\/td>\n<\/tr>\n<tr>\n<td width=\"59\"><strong>2018\/19<\/strong><\/td>\n<td style=\"text-align: left;\" width=\"170\"><a href=\"https:\/\/lfsportevents.pl\/ligafutsalu20212018\/player\/henryk-szkaradek\/\"><span style=\"color: #993300;\"><span class=\"player-photo\"><img loading=\"lazy\" class=\"attachment-sportspress-fit-icon wp-post-image alignleft\" src=\"https:\/\/lfsportevents.pl\/ligafutsalu20212018\/wp-content\/uploads\/1960\/07\/Henryk-Szkaradek-96x128.jpg\" sizes=\"(max-width: 96px) 100vw, 96px\" srcset=\"https:\/\/lfsportevents.pl\/ligafutsalu20212018\/wp-content\/uploads\/1960\/07\/Henryk-Szkaradek-96x128.jpg 96w, https:\/\/lfsportevents.pl\/ligafutsalu20212018\/wp-content\/uploads\/1960\/07\/Henryk-Szkaradek.jpg 225w, https:\/\/lfsportevents.pl\/ligafutsalu20212018\/wp-content\/uploads\/1960\/07\/Henryk-Szkaradek-24x32.jpg 24w\" alt=\"\" width=\"25\" height=\"33\" \/><\/span><\/span><\/a><span style=\"color: #993300;\">Henryk Szkaradek<\/span><\/td>\n<td width=\"209\">Instalservice<\/td>\n<\/tr>\n<\/tbody>\n<\/table>\n<h4 class=\"sp-table-caption\">NAJLEPSI OBRO\u0143CY &#8211; Ii LIGA<\/h4>\n<table width=\"438\">\n<tbody>\n<tr>\n<td width=\"59\"><strong>Sezon<\/strong><\/td>\n<td width=\"170\"><strong>Imi\u0119 i Nazwisko<\/strong><\/td>\n<td width=\"209\"><strong>Klub<\/strong><\/td>\n<\/tr>\n<tr>\n<td width=\"59\"><strong>2021\/22<\/strong><\/td>\n<td style=\"text-align: left;\" width=\"170\"><img loading=\"lazy\" class=\"alignleft\" src=\"https:\/\/lfsportevents.pl\/ligafutsalu2021\/wp-content\/uploads\/2020\/10\/Stanis%C5%82aw-Tokarczyk.jpg\" width=\"25\" height=\"33\" \/><span style=\"color: #993300;\">Stanis\u0142aw Tokarczyk<\/span><\/td>\n<td width=\"209\">Trade<\/td>\n<\/tr>\n<tr>\n<td width=\"59\"><strong>2020\/21<\/strong><\/td>\n<td style=\"text-align: left;\" width=\"170\"><a href=\"https:\/\/lfsportevents.pl\/ligafutsalu2021\/player\/kamil-zygmunt\/\"><span class=\"player-photo\"><img loading=\"lazy\" class=\"attachment-sportspress-fit-icon wp-post-image alignleft\" src=\"https:\/\/lfsportevents.pl\/ligafutsalu2021\/wp-content\/uploads\/1991\/03\/Kamil-Zygmunt-96x128.jpg\" sizes=\"(max-width: 96px) 100vw, 96px\" srcset=\"https:\/\/lfsportevents.pl\/ligafutsalu2021\/wp-content\/uploads\/1991\/03\/Kamil-Zygmunt-96x128.jpg 96w, https:\/\/lfsportevents.pl\/ligafutsalu2021\/wp-content\/uploads\/1991\/03\/Kamil-Zygmunt.jpg 225w, https:\/\/lfsportevents.pl\/ligafutsalu2021\/wp-content\/uploads\/1991\/03\/Kamil-Zygmunt-24x32.jpg 24w\" alt=\"\" width=\"25\" height=\"33\" \/><\/span><\/a><span style=\"color: #993300;\">Kamil Zygmunt<\/span><\/td>\n<td width=\"209\">Bastek Garnitury<\/td>\n<\/tr>\n<tr>\n<td width=\"59\"><strong>2019\/20<\/strong><\/td>\n<td style=\"text-align: left;\" width=\"170\"><a href=\"https:\/\/lfsportevents.pl\/ligafutsalu2021\/player\/jan-horowski\/\"><span class=\"player-photo\"><img loading=\"lazy\" class=\"attachment-sportspress-fit-icon wp-post-image alignleft\" src=\"https:\/\/lfsportevents.pl\/ligafutsalu2021\/wp-content\/uploads\/1992\/05\/Jan-Horowski-96x128.jpg\" sizes=\"(max-width: 96px) 100vw, 96px\" srcset=\"https:\/\/lfsportevents.pl\/ligafutsalu2021\/wp-content\/uploads\/1992\/05\/Jan-Horowski-96x128.jpg 96w, https:\/\/lfsportevents.pl\/ligafutsalu2021\/wp-content\/uploads\/1992\/05\/Jan-Horowski.jpg 225w, https:\/\/lfsportevents.pl\/ligafutsalu2021\/wp-content\/uploads\/1992\/05\/Jan-Horowski-24x32.jpg 24w\" alt=\"\" width=\"25\" height=\"33\" \/><\/span><\/a><span style=\"color: #993300;\">Jan Horowski<\/span><\/td>\n<td width=\"209\">ZBD<\/td>\n<\/tr>\n<tr>\n<td width=\"59\"><strong>2018\/19<\/strong><\/td>\n<td style=\"text-align: left;\" width=\"170\"><span style=\"color: #993300;\"><a style=\"color: #993300;\" href=\"https:\/\/lfsportevents.pl\/ligafutsalu20212019\/player\/damian-ligas\/\"><span class=\"player-photo\"><img loading=\"lazy\" class=\"attachment-sportspress-fit-icon wp-post-image alignleft\" src=\"https:\/\/lfsportevents.pl\/ligafutsalu20212019\/wp-content\/uploads\/1988\/02\/Damian-Ligas-96x128.jpg\" sizes=\"(max-width: 96px) 100vw, 96px\" srcset=\"https:\/\/lfsportevents.pl\/ligafutsalu20212019\/wp-content\/uploads\/1988\/02\/Damian-Ligas-96x128.jpg 96w, https:\/\/lfsportevents.pl\/ligafutsalu20212019\/wp-content\/uploads\/1988\/02\/Damian-Ligas.jpg 225w, https:\/\/lfsportevents.pl\/ligafutsalu20212019\/wp-content\/uploads\/1988\/02\/Damian-Ligas-24x32.jpg 24w\" alt=\"\" width=\"25\" height=\"33\" \/><\/span><\/a>Damian Ligas<\/span><\/td>\n<td width=\"209\">Newag<\/td>\n<\/tr>\n<\/tbody>\n<\/table>\n<p>&nbsp;<\/p>\n","protected":false},"excerpt":{"rendered":"<p>NAJLEPSI STRZELCY &#8211; iI LIGA Sezon Imi\u0119 i Nazwisko Klub Ilo\u015b\u0107 Goli 2021\/22 Szymon Pogwizd Your House 49 2020\/21 Kamil Kuziel Olimp Team 38 2019\/20 Dariusz Bodziony ZBD 22 2018\/19 Micha\u0142 Zawi\u015blan Baz Pal II 35 NAJLEPSI ASYSTENCI &#8211; Ii LIGA Sezon Imi\u0119 i Nazwisko Klub Ilo\u015b\u0107 Asyst 2021\/22 Jakub Cempa G\u0142odzik i Smajdor Team [&hellip;]<\/p>\n","protected":false},"author":1,"featured_media":0,"parent":0,"menu_order":0,"comment_status":"closed","ping_status":"closed","template":"","meta":[],"_links":{"self":[{"href":"https:\/\/lfsportevents.pl\/ligafutsalu2021\/wp-json\/wp\/v2\/pages\/20703"}],"collection":[{"href":"https:\/\/lfsportevents.pl\/ligafutsalu2021\/wp-json\/wp\/v2\/pages"}],"about":[{"href":"https:\/\/lfsportevents.pl\/ligafutsalu2021\/wp-json\/wp\/v2\/types\/page"}],"author":[{"embeddable":true,"href":"https:\/\/lfsportevents.pl\/ligafutsalu2021\/wp-json\/wp\/v2\/users\/1"}],"replies":[{"embeddable":true,"href":"https:\/\/lfsportevents.pl\/ligafutsalu2021\/wp-json\/wp\/v2\/comments?post=20703"}],"version-history":[{"count":2,"href":"https:\/\/lfsportevents.pl\/ligafutsalu2021\/wp-json\/wp\/v2\/pages\/20703\/revisions"}],"predecessor-version":[{"id":22758,"href":"https:\/\/lfsportevents.pl\/ligafutsalu2021\/wp-json\/wp\/v2\/pages\/20703\/revisions\/22758"}],"wp:attachment":[{"href":"https:\/\/lfsportevents.pl\/ligafutsalu2021\/wp-json\/wp\/v2\/media?parent=20703"}],"curies":[{"name":"wp","href":"https:\/\/api.w.org\/{rel}","templated":true}]}}