{"id":20642,"date":"2021-09-28T13:06:39","date_gmt":"2021-09-28T11:06:39","guid":{"rendered":"https:\/\/lfsportevents.pl\/ligafutsalu2021\/?page_id=20642"},"modified":"2022-02-21T22:13:29","modified_gmt":"2022-02-21T21:13:29","slug":"wyroznieni-zawodnicy-2","status":"publish","type":"page","link":"https:\/\/lfsportevents.pl\/ligafutsalu2021\/wyroznieni-zawodnicy-2\/","title":{"rendered":"Wyr\u00f3\u017cnieni zawodnicy"},"content":{"rendered":"<h4 class=\"sp-table-caption\">NAJLEPSI STRZELCY &#8211; PUCHAR LIGI FUTSALU<\/h4>\n<table width=\"522\">\n<tbody>\n<tr>\n<td width=\"59\"><span style=\"color: #333333;\"><strong>Sezon<\/strong><\/span><\/td>\n<td width=\"170\"><span style=\"color: #333333;\"><b>Imi\u0119 i Nazwisko<\/b><\/span><\/td>\n<td width=\"209\"><span style=\"color: #333333;\"><strong>Klub<\/strong><\/span><\/td>\n<td width=\"84\"><span style=\"color: #333333;\"><strong>Ilo\u015b\u0107 Goli<\/strong><\/span><\/td>\n<\/tr>\n<tr>\n<td width=\"59\"><span style=\"color: #333333;\"><strong>2021\/22<\/strong><\/span><\/td>\n<td style=\"text-align: left;\" width=\"170\"><img loading=\"lazy\" class=\"alignleft\" src=\"https:\/\/lfsportevents.pl\/ligafutsalu2021\/wp-content\/uploads\/1982\/11\/Jakub-Gri%C5%84ski.jpg\" width=\"25\" height=\"33\" \/><span style=\"color: #993300;\">Jakub Gri\u0144ski<\/span><\/td>\n<td style=\"text-align: center;\" width=\"209\">Tylicz.Ski<\/td>\n<td style=\"text-align: center;\" width=\"84\">11<\/td>\n<\/tr>\n<tr>\n<td width=\"59\"><span style=\"color: #333333;\"><strong>2020\/21<\/strong><\/span><\/td>\n<td style=\"text-align: left;\" width=\"170\"><span style=\"color: #993300;\"><a href=\"https:\/\/lfsportevents.pl\/ligafutsalu2021\/player\/szczepan-rosiek\/\"><span class=\"player-photo\"><img loading=\"lazy\" class=\"attachment-sportspress-fit-icon wp-post-image alignleft\" src=\"https:\/\/lfsportevents.pl\/ligafutsalu2021\/wp-content\/uploads\/1978\/11\/Szczepan-Rosiek-96x128.jpg\" sizes=\"(max-width: 96px) 100vw, 96px\" srcset=\"https:\/\/lfsportevents.pl\/ligafutsalu2021\/wp-content\/uploads\/1978\/11\/Szczepan-Rosiek-96x128.jpg 96w, https:\/\/lfsportevents.pl\/ligafutsalu2021\/wp-content\/uploads\/1978\/11\/Szczepan-Rosiek.jpg 225w, https:\/\/lfsportevents.pl\/ligafutsalu2021\/wp-content\/uploads\/1978\/11\/Szczepan-Rosiek-24x32.jpg 24w\" alt=\"\" width=\"25\" height=\"33\" \/><\/span><\/a>Szczepan Rosiek<\/span><\/td>\n<td style=\"text-align: center;\" width=\"209\">Wi\u015bniowski<\/td>\n<td style=\"text-align: center;\" width=\"84\">3<\/td>\n<\/tr>\n<tr>\n<td width=\"59\"><span style=\"color: #333333;\"><strong>2019\/20<\/strong><\/span><\/td>\n<td style=\"text-align: left;\" width=\"170\"><span style=\"color: #993300;\"><a style=\"color: #993300;\" href=\"https:\/\/lfsportevents.pl\/ligafutsalu2021\/player\/adam-tumidaj\/\"><span class=\"player-photo\"><img loading=\"lazy\" class=\"attachment-sportspress-fit-icon wp-post-image alignleft\" src=\"https:\/\/lfsportevents.pl\/ligafutsalu2021\/wp-content\/uploads\/2016\/11\/Adam-Tumidaj-96x128.jpg\" sizes=\"(max-width: 96px) 100vw, 96px\" srcset=\"https:\/\/lfsportevents.pl\/ligafutsalu2021\/wp-content\/uploads\/2016\/11\/Adam-Tumidaj-96x128.jpg 96w, https:\/\/lfsportevents.pl\/ligafutsalu2021\/wp-content\/uploads\/2016\/11\/Adam-Tumidaj.jpg 225w, https:\/\/lfsportevents.pl\/ligafutsalu2021\/wp-content\/uploads\/2016\/11\/Adam-Tumidaj-24x32.jpg 24w\" alt=\"\" width=\"25\" height=\"33\" \/><\/span><\/a>Adam Tumidaj<\/span><\/td>\n<td style=\"text-align: center;\" width=\"209\">BDM Finanse Group<\/td>\n<td style=\"text-align: center;\" width=\"84\">14<\/td>\n<\/tr>\n<tr>\n<td width=\"59\"><span style=\"color: #333333;\"><strong>2018\/19<\/strong><\/span><\/td>\n<td style=\"text-align: left;\" width=\"170\"><a href=\"https:\/\/lfsportevents.pl\/ligafutsalu2021\/player\/mariusz-plata\/\"><span style=\"color: #993300;\"><span class=\"player-photo\"><img loading=\"lazy\" class=\"attachment-sportspress-fit-icon wp-post-image alignleft\" src=\"https:\/\/lfsportevents.pl\/ligafutsalu2021\/wp-content\/uploads\/1995\/10\/20181108_212233-96x128.jpg\" sizes=\"(max-width: 96px) 100vw, 96px\" srcset=\"https:\/\/lfsportevents.pl\/ligafutsalu2021\/wp-content\/uploads\/1995\/10\/20181108_212233-96x128.jpg 96w, https:\/\/lfsportevents.pl\/ligafutsalu2021\/wp-content\/uploads\/1995\/10\/20181108_212233.jpg 225w, https:\/\/lfsportevents.pl\/ligafutsalu2021\/wp-content\/uploads\/1995\/10\/20181108_212233-24x32.jpg 24w\" alt=\"\" width=\"25\" height=\"33\" \/><\/span><\/span><\/a><span style=\"color: #993300;\">Mariusz Plata<\/span><\/td>\n<td style=\"text-align: center;\" width=\"209\">Gold Team\/Meble Lorek<\/td>\n<td>15<\/td>\n<\/tr>\n<tr>\n<td style=\"text-align: center;\" width=\"59\"><span style=\"color: #333333;\"><strong>2017\/18<\/strong><\/span><\/td>\n<td style=\"text-align: left;\" width=\"170\"><a href=\"https:\/\/lfsportevents.pl\/ligafutsalu20212017\/player\/pawel-kociolek\/\"><img loading=\"lazy\" class=\"attachment-sportspress-fit-medium wp-post-image alignleft\" src=\"https:\/\/lfsportevents.pl\/ligafutsalu20212019\/wp-content\/uploads\/1978\/11\/Pawe\u0142-Kocio\u0142ek.jpg\" sizes=\"(max-width: 225px) 100vw, 225px\" srcset=\"https:\/\/lfsportevents.pl\/ligafutsalu20212019\/wp-content\/uploads\/1978\/11\/Pawe\u0142-Kocio\u0142ek.jpg 225w, https:\/\/lfsportevents.pl\/ligafutsalu20212019\/wp-content\/uploads\/1978\/11\/Pawe\u0142-Kocio\u0142ek-96x128.jpg 96w, https:\/\/lfsportevents.pl\/ligafutsalu20212019\/wp-content\/uploads\/1978\/11\/Pawe\u0142-Kocio\u0142ek-24x32.jpg 24w\" alt=\"\" width=\"25\" height=\"33\" \/><\/a><span style=\"color: #993300;\">Pawe\u0142 Kocio\u0142ek<\/span><\/td>\n<td style=\"text-align: center;\" width=\"209\">Wi\u015bniowski<\/td>\n<td>20<\/td>\n<\/tr>\n<\/tbody>\n<\/table>\n<h4 class=\"sp-table-caption\" style=\"text-align: left;\">NAJLEPSI ASYSTENCI &#8211; PUCHAR LIGI FUTSALU<\/h4>\n<table width=\"522\">\n<tbody>\n<tr>\n<td width=\"59\"><strong>Sezon<\/strong><\/td>\n<td width=\"170\"><strong>Imi\u0119 i Nazwisko<\/strong><\/td>\n<td width=\"209\"><strong>Klub<\/strong><\/td>\n<td width=\"84\"><strong>Ilo\u015b\u0107 Asyst<\/strong><\/td>\n<\/tr>\n<tr>\n<td width=\"59\"><strong>2021\/22<\/strong><\/td>\n<td style=\"text-align: left;\" width=\"170\"><img loading=\"lazy\" class=\"alignleft\" src=\"https:\/\/lfsportevents.pl\/ligafutsalu2021\/wp-content\/uploads\/1994\/08\/Patryk-Twardowski-1.jpg\" width=\"25\" height=\"33\" \/><span style=\"color: #993300;\">Patryk Twardowski<\/span><\/td>\n<td width=\"209\"><span style=\"color: #000000;\">Gold Team\/Meble Lorek<\/span><\/td>\n<td width=\"84\"><span style=\"color: #333333;\">12<\/span><\/td>\n<\/tr>\n<tr>\n<td width=\"59\"><strong>2020\/21<\/strong><\/td>\n<td style=\"text-align: left;\" width=\"170\"><span style=\"color: #993300;\"><a style=\"color: #993300;\" href=\"https:\/\/lfsportevents.pl\/ligafutsalu2021\/player\/krystian-laciuga\/\"><span class=\"player-photo\"><img loading=\"lazy\" class=\"attachment-sportspress-fit-icon wp-post-image alignleft\" src=\"https:\/\/lfsportevents.pl\/ligafutsalu2021\/wp-content\/uploads\/1978\/11\/Krystian-Laciuga-96x128.jpg\" sizes=\"(max-width: 96px) 100vw, 96px\" srcset=\"https:\/\/lfsportevents.pl\/ligafutsalu2021\/wp-content\/uploads\/1978\/11\/Krystian-Laciuga-96x128.jpg 96w, https:\/\/lfsportevents.pl\/ligafutsalu2021\/wp-content\/uploads\/1978\/11\/Krystian-Laciuga.jpg 225w, https:\/\/lfsportevents.pl\/ligafutsalu2021\/wp-content\/uploads\/1978\/11\/Krystian-Laciuga-24x32.jpg 24w\" alt=\"\" width=\"25\" height=\"33\" \/><\/span><\/a>Krystian Laciuga<\/span><\/td>\n<td width=\"209\"><span style=\"color: #000000;\">Sebbet Kostka Brukowa<\/span><\/td>\n<td width=\"84\"><span style=\"color: #333333;\">3<\/span><\/td>\n<\/tr>\n<tr>\n<td width=\"59\"><strong>2019\/20<\/strong><\/td>\n<td style=\"text-align: left;\" width=\"170\"><a href=\"https:\/\/lfsportevents.pl\/ligafutsalu2021\/player\/jakub-grinski\/\"><span class=\"player-photo\"><img loading=\"lazy\" class=\"attachment-sportspress-fit-icon wp-post-image alignleft\" src=\"https:\/\/lfsportevents.pl\/ligafutsalu2021\/wp-content\/uploads\/1982\/11\/Jakub-Gri\u0144ski-96x128.jpg\" sizes=\"(max-width: 96px) 100vw, 96px\" srcset=\"https:\/\/lfsportevents.pl\/ligafutsalu2021\/wp-content\/uploads\/1982\/11\/Jakub-Gri\u0144ski-96x128.jpg 96w, https:\/\/lfsportevents.pl\/ligafutsalu2021\/wp-content\/uploads\/1982\/11\/Jakub-Gri\u0144ski.jpg 225w, https:\/\/lfsportevents.pl\/ligafutsalu2021\/wp-content\/uploads\/1982\/11\/Jakub-Gri\u0144ski-24x32.jpg 24w\" alt=\"\" width=\"25\" height=\"33\" \/><\/span><\/a><span style=\"color: #993300;\">Jakub Gri\u0144ski<\/span><\/td>\n<td width=\"209\">Tylicz.Ski<\/td>\n<td width=\"84\">9<\/td>\n<\/tr>\n<tr>\n<td width=\"59\"><strong>2018\/19<\/strong><\/td>\n<td style=\"text-align: left;\" width=\"170\"><a href=\"https:\/\/lfsportevents.pl\/ligafutsalu2021\/player\/szczepan-rosiek\/\"><span class=\"player-photo\"><img loading=\"lazy\" class=\"attachment-sportspress-fit-icon wp-post-image alignleft\" src=\"https:\/\/lfsportevents.pl\/ligafutsalu2021\/wp-content\/uploads\/1978\/11\/Szczepan-Rosiek-96x128.jpg\" sizes=\"(max-width: 96px) 100vw, 96px\" srcset=\"https:\/\/lfsportevents.pl\/ligafutsalu2021\/wp-content\/uploads\/1978\/11\/Szczepan-Rosiek-96x128.jpg 96w, https:\/\/lfsportevents.pl\/ligafutsalu2021\/wp-content\/uploads\/1978\/11\/Szczepan-Rosiek.jpg 225w, https:\/\/lfsportevents.pl\/ligafutsalu2021\/wp-content\/uploads\/1978\/11\/Szczepan-Rosiek-24x32.jpg 24w\" alt=\"\" width=\"25\" height=\"33\" \/><\/span><\/a><span style=\"color: #993300;\">Szczepan Rosiek<\/span><\/td>\n<td width=\"209\">Wi\u015bniowski<\/td>\n<td width=\"84\">9<\/td>\n<\/tr>\n<tr>\n<td width=\"59\"><strong>2017\/18<\/strong><\/td>\n<td style=\"text-align: left;\" width=\"170\"><a href=\"https:\/\/lfsportevents.pl\/ligafutsalu2021\/player\/szczepan-rosiek\/\"><span class=\"player-photo\"><img loading=\"lazy\" class=\"attachment-sportspress-fit-icon wp-post-image alignleft\" src=\"https:\/\/lfsportevents.pl\/ligafutsalu2021\/wp-content\/uploads\/1978\/11\/Szczepan-Rosiek-96x128.jpg\" sizes=\"(max-width: 96px) 100vw, 96px\" srcset=\"https:\/\/lfsportevents.pl\/ligafutsalu2021\/wp-content\/uploads\/1978\/11\/Szczepan-Rosiek-96x128.jpg 96w, https:\/\/lfsportevents.pl\/ligafutsalu2021\/wp-content\/uploads\/1978\/11\/Szczepan-Rosiek.jpg 225w, https:\/\/lfsportevents.pl\/ligafutsalu2021\/wp-content\/uploads\/1978\/11\/Szczepan-Rosiek-24x32.jpg 24w\" alt=\"\" width=\"25\" height=\"33\" \/><\/span><\/a><span style=\"color: #993300;\">Szczepan Rosiek<\/span><\/td>\n<td width=\"209\">Wi\u015bniowski<\/td>\n<td>7<\/td>\n<\/tr>\n<\/tbody>\n<\/table>\n<h4 class=\"sp-table-caption\">NAJLEPSI W KL. KANADYJSKIEJ &#8211; PUCHAR LIGI FUTSALU<\/h4>\n<table width=\"522\">\n<tbody>\n<tr>\n<td width=\"59\"><strong>Sezon<\/strong><\/td>\n<td width=\"170\"><strong>Imi\u0119 i Nazwisko<\/strong><\/td>\n<td width=\"209\"><strong>Klub<\/strong><\/td>\n<td width=\"84\"><strong>Ilo\u015b\u0107 Punkt\u00f3w<\/strong><\/td>\n<\/tr>\n<tr>\n<td width=\"59\"><strong>2021\/22<\/strong><\/td>\n<td style=\"text-align: left;\" width=\"170\"><a href=\"https:\/\/lfsportevents.pl\/ligafutsalu2021\/player\/jakub-grinski\/\"><span class=\"player-photo\"><img loading=\"lazy\" class=\"attachment-sportspress-fit-icon wp-post-image alignleft\" src=\"https:\/\/lfsportevents.pl\/ligafutsalu2021\/wp-content\/uploads\/1982\/11\/Jakub-Gri\u0144ski-96x128.jpg\" sizes=\"(max-width: 96px) 100vw, 96px\" srcset=\"https:\/\/lfsportevents.pl\/ligafutsalu2021\/wp-content\/uploads\/1982\/11\/Jakub-Gri\u0144ski-96x128.jpg 96w, https:\/\/lfsportevents.pl\/ligafutsalu2021\/wp-content\/uploads\/1982\/11\/Jakub-Gri\u0144ski.jpg 225w, https:\/\/lfsportevents.pl\/ligafutsalu2021\/wp-content\/uploads\/1982\/11\/Jakub-Gri\u0144ski-24x32.jpg 24w\" alt=\"\" width=\"25\" height=\"33\" \/><\/span><\/a><span style=\"color: #993300;\">Jakub Gri\u0144ski<\/span><\/td>\n<td width=\"209\"><span style=\"color: #000000;\">Tylicz.Ski<\/span><\/td>\n<td width=\"84\"><span style=\"color: #333333;\">17<\/span><\/td>\n<\/tr>\n<tr>\n<td width=\"59\"><strong>2020\/21<\/strong><\/td>\n<td style=\"text-align: left;\" width=\"170\"><span style=\"color: #993300;\"><a href=\"https:\/\/lfsportevents.pl\/ligafutsalu2021\/player\/szczepan-rosiek\/\"><span class=\"player-photo\"><img loading=\"lazy\" class=\"attachment-sportspress-fit-icon wp-post-image alignleft\" src=\"https:\/\/lfsportevents.pl\/ligafutsalu2021\/wp-content\/uploads\/1978\/11\/Szczepan-Rosiek-96x128.jpg\" sizes=\"(max-width: 96px) 100vw, 96px\" srcset=\"https:\/\/lfsportevents.pl\/ligafutsalu2021\/wp-content\/uploads\/1978\/11\/Szczepan-Rosiek-96x128.jpg 96w, https:\/\/lfsportevents.pl\/ligafutsalu2021\/wp-content\/uploads\/1978\/11\/Szczepan-Rosiek.jpg 225w, https:\/\/lfsportevents.pl\/ligafutsalu2021\/wp-content\/uploads\/1978\/11\/Szczepan-Rosiek-24x32.jpg 24w\" alt=\"\" width=\"25\" height=\"33\" \/><\/span><\/a>Szczepan Rosiek<\/span><\/td>\n<td width=\"209\"><span style=\"color: #000000;\">Wi\u015bniowski<\/span><\/td>\n<td width=\"84\"><span style=\"color: #333333;\">5<\/span><\/td>\n<\/tr>\n<tr>\n<td width=\"59\"><strong>2019\/20<\/strong><\/td>\n<td style=\"text-align: left;\" width=\"170\"><a href=\"https:\/\/lfsportevents.pl\/ligafutsalu2021\/player\/jakub-grinski\/\"><span class=\"player-photo\"><img loading=\"lazy\" class=\"attachment-sportspress-fit-icon wp-post-image alignleft\" src=\"https:\/\/lfsportevents.pl\/ligafutsalu2021\/wp-content\/uploads\/1982\/11\/Jakub-Gri\u0144ski-96x128.jpg\" sizes=\"(max-width: 96px) 100vw, 96px\" srcset=\"https:\/\/lfsportevents.pl\/ligafutsalu2021\/wp-content\/uploads\/1982\/11\/Jakub-Gri\u0144ski-96x128.jpg 96w, https:\/\/lfsportevents.pl\/ligafutsalu2021\/wp-content\/uploads\/1982\/11\/Jakub-Gri\u0144ski.jpg 225w, https:\/\/lfsportevents.pl\/ligafutsalu2021\/wp-content\/uploads\/1982\/11\/Jakub-Gri\u0144ski-24x32.jpg 24w\" alt=\"\" width=\"25\" height=\"33\" \/><\/span><\/a><span style=\"color: #993300;\">Jakub Gri\u0144ski<\/span><\/td>\n<td width=\"209\">Tylicz.Ski<\/td>\n<td width=\"84\">22<\/td>\n<\/tr>\n<tr>\n<td width=\"59\"><strong>2018\/19<\/strong><\/td>\n<td style=\"text-align: left;\" width=\"170\"><a href=\"https:\/\/lfsportevents.pl\/ligafutsalu2021\/player\/mariusz-plata\/\"><span class=\"player-photo\"><img loading=\"lazy\" class=\"attachment-sportspress-fit-icon wp-post-image alignleft\" src=\"https:\/\/lfsportevents.pl\/ligafutsalu2021\/wp-content\/uploads\/1995\/10\/20181108_212233-96x128.jpg\" sizes=\"(max-width: 96px) 100vw, 96px\" srcset=\"https:\/\/lfsportevents.pl\/ligafutsalu2021\/wp-content\/uploads\/1995\/10\/20181108_212233-96x128.jpg 96w, https:\/\/lfsportevents.pl\/ligafutsalu2021\/wp-content\/uploads\/1995\/10\/20181108_212233.jpg 225w, https:\/\/lfsportevents.pl\/ligafutsalu2021\/wp-content\/uploads\/1995\/10\/20181108_212233-24x32.jpg 24w\" alt=\"\" width=\"25\" height=\"33\" \/><\/span><\/a><span style=\"color: #993300;\">Mariusz Plata<\/span><\/td>\n<td width=\"209\">Gold Team\/Meble Lorek<\/td>\n<td width=\"84\">17<\/td>\n<\/tr>\n<tr>\n<td width=\"59\"><strong>2017\/18<\/strong><\/td>\n<td style=\"text-align: left;\" width=\"170\"><a href=\"https:\/\/lfsportevents.pl\/ligafutsalu20212017\/player\/pawel-kociolek\/\"><img loading=\"lazy\" class=\"attachment-sportspress-fit-medium wp-post-image alignleft\" src=\"https:\/\/lfsportevents.pl\/ligafutsalu20212019\/wp-content\/uploads\/1978\/11\/Pawe\u0142-Kocio\u0142ek.jpg\" sizes=\"(max-width: 225px) 100vw, 225px\" srcset=\"https:\/\/lfsportevents.pl\/ligafutsalu20212019\/wp-content\/uploads\/1978\/11\/Pawe\u0142-Kocio\u0142ek.jpg 225w, https:\/\/lfsportevents.pl\/ligafutsalu20212019\/wp-content\/uploads\/1978\/11\/Pawe\u0142-Kocio\u0142ek-96x128.jpg 96w, https:\/\/lfsportevents.pl\/ligafutsalu20212019\/wp-content\/uploads\/1978\/11\/Pawe\u0142-Kocio\u0142ek-24x32.jpg 24w\" alt=\"\" width=\"25\" height=\"33\" \/><\/a><span style=\"color: #993300;\">Pawe\u0142 Kocio\u0142ek<\/span><\/td>\n<td width=\"209\">Wi\u015bniowski<\/td>\n<td>24<\/td>\n<\/tr>\n<\/tbody>\n<\/table>\n<h4 class=\"sp-table-caption\">NAJLEPSI BRAMKARZE &#8211; PUCHAR LIGI FUTSALU<\/h4>\n<table width=\"438\">\n<tbody>\n<tr>\n<td width=\"59\"><strong>Sezon<\/strong><\/td>\n<td width=\"170\"><strong>Imi\u0119 i Nazwisko<\/strong><\/td>\n<td width=\"209\"><strong>Klub<\/strong><\/td>\n<\/tr>\n<tr>\n<td width=\"59\"><strong>2021\/22<\/strong><\/td>\n<td style=\"text-align: left;\" width=\"170\"><img loading=\"lazy\" class=\"alignleft\" src=\"https:\/\/lfsportevents.pl\/ligafutsalu2021\/wp-content\/uploads\/1992\/03\/Julian-Grzegorczyk.jpg\" width=\"25\" height=\"33\" \/><span style=\"color: #993300;\">Julian Grzegoczyk<\/span><\/td>\n<td width=\"209\"><span style=\"color: #000000;\">Dom Weselny Sylwia<br \/>\n<\/span><\/td>\n<\/tr>\n<tr>\n<td width=\"59\"><strong>2020\/21<\/strong><\/td>\n<td style=\"text-align: left;\" width=\"170\"><a href=\"https:\/\/lfsportevents.pl\/ligafutsalu2021\/player\/fedash-rostyslav\/\"><span class=\"player-photo\"><img loading=\"lazy\" class=\"attachment-sportspress-fit-icon wp-post-image alignleft\" src=\"https:\/\/lfsportevents.pl\/ligafutsalu2021\/wp-content\/uploads\/2021\/11\/20210610_205601-96x128.jpg\" sizes=\"(max-width: 96px) 100vw, 96px\" srcset=\"https:\/\/lfsportevents.pl\/ligafutsalu2021\/wp-content\/uploads\/2021\/11\/20210610_205601-96x128.jpg 96w, https:\/\/lfsportevents.pl\/ligafutsalu2021\/wp-content\/uploads\/2021\/11\/20210610_205601.jpg 225w, https:\/\/lfsportevents.pl\/ligafutsalu2021\/wp-content\/uploads\/2021\/11\/20210610_205601-24x32.jpg 24w\" alt=\"\" width=\"25\" height=\"33\" \/><\/span><\/a><span style=\"color: #993300;\">Fedash Rostyslav<\/span><\/td>\n<td width=\"209\"><span style=\"color: #000000;\">Wi\u015bniowski<br \/>\n<\/span><\/td>\n<\/tr>\n<tr>\n<td width=\"59\"><strong>2019\/20<\/strong><\/td>\n<td style=\"text-align: left;\" width=\"170\"><span style=\"color: #993300;\"><a style=\"color: #993300;\" href=\"https:\/\/lfsportevents.pl\/ligafutsalu2021\/player\/andrzej-malek\/\"><span class=\"player-photo\"><img loading=\"lazy\" class=\"attachment-sportspress-fit-icon wp-post-image alignleft\" src=\"https:\/\/lfsportevents.pl\/ligafutsalu2021\/wp-content\/uploads\/1982\/11\/Andrzej-Ma\u0142ek-96x128.jpg\" sizes=\"(max-width: 96px) 100vw, 96px\" srcset=\"https:\/\/lfsportevents.pl\/ligafutsalu2021\/wp-content\/uploads\/1982\/11\/Andrzej-Ma\u0142ek-96x128.jpg 96w, https:\/\/lfsportevents.pl\/ligafutsalu2021\/wp-content\/uploads\/1982\/11\/Andrzej-Ma\u0142ek.jpg 225w, https:\/\/lfsportevents.pl\/ligafutsalu2021\/wp-content\/uploads\/1982\/11\/Andrzej-Ma\u0142ek-24x32.jpg 24w\" alt=\"\" width=\"25\" height=\"33\" \/><\/span><\/a>Andrzej Malek<\/span><\/td>\n<td width=\"209\">Tylicz.Ski<\/td>\n<\/tr>\n<tr>\n<td width=\"59\"><strong>2018\/19<\/strong><\/td>\n<td style=\"text-align: left;\" width=\"170\"><a href=\"https:\/\/lfsportevents.pl\/ligafutsalu2021\/player\/fabian-kielbasa\/\"><span class=\"player-photo\"><img loading=\"lazy\" class=\"attachment-sportspress-fit-icon wp-post-image alignleft\" src=\"https:\/\/lfsportevents.pl\/ligafutsalu2021\/wp-content\/uploads\/1978\/02\/Fabian-Kie\u0142basa-96x128.jpg\" sizes=\"(max-width: 96px) 100vw, 96px\" srcset=\"https:\/\/lfsportevents.pl\/ligafutsalu2021\/wp-content\/uploads\/1978\/02\/Fabian-Kie\u0142basa-96x128.jpg 96w, https:\/\/lfsportevents.pl\/ligafutsalu2021\/wp-content\/uploads\/1978\/02\/Fabian-Kie\u0142basa.jpg 225w, https:\/\/lfsportevents.pl\/ligafutsalu2021\/wp-content\/uploads\/1978\/02\/Fabian-Kie\u0142basa-24x32.jpg 24w\" alt=\"\" width=\"25\" height=\"33\" \/><\/span><\/a><span style=\"color: #993300;\">Fabian Kie\u0142basa<\/span><\/td>\n<td width=\"209\">BDM Finanse Group<\/td>\n<\/tr>\n<\/tbody>\n<\/table>\n<h4 class=\"sp-table-caption\">NAJLEPSI OBRO\u0143CY &#8211; PUCHAR LIGI FUTSALU<\/h4>\n<table width=\"438\">\n<tbody>\n<tr>\n<td width=\"59\"><strong>Sezon<\/strong><\/td>\n<td width=\"170\"><strong>Imi\u0119 i Nazwisko<\/strong><\/td>\n<td width=\"209\"><strong>Klub<\/strong><\/td>\n<\/tr>\n<tr>\n<td width=\"59\"><strong>2021\/22<\/strong><\/td>\n<td style=\"text-align: left;\" width=\"170\"><a href=\"https:\/\/lfsportevents.pl\/ligafutsalu2021\/player\/jakub-grinski\/\"><span class=\"player-photo\"><img loading=\"lazy\" class=\"attachment-sportspress-fit-icon wp-post-image alignleft\" src=\"https:\/\/lfsportevents.pl\/ligafutsalu2021\/wp-content\/uploads\/1982\/11\/Jakub-Gri\u0144ski-96x128.jpg\" sizes=\"(max-width: 96px) 100vw, 96px\" srcset=\"https:\/\/lfsportevents.pl\/ligafutsalu2021\/wp-content\/uploads\/1982\/11\/Jakub-Gri\u0144ski-96x128.jpg 96w, https:\/\/lfsportevents.pl\/ligafutsalu2021\/wp-content\/uploads\/1982\/11\/Jakub-Gri\u0144ski.jpg 225w, https:\/\/lfsportevents.pl\/ligafutsalu2021\/wp-content\/uploads\/1982\/11\/Jakub-Gri\u0144ski-24x32.jpg 24w\" alt=\"\" width=\"25\" height=\"33\" \/><\/span><\/a><span style=\"color: #993300;\">Jakub Gri\u0144ski<\/span><\/td>\n<td width=\"209\"><span style=\"color: #000000;\">Tylicz.Ski<br \/>\n<\/span><\/td>\n<\/tr>\n<tr>\n<td width=\"59\"><strong>2020\/21<\/strong><\/td>\n<td style=\"text-align: left;\" width=\"170\"><a href=\"https:\/\/lfsportevents.pl\/ligafutsalu2021\/player\/tomasz-przetacznik\/\"><span class=\"player-photo\"><img loading=\"lazy\" class=\"attachment-sportspress-fit-icon wp-post-image alignleft\" src=\"https:\/\/lfsportevents.pl\/ligafutsalu2021\/wp-content\/uploads\/1992\/06\/Tomasz-Przetacznik-96x128.jpg\" sizes=\"(max-width: 96px) 100vw, 96px\" srcset=\"https:\/\/lfsportevents.pl\/ligafutsalu2021\/wp-content\/uploads\/1992\/06\/Tomasz-Przetacznik-96x128.jpg 96w, https:\/\/lfsportevents.pl\/ligafutsalu2021\/wp-content\/uploads\/1992\/06\/Tomasz-Przetacznik.jpg 225w, https:\/\/lfsportevents.pl\/ligafutsalu2021\/wp-content\/uploads\/1992\/06\/Tomasz-Przetacznik-24x32.jpg 24w\" alt=\"\" width=\"25\" height=\"33\" \/><\/span><\/a><span style=\"color: #993300;\">Tomasz Przetacznik<\/span><\/td>\n<td width=\"209\"><span style=\"color: #000000;\">Baz Pal<br \/>\n<\/span><\/td>\n<\/tr>\n<tr>\n<td width=\"59\"><strong>2019\/20<\/strong><\/td>\n<td style=\"text-align: left;\" width=\"170\"><a href=\"https:\/\/lfsportevents.pl\/ligafutsalu2021\/player\/jakub-grinski\/\"><span class=\"player-photo\"><img loading=\"lazy\" class=\"attachment-sportspress-fit-icon wp-post-image alignleft\" src=\"https:\/\/lfsportevents.pl\/ligafutsalu2021\/wp-content\/uploads\/1982\/11\/Jakub-Gri\u0144ski-96x128.jpg\" sizes=\"(max-width: 96px) 100vw, 96px\" srcset=\"https:\/\/lfsportevents.pl\/ligafutsalu2021\/wp-content\/uploads\/1982\/11\/Jakub-Gri\u0144ski-96x128.jpg 96w, https:\/\/lfsportevents.pl\/ligafutsalu2021\/wp-content\/uploads\/1982\/11\/Jakub-Gri\u0144ski.jpg 225w, https:\/\/lfsportevents.pl\/ligafutsalu2021\/wp-content\/uploads\/1982\/11\/Jakub-Gri\u0144ski-24x32.jpg 24w\" alt=\"\" width=\"25\" height=\"33\" \/><\/span><\/a><span style=\"color: #993300;\">Jakub Gri\u0144ski<\/span><\/td>\n<td width=\"209\">Tylicz.Ski<\/td>\n<\/tr>\n<tr>\n<td width=\"59\"><strong>2018\/19<\/strong><\/td>\n<td style=\"text-align: left;\" width=\"170\"><span style=\"color: #993300;\"><a style=\"color: #993300;\" href=\"https:\/\/lfsportevents.pl\/ligafutsalu2021\/player\/jakub-grinski\/\"><img loading=\"lazy\" class=\"attachment-sportspress-fit-icon wp-post-image alignleft\" src=\"https:\/\/lfsportevents.pl\/ligafutsalu2021\/wp-content\/uploads\/1982\/11\/Jakub-Gri\u0144ski-96x128.jpg\" sizes=\"(max-width: 96px) 100vw, 96px\" srcset=\"https:\/\/lfsportevents.pl\/ligafutsalu2021\/wp-content\/uploads\/1982\/11\/Jakub-Gri\u0144ski-96x128.jpg 96w, https:\/\/lfsportevents.pl\/ligafutsalu2021\/wp-content\/uploads\/1982\/11\/Jakub-Gri\u0144ski.jpg 225w, https:\/\/lfsportevents.pl\/ligafutsalu2021\/wp-content\/uploads\/1982\/11\/Jakub-Gri\u0144ski-24x32.jpg 24w\" alt=\"\" width=\"25\" height=\"33\" \/><\/a><\/span><span style=\"color: #993300;\">Jakub Gri\u0144ski<\/span><\/td>\n<td width=\"209\">Tylicz.Ski<\/td>\n<\/tr>\n<\/tbody>\n<\/table>\n<p>&nbsp;<\/p>\n","protected":false},"excerpt":{"rendered":"<p>NAJLEPSI STRZELCY &#8211; PUCHAR LIGI FUTSALU Sezon Imi\u0119 i Nazwisko Klub Ilo\u015b\u0107 Goli 2021\/22 Jakub Gri\u0144ski Tylicz.Ski 11 2020\/21 Szczepan Rosiek Wi\u015bniowski 3 2019\/20 Adam Tumidaj BDM Finanse Group 14 2018\/19 Mariusz Plata Gold Team\/Meble Lorek 15 2017\/18 Pawe\u0142 Kocio\u0142ek Wi\u015bniowski 20 NAJLEPSI ASYSTENCI &#8211; PUCHAR LIGI FUTSALU Sezon Imi\u0119 i Nazwisko Klub Ilo\u015b\u0107 Asyst [&hellip;]<\/p>\n","protected":false},"author":1,"featured_media":0,"parent":0,"menu_order":0,"comment_status":"closed","ping_status":"closed","template":"","meta":[],"_links":{"self":[{"href":"https:\/\/lfsportevents.pl\/ligafutsalu2021\/wp-json\/wp\/v2\/pages\/20642"}],"collection":[{"href":"https:\/\/lfsportevents.pl\/ligafutsalu2021\/wp-json\/wp\/v2\/pages"}],"about":[{"href":"https:\/\/lfsportevents.pl\/ligafutsalu2021\/wp-json\/wp\/v2\/types\/page"}],"author":[{"embeddable":true,"href":"https:\/\/lfsportevents.pl\/ligafutsalu2021\/wp-json\/wp\/v2\/users\/1"}],"replies":[{"embeddable":true,"href":"https:\/\/lfsportevents.pl\/ligafutsalu2021\/wp-json\/wp\/v2\/comments?post=20642"}],"version-history":[{"count":3,"href":"https:\/\/lfsportevents.pl\/ligafutsalu2021\/wp-json\/wp\/v2\/pages\/20642\/revisions"}],"predecessor-version":[{"id":22764,"href":"https:\/\/lfsportevents.pl\/ligafutsalu2021\/wp-json\/wp\/v2\/pages\/20642\/revisions\/22764"}],"wp:attachment":[{"href":"https:\/\/lfsportevents.pl\/ligafutsalu2021\/wp-json\/wp\/v2\/media?parent=20642"}],"curies":[{"name":"wp","href":"https:\/\/api.w.org\/{rel}","templated":true}]}}