{"id":19508,"date":"2020-11-06T10:35:16","date_gmt":"2020-11-06T09:35:16","guid":{"rendered":"https:\/\/lfsportevents.pl\/ligafutsalu2021\/?page_id=19508"},"modified":"2022-02-21T21:51:57","modified_gmt":"2022-02-21T20:51:57","slug":"zloty-but","status":"publish","type":"page","link":"https:\/\/lfsportevents.pl\/ligafutsalu2021\/zloty-but\/","title":{"rendered":"Z\u0142oty But"},"content":{"rendered":"<h4 class=\"sp-table-caption\">NAJLEPSI W KLASYFIKACJI Z\u0141OTEGO BUTA<\/h4>\n<table width=\"522\">\n<tbody>\n<tr>\n<td width=\"59\"><strong>Sezon<\/strong><\/td>\n<td width=\"170\"><b>Imi\u0119 i Nazwisko<\/b><\/td>\n<td width=\"209\"><strong>Klub<\/strong><\/td>\n<td width=\"84\"><strong>Ilo\u015b\u0107 punkt\u00f3w<br \/>\n<\/strong><\/td>\n<\/tr>\n<tr>\n<td width=\"59\"><strong>2021\/22<\/strong><\/td>\n<td style=\"text-align: left;\" width=\"170\"><img loading=\"lazy\" class=\"alignleft\" src=\"https:\/\/lfsportevents.pl\/ligafutsalu2021\/wp-content\/uploads\/1993\/06\/334Szymon-Pogwizd-.jpg\" width=\"25\" height=\"33\" \/><span style=\"color: #993300;\">Szymon Pogwizd<\/span><\/td>\n<td width=\"209\">Your House<\/td>\n<td width=\"84\">63,7<\/td>\n<\/tr>\n<tr>\n<td width=\"59\"><strong>2020\/21<\/strong><\/td>\n<td style=\"text-align: left;\" width=\"170\"><img loading=\"lazy\" class=\"attachment-sportspress-fit-medium wp-post-image alignleft\" src=\"https:\/\/lfsportevents.pl\/ligaorlika\/wp-content\/uploads\/1984\/06\/Kamil-Kuziel.jpg\" sizes=\"(max-width: 225px) 100vw, 225px\" srcset=\"https:\/\/lfsportevents.pl\/ligaorlika\/wp-content\/uploads\/1984\/06\/Kamil-Kuziel.jpg 225w, https:\/\/lfsportevents.pl\/ligaorlika\/wp-content\/uploads\/1984\/06\/Kamil-Kuziel-96x128.jpg 96w, https:\/\/lfsportevents.pl\/ligaorlika\/wp-content\/uploads\/1984\/06\/Kamil-Kuziel-24x32.jpg 24w\" alt=\"\" width=\"25\" height=\"33\" \/><span style=\"color: #993300;\">Kamil Kuziel<\/span><\/td>\n<td width=\"209\">Olimp Team<\/td>\n<td width=\"84\">49,4<\/td>\n<\/tr>\n<\/tbody>\n<\/table>\n","protected":false},"excerpt":{"rendered":"<p>NAJLEPSI W KLASYFIKACJI Z\u0141OTEGO BUTA Sezon Imi\u0119 i Nazwisko Klub Ilo\u015b\u0107 punkt\u00f3w 2021\/22 Szymon Pogwizd Your House 63,7 2020\/21 Kamil Kuziel Olimp Team 49,4<\/p>\n","protected":false},"author":1,"featured_media":0,"parent":0,"menu_order":0,"comment_status":"closed","ping_status":"closed","template":"","meta":[],"_links":{"self":[{"href":"https:\/\/lfsportevents.pl\/ligafutsalu2021\/wp-json\/wp\/v2\/pages\/19508"}],"collection":[{"href":"https:\/\/lfsportevents.pl\/ligafutsalu2021\/wp-json\/wp\/v2\/pages"}],"about":[{"href":"https:\/\/lfsportevents.pl\/ligafutsalu2021\/wp-json\/wp\/v2\/types\/page"}],"author":[{"embeddable":true,"href":"https:\/\/lfsportevents.pl\/ligafutsalu2021\/wp-json\/wp\/v2\/users\/1"}],"replies":[{"embeddable":true,"href":"https:\/\/lfsportevents.pl\/ligafutsalu2021\/wp-json\/wp\/v2\/comments?post=19508"}],"version-history":[{"count":2,"href":"https:\/\/lfsportevents.pl\/ligafutsalu2021\/wp-json\/wp\/v2\/pages\/19508\/revisions"}],"predecessor-version":[{"id":22761,"href":"https:\/\/lfsportevents.pl\/ligafutsalu2021\/wp-json\/wp\/v2\/pages\/19508\/revisions\/22761"}],"wp:attachment":[{"href":"https:\/\/lfsportevents.pl\/ligafutsalu2021\/wp-json\/wp\/v2\/media?parent=19508"}],"curies":[{"name":"wp","href":"https:\/\/api.w.org\/{rel}","templated":true}]}}