{"id":13740,"date":"2018-09-20T09:52:34","date_gmt":"2018-09-20T07:52:34","guid":{"rendered":"https:\/\/lfsportevents.pl\/ligafutsalu2021\/puchar-ligi\/kary-copy\/"},"modified":"2022-01-07T23:16:21","modified_gmt":"2022-01-07T22:16:21","slug":"grupy","status":"publish","type":"page","link":"https:\/\/lfsportevents.pl\/ligafutsalu2021\/puchar-ligi\/grupy\/","title":{"rendered":"Grupy"},"content":{"rendered":"<div class=\"legenda\">\n<p>Legenda:<\/p>\n<div class=\"item\"><span style=\"color: #993300;\"><b>M<\/b><\/span> = Mecze Rozegrane<\/div>\n<div class=\"item\"><span style=\"color: #993300;\"><b> Pkt<\/b><\/span> = Punkty<\/div>\n<div class=\"item\"><span style=\"color: #993300;\"><b> Z<\/b><\/span> = Zwyci\u0119stwa<\/div>\n<div class=\"item\"><span style=\"color: #993300;\"><b> R<\/b><\/span> = Remisy<\/div>\n<div class=\"item\"><span style=\"color: #993300;\"><b> P<\/b><\/span> = Pora\u017cki<\/div>\n<div class=\"item\"><span style=\"color: #993300;\"><b> BZ<\/b><\/span> = Bramki zdobyte<\/div>\n<div class=\"item\"><span style=\"color: #993300;\"><b> BS<\/b><\/span> = Bramki stracone<\/div>\n<div class=\"item\"><span style=\"color: #993300;\"><b> +\/-<\/b> <\/span>= R\u00f3\u017cnica bramek<\/div>\n<div class=\"item\"><span style=\"color: #2abd69;\"><strong>Miejsce 1<\/strong>\u00a0(bezpo\u015bredni awans do 4 Rundy &#8211; \u0107wier\u0107fina\u0142y)<\/span><\/div>\n<div class=\"item\"><span style=\"color: #5de887;\"><strong>Miejsce 2<\/strong> (trzy dru\u017cyny z najlepszym bilansem z miejsca 2 uzyskaj\u0105 awans do 4 Rundy &#8211; \u0107wier\u0107fina\u0142y)<\/span><\/div>\n<\/div>\n<p><img loading=\"lazy\" class=\"alignnone size-full wp-image-22365\" src=\"https:\/\/lfsportevents.pl\/ligafutsalu2021\/wp-content\/uploads\/2022\/01\/Grupa-A.jpg\" alt=\"\" width=\"967\" height=\"322\" srcset=\"https:\/\/lfsportevents.pl\/ligafutsalu2021\/wp-content\/uploads\/2022\/01\/Grupa-A.jpg 967w, https:\/\/lfsportevents.pl\/ligafutsalu2021\/wp-content\/uploads\/2022\/01\/Grupa-A-300x100.jpg 300w, https:\/\/lfsportevents.pl\/ligafutsalu2021\/wp-content\/uploads\/2022\/01\/Grupa-A-768x256.jpg 768w, https:\/\/lfsportevents.pl\/ligafutsalu2021\/wp-content\/uploads\/2022\/01\/Grupa-A-128x43.jpg 128w, https:\/\/lfsportevents.pl\/ligafutsalu2021\/wp-content\/uploads\/2022\/01\/Grupa-A-32x11.jpg 32w, https:\/\/lfsportevents.pl\/ligafutsalu2021\/wp-content\/uploads\/2022\/01\/Grupa-A-550x183.jpg 550w\" sizes=\"(max-width: 967px) 100vw, 967px\" \/><\/p>\n<p><img loading=\"lazy\" class=\"alignnone size-full wp-image-22366\" src=\"https:\/\/lfsportevents.pl\/ligafutsalu2021\/wp-content\/uploads\/2022\/01\/Grupa-B.jpg\" alt=\"\" width=\"968\" height=\"322\" srcset=\"https:\/\/lfsportevents.pl\/ligafutsalu2021\/wp-content\/uploads\/2022\/01\/Grupa-B.jpg 968w, https:\/\/lfsportevents.pl\/ligafutsalu2021\/wp-content\/uploads\/2022\/01\/Grupa-B-300x100.jpg 300w, https:\/\/lfsportevents.pl\/ligafutsalu2021\/wp-content\/uploads\/2022\/01\/Grupa-B-768x255.jpg 768w, https:\/\/lfsportevents.pl\/ligafutsalu2021\/wp-content\/uploads\/2022\/01\/Grupa-B-128x43.jpg 128w, https:\/\/lfsportevents.pl\/ligafutsalu2021\/wp-content\/uploads\/2022\/01\/Grupa-B-32x11.jpg 32w, https:\/\/lfsportevents.pl\/ligafutsalu2021\/wp-content\/uploads\/2022\/01\/Grupa-B-550x183.jpg 550w\" sizes=\"(max-width: 968px) 100vw, 968px\" \/><\/p>\n<p><img loading=\"lazy\" class=\"alignnone size-full wp-image-22367\" src=\"https:\/\/lfsportevents.pl\/ligafutsalu2021\/wp-content\/uploads\/2022\/01\/Grupa-C.jpg\" alt=\"\" width=\"966\" height=\"322\" srcset=\"https:\/\/lfsportevents.pl\/ligafutsalu2021\/wp-content\/uploads\/2022\/01\/Grupa-C.jpg 966w, https:\/\/lfsportevents.pl\/ligafutsalu2021\/wp-content\/uploads\/2022\/01\/Grupa-C-300x100.jpg 300w, https:\/\/lfsportevents.pl\/ligafutsalu2021\/wp-content\/uploads\/2022\/01\/Grupa-C-768x256.jpg 768w, https:\/\/lfsportevents.pl\/ligafutsalu2021\/wp-content\/uploads\/2022\/01\/Grupa-C-128x43.jpg 128w, https:\/\/lfsportevents.pl\/ligafutsalu2021\/wp-content\/uploads\/2022\/01\/Grupa-C-32x11.jpg 32w, https:\/\/lfsportevents.pl\/ligafutsalu2021\/wp-content\/uploads\/2022\/01\/Grupa-C-550x183.jpg 550w\" sizes=\"(max-width: 966px) 100vw, 966px\" \/><\/p>\n<p><img loading=\"lazy\" class=\"alignnone size-full wp-image-22368\" src=\"https:\/\/lfsportevents.pl\/ligafutsalu2021\/wp-content\/uploads\/2022\/01\/Grupa-D.jpg\" alt=\"\" width=\"966\" height=\"322\" srcset=\"https:\/\/lfsportevents.pl\/ligafutsalu2021\/wp-content\/uploads\/2022\/01\/Grupa-D.jpg 966w, https:\/\/lfsportevents.pl\/ligafutsalu2021\/wp-content\/uploads\/2022\/01\/Grupa-D-300x100.jpg 300w, https:\/\/lfsportevents.pl\/ligafutsalu2021\/wp-content\/uploads\/2022\/01\/Grupa-D-768x256.jpg 768w, https:\/\/lfsportevents.pl\/ligafutsalu2021\/wp-content\/uploads\/2022\/01\/Grupa-D-128x43.jpg 128w, https:\/\/lfsportevents.pl\/ligafutsalu2021\/wp-content\/uploads\/2022\/01\/Grupa-D-32x11.jpg 32w, https:\/\/lfsportevents.pl\/ligafutsalu2021\/wp-content\/uploads\/2022\/01\/Grupa-D-550x183.jpg 550w\" sizes=\"(max-width: 966px) 100vw, 966px\" \/><\/p>\n<p><img loading=\"lazy\" class=\"alignnone size-full wp-image-22369\" src=\"https:\/\/lfsportevents.pl\/ligafutsalu2021\/wp-content\/uploads\/2022\/01\/Grupa-E.jpg\" alt=\"\" width=\"966\" height=\"324\" srcset=\"https:\/\/lfsportevents.pl\/ligafutsalu2021\/wp-content\/uploads\/2022\/01\/Grupa-E.jpg 966w, https:\/\/lfsportevents.pl\/ligafutsalu2021\/wp-content\/uploads\/2022\/01\/Grupa-E-300x101.jpg 300w, https:\/\/lfsportevents.pl\/ligafutsalu2021\/wp-content\/uploads\/2022\/01\/Grupa-E-768x258.jpg 768w, https:\/\/lfsportevents.pl\/ligafutsalu2021\/wp-content\/uploads\/2022\/01\/Grupa-E-128x43.jpg 128w, https:\/\/lfsportevents.pl\/ligafutsalu2021\/wp-content\/uploads\/2022\/01\/Grupa-E-32x11.jpg 32w, https:\/\/lfsportevents.pl\/ligafutsalu2021\/wp-content\/uploads\/2022\/01\/Grupa-E-550x184.jpg 550w\" sizes=\"(max-width: 966px) 100vw, 966px\" \/><\/p>\n","protected":false},"excerpt":{"rendered":"<p>Legenda: M = Mecze Rozegrane Pkt = Punkty Z = Zwyci\u0119stwa R = Remisy P = Pora\u017cki BZ = Bramki zdobyte BS = Bramki stracone +\/- = R\u00f3\u017cnica bramek Miejsce 1\u00a0(bezpo\u015bredni awans do 4 Rundy &#8211; \u0107wier\u0107fina\u0142y) Miejsce 2 (trzy dru\u017cyny z najlepszym bilansem z miejsca 2 uzyskaj\u0105 awans do 4 Rundy &#8211; \u0107wier\u0107fina\u0142y)<\/p>\n","protected":false},"author":1,"featured_media":0,"parent":219,"menu_order":0,"comment_status":"closed","ping_status":"closed","template":"","meta":[],"_links":{"self":[{"href":"https:\/\/lfsportevents.pl\/ligafutsalu2021\/wp-json\/wp\/v2\/pages\/13740"}],"collection":[{"href":"https:\/\/lfsportevents.pl\/ligafutsalu2021\/wp-json\/wp\/v2\/pages"}],"about":[{"href":"https:\/\/lfsportevents.pl\/ligafutsalu2021\/wp-json\/wp\/v2\/types\/page"}],"author":[{"embeddable":true,"href":"https:\/\/lfsportevents.pl\/ligafutsalu2021\/wp-json\/wp\/v2\/users\/1"}],"replies":[{"embeddable":true,"href":"https:\/\/lfsportevents.pl\/ligafutsalu2021\/wp-json\/wp\/v2\/comments?post=13740"}],"version-history":[{"count":2,"href":"https:\/\/lfsportevents.pl\/ligafutsalu2021\/wp-json\/wp\/v2\/pages\/13740\/revisions"}],"predecessor-version":[{"id":22370,"href":"https:\/\/lfsportevents.pl\/ligafutsalu2021\/wp-json\/wp\/v2\/pages\/13740\/revisions\/22370"}],"up":[{"embeddable":true,"href":"https:\/\/lfsportevents.pl\/ligafutsalu2021\/wp-json\/wp\/v2\/pages\/219"}],"wp:attachment":[{"href":"https:\/\/lfsportevents.pl\/ligafutsalu2021\/wp-json\/wp\/v2\/media?parent=13740"}],"curies":[{"name":"wp","href":"https:\/\/api.w.org\/{rel}","templated":true}]}}