{"id":13710,"date":"2018-09-19T23:45:25","date_gmt":"2018-09-19T21:45:25","guid":{"rendered":"https:\/\/lfsportevents.pl\/ligafutsalu2021\/i-liga\/video-copy\/"},"modified":"2022-02-08T16:23:51","modified_gmt":"2022-02-08T15:23:51","slug":"video","status":"publish","type":"page","link":"https:\/\/lfsportevents.pl\/ligafutsalu2021\/ii-liga\/video\/","title":{"rendered":"Video"},"content":{"rendered":"<p><iframe loading=\"lazy\" title=\"Wywiady z zawodnikami G\u0142odzik i Smajdor Team)\" width=\"620\" height=\"349\" src=\"https:\/\/www.youtube.com\/embed\/oClqIRXuqj4?feature=oembed\" frameborder=\"0\" allow=\"accelerometer; autoplay; clipboard-write; encrypted-media; gyroscope; picture-in-picture\" allowfullscreen><\/iframe><\/p>\n<p><iframe loading=\"lazy\" title=\"Norbert Niemiec (Gr\u00f3d Czop Podegrodzie)\" width=\"620\" height=\"349\" src=\"https:\/\/www.youtube.com\/embed\/30KpsqzmpTg?feature=oembed\" frameborder=\"0\" allow=\"accelerometer; autoplay; clipboard-write; encrypted-media; gyroscope; picture-in-picture\" allowfullscreen><\/iframe><\/p>\n<p><iframe loading=\"lazy\" title=\"Kamil Mazur (San Marino Club)\" width=\"620\" height=\"349\" src=\"https:\/\/www.youtube.com\/embed\/OwEuAB8TYhA?feature=oembed\" frameborder=\"0\" allow=\"accelerometer; autoplay; clipboard-write; encrypted-media; gyroscope; picture-in-picture\" allowfullscreen><\/iframe><\/p>\n<p><iframe loading=\"lazy\" title=\"Micha\u0142 Pasiut (Honer)\" width=\"620\" height=\"349\" src=\"https:\/\/www.youtube.com\/embed\/yvVxOpqMxoA?feature=oembed\" frameborder=\"0\" allow=\"accelerometer; autoplay; clipboard-write; encrypted-media; gyroscope; picture-in-picture\" allowfullscreen><\/iframe><\/p>\n<p><iframe loading=\"lazy\" title=\"Wojciech Le\u015bniak (Maxfol)\" width=\"620\" height=\"349\" src=\"https:\/\/www.youtube.com\/embed\/zLwOMksjHNs?feature=oembed\" frameborder=\"0\" allow=\"accelerometer; autoplay; clipboard-write; encrypted-media; gyroscope; picture-in-picture\" allowfullscreen><\/iframe><\/p>\n<p><iframe loading=\"lazy\" title=\"Mateusz \u0141agosz (Bruk-Ogr\u00f3d-Nowak)\" width=\"620\" height=\"349\" src=\"https:\/\/www.youtube.com\/embed\/T3Uu4dt9CkA?feature=oembed\" frameborder=\"0\" allow=\"accelerometer; autoplay; clipboard-write; encrypted-media; gyroscope; picture-in-picture\" allowfullscreen><\/iframe><\/p>\n<p><iframe loading=\"lazy\" title=\"Mateusz G\u00f3rowski (Piemonte Calcio)\" width=\"620\" height=\"349\" src=\"https:\/\/www.youtube.com\/embed\/DdaAJdtmKQI?feature=oembed\" frameborder=\"0\" allow=\"accelerometer; autoplay; clipboard-write; encrypted-media; gyroscope; picture-in-picture\" allowfullscreen><\/iframe><\/p>\n<p><iframe loading=\"lazy\" title=\"Szymon Pogwizd (Your House)\" width=\"620\" height=\"349\" src=\"https:\/\/www.youtube.com\/embed\/HqwnMLUiykY?feature=oembed\" frameborder=\"0\" allow=\"accelerometer; autoplay; clipboard-write; encrypted-media; gyroscope; picture-in-picture\" allowfullscreen><\/iframe><\/p>\n<p><iframe loading=\"lazy\" title=\"Bart\u0142omiej Zbyszowski (Piemonte Calcio)\" width=\"620\" height=\"349\" src=\"https:\/\/www.youtube.com\/embed\/AmcEV83XOKw?feature=oembed\" frameborder=\"0\" allow=\"accelerometer; autoplay; clipboard-write; encrypted-media; gyroscope; picture-in-picture\" allowfullscreen><\/iframe><\/p>\n<p><iframe loading=\"lazy\" title=\"Dawid Talar (Trade)\" width=\"620\" height=\"349\" src=\"https:\/\/www.youtube.com\/embed\/91c1T7SsL2k?feature=oembed\" frameborder=\"0\" allow=\"accelerometer; autoplay; clipboard-write; encrypted-media; gyroscope; picture-in-picture\" allowfullscreen><\/iframe><\/p>\n<p><iframe loading=\"lazy\" title=\"Seweryn Michalik (Wi\u015bniowski II)\" width=\"620\" height=\"349\" src=\"https:\/\/www.youtube.com\/embed\/Un81e8vzX8g?feature=oembed\" frameborder=\"0\" allow=\"accelerometer; autoplay; clipboard-write; encrypted-media; gyroscope; picture-in-picture\" allowfullscreen><\/iframe><\/p>\n<p><iframe loading=\"lazy\" title=\"Przemys\u0142aw Kumor (Pabud)\" width=\"620\" height=\"349\" src=\"https:\/\/www.youtube.com\/embed\/2a5R-OPRZ6M?feature=oembed\" frameborder=\"0\" allow=\"accelerometer; autoplay; clipboard-write; encrypted-media; gyroscope; picture-in-picture\" allowfullscreen><\/iframe><\/p>\n<p><iframe loading=\"lazy\" title=\"Rafa\u0142 Danek (Bruk-Ogr\u00f3d-Nowak)\" width=\"620\" height=\"349\" src=\"https:\/\/www.youtube.com\/embed\/6GRzlJU9rTw?feature=oembed\" frameborder=\"0\" allow=\"accelerometer; autoplay; clipboard-write; encrypted-media; gyroscope; picture-in-picture\" allowfullscreen><\/iframe><\/p>\n<p><iframe loading=\"lazy\" title=\"Mateusz Szczecina (Your House)\" width=\"620\" height=\"349\" src=\"https:\/\/www.youtube.com\/embed\/5J23VNJtJ-8?feature=oembed\" frameborder=\"0\" allow=\"accelerometer; autoplay; clipboard-write; encrypted-media; gyroscope; picture-in-picture\" allowfullscreen><\/iframe><\/p>\n<p><iframe loading=\"lazy\" title=\"Dawid Bochenek (Bruk-Ogr\u00f3d-Nowak) oraz Daniel Bochenek (Restauracja Nawojka)\" width=\"620\" height=\"349\" src=\"https:\/\/www.youtube.com\/embed\/Ipe7fubQ6As?feature=oembed\" frameborder=\"0\" allow=\"accelerometer; autoplay; clipboard-write; encrypted-media; gyroscope; picture-in-picture\" allowfullscreen><\/iframe><\/p>\n<p><iframe loading=\"lazy\" title=\"Andrzej Horowski (San Marino Club)\" width=\"620\" height=\"349\" src=\"https:\/\/www.youtube.com\/embed\/OnXdG2vIufY?feature=oembed\" frameborder=\"0\" allow=\"accelerometer; autoplay; clipboard-write; encrypted-media; gyroscope; picture-in-picture\" allowfullscreen><\/iframe><\/p>\n<p><iframe loading=\"lazy\" title=\"Oskar Stacho\u0144 (Gr\u00f3d Czop Podegrodzie)\" width=\"620\" height=\"349\" src=\"https:\/\/www.youtube.com\/embed\/7Fde1A5U838?feature=oembed\" frameborder=\"0\" allow=\"accelerometer; autoplay; clipboard-write; encrypted-media; gyroscope; picture-in-picture\" allowfullscreen><\/iframe><\/p>\n<p><iframe loading=\"lazy\" title=\"Marek Chochla (G\u0142odzik i Smajdor Team)\" width=\"620\" height=\"349\" src=\"https:\/\/www.youtube.com\/embed\/x42YfdcsYIM?feature=oembed\" frameborder=\"0\" allow=\"accelerometer; autoplay; clipboard-write; encrypted-media; gyroscope; picture-in-picture\" allowfullscreen><\/iframe><\/p>\n<p><iframe loading=\"lazy\" title=\"Tomasz Kocio\u0142ek (Piemonte Calcio)\" width=\"620\" height=\"349\" src=\"https:\/\/www.youtube.com\/embed\/NV3zdkLp8wQ?feature=oembed\" frameborder=\"0\" allow=\"accelerometer; autoplay; clipboard-write; encrypted-media; gyroscope; picture-in-picture\" allowfullscreen><\/iframe><\/p>\n<p><iframe loading=\"lazy\" title=\"Damian Mr\u00f3z (Honer)\" width=\"620\" height=\"349\" src=\"https:\/\/www.youtube.com\/embed\/sRDUCLLZmJ8?feature=oembed\" frameborder=\"0\" allow=\"accelerometer; autoplay; clipboard-write; encrypted-media; gyroscope; picture-in-picture\" allowfullscreen><\/iframe><\/p>\n<p><iframe loading=\"lazy\" title=\"Jan Zieli\u0144ski (Bruk-Ogr\u00f3d-Nowak)\" width=\"620\" height=\"349\" src=\"https:\/\/www.youtube.com\/embed\/2kSL2zN7Cks?feature=oembed\" frameborder=\"0\" allow=\"accelerometer; autoplay; clipboard-write; encrypted-media; gyroscope; picture-in-picture\" allowfullscreen><\/iframe><\/p>\n<p><iframe loading=\"lazy\" title=\"\u0141ukasz Gargula (G\u0142odzik i Smajdor Team)\" width=\"620\" height=\"349\" src=\"https:\/\/www.youtube.com\/embed\/KPp4LV9JLI0?start=11&#038;feature=oembed\" frameborder=\"0\" allow=\"accelerometer; autoplay; clipboard-write; encrypted-media; gyroscope; picture-in-picture\" allowfullscreen><\/iframe><\/p>\n<p><iframe loading=\"lazy\" title=\"Krystian Kaczwi\u0144ski (Trade)\" width=\"620\" height=\"349\" src=\"https:\/\/www.youtube.com\/embed\/DF3_6neMx_o?start=4&#038;feature=oembed\" frameborder=\"0\" allow=\"accelerometer; autoplay; clipboard-write; encrypted-media; gyroscope; picture-in-picture\" allowfullscreen><\/iframe><\/p>\n<p><iframe loading=\"lazy\" title=\"Sebastian Stanek (Maxfol)\" width=\"620\" height=\"349\" src=\"https:\/\/www.youtube.com\/embed\/WatjCMQXHLI?start=8&#038;feature=oembed\" frameborder=\"0\" allow=\"accelerometer; autoplay; clipboard-write; encrypted-media; gyroscope; picture-in-picture\" allowfullscreen><\/iframe><\/p>\n<p><iframe loading=\"lazy\" title=\"Piotr Lach (Foto Key)\" width=\"620\" height=\"349\" src=\"https:\/\/www.youtube.com\/embed\/FoBxbKheQJc?feature=oembed\" frameborder=\"0\" allow=\"accelerometer; autoplay; clipboard-write; encrypted-media; gyroscope; picture-in-picture\" allowfullscreen><\/iframe><\/p>\n<p><iframe loading=\"lazy\" title=\"Krystian Salamon (Pabud)\" width=\"620\" height=\"349\" src=\"https:\/\/www.youtube.com\/embed\/tDI5mmdHB5M?feature=oembed\" frameborder=\"0\" allow=\"accelerometer; autoplay; clipboard-write; encrypted-media; gyroscope; picture-in-picture\" allowfullscreen><\/iframe><\/p>\n<p><iframe loading=\"lazy\" title=\"Tomasz Og\u00f3rek (Restauracja Nawojka)\" width=\"620\" height=\"349\" src=\"https:\/\/www.youtube.com\/embed\/YgDlrm3ffnU?feature=oembed\" frameborder=\"0\" allow=\"accelerometer; autoplay; clipboard-write; encrypted-media; gyroscope; picture-in-picture\" allowfullscreen><\/iframe><\/p>\n<p><iframe loading=\"lazy\" title=\"Adrian Salamon (Gr\u00f3d Czop Podegrodzie)\" width=\"620\" height=\"349\" src=\"https:\/\/www.youtube.com\/embed\/PJLunoEA2k0?feature=oembed\" frameborder=\"0\" allow=\"accelerometer; autoplay; clipboard-write; encrypted-media; gyroscope; picture-in-picture\" allowfullscreen><\/iframe><\/p>\n<p><iframe loading=\"lazy\" title=\"Mariusz Skocze\u0144 (Mawa Wyko\u0144czenia Wn\u0119trz)\" width=\"620\" height=\"349\" src=\"https:\/\/www.youtube.com\/embed\/CdpADFr5nGo?start=4&#038;feature=oembed\" frameborder=\"0\" allow=\"accelerometer; autoplay; clipboard-write; encrypted-media; gyroscope; picture-in-picture\" allowfullscreen><\/iframe><\/p>\n<p><iframe loading=\"lazy\" title=\"Rafa\u0142 Uroda (Your House)\" width=\"620\" height=\"349\" src=\"https:\/\/www.youtube.com\/embed\/aWAvujl8lOg?feature=oembed\" frameborder=\"0\" allow=\"accelerometer; autoplay; clipboard-write; encrypted-media; gyroscope; picture-in-picture\" allowfullscreen><\/iframe><\/p>\n<p><iframe loading=\"lazy\" title=\"Yaroslav Nyzhnyk (Trade)\" width=\"620\" height=\"349\" src=\"https:\/\/www.youtube.com\/embed\/-hEOil0cMOM?feature=oembed\" frameborder=\"0\" allow=\"accelerometer; autoplay; clipboard-write; encrypted-media; gyroscope; picture-in-picture\" allowfullscreen><\/iframe><\/p>\n<p><iframe loading=\"lazy\" title=\"\u0141ukasz Chochorowski (Wi\u015bniowski II)\" width=\"620\" height=\"349\" src=\"https:\/\/www.youtube.com\/embed\/1inpdwm8hr8?feature=oembed\" frameborder=\"0\" allow=\"accelerometer; autoplay; clipboard-write; encrypted-media; gyroscope; picture-in-picture\" allowfullscreen><\/iframe><\/p>\n<p><iframe loading=\"lazy\" title=\"Micha\u0142 Pasiut (Honer)\" width=\"620\" height=\"349\" src=\"https:\/\/www.youtube.com\/embed\/U4CVA4A-ZAs?feature=oembed\" frameborder=\"0\" allow=\"accelerometer; autoplay; clipboard-write; encrypted-media; gyroscope; picture-in-picture\" allowfullscreen><\/iframe><\/p>\n<p><iframe loading=\"lazy\" title=\"Krystian Wojciechowski (Your House)\" width=\"620\" height=\"349\" src=\"https:\/\/www.youtube.com\/embed\/_7CfpIC6MzA?feature=oembed\" frameborder=\"0\" allow=\"accelerometer; autoplay; clipboard-write; encrypted-media; gyroscope; picture-in-picture\" allowfullscreen><\/iframe><\/p>\n<p><iframe loading=\"lazy\" title=\"Piotr Mr\u00f3z (San Marino Club)\" width=\"620\" height=\"349\" src=\"https:\/\/www.youtube.com\/embed\/WDyy7ftrDqo?feature=oembed\" frameborder=\"0\" allow=\"accelerometer; autoplay; clipboard-write; encrypted-media; gyroscope; picture-in-picture\" allowfullscreen><\/iframe><\/p>\n<p><iframe loading=\"lazy\" title=\"Krzysztof Fecko (Maxfol)\" width=\"620\" height=\"349\" src=\"https:\/\/www.youtube.com\/embed\/9nKCrl6Kpgo?feature=oembed\" frameborder=\"0\" allow=\"accelerometer; autoplay; clipboard-write; encrypted-media; gyroscope; picture-in-picture\" allowfullscreen><\/iframe><\/p>\n<p><iframe loading=\"lazy\" title=\"Krystian Salamon (Gr\u00f3d Czop Podegrodzie)\" width=\"620\" height=\"349\" src=\"https:\/\/www.youtube.com\/embed\/ijNXYKAdt8k?feature=oembed\" frameborder=\"0\" allow=\"accelerometer; autoplay; clipboard-write; encrypted-media; gyroscope; picture-in-picture\" allowfullscreen><\/iframe><\/p>\n<p><iframe loading=\"lazy\" title=\"Mateusz Sawulski (Bruk-Ogr\u00f3d-Nowak)\" width=\"620\" height=\"349\" src=\"https:\/\/www.youtube.com\/embed\/3ToRmmM4ldk?feature=oembed\" frameborder=\"0\" allow=\"accelerometer; autoplay; clipboard-write; encrypted-media; gyroscope; picture-in-picture\" allowfullscreen><\/iframe><\/p>\n<p><iframe loading=\"lazy\" title=\"Krzysztof Su\u0142kowski (Mawa Wyko\u0144czenia Wn\u0119trz)\" width=\"620\" height=\"349\" src=\"https:\/\/www.youtube.com\/embed\/G13pBC4x_a8?start=47&#038;feature=oembed\" frameborder=\"0\" allow=\"accelerometer; autoplay; clipboard-write; encrypted-media; gyroscope; picture-in-picture\" allowfullscreen><\/iframe><\/p>\n<p><iframe loading=\"lazy\" title=\"Dawid Maciuszek (Pabud)\" width=\"620\" height=\"349\" src=\"https:\/\/www.youtube.com\/embed\/ndBtX-edfrA?feature=oembed\" frameborder=\"0\" allow=\"accelerometer; autoplay; clipboard-write; encrypted-media; gyroscope; picture-in-picture\" allowfullscreen><\/iframe><\/p>\n<p><iframe loading=\"lazy\" title=\"Dawid Talar (Trade)\" width=\"620\" height=\"349\" src=\"https:\/\/www.youtube.com\/embed\/nnjB4ZgDFag?feature=oembed\" frameborder=\"0\" allow=\"accelerometer; autoplay; clipboard-write; encrypted-media; gyroscope; picture-in-picture\" allowfullscreen><\/iframe><\/p>\n<p><iframe loading=\"lazy\" title=\"Kamil Machowski (Wi\u015bniowski II)\" width=\"620\" height=\"349\" src=\"https:\/\/www.youtube.com\/embed\/DHm2LisBBvQ?feature=oembed\" frameborder=\"0\" allow=\"accelerometer; autoplay; clipboard-write; encrypted-media; gyroscope; picture-in-picture\" allowfullscreen><\/iframe><\/p>\n<p><iframe loading=\"lazy\" title=\"S\u0142awomir W\u00f3jsik (Bruk-Ogr\u00f3d-Nowak)\" width=\"620\" height=\"349\" src=\"https:\/\/www.youtube.com\/embed\/D-VaiQk2jMk?feature=oembed\" frameborder=\"0\" allow=\"accelerometer; autoplay; clipboard-write; encrypted-media; gyroscope; picture-in-picture\" allowfullscreen><\/iframe><\/p>\n<p><iframe loading=\"lazy\" title=\"Przemys\u0142aw Kumor (Pabud)\" width=\"620\" height=\"349\" src=\"https:\/\/www.youtube.com\/embed\/naYM7p2buWA?feature=oembed\" frameborder=\"0\" allow=\"accelerometer; autoplay; clipboard-write; encrypted-media; gyroscope; picture-in-picture\" allowfullscreen><\/iframe><\/p>\n<p><iframe loading=\"lazy\" title=\"Patryk G\u00f3rka (G\u0142odzik i Smajdor Team)\" width=\"620\" height=\"349\" src=\"https:\/\/www.youtube.com\/embed\/fJPv8M4ZpcI?feature=oembed\" frameborder=\"0\" allow=\"accelerometer; autoplay; clipboard-write; encrypted-media; gyroscope; picture-in-picture\" allowfullscreen><\/iframe><\/p>\n<p><iframe loading=\"lazy\" title=\"Sebastian Bodziony (Gr\u00f3d Czop Podegrodzie)\" width=\"620\" height=\"349\" src=\"https:\/\/www.youtube.com\/embed\/hXlY7V5sYq8?feature=oembed\" frameborder=\"0\" allow=\"accelerometer; autoplay; clipboard-write; encrypted-media; gyroscope; picture-in-picture\" allowfullscreen><\/iframe><\/p>\n<p><iframe loading=\"lazy\" title=\"Mariusz Trzajna (San Marino Club)\" width=\"620\" height=\"349\" src=\"https:\/\/www.youtube.com\/embed\/ZadPCUEvBEk?feature=oembed\" frameborder=\"0\" allow=\"accelerometer; autoplay; clipboard-write; encrypted-media; gyroscope; picture-in-picture\" allowfullscreen><\/iframe><\/p>\n<p><iframe loading=\"lazy\" title=\"Ludwik Kolasa (Maxfol)\" width=\"620\" height=\"349\" src=\"https:\/\/www.youtube.com\/embed\/3NFF-urUNlU?feature=oembed\" frameborder=\"0\" allow=\"accelerometer; autoplay; clipboard-write; encrypted-media; gyroscope; picture-in-picture\" allowfullscreen><\/iframe><\/p>\n<p><iframe loading=\"lazy\" title=\"Bartosz Orlecki (Your House)\" width=\"620\" height=\"349\" src=\"https:\/\/www.youtube.com\/embed\/tVsrp-9ZZtM?feature=oembed\" frameborder=\"0\" allow=\"accelerometer; autoplay; clipboard-write; encrypted-media; gyroscope; picture-in-picture\" allowfullscreen><\/iframe><\/p>\n<p><iframe loading=\"lazy\" title=\"Stanis\u0142aw Tokarczyk (Trade)\" width=\"620\" height=\"349\" src=\"https:\/\/www.youtube.com\/embed\/akamyP2h-8E?feature=oembed\" frameborder=\"0\" allow=\"accelerometer; autoplay; clipboard-write; encrypted-media; gyroscope; picture-in-picture\" allowfullscreen><\/iframe><\/p>\n<p><iframe loading=\"lazy\" title=\"Krzysztof Ziobrowski (G\u0142odzik i Smajdor Team)\" width=\"620\" height=\"349\" src=\"https:\/\/www.youtube.com\/embed\/ae8vaHL4RpI?feature=oembed\" frameborder=\"0\" allow=\"accelerometer; autoplay; clipboard-write; encrypted-media; gyroscope; picture-in-picture\" allowfullscreen><\/iframe><\/p>\n<p><iframe loading=\"lazy\" title=\"Mateusz \u0141agosz (Bruk-Ogr\u00f3d-Nowak)\" width=\"620\" height=\"349\" src=\"https:\/\/www.youtube.com\/embed\/nrfnlzTPOzU?feature=oembed\" frameborder=\"0\" allow=\"accelerometer; autoplay; clipboard-write; encrypted-media; gyroscope; picture-in-picture\" allowfullscreen><\/iframe><\/p>\n<p><iframe loading=\"lazy\" title=\"Mateusz Marcinowski (Honer)\" width=\"620\" height=\"349\" src=\"https:\/\/www.youtube.com\/embed\/GiSMLlMM51g?feature=oembed\" frameborder=\"0\" allow=\"accelerometer; autoplay; clipboard-write; encrypted-media; gyroscope; picture-in-picture\" allowfullscreen><\/iframe><\/p>\n<p><iframe loading=\"lazy\" title=\"Micha\u0142 Zawartka (Gr\u00f3d Czop Podegrodzie)\" width=\"620\" height=\"349\" src=\"https:\/\/www.youtube.com\/embed\/HRINIius3Ck?feature=oembed\" frameborder=\"0\" allow=\"accelerometer; autoplay; clipboard-write; encrypted-media; gyroscope; picture-in-picture\" allowfullscreen><\/iframe><\/p>\n<p><iframe loading=\"lazy\" title=\"Pawe\u0142 Ku\u017ama (Restauracja Nawojka)\" width=\"620\" height=\"349\" src=\"https:\/\/www.youtube.com\/embed\/hHg6AgREPK8?feature=oembed\" frameborder=\"0\" allow=\"accelerometer; autoplay; clipboard-write; encrypted-media; gyroscope; picture-in-picture\" allowfullscreen><\/iframe><\/p>\n<p><iframe loading=\"lazy\" title=\"Kacper Pasiut (Pabud)\" width=\"620\" height=\"349\" src=\"https:\/\/www.youtube.com\/embed\/u8vTqEq6HXk?feature=oembed\" frameborder=\"0\" allow=\"accelerometer; autoplay; clipboard-write; encrypted-media; gyroscope; picture-in-picture\" allowfullscreen><\/iframe><\/p>\n<p><iframe loading=\"lazy\" title=\"Marcin Pa\u0142ka (Mawa Wyko\u0144czenia Wn\u0119trz)\" width=\"620\" height=\"349\" src=\"https:\/\/www.youtube.com\/embed\/Ba42H6Z4HUg?feature=oembed\" frameborder=\"0\" allow=\"accelerometer; autoplay; clipboard-write; encrypted-media; gyroscope; picture-in-picture\" allowfullscreen><\/iframe><\/p>\n<p><iframe loading=\"lazy\" title=\"Daniel Filip (Foto Key)\" width=\"620\" height=\"349\" src=\"https:\/\/www.youtube.com\/embed\/nAG2S1GN5nE?feature=oembed\" frameborder=\"0\" allow=\"accelerometer; autoplay; clipboard-write; encrypted-media; gyroscope; picture-in-picture\" allowfullscreen><\/iframe><\/p>\n<p><iframe loading=\"lazy\" title=\"Oskar Zaczyk (San Marino Club)\" width=\"620\" height=\"349\" src=\"https:\/\/www.youtube.com\/embed\/nWaX5I2JCAk?feature=oembed\" frameborder=\"0\" allow=\"accelerometer; autoplay; clipboard-write; encrypted-media; gyroscope; picture-in-picture\" allowfullscreen><\/iframe><\/p>\n<p><iframe loading=\"lazy\" title=\"Daniel Bochenek (Restauracja Nawojka)\" width=\"620\" height=\"349\" src=\"https:\/\/www.youtube.com\/embed\/Tk213dRNgwA?feature=oembed\" frameborder=\"0\" allow=\"accelerometer; autoplay; clipboard-write; encrypted-media; gyroscope; picture-in-picture\" allowfullscreen><\/iframe><\/p>\n<p><iframe loading=\"lazy\" title=\"Rados\u0142aw Ogrodzki (Gr\u00f3d Czop Podegrodzie)\" width=\"620\" height=\"349\" src=\"https:\/\/www.youtube.com\/embed\/5ZIabWs3Z60?feature=oembed\" frameborder=\"0\" allow=\"accelerometer; autoplay; clipboard-write; encrypted-media; gyroscope; picture-in-picture\" allowfullscreen><\/iframe><\/p>\n<p><iframe loading=\"lazy\" title=\"Maciej Smajdor (G\u0142odzik i Smajdor Team)\" width=\"620\" height=\"349\" src=\"https:\/\/www.youtube.com\/embed\/yGy0HbhpV78?feature=oembed\" frameborder=\"0\" allow=\"accelerometer; autoplay; clipboard-write; encrypted-media; gyroscope; picture-in-picture\" allowfullscreen><\/iframe><\/p>\n<p><iframe loading=\"lazy\" title=\"Andrzej Dro\u017cd\u017c (Maxfol)\" width=\"620\" height=\"349\" src=\"https:\/\/www.youtube.com\/embed\/Q8mGWAFoO7g?feature=oembed\" frameborder=\"0\" allow=\"accelerometer; autoplay; clipboard-write; encrypted-media; gyroscope; picture-in-picture\" allowfullscreen><\/iframe><\/p>\n<p><iframe loading=\"lazy\" title=\"Szymon Pogwizd (Your House)\" width=\"620\" height=\"349\" src=\"https:\/\/www.youtube.com\/embed\/e2SzkFPeDok?feature=oembed\" frameborder=\"0\" allow=\"accelerometer; autoplay; clipboard-write; encrypted-media; gyroscope; picture-in-picture\" allowfullscreen><\/iframe><\/p>\n<p><iframe loading=\"lazy\" title=\"Szymon Kmiecik (Honer)\" width=\"620\" height=\"349\" src=\"https:\/\/www.youtube.com\/embed\/BtRO79Cwm84?feature=oembed\" frameborder=\"0\" allow=\"accelerometer; autoplay; clipboard-write; encrypted-media; gyroscope; picture-in-picture\" allowfullscreen><\/iframe><\/p>\n<p><iframe loading=\"lazy\" title=\"Artur Kois (Wi\u015bniowski II)\" width=\"620\" height=\"349\" src=\"https:\/\/www.youtube.com\/embed\/xXnCO27lVj8?feature=oembed\" frameborder=\"0\" allow=\"accelerometer; autoplay; clipboard-write; encrypted-media; gyroscope; picture-in-picture\" allowfullscreen><\/iframe><\/p>\n<p><iframe loading=\"lazy\" title=\"Adrian \u0141astowski (Trade)\" width=\"620\" height=\"349\" src=\"https:\/\/www.youtube.com\/embed\/zWzVRwJB0aA?feature=oembed\" frameborder=\"0\" allow=\"accelerometer; autoplay; clipboard-write; encrypted-media; gyroscope; picture-in-picture\" allowfullscreen><\/iframe><\/p>\n<p><iframe loading=\"lazy\" title=\"Daniel Dziubanowski (Piemonte Calcio)\" width=\"620\" height=\"349\" src=\"https:\/\/www.youtube.com\/embed\/fXAo3jrA02k?feature=oembed\" frameborder=\"0\" allow=\"accelerometer; autoplay; clipboard-write; encrypted-media; gyroscope; picture-in-picture\" allowfullscreen><\/iframe><\/p>\n","protected":false},"excerpt":{"rendered":"","protected":false},"author":1,"featured_media":0,"parent":13689,"menu_order":0,"comment_status":"closed","ping_status":"closed","template":"","meta":[],"_links":{"self":[{"href":"https:\/\/lfsportevents.pl\/ligafutsalu2021\/wp-json\/wp\/v2\/pages\/13710"}],"collection":[{"href":"https:\/\/lfsportevents.pl\/ligafutsalu2021\/wp-json\/wp\/v2\/pages"}],"about":[{"href":"https:\/\/lfsportevents.pl\/ligafutsalu2021\/wp-json\/wp\/v2\/types\/page"}],"author":[{"embeddable":true,"href":"https:\/\/lfsportevents.pl\/ligafutsalu2021\/wp-json\/wp\/v2\/users\/1"}],"replies":[{"embeddable":true,"href":"https:\/\/lfsportevents.pl\/ligafutsalu2021\/wp-json\/wp\/v2\/comments?post=13710"}],"version-history":[{"count":2,"href":"https:\/\/lfsportevents.pl\/ligafutsalu2021\/wp-json\/wp\/v2\/pages\/13710\/revisions"}],"predecessor-version":[{"id":22647,"href":"https:\/\/lfsportevents.pl\/ligafutsalu2021\/wp-json\/wp\/v2\/pages\/13710\/revisions\/22647"}],"up":[{"embeddable":true,"href":"https:\/\/lfsportevents.pl\/ligafutsalu2021\/wp-json\/wp\/v2\/pages\/13689"}],"wp:attachment":[{"href":"https:\/\/lfsportevents.pl\/ligafutsalu2021\/wp-json\/wp\/v2\/media?parent=13710"}],"curies":[{"name":"wp","href":"https:\/\/api.w.org\/{rel}","templated":true}]}}